{"id":16802,"date":"2025-01-21T05:55:27","date_gmt":"2025-01-21T05:55:27","guid":{"rendered":"https:\/\/www.hydraulic-cylinders.net\/product\/arm-cylinder-for-xinyuan-crawler-excavator-xy60-8\/"},"modified":"2025-01-21T05:55:29","modified_gmt":"2025-01-21T05:55:29","slug":"arm-cylinder-for-xinyuan-crawler-excavator-xy60-8","status":"publish","type":"product","link":"https:\/\/www.hydraulic-cylinders.net\/sk\/produkt\/arm-cylinder-for-xinyuan-crawler-excavator-xy60-8\/","title":{"rendered":"Valec ramena pre p\u00e1sov\u00e9 r\u00fdpadlo Xinyuan XY60-8"},"content":{"rendered":"<h2>Valec ramena pre p\u00e1sov\u00e9 r\u00fdpadlo Xinyuan XY60-8<\/h2>\n<p>Hydraulick\u00fd valec ramena je \u0161peci\u00e1lne navrhnut\u00fd hydraulick\u00fd valec, ktor\u00fd sa prim\u00e1rne pou\u017e\u00edva na zabezpe\u010denie line\u00e1rneho pohybu a v\u00fdkonu ramien r\u00f4znych typov strojov, ako s\u00fa r\u00fdpadl\u00e1, \u017eeriavy a robotick\u00e9 ramen\u00e1. Valec ramena hr\u00e1 k\u013e\u00fa\u010dov\u00fa \u00falohu v hydraulick\u00fdch syst\u00e9moch, preto\u017ee umo\u017e\u0148uje efekt\u00edvny pohyb a ovl\u00e1danie dodato\u010dn\u00fdch n\u00e1strojov alebo pr\u00edslu\u0161enstva. Tieto valce nielen\u017ee poskytuj\u00fa plynul\u00fd pohyb, ale s\u00fa tie\u017e schopn\u00e9 odol\u00e1va\u0165 \u0165a\u017ek\u00fdm za\u0165a\u017eeniam, \u010d\u00edm zabezpe\u010duj\u00fa efekt\u00edvnu prev\u00e1dzku a spo\u013eahlivos\u0165 strojov v r\u00f4znych pracovn\u00fdch podmienkach.<\/p>\n<p><img decoding=\"async\" src=\"https:\/\/www.hydraulic-cylinders.net\/wp-content\/uploads\/2025\/01\/songte-company-2.webp\"><\/p>\n<h3>Vlastnosti ramenn\u00e9ho valca<\/h3>\n<ul>\n<li>Vysoko\u00fa\u010dinn\u00fd prevod: Valec ramena poskytuje siln\u00fd line\u00e1rny pohyb a silu, \u010d\u00edm zais\u0165uje vysok\u00fd v\u00fdkon mechanick\u00e9ho ramena pri r\u00f4znych oper\u00e1ci\u00e1ch.<\/li>\n<li>Presn\u00e9 ovl\u00e1danie: V\u010faka hydraulick\u00fdm syst\u00e9mom umo\u017e\u0148uje valec ramena presn\u00e9 ovl\u00e1danie pohybu, v\u010faka \u010domu je ovl\u00e1danie pr\u00eddavn\u00fdch n\u00e1strojov flexibilnej\u0161ie a presnej\u0161ie.<\/li>\n<li>Vysok\u00e1 odolnos\u0165: Valce ramien s\u00fa zvy\u010dajne vyroben\u00e9 z vysoko pevn\u00fdch materi\u00e1lov, ktor\u00e9 pon\u00fakaj\u00fa vynikaj\u00facu odolnos\u0165 vo\u010di opotrebovaniu a kor\u00f3zii, v\u010faka \u010domu s\u00fa vhodn\u00e9 na dlhodob\u00e9 pou\u017e\u00edvanie v n\u00e1ro\u010dn\u00fdch podmienkach.<\/li>\n<li>Multifunk\u010dn\u00e1 prisp\u00f4sobivos\u0165: Tieto valce sa daj\u00fa \u0161iroko pou\u017e\u00edva\u0165 v r\u00f4znych typoch strojov, ako s\u00fa bagre, \u017eeriavy a robotick\u00e9 ramen\u00e1, a prisp\u00f4sobuj\u00fa sa r\u00f4znym po\u017eiadavk\u00e1m pr\u00e1ce.<\/li>\n<li>Jednoduch\u00e1 \u00fadr\u017eba: Valec ramena, navrhnut\u00fd s oh\u013eadom na jednoduch\u00fa \u00fadr\u017ebu a v\u00fdmenu, umo\u017e\u0148uje pohodln\u00e9 pravideln\u00e9 kontroly a \u00fadr\u017ebu, \u010d\u00edm sa skracuj\u00fa prestoje zariadenia.<\/li>\n<\/ul>\n<p><img decoding=\"async\" src=\"https:\/\/www.hydraulic-cylinders.net\/wp-content\/uploads\/2025\/01\/songte-oil-pipes-and-spare-parts.webp\"><\/p>\n<p>N\u00e1\u0161 produkt je perfektnou n\u00e1hradou za tieto hydraulick\u00e9 valce.<\/p>\n<h3>Aplik\u00e1cie ramenn\u00e9ho valca<\/h3>\n<p>1. Stavebn\u00e9 in\u017einierstvo<\/p>\n<p>V r\u00fdpadl\u00e1ch a \u017eeriavoch ovl\u00e1da valec ramena pohyb vedier alebo v\u00fdlo\u017en\u00edkov pri zemn\u00fdch pr\u00e1cach, manipul\u00e1cii s materi\u00e1lom a in\u0161tal\u00e1ci\u00e1ch kon\u0161trukci\u00ed.<\/p>\n<p>2. V\u00fdrobn\u00fd priemysel<\/p>\n<p>V automatizovan\u00fdch v\u00fdrobn\u00fdch link\u00e1ch sa valec ramena pou\u017e\u00edva na pohyb robotick\u00fdch ramien v procesoch, ako je mont\u00e1\u017e, zv\u00e1ranie a manipul\u00e1cia s materi\u00e1lom, \u010d\u00edm sa zlep\u0161uje efektivita a presnos\u0165 v\u00fdroby.<\/p>\n<p>3. Po\u013enohospod\u00e1rske stroje<\/p>\n<p>V po\u013enohospod\u00e1rskych strojoch, ako s\u00fa zbera\u010de a seja\u010dky, riadi valec ramena pohyb ovl\u00e1dac\u00edch ramien pri \u00faloh\u00e1ch, ako je siatie, hnojenie a zber \u00farody.<\/p>\n<p>4. \u0164a\u017eba<\/p>\n<p>V bansk\u00fdch zariadeniach riadi valec ramena pohyb ramena bansk\u00fdch strojov na \u0165a\u017ebu a prepravu rudy.<\/p>\n<p>5. Logistika a doprava<\/p>\n<p>Vo vysokozdvi\u017en\u00fdch voz\u00edkoch a manipula\u010dn\u00fdch robotoch sa valec ramena pou\u017e\u00edva na ovl\u00e1danie zdv\u00edhania a pohybu vidl\u00edc, \u010do u\u013eah\u010duje manipul\u00e1ciu s materi\u00e1lom a stohovanie.<\/p>\n<p><img decoding=\"async\" src=\"https:\/\/www.hydraulic-cylinders.net\/wp-content\/uploads\/2025\/01\/songte-cylinder-head-with-all-kinds-excavator-models.webp\"><\/p>\n<h3>\u00davahy o dizajne a krit\u00e9ri\u00e1 v\u00fdberu<\/h3>\n<p>Pri kon\u0161trukcii valca ramena je potrebn\u00e9 zv\u00e1\u017ei\u0165 nieko\u013eko k\u013e\u00fa\u010dov\u00fdch faktorov:<\/p>\n<ul>\n<li>Nosnos\u0165: Valec ramena mus\u00ed by\u0165 navrhnut\u00fd tak, aby odolal zam\u00fd\u0161\u013ean\u00e9mu za\u0165a\u017eeniu a zabezpe\u010dil bezpe\u010dn\u00fa a efekt\u00edvnu prev\u00e1dzku.<\/li>\n<li>Tesnenie: Na zabezpe\u010denie \u00fa\u010dinn\u00e9ho utesnenia sa pou\u017e\u00edvaj\u00fa r\u00f4zne tesniace komponenty, ako s\u00fa tesnenia piestov a tesnenia ty\u010d\u00ed. Tieto tesnenia s\u00fa \u010dasto vyroben\u00e9 z odoln\u00fdch materi\u00e1lov, ako je polyuret\u00e1n a nitrilov\u00e1 guma.<\/li>\n<li>Trvanlivos\u0165: Teleso valca a z\u00e1vitov\u00e9 konce prech\u00e1dzaj\u00fa starostlivou povrchovou \u00fapravou, aby sa zv\u00fd\u0161ila odolnos\u0165 proti opotrebovaniu a pred\u013a\u017eila \u017eivotnos\u0165 valca.<\/li>\n<li>Bezpe\u010dnos\u0165: Do kon\u0161trukcie by mali by\u0165 za\u010dlenen\u00e9 bezpe\u010dnostn\u00e9 prvky, ako s\u00fa pretlakov\u00e9 ventily a mechanizmy n\u00fadzov\u00e9ho zastavenia, aby sa predi\u0161lo nehod\u00e1m a zabezpe\u010dila sa bezpe\u010dnos\u0165 obsluhy.<\/li>\n<li>\u00dadr\u017eba: Pri kon\u0161trukcii by sa mal zoh\u013eadni\u0165 jednoduch\u00fd pr\u00edstup pre \u00fadr\u017ebu a opravy, minimaliz\u00e1cia prestojov a optimaliz\u00e1cia \u017eivotnosti valca.<\/li>\n<\/ul>\n<p><img decoding=\"async\" src=\"https:\/\/www.hydraulic-cylinders.net\/wp-content\/uploads\/2025\/01\/songte-chushion-collar.webp\"><\/p>\n<p>Tesnenia a mazanie zohr\u00e1vaj\u00fa d\u00f4le\u017eit\u00fa \u00falohu v spr\u00e1vnom fungovan\u00ed valca ramena. Na zabr\u00e1nenie \u00faniku a zabezpe\u010denie plynul\u00e9ho chodu sa pou\u017e\u00edvaj\u00fa r\u00f4zne tesniace komponenty, ako s\u00fa tesnenia piestov a tesnenia ty\u010d\u00ed. Tieto tesnenia s\u00fa zvy\u010dajne vyroben\u00e9 z materi\u00e1lov odoln\u00fdch vo\u010di opotrebovaniu, ako je polyuret\u00e1n alebo nitrilov\u00e1 guma. Okrem toho teleso valca a z\u00e1vitov\u00e9 konce prech\u00e1dzaj\u00fa d\u00f4kladnou povrchovou \u00fapravou, aby sa zlep\u0161ila odolnos\u0165 vo\u010di opotrebovaniu. Pravideln\u00e9 mazanie vhodn\u00fdm hydraulick\u00fdm olejom je nevyhnutn\u00e9 na udr\u017eanie optim\u00e1lneho v\u00fdkonu a pred\u013a\u017eenie \u017eivotnosti valca.<\/p>\n<p>Aby sa zabezpe\u010dila spr\u00e1vna funkcia valca ramena a minimalizovali potenci\u00e1lne probl\u00e9my, mali by sa vykon\u00e1va\u0165 pravideln\u00e9 kontroly a prevent\u00edvne \u00fadr\u017eb\u00e1rske opatrenia:<\/p>\n<ul>\n<li>Skontrolujte tesnenia, \u010di nie s\u00fa opotrebovan\u00e9 alebo po\u0161koden\u00e9, a v pr\u00edpade potreby ich vyme\u0148te.<\/li>\n<li>Skontrolujte, \u010di sa neobjavia nejak\u00e9 zn\u00e1mky \u00faniku, a probl\u00e9m okam\u017eite vyrie\u0161te.<\/li>\n<li>Monitorujte tlak v hydraulickom syst\u00e9me a uistite sa, \u017ee zost\u00e1va v odpor\u00fa\u010danom rozsahu.<\/li>\n<li>Pravidelne \u010distite valec, aby ste predi\u0161li hromadeniu ne\u010dist\u00f4t a \u00falomkov.<\/li>\n<li>Dodr\u017eiavajte odpor\u00fa\u010dania v\u00fdrobcu t\u00fdkaj\u00face sa intervalov a postupov \u00fadr\u017eby.<\/li>\n<\/ul>\n<p><strong>Sprievodca in\u0161tal\u00e1ciou:<\/strong><\/p>\n<ol>\n<li>Uistite sa, \u017ee zariadenie je vypnut\u00e9 a v stabilnej polohe.<\/li>\n<li>Opatrne umiestnite valec ramena na po\u017eadovan\u00e9 miesto.<\/li>\n<li>Bezpe\u010dne upevnite valec pomocou vhodn\u00fdch mont\u00e1\u017enych konzol a hardv\u00e9ru.<\/li>\n<li>Pripojte hydraulick\u00e9 hadice k valcu a dbajte na spr\u00e1vne zarovnanie a pevn\u00e9 spojenia.<\/li>\n<li>Dvakr\u00e1t skontrolujte tesnos\u0165 v\u0161etk\u00fdch spojov a armat\u00far.<\/li>\n<li>Po dokon\u010den\u00ed in\u0161tal\u00e1cie vykonajte d\u00f4kladn\u00fd test, aby ste sa uistili o spr\u00e1vnej funk\u010dnosti.<\/li>\n<\/ol>\n<p><img decoding=\"async\" src=\"https:\/\/www.hydraulic-cylinders.net\/wp-content\/uploads\/2025\/01\/songte-bushings-with-all-kinds-of-excavator-models.webp\"><\/p>\n<p>Pri pou\u017e\u00edvan\u00ed hydraulick\u00e9ho valca je k\u013e\u00fa\u010dov\u00e9 zoh\u013eadni\u0165 bezpe\u010dnostn\u00e9 a environment\u00e1lne faktory. Pri obsluhe strojov vybaven\u00fdch hydraulick\u00fdm valcom je nevyhnutn\u00e9 zavies\u0165 vhodn\u00e9 bezpe\u010dnostn\u00e9 opatrenia. Patria sem dodr\u017eiavanie bezpe\u010dnostn\u00fdch pokynov, poskytovanie riadneho \u0161kolenia obsluhe a pou\u017e\u00edvanie osobn\u00fdch ochrann\u00fdch prostriedkov. Okrem toho je na minimaliz\u00e1ciu vplyvu na okolit\u00e9 \u017eivotn\u00e9 prostredie nevyhnutn\u00e1 spr\u00e1vna likvid\u00e1cia hydraulick\u00fdch kvapal\u00edn a dodr\u017eiavanie environment\u00e1lnych predpisov.<\/p>\n<p>Pri diagnostikovan\u00ed a odstra\u0148ovan\u00ed potenci\u00e1lnych probl\u00e9mov s valcom ramena je d\u00f4le\u017eit\u00e9 zv\u00e1\u017ei\u0165 nasleduj\u00face:<\/p>\n<ul>\n<li>Po\u010das prev\u00e1dzky identifikujte ak\u00e9ko\u013evek abnorm\u00e1lne zvuky alebo vibr\u00e1cie.<\/li>\n<li>Skontrolujte netesnosti v hydraulickom syst\u00e9me a ihne\u010f ich odstr\u00e1\u0148te.<\/li>\n<li>Skontrolujte tesnenia a tesnenia, \u010di nie s\u00fa opotrebovan\u00e9 alebo po\u0161koden\u00e9, a v pr\u00edpade potreby ich vyme\u0148te.<\/li>\n<li>Zabezpe\u010dte spr\u00e1vne mazanie pohybliv\u00fdch \u010dast\u00ed.<\/li>\n<li>Skontrolujte tlak v hydraulickom syst\u00e9me a v pr\u00edpade potreby ho upravte.<\/li>\n<\/ul>\n<p>Pri v\u00fdskyte por\u00fach v\u00e1m nasleduj\u00face tipy a rie\u0161enia m\u00f4\u017eu pom\u00f4c\u0165 efekt\u00edvne diagnostikova\u0165 a vyrie\u0161i\u0165 probl\u00e9my:<\/p>\n<ul>\n<li>Hluk alebo vibr\u00e1cie: Skontrolujte uvo\u013enen\u00e9 spoje, po\u0161koden\u00e9 tesnenia alebo nespr\u00e1vne zarovnanie. Pod\u013ea potreby dotiahnite spoje, vyme\u0148te tesnenia alebo znovu zarovnajte komponenty.<\/li>\n<li>\u00danik: Skontrolujte v\u0161etky spoje, tesnenia a hadice, \u010di nie s\u00fa po\u0161koden\u00e9 alebo opotrebovan\u00e9. Utiahnite spoje alebo vyme\u0148te chybn\u00e9 komponenty.<\/li>\n<li>Pomal\u00e1 alebo neefekt\u00edvna prev\u00e1dzka: Skontrolujte tlak a hladiny hydraulick\u00fdch kvapal\u00edn v hydraulickom syst\u00e9me. Upravte tlak a v pr\u00edpade potreby dopl\u0148te alebo vyme\u0148te hydraulick\u00fa kvapalinu.<\/li>\n<li>Ne\u00fapln\u00fd pohyb: Skontrolujte valec, \u010di neobsahuje nejak\u00e9 prek\u00e1\u017eky alebo mechanick\u00e9 probl\u00e9my. Odstr\u00e1\u0148te prek\u00e1\u017eky alebo vyme\u0148te po\u0161koden\u00e9 komponenty.<\/li>\n<\/ul>\n<p><img decoding=\"async\" src=\"https:\/\/www.hydraulic-cylinders.net\/wp-content\/uploads\/2025\/01\/songte-chushion-collar.webp\"><\/p>\n<p>Sme profesion\u00e1lny v\u00fdrobca n\u00e1hradn\u00fdch hydraulick\u00fdch valcov a pon\u00fakame \u0161irok\u00fd sortiment produktov. Ako jeden z popredn\u00fdch v\u00fdrobcov a ve\u013ekoobchodn\u00fdch distrib\u00fatorov hydraulick\u00fdch valcov na dom\u00e1com aj medzin\u00e1rodnom trhu kladieme d\u00f4raz na vynikaj\u00facu kvalitu. V\u010faka na\u0161im prepracovan\u00fdm v\u00fdrobn\u00fdm diel\u0148am a industrializovan\u00fdm strat\u00e9gi\u00e1m riadenia v\u00fdroby neust\u00e1le zlep\u0161ujeme na\u0161e technologick\u00e9 mo\u017enosti a efektivitu v\u00fdroby. Zav\u00e1dzan\u00edm pokro\u010dil\u00fdch digit\u00e1lnych v\u00fdrobn\u00fdch zariaden\u00ed a profesion\u00e1lnych testovac\u00edch syst\u00e9mov optimalizujeme na\u0161u v\u00fdrobn\u00fa platformu, zdokona\u013eujeme procesy kontroly kvality v\u00fdrobkov a disponujeme siln\u00fdmi inova\u010dn\u00fdmi schopnos\u0165ami. Na\u0161\u00edm cie\u013eom je uspokojova\u0165 rozmanit\u00e9 potreby z\u00e1kazn\u00edkov s efektivitou, presnos\u0165ou a vysoko kvalitn\u00fdmi produktmi.<\/p>\n<h3>O na\u0161ej spolo\u010dnosti<\/h3>\n<p>Profesionalita: Sme odborn\u00edci v oblasti v\u00fdroby hydraulick\u00fdch valcov, ktor\u00ed maj\u00fa dlhoro\u010dn\u00e9 sk\u00fasenosti a odborn\u00e9 znalosti.<\/p>\n<p>Medzin\u00e1rodn\u00e9 certifik\u00e1cie: Na\u0161e produkty sp\u013a\u0148aj\u00fa medzin\u00e1rodn\u00e9 \u0161tandardy kvality a bezpe\u010dnosti, \u010d\u00edm zaru\u010duj\u00fa spo\u013eahlivos\u0165 a v\u00fdkon.<\/p>\n<p>Slu\u017eby prisp\u00f4sobenia: Poskytujeme rie\u0161enia hydraulick\u00fdch valcov na mieru<\/p>","protected":false},"excerpt":{"rendered":"<p>Arm Cylinder For Xinyuan Crawler Excavator XY60-8 Arm Cylinder is a specially designed hydraulic cylinder that is primarily used to provide linear motion and power to the arms of various types of machinery such as excavators, cranes, and robotic arms. The arm cylinder plays a crucial role in hydraulic systems, enabling the efficient movement and [&hellip;]<\/p>","protected":false},"featured_media":14772,"comment_status":"open","ping_status":"closed","template":"","meta":{"_et_pb_use_builder":"","_et_pb_old_content":"","_et_gb_content_width":""},"product_brand":[],"product_cat":[1497],"product_tag":[1498,1496],"class_list":{"0":"post-16802","1":"product","2":"type-product","3":"status-publish","4":"has-post-thumbnail","6":"product_cat-arm-cylinders","7":"product_tag-arm-cylinders","8":"product_tag-hydraulic-cylinders","10":"first","11":"instock","12":"shipping-taxable","13":"product-type-simple"},"amp_enabled":true,"_links":{"self":[{"href":"https:\/\/www.hydraulic-cylinders.net\/sk\/wp-json\/wp\/v2\/product\/16802","targetHints":{"allow":["GET"]}}],"collection":[{"href":"https:\/\/www.hydraulic-cylinders.net\/sk\/wp-json\/wp\/v2\/product"}],"about":[{"href":"https:\/\/www.hydraulic-cylinders.net\/sk\/wp-json\/wp\/v2\/types\/product"}],"replies":[{"embeddable":true,"href":"https:\/\/www.hydraulic-cylinders.net\/sk\/wp-json\/wp\/v2\/comments?post=16802"}],"wp:featuredmedia":[{"embeddable":true,"href":"https:\/\/www.hydraulic-cylinders.net\/sk\/wp-json\/wp\/v2\/media\/14772"}],"wp:attachment":[{"href":"https:\/\/www.hydraulic-cylinders.net\/sk\/wp-json\/wp\/v2\/media?parent=16802"}],"wp:term":[{"taxonomy":"product_brand","embeddable":true,"href":"https:\/\/www.hydraulic-cylinders.net\/sk\/wp-json\/wp\/v2\/product_brand?post=16802"},{"taxonomy":"product_cat","embeddable":true,"href":"https:\/\/www.hydraulic-cylinders.net\/sk\/wp-json\/wp\/v2\/product_cat?post=16802"},{"taxonomy":"product_tag","embeddable":true,"href":"https:\/\/www.hydraulic-cylinders.net\/sk\/wp-json\/wp\/v2\/product_tag?post=16802"}],"curies":[{"name":"pracovn\u00fd list","href":"https:\/\/api.w.org\/{rel}","templated":true}]}}