{"id":16805,"date":"2025-01-21T05:55:40","date_gmt":"2025-01-21T05:55:40","guid":{"rendered":"https:\/\/www.hydraulic-cylinders.net\/product\/arm-cylinder-for-xinyuan-wheel-excavator-xy75w-8-9\/"},"modified":"2025-01-21T05:55:42","modified_gmt":"2025-01-21T05:55:42","slug":"arm-cylinder-for-xinyuan-wheel-excavator-xy75w-8-9","status":"publish","type":"product","link":"https:\/\/www.hydraulic-cylinders.net\/sk\/produkt\/arm-cylinder-for-xinyuan-wheel-excavator-xy75w-8-9\/","title":{"rendered":"Valec ramena pre kolesov\u00e9 r\u00fdpadlo Xinyuan XY75W-8-9"},"content":{"rendered":"<h1>Valec ramena pre kolesov\u00e9 r\u00fdpadlo Xinyuan XY75W-8-9<\/h1>\n<h2>\u00davod<\/h2>\n<p>Hydraulick\u00fd valec ramena je \u0161peci\u00e1lne navrhnut\u00fd hydraulick\u00fd valec, ktor\u00fd poskytuje line\u00e1rny pohyb a v\u00fdkon ramen\u00e1m r\u00f4znych typov strojov, ako s\u00fa r\u00fdpadl\u00e1, \u017eeriavy a robotick\u00e9 ramen\u00e1. Zohr\u00e1va k\u013e\u00fa\u010dov\u00fa \u00falohu v hydraulick\u00fdch syst\u00e9moch, preto\u017ee umo\u017e\u0148uje efekt\u00edvny pohyb a ovl\u00e1danie dodato\u010dn\u00fdch n\u00e1strojov alebo pr\u00edslu\u0161enstva. Tieto valce nielen umo\u017e\u0148uj\u00fa plynul\u00fd pohyb, ale tie\u017e odol\u00e1vaj\u00fa \u0165a\u017ek\u00fdm za\u0165a\u017eeniam, \u010d\u00edm zabezpe\u010duj\u00fa efekt\u00edvnu prev\u00e1dzku a spo\u013eahlivos\u0165 strojov v r\u00f4znych pracovn\u00fdch podmienkach.<\/p>\n<p><img decoding=\"async\" src=\"https:\/\/www.hydraulic-cylinders.net\/wp-content\/uploads\/2025\/01\/songte-company-2.webp\" alt=\"Obr\u00e1zok valca ramena\"><\/p>\n<h2>Funkcie<\/h2>\n<ul>\n<li>Vysoko\u00fa\u010dinn\u00fd prevod: Valec ramena poskytuje siln\u00fd line\u00e1rny pohyb a silu, \u010d\u00edm zais\u0165uje vysok\u00fd v\u00fdkon v r\u00f4znych oper\u00e1ci\u00e1ch.<\/li>\n<li>Presn\u00e9 ovl\u00e1danie: Prostredn\u00edctvom hydraulick\u00e9ho syst\u00e9mu umo\u017e\u0148uje valec ramena presn\u00e9 ovl\u00e1danie pohybu, \u010do umo\u017e\u0148uje flexibiln\u00e9 a presn\u00e9 ovl\u00e1danie pr\u00eddavn\u00fdch n\u00e1strojov.<\/li>\n<li>Vysok\u00e1 odolnos\u0165: Valce ramien s\u00fa zvy\u010dajne vyroben\u00e9 z vysoko pevn\u00fdch materi\u00e1lov, ktor\u00e9 poskytuj\u00fa vynikaj\u00facu odolnos\u0165 vo\u010di opotrebovaniu a kor\u00f3zii, v\u010faka \u010domu s\u00fa vhodn\u00e9 na dlhodob\u00e9 pou\u017e\u00edvanie v n\u00e1ro\u010dn\u00fdch podmienkach.<\/li>\n<li>Multifunk\u010dn\u00e1 prisp\u00f4sobivos\u0165: Tieto valce sa daj\u00fa \u0161iroko pou\u017ei\u0165 v r\u00f4znych strojoch vr\u00e1tane r\u00fdpadiel, \u017eeriavov a robotick\u00fdch ramien, a sp\u013a\u0148aj\u00fa tak r\u00f4zne po\u017eiadavky na pr\u00e1cu.<\/li>\n<li>Jednoduch\u00e1 \u00fadr\u017eba: Navrhnut\u00e9 s oh\u013eadom na jednoduch\u00fa \u00fadr\u017ebu a v\u00fdmenu, pravideln\u00e9 kontroly a \u00fadr\u017eba s\u00fa pohodln\u00e9, \u010d\u00edm sa skracuj\u00fa prestoje zariadenia.<\/li>\n<\/ul>\n<p><img decoding=\"async\" src=\"https:\/\/www.hydraulic-cylinders.net\/wp-content\/uploads\/2025\/01\/songte-oil-pipes-and-spare-parts.webp\" alt=\"Obr\u00e1zok valca\"><\/p>\n<h2>Aplik\u00e1cie<\/h2>\n<p>Valec s ramenom nach\u00e1dza uplatnenie v r\u00f4znych odvetviach a sektoroch:<\/p>\n<ul>\n<li>Kon\u0161trukcia: V bagroch a \u017eeriavoch ovl\u00e1da valec ramena pohyb vedra alebo v\u00fdlo\u017en\u00edka pri zemn\u00fdch pr\u00e1cach, manipul\u00e1cii s materi\u00e1lom a mont\u00e1\u017ei kon\u0161trukci\u00ed.<\/li>\n<li>V\u00fdroba: V automatizovan\u00fdch v\u00fdrobn\u00fdch link\u00e1ch u\u013eah\u010duje valec ramena pohyb robotick\u00fdch ramien pri mont\u00e1\u017ei, zv\u00e1ran\u00ed a manipul\u00e1cii s materi\u00e1lom, \u010d\u00edm zvy\u0161uje efektivitu a presnos\u0165 v\u00fdroby.<\/li>\n<li>Po\u013enohospod\u00e1rske stroje: V po\u013enohospod\u00e1rskych strojoch, ako s\u00fa zbera\u010de a seja\u010dky, riadi valec ramena pohyb ovl\u00e1dac\u00edch ramien pri \u00faloh\u00e1ch, ako je siatie, hnojenie a zber \u00farody.<\/li>\n<li>\u0164a\u017eba: V bansk\u00fdch zariadeniach riadi valec ramena pohyb ramena pri \u0165a\u017ebe a preprave rudy.<\/li>\n<li>Logistika a doprava: Vo vysokozdvi\u017en\u00fdch voz\u00edkoch a manipula\u010dn\u00fdch robotoch riadi valec ramena zdv\u00edhanie a pohyb vidl\u00edc, \u010do umo\u017e\u0148uje manipul\u00e1ciu s materi\u00e1lom a jeho stohovanie.<\/li>\n<\/ul>\n<h2>\u00davahy o dizajne a krit\u00e9ri\u00e1 v\u00fdberu<\/h2>\n<p>Pri navrhovan\u00ed valca ramena je potrebn\u00e9 zv\u00e1\u017ei\u0165 nieko\u013eko faktorov:<\/p>\n<ul>\n<li>Nosnos\u0165: Valec by mal by\u0165 navrhnut\u00fd tak, aby odolal maxim\u00e1lnemu za\u0165a\u017eeniu, ktor\u00e9mu bude vystaven\u00fd v zam\u00fd\u0161\u013eanej aplik\u00e1cii.<\/li>\n<li>Tesniaca schopnos\u0165: Na zabezpe\u010denie spr\u00e1vneho utesnenia a zabr\u00e1nenie \u00faniku by sa mali pou\u017ei\u0165 r\u00f4zne tesniace komponenty, ako s\u00fa tesnenia piestov a tesnenia ty\u010d\u00ed.<\/li>\n<li>Trvanlivos\u0165: Valec by mal by\u0165 vyroben\u00fd z vysoko kvalitn\u00fdch materi\u00e1lov a mal by by\u0165 povrchovo upraven\u00fd, aby sa zv\u00fd\u0161ila odolnos\u0165 vo\u010di opotrebovaniu.<\/li>\n<li>Bezpe\u010dnos\u0165: F\u013ea\u0161a by mala sp\u013a\u0148a\u0165 bezpe\u010dnostn\u00e9 normy a mala by obsahova\u0165 prvky, ako s\u00fa pretlakov\u00e9 ventily pre n\u00fadzov\u00e9 situ\u00e1cie.<\/li>\n<li>\u00dadr\u017eba: Kon\u0161trukcia by mala zoh\u013ead\u0148ova\u0165 jednoduch\u00fa \u00fadr\u017ebu a mala by zah\u0155\u0148a\u0165 prvky, ktor\u00e9 zjednodu\u0161uj\u00fa kontrolu a v\u00fdmenu komponentov.<\/li>\n<\/ul>\n<p><img decoding=\"async\" src=\"https:\/\/www.hydraulic-cylinders.net\/wp-content\/uploads\/2025\/01\/songte-cylinder-head-with-all-kinds-excavator-models.webp\" alt=\"Obr\u00e1zok hlavy valcov\"><\/p>\n<h2>Tesnenie a mazanie<\/h2>\n<p>Valec ramena obsahuje r\u00f4zne tesniace komponenty, ako s\u00fa tesnenia piestov a tesnenia ty\u010d\u00ed, vyroben\u00e9 z materi\u00e1lov odoln\u00fdch vo\u010di opotrebovaniu, ako je polyuret\u00e1n a nitrilov\u00fd kau\u010duk. Teleso valca a z\u00e1vitov\u00e9 konce prech\u00e1dzaj\u00fa d\u00f4kladnou povrchovou \u00fapravou, aby sa zlep\u0161ila odolnos\u0165 vo\u010di opotrebovaniu. Pravideln\u00e9 mazanie vhodn\u00fdm hydraulick\u00fdm olejom je nevyhnutn\u00e9 na zabezpe\u010denie plynul\u00e9ho chodu a zn\u00ed\u017eenie trenia.<\/p>\n<h2>Pravideln\u00e1 kontrola a prevent\u00edvna \u00fadr\u017eba<\/h2>\n<p>Pre zabezpe\u010denie optim\u00e1lneho v\u00fdkonu a dlhej \u017eivotnosti valca ramena by sa mali vykon\u00e1va\u0165 pravideln\u00e9 kontroly a prevent\u00edvna \u00fadr\u017eba. Medzi k\u013e\u00fa\u010dov\u00e9 opatrenia patria:<\/p>\n<ul>\n<li>Kontrola ak\u00fdchko\u013evek zn\u00e1mok \u00faniku, opotrebovania alebo po\u0161kodenia<\/li>\n<li>U\u0165ahovanie uvo\u013enen\u00fdch spojov<\/li>\n<li>V\u00fdmena opotrebovan\u00fdch tesnen\u00ed alebo komponentov<\/li>\n<li>Overenie spr\u00e1vneho mazania<\/li>\n<\/ul>\n<h2>Sprievodca in\u0161tal\u00e1ciou produktu<\/h2>\n<p>Spr\u00e1vna in\u0161tal\u00e1cia valca ramena je k\u013e\u00fa\u010dov\u00e1 pre jeho funk\u010dnos\u0165 a dlh\u00fa \u017eivotnos\u0165. Postupujte pod\u013ea t\u00fdchto krokov:<\/p>\n<ol>\n<li>Pred in\u0161tal\u00e1ciou sa uistite, \u017ee hydraulick\u00fd syst\u00e9m je bez tlaku.<\/li>\n<li>Skontrolujte valec a jeho komponenty, \u010di nie s\u00fa po\u0161koden\u00e9 alebo chybn\u00e9.<\/li>\n<li>Vy\u010distite mont\u00e1\u017ene povrchy a odstr\u00e1\u0148te v\u0161etky ne\u010distoty.<\/li>\n<li>Na z\u00e1vitov\u00e9 konce valca naneste vhodn\u00fd tesniaci prostriedok na z\u00e1vity.<\/li>\n<li>Zarovnajte valec s mont\u00e1\u017enou konzolou a zaistite ho vhodn\u00fdmi skrutkami.<\/li>\n<li>Pripojte hydraulick\u00e9 hadice a zabezpe\u010dte ich spr\u00e1vnu tesnos\u0165.<\/li>\n<li>Pomaly natlakujte syst\u00e9m a skontrolujte, \u010di nedoch\u00e1dza k \u00fanikom alebo abnorm\u00e1lnej prev\u00e1dzke.<\/li>\n<\/ol>\n<p><img decoding=\"async\" src=\"https:\/\/www.hydraulic-cylinders.net\/wp-content\/uploads\/2025\/01\/songte-bushings-with-all-kinds-of-excavator-models.webp\" alt=\"Obr\u00e1zok puzdier\"><\/p>\n<h2>Bezpe\u010dnostn\u00e9 aspekty a faktory prostredia<\/h2>\n<p>Pri pou\u017e\u00edvan\u00ed hydraulick\u00fdch valcov ramena je nevyhnutn\u00e9 uprednostni\u0165 bezpe\u010dnostn\u00e9 opatrenia vzh\u013eadom na zna\u010dn\u00e9 sily a tlaky. Dodr\u017eiavanie bezpe\u010dnostn\u00fdch protokolov a poskytovanie vhodn\u00e9ho \u0161kolenia obsluhe je k\u013e\u00fa\u010dov\u00e9 pre prevenciu neh\u00f4d a zabezpe\u010denie bezpe\u010dnej prev\u00e1dzky. Okrem toho, zoh\u013eadnenie environment\u00e1lnych faktorov, ako je spr\u00e1vna likvid\u00e1cia hydraulick\u00fdch kvapal\u00edn, pom\u00e1ha minimalizova\u0165 vplyv na \u017eivotn\u00e9 prostredie.<\/p>\n<h2>Rie\u0161enie probl\u00e9mov a be\u017en\u00e9 probl\u00e9my<\/h2>\n<p>V pr\u00edpade probl\u00e9mov s valcom ramena v\u00e1m nasleduj\u00face kroky na rie\u0161enie probl\u00e9mov m\u00f4\u017eu pom\u00f4c\u0165 identifikova\u0165 a vyrie\u0161i\u0165 probl\u00e9my:<\/p>\n<ul>\n<li>Probl\u00e9m: \u00danik oleja z valca<\/li>\n<p>Rie\u0161enie: Skontrolujte a vyme\u0148te po\u0161koden\u00e9 tesnenia alebo komponenty a zabezpe\u010dte ich spr\u00e1vnu in\u0161tal\u00e1ciu a mazanie.<\/p>\n<li>Probl\u00e9m: Valec sa nevys\u00fava ani nezas\u00fava<\/li>\n<p>Rie\u0161enie: Skontrolujte hydraulick\u00fd syst\u00e9m, \u010di nie je upchat\u00fd, skontrolujte spr\u00e1vnu hladinu kvapal\u00edn a uistite sa, \u017ee regula\u010dn\u00e9 ventily spr\u00e1vne funguj\u00fa.<\/p>\n<li>Probl\u00e9m: Nezvy\u010dajn\u00fd hluk po\u010das prev\u00e1dzky valca<\/li>\n<p>Rie\u0161enie: Skontrolujte uvo\u013enen\u00e9 spoje, po\u0161koden\u00e9 komponenty alebo nespr\u00e1vne mazanie. Utiahnite spoje, vyme\u0148te opotrebovan\u00e9 diely a pod\u013ea potreby nama\u017ete.<\/p>\n<\/ul>\n<p><img decoding=\"async\" src=\"https:\/\/www.hydraulic-cylinders.net\/wp-content\/uploads\/2025\/01\/songte-chushion-collar.webp\" alt=\"Obr\u00e1zok obojku Chushion\"><\/p>\n<p>Autor: lyl<\/p>\n<h2>Preh\u013ead spolo\u010dnosti<\/h2>\n<p>Sme profesion\u00e1lny v\u00fdrobca n\u00e1hradn\u00fdch hydraulick\u00fdch valcov a pon\u00fakame \u0161irok\u00fd sortiment produktov. Stali sme sa jedn\u00fdm z popredn\u00fdch v\u00fdrobcov a ve\u013ekoobchodn\u00fdch distrib\u00fatorov hydraulick\u00fdch valcov na dom\u00e1com aj medzin\u00e1rodnom trhu. Dodr\u017eiavame princ\u00edp excelentnosti v kvalite a neust\u00e1le zlep\u0161ujeme na\u0161e technologick\u00e9 mo\u017enosti a efektivitu v\u00fdroby prostredn\u00edctvom modern\u00fdch v\u00fdrobn\u00fdch dieln\u00ed a industrializovan\u00fdch strat\u00e9gi\u00ed riadenia v\u00fdroby. Zav\u00e1dzan\u00edm \u0161pi\u010dkov\u00fdch digit\u00e1lnych v\u00fdrobn\u00fdch zariaden\u00ed a profesion\u00e1lnych testovac\u00edch syst\u00e9mov optimalizujeme na\u0161u v\u00fdrobn\u00fa platformu a zlep\u0161ujeme procesy kontroly kvality na\u0161ich v\u00fdrobkov, \u010d\u00edm preukazujeme siln\u00e9 inova\u010dn\u00e9 schopnosti. Na\u0161\u00edm cie\u013eom je uspokojova\u0165 rozmanit\u00e9 potreby z\u00e1kazn\u00edkov s efektivitou, presnos\u0165ou a vysoko kvalitn\u00fdmi produktmi.<\/p>\n<p><img decoding=\"async\" src=\"https:\/\/www.hydraulic-cylinders.net\/wp-content\/uploads\/2025\/01\/songte-company-4.webp\" alt=\"Obr\u00e1zok spolo\u010dnosti\"><br \/>\n<img decoding=\"async\" src=\"https:\/\/www.hydraulic-cylinders.net\/wp-content\/uploads\/2025\/01\/songte-company-3.webp\" alt=\"Obr\u00e1zok spolo\u010dnosti\"><\/p>\n<p>Odli\u0161ujeme sa t\u00fdm, \u017ee:<\/p>\n<ul>\n<li>Odbornos\u0165 v oblasti hydraulick\u00fdch valcov<\/li>\n<li>Medzin\u00e1rodn\u00e9 certifik\u00e1ty pre \u0161tandardy kvality<\/li>\n<li>Slu\u017eby prisp\u00f4sobenia pre splnenie jedine\u010dn\u00fdch po\u017eiadaviek<\/li>\n<li>Najmodernej\u0161ie v\u00fdrobn\u00e9 zariadenia<\/li>\n<li>Komplexn\u00e9 popredajn\u00e9 slu\u017eby<\/li>\n<\/ul>\n<p>Nezabudnite \u010dl\u00e1nok logicky usporiada\u0165, pre jednoduch\u0161iu navig\u00e1ciu pou\u017e\u00edva\u0165 podnadpisy, pre lep\u0161ie pochopenie zahrn\u00fa\u0165 relevantn\u00e9 obr\u00e1zky alebo grafy a zabezpe\u010di\u0165, aby bol obsah jasn\u00fd, stru\u010dn\u00fd a vhodn\u00fd pre \u010ditate\u013eov s r\u00f4znymi \u00farov\u0148ami technick\u00fdch znalost\u00ed.<\/p>","protected":false},"excerpt":{"rendered":"<p>Arm Cylinder For Xinyuan Wheel Excavator XY75W-8-9 Introduction The arm cylinder is a specially designed hydraulic cylinder that provides linear motion and power to the arms of various types of machinery, such as excavators, cranes, and robotic arms. It plays a crucial role in hydraulic systems, allowing for the efficient movement and control of additional [&hellip;]<\/p>","protected":false},"featured_media":14763,"comment_status":"open","ping_status":"closed","template":"","meta":{"_et_pb_use_builder":"","_et_pb_old_content":"","_et_gb_content_width":""},"product_brand":[],"product_cat":[1497],"product_tag":[1498,1496],"class_list":{"0":"post-16805","1":"product","2":"type-product","3":"status-publish","4":"has-post-thumbnail","6":"product_cat-arm-cylinders","7":"product_tag-arm-cylinders","8":"product_tag-hydraulic-cylinders","10":"first","11":"instock","12":"shipping-taxable","13":"product-type-simple"},"amp_enabled":true,"_links":{"self":[{"href":"https:\/\/www.hydraulic-cylinders.net\/sk\/wp-json\/wp\/v2\/product\/16805","targetHints":{"allow":["GET"]}}],"collection":[{"href":"https:\/\/www.hydraulic-cylinders.net\/sk\/wp-json\/wp\/v2\/product"}],"about":[{"href":"https:\/\/www.hydraulic-cylinders.net\/sk\/wp-json\/wp\/v2\/types\/product"}],"replies":[{"embeddable":true,"href":"https:\/\/www.hydraulic-cylinders.net\/sk\/wp-json\/wp\/v2\/comments?post=16805"}],"wp:featuredmedia":[{"embeddable":true,"href":"https:\/\/www.hydraulic-cylinders.net\/sk\/wp-json\/wp\/v2\/media\/14763"}],"wp:attachment":[{"href":"https:\/\/www.hydraulic-cylinders.net\/sk\/wp-json\/wp\/v2\/media?parent=16805"}],"wp:term":[{"taxonomy":"product_brand","embeddable":true,"href":"https:\/\/www.hydraulic-cylinders.net\/sk\/wp-json\/wp\/v2\/product_brand?post=16805"},{"taxonomy":"product_cat","embeddable":true,"href":"https:\/\/www.hydraulic-cylinders.net\/sk\/wp-json\/wp\/v2\/product_cat?post=16805"},{"taxonomy":"product_tag","embeddable":true,"href":"https:\/\/www.hydraulic-cylinders.net\/sk\/wp-json\/wp\/v2\/product_tag?post=16805"}],"curies":[{"name":"pracovn\u00fd list","href":"https:\/\/api.w.org\/{rel}","templated":true}]}}