{"id":16809,"date":"2025-01-21T05:55:57","date_gmt":"2025-01-21T05:55:57","guid":{"rendered":"https:\/\/www.hydraulic-cylinders.net\/product\/arm-cylinder-for-volwa-small-excavator-dls818-9b\/"},"modified":"2025-01-21T05:55:59","modified_gmt":"2025-01-21T05:55:59","slug":"arm-cylinder-for-volwa-small-excavator-dls818-9b","status":"publish","type":"product","link":"https:\/\/www.hydraulic-cylinders.net\/sk\/produkt\/arm-cylinder-for-volwa-small-excavator-dls818-9b\/","title":{"rendered":"Valec ramena pre mal\u00e9 r\u00fdpadlo Volwa DLS818-9B"},"content":{"rendered":"<p>Valec ramena pre mal\u00e9 r\u00fdpadlo Volwa DLS818-9B<\/p>\n<p>Hydraulick\u00fd valec ramena je typ \u0161peci\u00e1lne navrhnut\u00e9ho hydraulick\u00e9ho valca, ktor\u00fd sa pou\u017e\u00edva hlavne na zabezpe\u010denie line\u00e1rneho pohybu a v\u00fdkonu pre r\u00f4zne ramen\u00e1 strojov, ako s\u00fa r\u00fdpadl\u00e1, \u017eeriavy a robotick\u00e9 ramen\u00e1. Hydraulick\u00fd valec ramena hr\u00e1 k\u013e\u00fa\u010dov\u00fa \u00falohu v hydraulickom syst\u00e9me, preto\u017ee umo\u017e\u0148uje efekt\u00edvny pohyb a ovl\u00e1danie dodato\u010dn\u00fdch n\u00e1strojov alebo pr\u00edslu\u0161enstva. Tieto valce nielen\u017ee poskytuj\u00fa plynul\u00fd pohyb, ale dok\u00e1\u017eu odola\u0165 aj \u0165a\u017ek\u00fdm za\u0165a\u017eeniam, \u010d\u00edm zabezpe\u010duj\u00fa efekt\u00edvnu prev\u00e1dzku a spo\u013eahlivos\u0165 strojov v r\u00f4znych pracovn\u00fdch podmienkach.<\/p>\n<p><img decoding=\"async\" src=\"https:\/\/www.hydraulic-cylinders.net\/wp-content\/uploads\/2025\/01\/songte-company-2.webp\"><\/p>\n<p>Vlastnosti:<br \/>\n\u2013 Vysoko\u00fa\u010dinn\u00fd prevod: Valec ramena dok\u00e1\u017ee zabezpe\u010di\u0165 siln\u00fd line\u00e1rny pohyb a silu, aby sa zabezpe\u010dila vysok\u00e1 \u00fa\u010dinnos\u0165 robotick\u00fdch ramien v r\u00f4znych oper\u00e1ci\u00e1ch.<br \/>\n\u2013 Presn\u00e9 ovl\u00e1danie: Prostredn\u00edctvom hydraulick\u00e9ho syst\u00e9mu dok\u00e1\u017ee valec ramena dosiahnu\u0165 presn\u00e9 ovl\u00e1danie pohybu, v\u010faka \u010domu je ovl\u00e1danie \u010fal\u0161\u00edch n\u00e1strojov flexibilnej\u0161ie a presnej\u0161ie.<br \/>\n\u2013 Vysok\u00e1 odolnos\u0165: Valec ramena je zvy\u010dajne vyroben\u00fd z vysoko pevn\u00fdch materi\u00e1lov s dobrou odolnos\u0165ou proti oderu a kor\u00f3zii, v\u010faka \u010domu je vhodn\u00fd na dlhodob\u00e9 pou\u017e\u00edvanie v n\u00e1ro\u010dn\u00fdch podmienkach.<br \/>\n\u2013 Multifunk\u010dn\u00e1 prisp\u00f4sobivos\u0165: Tieto valce sa daj\u00fa \u0161iroko pou\u017e\u00edva\u0165 v r\u00f4znych mechanick\u00fdch zariadeniach, ako s\u00fa bagre, \u017eeriavy a robotick\u00e9 ramen\u00e1, na splnenie r\u00f4znych prev\u00e1dzkov\u00fdch potrieb.<br \/>\n\u2013 Jednoduch\u00e1 \u00fadr\u017eba: Kon\u0161trukcia zoh\u013ead\u0148uje jednoduch\u00fa \u00fadr\u017ebu a v\u00fdmenu, v\u010faka \u010domu je pravideln\u00e1 kontrola a \u00fadr\u017eba pohodlnej\u0161ia a prestoje zariadenia sa skracuj\u00fa.<\/p>\n<p>Pre tieto hydraulick\u00e9 valce vieme poskytn\u00fa\u0165 perfektn\u00e9 n\u00e1hradn\u00e9 produkty, preto\u017ee sa \u0161pecializujeme na ich v\u00fdrobu.<\/p>\n<p><img decoding=\"async\" src=\"https:\/\/www.hydraulic-cylinders.net\/wp-content\/uploads\/2025\/01\/songte-oil-pipes-and-spare-parts.webp\"><\/p>\n<p>Aplik\u00e1cie\uff1a<br \/>\n\u2013 Kon\u0161trukcia: Valec ramena sa pou\u017e\u00edva na ovl\u00e1danie pohybu vedra alebo v\u00fdlo\u017en\u00edka v r\u00fdpadl\u00e1ch a \u017eeriavoch pri zemn\u00fdch pr\u00e1cach, manipul\u00e1cii s materi\u00e1lom a mont\u00e1\u017ei kon\u0161trukci\u00ed.<br \/>\n\u2013 V\u00fdroba: V automatizovan\u00fdch v\u00fdrobn\u00fdch link\u00e1ch sa valec ramena pou\u017e\u00edva na pohyb robotick\u00e9ho ramena v procesoch, ako je mont\u00e1\u017e, zv\u00e1ranie a manipul\u00e1cia, s cie\u013eom zlep\u0161i\u0165 efektivitu a presnos\u0165 v\u00fdroby.<br \/>\n\u2013 Po\u013enohospod\u00e1rske stroje: V po\u013enohospod\u00e1rskych strojoch, ako s\u00fa zbera\u010de a seja\u010dky, riadi valec ramena pohyb ovl\u00e1dacieho ramena na vykon\u00e1vanie \u00faloh, ako je siatie, hnojenie a zber \u00farody.<br \/>\n\u2013 \u0164a\u017eba: V bansk\u00fdch zariadeniach sa valec ramena pou\u017e\u00edva na ovl\u00e1danie pohybu ramena bansk\u00e9ho zariadenia pri \u0165a\u017ebe a preprave rudy.<br \/>\n\u2013 Logistika a doprava: Vo vysokozdvi\u017en\u00fdch voz\u00edkoch a manipula\u010dn\u00fdch robotoch sa valec ramena pou\u017e\u00edva na ovl\u00e1danie zdv\u00edhania a pohybu vidl\u00edc na manipul\u00e1ciu a stohovanie materi\u00e1lov.<\/p>\n<p>\u00davahy o dizajne a krit\u00e9ri\u00e1 v\u00fdberu:<br \/>\n\u2013 Nosnos\u0165: Valec ramena by mal by\u0165 navrhnut\u00fd tak, aby uniesol hmotnos\u0165 zariadenia a dodato\u010dn\u00e9ho n\u00e1radia alebo pr\u00edslu\u0161enstva.<br \/>\n\u2013 Tesnenie: Na udr\u017eanie tlaku a zabr\u00e1nenie \u00faniku oleja by sa mali pou\u017e\u00edva\u0165 r\u00f4zne typy tesnen\u00ed, ako s\u00fa tesnenia piestov a tesnenia ty\u010d\u00ed.<br \/>\n\u2013 Trvanlivos\u0165: Valec ramena by mal by\u0165 vyroben\u00fd z vysoko pevn\u00fdch materi\u00e1lov s dobrou odolnos\u0165ou proti oderu a kor\u00f3zii, aby sa zabezpe\u010dilo dlhodob\u00e9 pou\u017e\u00edvanie v n\u00e1ro\u010dn\u00fdch podmienkach.<br \/>\n\u2013 Bezpe\u010dnos\u0165: N\u00e1vrh by mal zoh\u013ead\u0148ova\u0165 bezpe\u010dnos\u0165 prev\u00e1dzky robotick\u00e9ho ramena a predch\u00e1dza\u0165 nehod\u00e1m.<br \/>\n\u2013 \u00dadr\u017eba: Kon\u0161trukcia by mala zoh\u013ead\u0148ova\u0165 jednoduch\u00fa \u00fadr\u017ebu a v\u00fdmenu komponentov, aby sa skr\u00e1tili prestoje zariadenia.<\/p>\n<p><img decoding=\"async\" src=\"https:\/\/www.hydraulic-cylinders.net\/wp-content\/uploads\/2025\/01\/songte-cylinder-head-with-all-kinds-excavator-models.webp\"><\/p>\n<p>Tesnenie a mazanie:<br \/>\nV ramennom valci by sa mali pou\u017e\u00edva\u0165 r\u00f4zne typy tesnen\u00ed, ako s\u00fa tesnenia piestov, tesnenia ty\u010d\u00ed at\u010f. Tesnenia by mali by\u0165 vyroben\u00e9 z materi\u00e1lov odoln\u00fdch vo\u010di opotrebovaniu, ako je polyuret\u00e1n a nitrilov\u00fd kau\u010duk. Teleso valca a povrch z\u00e1vitov\u00e9ho konca by mali by\u0165 jemne opracovan\u00e9, aby sa zlep\u0161ila odolnos\u0165 vo\u010di opotrebovaniu. Na mazanie je potrebn\u00e9 pravidelne prid\u00e1va\u0165 vhodn\u00fd hydraulick\u00fd olej.<\/p>\n<p>Prevent\u00edvna \u00fadr\u017eba a rie\u0161enie probl\u00e9mov:<br \/>\nPravideln\u00e1 kontrola a prevent\u00edvna \u00fadr\u017eba s\u00fa nevyhnutn\u00e9 pre zabezpe\u010denie dlhodobej a stabilnej prev\u00e1dzky valca ramena. Medzi be\u017en\u00e9 probl\u00e9my patr\u00ed \u00fanik oleja, abnorm\u00e1lny hluk a nedostato\u010dn\u00fd v\u00fdkon. Ak sa objav\u00ed probl\u00e9m, mal by by\u0165 okam\u017eite a spr\u00e1vne diagnostikovan\u00fd. Na zn\u00ed\u017eenie potenci\u00e1lnych probl\u00e9mov by sa mali prija\u0165 prevent\u00edvne opatrenia, ako je pravideln\u00e9 mazanie a \u00fadr\u017eba.<\/p>\n<p><img decoding=\"async\" src=\"https:\/\/www.hydraulic-cylinders.net\/wp-content\/uploads\/2025\/01\/songte-chushion-collar.webp\"><\/p>\n<p>Sprievodca in\u0161tal\u00e1ciou:<br \/>\n1. Vy\u010distite povrch na in\u0161tal\u00e1ciu a skontrolujte zhodn\u00e9 rozmery.<br \/>\n2. Na piestnu ty\u010d a hlavu valca naneste tenk\u00fa vrstvu maziva alebo hydraulick\u00e9ho oleja.<br \/>\n3. Nain\u0161talujte valec na robotick\u00e9 rameno alebo zariadenie a utiahnite skrutky na predp\u00edsan\u00fd kr\u00fatiaci moment.<br \/>\n4. Pripojte hydraulick\u00e9 olejov\u00e9 potrubie a skontrolujte, \u010di nedoch\u00e1dza k \u00faniku oleja.<\/p>\n<p>Bezpe\u010dnostn\u00e9 aspekty a faktory prostredia:<br \/>\nPri obsluhe zariaden\u00ed s valcom ramena s\u00fa k\u013e\u00fa\u010dov\u00e9 bezpe\u010dnostn\u00e9 opatrenia, ako napr\u00edklad nosenie ochrann\u00fdch prostriedkov a zabezpe\u010denie bezpe\u010dnej vzdialenosti od pohybuj\u00faceho sa ramena. Z environment\u00e1lneho h\u013eadiska by mal by\u0165 hydraulick\u00fd syst\u00e9m navrhnut\u00fd tak, aby minimalizoval \u00fanik oleja a zabr\u00e1nil kontamin\u00e1cii okolit\u00e9ho prostredia.<\/p>\n<p>Sme profesion\u00e1lny v\u00fdrobca n\u00e1hradn\u00fdch hydraulick\u00fdch valcov so \u0161irokou \u0161k\u00e1lou produktov, ktor\u00fd sa stal jedn\u00fdm z popredn\u00fdch v\u00fdrobcov a ve\u013ekoobchodn\u00fdch distrib\u00fatorov hydraulick\u00fdch valcov na dom\u00e1com aj medzin\u00e1rodnom trhu. V\u017edy dodr\u017eiavame z\u00e1sadu vynikaj\u00facej kvality, neust\u00e1le zlep\u0161ujeme na\u0161u technick\u00fa \u00farove\u0148 a efektivitu v\u00fdroby a poskytujeme prisp\u00f4soben\u00e9 slu\u017eby, aby sme splnili rozmanit\u00e9 potreby na\u0161ich z\u00e1kazn\u00edkov.<\/p>\n<p><img decoding=\"async\" src=\"https:\/\/www.hydraulic-cylinders.net\/wp-content\/uploads\/2025\/01\/songte-company-4.webp\"><img decoding=\"async\" src=\"https:\/\/www.hydraulic-cylinders.net\/wp-content\/uploads\/2025\/01\/songte-company-3.webp\"><\/p>\n<p>Autor: lyl<\/p>","protected":false},"excerpt":{"rendered":"<p>Arm Cylinder For Volwa Small Excavator DLS818-9B Arm Cylinder is a type of specially designed hydraulic cylinder that is mainly used to provide linear motion and power for various machinery arms such as excavators, cranes, and robotic arms. The Arm Cylinder plays a crucial role in the hydraulic system, allowing for efficient movement and control [&hellip;]<\/p>","protected":false},"featured_media":14779,"comment_status":"open","ping_status":"closed","template":"","meta":{"_et_pb_use_builder":"","_et_pb_old_content":"","_et_gb_content_width":""},"product_brand":[],"product_cat":[1497],"product_tag":[1498,1496],"class_list":{"0":"post-16809","1":"product","2":"type-product","3":"status-publish","4":"has-post-thumbnail","6":"product_cat-arm-cylinders","7":"product_tag-arm-cylinders","8":"product_tag-hydraulic-cylinders","10":"first","11":"instock","12":"shipping-taxable","13":"product-type-simple"},"amp_enabled":true,"_links":{"self":[{"href":"https:\/\/www.hydraulic-cylinders.net\/sk\/wp-json\/wp\/v2\/product\/16809","targetHints":{"allow":["GET"]}}],"collection":[{"href":"https:\/\/www.hydraulic-cylinders.net\/sk\/wp-json\/wp\/v2\/product"}],"about":[{"href":"https:\/\/www.hydraulic-cylinders.net\/sk\/wp-json\/wp\/v2\/types\/product"}],"replies":[{"embeddable":true,"href":"https:\/\/www.hydraulic-cylinders.net\/sk\/wp-json\/wp\/v2\/comments?post=16809"}],"wp:featuredmedia":[{"embeddable":true,"href":"https:\/\/www.hydraulic-cylinders.net\/sk\/wp-json\/wp\/v2\/media\/14779"}],"wp:attachment":[{"href":"https:\/\/www.hydraulic-cylinders.net\/sk\/wp-json\/wp\/v2\/media?parent=16809"}],"wp:term":[{"taxonomy":"product_brand","embeddable":true,"href":"https:\/\/www.hydraulic-cylinders.net\/sk\/wp-json\/wp\/v2\/product_brand?post=16809"},{"taxonomy":"product_cat","embeddable":true,"href":"https:\/\/www.hydraulic-cylinders.net\/sk\/wp-json\/wp\/v2\/product_cat?post=16809"},{"taxonomy":"product_tag","embeddable":true,"href":"https:\/\/www.hydraulic-cylinders.net\/sk\/wp-json\/wp\/v2\/product_tag?post=16809"}],"curies":[{"name":"pracovn\u00fd list","href":"https:\/\/api.w.org\/{rel}","templated":true}]}}