{"id":1682,"date":"2023-10-11T06:14:39","date_gmt":"2023-10-11T06:14:39","guid":{"rendered":"https:\/\/hydraulic-cylinders.net\/?post_type=product&#038;p=1682"},"modified":"2025-04-11T03:46:09","modified_gmt":"2025-04-11T03:46:09","slug":"press-rear-side-shift-cylinder","status":"publish","type":"product","link":"https:\/\/www.hydraulic-cylinders.net\/sk\/produkt\/press-rear-side-shift-cylinder\/","title":{"rendered":"Stla\u010dte zadn\u00fd bo\u010dn\u00fd radiaci valec"},"content":{"rendered":"<h1 style=\"text-align: center;\"><strong>Stla\u010dte zadn\u00fd bo\u010dn\u00fd radiaci valec<\/strong><\/h1>\n<p><img loading=\"lazy\" decoding=\"async\" class=\"aligncenter wp-image-1684\" src=\"https:\/\/hydraulic-cylinders.net\/wp-content\/uploads\/2023\/10\/rear-side-shift-cylinder-1-300x300.webp\" alt=\"\" width=\"400\" height=\"400\" \/><\/p>\n<p>Zadn\u00fd bo\u010dn\u00fd posuvn\u00fd valec lisu je \u0161pi\u010dkov\u00fd n\u00e1stroj navrhnut\u00fd na zv\u00fd\u0161enie efektivity a presnosti lisovac\u00edch oper\u00e1ci\u00ed. V\u010faka inovat\u00edvnej mo\u017enosti zadn\u00e9ho posunu umo\u017e\u0148uje tento valec plynul\u00e9 nastavenie obrobkov po\u010das lisovania, \u010d\u00edm zabezpe\u010duje presn\u00e9 zarovnanie a skracuje \u010das nastavenia.<\/p>\n<p>Zadn\u00fd posuvn\u00fd valec lisu predstavuje prelomov\u00fd bod v lisovac\u00edch oper\u00e1ci\u00e1ch. V\u010faka mo\u017enosti posunu na zadnej strane, presn\u00e9mu zarovnaniu, nastavite\u013en\u00e9mu rozsahu radenia a r\u00fdchlej odozve umo\u017e\u0148uje tento valec obsluhe dosiahnu\u0165 presn\u00e9 a efekt\u00edvne v\u00fdsledky lisovania. Dodr\u017eiavan\u00edm odpor\u00fa\u010dan\u00fdch met\u00f3d pou\u017e\u00edvania a postupov \u00fadr\u017eby m\u00f4\u017eete maximalizova\u0165 v\u00fdkon, \u017eivotnos\u0165 a bezpe\u010dnos\u0165 zadn\u00e9ho posuvn\u00e9ho valca lisu vo va\u0161ich lisovac\u00edch aplik\u00e1ci\u00e1ch. Zv\u00fd\u0161te svoje lisovacie schopnosti a za\u017eite vynikaj\u00face zarovnanie a efektivitu s t\u00fdmto najmodernej\u0161\u00edm valcom.<\/p>\n<p>Charakteristiky k\u013e\u00fa\u010da valca bo\u010dn\u00e9ho posunu zadn\u00e9ho stla\u010denia:<\/p>\n<ol>\n<li>Mo\u017enos\u0165 radenia dozadu:\n<ul>\n<li>Posuvn\u00fd valec lisu na zadnej strane je \u0161peci\u00e1lne navrhnut\u00fd tak, aby u\u013eah\u010dil presn\u00e9 pos\u00favanie obrobkov na zadnej strane po\u010das lisovac\u00edch oper\u00e1ci\u00ed.<\/li>\n<li>Umo\u017e\u0148uje oper\u00e1torom bez n\u00e1mahy nastavi\u0165 polohu obrobku, \u010d\u00edm zabezpe\u010duje optim\u00e1lne zarovnanie a minimalizuje potrebu manu\u00e1lneho nastavovania.<\/li>\n<\/ul>\n<\/li>\n<li>Presn\u00e9 zarovnanie:\n<ul>\n<li>Tento valec zais\u0165uje presn\u00e9 zarovnanie obrobku, \u010d\u00edm sa zni\u017euje riziko nespr\u00e1vneho zarovnania a zvy\u0161uje sa celkov\u00e1 presnos\u0165.<\/li>\n<li>Presn\u00e9 zarovnanie dosiahnut\u00e9 valcom bo\u010dn\u00e9ho posuvu zadn\u00e9ho dielu lisu vedie k zlep\u0161eniu kvality v\u00fdrobkov a zn\u00ed\u017eeniu miery odpadu.<\/li>\n<\/ul>\n<\/li>\n<li>Nastavite\u013en\u00fd rozsah radenia:\n<ul>\n<li>Valec pon\u00faka nastavite\u013en\u00fd rozsah radenia, \u010do umo\u017e\u0148uje obsluhe prisp\u00f4sobi\u0165 rozsah radenia na zadnej strane na z\u00e1klade \u0161pecifick\u00fdch po\u017eiadaviek aplik\u00e1cie.<\/li>\n<li>Flexibilita nastavenia rozsahu posunu zais\u0165uje kompatibilitu s r\u00f4znymi ve\u013ekos\u0165ami, tvarmi a potrebami lisovania obrobkov.<\/li>\n<\/ul>\n<\/li>\n<li>R\u00fdchly a responz\u00edvny:\n<ul>\n<li>Zadn\u00fd bo\u010dn\u00fd posuvn\u00fd valec lisu sa vyzna\u010duje r\u00fdchlym a citliv\u00fdm mechanizmom radenia, ktor\u00fd umo\u017e\u0148uje r\u00fdchle nastavenie po\u010das lisovania.<\/li>\n<li>R\u00fdchle radenie skracuje celkov\u00fd \u010das cyklu, \u010d\u00edm maximalizuje produktivitu a priepustnos\u0165 pri lisovac\u00edch aplik\u00e1ci\u00e1ch.<\/li>\n<\/ul>\n<\/li>\n<\/ol>\n<h2><strong>Parameter valca zadn\u00e9ho bo\u010dn\u00e9ho posunu:<\/strong><\/h2>\n<table border=\"1\" cellspacing=\"0\" cellpadding=\"0\">\n<tbody>\n<tr>\n<td>N\u00e1zov produktu<\/td>\n<td>Hydraulick\u00fd lis Predn\u00fd bo\u010dn\u00fd posuvn\u00fd valec<\/td>\n<\/tr>\n<tr>\n<td>Vlastnosti:<\/td>\n<td>Pohybujte polotovarom alebo obrobkom vodorovne<\/td>\n<\/tr>\n<tr>\n<td>Piest:<\/td>\n<td>80 mm\uff5e240 mm<br \/>\nZdvih \u2264 300 mm<\/td>\n<\/tr>\n<tr>\n<td>\u0164ahov\u00e1 sila:<\/td>\n<td>Maxim\u00e1lne 1130 kN<br \/>\n(Piest 240 mm\/tlak 25 MPa)<\/td>\n<\/tr>\n<tr>\n<td>Pou\u017eitie predn\u00e9ho bo\u010dn\u00e9ho posuvn\u00e9ho valca:<\/td>\n<td>Hydraulick\u00fd lis<\/td>\n<\/tr>\n<\/tbody>\n<\/table>\n<div><\/div>\n<div>\n<div class=\"txtboxL\">\n<div class=\"txtboxL\">\n<div class=\"txtboxL\">Vlastnosti:<\/div>\n<div class=\"txtboxR\">Spolupracujte pri zdv\u00edhan\u00ed up\u00ednacej hlavy manipul\u00e1tora<\/div>\n<div class=\"txtboxL\">\u0160pecifik\u00e1cia:<\/div>\n<div class=\"txtboxR\">Piest: 70 mm\uff5e180 mm<br \/>\nZdvih \u2264 300 mm<\/div>\n<div class=\"txtboxL\">\u0164ahov\u00e1 sila:<\/div>\n<div class=\"txtboxR\">Maxim\u00e1lne 636 kN<br \/>\n(Piest 180 mm\/tlak 25 MPa)<\/div>\n<\/div>\n<\/div>\n<\/div>\n<h2><strong>Tov\u00e1re\u0148 na lisovacie valce:<\/strong><\/h2>\n<p><img loading=\"lazy\" decoding=\"async\" class=\"alignnone wp-image-1619 size-full\" src=\"https:\/\/hydraulic-cylinders.net\/wp-content\/uploads\/2023\/10\/press-cylinder.webp\" alt=\"\" width=\"1418\" height=\"946\" srcset=\"https:\/\/hydraulic-cylinders.net\/wp-content\/uploads\/2023\/10\/press-cylinder.webp 1418w, https:\/\/hydraulic-cylinders.net\/wp-content\/uploads\/2023\/10\/press-cylinder-1280x854.webp 1280w, https:\/\/hydraulic-cylinders.net\/wp-content\/uploads\/2023\/10\/press-cylinder-980x654.webp 980w, https:\/\/hydraulic-cylinders.net\/wp-content\/uploads\/2023\/10\/press-cylinder-480x320.webp 480w\" sizes=\"(min-width: 0px) and (max-width: 480px) 480px, (min-width: 481px) and (max-width: 980px) 980px, (min-width: 981px) and (max-width: 1280px) 1280px, (min-width: 1281px) 1418px, 100vw\" \/><\/p>\n<h2><strong>Sp\u00f4sob pou\u017eitia valca zadn\u00e9ho bo\u010dn\u00e9ho posunu lisu<\/strong><strong>:<\/strong><\/h2>\n<ul>\n<li><strong>In\u0161tal\u00e1cia:<\/strong>\n<ul>\n<li>Bezpe\u010dne namontujte zadn\u00fd bo\u010dn\u00fd posuvn\u00fd valec lisu na po\u017eadovan\u00e9 miesto a zaistite jeho spr\u00e1vne zarovnanie s lisovac\u00edm zariaden\u00edm.<\/li>\n<li>Hydraulick\u00e9 potrubia pripojte pod\u013ea pokynov v\u00fdrobcu, pri\u010dom zabezpe\u010dte spr\u00e1vny prietok kvapaliny a zabr\u00e1\u0148te \u00fanikom.<\/li>\n<\/ul>\n<\/li>\n<li><strong>Nastavenie radenia:<\/strong>\n<ul>\n<li>Obozn\u00e1mte sa s mechanizmom nastavenia radenia, ktor\u00fd poskytuje valec.<\/li>\n<li>\u00dapravy sa zvy\u010dajne daj\u00fa vykona\u0165 pomocou ovl\u00e1dac\u00edch gomb\u00edkov, ru\u010dn\u00fdch koliesok alebo digit\u00e1lnych ovl\u00e1da\u010dov.<\/li>\n<li>Dodr\u017eiavajte pokyny v\u00fdrobcu, aby ste vykonali presn\u00e9 nastavenia posunu na zadnej strane na z\u00e1klade rozmerov obrobku a po\u017eiadaviek na zarovnanie.<\/li>\n<\/ul>\n<\/li>\n<li><strong>Zarovnanie a posunutie obrobku:<\/strong>\n<ul>\n<li>Umiestnite obrobok na l\u00f4\u017eko lisu a zabezpe\u010dte po\u010diato\u010dn\u00e9 zarovnanie s valcom.<\/li>\n<li>Aktivujte valec, aby ste zaistili posuvn\u00fd mechanizmus a plynulo nastavili obrobok do po\u017eadovanej polohy na zadnej strane.<\/li>\n<li>Skontrolujte zarovnanie vizu\u00e1lne alebo pomocou merac\u00edch n\u00e1strojov, aby ste zabezpe\u010dili presn\u00e9 posunutie na zadn\u00fa stranu.<\/li>\n<\/ul>\n<\/li>\n<li><strong>Lisovanie:<\/strong>\n<ul>\n<li>Ke\u010f je obrobok spr\u00e1vne zarovnan\u00fd a posunut\u00fd, pokra\u010dujte v lisovan\u00ed pod\u013ea \u0161tandardn\u00fdch postupov.<\/li>\n<li>Zadn\u00fd bo\u010dn\u00fd posuvn\u00fd valec lisu udr\u017eiava zarovnanie a stabilitu obrobku po\u010das cel\u00e9ho procesu lisovania, \u010d\u00edm sa zabezpe\u010dia konzistentn\u00e9 v\u00fdsledky.<\/li>\n<\/ul>\n<\/li>\n<\/ul>\n<h2><strong>Ako n\u00e1js\u0165 s\u00fapravu tesnen\u00ed pre hydraulick\u00fd valec?<\/strong><\/h2>\n<p>N\u00e1jdenie s\u00fapravy tesnen\u00ed pre hydraulick\u00fd valec zah\u0155\u0148a identifik\u00e1ciu zna\u010dky a modelu valca, vyh\u013eadanie renomovan\u00fdch dod\u00e1vate\u013eov alebo v\u00fdrobcov a z\u00edskanie spr\u00e1vnej s\u00fapravy tesnen\u00ed na z\u00e1klade \u0161pecifik\u00e1ci\u00ed valca. Tu je podrobn\u00fd n\u00e1vod, ako n\u00e1js\u0165 s\u00fapravu tesnen\u00ed pre hydraulick\u00fd valec:<\/p>\n<ol>\n<li><strong>Identifikujte inform\u00e1cie o valci:<\/strong>\n<ul>\n<li>Ur\u010dte zna\u010dku a model hydraulick\u00e9ho valca, pre ktor\u00fd potrebujete s\u00fapravu tesnen\u00ed.<\/li>\n<li>H\u013eadajte ak\u00e9ko\u013evek identifika\u010dn\u00e9 zna\u010dky, \u0161t\u00edtky alebo vygrav\u00edrovan\u00e9 inform\u00e1cie na samotnej f\u013ea\u0161i.<\/li>\n<li>Ak m\u00e1te dokument\u00e1ciu od v\u00fdrobcu origin\u00e1lneho zariadenia (OEM) alebo \u010d\u00edslo dielu, m\u00f4\u017ee to by\u0165 u\u017eito\u010dn\u00e9 pri procese vyh\u013ead\u00e1vania.<\/li>\n<\/ul>\n<\/li>\n<li><strong>Presk\u00famajte renomovan\u00fdch dod\u00e1vate\u013eov:<\/strong>\n<ul>\n<li>Za\u010dnite t\u00fdm, \u017ee si vyh\u013ead\u00e1te renomovan\u00fdch dod\u00e1vate\u013eov alebo v\u00fdrobcov hydraulick\u00fdch tesnen\u00ed.<\/li>\n<li>H\u013eadajte dod\u00e1vate\u013eov, ktor\u00ed sa \u0161pecializuj\u00fa na hydraulick\u00e9 tesnenia a maj\u00fa k dispoz\u00edcii \u0161irok\u00fd sortiment produktov.<\/li>\n<li>Online vyh\u013ead\u00e1va\u010de, priemyseln\u00e9 adres\u00e1re a f\u00f3ra o hydraulick\u00fdch zariadeniach m\u00f4\u017eu by\u0165 cenn\u00fdmi zdrojmi na n\u00e1jdenie renomovan\u00fdch dod\u00e1vate\u013eov.<\/li>\n<\/ul>\n<\/li>\n<li><strong>Kontaktujte v\u00fdrobcu valcov alebo v\u00fdrobcu origin\u00e1lneho vybavenia (OEM):<\/strong>\n<ul>\n<li>Ak je to mo\u017en\u00e9, obr\u00e1\u0165te sa na v\u00fdrobcu hydraulick\u00e9ho valca alebo na v\u00fdrobcu origin\u00e1lneho zariadenia (OEM).<\/li>\n<li>Ak chcete zisti\u0165 dostupnos\u0165 s\u00faprav tesnen\u00ed pre v\u00e1\u0161 konkr\u00e9tny model valca, kontaktujte ich oddelenie slu\u017eieb z\u00e1kazn\u00edkom alebo technick\u00fa podporu.<\/li>\n<li>Poskytnite im zna\u010dku, model a v\u0161etky \u010fal\u0161ie relevantn\u00e9 inform\u00e1cie o va\u0161ej f\u013ea\u0161i, aby ste im pomohli identifikova\u0165 spr\u00e1vnu s\u00fapravu tesnen\u00ed.<\/li>\n<\/ul>\n<\/li>\n<li><strong>\u0160pecifik\u00e1cie zhroma\u017eden\u00fdch valcov:<\/strong>\n<ul>\n<li>Ur\u010dte \u0161pecifick\u00e9 \u0161pecifik\u00e1cie hydraulick\u00e9ho valca, pre ktor\u00fd potrebujete s\u00fapravu tesnen\u00ed.<\/li>\n<li>Zaznamenajte si podrobnosti, ako je priemer otvoru valca, priemer ty\u010de a po\u010det a typy potrebn\u00fdch tesnen\u00ed.<\/li>\n<li>Ak je to mo\u017en\u00e9, zmerajte rozmery existuj\u00facich tesnen\u00ed, aby ste zabezpe\u010dili presn\u00fa identifik\u00e1ciu a v\u00fdber s\u00fapravy tesnen\u00ed.<\/li>\n<\/ul>\n<\/li>\n<li><strong>Vyh\u013eada\u0165 dod\u00e1vate\u013eov tesnen\u00ed online:<\/strong>\n<ul>\n<li>Vyu\u017eite webov\u00e9 str\u00e1nky dod\u00e1vate\u013eov tesnen\u00ed a vyh\u013eadajte si s\u00fapravy tesnen\u00ed na z\u00e1klade \u0161pecifik\u00e1ci\u00ed v\u00e1\u0161ho hydraulick\u00e9ho valca.<\/li>\n<li>Zadajte zna\u010dku, model alebo rozmery valca do vyh\u013ead\u00e1vac\u00edch filtrov a z\u00fa\u017ete tak dostupn\u00e9 mo\u017enosti.<\/li>\n<li>Presk\u00famajte popisy produktov, \u0161pecifik\u00e1cie a inform\u00e1cie o kompatibilite poskytnut\u00e9 dod\u00e1vate\u013emi, aby ste zabezpe\u010dili spr\u00e1vnu zhodu.<\/li>\n<\/ul>\n<\/li>\n<li><strong>Overenie kompatibility:<\/strong>\n<ul>\n<li>Ke\u010f identifikujete potenci\u00e1lnu s\u00fapravu tesnen\u00ed, overte jej kompatibilitu s va\u0161\u00edm hydraulick\u00fdm valcom.<\/li>\n<li>Porovnajte \u0161pecifik\u00e1cie a rozmery s\u00fapravy tesnen\u00ed s inform\u00e1ciami zhroma\u017eden\u00fdmi z va\u0161ej valca.<\/li>\n<li>Uistite sa, \u017ee s\u00faprava tesnen\u00ed obsahuje v\u0161etky potrebn\u00e9 tesnenia po\u017eadovan\u00e9 pre \u0161pecifick\u00fa konfigur\u00e1ciu va\u0161ej f\u013ea\u0161e.<\/li>\n<\/ul>\n<\/li>\n<li><strong>Objednajte a nain\u0161talujte s\u00fapravu tesnen\u00ed:<\/strong>\n<ul>\n<li>Objednajte si s\u00fapravu tesnen\u00ed u vybran\u00e9ho dod\u00e1vate\u013ea alebo v\u00fdrobcu.<\/li>\n<li>Poskytnite presn\u00e9 inform\u00e1cie vr\u00e1tane \u0161pecifik\u00e1ci\u00ed valca a v\u0161etk\u00fdch \u010fal\u0161\u00edch po\u017eadovan\u00fdch podrobnost\u00ed, aby ste zabezpe\u010dili poskytnutie spr\u00e1vnej s\u00fapravy tesnen\u00ed.<\/li>\n<li>Ria\u010fte sa pokynmi dod\u00e1vate\u013ea t\u00fdkaj\u00facimi sa platby, dopravy a doru\u010denia.<\/li>\n<li>Po doru\u010den\u00ed s\u00fapravy tesnen\u00ed starostlivo dodr\u017eiavajte pokyny na in\u0161tal\u00e1ciu od dod\u00e1vate\u013ea alebo v\u00fdrobcu a vyme\u0148te tesnenia vo va\u0161om hydraulickom valci.<\/li>\n<\/ul>\n<\/li>\n<\/ol>\n<h2><strong>Schopnos\u0165 a kapacita tov\u00e1rne:<\/strong><\/h2>\n<h3>(1) Mont\u00e1\u017e<\/h3>\n<p>Disponujeme prvotriednou nez\u00e1vislou v\u00fdskumnou a v\u00fdvojovou mont\u00e1\u017enou platformou. Diel\u0148a na v\u00fdrobu hydraulick\u00fdch valcov m\u00e1 \u0161tyri poloautomatick\u00e9 mont\u00e1\u017ene linky zdv\u00edhac\u00edch valcov a jednu automatick\u00fa mont\u00e1\u017enu linku nakl\u00e1pac\u00edch valcov s projektovanou ro\u010dnou v\u00fdrobnou kapacitou 1 mili\u00f3n kusov. Diel\u0148a na v\u00fdrobu \u0161peci\u00e1lnych valcov je vybaven\u00e1 r\u00f4znymi \u0161pecifik\u00e1ciami poloautomatick\u00e9ho syst\u00e9mu \u010distenia a mont\u00e1\u017ee s projektovanou ro\u010dnou v\u00fdrobnou kapacitou 200 000 kusov a je vybaven\u00e1 zn\u00e1mym CNC obr\u00e1bac\u00edm zariaden\u00edm, obr\u00e1bac\u00edm centrom, \u0161peci\u00e1lnym zariaden\u00edm na vysoko presn\u00e9 spracovanie valcov, robotick\u00fdm zv\u00e1rac\u00edm strojom, automatick\u00fdm \u010distiacim strojom, automatick\u00fdm mont\u00e1\u017enym strojom valcov a automatickou lakovacou v\u00fdrobnou linkou. Existuj\u00face kritick\u00e9 zariadenia maj\u00fa viac ako 300 s\u00faprav (s\u00e1d). Optim\u00e1lne alokovanie a efekt\u00edvne vyu\u017e\u00edvanie zdrojov zariaden\u00ed zabezpe\u010duje po\u017eiadavky na presnos\u0165 v\u00fdrobkov a sp\u013a\u0148a po\u017eiadavky na vysok\u00fa kvalitu v\u00fdrobkov.<\/p>\n<p><img loading=\"lazy\" decoding=\"async\" class=\"alignnone wp-image-626\" src=\"https:\/\/hydraulic-cylinders.net\/wp-content\/uploads\/2023\/08\/hydraulic-cylinder-product-1-300x158.webp\" alt=\"\" width=\"495\" height=\"260\" srcset=\"https:\/\/hydraulic-cylinders.net\/wp-content\/uploads\/2023\/08\/hydraulic-cylinder-product-1-300x158.webp 495w, https:\/\/hydraulic-cylinders.net\/wp-content\/uploads\/2023\/08\/hydraulic-cylinder-product-1-480x252.webp 480w\" sizes=\"(min-width: 0px) and (max-width: 480px) 480px, (min-width: 481px) 495px, 100vw\" \/> <img loading=\"lazy\" decoding=\"async\" class=\"alignnone wp-image-627\" src=\"https:\/\/hydraulic-cylinders.net\/wp-content\/uploads\/2023\/08\/hydraulic-cylinder-product-2-300x189.webp\" alt=\"\" width=\"413\" height=\"260\" \/><\/p>\n<h3>(2) Obr\u00e1banie<\/h3>\n<p>Obr\u00e1bacia diel\u0148a je vybaven\u00e1 prisp\u00f4soben\u00fdm s\u00fastru\u017en\u00edckym centrom na \u0161ikm\u00e9 ko\u013eajnice, obr\u00e1bac\u00edm centrom, vysokor\u00fdchlostn\u00fdm honovac\u00edm strojom, zv\u00e1rac\u00edm robotom a \u010fal\u0161\u00edm s\u00favisiacim zariaden\u00edm, ktor\u00e9 dok\u00e1\u017ee spracova\u0165 valcov\u00e9 r\u00fary s maxim\u00e1lnym vn\u00fatorn\u00fdm priemerom 400 mm a maxim\u00e1lnou d\u013a\u017ekou 6 metrov.<\/p>\n<p><img loading=\"lazy\" decoding=\"async\" class=\"alignnone wp-image-628 size-large\" src=\"https:\/\/hydraulic-cylinders.net\/wp-content\/uploads\/2023\/08\/hydraulic-cylinder-product-3-1024x391.webp\" alt=\"\" width=\"1024\" height=\"391\" srcset=\"https:\/\/hydraulic-cylinders.net\/wp-content\/uploads\/2023\/08\/hydraulic-cylinder-product-3-980x374.webp 980w, https:\/\/hydraulic-cylinders.net\/wp-content\/uploads\/2023\/08\/hydraulic-cylinder-product-3-480x183.webp 480w\" sizes=\"(min-width: 0px) and (max-width: 480px) 480px, (min-width: 481px) and (max-width: 980px) 980px, (min-width: 981px) 1024px, 100vw\" \/><\/p>\n<h3>(3) Zv\u00e1ranie<\/h3>\n<p><img loading=\"lazy\" decoding=\"async\" class=\"alignnone wp-image-629 size-large\" src=\"https:\/\/hydraulic-cylinders.net\/wp-content\/uploads\/2023\/08\/hydraulic-cylinder-product-4-1024x510.webp\" alt=\"\" width=\"1024\" height=\"510\" srcset=\"https:\/\/hydraulic-cylinders.net\/wp-content\/uploads\/2023\/08\/hydraulic-cylinder-product-4-980x488.webp 980w, https:\/\/hydraulic-cylinders.net\/wp-content\/uploads\/2023\/08\/hydraulic-cylinder-product-4-480x239.webp 480w\" sizes=\"(min-width: 0px) and (max-width: 480px) 480px, (min-width: 481px) and (max-width: 980px) 980px, (min-width: 981px) 1024px, 100vw\" \/><\/p>\n<h3>(4) Ma\u013eovanie a natieranie<\/h3>\n<p>S mal\u00fdmi a stredne ve\u013ek\u00fdmi valcov\u00fdmi automatick\u00fdmi linkami na nan\u00e1\u0161anie farieb na vodnej b\u00e1ze, na dosiahnutie automatick\u00e9ho nakladania a vykladania robotmi a automatick\u00e9ho striekania, je projektovan\u00e1 kapacita 4000 kusov za smenu;<br \/>\nM\u00e1me tie\u017e poloautomatick\u00fa linku na v\u00fdrobu farieb pre ve\u013ek\u00e9 valce poh\u00e1\u0148an\u00e9 re\u0165azou s projektovanou kapacitou 60 kusov za smenu.<\/p>\n<p><img loading=\"lazy\" decoding=\"async\" class=\"alignnone wp-image-630\" src=\"https:\/\/hydraulic-cylinders.net\/wp-content\/uploads\/2023\/08\/hydraulic-cylinder-product-5-300x213.webp\" alt=\"\" width=\"366\" height=\"260\" \/> <img loading=\"lazy\" decoding=\"async\" class=\"alignnone wp-image-631\" src=\"https:\/\/hydraulic-cylinders.net\/wp-content\/uploads\/2023\/08\/hydraulic-cylinder-product-6-300x225.webp\" alt=\"\" width=\"347\" height=\"260\" \/><\/p>\n<h3>(5) Testovanie<\/h3>\n<p>Disponujeme prvotriednymi kontroln\u00fdmi zariadeniami a sk\u00fa\u0161obn\u00fdmi zariadeniami, ktor\u00e9 zabezpe\u010duj\u00fa, \u017ee v\u00fdkonnos\u0165 valca sp\u013a\u0148a po\u017eiadavky.<\/p>\n<p><img loading=\"lazy\" decoding=\"async\" class=\"alignnone wp-image-632\" src=\"https:\/\/hydraulic-cylinders.net\/wp-content\/uploads\/2023\/08\/hydraulic-cylinder-product-8-300x200.webp\" alt=\"\" width=\"389\" height=\"260\" \/><\/p>\n<p>&nbsp;<\/p>\n<p>&nbsp;<\/p>\n<p>Sme jedn\u00fdm z najlep\u0161\u00edch v\u00fdrobcov hydraulick\u00fdch valcov. Pon\u00fakame komplexn\u00e9 hydraulick\u00e9 valce. Poskytujeme aj zodpovedaj\u00face <a href=\"https:\/\/hzpt.com\/agricultural-pto-gearbox\/\" target=\"_blank\" rel=\"noopener\">po\u013enohospod\u00e1rske prevodovky<\/a>Na\u0161e produkty sme vyv\u00e1\u017eali klientom po celom svete a v\u010faka vynikaj\u00facej kvalite produktov a popredajn\u00e9mu servisu sme si z\u00edskali dobr\u00fa reput\u00e1ciu. V\u00edtame z\u00e1kazn\u00edkov doma aj v zahrani\u010d\u00ed, ktor\u00ed n\u00e1s kontaktuj\u00fa za \u00fa\u010delom rokovania o obchodn\u00fdch z\u00e1le\u017eitostiach, v\u00fdmeny inform\u00e1ci\u00ed a <a href=\"https:\/\/www.hydraulic-cylinders.net\/sk\/contact-us\/\">spolupracova\u0165 s nami<\/a>!<\/p>","protected":false},"excerpt":{"rendered":"<p>Press Rear Side Shift Cylinder The press rear side shift cylinder is a cutting-edge tool designed to enhance efficiency and precision in pressing operations. With its innovative rear side shifting capability, this cylinder allows for seamless adjustment of workpieces during pressing, ensuring accurate alignment and reducing setup time. The press rear side shift cylinder is [&hellip;]<\/p>","protected":false},"featured_media":1685,"comment_status":"open","ping_status":"closed","template":"","meta":{"_et_pb_use_builder":"","_et_pb_old_content":"","_et_gb_content_width":""},"product_brand":[],"product_cat":[1550,1522,1376],"product_tag":[1380],"class_list":{"0":"post-1682","1":"product","2":"type-product","3":"status-publish","4":"has-post-thumbnail","6":"product_cat-double-acting-hydraulic-cylinder","7":"product_cat-press-hydraulic-cylinders","8":"product_cat-hydraulic-cylinder","9":"product_tag-hydraulic-cylinder","11":"first","12":"instock","13":"shipping-taxable","14":"product-type-simple"},"amp_enabled":true,"_links":{"self":[{"href":"https:\/\/www.hydraulic-cylinders.net\/sk\/wp-json\/wp\/v2\/product\/1682","targetHints":{"allow":["GET"]}}],"collection":[{"href":"https:\/\/www.hydraulic-cylinders.net\/sk\/wp-json\/wp\/v2\/product"}],"about":[{"href":"https:\/\/www.hydraulic-cylinders.net\/sk\/wp-json\/wp\/v2\/types\/product"}],"replies":[{"embeddable":true,"href":"https:\/\/www.hydraulic-cylinders.net\/sk\/wp-json\/wp\/v2\/comments?post=1682"}],"wp:featuredmedia":[{"embeddable":true,"href":"https:\/\/www.hydraulic-cylinders.net\/sk\/wp-json\/wp\/v2\/media\/1685"}],"wp:attachment":[{"href":"https:\/\/www.hydraulic-cylinders.net\/sk\/wp-json\/wp\/v2\/media?parent=1682"}],"wp:term":[{"taxonomy":"product_brand","embeddable":true,"href":"https:\/\/www.hydraulic-cylinders.net\/sk\/wp-json\/wp\/v2\/product_brand?post=1682"},{"taxonomy":"product_cat","embeddable":true,"href":"https:\/\/www.hydraulic-cylinders.net\/sk\/wp-json\/wp\/v2\/product_cat?post=1682"},{"taxonomy":"product_tag","embeddable":true,"href":"https:\/\/www.hydraulic-cylinders.net\/sk\/wp-json\/wp\/v2\/product_tag?post=1682"}],"curies":[{"name":"pracovn\u00fd list","href":"https:\/\/api.w.org\/{rel}","templated":true}]}}