{"id":16820,"date":"2025-01-21T05:56:48","date_gmt":"2025-01-21T05:56:48","guid":{"rendered":"https:\/\/www.hydraulic-cylinders.net\/product\/arm-cylinder-for-volwa-middle-excavator-dls230-8h\/"},"modified":"2025-01-21T05:56:49","modified_gmt":"2025-01-21T05:56:49","slug":"arm-cylinder-for-volwa-middle-excavator-dls230-8h","status":"publish","type":"product","link":"https:\/\/www.hydraulic-cylinders.net\/sk\/produkt\/arm-cylinder-for-volwa-middle-excavator-dls230-8h\/","title":{"rendered":"Valec ramena pre stredn\u00e9 r\u00fdpadlo Volwa DLS230-8H"},"content":{"rendered":"<h1>Valec ramena pre stredn\u00e9 r\u00fdpadlo Volwa DLS230-8H<\/h1>\n<h2>\u00davod<\/h2>\n<p>Hydraulick\u00fd valec ramena je \u0161peci\u00e1lne navrhnut\u00fd hydraulick\u00fd valec pou\u017e\u00edvan\u00fd na zabezpe\u010denie line\u00e1rneho pohybu a v\u00fdkonu ramien r\u00f4znych strojov, ako s\u00fa r\u00fdpadl\u00e1, \u017eeriavy a mechanick\u00e9 ramen\u00e1. Valec ramena hr\u00e1 k\u013e\u00fa\u010dov\u00fa \u00falohu v hydraulick\u00fdch syst\u00e9moch, preto\u017ee umo\u017e\u0148uje efekt\u00edvny pohyb a ovl\u00e1danie pr\u00edslu\u0161enstva alebo pr\u00edslu\u0161enstva. Tieto valce nielen zabezpe\u010duj\u00fa plynul\u00fd pohyb, ale tie\u017e odol\u00e1vaj\u00fa \u0165a\u017ek\u00fdm za\u0165a\u017eeniam, \u010d\u00edm zabezpe\u010duj\u00fa efekt\u00edvnu prev\u00e1dzku a spo\u013eahlivos\u0165 stroja za r\u00f4znych prev\u00e1dzkov\u00fdch podmienok.<\/p>\n<p><img decoding=\"async\" src=\"https:\/\/www.hydraulic-cylinders.net\/wp-content\/uploads\/2025\/01\/songte-company-2.webp\"><\/p>\n<h3>Defin\u00edcia a vysvetlenie<\/h3>\n<p>Hydraulick\u00fd valec ramena je typ hydraulick\u00e9ho valca, ktor\u00fd je zodpovedn\u00fd za line\u00e1rny pohyb a v\u00fdkon ramien stroja. Valec je zvy\u010dajne vyroben\u00fd z vysokopevnostn\u00fdch materi\u00e1lov, \u010do mu poskytuje vynikaj\u00facu odolnos\u0165 vo\u010di opotrebovaniu a kor\u00f3zii. Je schopn\u00fd dod\u00e1va\u0165 siln\u00fd line\u00e1rny pohyb a silu, \u010d\u00edm zabezpe\u010duje efekt\u00edvny v\u00fdkon strojov\u00fdch oper\u00e1ci\u00ed. Presn\u00e9 ovl\u00e1danie pohybu valca prostredn\u00edctvom hydraulick\u00e9ho syst\u00e9mu poskytuje flexibilitu a presnos\u0165 pri ovl\u00e1dan\u00ed pr\u00edslu\u0161enstva. Valce ramena sa \u0161iroko pou\u017e\u00edvaj\u00fa v r\u00f4znych strojov\u00fdch zariadeniach, ako s\u00fa bagre, \u017eeriavy a mechanick\u00e9 ramen\u00e1, a s\u00fa prisp\u00f4sobite\u013en\u00e9 r\u00f4znym pracovn\u00fdm po\u017eiadavk\u00e1m. Okrem toho sa ich kon\u0161trukcia \u013eahko udr\u017eiava, \u010do u\u013eah\u010duje kontrolu a \u00fadr\u017ebu a skracuje prestoje zariaden\u00ed.<\/p>\n<h2>Funkcie<\/h2>\n<p>Valec ramena pre stredn\u00e9 r\u00fdpadlo Volwa DLS230-8H m\u00e1 nasleduj\u00face vlastnosti:<\/p>\n<ol>\n<li><strong>Vysoko\u00fa\u010dinn\u00fd pohon:<\/strong> Valec ramena poskytuje siln\u00fd line\u00e1rny pohyb a silu, \u010d\u00edm zais\u0165uje efekt\u00edvny v\u00fdkon strojov\u00fdch oper\u00e1ci\u00ed.<\/li>\n<li><strong>Presn\u00e9 ovl\u00e1danie:<\/strong> Hydraulick\u00fd syst\u00e9m valca ramena umo\u017e\u0148uje presn\u00e9 ovl\u00e1danie pohybu, \u010do vedie k flexibilnej\u0161ej a presnej\u0161ej obsluhe pr\u00edslu\u0161enstva.<\/li>\n<li><strong>Trvanlivos\u0165:<\/strong> Valce ramien s\u00fa zvy\u010dajne vyroben\u00e9 z vysokopevnostn\u00fdch materi\u00e1lov, v\u010faka \u010domu s\u00fa odoln\u00e9 a odoln\u00e9 vo\u010di opotrebovaniu a kor\u00f3zii, a preto s\u00fa vhodn\u00e9 na dlhodob\u00e9 pou\u017e\u00edvanie v n\u00e1ro\u010dn\u00fdch podmienkach.<\/li>\n<li><strong>Multifunk\u010dn\u00e1 prisp\u00f4sobivos\u0165:<\/strong> Tieto valce sa daj\u00fa \u0161iroko pou\u017e\u00edva\u0165 v r\u00f4znych strojn\u00fdch zariadeniach, ako s\u00fa bagre, \u017eeriavy a mechanick\u00e9 ramen\u00e1, aby sa prisp\u00f4sobili r\u00f4znym pracovn\u00fdm po\u017eiadavk\u00e1m.<\/li>\n<li><strong>Jednoduch\u00e1 \u00fadr\u017eba:<\/strong> Valce ramien s\u00fa navrhnut\u00e9 s oh\u013eadom na jednoduch\u00fa \u00fadr\u017ebu a v\u00fdmenu, v\u010faka \u010domu s\u00fa pravideln\u00e9 kontroly a \u00fadr\u017eba pohodlnej\u0161ie a skracuj\u00fa prestoje zariadenia.<\/li>\n<\/ol>\n<p>Tieto hydraulick\u00e9 valce vieme vyrobi\u0165 a nahradi\u0165 na\u0161imi produktmi. Na\u0161e produkty dok\u00e1\u017eu tieto hydraulick\u00e9 valce dokonale nahradi\u0165. <\/p>\n<p><img decoding=\"async\" src=\"https:\/\/www.hydraulic-cylinders.net\/wp-content\/uploads\/2025\/01\/songte-oil-pipes-and-spare-parts.webp\"><\/p>\n<h2>Aplik\u00e1cie<\/h2>\n<p>Valec ramena pre stredn\u00e9 r\u00fdpadlo Volwa DLS230-8H m\u00e1 r\u00f4zne uplatnenie v r\u00f4znych odvetviach, ako napr\u00edklad:<\/p>\n<ul>\n<li><strong>Stavebn\u00e9 in\u017einierstvo:<\/strong> V bagroch a \u017eeriavoch ovl\u00e1daj\u00fa valce ramien pohyb r\u00fdpadiel alebo v\u00fdlo\u017en\u00edkov pri zemn\u00fdch pr\u00e1cach, manipul\u00e1cii s materi\u00e1lom a mont\u00e1\u017ei kon\u0161trukci\u00ed.<\/li>\n<li><strong>V\u00fdroba:<\/strong> V automatizovan\u00fdch v\u00fdrobn\u00fdch link\u00e1ch riadia valce ramien pohyb mechanick\u00fdch ramien na vykon\u00e1vanie mont\u00e1\u017enych, zv\u00e1rac\u00edch a manipula\u010dn\u00fdch procesov, \u010d\u00edm sa zlep\u0161uje efektivita a presnos\u0165 v\u00fdroby.<\/li>\n<li><strong>Po\u013enohospod\u00e1rske stroje:<\/strong> V po\u013enohospod\u00e1rskych strojoch, ako s\u00fa zbera\u010de a seja\u010dky, riadia valce ramien pohyb opera\u010dn\u00fdch ramien na vykon\u00e1vanie \u00faloh, ako je siatie, hnojenie a zber \u00farody.<\/li>\n<li><strong>\u0164a\u017eba:<\/strong> V bansk\u00fdch zariadeniach ovl\u00e1daj\u00fa valce ramien pohyb ramien bansk\u00fdch zariaden\u00ed pri \u0165a\u017ebe a preprave r\u00fad.<\/li>\n<li><strong>Logistika a doprava:<\/strong> Vo vysokozdvi\u017en\u00fdch voz\u00edkoch a manipula\u010dn\u00fdch robotoch ovl\u00e1daj\u00fa valce ramien zdv\u00edhanie a pohyb vidl\u00edc na manipul\u00e1ciu a stohovanie materi\u00e1lov.<\/li>\n<\/ul>\n<p>Valec ramena pre stredn\u00e9 r\u00fdpadlo Volwa DLS230-8H je v\u0161estrann\u00fd, prisp\u00f4sobite\u013en\u00fd r\u00f4znym zariadeniam a zlep\u0161uje prev\u00e1dzkov\u00fa efektivitu.<\/p>\n<h2>\u00davahy o dizajne a krit\u00e9ri\u00e1 v\u00fdberu<\/h2>\n<p>Pri navrhovan\u00ed a v\u00fdbere valcov ramena je potrebn\u00e9 zv\u00e1\u017ei\u0165 nieko\u013eko faktorov, vr\u00e1tane:<\/p>\n<ul>\n<li><strong>Nosnos\u0165:<\/strong> Valce ramien by mali by\u0165 schopn\u00e9 odola\u0165 vysok\u00e9mu za\u0165a\u017eeniu, \u010d\u00edm by sa zabezpe\u010dila efekt\u00edvna prev\u00e1dzka stroja za r\u00f4znych pracovn\u00fdch podmienok.<\/li>\n<li><strong>Tesniaci v\u00fdkon:<\/strong> Hydraulick\u00fd valec by mal ma\u0165 vynikaj\u00faci tesniaci v\u00fdkon, aby sa zabr\u00e1nilo \u00faniku kvapaliny, \u010do m\u00f4\u017ee vies\u0165 k zn\u00ed\u017eeniu v\u00fdkonu, zv\u00fd\u0161enej spotrebe energie a pred\u010dasn\u00e9mu opotrebovaniu.<\/li>\n<li><strong>Trvanlivos\u0165:<\/strong> Valce ramien by mali by\u0165 vyroben\u00e9 z vysoko pevn\u00fdch materi\u00e1lov a mali by ma\u0165 vynikaj\u00facu odolnos\u0165 vo\u010di opotrebovaniu a kor\u00f3zii, v\u010faka \u010domu s\u00fa vhodn\u00e9 na dlhodob\u00e9 pou\u017e\u00edvanie v n\u00e1ro\u010dn\u00fdch podmienkach.<\/li>\n<li><strong>Bezpe\u010dnos\u0165:<\/strong> Valce ramien by mali sp\u013a\u0148a\u0165 bezpe\u010dnostn\u00e9 normy, aby sa predi\u0161lo nehod\u00e1m a zabezpe\u010dila sa bezpe\u010dn\u00e1 a spo\u013eahliv\u00e1 prev\u00e1dzka strojov.<\/li>\n<li><strong>\u00dadr\u017eba:<\/strong> Valce ramien by mali by\u0165 navrhnut\u00e9 pre jednoduch\u00fa \u00fadr\u017ebu a v\u00fdmenu, \u010do u\u013eah\u010duje pravideln\u00e9 kontroly a \u00fadr\u017ebu a skracuje prestoje zariadenia.<\/li>\n<\/ul>\n<p><img decoding=\"async\" src=\"https:\/\/www.hydraulic-cylinders.net\/wp-content\/uploads\/2025\/01\/songte-cylinder-head-with-all-kinds-excavator-models.webp\"><\/p>\n<h2>Tesnenie a mazanie<\/h2>\n<p>Valce ramena pou\u017e\u00edvaj\u00fa r\u00f4zne tesnenia, ako s\u00fa tesnenia piestov a tesnenia ty\u010d\u00ed, vyroben\u00e9 z materi\u00e1lov odoln\u00fdch vo\u010di opotrebovaniu, ako je polyuret\u00e1n a nitrilov\u00fd kau\u010duk. Povrchy hlavy valcov a koncov ty\u010d\u00ed sa prec\u00edzne oprac\u00favaj\u00fa, aby sa zlep\u0161ila odolnos\u0165 vo\u010di opotrebovaniu. Mazanie je nevyhnutn\u00e9 pre plynul\u00fd chod valca a hydraulick\u00fd olej by sa mal pravidelne prid\u00e1va\u0165 v spr\u00e1vnom mno\u017estve.<\/p>\n<h2>Kontroln\u00e9 a prevent\u00edvne \u00fadr\u017eb\u00e1rske opatrenia<\/h2>\n<p>Pravideln\u00e9 kontroly a prevent\u00edvna \u00fadr\u017eba m\u00f4\u017eu pom\u00f4c\u0165 v\u010das identifikova\u0165 a vyrie\u0161i\u0165 potenci\u00e1lne probl\u00e9my a skr\u00e1ti\u0165 prestoje zariaden\u00ed. Mo\u017eno prija\u0165 tieto opatrenia:<\/p>\n<ul>\n<li>Pravidelne kontrolujte valec ramena, \u010di nie je netesn\u00fd, po\u0161koden\u00fd alebo opotrebovan\u00fd, a opotrebovan\u00e9 alebo po\u0161koden\u00e9 diely okam\u017eite vyme\u0148te.<\/li>\n<li>Skontrolujte hladinu hydraulick\u00e9ho oleja a v pr\u00edpade potreby olej dopl\u0148te.<\/li>\n<li>Skontrolujte hydraulick\u00e9 potrubia, \u010di nie s\u00fa po\u0161koden\u00e9 a netesn\u00e9, a v pr\u00edpade potreby ich vyme\u0148te.<\/li>\n<li>Pravidelne kontrolujte upev\u0148ovacie skrutky valca, aby ste sa uistili, \u017ee s\u00fa pevne utiahnut\u00e9.<\/li>\n<li>Skontrolujte ojnicu valca, \u010di nie je opotrebovan\u00e1, po\u0161koden\u00e1 alebo ohnut\u00e1, a v pr\u00edpade potreby ju opravte alebo vyme\u0148te.<\/li>\n<\/ul>\n<p><img decoding=\"async\" src=\"https:\/\/www.hydraulic-cylinders.net\/wp-content\/uploads\/2025\/01\/songte-chushion-collar.webp\"><\/p>\n<h2>Sprievodca in\u0161tal\u00e1ciou produktu<\/h2>\n<p>In\u0161tal\u00e1cia valca ramena pre stredn\u00e9 r\u00fdpadlo Volwa DLS230-8H je jednoduch\u00e1. Postupujte pod\u013ea t\u00fdchto krokov:<\/p>\n<ol>\n<li>Umiestnite valec do mont\u00e1\u017enej polohy a zarovnajte ho s mont\u00e1\u017enymi otvormi.<\/li>\n<li>Valec zaistite pomocou skrutiek a mat\u00edc.<\/li>\n<li>Pripojte hydraulick\u00e9 potrubia a armat\u00fary k otvorom valca.<\/li>\n<li>Napl\u0148te syst\u00e9m hydraulick\u00fdm olejom a skontrolujte tesnos\u0165.<\/li>\n<\/ol>\n<p>Podrobnej\u0161ie pokyny na in\u0161tal\u00e1ciu n\u00e1jdete v n\u00e1vode na pou\u017eitie od v\u00fdrobcu.<\/p>\n<p><img decoding=\"async\" src=\"https:\/\/www.hydraulic-cylinders.net\/wp-content\/uploads\/2025\/01\/songte-bushings-with-all-kinds-of-excavator-models.webp\"><\/p>\n<h2>Bezpe\u010dnostn\u00e9 aspekty a faktory prostredia<\/h2>\n<p>Pri pou\u017e\u00edvan\u00ed hydraulick\u00fdch valcov ramena by mala by\u0165 bezpe\u010dnos\u0165 najvy\u0161\u0161ou prioritou. Dodr\u017eiavajte bezpe\u010dnostn\u00e9 normy a pokyny, aby ste predi\u0161li nehod\u00e1m a zabezpe\u010dili bezpe\u010dn\u00fa a spo\u013eahliv\u00fa prev\u00e1dzku strojov. Okrem toho zv\u00e1\u017ete environment\u00e1lne faktory, ako je spr\u00e1vna likvid\u00e1cia pou\u017eit\u00e9ho hydraulick\u00e9ho oleja a in\u00fdch odpadov\u00fdch materi\u00e1lov, aby ste zn\u00ed\u017eili vplyv na \u017eivotn\u00e9 prostredie.<\/p>\n<h2>Diagnostika por\u00fach a be\u017en\u00e9 probl\u00e9my<\/h2>\n<p>Valce ramien m\u00f4\u017eu ma\u0165 r\u00f4zne probl\u00e9my vr\u00e1tane netesnost\u00ed, po\u0161kodenia a opotrebenia. Medzi be\u017en\u00e9 probl\u00e9my patria:<\/p>\n<ul>\n<li>Nedostato\u010dn\u00e1 sila alebo v\u00fdkon<\/li>\n<li>Pomal\u00fd alebo nepravideln\u00fd pohyb<\/li>\n<li>Zv\u00fd\u0161en\u00fd hluk alebo vibr\u00e1cie<\/li>\n<li>\u00danik<\/li>\n<\/ul>\n<p>Ak sa vyskytne ktor\u00fdko\u013evek z t\u00fdchto probl\u00e9mov, postupujte pod\u013ea pokynov v\u00fdrobcu v n\u00e1vode na pou\u017eitie a vykonajte potrebn\u00e9 opravy alebo v\u00fdmeny, aby ste predi\u0161li \u010fal\u0161iemu po\u0161kodeniu.<\/p>\n<h2>Rie\u0161enie probl\u00e9mov a prevent\u00edvne opatrenia<\/h2>\n<p>\u00da\u010dinn\u00e9 rie\u0161enie probl\u00e9mov a prevent\u00edvne opatrenia m\u00f4\u017eu pom\u00f4c\u0165 v\u010das diagnostikova\u0165 a vyrie\u0161i\u0165 probl\u00e9my a skr\u00e1ti\u0165 prestoje zariaden\u00ed. Zv\u00e1\u017ete nasleduj\u00face:<\/p>\n<ul>\n<li>Pravideln\u00e9 kontroly a \u00fadr\u017eba<\/li>\n<li>Spr\u00e1vna in\u0161tal\u00e1cia<\/li>\n<li>Pou\u017eitie vysokokvalitn\u00fdch komponentov<\/li>\n<li>Dodr\u017eiavanie bezpe\u010dnostn\u00fdch pokynov a noriem<\/li>\n<\/ul>\n<p>Prijat\u00edm t\u00fdchto opatren\u00ed m\u00f4\u017eete zn\u00ed\u017ei\u0165 v\u00fdskyt probl\u00e9mov a n\u00e1sledn\u00e9 prestoje zariadenia a pred\u013a\u017ei\u0165 \u017eivotnos\u0165 valca ramena.<\/p>\n<p><img decoding=\"async\" src=\"https:\/\/www.hydraulic-cylinders.net\/wp-content\/uploads\/2025\/01\/songte-company-4.webp\"><\/p>\n<h2>O n\u00e1s<\/h2>\n<p>Sme profesion\u00e1lny v\u00fdrobca n\u00e1hradn\u00fdch hydraulick\u00fdch valcov a pon\u00fakame \u0161irok\u00fa \u0161k\u00e1lu produktov. Sme jedn\u00fdm z popredn\u00fdch v\u00fdrobcov a ve\u013ekoobchodn\u00fdch distrib\u00fatorov hydraulick\u00fdch valcov na dom\u00e1com aj medzin\u00e1rodnom trhu. V\u017edy dodr\u017eiavame z\u00e1sadu vynikaj\u00facej kvality, spoliehame sa na industrializovan\u00e9 strat\u00e9gie riadenia v\u00fdroby v prec\u00edzne spracovan\u00fdch v\u00fdrobn\u00fdch diel\u0148ach a neust\u00e1le zlep\u0161ujeme na\u0161u technick\u00fa \u00farove\u0148 a efektivitu v\u00fdroby. Zav\u00e1dzan\u00edm \u0161pi\u010dkov\u00fdch digitalizovan\u00fdch v\u00fdrobn\u00fdch zariaden\u00ed a profesion\u00e1lnych testovac\u00edch syst\u00e9mov optimalizujeme v\u00fdrobn\u00fa platformu, zlep\u0161ujeme proces kontroly kvality v\u00fdrobkov a disponujeme siln\u00fdmi inova\u010dn\u00fdmi schopnos\u0165ami. Na\u0161\u00edm cie\u013eom je uspokoji\u0165 rozmanit\u00e9 potreby z\u00e1kazn\u00edkov v s\u00falade so z\u00e1sadami efekt\u00edvnosti, presnosti a vysokej kvality.<\/p>\n<h3>Profesionalita<\/h3>\n<p>Sme t\u00edm kvalifikovan\u00fdch odborn\u00edkov s rozsiahlymi sk\u00fasenos\u0165ami vo v\u00fdrobe, v\u00fdskume a v\u00fdvoji hydraulick\u00fdch valcov. Zaviazali sme sa poskytova\u0165 na\u0161im z\u00e1kazn\u00edkom tie najlep\u0161ie produkty a slu\u017eby v\u010das a efekt\u00edvne.<\/p>\n<h3>Medzin\u00e1rodn\u00e1 certifik\u00e1cia<\/h3>\n<p>Na\u0161e v\u00fdrobky pre\u0161li medzin\u00e1rodn\u00fdmi certifik\u00e1ciami ako ISO, CE a SGS, \u010do sved\u010d\u00ed o na\u0161om z\u00e1v\u00e4zku ku kvalite a bezpe\u010dnosti.<\/p>\n<h3>Slu\u017eby prisp\u00f4sobenia<\/h3>\n<p>Pon\u00fakame hydraulick\u00e9 valce na mieru pod\u013ea \u0161pecifick\u00fdch po\u017eiadaviek z\u00e1kazn\u00edka, aby sme zabezpe\u010dili, \u017ee sp\u013a\u0148aj\u00fa jeho jedine\u010dn\u00e9 potreby a preferencie.<\/p>\n<h3>V\u00fdrobn\u00e9 zariadenia<\/h3>\n<p>Pou\u017e\u00edvame \u0161pi\u010dkov\u00e9 digitalizovan\u00e9 v\u00fdrobn\u00e9 zariadenia, aby sme zabezpe\u010dili vysok\u00fa kvalitu a presnos\u0165 na\u0161ich produktov, \u010do z\u00e1rove\u0148 zvy\u0161uje efektivitu v\u00fdroby.<\/p>\n<h3>Popredajn\u00fd servis<\/h3>\n<p>Poskytujeme vynikaj\u00faci popredajn\u00fd servis vr\u00e1tane in\u0161tala\u010dnej podpory, \u00fadr\u017eby a v\u00fdmeny dielov, aby sme zabezpe\u010dili spokojnos\u0165 z\u00e1kazn\u00edkov. <\/p>\n<p><img decoding=\"async\" src=\"https:\/\/www.hydraulic-cylinders.net\/wp-content\/uploads\/2025\/01\/songte-company-3.webp\"><\/p>\n<p>Zaviazali sme sa poskytova\u0165 na\u0161im z\u00e1kazn\u00edkom vysoko kvalitn\u00e9 hydraulick\u00e9 valce a vynikaj\u00face slu\u017eby. Na\u0161e produkty s\u00fa prisp\u00f4sobite\u013en\u00e9 r\u00f4znym zariadeniam a sp\u013a\u0148aj\u00fa r\u00f4zne potreby v odvetv\u00ed. <\/p>\n<p>Autor: lyl<\/p>","protected":false},"excerpt":{"rendered":"<p>Arm Cylinder For Volwa Middle Excavator DLS230-8H Introduction An arm cylinder is a specially designed hydraulic cylinder used to provide linear motion and power to the arms of various machinery, such as excavators, cranes, and mechanical arms. The arm cylinder plays a key role in hydraulic systems, enabling attachments or accessories to move and be [&hellip;]<\/p>","protected":false},"featured_media":14777,"comment_status":"open","ping_status":"closed","template":"","meta":{"_et_pb_use_builder":"","_et_pb_old_content":"","_et_gb_content_width":""},"product_brand":[],"product_cat":[1497],"product_tag":[1498,1496],"class_list":{"0":"post-16820","1":"product","2":"type-product","3":"status-publish","4":"has-post-thumbnail","6":"product_cat-arm-cylinders","7":"product_tag-arm-cylinders","8":"product_tag-hydraulic-cylinders","10":"first","11":"instock","12":"shipping-taxable","13":"product-type-simple"},"amp_enabled":true,"_links":{"self":[{"href":"https:\/\/www.hydraulic-cylinders.net\/sk\/wp-json\/wp\/v2\/product\/16820","targetHints":{"allow":["GET"]}}],"collection":[{"href":"https:\/\/www.hydraulic-cylinders.net\/sk\/wp-json\/wp\/v2\/product"}],"about":[{"href":"https:\/\/www.hydraulic-cylinders.net\/sk\/wp-json\/wp\/v2\/types\/product"}],"replies":[{"embeddable":true,"href":"https:\/\/www.hydraulic-cylinders.net\/sk\/wp-json\/wp\/v2\/comments?post=16820"}],"wp:featuredmedia":[{"embeddable":true,"href":"https:\/\/www.hydraulic-cylinders.net\/sk\/wp-json\/wp\/v2\/media\/14777"}],"wp:attachment":[{"href":"https:\/\/www.hydraulic-cylinders.net\/sk\/wp-json\/wp\/v2\/media?parent=16820"}],"wp:term":[{"taxonomy":"product_brand","embeddable":true,"href":"https:\/\/www.hydraulic-cylinders.net\/sk\/wp-json\/wp\/v2\/product_brand?post=16820"},{"taxonomy":"product_cat","embeddable":true,"href":"https:\/\/www.hydraulic-cylinders.net\/sk\/wp-json\/wp\/v2\/product_cat?post=16820"},{"taxonomy":"product_tag","embeddable":true,"href":"https:\/\/www.hydraulic-cylinders.net\/sk\/wp-json\/wp\/v2\/product_tag?post=16820"}],"curies":[{"name":"pracovn\u00fd list","href":"https:\/\/api.w.org\/{rel}","templated":true}]}}