{"id":16827,"date":"2025-01-21T05:57:18","date_gmt":"2025-01-21T05:57:18","guid":{"rendered":"https:\/\/www.hydraulic-cylinders.net\/product\/arm-cylinder-for-volwa-cane-unloader-dls880-9a\/"},"modified":"2025-01-21T05:57:23","modified_gmt":"2025-01-21T05:57:23","slug":"arm-cylinder-for-volwa-cane-unloader-dls880-9a","status":"publish","type":"product","link":"https:\/\/www.hydraulic-cylinders.net\/sk\/produkt\/arm-cylinder-for-volwa-cane-unloader-dls880-9a\/","title":{"rendered":"Valec ramena pre vyklada\u010d cukrovej trstiny Volwa DLS880-9A"},"content":{"rendered":"<h1>Valec ramena pre vyklada\u010d cukrovej trstiny Volwa DLS880-9A<\/h1>\n<h2>\u00davod<\/h2>\n<h3>Definovanie valca ramena<\/h3>\n<p>Hydraulick\u00fd valec ramena je \u0161peci\u00e1lne navrhnut\u00fd hydraulick\u00fd valec pou\u017e\u00edvan\u00fd na zabezpe\u010denie line\u00e1rneho pohybu a v\u00fdkonu ramien r\u00f4znych typov strojov, ako s\u00fa r\u00fdpadl\u00e1, \u017eeriavy a mechanick\u00e9 ramen\u00e1. Hydraulick\u00e9 valce ramena zohr\u00e1vaj\u00fa k\u013e\u00fa\u010dov\u00fa \u00falohu v hydraulick\u00fdch syst\u00e9moch, preto\u017ee umo\u017e\u0148uj\u00fa efekt\u00edvny pohyb a ovl\u00e1danie pr\u00edslu\u0161enstva alebo pr\u00edslu\u0161enstva. Tieto valce nielen dosahuj\u00fa plynul\u00fd pohyb, ale odol\u00e1vaj\u00fa aj \u0165a\u017ek\u00fdm za\u0165a\u017eeniam, \u010d\u00edm zabezpe\u010duj\u00fa efekt\u00edvnu prev\u00e1dzku a spo\u013eahlivos\u0165 strojov za r\u00f4znych prev\u00e1dzkov\u00fdch podmienok.<\/p>\n<p><img decoding=\"async\" src=\"https:\/\/www.hydraulic-cylinders.net\/wp-content\/uploads\/2025\/01\/songte-company-2.webp\" alt=\"Obr\u00e1zok valca ramena\"><\/p>\n<h3>Vlastnosti ramenn\u00e9ho valca<\/h3>\n<ul>\n<li><b>Vysoko\u00fa\u010dinn\u00e1 prevodovka:<\/b> Valce ramien poskytuj\u00fa siln\u00fd line\u00e1rny pohyb a silu, \u010d\u00edm zabezpe\u010duj\u00fa vysok\u00fa \u00fa\u010dinnos\u0165 mechanick\u00fdch ramien pri r\u00f4znych oper\u00e1ci\u00e1ch.<\/li>\n<li><b>Presn\u00e9 ovl\u00e1danie:<\/b> Valce ramien dok\u00e1\u017eu dosiahnu\u0165 presn\u00e9 ovl\u00e1danie pohybu pomocou hydraulick\u00fdch syst\u00e9mov, \u010d\u00edm sa ovl\u00e1danie pr\u00eddavn\u00fdch zariaden\u00ed st\u00e1va flexibilnej\u0161\u00edm a presnej\u0161\u00edm.<\/li>\n<li><b>Siln\u00e1 odolnos\u0165:<\/b> Valce ramien s\u00fa zvy\u010dajne vyroben\u00e9 z vysoko pevn\u00fdch materi\u00e1lov s dobrou odolnos\u0165ou vo\u010di opotrebovaniu a kor\u00f3zii, vhodn\u00fdch na dlhodob\u00e9 pou\u017e\u00edvanie v n\u00e1ro\u010dn\u00fdch podmienkach.<\/li>\n<li><b>Multifunk\u010dn\u00e1 prisp\u00f4sobivos\u0165:<\/b> Tieto valce sa \u0161iroko pou\u017e\u00edvaj\u00fa v r\u00f4znych mechanick\u00fdch zariadeniach, ako s\u00fa bagre, \u017eeriavy a mechanick\u00e9 ramen\u00e1, a prisp\u00f4sobuj\u00fa sa r\u00f4znym pracovn\u00fdm po\u017eiadavk\u00e1m.<\/li>\n<li><b>Jednoduch\u00e1 \u00fadr\u017eba:<\/b> V\u010faka jednoduchej \u00fadr\u017ebe a v\u00fdmene s\u00fa pravideln\u00e9 kontroly a \u00fadr\u017eba pohodlnej\u0161ie, \u010d\u00edm sa skracuj\u00fa prestoje zariadenia.<\/li>\n<\/ul>\n<p>Vieme vyrobi\u0165 tento produkt, ktor\u00fd dok\u00e1\u017ee dokonale nahradi\u0165 tieto hydraulick\u00e9 valce.<\/p>\n<p><img decoding=\"async\" src=\"https:\/\/www.hydraulic-cylinders.net\/wp-content\/uploads\/2025\/01\/songte-oil-pipes-and-spare-parts.webp\" alt=\"Obr\u00e1zok \u010dast\u00ed hydraulick\u00e9ho valca\"><\/p>\n<h2>Aplik\u00e1cie ramenn\u00e9ho valca<\/h2>\n<p>Valec ramena sa \u0161iroko pou\u017e\u00edva v r\u00f4znych odvetviach vr\u00e1tane:<\/p>\n<ul>\n<li><b>Stavebn\u00e9 in\u017einierstvo:<\/b> V r\u00fdpadl\u00e1ch a \u017eeriavoch sa valce ramien pou\u017e\u00edvaj\u00fa na ovl\u00e1danie pohybu vedier alebo ramien v\u00fdlo\u017en\u00edka, vykon\u00e1vanie zemn\u00fdch pr\u00e1c, manipul\u00e1ciu s materi\u00e1lom a mont\u00e1\u017e kon\u0161trukci\u00ed.<\/li>\n<li><b>V\u00fdroba:<\/b> V automatizovan\u00fdch v\u00fdrobn\u00fdch link\u00e1ch sa valce ramien pou\u017e\u00edvaj\u00fa na pohyb mechanick\u00fdch ramien, vykon\u00e1vanie mont\u00e1\u017enych, zv\u00e1rac\u00edch a manipula\u010dn\u00fdch procesov, \u010d\u00edm sa zlep\u0161uje efektivita a presnos\u0165 v\u00fdroby.<\/li>\n<li><b>Po\u013enohospod\u00e1rske stroje:<\/b> V po\u013enohospod\u00e1rskych strojoch, ako s\u00fa zbera\u010de a seja\u010dky, riadia valce ramien pohyb ovl\u00e1dac\u00edch ramien, vykon\u00e1vaj\u00fa sejbu, hnojenie a zber \u00farody.<\/li>\n<li><b>\u0164a\u017eba:<\/b> V bansk\u00fdch zariadeniach sa valce ramien pou\u017e\u00edvaj\u00fa na ovl\u00e1danie pohybu ramena bansk\u00e9ho zariadenia, vykon\u00e1vanie \u0165a\u017eby a prepravy rudy.<\/li>\n<li><b>Logistika a doprava:<\/b> Vo vysokozdvi\u017en\u00fdch voz\u00edkoch a manipula\u010dn\u00fdch robotoch sa valce ramien pou\u017e\u00edvaj\u00fa na ovl\u00e1danie zdv\u00edhania a pohybu vidl\u00edc, \u010d\u00edm sa realizuje manipul\u00e1cia s materi\u00e1lom a stohovanie.<\/li>\n<\/ul>\n<h2>\u00davahy o dizajne a krit\u00e9ri\u00e1 v\u00fdberu<\/h2>\n<h3>Nosnos\u0165<\/h3>\n<p>Nosnos\u0165 valca ramena je k\u013e\u00fa\u010dov\u00fdm kon\u0161truk\u010dn\u00fdm faktorom. Mus\u00edme zabezpe\u010di\u0165, aby valec odolal aplikovan\u00e9mu za\u0165a\u017eeniu bez poruchy alebo deform\u00e1cie.<\/p>\n<h3>Tesnenie<\/h3>\n<p>Valec ramena vy\u017eaduje vysoko kvalitn\u00e9 tesnenie, aby sa zabr\u00e1nilo \u00fanikom. Na zaistenie dlhej \u017eivotnosti valca pou\u017e\u00edvame r\u00f4zne tesniace komponenty, ako s\u00fa tesnenia piestov a ty\u010d\u00ed, vyroben\u00e9 z materi\u00e1lov odoln\u00fdch vo\u010di opotrebovaniu, ako je polyuret\u00e1n a nitrilov\u00e1 guma.<\/p>\n<h3>Trvanlivos\u0165<\/h3>\n<p>Valec ramena mus\u00ed by\u0165 odoln\u00fd a odoln\u00fd vo\u010di opotrebovaniu, kor\u00f3zii a in\u00fdm form\u00e1m po\u0161kodenia, ktor\u00e9 sa m\u00f4\u017eu vyskytn\u00fa\u0165 v n\u00e1ro\u010dn\u00fdch podmienkach.<\/p>\n<h3>Bezpe\u010dnos\u0165<\/h3>\n<p>Valec ramena mus\u00ed by\u0165 navrhnut\u00fd s oh\u013eadom na bezpe\u010dnos\u0165. Na zabr\u00e1nenie pre\u0165a\u017eenia by mali by\u0165 zabudovan\u00e9 bezpe\u010dnostn\u00e9 mechanizmy, ako napr\u00edklad pretlakov\u00e9 ventily.<\/p>\n<h3>Udr\u017eiavate\u013enos\u0165<\/h3>\n<p>Valec ramena by mal by\u0165 navrhnut\u00fd pre jednoduch\u00fa \u00fadr\u017ebu a opravy, s \u013eahko dostupn\u00fdmi n\u00e1hradn\u00fdmi dielmi a jasn\u00fdm harmonogramom \u00fadr\u017eby.<\/p>\n<p><img decoding=\"async\" src=\"https:\/\/www.hydraulic-cylinders.net\/wp-content\/uploads\/2025\/01\/songte-cylinder-head-with-all-kinds-excavator-models.webp\" alt=\"Obr\u00e1zok hlavy hydraulick\u00e9ho valca\"><\/p>\n<h2>Tesnenie a mazanie<\/h2>\n<p>Na zabr\u00e1nenie \u00faniku sa pou\u017e\u00edvaj\u00fa r\u00f4zne tesniace komponenty, ako s\u00fa tesnenia piestov a ty\u010d\u00ed. Tieto tesniace komponenty s\u00fa vyroben\u00e9 z materi\u00e1lov odoln\u00fdch vo\u010di opotrebovaniu, ako je polyuret\u00e1n a nitrilov\u00fd kau\u010duk. Povrchy hlavy valcov, piestu a ty\u010de s\u00fa jemne opracovan\u00e9, aby sa zlep\u0161ila odolnos\u0165 vo\u010di opotrebovaniu. Na zabezpe\u010denie hladk\u00e9ho chodu valca je potrebn\u00e9 pravideln\u00e9 mazanie hydraulick\u00fdm olejom.<\/p>\n<h2>\u00dadr\u017eba a prevent\u00edvne opatrenia<\/h2>\n<ul>\n<li>Pravideln\u00e1 kontrola a \u00fadr\u017eba valca ramena by sa mala vykon\u00e1va\u0165, aby sa identifikovali potenci\u00e1lne probl\u00e9my sk\u00f4r, ako sa stan\u00fa v\u00e1\u017enymi.<\/li>\n<li>V\u00fdmena opotrebovan\u00fdch alebo po\u0161koden\u00fdch dielov by sa mala vykona\u0165 okam\u017eite, aby sa predi\u0161lo \u010fal\u0161iemu po\u0161kodeniu.<\/li>\n<li>Pou\u017e\u00edvajte vhodn\u00fd hydraulick\u00fd olej a filtra\u010dn\u00e9 prvky na zabezpe\u010denie spr\u00e1vneho mazania a zabr\u00e1nenie kontamin\u00e1cie.<\/li>\n<\/ul>\n<p><img decoding=\"async\" src=\"https:\/\/www.hydraulic-cylinders.net\/wp-content\/uploads\/2025\/01\/songte-chushion-collar.webp\" alt=\"Obr\u00e1zok obj\u00edmky hydraulick\u00e9ho valca\"><\/p>\n<h2>Pokyny na in\u0161tal\u00e1ciu<\/h2>\n<p>Pri in\u0161tal\u00e1cii valca ramena postupujte pod\u013ea t\u00fdchto krokov:<\/p>\n<ol>\n<li>Uistite sa, \u017ee mont\u00e1\u017ene povrchy s\u00fa \u010dist\u00e9 a bez ne\u010dist\u00f4t.<\/li>\n<li>Naneste tenk\u00fa vrstvu hydraulick\u00e9ho oleja na ojnicu valca.<\/li>\n<li>Namontujte valec v spr\u00e1vnej orient\u00e1cii a zaistite ho na mieste.<\/li>\n<li>Pripojte hydraulick\u00e9 hadice a armat\u00fary k valcu.<\/li>\n<li>Skontrolujte tesnos\u0165 a riadne dotiahnite v\u0161etky spoje.<\/li>\n<\/ol>\n<p><img decoding=\"async\" src=\"https:\/\/www.hydraulic-cylinders.net\/wp-content\/uploads\/2025\/01\/songte-bushings-with-all-kinds-of-excavator-models.webp\" alt=\"Obr\u00e1zok puzdier hydraulick\u00e9ho valca\"><\/p>\n<h2>Bezpe\u010dnostn\u00e9 aspekty a faktory prostredia<\/h2>\n<p>Pri pr\u00e1ci s hydraulick\u00fdm zariaden\u00edm mus\u00ed by\u0165 bezpe\u010dnos\u0165 najvy\u0161\u0161ou prioritou. Malo by sa dodr\u017eiava\u0165 riadne \u0161kolenie, ochrann\u00e9 vybavenie a bezpe\u010dnostn\u00e9 protokoly.<\/p>\n<h2>Rie\u0161enie probl\u00e9mov a be\u017en\u00e9 probl\u00e9my<\/h2>\n<p>Medzi be\u017en\u00e9 probl\u00e9my s valcami ramena patria netesnosti, pomal\u00e1 prev\u00e1dzka a neschopnos\u0165 udr\u017ea\u0165 tlak. Tieto probl\u00e9my m\u00f4\u017eu by\u0165 sp\u00f4soben\u00e9 opotrebovan\u00fdmi tesneniami, kontaminovanou hydraulickou kvapalinou alebo po\u0161koden\u00fdmi komponentmi. Rie\u0161enie probl\u00e9mu zah\u0155\u0148a identifik\u00e1ciu pr\u00ed\u010diny a prijatie vhodn\u00fdch n\u00e1pravn\u00fdch opatren\u00ed.<\/p>\n<h2>Z\u00e1ver<\/h2>\n<p>Sme profesion\u00e1lny v\u00fdrobca hydraulick\u00fdch valcov so \u0161irokou \u0161k\u00e1lou produktov a sme uzn\u00e1van\u00ed ako jeden z popredn\u00fdch v\u00fdrobcov a ve\u013ekoobchodn\u00fdch distrib\u00fatorov hydraulick\u00fdch valcov na dom\u00e1com aj medzin\u00e1rodnom trhu. V\u017edy dodr\u017eiavame princ\u00edp excelentnosti v kvalite, spoliehame sa na strat\u00e9giu industrializovan\u00e9ho riadenia v\u00fdroby v dielni presnej v\u00fdroby a neust\u00e1le zlep\u0161ujeme na\u0161u technick\u00fa \u00farove\u0148 a efektivitu v\u00fdroby. Na\u0161\u00edm cie\u013eom je uspokoji\u0165 rozmanit\u00e9 potreby z\u00e1kazn\u00edkov s princ\u00edpmi vysokej \u00fa\u010dinnosti, presnosti a vysokej kvality.<\/p>\n<p><img decoding=\"async\" src=\"https:\/\/www.hydraulic-cylinders.net\/wp-content\/uploads\/2025\/01\/songte-company-4.webp\" alt=\"Obr\u00e1zok spolo\u010dnosti s hydraulick\u00fdm valcom\"><br \/>\n<img decoding=\"async\" src=\"https:\/\/www.hydraulic-cylinders.net\/wp-content\/uploads\/2025\/01\/songte-company-3.webp\" alt=\"Obr\u00e1zok spolo\u010dnosti s hydraulick\u00fdm valcom\"><\/p>\n<h2>Preh\u013ead spolo\u010dnosti<\/h2>\n<ul>\n<li><b>Profesionalita:<\/b> N\u00e1\u0161 t\u00edm sa sklad\u00e1 z vysoko sk\u00fasen\u00fdch a kvalifikovan\u00fdch odborn\u00edkov, ktor\u00ed sa zaviazali poskytova\u0165 vysoko kvalitn\u00e9 hydraulick\u00e9 valce.<\/li>\n<li><b>Medzin\u00e1rodn\u00e9 certifik\u00e1cie:<\/b> Na\u0161e produkty z\u00edskali r\u00f4zne medzin\u00e1rodn\u00e9 certifik\u00e1cie, ako napr\u00edklad ISO9001, CE a TUV, \u010do zaru\u010duje ich kvalitu a spo\u013eahlivos\u0165.<\/li>\n<li><b>Prisp\u00f4sobenie:<\/b> Pon\u00fakame hydraulick\u00e9 valce na mieru pod\u013ea po\u017eiadaviek z\u00e1kazn\u00edka, \u010d\u00edm zabezpe\u010dujeme splnenie jeho \u0161pecifick\u00fdch potrieb.<\/li>\n<li><b>V\u00fdrobn\u00e9 zariadenia:<\/b> Na\u0161e v\u00fdrobn\u00e9 zariadenia zah\u0155\u0148aj\u00fa \u0161pi\u010dkov\u00e9 digit\u00e1lne v\u00fdrobn\u00e9 zariadenia a profesion\u00e1lne testovacie syst\u00e9my, ktor\u00e9 n\u00e1m umo\u017e\u0148uj\u00fa efekt\u00edvne vyr\u00e1ba\u0165 vysokokvalitn\u00e9 produkty.<\/li>\n<li><b>Popredajn\u00fd servis:<\/b> Poskytujeme nepretr\u017eit\u00fa popredajn\u00fa podporu, aby sme na\u0161im z\u00e1kazn\u00edkom zabezpe\u010dili v\u010dasn\u00e9 a efekt\u00edvne rie\u0161enia ak\u00fdchko\u013evek probl\u00e9mov, s ktor\u00fdmi sa stretn\u00fa.<\/li>\n<\/ul>\n<p>Autor: lyl<\/p>","protected":false},"excerpt":{"rendered":"<p>Arm Cylinder For Volwa Cane Unloader DLS880-9A Introduction Defining Arm Cylinder An arm cylinder is a specially designed hydraulic cylinder used to provide linear motion and power for arms of various types of machinery, such as excavators, cranes, and mechanical arms. Arm cylinders play a critical role in hydraulic systems, enabling attachments or accessories to [&hellip;]<\/p>","protected":false},"featured_media":14786,"comment_status":"open","ping_status":"closed","template":"","meta":{"_et_pb_use_builder":"","_et_pb_old_content":"","_et_gb_content_width":""},"product_brand":[],"product_cat":[1497],"product_tag":[1498,1496],"class_list":{"0":"post-16827","1":"product","2":"type-product","3":"status-publish","4":"has-post-thumbnail","6":"product_cat-arm-cylinders","7":"product_tag-arm-cylinders","8":"product_tag-hydraulic-cylinders","10":"first","11":"instock","12":"shipping-taxable","13":"product-type-simple"},"amp_enabled":true,"_links":{"self":[{"href":"https:\/\/www.hydraulic-cylinders.net\/sk\/wp-json\/wp\/v2\/product\/16827","targetHints":{"allow":["GET"]}}],"collection":[{"href":"https:\/\/www.hydraulic-cylinders.net\/sk\/wp-json\/wp\/v2\/product"}],"about":[{"href":"https:\/\/www.hydraulic-cylinders.net\/sk\/wp-json\/wp\/v2\/types\/product"}],"replies":[{"embeddable":true,"href":"https:\/\/www.hydraulic-cylinders.net\/sk\/wp-json\/wp\/v2\/comments?post=16827"}],"wp:featuredmedia":[{"embeddable":true,"href":"https:\/\/www.hydraulic-cylinders.net\/sk\/wp-json\/wp\/v2\/media\/14786"}],"wp:attachment":[{"href":"https:\/\/www.hydraulic-cylinders.net\/sk\/wp-json\/wp\/v2\/media?parent=16827"}],"wp:term":[{"taxonomy":"product_brand","embeddable":true,"href":"https:\/\/www.hydraulic-cylinders.net\/sk\/wp-json\/wp\/v2\/product_brand?post=16827"},{"taxonomy":"product_cat","embeddable":true,"href":"https:\/\/www.hydraulic-cylinders.net\/sk\/wp-json\/wp\/v2\/product_cat?post=16827"},{"taxonomy":"product_tag","embeddable":true,"href":"https:\/\/www.hydraulic-cylinders.net\/sk\/wp-json\/wp\/v2\/product_tag?post=16827"}],"curies":[{"name":"pracovn\u00fd list","href":"https:\/\/api.w.org\/{rel}","templated":true}]}}