{"id":16845,"date":"2025-01-21T05:58:44","date_gmt":"2025-01-21T05:58:44","guid":{"rendered":"https:\/\/www.hydraulic-cylinders.net\/product\/arm-cylinder-for-aotai-at180e-9\/"},"modified":"2025-01-21T05:58:46","modified_gmt":"2025-01-21T05:58:46","slug":"arm-cylinder-for-aotai-at180e-9","status":"publish","type":"product","link":"https:\/\/www.hydraulic-cylinders.net\/sk\/produkt\/arm-cylinder-for-aotai-at180e-9\/","title":{"rendered":"Valec ramena pre Aotai AT180E-9"},"content":{"rendered":"<h2>Valec ramena pre Aotai AT180E-9<\/h2>\n<p>Hydraulick\u00fd valec ramena pre Aotai AT180E-9 je \u0161peci\u00e1lne navrhnut\u00fd hydraulick\u00fd valec, ktor\u00fd poskytuje line\u00e1rny pohyb a v\u00fdkon ramenu r\u00f4znych strojov, ako s\u00fa r\u00fdpadl\u00e1, \u017eeriavy a robotick\u00e9 ramen\u00e1. Valec ramena hr\u00e1 k\u013e\u00fa\u010dov\u00fa \u00falohu v hydraulick\u00fdch syst\u00e9moch, preto\u017ee umo\u017e\u0148uje efekt\u00edvny pohyb a ovl\u00e1danie dodato\u010dn\u00fdch n\u00e1strojov alebo pr\u00edslu\u0161enstva. Tieto valce nielen dosahuj\u00fa plynul\u00fd pohyb, ale tie\u017e odol\u00e1vaj\u00fa \u0165a\u017ek\u00fdm za\u0165a\u017eeniam, \u010d\u00edm zabezpe\u010duj\u00fa efekt\u00edvnu prev\u00e1dzku a spo\u013eahlivos\u0165 stroja v r\u00f4znych pracovn\u00fdch podmienkach.<\/p>\n<p><img decoding=\"async\" src=\"https:\/\/www.hydraulic-cylinders.net\/wp-content\/uploads\/2025\/01\/songte-company-2.webp\"><\/p>\n<h2>Funkcie<\/h2>\n<ul>\n<li><strong>Vysoko\u00fa\u010dinn\u00fd prenos:<\/strong> Valec ramena poskytuje siln\u00fd line\u00e1rny pohyb a silu, \u010d\u00edm zais\u0165uje vysok\u00fd v\u00fdkon po\u010das r\u00f4znych oper\u00e1ci\u00ed.<\/li>\n<li><strong>Presn\u00e9 ovl\u00e1danie:<\/strong> Prostredn\u00edctvom hydraulick\u00e9ho syst\u00e9mu umo\u017e\u0148uje valec ramena presn\u00e9 ovl\u00e1danie pohybu, \u010d\u00edm sa zvy\u0161uje flexibilita a presnos\u0165 ovl\u00e1dania n\u00e1stroja.<\/li>\n<li><strong>Trvanlivos\u0165:<\/strong> Valce ramien sa zvy\u010dajne vyr\u00e1baj\u00fa z vysokopevnostn\u00fdch materi\u00e1lov, ktor\u00e9 pon\u00fakaj\u00fa vynikaj\u00facu odolnos\u0165 vo\u010di opotrebovaniu a kor\u00f3zii, v\u010faka \u010domu s\u00fa vhodn\u00e9 na dlhodob\u00e9 pou\u017e\u00edvanie v n\u00e1ro\u010dn\u00fdch podmienkach.<\/li>\n<li><strong>Multifunk\u010dn\u00e1 prisp\u00f4sobivos\u0165:<\/strong> Tieto valce nach\u00e1dzaj\u00fa \u0161irok\u00e9 uplatnenie v r\u00f4znych strojoch vr\u00e1tane r\u00fdpadiel, \u017eeriavov a robotick\u00fdch ramien, ktor\u00e9 sp\u013a\u0148aj\u00fa r\u00f4zne pracovn\u00e9 po\u017eiadavky.<\/li>\n<li><strong>Jednoduch\u00e1 \u00fadr\u017eba:<\/strong> Kon\u0161truk\u010dn\u00e9 aspekty pre jednoduch\u00fa \u00fadr\u017ebu a v\u00fdmenu umo\u017e\u0148uj\u00fa pohodln\u00e9 pravideln\u00e9 kontroly a \u00fadr\u017ebu, \u010d\u00edm sa minimalizuj\u00fa prestoje zariadenia.<\/li>\n<\/ul>\n<p><img decoding=\"async\" src=\"https:\/\/www.hydraulic-cylinders.net\/wp-content\/uploads\/2025\/01\/songte-oil-pipes-and-spare-parts.webp\"><\/p>\n<h2>Aplik\u00e1cie<\/h2>\n<p>Valec s ramenom nach\u00e1dza uplatnenie v nasleduj\u00facich odvetviach:<\/p>\n<h3>1. Stavebn\u00e9 in\u017einierstvo<\/h3>\n<p>V r\u00fdpadl\u00e1ch a \u017eeriavoch ovl\u00e1da valec ramena pohyb vedier alebo v\u00fdlo\u017en\u00edkov pri zemn\u00fdch pr\u00e1cach, manipul\u00e1cii s materi\u00e1lom a mont\u00e1\u017ei kon\u0161trukci\u00ed.<\/p>\n<h3>2. V\u00fdroba<\/h3>\n<p>V automatizovan\u00fdch v\u00fdrobn\u00fdch link\u00e1ch u\u013eah\u010duje valec ramena pohyb robotick\u00fdch ramien pri mont\u00e1\u017ei, zv\u00e1ran\u00ed a manipul\u00e1cii s materi\u00e1lom, \u010d\u00edm sa zlep\u0161uje efektivita a presnos\u0165 v\u00fdroby.<\/p>\n<h3>3. Po\u013enohospod\u00e1rske stroje<\/h3>\n<p>V po\u013enohospod\u00e1rskych strojoch, ako s\u00fa zbera\u010de a seja\u010dky, riadi valec ramena pohyb ovl\u00e1dac\u00edch ramien pri \u00faloh\u00e1ch, ako je siatie, hnojenie a zber \u00farody.<\/p>\n<h3>4. \u0164a\u017eba<\/h3>\n<p>V bansk\u00fdch zariadeniach riadi valec ramena pohyby ramena bansk\u00fdch strojov na \u0165a\u017ebu a prepravu rudy.<\/p>\n<h3>5. Logistika a doprava<\/h3>\n<p>Vo vysokozdvi\u017en\u00fdch voz\u00edkoch a manipula\u010dn\u00fdch robotoch riadi valec ramena zdv\u00edhanie a pohyb vidl\u00edc, \u010do umo\u017e\u0148uje manipul\u00e1ciu s materi\u00e1lom a jeho stohovanie.<\/p>\n<p><img decoding=\"async\" src=\"https:\/\/www.hydraulic-cylinders.net\/wp-content\/uploads\/2025\/01\/songte-cylinder-head-with-all-kinds-excavator-models.webp\"><\/p>\n<h2>\u00davahy o dizajne a krit\u00e9ri\u00e1 v\u00fdberu<\/h2>\n<p>Pokia\u013e ide o kon\u0161truk\u010dn\u00e9 aspekty, k\u013e\u00fa\u010dov\u00fa \u00falohu zohr\u00e1va nosnos\u0165, tesnenie, odolnos\u0165, bezpe\u010dnos\u0165 a \u00fadr\u017eba valca ramena:<\/p>\n<h3>1. Nosnos\u0165<\/h3>\n<p>Valec ramena by mal by\u0165 navrhnut\u00fd tak, aby zvl\u00e1dol \u0161pecifick\u00e9 za\u0165a\u017eenia, ktor\u00fdm bude \u010deli\u0165 po\u010das prev\u00e1dzky, a zabezpe\u010dil tak optim\u00e1lny v\u00fdkon a bezpe\u010dnos\u0165.<\/p>\n<h3>2. Tesnenie<\/h3>\n<p>R\u00f4zne tesniace komponenty, ako s\u00fa tesnenia piestov a ty\u010d\u00ed, vyroben\u00e9 z materi\u00e1lov odoln\u00fdch vo\u010di opotrebovaniu, ako je polyuret\u00e1n a nitrilov\u00fd kau\u010duk, zabezpe\u010duj\u00fa \u00fa\u010dinn\u00e9 utesnenie. Teleso valca a z\u00e1vitov\u00e9 konce prech\u00e1dzaj\u00fa d\u00f4kladnou povrchovou \u00fapravou pre zv\u00fd\u0161enie odolnosti vo\u010di opotrebovaniu.<\/p>\n<h3>3. Trvanlivos\u0165<\/h3>\n<p>Valec ramena je vyroben\u00fd z vysokopevnostn\u00fdch materi\u00e1lov, aby odolal n\u00e1ro\u010dn\u00fdm podmienkam jeho pou\u017eitia, a t\u00fdm zabezpe\u010dil dlhotrvaj\u00faci v\u00fdkon a spo\u013eahlivos\u0165.<\/p>\n<h3>4. Bezpe\u010dnos\u0165<\/h3>\n<p>Zoh\u013eadnenie bezpe\u010dnostn\u00fdch prvkov a prevent\u00edvnych opatren\u00ed, ako s\u00fa pretlakov\u00e9 ventily a syst\u00e9my n\u00fadzov\u00e9ho zastavenia, je nevyhnutn\u00e9 na ochranu strojov aj obsluhy.<\/p>\n<h3>5. Udr\u017eiavate\u013enos\u0165<\/h3>\n<p>Kon\u0161trukcia by mala u\u013eah\u010dova\u0165 \u00fadr\u017ebu a v\u00fdmenu, zabezpe\u010dova\u0165 pohodln\u00e9 pravideln\u00e9 kontroly a skr\u00e1ti\u0165 prestoje zariaden\u00ed.<\/p>\n<p><img decoding=\"async\" src=\"https:\/\/www.hydraulic-cylinders.net\/wp-content\/uploads\/2025\/01\/songte-chushion-collar.webp\"><\/p>\n<h2>Tesnenie a mazanie<\/h2>\n<p>Valec ramena vyu\u017e\u00edva r\u00f4zne tesniace komponenty na zabezpe\u010denie efekt\u00edvnej prev\u00e1dzky. Patria sem tesnenia piestov, tesnenia ty\u010d\u00ed a \u010fal\u0161ie tesnenia vyroben\u00e9 z materi\u00e1lov odoln\u00fdch vo\u010di opotrebovaniu, ako je polyuret\u00e1n a nitrilov\u00fd kau\u010duk. Teleso valca a z\u00e1vitov\u00e9 konce prech\u00e1dzaj\u00fa presnou povrchovou \u00fapravou na zv\u00fd\u0161enie odolnosti vo\u010di opotrebovaniu. Pravideln\u00e9 mazanie vhodn\u00fdm hydraulick\u00fdm olejom je nevyhnutn\u00e9 na zabezpe\u010denie spr\u00e1vneho v\u00fdkonu a dlhej \u017eivotnosti valca.<\/p>\n<h2>Pravideln\u00e1 kontrola a prevent\u00edvna \u00fadr\u017eba<\/h2>\n<p>Pre udr\u017eanie optim\u00e1lneho v\u00fdkonu s\u00fa nevyhnutn\u00e9 pravideln\u00e9 kontroly a prevent\u00edvne \u00fadr\u017eb\u00e1rske opatrenia:<\/p>\n<ul>\n<li>Skontrolujte valec, \u010di nevykazuje zn\u00e1mky netesnost\u00ed, po\u0161kodenia alebo opotrebovania.<\/li>\n<li>Skontrolujte a pod\u013ea potreby vyme\u0148te tesnenia.<\/li>\n<li>Skontrolujte spr\u00e1vnu hladinu hydraulick\u00fdch kvapal\u00edn a v pr\u00edpade potreby dopl\u0148te hydraulick\u00fd olej.<\/li>\n<li>Uistite sa, \u017ee v\u0161etky pripojenia a armat\u00fary s\u00fa bezpe\u010dn\u00e9.<\/li>\n<li>Vy\u010distite valec a okolit\u00e9 oblasti, aby ste zabr\u00e1nili hromadeniu ne\u010dist\u00f4t.<\/li>\n<\/ul>\n<h2>Sprievodca in\u0161tal\u00e1ciou produktu<\/h2>\n<p>Pre spr\u00e1vnu in\u0161tal\u00e1ciu valca ramena postupujte pod\u013ea t\u00fdchto krokov:<\/p>\n<ol>\n<li>Pripravte si miesto in\u0161tal\u00e1cie a uistite sa, \u017ee je \u010dist\u00e9 a bez ne\u010dist\u00f4t.<\/li>\n<li>Valec spr\u00e1vne umiestnite a zarovnajte ho s mont\u00e1\u017enymi bodmi.<\/li>\n<li>Upev\u0148ovacie skrutky bezpe\u010dne utiahnite predp\u00edsan\u00fdm kr\u00fatiacim momentom.<\/li>\n<li>Pripojte hydraulick\u00e9 hadice alebo potrubia k pr\u00edslu\u0161n\u00fdm otvorom.<\/li>\n<li>Skontrolujte pr\u00edpadn\u00e9 netesnosti a uistite sa, \u017ee v\u0161etky spoje s\u00fa tesn\u00e9.<\/li>\n<\/ol>\n<p><img decoding=\"async\" src=\"https:\/\/www.hydraulic-cylinders.net\/wp-content\/uploads\/2025\/01\/songte-bushings-with-all-kinds-of-excavator-models.webp\"><\/p>\n<h2>Bezpe\u010dnostn\u00e9 aspekty a faktory prostredia<\/h2>\n<p>Pri manipul\u00e1cii s valcom ramena je nevyhnutn\u00e9 uprednostni\u0165 bezpe\u010dnostn\u00e9 opatrenia. Patria sem:<\/p>\n<ul>\n<li>Dodr\u017eiavanie spr\u00e1vnych prev\u00e1dzkov\u00fdch postupov a bezpe\u010dnostn\u00fdch pokynov.<\/li>\n<li>Pou\u017e\u00edvanie vhodn\u00fdch osobn\u00fdch ochrann\u00fdch prostriedkov (OOP) v pr\u00edpade potreby.<\/li>\n<li>Zabezpe\u010denie spr\u00e1vnej \u00fadr\u017eby strojov a kontroly ich bezpe\u010dnostn\u00fdch prvkov.<\/li>\n<li>Dodr\u017eiavanie environment\u00e1lnych predpisov a zodpovedn\u00e1 likvid\u00e1cia ak\u00e9hoko\u013evek odpadu.<\/li>\n<\/ul>\n<h2>Rie\u0161enie probl\u00e9mov a be\u017en\u00e9 probl\u00e9my<\/h2>\n<p>Tu je nieko\u013eko be\u017en\u00fdch tipov na rie\u0161enie probl\u00e9mov a rie\u0161en\u00ed probl\u00e9mov s\u00favisiacich s valcom ramena:<\/p>\n<ul>\n<li>Ak d\u00f4jde k \u00faniku hydraulickej kvapaliny, skontrolujte a vyme\u0148te po\u0161koden\u00e9 tesnenia alebo dotiahnite spoje.<\/li>\n<li>Ak sa pohybuje nerovnomerne alebo trhane, skontrolujte, \u010di nie s\u00fa hydraulick\u00e9 potrubia upchat\u00e9 alebo obmedzen\u00e9, a v pr\u00edpade potreby ich vy\u010distite alebo vyme\u0148te.<\/li>\n<li>Ak valec ramena nefunguje pod\u013ea o\u010dak\u00e1vania, overte tlak a prietok hydraulick\u00e9ho syst\u00e9mu a v pr\u00edpade potreby ich upravte.<\/li>\n<\/ul>\n<p>Zavedenie prevent\u00edvnych opatren\u00ed m\u00f4\u017ee minimalizova\u0165 potenci\u00e1lne probl\u00e9my:<\/p>\n<ul>\n<li>Pravidelne kontrolujte a udr\u017eiavajte valec ramena a hydraulick\u00fd syst\u00e9m.<\/li>\n<li>Dodr\u017eiavajte spr\u00e1vne prev\u00e1dzkov\u00e9 postupy a vyhnite sa pre\u0165a\u017eeniu valca.<\/li>\n<li>Uistite sa, \u017ee hydraulick\u00e1 kvapalina je \u010dist\u00e1 a na spr\u00e1vnej hladine.<\/li>\n<li>Udr\u017eujte valec a jeho okolie \u010dist\u00e9, aby ste predi\u0161li po\u0161kodeniu v d\u00f4sledku \u00falomkov.<\/li>\n<\/ul>\n<p><img decoding=\"async\" src=\"https:\/\/www.hydraulic-cylinders.net\/wp-content\/uploads\/2025\/01\/songte-chushion-collar.webp\"><\/p>\n<p>Nezabudnite \u010dl\u00e1nok logicky usporiada\u0165, pre jednoduch\u0161iu navig\u00e1ciu pou\u017e\u00edva\u0165 podnadpisy, pre lep\u0161ie pochopenie zahrn\u00fa\u0165 relevantn\u00e9 obr\u00e1zky alebo grafy a zabezpe\u010di\u0165 jasn\u00fd a stru\u010dn\u00fd obsah vhodn\u00fd pre \u010ditate\u013eov s r\u00f4znymi \u00farov\u0148ami technick\u00fdch znalost\u00ed.<\/p>\n<h2>O n\u00e1s<\/h2>\n<p>Sme profesion\u00e1lny v\u00fdrobca n\u00e1hradn\u00fdch hydraulick\u00fdch valcov a pon\u00fakame \u0161irok\u00fd sortiment produktov. Stali sme sa jedn\u00fdm z popredn\u00fdch v\u00fdrobcov a ve\u013ekoobchodn\u00fdch distrib\u00fatorov hydraulick\u00fdch valcov na dom\u00e1com aj medzin\u00e1rodnom trhu. Dodr\u017eiavame princ\u00edpy excelentnosti a neust\u00e1le zlep\u0161ujeme na\u0161e technick\u00e9 mo\u017enosti a efektivitu v\u00fdroby prostredn\u00edctvom prec\u00edzne vyladen\u00fdch v\u00fdrobn\u00fdch dieln\u00ed a strat\u00e9gi\u00ed riadenia priemyselnej v\u00fdroby. Zav\u00e1dzan\u00edm pokro\u010dil\u00fdch digit\u00e1lnych v\u00fdrobn\u00fdch zariaden\u00ed a profesion\u00e1lnych testovac\u00edch syst\u00e9mov optimalizujeme na\u0161u v\u00fdrobn\u00fa platformu a zdokona\u013eujeme procesy kontroly kvality na\u0161ich v\u00fdrobkov, \u010d\u00edm preukazujeme siln\u00e9 inova\u010dn\u00e9 schopnosti. Na\u0161\u00edm cie\u013eom je sp\u013a\u0148a\u0165 rozmanit\u00e9 po\u017eiadavky z\u00e1kazn\u00edkov s vysokou efektivitou, presnos\u0165ou a kvalitou.<\/p>\n<p><img decoding=\"async\" src=\"https:\/\/www.hydraulic-cylinders.net\/wp-content\/uploads\/2025\/01\/songte-company-4.webp\"><br \/>\n<img\n<\/p>","protected":false},"excerpt":{"rendered":"<p>Arm Cylinder For Aotai AT180E-9 The Arm Cylinder for Aotai AT180E-9 is a specially designed hydraulic cylinder that provides linear motion and power to the arm of various machinery, such as excavators, cranes, and robotic arms. The arm cylinder plays a crucial role in hydraulic systems, enabling the effective movement and control of additional tools [&hellip;]<\/p>","protected":false},"featured_media":14763,"comment_status":"open","ping_status":"closed","template":"","meta":{"_et_pb_use_builder":"","_et_pb_old_content":"","_et_gb_content_width":""},"product_brand":[],"product_cat":[1497],"product_tag":[1498,1496],"class_list":{"0":"post-16845","1":"product","2":"type-product","3":"status-publish","4":"has-post-thumbnail","6":"product_cat-arm-cylinders","7":"product_tag-arm-cylinders","8":"product_tag-hydraulic-cylinders","10":"first","11":"instock","12":"shipping-taxable","13":"product-type-simple"},"amp_enabled":true,"_links":{"self":[{"href":"https:\/\/www.hydraulic-cylinders.net\/sk\/wp-json\/wp\/v2\/product\/16845","targetHints":{"allow":["GET"]}}],"collection":[{"href":"https:\/\/www.hydraulic-cylinders.net\/sk\/wp-json\/wp\/v2\/product"}],"about":[{"href":"https:\/\/www.hydraulic-cylinders.net\/sk\/wp-json\/wp\/v2\/types\/product"}],"replies":[{"embeddable":true,"href":"https:\/\/www.hydraulic-cylinders.net\/sk\/wp-json\/wp\/v2\/comments?post=16845"}],"wp:featuredmedia":[{"embeddable":true,"href":"https:\/\/www.hydraulic-cylinders.net\/sk\/wp-json\/wp\/v2\/media\/14763"}],"wp:attachment":[{"href":"https:\/\/www.hydraulic-cylinders.net\/sk\/wp-json\/wp\/v2\/media?parent=16845"}],"wp:term":[{"taxonomy":"product_brand","embeddable":true,"href":"https:\/\/www.hydraulic-cylinders.net\/sk\/wp-json\/wp\/v2\/product_brand?post=16845"},{"taxonomy":"product_cat","embeddable":true,"href":"https:\/\/www.hydraulic-cylinders.net\/sk\/wp-json\/wp\/v2\/product_cat?post=16845"},{"taxonomy":"product_tag","embeddable":true,"href":"https:\/\/www.hydraulic-cylinders.net\/sk\/wp-json\/wp\/v2\/product_tag?post=16845"}],"curies":[{"name":"pracovn\u00fd list","href":"https:\/\/api.w.org\/{rel}","templated":true}]}}