{"id":16857,"date":"2025-01-21T06:08:26","date_gmt":"2025-01-21T06:08:26","guid":{"rendered":"https:\/\/www.hydraulic-cylinders.net\/product\/arm-cylinder-for-bonny-wzyq42-6\/"},"modified":"2025-01-21T06:08:28","modified_gmt":"2025-01-21T06:08:28","slug":"arm-cylinder-for-bonny-wzyq42-6","status":"publish","type":"product","link":"https:\/\/www.hydraulic-cylinders.net\/sk\/produkt\/arm-cylinder-for-bonny-wzyq42-6\/","title":{"rendered":"Valec ramena pre Bonny WZYQ42-6"},"content":{"rendered":"<h1>Valec ramena pre Bonny WZYQ42-6<\/h1>\n<h2>\u00davod<\/h2>\n<p>Hydraulick\u00fd valec ramena je \u0161peci\u00e1lne navrhnut\u00fd hydraulick\u00fd valec, ktor\u00fd poskytuje line\u00e1rny pohyb a v\u00fdkon ramen\u00e1m r\u00f4znych typov strojov, ako s\u00fa r\u00fdpadl\u00e1, \u017eeriavy a mechanick\u00e9 ramen\u00e1. Tieto valce zohr\u00e1vaj\u00fa k\u013e\u00fa\u010dov\u00fa \u00falohu v hydraulick\u00fdch syst\u00e9moch, preto\u017ee umo\u017e\u0148uj\u00fa efekt\u00edvny pohyb a ovl\u00e1danie pr\u00edslu\u0161enstva alebo pr\u00edslu\u0161enstva. Tieto valce nielen dosahuj\u00fa plynul\u00fd pohyb, ale tie\u017e odol\u00e1vaj\u00fa \u0165a\u017ek\u00fdm za\u0165a\u017eeniam, \u010d\u00edm zabezpe\u010duj\u00fa efekt\u00edvnu prev\u00e1dzku a spo\u013eahlivos\u0165 strojov za r\u00f4znych prev\u00e1dzkov\u00fdch podmienok.<\/p>\n<p><img decoding=\"async\" src=\"https:\/\/www.hydraulic-cylinders.net\/wp-content\/uploads\/2025\/01\/songte-company-2.webp\" alt=\"valec ramena\"><\/p>\n<h2>Vlastnosti produktu<\/h2>\n<ul>\n<li>\n<h3>Efekt\u00edvny prenos v\u00fdkonu<\/h3>\n<p>Valec ramena m\u00f4\u017ee zabezpe\u010di\u0165 siln\u00fd line\u00e1rny pohyb a silu, \u010d\u00edm sa zabezpe\u010d\u00ed vysok\u00fd v\u00fdkon mechanick\u00fdch ramien v r\u00f4znych oper\u00e1ci\u00e1ch.<\/p>\n<\/li>\n<li>\n<h3>Presn\u00e9 ovl\u00e1danie<\/h3>\n<p>Prostredn\u00edctvom hydraulick\u00e9ho syst\u00e9mu dok\u00e1\u017ee valec ramena dosiahnu\u0165 presn\u00e9 riadenie pohybu, v\u010faka \u010domu je ovl\u00e1danie pripojen\u00e9ho n\u00e1radia flexibilnej\u0161ie a presnej\u0161ie.<\/p>\n<\/li>\n<li>\n<h3>Siln\u00e1 odolnos\u0165<\/h3>\n<p>Valce ramien s\u00fa zvy\u010dajne vyroben\u00e9 z vysokopevnostn\u00fdch materi\u00e1lov s dobrou odolnos\u0165ou proti opotrebovaniu a kor\u00f3zii, vhodn\u00fdch na dlhodob\u00e9 pou\u017e\u00edvanie v n\u00e1ro\u010dn\u00fdch podmienkach.<\/p>\n<\/li>\n<li>\n<h3>Multifunk\u010dn\u00e1 prisp\u00f4sobivos\u0165<\/h3>\n<p>Tieto valce sa daj\u00fa \u0161iroko pou\u017e\u00edva\u0165 v r\u00f4znych mechanick\u00fdch zariadeniach, ako s\u00fa bagre, \u017eeriavy a mechanick\u00e9 ramen\u00e1, a prisp\u00f4sobuj\u00fa sa r\u00f4znym pracovn\u00fdm po\u017eiadavk\u00e1m.<\/p>\n<\/li>\n<li>\n<h3>Jednoduch\u00e1 \u00fadr\u017eba<\/h3>\n<p>Kon\u0161trukcia zoh\u013ead\u0148uje jednoduch\u00fa \u00fadr\u017ebu a v\u00fdmenu, v\u010faka \u010domu je pravideln\u00e1 kontrola a \u00fadr\u017eba pohodlnej\u0161ia a skracuje prestoje zariaden\u00ed.<\/p>\n<\/li>\n<\/ul>\n<p>Tento produkt vieme vyrobi\u0165 a dok\u00e1\u017ee dokonale nahradi\u0165 tieto hydraulick\u00e9 valce.<\/p>\n<p><img decoding=\"async\" src=\"https:\/\/www.hydraulic-cylinders.net\/wp-content\/uploads\/2025\/01\/songte-oil-pipes-and-spare-parts.webp\" alt=\"olejov\u00e9 potrubia a n\u00e1hradn\u00e9 diely\"><\/p>\n<h2>Aplik\u00e1cie<\/h2>\n<ul>\n<li>\n<h3>Stavebn\u00e9 in\u017einierstvo<\/h3>\n<p>Valce ramena sa pou\u017e\u00edvaj\u00fa na ovl\u00e1danie pohybu vedra alebo v\u00fdlo\u017en\u00edka v r\u00fdpadl\u00e1ch a \u017eeriavoch na vykon\u00e1vanie zemn\u00fdch pr\u00e1c, manipul\u00e1cie s materi\u00e1lom a mont\u00e1\u017ee kon\u0161trukci\u00ed.<\/p>\n<\/li>\n<li>\n<h3>V\u00fdrobn\u00fd priemysel<\/h3>\n<p>Valce ramien sa pou\u017e\u00edvaj\u00fa na pohyb mechanick\u00fdch ramien v automatizovan\u00fdch v\u00fdrobn\u00fdch link\u00e1ch na mont\u00e1\u017ene, zv\u00e1racie a manipula\u010dn\u00e9 procesy, \u010d\u00edm sa zlep\u0161uje efektivita a presnos\u0165 v\u00fdroby.<\/p>\n<\/li>\n<li>\n<h3>Po\u013enohospod\u00e1rske stroje<\/h3>\n<p>V po\u013enohospod\u00e1rskych strojoch, ako s\u00fa zbera\u010de a seja\u010dky, riadia valce ramien pohyb ovl\u00e1dac\u00edch ramien na vykon\u00e1vanie \u00faloh, ako je siatie, hnojenie a zber \u00farody.<\/p>\n<\/li>\n<li>\n<h3>\u0164a\u017eba<\/h3>\n<p>Valce ramien sa pou\u017e\u00edvaj\u00fa na ovl\u00e1danie pohybu ramien bansk\u00fdch zariaden\u00ed na \u0165a\u017ebu a prepravu nerastov.<\/p>\n<\/li>\n<li>\n<h3>Logistika a doprava<\/h3>\n<p>Valce ramien sa pou\u017e\u00edvaj\u00fa na ovl\u00e1danie zdv\u00edhania a pohybu vidl\u00edc vo vysokozdvi\u017en\u00fdch voz\u00edkoch a manipula\u010dn\u00fdch robotoch, \u010d\u00edm sa realizuje manipul\u00e1cia s materi\u00e1lom a stohovanie.<\/p>\n<\/li>\n<\/ul>\n<h2>\u00davahy o dizajne a krit\u00e9ri\u00e1 v\u00fdberu<\/h2>\n<ul>\n<li>\n<h3>Nosnos\u0165<\/h3>\n<p>Valec ramena mus\u00ed by\u0165 navrhnut\u00fd tak, aby odolal maxim\u00e1lnemu za\u0165a\u017eeniu, ktor\u00e9mu bude vystaven\u00fd, \u010d\u00edm sa zabezpe\u010d\u00ed jeho bezpe\u010dnos\u0165 a spo\u013eahlivos\u0165 po\u010das prev\u00e1dzky.<\/p>\n<\/li>\n<li>\n<h3>Tesnenie<\/h3>\n<p>Na zabezpe\u010denie tesniaceho v\u00fdkonu valca a zabr\u00e1nenie \u00faniku kvapaliny sa pou\u017e\u00edvaj\u00fa r\u00f4zne tesniace komponenty, ako s\u00fa tesnenia piestov a tesnenia ty\u010d\u00ed.<\/p>\n<\/li>\n<li>\n<h3>Trvanlivos\u0165<\/h3>\n<p>Valec ramena je zvy\u010dajne vyroben\u00fd z odoln\u00fdch materi\u00e1lov, ako je vysokopevnostn\u00e1 oce\u013e a antikor\u00f3zne n\u00e1tery, aby sa zabezpe\u010dila jeho dlh\u00e1 \u017eivotnos\u0165 v n\u00e1ro\u010dn\u00fdch podmienkach.<\/p>\n<\/li>\n<li>\n<h3>Bezpe\u010dnos\u0165<\/h3>\n<p>Kon\u0161trukcia valca ramena by mala zoh\u013ead\u0148ova\u0165 bezpe\u010dnostn\u00e9 faktory, ako je zabr\u00e1nenie pre\u0165a\u017eeniu, pretlaku a n\u00e1hlemu poklesu bremena, aby sa zabezpe\u010dila bezpe\u010dnos\u0165 pracovn\u00edkov a strojov.<\/p>\n<\/li>\n<li>\n<h3>\u00dadr\u017eba<\/h3>\n<p>Valec ramena by mal by\u0165 navrhnut\u00fd tak, aby sa dal \u013eahko udr\u017eiava\u0165 a vymie\u0148a\u0165, napr\u00edklad by sa mali pou\u017e\u00edva\u0165 \u0161tandardn\u00e9 diely a mali by sa poskytn\u00fa\u0165 pokyny na \u00fadr\u017ebu, aby sa zn\u00ed\u017eili n\u00e1klady na \u00fadr\u017ebu a prestoje.<\/p>\n<\/li>\n<\/ul>\n<p><img decoding=\"async\" src=\"https:\/\/www.hydraulic-cylinders.net\/wp-content\/uploads\/2025\/01\/songte-cylinder-head-with-all-kinds-excavator-models.webp\" alt=\"hlava valcov\"><\/p>\n<h2>Tesnenie a mazanie<\/h2>\n<p>Na zabezpe\u010denie tesniaceho v\u00fdkonu valca a zabr\u00e1nenie \u00faniku kvapaliny sa pou\u017e\u00edvaj\u00fa r\u00f4zne tesniace komponenty, ako s\u00fa tesnenia piestov a tesnenia ty\u010d\u00ed. Tesnenia s\u00fa vyroben\u00e9 z materi\u00e1lov odoln\u00fdch vo\u010di opotrebovaniu, ako je polyuret\u00e1n a nitrilov\u00fd kau\u010duk, a teleso valca a z\u00e1vitov\u00fd koniec s\u00fa jemne o\u0161etren\u00e9, aby sa zlep\u0161ila ich odolnos\u0165 vo\u010di opotrebovaniu. Na mazanie je potrebn\u00e9 pravidelne prid\u00e1va\u0165 primeran\u00e9 mno\u017estvo hydraulick\u00e9ho oleja.<\/p>\n<p><img decoding=\"async\" src=\"https:\/\/www.hydraulic-cylinders.net\/wp-content\/uploads\/2025\/01\/songte-chushion-collar.webp\" alt=\"polstrovan\u00fd golier\"><\/p>\n<h2>\u00dadr\u017eba a odstra\u0148ovanie probl\u00e9mov<\/h2>\n<p>Pravideln\u00e1 kontrola a prevent\u00edvna \u00fadr\u017eba s\u00fa k\u013e\u00fa\u010dov\u00e9 pre pred\u013a\u017eenie \u017eivotnosti valca ramena. Tu je nieko\u013eko be\u017en\u00fdch tipov na rie\u0161enie probl\u00e9mov a prevent\u00edvnych opatren\u00ed:<\/p>\n<ul>\n<li>\n<h3>\u00danik tesnenia<\/h3>\n<p>Tesnenie m\u00f4\u017ee by\u0165 po\u0161koden\u00e9 alebo opotrebovan\u00e9. Pravideln\u00e1 kontrola a v\u00fdmena tesnenia m\u00f4\u017ee zabr\u00e1ni\u0165 \u00faniku.<\/p>\n<\/li>\n<li>\n<h3>Abnorm\u00e1lny zvuk<\/h3>\n<p>M\u00f4\u017ee d\u00f4js\u0165 k po\u0161kodeniu alebo opotrebovaniu piesta, ty\u010de alebo lo\u017eiska. Pravideln\u00e1 kontrola a v\u00fdmena opotrebovan\u00fdch dielov m\u00f4\u017ee zabr\u00e1ni\u0165 abnorm\u00e1lnemu zvuku.<\/p>\n<\/li>\n<li>\n<h3>Pomal\u00fd pohyb<\/h3>\n<p>M\u00f4\u017ee by\u0165 nedostato\u010dn\u00e9 mno\u017estvo oleja alebo m\u00f4\u017ee by\u0165 upchat\u00fd filter. Pravideln\u00e1 kontrola a v\u00fdmena oleja a filtra m\u00f4\u017ee zabr\u00e1ni\u0165 pomal\u00e9mu pohybu.<\/p>\n<\/li>\n<\/ul>\n<h2>In\u0161tal\u00e1cia<\/h2>\n<p>Spr\u00e1vna in\u0161tal\u00e1cia valca ramena je k\u013e\u00fa\u010dov\u00e1 pre jeho bezpe\u010dnos\u0165 a v\u00fdkon. Tu je nieko\u013eko pokynov:<\/p>\n<ul>\n<li>Uistite sa, \u017ee valec je spr\u00e1vne sp\u00e1rovan\u00fd so zariaden\u00edm.<\/li>\n<li>Uistite sa, \u017ee hydraulick\u00fd syst\u00e9m je \u010dist\u00fd a bez ne\u010dist\u00f4t.<\/li>\n<li>Uistite sa, \u017ee valec je nain\u0161talovan\u00fd v spr\u00e1vnej polohe a skrutky s\u00fa utiahnut\u00e9 predp\u00edsan\u00fdm kr\u00fatiacim momentom.<\/li>\n<li>Uistite sa, \u017ee v\u0161etky pripojenia s\u00fa bezpe\u010dn\u00e9 a hydraulick\u00e9 potrubia s\u00fa spr\u00e1vne pripojen\u00e9.<\/li>\n<li>Pred pou\u017eit\u00edm vykonajte d\u00f4kladn\u00fa kontrolu a test.<\/li>\n<\/ul>\n<p>Nezabudnite dodr\u017eiava\u0165 pravidlo pre autorov na konci \u010dl\u00e1nku.<\/p>\n<p><img decoding=\"async\" src=\"https:\/\/www.hydraulic-cylinders.net\/wp-content\/uploads\/2025\/01\/songte-bushings-with-all-kinds-of-excavator-models.webp\" alt=\"puzdr\u00e1 so v\u0161etk\u00fdmi druhmi modelov r\u00fdpadiel\"><\/p>\n<h2>O n\u00e1s<\/h2>\n<p>Sme profesion\u00e1lny v\u00fdrobca n\u00e1hradn\u00fdch dielov pre hydraulick\u00e9 valce so \u0161irokou \u0161k\u00e1lou produktov a stali sme sa jedn\u00fdm z popredn\u00fdch v\u00fdrobcov a ve\u013ekoobchodn\u00fdch distrib\u00fatorov hydraulick\u00fdch valcov na dom\u00e1com aj medzin\u00e1rodnom trhu. V\u017edy dodr\u017eiavame z\u00e1sadu vynikaj\u00facej kvality, spoliehame sa na strat\u00e9giu industrializovan\u00e9ho riadenia v\u00fdroby s efekt\u00edvnymi v\u00fdrobn\u00fdmi diel\u0148ami a neust\u00e1le zlep\u0161ujeme na\u0161u technologick\u00fa \u00farove\u0148 a efektivitu v\u00fdroby. Zav\u00e1dzan\u00edm pokro\u010dil\u00fdch digit\u00e1lnych v\u00fdrobn\u00fdch zariaden\u00ed a profesion\u00e1lnych testovac\u00edch syst\u00e9mov neust\u00e1le optimalizujeme na\u0161u v\u00fdrobn\u00fa platformu, zlep\u0161ujeme procesy kontroly kvality na\u0161ich v\u00fdrobkov a m\u00e1me siln\u00e9 inova\u010dn\u00e9 schopnosti. Na\u0161\u00edm cie\u013eom je uspokoji\u0165 rozmanit\u00e9 potreby z\u00e1kazn\u00edkov s vyu\u017eit\u00edm z\u00e1sad efekt\u00edvnosti, presnosti a vysokej kvality.<\/p>\n<p>Na\u0161a spolo\u010dnos\u0165 pon\u00faka na\u0161im z\u00e1kazn\u00edkom profesion\u00e1lnu medzin\u00e1rodn\u00fa certifik\u00e1ciu, prisp\u00f4soben\u00e9 slu\u017eby, modern\u00e9 v\u00fdrobn\u00e9 zariadenia a vynikaj\u00faci popredajn\u00fd servis.<\/p>\n<p><img decoding=\"async\" src=\"https:\/\/www.hydraulic-cylinders.net\/wp-content\/uploads\/2025\/01\/songte-company-4.webp\" alt=\"spolo\u010dnos\u0165\"><\/p>\n<p><img decoding=\"async\" src=\"https:\/\/www.hydraulic-cylinders.net\/wp-content\/uploads\/2025\/01\/songte-company-3.webp\" alt=\"spolo\u010dnos\u0165\"><\/p>","protected":false},"excerpt":{"rendered":"<p>Arm Cylinder For Bonny WZYQ42-6 Introduction An arm cylinder is a specifically designed hydraulic cylinder that provides linear motion and power to arms of various types of machinery such as excavators, cranes, and mechanical arms. These cylinders play a crucial role in hydraulic systems, allowing for effective movement and control of attachments or accessories. These [&hellip;]<\/p>","protected":false},"featured_media":14759,"comment_status":"open","ping_status":"closed","template":"","meta":{"_et_pb_use_builder":"","_et_pb_old_content":"","_et_gb_content_width":""},"product_brand":[],"product_cat":[1497],"product_tag":[1498,1496],"class_list":{"0":"post-16857","1":"product","2":"type-product","3":"status-publish","4":"has-post-thumbnail","6":"product_cat-arm-cylinders","7":"product_tag-arm-cylinders","8":"product_tag-hydraulic-cylinders","10":"first","11":"instock","12":"shipping-taxable","13":"product-type-simple"},"amp_enabled":true,"_links":{"self":[{"href":"https:\/\/www.hydraulic-cylinders.net\/sk\/wp-json\/wp\/v2\/product\/16857","targetHints":{"allow":["GET"]}}],"collection":[{"href":"https:\/\/www.hydraulic-cylinders.net\/sk\/wp-json\/wp\/v2\/product"}],"about":[{"href":"https:\/\/www.hydraulic-cylinders.net\/sk\/wp-json\/wp\/v2\/types\/product"}],"replies":[{"embeddable":true,"href":"https:\/\/www.hydraulic-cylinders.net\/sk\/wp-json\/wp\/v2\/comments?post=16857"}],"wp:featuredmedia":[{"embeddable":true,"href":"https:\/\/www.hydraulic-cylinders.net\/sk\/wp-json\/wp\/v2\/media\/14759"}],"wp:attachment":[{"href":"https:\/\/www.hydraulic-cylinders.net\/sk\/wp-json\/wp\/v2\/media?parent=16857"}],"wp:term":[{"taxonomy":"product_brand","embeddable":true,"href":"https:\/\/www.hydraulic-cylinders.net\/sk\/wp-json\/wp\/v2\/product_brand?post=16857"},{"taxonomy":"product_cat","embeddable":true,"href":"https:\/\/www.hydraulic-cylinders.net\/sk\/wp-json\/wp\/v2\/product_cat?post=16857"},{"taxonomy":"product_tag","embeddable":true,"href":"https:\/\/www.hydraulic-cylinders.net\/sk\/wp-json\/wp\/v2\/product_tag?post=16857"}],"curies":[{"name":"pracovn\u00fd list","href":"https:\/\/api.w.org\/{rel}","templated":true}]}}