{"id":16868,"date":"2025-01-21T06:09:15","date_gmt":"2025-01-21T06:09:15","guid":{"rendered":"https:\/\/www.hydraulic-cylinders.net\/product\/arm-cylinder-for-bonny-ctd460-6\/"},"modified":"2025-01-21T06:09:17","modified_gmt":"2025-01-21T06:09:17","slug":"arm-cylinder-for-bonny-ctd460-6","status":"publish","type":"product","link":"https:\/\/www.hydraulic-cylinders.net\/sk\/produkt\/arm-cylinder-for-bonny-ctd460-6\/","title":{"rendered":"Valec ramena pre Bonny CTD460-6"},"content":{"rendered":"<h1>Valec ramena pre Bonny CTD460-6<\/h1>\n<h2>\u00davod<\/h2>\n<p>Hydraulick\u00fd valec ramena je \u0161pecializovan\u00fd hydraulick\u00fd valec, ktor\u00fd sa prim\u00e1rne pou\u017e\u00edva na zabezpe\u010denie line\u00e1rneho pohybu a v\u00fdkonu ramien r\u00f4znych typov strojov, ako s\u00fa r\u00fdpadl\u00e1, \u017eeriavy a robotick\u00e9 ramen\u00e1. Valec ramena hr\u00e1 k\u013e\u00fa\u010dov\u00fa \u00falohu v hydraulick\u00fdch syst\u00e9moch, preto\u017ee umo\u017e\u0148uje efekt\u00edvny pohyb a ovl\u00e1danie pripojen\u00e9ho n\u00e1radia alebo pr\u00edslu\u0161enstva. Tieto valce nielen\u017ee poskytuj\u00fa plynul\u00fd pohyb, ale tie\u017e odol\u00e1vaj\u00fa \u0165a\u017ek\u00fdm za\u0165a\u017eeniam, \u010d\u00edm zabezpe\u010duj\u00fa efekt\u00edvnu prev\u00e1dzku a spo\u013eahlivos\u0165 strojov v r\u00f4znych pracovn\u00fdch podmienkach.<\/p>\n<p><img decoding=\"async\" src=\"https:\/\/www.hydraulic-cylinders.net\/wp-content\/uploads\/2025\/01\/songte-company-2.webp\"><\/p>\n<h2>Funkcie<\/h2>\n<ul>\n<li>\n<h3>Efekt\u00edvny prenos v\u00fdkonu:<\/h3>\n<p> Valec ramena poskytuje siln\u00fd line\u00e1rny pohyb a v\u00fdkon, \u010d\u00edm zais\u0165uje vysok\u00fa \u00fa\u010dinnos\u0165 stroja.<\/li>\n<li>\n<h3>Presn\u00e9 ovl\u00e1danie:<\/h3>\n<p> V\u010faka hydraulick\u00e9mu syst\u00e9mu dok\u00e1\u017ee valec ramena dosiahnu\u0165 presn\u00e9 ovl\u00e1danie pohybu, v\u010faka \u010domu je ovl\u00e1danie pripojen\u00e9ho n\u00e1radia flexibilnej\u0161ie a presnej\u0161ie.<\/li>\n<li>\n<h3>Vysok\u00e1 odolnos\u0165:<\/h3>\n<p> Valce ramien s\u00fa zvy\u010dajne vyroben\u00e9 z vysoko pevn\u00fdch materi\u00e1lov, ktor\u00e9 maj\u00fa dobr\u00fa odolnos\u0165 vo\u010di opotrebovaniu a kor\u00f3zii, v\u010faka \u010domu s\u00fa vhodn\u00e9 na dlhodob\u00e9 pou\u017e\u00edvanie v n\u00e1ro\u010dn\u00fdch podmienkach.<\/li>\n<li>\n<h3>Multifunk\u010dn\u00e1 prisp\u00f4sobivos\u0165:<\/h3>\n<p> Tieto valce sa daj\u00fa \u0161iroko pou\u017e\u00edva\u0165 v r\u00f4znych typoch strojov, ako s\u00fa bagre, \u017eeriavy a robotick\u00e9 ramen\u00e1, a prisp\u00f4sobuj\u00fa sa r\u00f4znym pracovn\u00fdm po\u017eiadavk\u00e1m.<\/li>\n<li>\n<h3>Jednoduch\u00e1 \u00fadr\u017eba:<\/h3>\n<p> Kon\u0161trukcia zoh\u013ead\u0148uje jednoduch\u00fa \u00fadr\u017ebu a v\u00fdmenu, \u010d\u00edm sa u\u013eah\u010duje pravideln\u00e1 kontrola a \u00fadr\u017eba a skracuj\u00fa sa prestoje zariaden\u00ed.<\/li>\n<\/ul>\n<p>Tento produkt vieme vyrobi\u0165 a na\u0161e produkty dok\u00e1\u017eu dokonale nahradi\u0165 tieto hydraulick\u00e9 valce.<\/p>\n<p><img decoding=\"async\" src=\"https:\/\/www.hydraulic-cylinders.net\/wp-content\/uploads\/2025\/01\/songte-oil-pipes-and-spare-parts.webp\"><\/p>\n<h2>Aplik\u00e1cie<\/h2>\n<p>Valce ramien sa pou\u017e\u00edvaj\u00fa v r\u00f4znych odvetviach a aplik\u00e1ci\u00e1ch vr\u00e1tane:<\/p>\n<ul>\n<li>\n<h3>Kon\u0161trukcia:<\/h3>\n<p> V r\u00fdpadl\u00e1ch a \u017eeriavoch sa valce ramien pou\u017e\u00edvaj\u00fa na ovl\u00e1danie pohybu vedier alebo v\u00fdlo\u017en\u00edkov pri zemn\u00fdch pr\u00e1cach, manipul\u00e1cii s materi\u00e1lom a mont\u00e1\u017ei kon\u0161trukci\u00ed.<\/li>\n<li>\n<h3>V\u00fdroba:<\/h3>\n<p> V automatizovan\u00fdch v\u00fdrobn\u00fdch link\u00e1ch sa valce ramien pou\u017e\u00edvaj\u00fa na pohyb robotick\u00fdch ramien pri mont\u00e1\u017enych, zv\u00e1rac\u00edch a manipula\u010dn\u00fdch procesoch, \u010d\u00edm sa zlep\u0161uje efektivita a presnos\u0165 v\u00fdroby.<\/li>\n<li>\n<h3>Po\u013enohospod\u00e1rske stroje:<\/h3>\n<p> V po\u013enohospod\u00e1rskych strojoch, ako s\u00fa zbera\u010de a seja\u010dky, riadia valce ramien pohyb ovl\u00e1dac\u00edch ramien a vykon\u00e1vaj\u00fa \u00falohy, ako je siatie, hnojenie a zber \u00farody.<\/li>\n<li>\n<h3>\u0164a\u017eba:<\/h3>\n<p> V bansk\u00fdch zariadeniach sa valce ramien pou\u017e\u00edvaj\u00fa na ovl\u00e1danie pohybu ramien bansk\u00fdch zariaden\u00ed pri \u0165a\u017ebe a manipul\u00e1cii s rudou.<\/li>\n<li>\n<h3>Logistika a doprava:<\/h3>\n<p> Vo vysokozdvi\u017en\u00fdch voz\u00edkoch a manipula\u010dn\u00fdch robotoch sa valce ramien pou\u017e\u00edvaj\u00fa na ovl\u00e1danie zdv\u00edhania a pohybu vidl\u00edc, \u010d\u00edm sa dosahuje manipul\u00e1cia s materi\u00e1lom a stohovanie.<\/li>\n<\/ul>\n<h2>\u00davahy o dizajne a krit\u00e9ri\u00e1 v\u00fdberu<\/h2>\n<p>Kon\u0161trukcia valca ramena zoh\u013ead\u0148uje k\u013e\u00fa\u010dov\u00e9 faktory, ako je nosnos\u0165, tesnenie, trvanlivos\u0165, bezpe\u010dnos\u0165 a \u00fadr\u017eba. <\/p>\n<ul>\n<li>\n<h3>Nosnos\u0165:<\/h3>\n<p> Valec ramena mus\u00ed by\u0165 schopn\u00fd zvl\u00e1dnu\u0165 za\u0165a\u017eenie, ktor\u00e9 je na\u0148 kladen\u00e9 po\u010das prev\u00e1dzky, a zabezpe\u010di\u0165 tak jeho plynul\u00fd a efekt\u00edvny chod.<\/li>\n<li>\n<h3>Tesnenie:<\/h3>\n<p> Valec mus\u00ed by\u0165 \u00fa\u010dinne utesnen\u00fd, aby sa zabr\u00e1nilo \u00faniku hydraulickej kvapaliny a kontamin\u00e1cii vonkaj\u0161\u00edmi ne\u010distotami.<\/li>\n<li>\n<h3>Trvanlivos\u0165:<\/h3>\n<p> Valec ramena by mal by\u0165 vyroben\u00fd z vysoko kvalitn\u00fdch materi\u00e1lov, ktor\u00e9 odol\u00e1vaj\u00fa n\u00e1ro\u010dn\u00e9mu prev\u00e1dzkov\u00e9mu prostrediu.<\/li>\n<li>\n<h3>Bezpe\u010dnos\u0165:<\/h3>\n<p> Valec ramena mus\u00ed by\u0165 navrhnut\u00fd tak, aby sa predi\u0161lo nehod\u00e1m a zraneniam person\u00e1lu a strojov.<\/li>\n<li>\n<h3>Udr\u017eiavate\u013enos\u0165:<\/h3>\n<p> Kon\u0161trukcia mus\u00ed zoh\u013ead\u0148ova\u0165 jednoduch\u00fa \u00fadr\u017ebu a v\u00fdmenu, skr\u00e1tenie prestojov a maximaliz\u00e1ciu produktivity.<\/li>\n<\/ul>\n<p><img decoding=\"async\" src=\"https:\/\/www.hydraulic-cylinders.net\/wp-content\/uploads\/2025\/01\/songte-cylinder-head-with-all-kinds-excavator-models.webp\"><\/p>\n<h2>Tesnenie a mazanie<\/h2>\n<p>V ramenn\u00fdch valcoch sa pou\u017e\u00edvaj\u00fa r\u00f4zne tesniace komponenty, ako s\u00fa tesnenia piestov a tesnenia ty\u010d\u00ed, vyroben\u00e9 z materi\u00e1lov odoln\u00fdch vo\u010di opotrebovaniu, ako je polyuret\u00e1n a nitrilov\u00fd kau\u010duk. Teleso valca a z\u00e1vitov\u00e9 koncov\u00e9 plochy s\u00fa jemne opracovan\u00e9 pre zlep\u0161enie odolnosti vo\u010di opotrebovaniu. Pravideln\u00e1 \u00fadr\u017eba zah\u0155\u0148a prid\u00e1vanie vhodn\u00e9ho mno\u017estva hydraulick\u00e9ho oleja na mazanie.<\/p>\n<h2>Prevent\u00edvna \u00fadr\u017eba a rie\u0161enie probl\u00e9mov<\/h2>\n<p>Pravideln\u00e1 kontrola a prevent\u00edvna \u00fadr\u017eba s\u00fa nevyhnutn\u00e9 na zabezpe\u010denie bezprobl\u00e9movej prev\u00e1dzky valca ramena. Be\u017en\u00e9 probl\u00e9my, ako je \u00fanik hydraulickej kvapaliny, posun valca a zn\u00ed\u017een\u00e1 \u00fa\u010dinnos\u0165, je mo\u017en\u00e9 diagnostikova\u0165 a vyrie\u0161i\u0165 pomocou vhodn\u00fdch met\u00f3d rie\u0161enia probl\u00e9mov. Medzi opatrenia na predch\u00e1dzanie potenci\u00e1lnym probl\u00e9mom patr\u00ed udr\u017eiavanie valca v \u010distote, zabezpe\u010denie spr\u00e1vnej in\u0161tal\u00e1cie a upevnenia a dodr\u017eiavanie odpor\u00fa\u010dan\u00fdch pl\u00e1nov \u00fadr\u017eby.<\/p>\n<p><img decoding=\"async\" src=\"https:\/\/www.hydraulic-cylinders.net\/wp-content\/uploads\/2025\/01\/songte-chushion-collar.webp\"><\/p>\n<h2>In\u0161tala\u010dn\u00e1 pr\u00edru\u010dka<\/h2>\n<p>Pre spr\u00e1vnu in\u0161tal\u00e1ciu valca ramena postupujte pod\u013ea pokynov v\u00fdrobcu a dodr\u017eiavajte pr\u00edslu\u0161n\u00e9 bezpe\u010dnostn\u00e9 opatrenia. Skontrolujte kompatibilitu zariadenia a uistite sa, \u017ee v\u0161etky upev\u0148ovacie body s\u00fa bezpe\u010dn\u00e9 a v dobrom stave. Pred pou\u017eit\u00edm vykonajte funk\u010dn\u00fa sk\u00fa\u0161ku, aby ste sa uistili o spr\u00e1vnom fungovan\u00ed valca.<\/p>\n<h2>O n\u00e1s<\/h2>\n<p>Sme profesion\u00e1lny v\u00fdrobca n\u00e1hradn\u00fdch hydraulick\u00fdch valcov so \u0161irokou \u0161k\u00e1lou produktov a jedn\u00fdm z popredn\u00fdch v\u00fdrobcov a ve\u013ekoobchodn\u00fdch distrib\u00fatorov hydraulick\u00fdch valcov na dom\u00e1com aj medzin\u00e1rodnom trhu. V\u017edy dodr\u017eiavame princ\u00edp excelentnosti a spoliehame sa na industrializovan\u00e9 strat\u00e9gie riadenia v\u00fdroby v prec\u00edzne spracovan\u00fdch diel\u0148ach, aby sme neust\u00e1le zlep\u0161ovali na\u0161u technick\u00fa \u00farove\u0148 a efekt\u00edvnos\u0165 v\u00fdroby. Zav\u00e1dzan\u00edm \u0161pi\u010dkov\u00fdch digit\u00e1lnych v\u00fdrobn\u00fdch zariaden\u00ed a profesion\u00e1lnych testovac\u00edch syst\u00e9mov optimalizujeme v\u00fdrobn\u00fa platformu a zlep\u0161ujeme proces kontroly kvality v\u00fdrobkov, pri\u010dom disponujeme siln\u00fdmi inova\u010dn\u00fdmi schopnos\u0165ami. Na\u0161\u00edm cie\u013eom je uspokoji\u0165 rozmanit\u00e9 potreby z\u00e1kazn\u00edkov s efekt\u00edvnos\u0165ou, presnos\u0165ou a vysokou kvalitou.<\/p>\n<ul>\n<li>\n<h3>Profesionalita:<\/h3>\n<p> M\u00e1me t\u00edm sk\u00fasen\u00fdch a profesion\u00e1lnych in\u017einierov a technikov, ktor\u00ed sa \u0161pecializuj\u00fa na n\u00e1vrh, v\u00fdrobu a kontrolu kvality hydraulick\u00fdch valcov.<\/li>\n<li>\n<h3>Medzin\u00e1rodn\u00e1 certifik\u00e1cia:<\/h3>\n<p> Na\u0161e v\u00fdrobky pre\u0161li r\u00f4znymi n\u00e1rodn\u00fdmi a medzin\u00e1rodn\u00fdmi certifik\u00e1tmi kvality, ako napr\u00edklad ISO9001:2015, CE a SGS.<\/li>\n<li>\n<h3>Slu\u017eby prisp\u00f4sobenia:<\/h3>\n<p> Poskytujeme slu\u017eby na mieru, aby sme splnili \u0161pecifick\u00e9 po\u017eiadavky z\u00e1kazn\u00edkov.<\/li>\n<li>\n<h3>V\u00fdrobn\u00e9 zariadenia:<\/h3>\n<p> Pou\u017e\u00edvame modern\u00e9 a \u0161pi\u010dkov\u00e9 digit\u00e1lne v\u00fdrobn\u00e9 zariadenia, ako s\u00fa CNC s\u00fastruhy a obr\u00e1bacie centr\u00e1, aby sme zabezpe\u010dili vysok\u00fa presnos\u0165 a konzistentnos\u0165 na\u0161ich produktov.<\/li>\n<li>\n<h3>Popredajn\u00fd servis:<\/h3>\n<p> Poskytujeme komplexn\u00e9 a profesion\u00e1lne popredajn\u00e9 slu\u017eby, ako je technick\u00e1 podpora, \u00fadr\u017eba produktov a z\u00e1ruka.<\/li>\n<\/ul>\n<p><img decoding=\"async\" src=\"https:\/\/www.hydraulic-cylinders.net\/wp-content\/uploads\/2025\/01\/songte-company-4.webp\"><\/p>\n<p><img decoding=\"async\" src=\"https:\/\/www.hydraulic-cylinders.net\/wp-content\/uploads\/2025\/01\/songte-company-3.webp\"><\/p>\n<footer>Autor: lyl.<\/footer>","protected":false},"excerpt":{"rendered":"<p>Arm Cylinder For Bonny CTD460-6 Introduction An arm cylinder is a specialized hydraulic cylinder that is primarily used to provide linear motion and power to the arms of various types of machinery such as excavators, cranes, and robotic arms. The arm cylinder plays a critical role in hydraulic systems, allowing for effective movement and control [&hellip;]<\/p>","protected":false},"featured_media":14786,"comment_status":"open","ping_status":"closed","template":"","meta":{"_et_pb_use_builder":"","_et_pb_old_content":"","_et_gb_content_width":""},"product_brand":[],"product_cat":[1497],"product_tag":[1498,1496],"class_list":{"0":"post-16868","1":"product","2":"type-product","3":"status-publish","4":"has-post-thumbnail","6":"product_cat-arm-cylinders","7":"product_tag-arm-cylinders","8":"product_tag-hydraulic-cylinders","10":"first","11":"instock","12":"shipping-taxable","13":"product-type-simple"},"amp_enabled":true,"_links":{"self":[{"href":"https:\/\/www.hydraulic-cylinders.net\/sk\/wp-json\/wp\/v2\/product\/16868","targetHints":{"allow":["GET"]}}],"collection":[{"href":"https:\/\/www.hydraulic-cylinders.net\/sk\/wp-json\/wp\/v2\/product"}],"about":[{"href":"https:\/\/www.hydraulic-cylinders.net\/sk\/wp-json\/wp\/v2\/types\/product"}],"replies":[{"embeddable":true,"href":"https:\/\/www.hydraulic-cylinders.net\/sk\/wp-json\/wp\/v2\/comments?post=16868"}],"wp:featuredmedia":[{"embeddable":true,"href":"https:\/\/www.hydraulic-cylinders.net\/sk\/wp-json\/wp\/v2\/media\/14786"}],"wp:attachment":[{"href":"https:\/\/www.hydraulic-cylinders.net\/sk\/wp-json\/wp\/v2\/media?parent=16868"}],"wp:term":[{"taxonomy":"product_brand","embeddable":true,"href":"https:\/\/www.hydraulic-cylinders.net\/sk\/wp-json\/wp\/v2\/product_brand?post=16868"},{"taxonomy":"product_cat","embeddable":true,"href":"https:\/\/www.hydraulic-cylinders.net\/sk\/wp-json\/wp\/v2\/product_cat?post=16868"},{"taxonomy":"product_tag","embeddable":true,"href":"https:\/\/www.hydraulic-cylinders.net\/sk\/wp-json\/wp\/v2\/product_tag?post=16868"}],"curies":[{"name":"pracovn\u00fd list","href":"https:\/\/api.w.org\/{rel}","templated":true}]}}