{"id":16871,"date":"2025-01-21T06:09:27","date_gmt":"2025-01-21T06:09:27","guid":{"rendered":"https:\/\/www.hydraulic-cylinders.net\/product\/arm-cylinder-for-bonny-waydq50-5\/"},"modified":"2025-01-21T06:09:29","modified_gmt":"2025-01-21T06:09:29","slug":"arm-cylinder-for-bonny-waydq50-5","status":"publish","type":"product","link":"https:\/\/www.hydraulic-cylinders.net\/sk\/produkt\/arm-cylinder-for-bonny-waydq50-5\/","title":{"rendered":"Valec ramena pre Bonny WAYDQ50-5"},"content":{"rendered":"<h1>Valec ramena pre Bonny WAYDQ50-5<\/h1>\n<h2>\u00davod<\/h2>\n<p>Hydraulick\u00fd valec ramena je \u0161peci\u00e1lne navrhnut\u00fd hydraulick\u00fd valec, ktor\u00fd sa pou\u017e\u00edva na zabezpe\u010denie line\u00e1rneho pohybu a v\u00fdkonu r\u00f4znych typov ramien strojov, ako s\u00fa r\u00fdpadl\u00e1, \u017eeriavy a mechanick\u00e9 ramen\u00e1. Valec ramena zohr\u00e1va k\u013e\u00fa\u010dov\u00fa \u00falohu v hydraulickom syst\u00e9me, preto\u017ee umo\u017e\u0148uje efekt\u00edvny pohyb a ovl\u00e1danie \u010fal\u0161\u00edch n\u00e1strojov alebo pr\u00eddavn\u00fdch zariaden\u00ed. Tieto valce nielen zabezpe\u010duj\u00fa plynul\u00fd pohyb, ale tie\u017e unes\u00fa \u0165a\u017ek\u00e9 za\u0165a\u017eenia, \u010d\u00edm zabezpe\u010duj\u00fa efekt\u00edvnu prev\u00e1dzku a spo\u013eahlivos\u0165 strojov za r\u00f4znych prev\u00e1dzkov\u00fdch podmienok.<\/p>\n<p><img decoding=\"async\" src=\"https:\/\/www.hydraulic-cylinders.net\/wp-content\/uploads\/2025\/01\/songte-company-2.webp\" alt=\"Valec ramena\" \/><\/p>\n<h2>Funkcie<\/h2>\n<ul>\n<li>Efekt\u00edvny prenos sily: Valec ramena poskytuje siln\u00fd line\u00e1rny pohyb a silu, aby sa zabezpe\u010dil vysoko\u00fa\u010dinn\u00fd v\u00fdkon mechanick\u00e9ho ramena pri r\u00f4znych oper\u00e1ci\u00e1ch.<\/li>\n<li>Presn\u00e9 ovl\u00e1danie: Prostredn\u00edctvom hydraulick\u00e9ho syst\u00e9mu dok\u00e1\u017ee valec ramena dosiahnu\u0165 presn\u00e9 ovl\u00e1danie pohybu, v\u010faka \u010domu je ovl\u00e1danie \u010fal\u0161\u00edch n\u00e1strojov flexibilnej\u0161ie a presnej\u0161ie.<\/li>\n<li>Vysok\u00e1 odolnos\u0165: Valce ramien s\u00fa zvy\u010dajne vyroben\u00e9 z vysoko pevn\u00fdch materi\u00e1lov, maj\u00fa dobr\u00fa odolnos\u0165 vo\u010di opotrebovaniu a kor\u00f3zii a s\u00fa vhodn\u00e9 na dlhodob\u00e9 pou\u017e\u00edvanie v n\u00e1ro\u010dn\u00fdch podmienkach.<\/li>\n<li>Multifunk\u010dn\u00e1 prisp\u00f4sobivos\u0165: Tieto valce sa daj\u00fa \u0161iroko pou\u017e\u00edva\u0165 v r\u00f4znych mechanick\u00fdch zariadeniach, ako s\u00fa bagre, \u017eeriavy a mechanick\u00e9 ramen\u00e1, aby sp\u013a\u0148ali r\u00f4zne pracovn\u00e9 po\u017eiadavky.<\/li>\n<li>Jednoduch\u00e1 \u00fadr\u017eba: Pravideln\u00e9 kontroly a \u00fadr\u017eba s\u00fa navrhnut\u00e9 pre jednoduch\u00fa \u00fadr\u017ebu a v\u00fdmenu, \u010do zni\u017euje prestoje zariaden\u00ed.<\/li>\n<\/ul>\n<p>Tento produkt vieme vyrobi\u0165 a dok\u00e1\u017ee dokonale nahradi\u0165 tieto hydraulick\u00e9 valce.<\/p>\n<p><img decoding=\"async\" src=\"https:\/\/www.hydraulic-cylinders.net\/wp-content\/uploads\/2025\/01\/songte-oil-pipes-and-spare-parts.webp\" alt=\"\u010casti valca\" \/><\/p>\n<h2>Aplik\u00e1cie<\/h2>\n<p>Valec ramena sa \u0161iroko pou\u017e\u00edva v r\u00f4znych odvetviach pre r\u00f4zne aplik\u00e1cie:<\/p>\n<h3>Stavebn\u00edctvo<\/h3>\n<p>V r\u00fdpadl\u00e1ch a \u017eeriavoch sa valec ramena pou\u017e\u00edva na ovl\u00e1danie pohybu vedra alebo v\u00fdlo\u017en\u00edka pri zemn\u00fdch pr\u00e1cach, manipul\u00e1cii s materi\u00e1lom a mont\u00e1\u017ei kon\u0161trukci\u00ed.<\/p>\n<h3>V\u00fdroba<\/h3>\n<p>V automatizovan\u00fdch v\u00fdrobn\u00fdch link\u00e1ch sa valec ramena pou\u017e\u00edva na pohyb mechanick\u00fdch ramien, mont\u00e1\u017e, zv\u00e1ranie a manipula\u010dn\u00e9 oper\u00e1cie s cie\u013eom zlep\u0161i\u0165 efektivitu a presnos\u0165 v\u00fdroby.<\/p>\n<h3>Po\u013enohospod\u00e1rske stroje<\/h3>\n<p>V po\u013enohospod\u00e1rskych strojoch, ako s\u00fa zbera\u010de a seja\u010dky, riadi valec ramena pohyb ovl\u00e1dacieho ramena na vykon\u00e1vanie \u00faloh, ako je siatie, hnojenie a zber \u00farody.<\/p>\n<h3>\u0164a\u017eba<\/h3>\n<p>V bansk\u00fdch zariadeniach riadi valec ramena pohyb ramena bansk\u00e9ho zariadenia na vykon\u00e1vanie \u0165a\u017eobn\u00fdch a manipula\u010dn\u00fdch oper\u00e1ci\u00ed s materi\u00e1lom.<\/p>\n<h3>Logistika a doprava<\/h3>\n<p>Vo vysokozdvi\u017en\u00fdch voz\u00edkoch a manipula\u010dn\u00fdch robotoch sa valec ramena pou\u017e\u00edva na ovl\u00e1danie zdv\u00edhania a pohybu vidlice, \u010d\u00edm sa realizuje manipul\u00e1cia s materi\u00e1lom a stohovanie.<\/p>\n<p><img decoding=\"async\" src=\"https:\/\/www.hydraulic-cylinders.net\/wp-content\/uploads\/2025\/01\/songte-chushion-collar.webp\" alt=\"\u010casti valca\" \/><\/p>\n<h2>\u00davahy o dizajne a krit\u00e9ri\u00e1 v\u00fdberu<\/h2>\n<ul>\n<li>Nosnos\u0165: Valec ramena by mal by\u0165 schopn\u00fd odola\u0165 maxim\u00e1lnemu za\u0165a\u017eeniu ramena stroja.<\/li>\n<li>Tesnenie: Na zabezpe\u010denie tesniaceho v\u00fdkonu sa pou\u017e\u00edvaj\u00fa r\u00f4zne tesniace prvky, ako s\u00fa tesnenia piestov a tesnenia ty\u010d\u00ed, vyroben\u00e9 z materi\u00e1lov odoln\u00fdch vo\u010di opotrebovaniu, ako je polyuret\u00e1n a nitrilov\u00fd kau\u010duk.<\/li>\n<li>Trvanlivos\u0165: Teleso valca a z\u00e1vitov\u00fd koniec s\u00fa jemne opracovan\u00e9 pre zlep\u0161enie odolnosti vo\u010di opotrebovaniu.<\/li>\n<li>Bezpe\u010dnos\u0165: F\u013ea\u0161a by mala by\u0165 navrhnut\u00e1 s bezpe\u010dnostn\u00fdmi prvkami, ako s\u00fa poistn\u00e9 ventily, aby sa zabr\u00e1nilo po\u0161kodeniu v d\u00f4sledku pretlaku alebo pre\u0165a\u017eenia.<\/li>\n<li>\u00dadr\u017eba: Kon\u0161trukcia valca by mala zoh\u013ead\u0148ova\u0165 jednoduch\u00fa \u00fadr\u017ebu a v\u00fdmenu, aby sa skr\u00e1tili prestoje zariadenia.<\/li>\n<\/ul>\n<p><img decoding=\"async\" src=\"https:\/\/www.hydraulic-cylinders.net\/wp-content\/uploads\/2025\/01\/songte-cylinder-head-with-all-kinds-excavator-models.webp\" alt=\"\u010casti valca\" \/><\/p>\n<h2>Tesnenie a mazanie<\/h2>\n<p>Na zabezpe\u010denie tesniaceho v\u00fdkonu sa pou\u017e\u00edvaj\u00fa r\u00f4zne tesniace prvky, ako s\u00fa tesnenia piestov a ty\u010d\u00ed, vyroben\u00e9 z materi\u00e1lov odoln\u00fdch vo\u010di opotrebovaniu, ako je polyuret\u00e1n a nitrilov\u00fd kau\u010duk. Teleso valca a z\u00e1vitov\u00fd koniec s\u00fa jemne opracovan\u00e9 pre zlep\u0161enie odolnosti vo\u010di opotrebovaniu. Na mazanie a ochranu valca je potrebn\u00e9 pravideln\u00e9 dop\u013a\u0148anie vhodn\u00e9ho hydraulick\u00e9ho oleja.<\/p>\n<h2>\u00dadr\u017eba a opravy<\/h2>\n<ul>\n<li>Pravideln\u00e1 kontrola valcov a hydraulick\u00fdch syst\u00e9mov je potrebn\u00e1 na zabezpe\u010denie spr\u00e1vnej prev\u00e1dzky a identifik\u00e1ciu potenci\u00e1lnych probl\u00e9mov.<\/li>\n<li>Prevent\u00edvna \u00fadr\u017eba, ako je \u010distenie a mazanie, m\u00f4\u017ee pom\u00f4c\u0165 zn\u00ed\u017ei\u0165 poruchovos\u0165 zariaden\u00ed a pred\u013a\u017ei\u0165 ich \u017eivotnos\u0165.<\/li>\n<li>V pr\u00edpade poruchy je mo\u017en\u00e9 vykona\u0165 v\u010dasn\u00fa diagnostiku a opravu, aby sa minimalizovali prestoje a zn\u00ed\u017eili n\u00e1klady na \u00fadr\u017ebu.<\/li>\n<\/ul>\n<p><img decoding=\"async\" src=\"https:\/\/www.hydraulic-cylinders.net\/wp-content\/uploads\/2025\/01\/songte-bushings-with-all-kinds-of-excavator-models.webp\" alt=\"\u010casti valca\" \/><\/p>\n<h2>In\u0161tala\u010dn\u00e1 pr\u00edru\u010dka<\/h2>\n<p>Pred in\u0161tal\u00e1ciou sa uistite, \u017ee v\u0161etky diely s\u00fa \u010dist\u00e9 a nie s\u00fa po\u0161koden\u00e9 ani deformovan\u00e9. Nain\u0161talujte valec pod\u013ea pokynov v\u00fdrobcu. Pripojenie mus\u00ed by\u0165 utiahnut\u00e9 predp\u00edsan\u00fdm kr\u00fatiacim momentom. Po in\u0161tal\u00e1cii skontrolujte tesnos\u0165 syst\u00e9mu a jeho spr\u00e1vnu funkciu.<\/p>\n<h2>Bezpe\u010dnostn\u00e9 aspekty a faktory prostredia<\/h2>\n<p>Valec s ramenom by sa mal prev\u00e1dzkova\u0165 pr\u00edsne v s\u00falade s pokynmi v\u00fdrobcu, aby sa predi\u0161lo nehod\u00e1m. Na zaistenie bezpe\u010dnej prev\u00e1dzky by sa mali nain\u0161talova\u0165 aj bezpe\u010dnostn\u00e9 opatrenia, ako s\u00fa poistn\u00e9 ventily. Z h\u013eadiska environment\u00e1lnych faktorov by sa valce mali spr\u00e1vne likvidova\u0165 a recyklova\u0165, aby sa zn\u00ed\u017eilo zne\u010distenie \u017eivotn\u00e9ho prostredia.<\/p>\n<h2>Rie\u0161enie probl\u00e9mov a be\u017en\u00e9 probl\u00e9my<\/h2>\n<ul>\n<li>\u00danik: \u00danik m\u00f4\u017ee by\u0165 sp\u00f4soben\u00fd po\u0161koden\u00fdmi tesneniami alebo uvo\u013enen\u00fdmi spojmi. V pr\u00edpade potreby utiahnite spoj alebo vyme\u0148te tesnenie.<\/li>\n<li>Nedostato\u010dn\u00fd v\u00fdkon: M\u00f4\u017ee to by\u0165 sp\u00f4soben\u00e9 n\u00edzkym hydraulick\u00fdm tlakom, nedostato\u010dn\u00fdm pr\u00edvodom oleja alebo po\u0161koden\u00fdm valcom. Skontrolujte a opravte hydraulick\u00fd syst\u00e9m alebo v pr\u00edpade potreby vyme\u0148te valec.<\/li>\n<li>Neobvykl\u00fd hluk: Neobvykl\u00fd hluk m\u00f4\u017ee by\u0165 sp\u00f4soben\u00fd po\u0161koden\u00fdmi dielmi alebo nedostato\u010dn\u00fdm mazan\u00edm. Skontrolujte a vyme\u0148te po\u0161koden\u00e9 diely alebo v pr\u00edpade potreby dopl\u0148te mazivo.<\/li>\n<\/ul>\n<p>Podrobnej\u0161ie inform\u00e1cie o rie\u0161en\u00ed probl\u00e9mov a met\u00f3dach opravy n\u00e1jdete v pokynoch v\u00fdrobcu.<\/p>\n<p><img decoding=\"async\" src=\"https:\/\/www.hydraulic-cylinders.net\/wp-content\/uploads\/2025\/01\/songte-company-4.webp\" alt=\"Spolo\u010dnos\u0165\" \/><br \/>\n<img decoding=\"async\" src=\"https:\/\/www.hydraulic-cylinders.net\/wp-content\/uploads\/2025\/01\/songte-company-3.webp\" alt=\"Spolo\u010dnos\u0165\" \/><\/p>\n<h2>O na\u0161ej spolo\u010dnosti<\/h2>\n<p>Sme profesion\u00e1lny v\u00fdrobca n\u00e1hradn\u00fdch hydraulick\u00fdch valcov so \u0161irokou \u0161k\u00e1lou produktov a stali sme sa jedn\u00fdm z popredn\u00fdch v\u00fdrobcov a ve\u013ekoobchodn\u00fdch distrib\u00fatorov hydraulick\u00fdch valcov na dom\u00e1com aj zahrani\u010dnom trhu. V\u017edy dodr\u017eiavame z\u00e1sadu vynikaj\u00facej kvality a spoliehame sa na strat\u00e9giu industrializovan\u00e9ho riadenia v\u00fdroby v prec\u00edznych v\u00fdrobn\u00fdch diel\u0148ach, aby sme neust\u00e1le zlep\u0161ovali na\u0161e technol\u00f3gie a efektivitu v\u00fdroby. M\u00e1me siln\u00e9 inova\u010dn\u00e9 schopnosti v\u010faka zav\u00e1dzaniu \u0161pi\u010dkov\u00fdch digit\u00e1lnych v\u00fdrobn\u00fdch zariaden\u00ed a profesion\u00e1lnych testovac\u00edch syst\u00e9mov. Na\u0161\u00edm cie\u013eom je uspokoji\u0165 rozmanit\u00e9 potreby z\u00e1kazn\u00edkov s vysokou \u00fa\u010dinnos\u0165ou, presnos\u0165ou a princ\u00edpmi vysokej kvality.<\/p>\n<h3>Profesionalita<\/h3>\n<p>Na\u0161a spolo\u010dnos\u0165 m\u00e1 profesion\u00e1lny t\u00edm s bohat\u00fdmi sk\u00fasenos\u0165ami vo v\u00fdskume a v\u00fdvoji, dizajne, v\u00fdrobe a servise, aby sme zabezpe\u010dili, \u017ee na\u0161i z\u00e1kazn\u00edci dostan\u00fa najprofesion\u00e1lnej\u0161\u00ed servis a podporu.<\/p>\n<h3>Medzin\u00e1rodn\u00e1 certifik\u00e1cia<\/h3>\n<p>Na\u0161e v\u00fdrobky pre\u0161li medzin\u00e1rodn\u00fdmi certifik\u00e1ciami ako ISO9001 a CE, \u010do dokazuje na\u0161e vysok\u00e9 \u0161tandardy kvality a spo\u013eahlivos\u0165 v\u00fdrobkov.<\/p>\n<h3>Slu\u017eba prisp\u00f4sobenia<\/h3>\n<p>Poskytujeme prisp\u00f4soben\u00e9 slu\u017eby, ktor\u00e9 sp\u013a\u0148aj\u00fa r\u00f4zne po\u017eiadavky z\u00e1kazn\u00edkov vr\u00e1tane ve\u013ekosti, tlaku, materi\u00e1lu, povrchovej \u00fapravy a \u010fal\u0161\u00edch parametrov.<\/p>\n<h3>V\u00fdrobn\u00e9 zariadenia<\/h3>\n<p>Na\u0161a spolo\u010dnos\u0165 m\u00e1 modern\u00e9 v\u00fdrobn\u00e9 zariadenia vr\u00e1tane CNC s\u00fastruhov, obr\u00e1bac\u00edch centier, v\u0155ta\u010diek, br\u00fasok a \u010fal\u0161ieho \u0161pecializovan\u00e9ho vybavenia.<\/p>\n<h3>Popredajn\u00fd servis<\/h3>\n<p>Poskytujeme komplexn\u00fd popredajn\u00fd servis a technick\u00fa podporu, aby sme zabezpe\u010dili, \u017ee z\u00e1kazn\u00edci dok\u00e1\u017eu vyrie\u0161i\u0165 ak\u00e9ko\u013evek probl\u00e9my, s ktor\u00fdmi sa stretn\u00fa po\u010das pou\u017e\u00edvania na\u0161ich produktov.<\/p>\n<p><img decoding=\"async\" src=\"https:\/\/www.hydraulic-cylinders.net\/wp-content\/uploads\/2025\/01\/songte-company-4.webp\" alt=\"Spolo\u010dnos\u0165\" \/><\/p>\n<p>Autor: lyl<\/p>","protected":false},"excerpt":{"rendered":"<p>Arm Cylinder For Bonny WAYDQ50-5 Introduction The arm cylinder is a specially designed hydraulic cylinder used to provide linear motion and power to various types of machine arms, such as excavators, cranes, and mechanical arms. The arm cylinder plays a crucial role in the hydraulic system, allowing additional tools or attachments to move and control [&hellip;]<\/p>","protected":false},"featured_media":14777,"comment_status":"open","ping_status":"closed","template":"","meta":{"_et_pb_use_builder":"","_et_pb_old_content":"","_et_gb_content_width":""},"product_brand":[],"product_cat":[1497],"product_tag":[1498,1496],"class_list":{"0":"post-16871","1":"product","2":"type-product","3":"status-publish","4":"has-post-thumbnail","6":"product_cat-arm-cylinders","7":"product_tag-arm-cylinders","8":"product_tag-hydraulic-cylinders","10":"first","11":"instock","12":"shipping-taxable","13":"product-type-simple"},"amp_enabled":true,"_links":{"self":[{"href":"https:\/\/www.hydraulic-cylinders.net\/sk\/wp-json\/wp\/v2\/product\/16871","targetHints":{"allow":["GET"]}}],"collection":[{"href":"https:\/\/www.hydraulic-cylinders.net\/sk\/wp-json\/wp\/v2\/product"}],"about":[{"href":"https:\/\/www.hydraulic-cylinders.net\/sk\/wp-json\/wp\/v2\/types\/product"}],"replies":[{"embeddable":true,"href":"https:\/\/www.hydraulic-cylinders.net\/sk\/wp-json\/wp\/v2\/comments?post=16871"}],"wp:featuredmedia":[{"embeddable":true,"href":"https:\/\/www.hydraulic-cylinders.net\/sk\/wp-json\/wp\/v2\/media\/14777"}],"wp:attachment":[{"href":"https:\/\/www.hydraulic-cylinders.net\/sk\/wp-json\/wp\/v2\/media?parent=16871"}],"wp:term":[{"taxonomy":"product_brand","embeddable":true,"href":"https:\/\/www.hydraulic-cylinders.net\/sk\/wp-json\/wp\/v2\/product_brand?post=16871"},{"taxonomy":"product_cat","embeddable":true,"href":"https:\/\/www.hydraulic-cylinders.net\/sk\/wp-json\/wp\/v2\/product_cat?post=16871"},{"taxonomy":"product_tag","embeddable":true,"href":"https:\/\/www.hydraulic-cylinders.net\/sk\/wp-json\/wp\/v2\/product_tag?post=16871"}],"curies":[{"name":"pracovn\u00fd list","href":"https:\/\/api.w.org\/{rel}","templated":true}]}}