{"id":16882,"date":"2025-01-21T06:10:17","date_gmt":"2025-01-21T06:10:17","guid":{"rendered":"https:\/\/www.hydraulic-cylinders.net\/product\/arm-cylinder-for-baoding-wy65-6\/"},"modified":"2025-01-21T06:10:19","modified_gmt":"2025-01-21T06:10:19","slug":"arm-cylinder-for-baoding-wy65-6","status":"publish","type":"product","link":"https:\/\/www.hydraulic-cylinders.net\/sk\/produkt\/arm-cylinder-for-baoding-wy65-6\/","title":{"rendered":"Valec ramena pre Baoding WY65-6"},"content":{"rendered":"<h1>Valec ramena pre Baoding WY65-6<\/h1>\n<h2>\u00davod<\/h2>\n<p>Hydraulick\u00fd valec ramena je \u0161peci\u00e1lne navrhnut\u00fd hydraulick\u00fd valec, ktor\u00fd sa prim\u00e1rne pou\u017e\u00edva na zabezpe\u010denie line\u00e1rneho pohybu a v\u00fdkonu ramien r\u00f4znych typov strojov, ako s\u00fa r\u00fdpadl\u00e1, \u017eeriavy a mechanick\u00e9 ramen\u00e1. Hydraulick\u00fd valec ramena zohr\u00e1va k\u013e\u00fa\u010dov\u00fa \u00falohu v hydraulick\u00fdch syst\u00e9moch, preto\u017ee umo\u017e\u0148uje efekt\u00edvny pohyb a ovl\u00e1danie \u010fal\u0161\u00edch n\u00e1strojov alebo pr\u00edslu\u0161enstva. Tieto valce nielen dosahuj\u00fa plynul\u00e9 pohyby, ale tie\u017e odol\u00e1vaj\u00fa \u0165a\u017ek\u00fdm za\u0165a\u017eeniam, \u010d\u00edm zabezpe\u010duj\u00fa efekt\u00edvnu prev\u00e1dzku a spo\u013eahlivos\u0165 strojov v r\u00f4znych prev\u00e1dzkov\u00fdch podmienkach.<\/p>\n<p><img decoding=\"async\" src=\"https:\/\/www.hydraulic-cylinders.net\/wp-content\/uploads\/2025\/01\/songte-company-2.webp\"><\/p>\n<h2>Funkcie<\/h2>\n<ul>\n<li>Efekt\u00edvny prenos sily: Valec ramena poskytuje siln\u00fd line\u00e1rny pohyb a silu, \u010d\u00edm zais\u0165uje vysok\u00fd v\u00fdkon mechanick\u00e9ho ramena pri r\u00f4znych oper\u00e1ci\u00e1ch.<\/li>\n<li>Presn\u00e9 ovl\u00e1danie: Prostredn\u00edctvom hydraulick\u00e9ho syst\u00e9mu dok\u00e1\u017ee valec ramena dosiahnu\u0165 presn\u00e9 ovl\u00e1danie pohybu, v\u010faka \u010domu je ovl\u00e1danie \u010fal\u0161\u00edch n\u00e1strojov flexibilnej\u0161ie a presnej\u0161ie.<\/li>\n<li>Vysok\u00e1 odolnos\u0165: Valec ramena sa zvy\u010dajne vyr\u00e1ba z vysokopevnostn\u00fdch materi\u00e1lov, ktor\u00e9 maj\u00fa dobr\u00fa odolnos\u0165 vo\u010di opotrebovaniu a kor\u00f3zii, v\u010faka \u010domu je vhodn\u00fd na dlhodob\u00e9 pou\u017e\u00edvanie v n\u00e1ro\u010dn\u00fdch podmienkach.<\/li>\n<li>Multifunk\u010dn\u00e1 prisp\u00f4sobivos\u0165: Tieto valce sa daj\u00fa \u0161iroko pou\u017e\u00edva\u0165 v r\u00f4znych typoch strojov, ako s\u00fa bagre, \u017eeriavy a mechanick\u00e9 ramen\u00e1, a prisp\u00f4sobuj\u00fa sa r\u00f4znym pracovn\u00fdm po\u017eiadavk\u00e1m.<\/li>\n<li>Jednoduch\u00e1 \u00fadr\u017eba: Kon\u0161trukcia zoh\u013ead\u0148uje jednoduch\u00fa \u00fadr\u017ebu a v\u00fdmenu, v\u010faka \u010domu je pravideln\u00e1 kontrola a \u00fadr\u017eba pohodlnej\u0161ia a skracuje prestoje zariadenia.<\/li>\n<\/ul>\n<p>N\u00e1\u0161 produkt dok\u00e1\u017ee dokonale nahradi\u0165 tieto hydraulick\u00e9 valce.<\/p>\n<p><img decoding=\"async\" src=\"https:\/\/www.hydraulic-cylinders.net\/wp-content\/uploads\/2025\/01\/songte-oil-pipes-and-spare-parts.webp\"><\/p>\n<h2>Aplik\u00e1cie<\/h2>\n<ul>\n<li>Kon\u0161trukcia: V bagroch a \u017eeriavoch sa valec ramena pou\u017e\u00edva na ovl\u00e1danie pohybu vedra alebo v\u00fdlo\u017en\u00edka pri zemn\u00fdch pr\u00e1cach, manipul\u00e1cii s materi\u00e1lom a mont\u00e1\u017ei kon\u0161trukci\u00ed.<\/li>\n<li>V\u00fdroba: V automatizovan\u00fdch v\u00fdrobn\u00fdch link\u00e1ch sa valec ramena pou\u017e\u00edva na pohyb mechanick\u00fdch ramien pri mont\u00e1\u017enych, zv\u00e1rac\u00edch a manipula\u010dn\u00fdch procesoch, \u010d\u00edm sa zlep\u0161uje efektivita a presnos\u0165 v\u00fdroby.<\/li>\n<li>Po\u013enohospod\u00e1rske stroje: V po\u013enohospod\u00e1rskych strojoch, ako s\u00fa zbera\u010de a seja\u010dky, riadi valec ramena pohyb ovl\u00e1dacieho ramena na vykon\u00e1vanie \u00faloh, ako je siatie, hnojenie a zber \u00farody.<\/li>\n<li>\u0164a\u017eba: V bansk\u00fdch zariadeniach sa valec ramena pou\u017e\u00edva na ovl\u00e1danie pohybu ramena bansk\u00e9ho zariadenia pri \u0165a\u017ebe a manipul\u00e1cii s rudou.<\/li>\n<li>Logistika a doprava: Vo vysokozdvi\u017en\u00fdch voz\u00edkoch a transportn\u00fdch robotoch sa valec ramena pou\u017e\u00edva na ovl\u00e1danie zdv\u00edhania a pohybu vidl\u00edc, \u010d\u00edm sa realizuje manipul\u00e1cia s materi\u00e1lom a stohovanie.<\/li>\n<\/ul>\n<h2>\u00davahy o dizajne a krit\u00e9ri\u00e1 v\u00fdberu<\/h2>\n<h3>Nosnos\u0165<\/h3>\n<p>Valec ramena mus\u00ed ma\u0165 dostato\u010dn\u00fa nosnos\u0165, aby sp\u013a\u0148al po\u017eiadavky r\u00f4znych oper\u00e1ci\u00ed, \u010do s\u00favis\u00ed s jeho ve\u013ekos\u0165ou a typom. \u010c\u00edm v\u00e4\u010d\u0161\u00ed valec, t\u00fdm v\u00e4\u010d\u0161ia je nosnos\u0165, ale znamen\u00e1 to aj vy\u0161\u0161ie n\u00e1klady. Preto je potrebn\u00e9 vybra\u0165 vhodn\u00fa ve\u013ekos\u0165 a typ valca pod\u013ea \u0161pecifick\u00fdch po\u017eiadaviek aplik\u00e1cie.<\/p>\n<h3>Tesnenie<\/h3>\n<p>Tesniaci v\u00fdkon valca priamo ovplyv\u0148uje jeho \u017eivotnos\u0165 a v\u00fdkon. Preto by sa r\u00f4zne tesniace komponenty, ako s\u00fa tesnenia piestov a ty\u010d\u00ed, mali vybera\u0165 pod\u013ea \u0161pecifick\u00fdch pracovn\u00fdch podmienok a na zabezpe\u010denie dobr\u00e9ho tesniaceho v\u00fdkonu by sa mali pou\u017e\u00edva\u0165 materi\u00e1ly odoln\u00e9 vo\u010di opotrebovaniu, ako je polyuret\u00e1n a nitrilov\u00fd kau\u010duk.<\/p>\n<h3>Trvanlivos\u0165<\/h3>\n<p>Rameno valca sa zvy\u010dajne pou\u017e\u00edva v n\u00e1ro\u010dn\u00fdch podmienkach, preto mus\u00ed ma\u0165 dobr\u00fa odolnos\u0165 vo\u010di opotrebovaniu a kor\u00f3zii. V\u00fdrobcovia by mali pou\u017e\u00edva\u0165 vysokopevnostn\u00e9 materi\u00e1ly a aplikova\u0165 pokro\u010dil\u00e9 technol\u00f3gie povrchovej \u00fapravy na zv\u00fd\u0161enie odolnosti valca.<\/p>\n<h3>Bezpe\u010dnos\u0165<\/h3>\n<p>Pri navrhovan\u00ed valca ramena by mala by\u0165 bezpe\u010dnos\u0165 najvy\u0161\u0161ou prioritou. Valec by mal by\u0165 vybaven\u00fd bezpe\u010dnostn\u00fdmi zariadeniami, ako s\u00fa poistn\u00e9 ventily a sp\u00e4tn\u00e9 ventily, aby sa zabr\u00e1nilo pre\u0165a\u017eeniu a zabezpe\u010dila sa bezpe\u010dn\u00e1 prev\u00e1dzka.<\/p>\n<h3>\u00dadr\u017eba<\/h3>\n<p>D\u00f4le\u017eit\u00fdm faktorom je aj n\u00e1vrh valca pre jednoduch\u00fa \u00fadr\u017ebu. Valec by mal by\u0165 navrhnut\u00fd s \u013eahk\u00fdm pr\u00edstupom k jeho komponentom a mal by sa da\u0165 \u013eahko rozobra\u0165 a zmontova\u0165, \u010d\u00edm sa zn\u00ed\u017eia prestoje zariadenia a n\u00e1klady na \u00fadr\u017ebu.<\/p>\n<p><img decoding=\"async\" src=\"https:\/\/www.hydraulic-cylinders.net\/wp-content\/uploads\/2025\/01\/songte-cylinder-head-with-all-kinds-excavator-models.webp\"><\/p>\n<h2>Tesnenie a mazanie<\/h2>\n<p>Valec ramena vy\u017eaduje r\u00f4zne tesniace komponenty, aby sa zabezpe\u010dil dobr\u00fd tesniaci v\u00fdkon. Tesnenie piesta a tesnenie ty\u010de by sa mali pravidelne kontrolova\u0165 na po\u0161kodenia a opotrebovanie a v pr\u00edpade potreby vymeni\u0165. Teleso valca a z\u00e1vitov\u00fd koniec by mali by\u0165 jemne opracovan\u00e9, aby sa zlep\u0161ila odolnos\u0165 vo\u010di opotrebovaniu. Na zabezpe\u010denie mazania valca a zabr\u00e1nenie opotrebovaniu by sa mal zvoli\u0165 vhodn\u00fd hydraulick\u00fd olej. Pravideln\u00e1 v\u00fdmena oleja a kontrola hladiny oleja je tie\u017e potrebn\u00e1.<\/p>\n<h2>\u00dadr\u017eba a odstra\u0148ovanie probl\u00e9mov<\/h2>\n<p>Valec ramena vy\u017eaduje pravideln\u00fa kontrolu a prevent\u00edvnu \u00fadr\u017ebu, aby sa zabezpe\u010dil jeho stabiln\u00fd v\u00fdkon. Valec by sa mal pravidelne kontrolova\u0165 na tesnos\u0165, hluk a opotrebovanie. Ak sa zistia ak\u00e9ko\u013evek probl\u00e9my, mali by sa vykona\u0165 v\u010dasn\u00e9 opravy alebo v\u00fdmeny. Medzi be\u017en\u00e9 probl\u00e9my patr\u00ed posun valca, vibr\u00e1cie a \u00fanavov\u00e9 zlyhanie. Tieto probl\u00e9my mo\u017eno prip\u00edsa\u0165 r\u00f4znym faktorom, ako je vstup vzduchu, kontamin\u00e1cia olejom a nespr\u00e1vna in\u0161tal\u00e1cia. Preto by sa mala pr\u00edsne dodr\u017eiava\u0165 spr\u00e1vna in\u0161tal\u00e1cia a prev\u00e1dzka, aby sa predi\u0161lo potenci\u00e1lnym probl\u00e9mom.<\/p>\n<p><img decoding=\"async\" src=\"https:\/\/www.hydraulic-cylinders.net\/wp-content\/uploads\/2025\/01\/songte-chushion-collar.webp\"><\/p>\n<h2>In\u0161tala\u010dn\u00e1 pr\u00edru\u010dka<\/h2>\n<p>Pred in\u0161tal\u00e1ciou by sa mal valec a jeho komponenty skontrolova\u0165, \u010di nie s\u00fa po\u0161koden\u00e9 alebo chybn\u00e9. Mont\u00e1\u017ena plocha valca a stroja by sa mala vy\u010disti\u0165 a vyrovna\u0165 a mont\u00e1\u017ene skrutky by sa mali utiahnu\u0165 pod\u013ea predp\u00edsan\u00e9ho kr\u00fatiaceho momentu. Valec a hydraulick\u00fd syst\u00e9m by sa mali prepl\u00e1chnu\u0165, aby sa odstr\u00e1nili v\u0161etky ne\u010distoty. Po\u010das prev\u00e1dzky by sa mal valec pravidelne kontrolova\u0165, \u010di nedoch\u00e1dza k \u00fanikom, vibr\u00e1ci\u00e1m alebo hluku. Ak sa zistia ak\u00e9ko\u013evek probl\u00e9my, mali by sa vykona\u0165 v\u010dasn\u00e9 opravy alebo v\u00fdmeny.<\/p>\n<h2>O n\u00e1s<\/h2>\n<p>Sme profesion\u00e1lny v\u00fdrobca n\u00e1hradn\u00fdch hydraulick\u00fdch valcov so \u0161irokou \u0161k\u00e1lou produktov a stali sme sa jedn\u00fdm z popredn\u00fdch v\u00fdrobcov a ve\u013ekoobchodn\u00fdch distrib\u00fatorov hydraulick\u00fdch valcov na dom\u00e1com aj medzin\u00e1rodnom trhu. V\u017edy dodr\u017eiavame z\u00e1sadu vynikaj\u00facej kvality a spoliehame sa na strat\u00e9giu industrializovan\u00e9ho riadenia v\u00fdroby v jemn\u00fdch v\u00fdrobn\u00fdch diel\u0148ach, aby sme neust\u00e1le zlep\u0161ovali na\u0161e technol\u00f3gie a efektivitu v\u00fdroby. Prostredn\u00edctvom zav\u00e1dzania pokro\u010dil\u00fdch digit\u00e1lnych v\u00fdrobn\u00fdch zariaden\u00ed a profesion\u00e1lnych testovac\u00edch syst\u00e9mov neust\u00e1le optimalizujeme na\u0161u v\u00fdrobn\u00fa platformu a zlep\u0161ujeme procesy kontroly kvality v\u00fdrobkov, pri\u010dom sa p\u00fd\u0161ime siln\u00fdmi inova\u010dn\u00fdmi schopnos\u0165ami. Na\u0161\u00edm cie\u013eom je uspokojova\u0165 rozmanit\u00e9 potreby na\u0161ich z\u00e1kazn\u00edkov s vysokou efektivitou, presnos\u0165ou a vysokou kvalitou.<\/p>\n<h3>Profesionalita<\/h3>\n<p>N\u00e1\u0161 t\u00edm pozost\u00e1va zo sk\u00fasen\u00fdch in\u017einierov, technikov a obchodn\u00fdch pracovn\u00edkov s rozsiahlymi znalos\u0165ami v odvetv\u00ed hydraulick\u00fdch valcov, \u010do zabezpe\u010duje, \u017ee na\u0161im z\u00e1kazn\u00edkom poskytujeme profesion\u00e1lne a spo\u013eahliv\u00e9 slu\u017eby.<\/p>\n<h3>Medzin\u00e1rodn\u00e1 certifik\u00e1cia<\/h3>\n<p>Na\u0161e v\u00fdrobky pre\u0161li r\u00f4znymi medzin\u00e1rodn\u00fdmi certifik\u00e1ciami, ako napr\u00edklad ISO9001 a CE, \u010do zaru\u010duje ich vysok\u00fa kvalitu a spo\u013eahlivos\u0165.<\/p>\n<h3>Slu\u017eby prisp\u00f4sobenia<\/h3>\n<p>Poskytujeme rie\u0161enia na mieru pod\u013ea \u0161pecifick\u00fdch po\u017eiadaviek na\u0161ich z\u00e1kazn\u00edkov, \u010d\u00edm zabezpe\u010dujeme, aby na\u0161e produkty dokonale sp\u013a\u0148ali ich potreby.<\/p>\n<h3>V\u00fdrobn\u00e9 zariadenia<\/h3>\n<p>Disponujeme r\u00f4znymi modern\u00fdmi v\u00fdrobn\u00fdmi zariadeniami, ako s\u00fa CNC s\u00fastruhy, fr\u00e9zky a zv\u00e1racie stroje, ktor\u00e9 zabezpe\u010duj\u00fa efekt\u00edvnu a vysoko kvalitn\u00fa v\u00fdrobu.<\/p>\n<h3>Popredajn\u00fd servis<\/h3>\n<p>Poskytujeme komplexn\u00e9 popredajn\u00e9 slu\u017eby, ako je technick\u00e1 podpora, \u00fadr\u017eba a opravy, \u010d\u00edm zabezpe\u010dujeme spokojnos\u0165 a d\u00f4veru na\u0161ich z\u00e1kazn\u00edkov v na\u0161e produkty.<\/p>\n<p><img decoding=\"async\" src=\"https:\/\/www.hydraulic-cylinders.net\/wp-content\/uploads\/2025\/01\/songte-company-4.webp\"><br \/>\n<img decoding=\"async\" src=\"https:\/\/www.hydraulic-cylinders.net\/wp-content\/uploads\/2025\/01\/songte-company-3.webp\"><\/p>\n<p>Autor: lyl.<\/p>","protected":false},"excerpt":{"rendered":"<p>Arm Cylinder For Baoding WY65-6 Introduction The arm cylinder is a specially designed hydraulic cylinder that is primarily used to provide linear motion and power to the arms of various types of machinery such as excavators, cranes, and mechanical arms. The arm cylinder plays a crucial role in hydraulic systems, enabling additional tools or attachments [&hellip;]<\/p>","protected":false},"featured_media":14774,"comment_status":"open","ping_status":"closed","template":"","meta":{"_et_pb_use_builder":"","_et_pb_old_content":"","_et_gb_content_width":""},"product_brand":[],"product_cat":[1497],"product_tag":[1498,1496],"class_list":{"0":"post-16882","1":"product","2":"type-product","3":"status-publish","4":"has-post-thumbnail","6":"product_cat-arm-cylinders","7":"product_tag-arm-cylinders","8":"product_tag-hydraulic-cylinders","10":"first","11":"instock","12":"shipping-taxable","13":"product-type-simple"},"amp_enabled":true,"_links":{"self":[{"href":"https:\/\/www.hydraulic-cylinders.net\/sk\/wp-json\/wp\/v2\/product\/16882","targetHints":{"allow":["GET"]}}],"collection":[{"href":"https:\/\/www.hydraulic-cylinders.net\/sk\/wp-json\/wp\/v2\/product"}],"about":[{"href":"https:\/\/www.hydraulic-cylinders.net\/sk\/wp-json\/wp\/v2\/types\/product"}],"replies":[{"embeddable":true,"href":"https:\/\/www.hydraulic-cylinders.net\/sk\/wp-json\/wp\/v2\/comments?post=16882"}],"wp:featuredmedia":[{"embeddable":true,"href":"https:\/\/www.hydraulic-cylinders.net\/sk\/wp-json\/wp\/v2\/media\/14774"}],"wp:attachment":[{"href":"https:\/\/www.hydraulic-cylinders.net\/sk\/wp-json\/wp\/v2\/media?parent=16882"}],"wp:term":[{"taxonomy":"product_brand","embeddable":true,"href":"https:\/\/www.hydraulic-cylinders.net\/sk\/wp-json\/wp\/v2\/product_brand?post=16882"},{"taxonomy":"product_cat","embeddable":true,"href":"https:\/\/www.hydraulic-cylinders.net\/sk\/wp-json\/wp\/v2\/product_cat?post=16882"},{"taxonomy":"product_tag","embeddable":true,"href":"https:\/\/www.hydraulic-cylinders.net\/sk\/wp-json\/wp\/v2\/product_tag?post=16882"}],"curies":[{"name":"pracovn\u00fd list","href":"https:\/\/api.w.org\/{rel}","templated":true}]}}