{"id":16884,"date":"2025-01-21T06:10:24","date_gmt":"2025-01-21T06:10:24","guid":{"rendered":"https:\/\/www.hydraulic-cylinders.net\/product\/arm-cylinder-for-baoding-wy90d-9\/"},"modified":"2025-01-21T06:10:26","modified_gmt":"2025-01-21T06:10:26","slug":"arm-cylinder-for-baoding-wy90d-9","status":"publish","type":"product","link":"https:\/\/www.hydraulic-cylinders.net\/sk\/produkt\/arm-cylinder-for-baoding-wy90d-9\/","title":{"rendered":"Valec ramena pre Baoding WY90D-9"},"content":{"rendered":"<h1>Valec ramena pre Baoding WY90D-9<\/h1>\n<h2>Defin\u00edcia a vysvetlenie produktu<\/h2>\n<p>Hydraulick\u00fd valec ramena je \u0161peci\u00e1lne navrhnut\u00fd hydraulick\u00fd valec, ktor\u00fd sa pou\u017e\u00edva na zabezpe\u010denie line\u00e1rneho pohybu a v\u00fdkonu r\u00f4znych mechanick\u00fdch ramien, ako s\u00fa bagre, \u017eeriavy a robotick\u00e9 ramen\u00e1. Valec ramena hr\u00e1 k\u013e\u00fa\u010dov\u00fa \u00falohu v hydraulick\u00fdch syst\u00e9moch, preto\u017ee umo\u017e\u0148uje efekt\u00edvny pohyb a ovl\u00e1danie pr\u00eddavn\u00fdch zariaden\u00ed. Tieto valce nielen zabezpe\u010duj\u00fa plynul\u00fd pohyb, ale tie\u017e odol\u00e1vaj\u00fa \u0165a\u017ek\u00fdm za\u0165a\u017eeniam, \u010d\u00edm zabezpe\u010duj\u00fa efekt\u00edvnu prev\u00e1dzku a spo\u013eahlivos\u0165 strojov v r\u00f4znych pracovn\u00fdch podmienkach.<\/p>\n<p><img decoding=\"async\" src=\"https:\/\/www.hydraulic-cylinders.net\/wp-content\/uploads\/2025\/01\/songte-company-2.webp\"><\/p>\n<h2>Vlastnosti produktu<\/h2>\n<ul>\n<li>\n<h3>Efekt\u00edvny prenos v\u00fdkonu<\/h3>\n<p>Valce ramien poskytuj\u00fa siln\u00fd line\u00e1rny pohyb a silu, \u010d\u00edm zais\u0165uj\u00fa vysok\u00fa \u00fa\u010dinnos\u0165 ramien strojov pri r\u00f4znych oper\u00e1ci\u00e1ch.<\/li>\n<li>\n<h3>Presn\u00e9 riadenie<\/h3>\n<p>V\u010faka hydraulick\u00e9mu syst\u00e9mu dok\u00e1\u017ee valec ramena dosiahnu\u0165 presn\u00e9 ovl\u00e1danie pohybu, v\u010faka \u010domu je ovl\u00e1danie pripojen\u00e9ho n\u00e1radia flexibilnej\u0161ie a presnej\u0161ie.<\/li>\n<li>\n<h3>Siln\u00e1 odolnos\u0165<\/h3>\n<p>Valce ramien s\u00fa zvy\u010dajne vyroben\u00e9 z vysoko pevn\u00fdch materi\u00e1lov s dobrou odolnos\u0165ou proti opotrebovaniu a kor\u00f3zii, vhodn\u00e9 na dlhodob\u00e9 pou\u017e\u00edvanie v n\u00e1ro\u010dn\u00fdch podmienkach.<\/li>\n<li>\n<h3>Multifunk\u010dn\u00e1 prisp\u00f4sobivos\u0165<\/h3>\n<p>Tieto valce sa daj\u00fa \u0161iroko pou\u017e\u00edva\u0165 v r\u00f4znych mechanick\u00fdch zariadeniach, ako s\u00fa bagre, \u017eeriavy a robotick\u00e9 ramen\u00e1, aby sp\u013a\u0148ali r\u00f4zne pracovn\u00e9 po\u017eiadavky.<\/li>\n<li>\n<h3>Jednoduch\u00e1 \u00fadr\u017eba<\/h3>\n<p>Kon\u0161trukcia zoh\u013ead\u0148uje jednoduch\u00fa \u00fadr\u017ebu a v\u00fdmenu, v\u010faka \u010domu je pravideln\u00e1 kontrola a \u00fadr\u017eba pohodlnej\u0161ia a zni\u017euje sa tak prestoje zariadenia.<\/li>\n<\/ul>\n<p>Vyr\u00e1bame tento produkt a pon\u00fakame perfektn\u00fa n\u00e1hradu za tieto hydraulick\u00e9 valce.<\/p>\n<p><img decoding=\"async\" src=\"https:\/\/www.hydraulic-cylinders.net\/wp-content\/uploads\/2025\/01\/songte-oil-pipes-and-spare-parts.webp\"><\/p>\n<h2>Aplik\u00e1cie produktov<\/h2>\n<p>Valce ramien sa \u0161iroko pou\u017e\u00edvaj\u00fa v r\u00f4znych odvetviach:<\/p>\n<ul>\n<li>\n<h3>Stavebn\u00e9 in\u017einierstvo<\/h3>\n<p>Valce ramien sa pou\u017e\u00edvaj\u00fa na ovl\u00e1danie pohybu vedra alebo v\u00fdlo\u017en\u00edka v r\u00fdpadl\u00e1ch a \u017eeriavoch na vykon\u00e1vanie zemn\u00fdch pr\u00e1c, manipul\u00e1cie s materi\u00e1lom a mont\u00e1\u017ee kon\u0161trukci\u00ed.<\/li>\n<li>\n<h3>V\u00fdrobn\u00fd priemysel<\/h3>\n<p>Valce ramien sa pou\u017e\u00edvaj\u00fa pri pohybe robotick\u00fdch ramien v automatizovan\u00fdch v\u00fdrobn\u00fdch link\u00e1ch na vykon\u00e1vanie mont\u00e1\u017enych, zv\u00e1rac\u00edch a manipula\u010dn\u00fdch procesov, \u010d\u00edm sa zlep\u0161uje efektivita a presnos\u0165 v\u00fdroby.<\/li>\n<li>\n<h3>Po\u013enohospod\u00e1rske stroje<\/h3>\n<p>Valce ramien ovl\u00e1daj\u00fa pohyby ovl\u00e1dac\u00edch ramien v po\u013enohospod\u00e1rskych strojoch, ako s\u00fa kombajny a seja\u010dky, a vykon\u00e1vaj\u00fa \u00falohy, ako je siatie, hnojenie a zber \u00farody.<\/li>\n<li>\n<h3>\u0164a\u017eobn\u00fd priemysel<\/h3>\n<p>Valce ramien sa pou\u017e\u00edvaj\u00fa na ovl\u00e1danie pohybov ramien bansk\u00fdch zariaden\u00ed na \u0165a\u017ebu a prepravu nerastov.<\/li>\n<li>\n<h3>Logistika a doprava<\/h3>\n<p>Valce ramien sa pou\u017e\u00edvaj\u00fa na ovl\u00e1danie zdv\u00edhania a pohybu vidl\u00edc vo vysokozdvi\u017en\u00fdch voz\u00edkoch a manipula\u010dn\u00fdch robotoch na prepravu a stohovanie materi\u00e1lov.<\/li>\n<\/ul>\n<h2>\u00davahy o dizajne produktu a krit\u00e9ri\u00e1 v\u00fdberu<\/h2>\n<p>Pri navrhovan\u00ed valcov ramena je potrebn\u00e9 zv\u00e1\u017ei\u0165 nieko\u013eko kritick\u00fdch faktorov:<\/p>\n<ul>\n<li>\n<h3>Nosnos\u0165<\/h3>\n<p>Valec ramena mus\u00ed by\u0165 schopn\u00fd odola\u0165 \u0165a\u017ek\u00fdm za\u0165a\u017eeniam bez po\u0161kodenia.<\/li>\n<li>\n<h3>Tesnenie<\/h3>\n<p>Na zabezpe\u010denie vzduchotesn\u00e9ho a nepriepustn\u00e9ho valca sa pou\u017e\u00edvaj\u00fa r\u00f4zne tesniace prvky, ako s\u00fa tesnenia piestov a tesnenia ty\u010d\u00ed.<\/li>\n<li>\n<h3>Trvanlivos\u0165<\/h3>\n<p>Teleso valca, piest a ty\u010d s\u00fa vyroben\u00e9 z vysokopevnostn\u00fdch materi\u00e1lov, aby sa zabezpe\u010dila ich trvanlivos\u0165 a odolnos\u0165 vo\u010di kor\u00f3zii.<\/li>\n<li>\n<h3>Bezpe\u010dnos\u0165<\/h3>\n<p>Kon\u0161trukcia mus\u00ed zoh\u013ead\u0148ova\u0165 bezpe\u010dnostn\u00e9 faktory, ako je ochrana proti pre\u0165a\u017eeniu a n\u00fadzov\u00e9 zastavenie, aby sa zabezpe\u010dila bezpe\u010dnos\u0165 person\u00e1lu a zariaden\u00ed.<\/li>\n<li>\n<h3>Udr\u017eiavate\u013enos\u0165<\/h3>\n<p>Kon\u0161trukcia by mala zoh\u013ead\u0148ova\u0165 jednoduchos\u0165 \u00fadr\u017eby a v\u00fdmeny komponentov, aby sa minimalizovali prestoje a zn\u00ed\u017eili n\u00e1klady na \u00fadr\u017ebu.<\/li>\n<\/ul>\n<p><img decoding=\"async\" src=\"https:\/\/www.hydraulic-cylinders.net\/wp-content\/uploads\/2025\/01\/songte-cylinder-head-with-all-kinds-excavator-models.webp\"><\/p>\n<h2>Tesnenie a mazanie produktu<\/h2>\n<p>Na zabezpe\u010denie vzduchotesn\u00e9ho a nepriepustn\u00e9ho valca sa pou\u017e\u00edvaj\u00fa r\u00f4zne tesniace prvky, ako s\u00fa tesnenia piestov a tesnenia ty\u010d\u00ed. Tesniace \u010dasti s\u00fa vyroben\u00e9 z materi\u00e1lov odoln\u00fdch vo\u010di opotrebovaniu, ako je polyuret\u00e1n a nitrilov\u00fd kau\u010duk, aby sa zabezpe\u010dilo dlhodob\u00e9 pou\u017e\u00edvanie v n\u00e1ro\u010dn\u00fdch podmienkach. Teleso valca a povrch z\u00e1vitov\u00e9ho konca s\u00fa jemne opracovan\u00e9 pre zlep\u0161enie odolnosti vo\u010di opotrebovaniu. Na mazanie je potrebn\u00e9 pravideln\u00e9 dop\u013a\u0148anie pr\u00edslu\u0161n\u00e9ho mno\u017estva hydraulick\u00e9ho oleja.<\/p>\n<p><img decoding=\"async\" src=\"https:\/\/www.hydraulic-cylinders.net\/wp-content\/uploads\/2025\/01\/songte-chushion-collar.webp\"><\/p>\n<h2>\u00dadr\u017eba produktu a rie\u0161enie probl\u00e9mov<\/h2>\n<p>Pravideln\u00e1 kontrola a prevent\u00edvna \u00fadr\u017eba s\u00fa nevyhnutn\u00e9 na zabezpe\u010denie efekt\u00edvnej a spo\u013eahlivej prev\u00e1dzky valcov ramena. Nasleduje nieko\u013eko be\u017en\u00fdch tipov na \u00fadr\u017ebu a rie\u0161enie probl\u00e9mov:<\/p>\n<ul>\n<li>\n<h3>Pravideln\u00e1 kontrola<\/h3>\n<p>Skontrolujte valec, \u010di nie je po\u0161koden\u00fd, netesn\u00fd alebo prasknut\u00fd, a v\u010das vyme\u0148te v\u0161etky opotrebovan\u00e9 diely.<\/li>\n<li>\n<h3>Prevent\u00edvna \u00fadr\u017eba<\/h3>\n<p>Vykonajte prevent\u00edvnu \u00fadr\u017ebu, aby ste zabezpe\u010dili, \u017ee valec je v dobrom prev\u00e1dzkovom stave.<\/li>\n<li>\n<h3>Rie\u0161enie probl\u00e9mov<\/h3>\n<p>Ak sa vyskytne probl\u00e9m s valcom, ako je \u00fanik alebo abnorm\u00e1lny hluk, vykonajte systematick\u00fa diagnostiku a opravu.<\/li>\n<li>\n<h3>Prevent\u00edvne opatrenia<\/h3>\n<p>Prijmite prevent\u00edvne opatrenia, ako je pravideln\u00e1 \u00fadr\u017eba a v\u00fdmena opotrebovan\u00fdch dielov, aby ste minimalizovali potenci\u00e1lne probl\u00e9my a pred\u013a\u017eili \u017eivotnos\u0165 valca.<\/li>\n<\/ul>\n<h2>Sprievodca in\u0161tal\u00e1ciou produktu<\/h2>\n<p>Pokyny na in\u0161tal\u00e1ciu valca ramena pre Baoding WY90D-9:<\/p>\n<ol>\n<li>Pripravte si miesto in\u0161tal\u00e1cie a uistite sa, \u017ee povrch je \u010dist\u00fd a bez ne\u010dist\u00f4t.<\/li>\n<li>Nain\u0161talujte valec pod\u013ea mont\u00e1\u017enych pokynov a spr\u00e1vneho smeru mont\u00e1\u017ee.<\/li>\n<li>Pripojte hydraulick\u00e9 potrubie a utiahnite spoje.<\/li>\n<li>Vykonajte tlakov\u00fa sk\u00fa\u0161ku, aby ste sa uistili, \u017ee f\u013ea\u0161a funguje spr\u00e1vne a \u017ee nedoch\u00e1dza k \u00fanikom.<\/li>\n<li>Po in\u0161tal\u00e1cii vykon\u00e1vajte pravideln\u00fa \u00fadr\u017ebu a kontrolu valca.<\/li>\n<\/ol>\n<p><img decoding=\"async\" src=\"https:\/\/www.hydraulic-cylinders.net\/wp-content\/uploads\/2025\/01\/songte-bushings-with-all-kinds-of-excavator-models.webp\"><\/p>\n<h2>Aspekty bezpe\u010dnosti v\u00fdrobkov a environment\u00e1lne faktory<\/h2>\n<p>Bezpe\u010dnos\u0165 je k\u013e\u00fa\u010dov\u00fdm faktorom pri pou\u017e\u00edvan\u00ed valcov s ramenom. Obsluha by mala dodr\u017eiava\u0165 bezpe\u010dnostn\u00e9 pokyny a prija\u0165 vhodn\u00e9 opatrenia na zaistenie svojej bezpe\u010dnosti a bezpe\u010dnosti os\u00f4b v ich okol\u00ed. Okrem toho, faktory prostredia, ako je teplota a vlhkos\u0165, m\u00f4\u017eu ovplyvni\u0165 v\u00fdkon a \u017eivotnos\u0165 valca. Preto je nevyhnutn\u00e9 zv\u00e1\u017ei\u0165 tieto faktory pri v\u00fdbere a pou\u017e\u00edvan\u00ed valcov s ramenom.<\/p>\n<h2>O n\u00e1s<\/h2>\n<p>Sme profesion\u00e1lny v\u00fdrobca n\u00e1hradn\u00fdch hydraulick\u00fdch valcov so \u0161irokou \u0161k\u00e1lou produktov a stali sme sa jedn\u00fdm z popredn\u00fdch v\u00fdrobcov a ve\u013ekoobchodn\u00fdch distrib\u00fatorov hydraulick\u00fdch valcov na dom\u00e1com aj medzin\u00e1rodnom trhu. V\u017edy dodr\u017eiavame z\u00e1sadu vynikaj\u00facej kvality, spoliehame sa na industrializovan\u00e9 strat\u00e9gie riadenia v\u00fdroby v prec\u00edznych v\u00fdrobn\u00fdch diel\u0148ach a neust\u00e1le zlep\u0161ujeme na\u0161u technick\u00fa \u00farove\u0148 a efektivitu v\u00fdroby. Prostredn\u00edctvom zav\u00e1dzania \u0161pi\u010dkov\u00fdch digit\u00e1lnych v\u00fdrobn\u00fdch zariaden\u00ed a profesion\u00e1lnych testovac\u00edch syst\u00e9mov neust\u00e1le optimalizujeme v\u00fdrobn\u00fa platformu, zlep\u0161ujeme procesy kontroly kvality v\u00fdrobkov a m\u00e1me siln\u00e9 inova\u010dn\u00e9 kapacity. Na\u0161\u00edm cie\u013eom je uspokoji\u0165 rozmanit\u00e9 potreby z\u00e1kazn\u00edkov s vysokou efektivitou, presnos\u0165ou a princ\u00edpmi vysokej kvality.<\/p>\n<p>Pon\u00fakame slu\u017eby na mieru a z\u00edskali sme r\u00f4zne medzin\u00e1rodn\u00e9 certifik\u00e1cie, ako napr\u00edklad ISO9001, CE a SGS. Disponujeme modern\u00fdm v\u00fdrobn\u00fdm zariaden\u00edm a poskytujeme efekt\u00edvny popredajn\u00fd servis, aby sme zabezpe\u010dili spokojnos\u0165 z\u00e1kazn\u00edkov.<\/p>\n<p><img decoding=\"async\" src=\"https:\/\/www.hydraulic-cylinders.net\/wp-content\/uploads\/2025\/01\/songte-company-4.webp\"><br \/>\n<img decoding=\"async\" src=\"https:\/\/www.hydraulic-cylinders.net\/wp-content\/uploads\/2025\/01\/songte-company-3.webp\"><\/p>\n<p>Autor: lyl<\/p>","protected":false},"excerpt":{"rendered":"<p>Arm Cylinder for Baoding WY90D-9 Product Definition and Explanation An arm cylinder is a specially designed hydraulic cylinder used to provide linear motion and power to various mechanical arms, such as excavators, cranes, and robotic arms. The arm cylinder plays a critical role in hydraulic systems, enabling attachments to move and control effectively. These cylinders [&hellip;]<\/p>","protected":false},"featured_media":14770,"comment_status":"open","ping_status":"closed","template":"","meta":{"_et_pb_use_builder":"","_et_pb_old_content":"","_et_gb_content_width":""},"product_brand":[],"product_cat":[1497],"product_tag":[1498,1496],"class_list":{"0":"post-16884","1":"product","2":"type-product","3":"status-publish","4":"has-post-thumbnail","6":"product_cat-arm-cylinders","7":"product_tag-arm-cylinders","8":"product_tag-hydraulic-cylinders","10":"first","11":"instock","12":"shipping-taxable","13":"product-type-simple"},"amp_enabled":true,"_links":{"self":[{"href":"https:\/\/www.hydraulic-cylinders.net\/sk\/wp-json\/wp\/v2\/product\/16884","targetHints":{"allow":["GET"]}}],"collection":[{"href":"https:\/\/www.hydraulic-cylinders.net\/sk\/wp-json\/wp\/v2\/product"}],"about":[{"href":"https:\/\/www.hydraulic-cylinders.net\/sk\/wp-json\/wp\/v2\/types\/product"}],"replies":[{"embeddable":true,"href":"https:\/\/www.hydraulic-cylinders.net\/sk\/wp-json\/wp\/v2\/comments?post=16884"}],"wp:featuredmedia":[{"embeddable":true,"href":"https:\/\/www.hydraulic-cylinders.net\/sk\/wp-json\/wp\/v2\/media\/14770"}],"wp:attachment":[{"href":"https:\/\/www.hydraulic-cylinders.net\/sk\/wp-json\/wp\/v2\/media?parent=16884"}],"wp:term":[{"taxonomy":"product_brand","embeddable":true,"href":"https:\/\/www.hydraulic-cylinders.net\/sk\/wp-json\/wp\/v2\/product_brand?post=16884"},{"taxonomy":"product_cat","embeddable":true,"href":"https:\/\/www.hydraulic-cylinders.net\/sk\/wp-json\/wp\/v2\/product_cat?post=16884"},{"taxonomy":"product_tag","embeddable":true,"href":"https:\/\/www.hydraulic-cylinders.net\/sk\/wp-json\/wp\/v2\/product_tag?post=16884"}],"curies":[{"name":"pracovn\u00fd list","href":"https:\/\/api.w.org\/{rel}","templated":true}]}}