{"id":16885,"date":"2025-01-21T06:10:28","date_gmt":"2025-01-21T06:10:28","guid":{"rendered":"https:\/\/www.hydraulic-cylinders.net\/product\/arm-cylinder-for-baoding-wy65-8\/"},"modified":"2025-01-21T06:10:30","modified_gmt":"2025-01-21T06:10:30","slug":"arm-cylinder-for-baoding-wy65-8","status":"publish","type":"product","link":"https:\/\/www.hydraulic-cylinders.net\/sk\/produkt\/arm-cylinder-for-baoding-wy65-8\/","title":{"rendered":"Valec ramena pre Baoding WY65-8"},"content":{"rendered":"<h1>Valec ramena pre Baoding WY65-8<\/h1>\n<h2>\u00davod<\/h2>\n<p>Hydraulick\u00fd valec ramena je \u0161peci\u00e1lne navrhnut\u00fd hydraulick\u00fd valec, ktor\u00fd poskytuje line\u00e1rny pohyb a v\u00fdkon ramen\u00e1m r\u00f4znych typov strojov, ako s\u00fa r\u00fdpadl\u00e1, \u017eeriavy a robotick\u00e9 ramen\u00e1. Hydraulick\u00e9 valce ramena zohr\u00e1vaj\u00fa k\u013e\u00fa\u010dov\u00fa \u00falohu v hydraulick\u00fdch syst\u00e9moch, preto\u017ee umo\u017e\u0148uj\u00fa efekt\u00edvny pohyb a ovl\u00e1danie pr\u00edslu\u0161enstva alebo pr\u00edslu\u0161enstva. Tieto valce nielen zabezpe\u010duj\u00fa plynul\u00fd pohyb, ale tie\u017e odol\u00e1vaj\u00fa \u0165a\u017ek\u00fdm za\u0165a\u017eeniam, \u010d\u00edm zabezpe\u010duj\u00fa efekt\u00edvnu prev\u00e1dzku a spo\u013eahlivos\u0165 strojov v r\u00f4znych prev\u00e1dzkov\u00fdch podmienkach.<\/p>\n<p><img decoding=\"async\" src=\"https:\/\/www.hydraulic-cylinders.net\/wp-content\/uploads\/2025\/01\/songte-company-2.webp\"><\/p>\n<h2>Funkcie<\/h2>\n<ul>\n<li>Efekt\u00edvny prenos sily: Valec ramena poskytuje siln\u00fd line\u00e1rny pohyb a silu, \u010d\u00edm zais\u0165uje vysok\u00fa \u00fa\u010dinnos\u0165 mechanick\u00e9ho ramena pri r\u00f4znych oper\u00e1ci\u00e1ch.<\/li>\n<li>Presn\u00e9 ovl\u00e1danie: Prostredn\u00edctvom hydraulick\u00e9ho syst\u00e9mu dok\u00e1\u017ee valec ramena dosiahnu\u0165 presn\u00e9 ovl\u00e1danie pohybu, v\u010faka \u010domu je ovl\u00e1danie pr\u00edslu\u0161enstva flexibilnej\u0161ie a presnej\u0161ie.<\/li>\n<li>Vysok\u00e1 odolnos\u0165: Valce ramien s\u00fa zvy\u010dajne vyroben\u00e9 z vysokopevnostn\u00fdch materi\u00e1lov, ktor\u00e9 maj\u00fa dobr\u00fa odolnos\u0165 vo\u010di opotrebovaniu a kor\u00f3zii, vhodn\u00e9 na dlhodob\u00e9 pou\u017e\u00edvanie v n\u00e1ro\u010dn\u00fdch podmienkach.<\/li>\n<li>Multifunk\u010dn\u00e1 prisp\u00f4sobivos\u0165: Tieto valce sa daj\u00fa \u0161iroko pou\u017e\u00edva\u0165 v r\u00f4znych mechanick\u00fdch zariadeniach, ako s\u00fa bagre, \u017eeriavy a robotick\u00e9 ramen\u00e1, aby sa prisp\u00f4sobili r\u00f4znym pracovn\u00fdm potreb\u00e1m.<\/li>\n<li>Jednoduch\u00e1 \u00fadr\u017eba: Kon\u0161trukcia zoh\u013ead\u0148uje jednoduch\u00fa \u00fadr\u017ebu a v\u00fdmenu, v\u010faka \u010domu je pravideln\u00e1 kontrola a \u00fadr\u017eba pohodlnej\u0161ia a skracuje prestoje zariadenia.<\/li>\n<\/ul>\n<p>Tento produkt vieme vyrobi\u0165 a n\u00e1\u0161 produkt dok\u00e1\u017ee dokonale nahradi\u0165 tieto hydraulick\u00e9 valce.<\/p>\n<p><img decoding=\"async\" src=\"https:\/\/www.hydraulic-cylinders.net\/wp-content\/uploads\/2025\/01\/songte-oil-pipes-and-spare-parts.webp\"><\/p>\n<h2>Aplik\u00e1cie<\/h2>\n<p>Valce ramien sa pou\u017e\u00edvaj\u00fa v r\u00f4znych odvetviach, vr\u00e1tane:<\/p>\n<ul>\n<li>Kon\u0161trukcia: V bagroch a \u017eeriavoch sa valce ramien pou\u017e\u00edvaj\u00fa na ovl\u00e1danie pohybu vedier alebo v\u00fdlo\u017en\u00edkov na vykon\u00e1vanie zemn\u00fdch pr\u00e1c, manipul\u00e1cie s materi\u00e1lom a mont\u00e1\u017ee kon\u0161trukci\u00ed.<\/li>\n<li>V\u00fdroba: V automatizovan\u00fdch v\u00fdrobn\u00fdch link\u00e1ch sa valce ramien pou\u017e\u00edvaj\u00fa na pohyb robotick\u00fdch ramien pri mont\u00e1\u017ei, zv\u00e1ran\u00ed a manipul\u00e1cii s materi\u00e1lom, \u010d\u00edm sa zlep\u0161uje efektivita a presnos\u0165 v\u00fdroby.<\/li>\n<li>Po\u013enohospod\u00e1rske stroje: V po\u013enohospod\u00e1rskych strojoch, ako s\u00fa zbera\u010de a seja\u010dky, riadia valce ramien pohyb ovl\u00e1dac\u00edch ramien na vykon\u00e1vanie \u00faloh, ako je siatie, hnojenie a zber \u00farody.<\/li>\n<li>\u0164a\u017eba: V bansk\u00fdch zariadeniach sa valce ramien pou\u017e\u00edvaj\u00fa na ovl\u00e1danie pohybu ramien bansk\u00fdch zariaden\u00ed, na \u0165a\u017ebu a manipul\u00e1ciu s rudou.<\/li>\n<li>Logistika a doprava: Vo vysokozdvi\u017en\u00fdch voz\u00edkoch a manipula\u010dn\u00fdch robotoch sa valce ramien pou\u017e\u00edvaj\u00fa na ovl\u00e1danie zdv\u00edhania a pohybu vidl\u00edc, na prepravu a stohovanie materi\u00e1lov.<\/li>\n<\/ul>\n<h2>Krit\u00e9ri\u00e1 n\u00e1vrhu a v\u00fdberu<\/h2>\n<p>Valce ramien s\u00fa navrhnut\u00e9 s r\u00f4znymi \u00favahami, ako napr\u00edklad:<\/p>\n<ul>\n<li>Nosnos\u0165: Valec ramena by mal by\u0165 schopn\u00fd odola\u0165 maxim\u00e1lnemu za\u0165a\u017eeniu strojov a pr\u00eddavn\u00fdch zariaden\u00ed.<\/li>\n<li>Tesniaci v\u00fdkon: Valec ramena by mal pou\u017e\u00edva\u0165 r\u00f4zne tesniace komponenty, ako s\u00fa tesnenia piestov a tesnenia ty\u010d\u00ed vyroben\u00e9 z materi\u00e1lov odoln\u00fdch vo\u010di opotrebovaniu, ako je polyuret\u00e1n a nitrilov\u00fd kau\u010duk, aby sa zabezpe\u010dil dobr\u00fd tesniaci v\u00fdkon.<\/li>\n<li>Trvanlivos\u0165: Teleso valca a z\u00e1vitov\u00fd koniec by mali by\u0165 jemne opracovan\u00e9, aby sa zlep\u0161ila odolnos\u0165 vo\u010di opotrebovaniu.<\/li>\n<li>Bezpe\u010dnos\u0165: Valec ramena by mal ma\u0165 bezpe\u010dnostn\u00e9 ochrann\u00e9 opatrenia, ako napr\u00edklad pretlakov\u00fd ventil a poistn\u00fd ventil, aby sa zabr\u00e1nilo pre\u0165a\u017eeniu a zabezpe\u010dila sa bezpe\u010dnos\u0165 person\u00e1lu a zariadenia.<\/li>\n<li>\u00dadr\u017eba: Valec ramena by mal by\u0165 navrhnut\u00fd pre jednoduch\u00fa \u00fadr\u017ebu a opravy, napr\u00edklad pomocou odn\u00edmate\u013en\u00fdch komponentov a \u013eahko vymenite\u013en\u00fdch tesnen\u00ed.<\/li>\n<\/ul>\n<p><img decoding=\"async\" src=\"https:\/\/www.hydraulic-cylinders.net\/wp-content\/uploads\/2025\/01\/songte-cylinder-head-with-all-kinds-excavator-models.webp\"><\/p>\n<h2>Tesnenie a mazanie<\/h2>\n<p>Valec ramena pou\u017e\u00edva r\u00f4zne tesniace komponenty, ako s\u00fa tesnenia piestov, tesnenia ty\u010d\u00ed a opotrebovacie kr\u00fa\u017eky, vyroben\u00e9 z materi\u00e1lov odoln\u00fdch vo\u010di opotrebovaniu, ako je polyuret\u00e1n a nitrilov\u00fd kau\u010duk, aby sa zabezpe\u010dil dobr\u00fd tesniaci v\u00fdkon. Teleso valca a z\u00e1vitov\u00fd koniec s\u00fa jemne opracovan\u00e9 pre zlep\u0161enie odolnosti vo\u010di opotrebovaniu. Valec ramena vy\u017eaduje pravideln\u00e9 mazanie vhodn\u00fdm hydraulick\u00fdm olejom, aby sa zabezpe\u010dila hladk\u00e1 prev\u00e1dzka a pred\u013a\u017eila sa jeho \u017eivotnos\u0165.<\/p>\n<h2>\u00dadr\u017eba a prevent\u00edvne \u00fadr\u017eb\u00e1rske opatrenia<\/h2>\n<p>Valec ramena by sa mal pravidelne kontrolova\u0165 a udr\u017eiava\u0165, aby sa zabezpe\u010dila jeho norm\u00e1lna prev\u00e1dzka, a mali by sa prija\u0165 prevent\u00edvne opatrenia \u00fadr\u017eby vr\u00e1tane:<\/p>\n<ul>\n<li>Pravidelne kontrolujte a vymie\u0148ajte tesniace komponenty.<\/li>\n<li>Pravidelne kontrolujte a dop\u013a\u0148ajte vhodn\u00fd hydraulick\u00fd olej.<\/li>\n<li>Pravidelne kontrolujte a nastavujte pretlakov\u00fd ventil a poistn\u00fd ventil.<\/li>\n<li>Pravidelne kontrolujte a \u010distite teleso valca a z\u00e1vitov\u00fd koniec.<\/li>\n<li>Pravidelne kontrolujte a do\u0165ahujte z\u00e1vitov\u00e9 spoje.<\/li>\n<\/ul>\n<h2>In\u0161tala\u010dn\u00e1 pr\u00edru\u010dka<\/h2>\n<p>Pred in\u0161tal\u00e1ciou si pozorne pre\u010d\u00edtajte pokyny na in\u0161tal\u00e1ciu a bezpe\u010dnostn\u00e9 opatrenia, pripravte si potrebn\u00e9 n\u00e1stroje a materi\u00e1ly a pr\u00edsne dodr\u017eiavajte kroky in\u0161tal\u00e1cie vr\u00e1tane:<\/p>\n<ul>\n<li>Uistite sa, \u017ee povrch na in\u0161tal\u00e1ciu je \u010dist\u00fd a rovn\u00fd.<\/li>\n<li>Nain\u0161talujte valec ramena pod\u013ea ur\u010den\u00e9ho smeru a polohy.<\/li>\n<li>Na utiahnutie skrutiek a mat\u00edc pou\u017eite predp\u00edsan\u00fd kr\u00fatiaci moment.<\/li>\n<li>Skontrolujte tesniaci v\u00fdkon a \u010dinnos\u0165 hydraulick\u00e9ho syst\u00e9mu.<\/li>\n<\/ul>\n<p><img decoding=\"async\" src=\"https:\/\/www.hydraulic-cylinders.net\/wp-content\/uploads\/2025\/01\/songte-bushings-with-all-kinds-of-excavator-models.webp\"><\/p>\n<h2>Bezpe\u010dnostn\u00e9 aspekty a faktory prostredia<\/h2>\n<p>Po\u010das pou\u017e\u00edvania valcov s ramenom by sa mali prija\u0165 bezpe\u010dnostn\u00e9 opatrenia, aby sa predi\u0161lo zraneniu os\u00f4b a po\u0161kodeniu zariadenia, ako napr\u00edklad:<\/p>\n<ul>\n<li>Uistite sa, \u017ee tlak v hydraulickom syst\u00e9me je v povolenom rozsahu.<\/li>\n<li>Zabezpe\u010dte, aby bol hydraulick\u00fd syst\u00e9m riadne udr\u017eiavan\u00fd a pravidelne kontrolovan\u00fd.<\/li>\n<li>Zabezpe\u010dte, aby sa zariadenie pou\u017e\u00edvalo v stabilnom a spo\u013eahlivom stave.<\/li>\n<li>Vyh\u00fdbajte sa pr\u00e1ci v bl\u00edzkosti rotuj\u00facich \u010dast\u00ed a miest, kde m\u00f4\u017ee d\u00f4js\u0165 k privretiu stroja.<\/li>\n<li>Pri pr\u00e1ci so strojmi noste vhodn\u00e9 osobn\u00e9 ochrann\u00e9 prostriedky.<\/li>\n<\/ul>\n<h2>Rie\u0161enie probl\u00e9mov a be\u017en\u00e9 probl\u00e9my<\/h2>\n<p>Medzi be\u017en\u00e9 probl\u00e9my, ktor\u00e9 sa m\u00f4\u017eu vyskytn\u00fa\u0165 po\u010das pou\u017e\u00edvania valcov ramena, patria:<\/p>\n<ul>\n<li>\u00danik oleja na tesniacich komponentoch.<\/li>\n<li>Zn\u00ed\u017een\u00fd alebo nedostato\u010dn\u00fd prenos v\u00fdkonu.<\/li>\n<li>Hluk po\u010das prev\u00e1dzky.<\/li>\n<li>Nadmern\u00e9 opotrebovanie telesa valca a z\u00e1vitov\u00e9ho \u010deln\u00e9ho povrchu.<\/li>\n<li>Prehriatie hydraulick\u00e9ho syst\u00e9mu.<\/li>\n<\/ul>\n<p>Na diagnostiku a rie\u0161enie t\u00fdchto probl\u00e9mov mo\u017eno zv\u00e1\u017ei\u0165 nasleduj\u00face tipy a rie\u0161enia:<\/p>\n<ul>\n<li>Skontrolujte a vyme\u0148te tesniace komponenty.<\/li>\n<li>Skontrolujte a upravte tlak a prietok hydraulick\u00e9ho syst\u00e9mu.<\/li>\n<li>Skontrolujte a vyme\u0148te opotrebovan\u00e9 komponenty.<\/li>\n<li>Vy\u010distite a nama\u017ete teleso valca a z\u00e1vitov\u00fd koniec.<\/li>\n<li>Skontrolujte a opravte hydraulick\u00fd syst\u00e9m.<\/li>\n<\/ul>\n<p><img decoding=\"async\" src=\"https:\/\/www.hydraulic-cylinders.net\/wp-content\/uploads\/2025\/01\/songte-chushion-collar.webp\"><\/p>\n<h2>O n\u00e1s<\/h2>\n<p>Sme profesion\u00e1lny v\u00fdrobca n\u00e1hradn\u00fdch hydraulick\u00fdch valcov, pon\u00fakame \u0161irok\u00fd sortiment produktov a st\u00e1vame sa jedn\u00fdm z popredn\u00fdch v\u00fdrobcov a ve\u013ekoobchodn\u00fdch distrib\u00fatorov hydraulick\u00fdch valcov na dom\u00e1com aj medzin\u00e1rodnom trhu. V\u017edy dodr\u017eiavame z\u00e1sadu vynikaj\u00facej kvality, spoliehame sa na strat\u00e9giu riadenia priemyselnej v\u00fdroby v presn\u00fdch v\u00fdrobn\u00fdch diel\u0148ach a neust\u00e1le zlep\u0161ujeme na\u0161u technologick\u00fa \u00farove\u0148 a efektivitu v\u00fdroby. Zav\u00e1dzan\u00edm pokro\u010dil\u00fdch digit\u00e1lnych v\u00fdrobn\u00fdch zariaden\u00ed a profesion\u00e1lnych testovac\u00edch syst\u00e9mov optimalizujeme v\u00fdrobn\u00fa platformu, zlep\u0161ujeme proces kontroly kvality v\u00fdrobkov a disponujeme siln\u00fdmi inova\u010dn\u00fdmi schopnos\u0165ami. Na\u0161\u00edm cie\u013eom je uspokoji\u0165 rozmanit\u00e9 potreby z\u00e1kazn\u00edkov s vyu\u017eit\u00edm z\u00e1sad efekt\u00edvnosti, presnosti a vysokej kvality.<\/p>\n<h2>Na\u0161e siln\u00e9 str\u00e1nky<\/h2>\n<ul>\n<li>Profesionalita: V\u010faka dlhoro\u010dn\u00fdm sk\u00fasenostiam v tomto odvetv\u00ed sme sa stali expertmi na v\u00fdrobu hydraulick\u00fdch valcov.<\/li>\n<li>Medzin\u00e1rodn\u00e1 certifik\u00e1cia: Na\u0161e produkty z\u00edskali medzin\u00e1rodn\u00fa certifik\u00e1ciu, ako napr\u00edklad ISO9001:2015.<\/li>\n<li>Slu\u017eba prisp\u00f4sobenia: Poskytujeme slu\u017eby prisp\u00f4sobenia, aby sme splnili \u0161pecifick\u00e9 potreby z\u00e1kazn\u00edkov.<\/li>\n<li>Pokro\u010dil\u00e9 v\u00fdrobn\u00e9 zariadenia: Na zabezpe\u010denie presnosti a kvality na\u0161ich v\u00fdrobkov pou\u017e\u00edvame pokro\u010dil\u00e9 digit\u00e1lne v\u00fdrobn\u00e9 zariadenia.<\/li>\n<li>Popredajn\u00fd servis: Poskytujeme komplexn\u00fd popredajn\u00fd servis vr\u00e1tane technickej podpory, opr\u00e1v a \u00fadr\u017eby.<\/li>\n<\/ul>\n<p><img decoding=\"async\" src=\"https:\/\/www.hydraulic-cylinders.net\/wp-content\/uploads\/2025\/01\/songte-company-4.webp\"><br \/>\n<img decoding=\"async\" src=\"https:\/\/www.hydraulic-cylinders.net\/wp-content\/uploads\/2025\/01\/songte-company-3.webp\"><\/p>\n<p>Autor: lyl<\/p>","protected":false},"excerpt":{"rendered":"<p>Arm Cylinder For Baoding WY65-8 Introduction Arm cylinder is a specially designed hydraulic cylinder that provides linear motion and power to the arms of various types of machinery, such as excavators, cranes, and robotic arms. Arm cylinders play a crucial role in hydraulic systems, enabling attachments or accessories to move and be controlled effectively. These [&hellip;]<\/p>","protected":false},"featured_media":14766,"comment_status":"open","ping_status":"closed","template":"","meta":{"_et_pb_use_builder":"","_et_pb_old_content":"","_et_gb_content_width":""},"product_brand":[],"product_cat":[1497],"product_tag":[1498,1496],"class_list":{"0":"post-16885","1":"product","2":"type-product","3":"status-publish","4":"has-post-thumbnail","6":"product_cat-arm-cylinders","7":"product_tag-arm-cylinders","8":"product_tag-hydraulic-cylinders","10":"first","11":"instock","12":"shipping-taxable","13":"product-type-simple"},"amp_enabled":true,"_links":{"self":[{"href":"https:\/\/www.hydraulic-cylinders.net\/sk\/wp-json\/wp\/v2\/product\/16885","targetHints":{"allow":["GET"]}}],"collection":[{"href":"https:\/\/www.hydraulic-cylinders.net\/sk\/wp-json\/wp\/v2\/product"}],"about":[{"href":"https:\/\/www.hydraulic-cylinders.net\/sk\/wp-json\/wp\/v2\/types\/product"}],"replies":[{"embeddable":true,"href":"https:\/\/www.hydraulic-cylinders.net\/sk\/wp-json\/wp\/v2\/comments?post=16885"}],"wp:featuredmedia":[{"embeddable":true,"href":"https:\/\/www.hydraulic-cylinders.net\/sk\/wp-json\/wp\/v2\/media\/14766"}],"wp:attachment":[{"href":"https:\/\/www.hydraulic-cylinders.net\/sk\/wp-json\/wp\/v2\/media?parent=16885"}],"wp:term":[{"taxonomy":"product_brand","embeddable":true,"href":"https:\/\/www.hydraulic-cylinders.net\/sk\/wp-json\/wp\/v2\/product_brand?post=16885"},{"taxonomy":"product_cat","embeddable":true,"href":"https:\/\/www.hydraulic-cylinders.net\/sk\/wp-json\/wp\/v2\/product_cat?post=16885"},{"taxonomy":"product_tag","embeddable":true,"href":"https:\/\/www.hydraulic-cylinders.net\/sk\/wp-json\/wp\/v2\/product_tag?post=16885"}],"curies":[{"name":"pracovn\u00fd list","href":"https:\/\/api.w.org\/{rel}","templated":true}]}}