{"id":1690,"date":"2023-10-11T06:56:41","date_gmt":"2023-10-11T06:56:41","guid":{"rendered":"https:\/\/hydraulic-cylinders.net\/?post_type=product&#038;p=1690"},"modified":"2025-04-11T02:59:53","modified_gmt":"2025-04-11T02:59:53","slug":"electric-furnace-cover-lifting-cylinder","status":"publish","type":"product","link":"https:\/\/www.hydraulic-cylinders.net\/sk\/produkt\/electric-furnace-cover-lifting-cylinder\/","title":{"rendered":"Zdv\u00edhac\u00ed valec krytu elektrickej pece"},"content":{"rendered":"<h1 style=\"text-align: center;\"><strong>Elektrick\u00e1 pec <\/strong><strong>Obal <\/strong><strong>Zdv\u00edhac\u00ed valec<\/strong><\/h1>\n<p><img loading=\"lazy\" decoding=\"async\" class=\"aligncenter wp-image-1691\" src=\"https:\/\/hydraulic-cylinders.net\/wp-content\/uploads\/2023\/10\/lifting-cylinder-of-furnace-cover-1-300x300.webp\" alt=\"\" width=\"400\" height=\"400\" \/><\/p>\n<p>Elektrick\u00fd zdv\u00edhac\u00ed valec na kryt pece je \u0161pi\u010dkov\u00e9 rie\u0161enie ur\u010den\u00e9 na zv\u00fd\u0161enie bezpe\u010dnosti a efekt\u00edvnosti prev\u00e1dzky priemyseln\u00fdch pec\u00ed. Ako k\u013e\u00fa\u010dov\u00e1 s\u00fa\u010das\u0165 zariadenia pece tento valec u\u013eah\u010duje zdv\u00edhanie a sp\u00fa\u0161\u0165anie krytu pece s presnos\u0165ou a \u013eahkos\u0165ou.<\/p>\n<p>Zdv\u00edhac\u00ed valec elektrick\u00e9ho krytu pece je nevyhnutn\u00fd v prev\u00e1dzke priemyseln\u00fdch pec\u00ed, preto\u017ee pon\u00faka zv\u00fd\u0161en\u00fa bezpe\u010dnos\u0165, \u00fa\u010dinnos\u0165 a kontrolu pri zdv\u00edhan\u00ed a sp\u00fa\u0161\u0165an\u00ed krytu pece. V\u010faka svojej robustnej kon\u0161trukcii, efekt\u00edvnej zdv\u00edhacej schopnosti, elektrick\u00e9mu nap\u00e1jaciemu syst\u00e9mu a pokro\u010dil\u00fdm bezpe\u010dnostn\u00fdm prvkom tento valec zvy\u0161uje v\u00fdkon a spo\u013eahlivos\u0165 zariadenia pece. Dodr\u017eiavan\u00edm odpor\u00fa\u010dan\u00fdch met\u00f3d pou\u017e\u00edvania a postupov \u00fadr\u017eby m\u00f4\u017eete zabezpe\u010di\u0165 optim\u00e1lnu prev\u00e1dzku a dlh\u00fa \u017eivotnos\u0165 zdv\u00edhacieho valca elektrick\u00e9ho krytu pece, \u010do prispeje k bezpe\u010dn\u00e9mu a produkt\u00edvnemu prostrediu pece.<\/p>\n<p>K\u013e\u00fa\u010dov\u00e9 vlastnosti zdv\u00edhacieho valca krytu elektrickej pece:<\/p>\n<ol>\n<li>Robustn\u00e1 kon\u0161trukcia:\n<ul>\n<li>Kryt zdv\u00edhacieho valca krytu elektrickej pece je vyroben\u00fd z vysoko kvalitn\u00fdch materi\u00e1lov, \u010do zaru\u010duje odolnos\u0165 a dlh\u00fa \u017eivotnos\u0165 aj v n\u00e1ro\u010dn\u00fdch prev\u00e1dzkov\u00fdch podmienkach.<\/li>\n<li>Jeho robustn\u00e1 kon\u0161trukcia umo\u017e\u0148uje odol\u00e1va\u0165 extr\u00e9mnym teplot\u00e1m a drsn\u00e9mu prostrediu, s ktor\u00fdm sa be\u017ene stret\u00e1vame pri prev\u00e1dzke pec\u00ed.<\/li>\n<\/ul>\n<\/li>\n<li>Efekt\u00edvna zdv\u00edhacia schopnos\u0165:\n<ul>\n<li>Tento valec sa m\u00f4\u017ee pochv\u00e1li\u0165 silnou zdv\u00edhacou kapacitou, ktor\u00e1 mu umo\u017e\u0148uje bez n\u00e1mahy zdv\u00edha\u0165 a sp\u00fa\u0161\u0165a\u0165 kryt pece.<\/li>\n<li>Poskytuje presn\u00e9 ovl\u00e1danie a plynul\u00fa prev\u00e1dzku, minimalizuje riziko neh\u00f4d a maximalizuje prev\u00e1dzkov\u00fa efektivitu.<\/li>\n<\/ul>\n<\/li>\n<li>Elektricky poh\u00e1\u0148an\u00e9:\n<ul>\n<li>Zdv\u00edhac\u00ed valec elektrickej pece pracuje s elektrick\u00fdm zdrojom energie, \u010d\u00edm sa eliminuje potreba manu\u00e1lnej alebo hydraulickej pomoci.<\/li>\n<li>Tento elektricky poh\u00e1\u0148an\u00fd syst\u00e9m pon\u00faka pohodlie, r\u00fdchlos\u0165 a spo\u013eahlivos\u0165, \u010d\u00edm zefekt\u00edv\u0148uje proces zdv\u00edhania krytu pece.<\/li>\n<\/ul>\n<\/li>\n<li>Bezpe\u010dnostn\u00e9 prvky:\n<ul>\n<li>Valec m\u00e1 pokro\u010dil\u00e9 bezpe\u010dnostn\u00e9 prvky, ako je ochrana proti pre\u0165a\u017eeniu a mechanizmy n\u00fadzov\u00e9ho zastavenia.<\/li>\n<li>Tieto bezpe\u010dnostn\u00e9 prvky zabezpe\u010duj\u00fa ochranu person\u00e1lu a zariaden\u00ed, \u010d\u00edm zni\u017euj\u00fa riziko neh\u00f4d a potenci\u00e1lnych \u0161k\u00f4d.<\/li>\n<\/ul>\n<\/li>\n<\/ol>\n<h2><strong>Parameter zdv\u00edhacieho valca krytu elektrickej pece:<\/strong><\/h2>\n<table border=\"1\" cellspacing=\"0\" cellpadding=\"0\">\n<tbody>\n<tr>\n<td>N\u00e1zov produktu<\/td>\n<td>Rota\u010dn\u00fd valec krytu elektrickej pece<\/td>\n<\/tr>\n<tr>\n<td>Priemer otvoru:<\/td>\n<td>210 mm<\/td>\n<\/tr>\n<tr>\n<td>Priemer ty\u010de:<\/td>\n<td>125 mm<\/td>\n<\/tr>\n<tr>\n<td>Tlak:<\/td>\n<td>14 MPa<\/td>\n<\/tr>\n<tr>\n<td>\u0164ahov\u00e1 sila:<\/td>\n<td>Maxim\u00e1lne 484 kN<\/td>\n<\/tr>\n<tr>\n<td>Aplik\u00e1cie rota\u010dn\u00e9ho valca krytu pece:<\/td>\n<td>Elektrick\u00e1 pec<\/td>\n<\/tr>\n<\/tbody>\n<\/table>\n<div><\/div>\n<div class=\"txtboxR\">\n<div class=\"txtboxL\">\n<div class=\"txtboxL\">\u0164ahov\u00e1 sila:<\/div>\n<div class=\"txtboxR\">Maxim\u00e1lne 3448 kN<br \/>\n(Priemer otvoru: 580 mm \/ Priemer ty\u010de: 560 \/ Tlak 14 MPa)<\/div>\n<\/div>\n<\/div>\n<h2><strong>Elektrick\u00e1 pec <\/strong><strong> Tov\u00e1re\u0148 na v\u00fdrobu valcov:<\/strong><\/h2>\n<p><img loading=\"lazy\" decoding=\"async\" class=\"alignnone wp-image-1697 size-full\" src=\"https:\/\/hydraulic-cylinders.net\/wp-content\/uploads\/2023\/10\/filter-press-cylinder-1.webp\" alt=\"\" width=\"1418\" height=\"946\" srcset=\"https:\/\/hydraulic-cylinders.net\/wp-content\/uploads\/2023\/10\/filter-press-cylinder-1.webp 1418w, https:\/\/hydraulic-cylinders.net\/wp-content\/uploads\/2023\/10\/filter-press-cylinder-1-1280x854.webp 1280w, https:\/\/hydraulic-cylinders.net\/wp-content\/uploads\/2023\/10\/filter-press-cylinder-1-980x654.webp 980w, https:\/\/hydraulic-cylinders.net\/wp-content\/uploads\/2023\/10\/filter-press-cylinder-1-480x320.webp 480w\" sizes=\"(min-width: 0px) and (max-width: 480px) 480px, (min-width: 481px) and (max-width: 980px) 980px, (min-width: 981px) and (max-width: 1280px) 1280px, (min-width: 1281px) 1418px, 100vw\" \/><\/p>\n<h2><strong>Met\u00f3da pou\u017eitia zdv\u00edhacieho valca krytu elektrickej pece<\/strong><strong>:<\/strong><\/h2>\n<ol>\n<li><strong>In\u0161tal\u00e1cia:<\/strong>\n<ul>\n<li>Uistite sa, \u017ee zdv\u00edhac\u00ed mechanizmus krytu pece je dostato\u010dne pripraven\u00fd na in\u0161tal\u00e1ciu.<\/li>\n<li>Umiestnite zdv\u00edhac\u00ed valec elektrickej pece na ur\u010den\u00e9 miesto a zarovnajte ho so zdv\u00edhac\u00edm mechanizmom.<\/li>\n<li>Valec bezpe\u010dne pripevnite k zdv\u00edhaciemu mechanizmu pomocou vhodn\u00fdch skrutiek alebo mont\u00e1\u017enych konzol.<\/li>\n<\/ul>\n<\/li>\n<li><strong>Elektrick\u00e9 pripojenie:<\/strong>\n<ul>\n<li>Pripojte zdv\u00edhac\u00ed valec elektrickej pece k zdroju elektrickej energie pomocou dodan\u00e9ho k\u00e1bla.<\/li>\n<li>Skontrolujte, \u010di s\u00fa v\u0161etky elektrick\u00e9 pripojenia bezpe\u010dn\u00e9 a \u010di neobsahuj\u00fa uvo\u013enen\u00e9 spoje alebo odkryt\u00e9 vodi\u010de.<\/li>\n<li>Dodr\u017eujte pokyny v\u00fdrobcu t\u00fdkaj\u00face sa spr\u00e1vneho elektrick\u00e9ho pripojenia a uzemnenia.<\/li>\n<\/ul>\n<\/li>\n<li><strong>Obsluha ovl\u00e1dacieho panela:<\/strong>\n<ul>\n<li>Obozn\u00e1mte sa s ovl\u00e1dac\u00edm panelom a jeho funkciami.<\/li>\n<li>Aktivujte ovl\u00e1dac\u00ed panel a uistite sa, \u017ee je syst\u00e9m zapnut\u00fd.<\/li>\n<li>Na ovl\u00e1danie zdv\u00edhacieho valca elektrickej pece pou\u017eite ovl\u00e1dacie tla\u010didl\u00e1 alebo sp\u00edna\u010de, ktor\u00e9 pod\u013ea potreby zdv\u00edhaj\u00fa alebo sp\u00fa\u0161\u0165aj\u00fa kryt pece.<\/li>\n<\/ul>\n<\/li>\n<li><strong>Bezpe\u010dnostn\u00e9 opatrenia:<\/strong>\n<ul>\n<li>Pri obsluhe zdv\u00edhacieho valca elektrickej pece dodr\u017eiavajte v\u0161etky bezpe\u010dnostn\u00e9 pokyny a protokoly.<\/li>\n<li>Po\u010das prev\u00e1dzky sa uistite, \u017ee v oblasti zdv\u00edhania nie s\u00fa osoby.<\/li>\n<li>Pravidelne kontrolujte syst\u00e9m, \u010di nevykazuje zn\u00e1mky opotrebovania, po\u0161kodenia alebo poruchy, a ak\u00e9ko\u013evek probl\u00e9my okam\u017eite rie\u0161te.<\/li>\n<\/ul>\n<\/li>\n<\/ol>\n<h2><strong>Ako odvzdu\u0161ni\u0165 hydraulick\u00fd valec bez odvzdu\u0161\u0148ovacieho ventilu?<\/strong><\/h2>\n<p>Odvzdu\u0161nenie hydraulick\u00e9ho valca bez odvzdu\u0161\u0148ovacieho ventilu m\u00f4\u017ee by\u0165 n\u00e1ro\u010dnej\u0161ie, ale st\u00e1le je to mo\u017en\u00e9. Tu je podrobn\u00fd n\u00e1vod, ako odvzdu\u0161ni\u0165 hydraulick\u00fd valec bez odvzdu\u0161\u0148ovacieho ventilu:<\/p>\n<ol>\n<li><strong>Pripravte si pracovn\u00fd priestor:<\/strong>\n<ul>\n<li>Na pr\u00e1cu s hydraulick\u00fdm valcom sa uistite, \u017ee m\u00e1te \u010dist\u00fd a dobre osvetlen\u00fd pracovn\u00fd priestor.<\/li>\n<li>Polo\u017ete ochrann\u00fd kryt, aby ste zachytili v\u0161etky rozliate tekutiny alebo ne\u010distoty.<\/li>\n<\/ul>\n<\/li>\n<li><strong>Uvo\u013enenie hydraulick\u00e9ho tlaku:<\/strong>\n<ul>\n<li>Vypnite hydraulick\u00fd syst\u00e9m a uvo\u013enite tlak vo valci aktiv\u00e1ciou regula\u010dn\u00e9ho ventilu alebo odpojen\u00edm hydraulickej hadice.<\/li>\n<li>Aktivujte v\u0161etky bezpe\u010dnostn\u00e9 z\u00e1mky alebo bloky, aby ste zabr\u00e1nili n\u00e1hodn\u00e9mu pohybu valca po\u010das procesu odvzdu\u0161\u0148ovania.<\/li>\n<\/ul>\n<\/li>\n<li><strong>Umiestnenie valca:<\/strong>\n<ul>\n<li>Hydraulick\u00fd valec umiestnite tak, aby vzduchov\u00e9 bubliny mohli st\u00fapa\u0165 do najvy\u0161\u0161ieho bodu.<\/li>\n<li>Ak je to mo\u017en\u00e9, oto\u010dte valec tak, aby vzduch mohol unika\u0165 z horn\u00e9ho konca valca.<\/li>\n<\/ul>\n<\/li>\n<li><strong>Klepnite na valec:<\/strong>\n<ul>\n<li>Na poklepanie po stran\u00e1ch valca pou\u017eite nekovov\u00fd n\u00e1stroj, ako napr\u00edklad gumen\u00e9 kladivo alebo kus dreva.<\/li>\n<li>Za\u010dnite odspodu a postupujte smerom nahor, pri\u010dom jemne poklep\u00e1vajte, aby ste povzbudili v\u0161etok zachyten\u00fd vzduch, aby st\u00fapol nahor do valca.<\/li>\n<\/ul>\n<\/li>\n<li><strong>Zdvih valca:<\/strong>\n<ul>\n<li>Ovl\u00e1dajte hydraulick\u00fd syst\u00e9m, aby ste valec premiestnili v plnom rozsahu jeho pohybu.<\/li>\n<li>Valec nieko\u013ekokr\u00e1t vysu\u0148te a zasu\u0148te, aby ste u\u013eah\u010dili pohyb zachyten\u00e9ho vzduchu smerom k najvy\u0161\u0161iemu bodu.<\/li>\n<\/ul>\n<\/li>\n<li><strong>Aplikujte nepretr\u017eit\u00fd tlak:<\/strong>\n<ul>\n<li>\u00daplne vysu\u0148te hydraulick\u00fd valec a pokra\u010dujte v tlaku, aby ste ho udr\u017eali v vysunutej polohe.<\/li>\n<li>Tento kon\u0161tantn\u00fd tlak m\u00f4\u017ee pom\u00f4c\u0165 vytla\u010di\u0165 v\u0161etky vzduchov\u00e9 bubliny smerom k hornej \u010dasti valca.<\/li>\n<\/ul>\n<\/li>\n<li><strong>Monitorovanie uvo\u013e\u0148ovania vzduchu:<\/strong>\n<ul>\n<li>Po\u010das procesu odvzdu\u0161\u0148ovania pozorne sledujte valec.<\/li>\n<li>H\u013eadajte ak\u00e9ko\u013evek zn\u00e1mky \u00faniku vzduchov\u00fdch bubl\u00edn z valca, najm\u00e4 z horn\u00e9ho konca.<\/li>\n<\/ul>\n<\/li>\n<li><strong>Opakujte postup:<\/strong>\n<ul>\n<li>Ak spozorujete unikaj\u00face vzduchov\u00e9 bubliny, pokra\u010dujte v poklep\u00e1van\u00ed na valec a cyklovan\u00ed v plnom rozsahu jeho pohybu.<\/li>\n<li>Opakujte kroky 4 a\u017e 7, k\u00fdm sa neprestan\u00fa uvo\u013e\u0148ova\u0165 vzduchov\u00e9 bubliny, \u010do znamen\u00e1, \u017ee valec je spr\u00e1vne odvzdu\u0161nen\u00fd.<\/li>\n<\/ul>\n<\/li>\n<li><strong>Skontrolujte plynul\u00fd chod:<\/strong>\n<ul>\n<li>Po odvzdu\u0161nen\u00ed hydraulick\u00e9ho valca uve\u010fte syst\u00e9m do prev\u00e1dzky, aby ste zabezpe\u010dili plynul\u00fd a konzistentn\u00fd pohyb.<\/li>\n<li>Skontrolujte, \u010di po\u010das prev\u00e1dzky nevych\u00e1dzaj\u00fa \u017eiadne abnorm\u00e1lne zvuky ani vibr\u00e1cie.<\/li>\n<\/ul>\n<\/li>\n<li><strong>Znovu integrujte valec:<\/strong>\n<ul>\n<li>Ke\u010f sa uist\u00edte, \u017ee hydraulick\u00fd valec je spr\u00e1vne odvzdu\u0161nen\u00fd a funguje hladko, nain\u0161talujte ho sp\u00e4\u0165 do zariadenia alebo stroja.<\/li>\n<li>Uistite sa, \u017ee valec je spr\u00e1vne zarovnan\u00fd a bezpe\u010dne upevnen\u00fd.<\/li>\n<\/ul>\n<\/li>\n<\/ol>\n<h2><strong>Schopnos\u0165 a kapacita tov\u00e1rne:<\/strong><\/h2>\n<h3>(1) Mont\u00e1\u017e<\/h3>\n<p>Disponujeme prvotriednou nez\u00e1vislou v\u00fdskumnou a v\u00fdvojovou mont\u00e1\u017enou platformou. Diel\u0148a na v\u00fdrobu hydraulick\u00fdch valcov m\u00e1 \u0161tyri poloautomatick\u00e9 mont\u00e1\u017ene linky zdv\u00edhac\u00edch valcov a jednu automatick\u00fa mont\u00e1\u017enu linku nakl\u00e1pac\u00edch valcov s projektovanou ro\u010dnou v\u00fdrobnou kapacitou 1 mili\u00f3n kusov. Diel\u0148a na v\u00fdrobu \u0161peci\u00e1lnych valcov je vybaven\u00e1 r\u00f4znymi \u0161pecifik\u00e1ciami poloautomatick\u00e9ho syst\u00e9mu \u010distenia a mont\u00e1\u017ee s projektovanou ro\u010dnou v\u00fdrobnou kapacitou 200 000 kusov a je vybaven\u00e1 zn\u00e1mym CNC obr\u00e1bac\u00edm zariaden\u00edm, obr\u00e1bac\u00edm centrom, \u0161peci\u00e1lnym zariaden\u00edm na vysoko presn\u00e9 spracovanie valcov, robotick\u00fdm zv\u00e1rac\u00edm strojom, automatick\u00fdm \u010distiacim strojom, automatick\u00fdm mont\u00e1\u017enym strojom valcov a automatickou lakovacou v\u00fdrobnou linkou. Existuj\u00face kritick\u00e9 zariadenia maj\u00fa viac ako 300 s\u00faprav (s\u00e1d). Optim\u00e1lne alokovanie a efekt\u00edvne vyu\u017e\u00edvanie zdrojov zariaden\u00ed zabezpe\u010duje po\u017eiadavky na presnos\u0165 v\u00fdrobkov a sp\u013a\u0148a po\u017eiadavky na vysok\u00fa kvalitu v\u00fdrobkov.<\/p>\n<p><img loading=\"lazy\" decoding=\"async\" class=\"alignnone wp-image-626\" src=\"https:\/\/hydraulic-cylinders.net\/wp-content\/uploads\/2023\/08\/hydraulic-cylinder-product-1-300x158.webp\" alt=\"\" width=\"495\" height=\"260\" srcset=\"https:\/\/hydraulic-cylinders.net\/wp-content\/uploads\/2023\/08\/hydraulic-cylinder-product-1-300x158.webp 495w, https:\/\/hydraulic-cylinders.net\/wp-content\/uploads\/2023\/08\/hydraulic-cylinder-product-1-480x252.webp 480w\" sizes=\"(min-width: 0px) and (max-width: 480px) 480px, (min-width: 481px) 495px, 100vw\" \/> <img loading=\"lazy\" decoding=\"async\" class=\"alignnone wp-image-627\" src=\"https:\/\/hydraulic-cylinders.net\/wp-content\/uploads\/2023\/08\/hydraulic-cylinder-product-2-300x189.webp\" alt=\"\" width=\"413\" height=\"260\" \/><\/p>\n<h3>(2) Obr\u00e1banie<\/h3>\n<p>Obr\u00e1bacia diel\u0148a je vybaven\u00e1 prisp\u00f4soben\u00fdm s\u00fastru\u017en\u00edckym centrom na \u0161ikm\u00e9 ko\u013eajnice, obr\u00e1bac\u00edm centrom, vysokor\u00fdchlostn\u00fdm honovac\u00edm strojom, zv\u00e1rac\u00edm robotom a \u010fal\u0161\u00edm s\u00favisiacim zariaden\u00edm, ktor\u00e9 dok\u00e1\u017ee spracova\u0165 valcov\u00e9 r\u00fary s maxim\u00e1lnym vn\u00fatorn\u00fdm priemerom 400 mm a maxim\u00e1lnou d\u013a\u017ekou 6 metrov.<\/p>\n<p><img loading=\"lazy\" decoding=\"async\" class=\"alignnone wp-image-628 size-large\" src=\"https:\/\/hydraulic-cylinders.net\/wp-content\/uploads\/2023\/08\/hydraulic-cylinder-product-3-1024x391.webp\" alt=\"\" width=\"1024\" height=\"391\" srcset=\"https:\/\/hydraulic-cylinders.net\/wp-content\/uploads\/2023\/08\/hydraulic-cylinder-product-3-980x374.webp 980w, https:\/\/hydraulic-cylinders.net\/wp-content\/uploads\/2023\/08\/hydraulic-cylinder-product-3-480x183.webp 480w\" sizes=\"(min-width: 0px) and (max-width: 480px) 480px, (min-width: 481px) and (max-width: 980px) 980px, (min-width: 981px) 1024px, 100vw\" \/><\/p>\n<h3>(3) Zv\u00e1ranie<\/h3>\n<p><img loading=\"lazy\" decoding=\"async\" class=\"alignnone wp-image-629 size-large\" src=\"https:\/\/hydraulic-cylinders.net\/wp-content\/uploads\/2023\/08\/hydraulic-cylinder-product-4-1024x510.webp\" alt=\"\" width=\"1024\" height=\"510\" srcset=\"https:\/\/hydraulic-cylinders.net\/wp-content\/uploads\/2023\/08\/hydraulic-cylinder-product-4-980x488.webp 980w, https:\/\/hydraulic-cylinders.net\/wp-content\/uploads\/2023\/08\/hydraulic-cylinder-product-4-480x239.webp 480w\" sizes=\"(min-width: 0px) and (max-width: 480px) 480px, (min-width: 481px) and (max-width: 980px) 980px, (min-width: 981px) 1024px, 100vw\" \/><\/p>\n<h3>(4) Ma\u013eovanie a natieranie<\/h3>\n<p>S mal\u00fdmi a stredne ve\u013ek\u00fdmi valcov\u00fdmi automatick\u00fdmi linkami na nan\u00e1\u0161anie farieb na vodnej b\u00e1ze, na dosiahnutie automatick\u00e9ho nakladania a vykladania robotmi a automatick\u00e9ho striekania, je projektovan\u00e1 kapacita 4000 kusov za smenu;<br \/>\nM\u00e1me tie\u017e poloautomatick\u00fa linku na v\u00fdrobu farieb pre ve\u013ek\u00e9 valce poh\u00e1\u0148an\u00e9 re\u0165azou s projektovanou kapacitou 60 kusov za smenu.<\/p>\n<p><img loading=\"lazy\" decoding=\"async\" class=\"alignnone wp-image-630\" src=\"https:\/\/hydraulic-cylinders.net\/wp-content\/uploads\/2023\/08\/hydraulic-cylinder-product-5-300x213.webp\" alt=\"\" width=\"366\" height=\"260\" \/> <img loading=\"lazy\" decoding=\"async\" class=\"alignnone wp-image-631\" src=\"https:\/\/hydraulic-cylinders.net\/wp-content\/uploads\/2023\/08\/hydraulic-cylinder-product-6-300x225.webp\" alt=\"\" width=\"347\" height=\"260\" \/><\/p>\n<h3>(5) Testovanie<\/h3>\n<p>Disponujeme prvotriednymi kontroln\u00fdmi zariadeniami a sk\u00fa\u0161obn\u00fdmi zariadeniami, ktor\u00e9 zabezpe\u010duj\u00fa, \u017ee v\u00fdkonnos\u0165 valca sp\u013a\u0148a po\u017eiadavky.<\/p>\n<p><img loading=\"lazy\" decoding=\"async\" class=\"alignnone wp-image-632\" src=\"https:\/\/hydraulic-cylinders.net\/wp-content\/uploads\/2023\/08\/hydraulic-cylinder-product-8-300x200.webp\" alt=\"\" width=\"389\" height=\"260\" \/><\/p>\n<p>&nbsp;<\/p>\n<p>&nbsp;<\/p>\n<p>Sme jedn\u00fdm z najlep\u0161\u00edch v\u00fdrobcov hydraulick\u00fdch valcov. Pon\u00fakame komplexn\u00e9 hydraulick\u00e9 valce. Poskytujeme aj zodpovedaj\u00face <a href=\"https:\/\/hzpt.com\/agricultural-pto-gearbox\/\" target=\"_blank\" rel=\"noopener\">po\u013enohospod\u00e1rske prevodovky<\/a>Na\u0161e produkty sme vyv\u00e1\u017eali klientom po celom svete a v\u010faka vynikaj\u00facej kvalite produktov a popredajn\u00e9mu servisu sme si z\u00edskali dobr\u00fa reput\u00e1ciu. V\u00edtame z\u00e1kazn\u00edkov doma aj v zahrani\u010d\u00ed, ktor\u00ed n\u00e1s kontaktuj\u00fa za \u00fa\u010delom rokovania o obchodn\u00fdch z\u00e1le\u017eitostiach, v\u00fdmeny inform\u00e1ci\u00ed a <a href=\"https:\/\/www.hydraulic-cylinders.net\/sk\/contact-us\/\">spolupracova\u0165 s nami<\/a>!<\/p>","protected":false},"excerpt":{"rendered":"<p>Electric Furnace Cover Lifting Cylinder The electric furnace cover lifting cylinder is a cutting-edge solution designed to enhance safety and efficiency in industrial furnace operations. As a crucial component of furnace equipment, this cylinder facilitates the lifting and lowering of the furnace cover with precision and ease. The electric furnace cover lifting cylinder is vital [&hellip;]<\/p>","protected":false},"featured_media":1692,"comment_status":"open","ping_status":"closed","template":"","meta":{"_et_pb_use_builder":"","_et_pb_old_content":"","_et_gb_content_width":""},"product_brand":[],"product_cat":[1549,1524,1376],"product_tag":[1380],"class_list":{"0":"post-1690","1":"product","2":"type-product","3":"status-publish","4":"has-post-thumbnail","6":"product_cat-single-acting-hydraulic-cylinder","7":"product_cat-steel-mill-hydraulic-cylinders","8":"product_cat-hydraulic-cylinder","9":"product_tag-hydraulic-cylinder","11":"first","12":"instock","13":"shipping-taxable","14":"product-type-simple"},"amp_enabled":true,"_links":{"self":[{"href":"https:\/\/www.hydraulic-cylinders.net\/sk\/wp-json\/wp\/v2\/product\/1690","targetHints":{"allow":["GET"]}}],"collection":[{"href":"https:\/\/www.hydraulic-cylinders.net\/sk\/wp-json\/wp\/v2\/product"}],"about":[{"href":"https:\/\/www.hydraulic-cylinders.net\/sk\/wp-json\/wp\/v2\/types\/product"}],"replies":[{"embeddable":true,"href":"https:\/\/www.hydraulic-cylinders.net\/sk\/wp-json\/wp\/v2\/comments?post=1690"}],"wp:featuredmedia":[{"embeddable":true,"href":"https:\/\/www.hydraulic-cylinders.net\/sk\/wp-json\/wp\/v2\/media\/1692"}],"wp:attachment":[{"href":"https:\/\/www.hydraulic-cylinders.net\/sk\/wp-json\/wp\/v2\/media?parent=1690"}],"wp:term":[{"taxonomy":"product_brand","embeddable":true,"href":"https:\/\/www.hydraulic-cylinders.net\/sk\/wp-json\/wp\/v2\/product_brand?post=1690"},{"taxonomy":"product_cat","embeddable":true,"href":"https:\/\/www.hydraulic-cylinders.net\/sk\/wp-json\/wp\/v2\/product_cat?post=1690"},{"taxonomy":"product_tag","embeddable":true,"href":"https:\/\/www.hydraulic-cylinders.net\/sk\/wp-json\/wp\/v2\/product_tag?post=1690"}],"curies":[{"name":"pracovn\u00fd list","href":"https:\/\/api.w.org\/{rel}","templated":true}]}}