{"id":16901,"date":"2025-01-21T06:11:37","date_gmt":"2025-01-21T06:11:37","guid":{"rendered":"https:\/\/www.hydraulic-cylinders.net\/product\/arm-cylinder-for-dasin-ds50-7\/"},"modified":"2025-01-21T06:11:39","modified_gmt":"2025-01-21T06:11:39","slug":"arm-cylinder-for-dasin-ds50-7","status":"publish","type":"product","link":"https:\/\/www.hydraulic-cylinders.net\/sk\/produkt\/arm-cylinder-for-dasin-ds50-7\/","title":{"rendered":"Valec ramena pre Dasin DS50-7"},"content":{"rendered":"<h1>Valec ramena pre Dasin DS50-7<\/h1>\n<h2>\u00davod<\/h2>\n<p>Hydraulick\u00fd valec ramena je \u0161peci\u00e1lne navrhnut\u00fd hydraulick\u00fd valec pou\u017e\u00edvan\u00fd na zabezpe\u010denie line\u00e1rneho pohybu a v\u00fdkonu ramien r\u00f4znych typov strojov, ako s\u00fa r\u00fdpadl\u00e1, \u017eeriavy a robotick\u00e9 ramen\u00e1. Valec ramena hr\u00e1 k\u013e\u00fa\u010dov\u00fa \u00falohu v hydraulick\u00fdch syst\u00e9moch, preto\u017ee umo\u017e\u0148uje efekt\u00edvny pohyb a ovl\u00e1danie pr\u00edslu\u0161enstva alebo pr\u00edslu\u0161enstva. Tieto valce nielen zabezpe\u010duj\u00fa plynul\u00fd pohyb, ale tie\u017e odol\u00e1vaj\u00fa \u0165a\u017ek\u00fdm za\u0165a\u017eeniam, \u010d\u00edm zabezpe\u010duj\u00fa efekt\u00edvnu prev\u00e1dzku a spo\u013eahlivos\u0165 strojov za r\u00f4znych prev\u00e1dzkov\u00fdch podmienok.<\/p>\n<p><img decoding=\"async\" src=\"https:\/\/www.hydraulic-cylinders.net\/wp-content\/uploads\/2025\/01\/songte-company-2.webp\" alt=\"Valec ramena\"><\/p>\n<h2>Funkcie<\/h2>\n<ul>\n<li>Vysoko\u00fa\u010dinn\u00fd prenos: Valec ramena poskytuje siln\u00fd line\u00e1rny pohyb a silu, \u010d\u00edm zais\u0165uje vysoko\u00fa\u010dinn\u00fd v\u00fdkon robotick\u00e9ho ramena po\u010das r\u00f4znych oper\u00e1ci\u00ed.<\/li>\n<li>Presn\u00e9 ovl\u00e1danie: Prostredn\u00edctvom hydraulick\u00e9ho syst\u00e9mu dok\u00e1\u017ee valec ramena dosiahnu\u0165 presn\u00e9 ovl\u00e1danie pohybu, v\u010faka \u010domu je ovl\u00e1danie pr\u00edslu\u0161enstva flexibilnej\u0161ie a presnej\u0161ie.<\/li>\n<li>Vysok\u00e1 odolnos\u0165: Valce ramien s\u00fa zvy\u010dajne vyroben\u00e9 z vysoko pevn\u00fdch materi\u00e1lov s dobrou odolnos\u0165ou proti opotrebovaniu a kor\u00f3zii, vhodn\u00e9 na dlhodob\u00e9 pou\u017e\u00edvanie v n\u00e1ro\u010dn\u00fdch podmienkach.<\/li>\n<li>Multifunk\u010dn\u00e1 prisp\u00f4sobivos\u0165: Tieto valce sa daj\u00fa \u0161iroko pou\u017e\u00edva\u0165 v r\u00f4znych mechanick\u00fdch zariadeniach, ako s\u00fa bagre, \u017eeriavy a robotick\u00e9 ramen\u00e1, aby sp\u013a\u0148ali r\u00f4zne pracovn\u00e9 po\u017eiadavky.<\/li>\n<li>Jednoduch\u00e1 \u00fadr\u017eba: Kon\u0161trukcia zoh\u013ead\u0148uje jednoduch\u00fa \u00fadr\u017ebu a v\u00fdmenu, v\u010faka \u010domu je pravideln\u00e1 kontrola a \u00fadr\u017eba pohodlnej\u0161ia a skracuje prestoje zariadenia.<\/li>\n<\/ul>\n<p>N\u00e1\u0161 produkt dok\u00e1\u017ee dokonale nahradi\u0165 tieto hydraulick\u00e9 valce.<\/p>\n<p><img decoding=\"async\" src=\"https:\/\/www.hydraulic-cylinders.net\/wp-content\/uploads\/2025\/01\/songte-oil-pipes-and-spare-parts.webp\" alt=\"\u010casti hydraulick\u00e9ho valca\"><\/p>\n<h2>Aplik\u00e1cie<\/h2>\n<p>Valec ramena sa pou\u017e\u00edva v r\u00f4znych odvetviach a aplik\u00e1ci\u00e1ch, ako napr\u00edklad:<\/p>\n<ul>\n<li>Kon\u0161trukcia: V bagroch a \u017eeriavoch sa valec ramena pou\u017e\u00edva na ovl\u00e1danie pohybu vedra alebo v\u00fdlo\u017en\u00edka pri zemn\u00fdch pr\u00e1cach, manipul\u00e1cii s materi\u00e1lom a mont\u00e1\u017ei kon\u0161trukci\u00ed.<\/li>\n<li>V\u00fdroba: V automatizovan\u00fdch v\u00fdrobn\u00fdch link\u00e1ch sa valec ramena pou\u017e\u00edva na pohyb robotick\u00fdch ramien pri mont\u00e1\u017ei, zv\u00e1ran\u00ed a manipul\u00e1cii s materi\u00e1lom, \u010d\u00edm sa zlep\u0161uje efektivita a presnos\u0165 v\u00fdroby.<\/li>\n<li>Po\u013enohospod\u00e1rske stroje: V po\u013enohospod\u00e1rskych strojoch, ako s\u00fa zbera\u010de a seja\u010dky, valec ramena riadi pohyb ovl\u00e1dacieho ramena a vykon\u00e1va \u00falohy, ako je sadenie, hnojenie a zber \u00farody.<\/li>\n<li>\u0164a\u017eba: V bansk\u00fdch zariadeniach sa valec ramena pou\u017e\u00edva na ovl\u00e1danie pohybu ramien bansk\u00fdch zariaden\u00ed na \u0165a\u017ebu a manipul\u00e1ciu s rudou.<\/li>\n<li>Logistika a doprava: Vo vysokozdvi\u017en\u00fdch voz\u00edkoch a robotoch na manipul\u00e1ciu s materi\u00e1lom sa valec ramena pou\u017e\u00edva na ovl\u00e1danie zdv\u00edhania a pohybu vidl\u00edc, \u010d\u00edm sa dosahuje manipul\u00e1cia s materi\u00e1lom a stohovanie.<\/li>\n<\/ul>\n<h2>\u00davahy o dizajne a krit\u00e9ri\u00e1 v\u00fdberu<\/h2>\n<p>Pokia\u013e ide o kon\u0161truk\u010dn\u00e9 aspekty, od valcov ramena sa vy\u017eaduje vysok\u00e1 nosnos\u0165, dobr\u00e9 tesnenie, odolnos\u0165, bezpe\u010dnos\u0165 a jednoduch\u00e1 \u00fadr\u017eba. Mo\u017eno diskutova\u0165 o nasleduj\u00facich bodoch:<\/p>\n<ul>\n<li>Nosnos\u0165: Valec ramena mus\u00ed odol\u00e1va\u0165 \u0165a\u017ek\u00fdm za\u0165a\u017eeniam a poskytova\u0165 siln\u00fd line\u00e1rny pohyb, aby sa zabezpe\u010dila efekt\u00edvna prev\u00e1dzka strojov.<\/li>\n<li>Tesnenie: Na zabezpe\u010denie dobr\u00e9ho tesniaceho v\u00fdkonu valca sa pou\u017e\u00edvaj\u00fa r\u00f4zne tesniace prvky, ako s\u00fa tesnenia piestov a tesnenia ty\u010d\u00ed, vyroben\u00e9 z materi\u00e1lov odoln\u00fdch vo\u010di opotrebovaniu, ako je polyuret\u00e1n a nitrilov\u00fd kau\u010duk.<\/li>\n<li>Trvanlivos\u0165: Valce ramien s\u00fa zvy\u010dajne vyroben\u00e9 z vysoko pevn\u00fdch materi\u00e1lov s dobrou odolnos\u0165ou vo\u010di opotrebovaniu a kor\u00f3zii, vhodn\u00e9 na dlhodob\u00e9 pou\u017e\u00edvanie v n\u00e1ro\u010dn\u00fdch podmienkach.<\/li>\n<li>Bezpe\u010dnos\u0165: F\u013ea\u0161a mus\u00ed by\u0165 navrhnut\u00e1 s bezpe\u010dnostn\u00fdmi prvkami, ako s\u00fa pretlakov\u00e9 ventily, ochrana proti pre\u0165a\u017eeniu a blokovacie mechanizmy, aby sa predi\u0161lo nehod\u00e1m.<\/li>\n<li>\u00dadr\u017eba: Kon\u0161trukcia by mala zoh\u013ead\u0148ova\u0165 jednoduch\u00fa \u00fadr\u017ebu a v\u00fdmenu, aby sa u\u013eah\u010dila pravideln\u00e1 kontrola a \u00fadr\u017eba a skr\u00e1tili sa prestoje zariadenia.<\/li>\n<\/ul>\n<p><img decoding=\"async\" src=\"https:\/\/www.hydraulic-cylinders.net\/wp-content\/uploads\/2025\/01\/songte-cylinder-head-with-all-kinds-excavator-models.webp\" alt=\"Hlava valcov\"><\/p>\n<h2>Tesnenie a mazanie<\/h2>\n<p>Valec ramena pou\u017e\u00edva r\u00f4zne tesniace prvky, ako s\u00fa tesnenia piestov a tesnenia ty\u010d\u00ed, vyroben\u00e9 z materi\u00e1lov odoln\u00fdch vo\u010di opotrebovaniu, ako je polyuret\u00e1n a nitrilov\u00fd kau\u010duk, aby sa zabezpe\u010dil dobr\u00fd tesniaci v\u00fdkon valca. Teleso valca a povrch z\u00e1vitu s\u00fa jemne opracovan\u00e9 pre zlep\u0161enie odolnosti vo\u010di opotrebovaniu. Na mazanie valca je potrebn\u00e9 pravidelne prid\u00e1va\u0165 vhodn\u00fd hydraulick\u00fd olej.<\/p>\n<h2>\u00dadr\u017eba a prevent\u00edvne opatrenia<\/h2>\n<p>Pravideln\u00e1 kontrola a prevent\u00edvna \u00fadr\u017eba m\u00f4\u017eu \u00fa\u010dinne pred\u013a\u017ei\u0165 \u017eivotnos\u0165 valca ramena. Mo\u017eno prija\u0165 nasleduj\u00face opatrenia:<\/p>\n<ul>\n<li>Pravidelne kontrolujte a vymie\u0148ajte tesnenia, aby ste zabezpe\u010dili dobr\u00fd tesniaci v\u00fdkon.<\/li>\n<li>Skontrolujte teleso valca a povrch z\u00e1vitov\u00e9ho konca, \u010di nie s\u00fa opotrebovan\u00e9 alebo po\u0161koden\u00e9, a v pr\u00edpade potreby ich vyme\u0148te.<\/li>\n<li>Pravidelne vymie\u0148ajte hydraulick\u00fd olej a udr\u017eiavajte ho \u010dist\u00fd, aby ste zabezpe\u010dili spr\u00e1vne mazanie valca.<\/li>\n<li>Skontrolujte bezpe\u010dnostn\u00e9 prvky f\u013ea\u0161e, ako s\u00fa pretlakov\u00e9 ventily, ochrana proti pre\u0165a\u017eeniu a blokovacie mechanizmy, a uistite sa, \u017ee funguj\u00fa spr\u00e1vne.<\/li>\n<\/ul>\n<p><img decoding=\"async\" src=\"https:\/\/www.hydraulic-cylinders.net\/wp-content\/uploads\/2025\/01\/songte-chushion-collar.webp\" alt=\"Vank\u00fa\u0161ov\u00fd golier\"><\/p>\n<h2>In\u0161tala\u010dn\u00e1 pr\u00edru\u010dka<\/h2>\n<p>Pred in\u0161tal\u00e1ciou si pozorne pre\u010d\u00edtajte a pochopte pokyny na in\u0161tal\u00e1ciu a uistite sa, \u017ee valec ramena a jeho komponenty s\u00fa v dobrom stave. Postupujte pod\u013ea t\u00fdchto krokov:<\/p>\n<ol>\n<li>Nain\u0161talujte valec pod\u013ea smeru \u0161\u00edpky na tele valca.<\/li>\n<li>Uistite sa, \u017ee dosadacia plocha valca a mont\u00e1\u017ena plocha stroja s\u00fa \u010dist\u00e9 a nepo\u0161koden\u00e9.<\/li>\n<li>Naneste vhodn\u00e9 mno\u017estvo maziva na valec a dosadaciu plochu.<\/li>\n<li>Nain\u0161talujte valec pod\u013ea predp\u00edsan\u00e9ho kr\u00fatiaceho momentu a postupu u\u0165ahovania.<\/li>\n<li>Skontrolujte tesnos\u0165 a spr\u00e1vnu funkciu in\u0161tal\u00e1cie.<\/li>\n<\/ol>\n<h2>Bezpe\u010dnostn\u00e9 aspekty a faktory prostredia<\/h2>\n<p>Pri pou\u017e\u00edvan\u00ed valcov s ramenom s\u00fa d\u00f4le\u017eit\u00e9 bezpe\u010dnostn\u00e9 opatrenia. Obsluha valcov v s\u00falade s pokynmi v\u00fdrobcu, \u00fadr\u017eba zariadenia a zabezpe\u010denie spr\u00e1vneho fungovania bezpe\u010dnostn\u00fdch prvkov m\u00f4\u017ee pom\u00f4c\u0165 predch\u00e1dza\u0165 nehod\u00e1m. Faktory prostredia, ako je teplota, vlhkos\u0165 a chemick\u00e1 kontamin\u00e1cia, m\u00f4\u017eu ovplyvni\u0165 v\u00fdkon a \u017eivotnos\u0165 valcov.<\/p>\n<h2>Rie\u0161enie probl\u00e9mov a be\u017en\u00e9 probl\u00e9my<\/h2>\n<p>Medzi be\u017en\u00e9 probl\u00e9my s valcami ramena patria netesnosti, pomal\u00e1 prev\u00e1dzka a abnorm\u00e1lny hluk. Nasleduj\u00face tipy a rie\u0161enia v\u00e1m m\u00f4\u017eu pom\u00f4c\u0165 diagnostikova\u0165 a vyrie\u0161i\u0165 tieto probl\u00e9my:<\/p>\n<ul>\n<li>Netesnos\u0165: Skontrolujte tesniace prvky a dosadacie plochy, \u010di nie s\u00fa po\u0161koden\u00e9 alebo opotrebovan\u00e9, a v pr\u00edpade potreby ich vyme\u0148te.<\/li>\n<li>Pomal\u00e1 prev\u00e1dzka: Skontrolujte hladinu a kvalitu hydraulick\u00e9ho oleja a v pr\u00edpade potreby ho vyme\u0148te.<\/li>\n<li>Nezvy\u010dajn\u00fd hluk: Skontrolujte teleso valca a povrch z\u00e1vitov\u00e9ho konca, \u010di nie s\u00fa opotrebovan\u00e9 alebo po\u0161koden\u00e9, a v pr\u00edpade potreby ich vyme\u0148te.<\/li>\n<\/ul>\n<p>Na zn\u00ed\u017eenie potenci\u00e1lnych probl\u00e9mov mo\u017eno prija\u0165 aj prevent\u00edvne opatrenia, ako je pravideln\u00e1 kontrola a \u00fadr\u017eba a spr\u00e1vne pou\u017e\u00edvanie a skladovanie tlakov\u00fdch flia\u0161.<\/p>\n<p><img decoding=\"async\" src=\"https:\/\/www.hydraulic-cylinders.net\/wp-content\/uploads\/2025\/01\/songte-bushings-with-all-kinds-of-excavator-models.webp\" alt=\"Puzdr\u00e1\"><\/p>\n<h2>O n\u00e1s<\/h2>\n<p>Sme profesion\u00e1lny v\u00fdrobca n\u00e1hradn\u00fdch hydraulick\u00fdch valcov so \u0161irokou \u0161k\u00e1lou produktov a stali sme sa jedn\u00fdm z popredn\u00fdch v\u00fdrobcov a ve\u013ekoobchodn\u00fdch distrib\u00fatorov hydraulick\u00fdch valcov na dom\u00e1com aj medzin\u00e1rodnom trhu. V\u017edy dodr\u017eiavame z\u00e1sadu vynikaj\u00facej kvality, spoliehame sa na strat\u00e9gie riadenia priemyselnej v\u00fdroby pre prec\u00edzne v\u00fdrobn\u00e9 dielne, neust\u00e1le zlep\u0161ujeme technol\u00f3gie a efektivitu v\u00fdroby. Zav\u00e1dzan\u00edm \u0161pi\u010dkov\u00fdch digit\u00e1lnych v\u00fdrobn\u00fdch zariaden\u00ed a profesion\u00e1lnych kontroln\u00fdch syst\u00e9mov neust\u00e1le optimalizujeme v\u00fdrobn\u00fa platformu, zlep\u0161ujeme procesy kontroly kvality v\u00fdrobkov a m\u00e1me siln\u00e9 inova\u010dn\u00e9 schopnosti. Na\u0161\u00edm cie\u013eom je uspokoji\u0165 rozmanit\u00e9 potreby z\u00e1kazn\u00edkov s vysokou efektivitou, presnos\u0165ou a princ\u00edpmi vysokej kvality.<\/p>\n<p>Na\u0161im z\u00e1kazn\u00edkom poskytujeme profesion\u00e1lne slu\u017eby, medzin\u00e1rodn\u00fa certifik\u00e1ciu, slu\u017eby na mieru, v\u00fdrobn\u00e9 zariadenia a popredajn\u00fd servis.<\/p>\n<p><img decoding=\"async\" src=\"https:\/\/www.hydraulic-cylinders.net\/wp-content\/uploads\/2025\/01\/songte-company-4.webp\" alt=\"Obr\u00e1zok spolo\u010dnosti\"><br \/>\n<img decoding=\"async\" src=\"https:\/\/www.hydraulic-cylinders.net\/wp-content\/uploads\/2025\/01\/songte-company-3.webp\" alt=\"Obr\u00e1zok spolo\u010dnosti\"><\/p>\n<p>Autor: lyl<\/p>","protected":false},"excerpt":{"rendered":"<p>Arm Cylinder For Dasin DS50-7 Introduction An arm cylinder is a specially designed hydraulic cylinder used to provide linear motion and power to the arms of various types of machinery, such as excavators, cranes, and robotic arms. The arm cylinder plays a key role in hydraulic systems, allowing attachments or accessories to move and be [&hellip;]<\/p>","protected":false},"featured_media":14777,"comment_status":"open","ping_status":"closed","template":"","meta":{"_et_pb_use_builder":"","_et_pb_old_content":"","_et_gb_content_width":""},"product_brand":[],"product_cat":[1497],"product_tag":[1498,1496],"class_list":{"0":"post-16901","1":"product","2":"type-product","3":"status-publish","4":"has-post-thumbnail","6":"product_cat-arm-cylinders","7":"product_tag-arm-cylinders","8":"product_tag-hydraulic-cylinders","10":"first","11":"instock","12":"shipping-taxable","13":"product-type-simple"},"amp_enabled":true,"_links":{"self":[{"href":"https:\/\/www.hydraulic-cylinders.net\/sk\/wp-json\/wp\/v2\/product\/16901","targetHints":{"allow":["GET"]}}],"collection":[{"href":"https:\/\/www.hydraulic-cylinders.net\/sk\/wp-json\/wp\/v2\/product"}],"about":[{"href":"https:\/\/www.hydraulic-cylinders.net\/sk\/wp-json\/wp\/v2\/types\/product"}],"replies":[{"embeddable":true,"href":"https:\/\/www.hydraulic-cylinders.net\/sk\/wp-json\/wp\/v2\/comments?post=16901"}],"wp:featuredmedia":[{"embeddable":true,"href":"https:\/\/www.hydraulic-cylinders.net\/sk\/wp-json\/wp\/v2\/media\/14777"}],"wp:attachment":[{"href":"https:\/\/www.hydraulic-cylinders.net\/sk\/wp-json\/wp\/v2\/media?parent=16901"}],"wp:term":[{"taxonomy":"product_brand","embeddable":true,"href":"https:\/\/www.hydraulic-cylinders.net\/sk\/wp-json\/wp\/v2\/product_brand?post=16901"},{"taxonomy":"product_cat","embeddable":true,"href":"https:\/\/www.hydraulic-cylinders.net\/sk\/wp-json\/wp\/v2\/product_cat?post=16901"},{"taxonomy":"product_tag","embeddable":true,"href":"https:\/\/www.hydraulic-cylinders.net\/sk\/wp-json\/wp\/v2\/product_tag?post=16901"}],"curies":[{"name":"pracovn\u00fd list","href":"https:\/\/api.w.org\/{rel}","templated":true}]}}