{"id":16918,"date":"2025-01-21T06:12:48","date_gmt":"2025-01-21T06:12:48","guid":{"rendered":"https:\/\/www.hydraulic-cylinders.net\/product\/arm-cylinder-for-hengte-wheel-excavator-htl60\/"},"modified":"2025-01-21T06:12:50","modified_gmt":"2025-01-21T06:12:50","slug":"arm-cylinder-for-hengte-wheel-excavator-htl60","status":"publish","type":"product","link":"https:\/\/www.hydraulic-cylinders.net\/sk\/produkt\/arm-cylinder-for-hengte-wheel-excavator-htl60\/","title":{"rendered":"Valec ramena pre kolesov\u00e9 r\u00fdpadlo Hengte HTL60"},"content":{"rendered":"<p><html><\/p>\n<h1>Valec ramena pre kolesov\u00e9 r\u00fdpadlo Hengte HTL60<\/h1>\n<h2>\u00davod<\/h2>\n<p>Hydraulick\u00fd valec ramena pre kolesov\u00e9 r\u00fdpadlo Hengte HTL60 je \u0161peci\u00e1lne navrhnut\u00fd hydraulick\u00fd valec, ktor\u00fd poskytuje line\u00e1rny pohyb a v\u00fdkon ramenu r\u00f4znych strojov, ako s\u00fa r\u00fdpadl\u00e1, \u017eeriavy a robotick\u00e9 ramen\u00e1. Hydraulick\u00fd valec ramena zohr\u00e1va k\u013e\u00fa\u010dov\u00fa \u00falohu v hydraulick\u00fdch syst\u00e9moch, preto\u017ee umo\u017e\u0148uje efekt\u00edvny pohyb a ovl\u00e1danie dodato\u010dn\u00fdch n\u00e1strojov alebo pr\u00edslu\u0161enstva. Tieto valce nielen zabezpe\u010duj\u00fa plynul\u00fd pohyb, ale tie\u017e odol\u00e1vaj\u00fa \u0165a\u017ek\u00fdm za\u0165a\u017eeniam, \u010d\u00edm zabezpe\u010duj\u00fa efekt\u00edvnu prev\u00e1dzku a spo\u013eahlivos\u0165 stroja v r\u00f4znych pracovn\u00fdch podmienkach.<\/p>\n<p><img decoding=\"async\" src=\"https:\/\/www.hydraulic-cylinders.net\/wp-content\/uploads\/2025\/01\/songte-company-2.webp\" alt=\"Obr\u00e1zok valca ramena\"><\/p>\n<h2>Funkcie<\/h2>\n<ul>\n<li><strong>Vysoko\u00fa\u010dinn\u00fd prenos:<\/strong> Valec ramena poskytuje siln\u00fd line\u00e1rny pohyb a silu, \u010d\u00edm zais\u0165uje vysok\u00fd v\u00fdkon robotick\u00e9ho ramena v r\u00f4znych oper\u00e1ci\u00e1ch.<\/li>\n<li><strong>Presn\u00e9 ovl\u00e1danie:<\/strong> V\u010faka hydraulick\u00fdm syst\u00e9mom umo\u017e\u0148uje valec ramena presn\u00e9 ovl\u00e1danie pohybu, v\u010faka \u010domu je obsluha pripojen\u00e9ho n\u00e1radia flexibilnej\u0161ia a presnej\u0161ia.<\/li>\n<li><strong>Siln\u00e1 trvanlivos\u0165:<\/strong> Valce s ramenom sa zvy\u010dajne vyr\u00e1baj\u00fa z vysokopevnostn\u00fdch materi\u00e1lov, ktor\u00e9 pon\u00fakaj\u00fa vynikaj\u00facu odolnos\u0165 vo\u010di opotrebovaniu a kor\u00f3zii, v\u010faka \u010domu s\u00fa vhodn\u00e9 na dlhodob\u00e9 pou\u017e\u00edvanie v n\u00e1ro\u010dn\u00fdch podmienkach.<\/li>\n<li><strong>V\u0161estrann\u00e1 prisp\u00f4sobivos\u0165:<\/strong> Tieto valce sa daj\u00fa \u0161iroko pou\u017e\u00edva\u0165 v r\u00f4znych strojn\u00fdch zariadeniach, ako s\u00fa bagre, \u017eeriavy a robotick\u00e9 ramen\u00e1, a prisp\u00f4sobuj\u00fa sa r\u00f4znym pracovn\u00fdm po\u017eiadavk\u00e1m.<\/li>\n<li><strong>Jednoduch\u00e1 \u00fadr\u017eba:<\/strong> Valec ramena, navrhnut\u00fd s oh\u013eadom na jednoduch\u00fa \u00fadr\u017ebu a v\u00fdmenu, umo\u017e\u0148uje pohodln\u00e9 pravideln\u00e9 kontroly a \u00fadr\u017ebu, \u010d\u00edm sa skracuj\u00fa prestoje zariadenia.<\/li>\n<\/ul>\n<p><img decoding=\"async\" src=\"https:\/\/www.hydraulic-cylinders.net\/wp-content\/uploads\/2025\/01\/songte-oil-pipes-and-spare-parts.webp\" alt=\"Obr\u00e1zok produktu\"><\/p>\n<h2>Aplik\u00e1cie<\/h2>\n<ul>\n<li><strong>Stavebn\u00e9 in\u017einierstvo:<\/strong> V r\u00fdpadl\u00e1ch a \u017eeriavoch ovl\u00e1da valec ramena pohyb vedier alebo v\u00fdlo\u017en\u00edkov pri zemn\u00fdch pr\u00e1cach, manipul\u00e1cii s materi\u00e1lom a mont\u00e1\u017ei kon\u0161trukci\u00ed.<\/li>\n<li><strong>V\u00fdrobn\u00fd priemysel:<\/strong> V automatizovan\u00fdch v\u00fdrobn\u00fdch link\u00e1ch sa valec ramena pou\u017e\u00edva na pohyb robotick\u00fdch ramien v procesoch, ako je mont\u00e1\u017e, zv\u00e1ranie a manipul\u00e1cia s materi\u00e1lom, \u010d\u00edm sa zlep\u0161uje efektivita a presnos\u0165 v\u00fdroby.<\/li>\n<li><strong>Po\u013enohospod\u00e1rske stroje:<\/strong> V po\u013enohospod\u00e1rskych strojoch, ako s\u00fa zbera\u010de a seja\u010dky, riadi valec ramena pohyb ovl\u00e1dac\u00edch ramien pri \u00faloh\u00e1ch, ako je siatie, hnojenie a zber \u00farody.<\/li>\n<li><strong>\u0164a\u017eba:<\/strong> V bansk\u00fdch zariadeniach riadi valec ramena pohyb ramena bansk\u00e9ho zariadenia, \u010d\u00edm u\u013eah\u010duje \u0165a\u017ebu a prepravu rudy.<\/li>\n<li><strong>Logistika a doprava:<\/strong> Vo vysokozdvi\u017en\u00fdch voz\u00edkoch a manipula\u010dn\u00fdch robotoch riadi valec ramena zdv\u00edhanie a pohyb vidl\u00edc, \u010do umo\u017e\u0148uje manipul\u00e1ciu s materi\u00e1lom a stohovanie.<\/li>\n<\/ul>\n<h2>\u00davahy o dizajne a krit\u00e9ri\u00e1 v\u00fdberu<\/h2>\n<ul>\n<li><strong>Nosnos\u0165:<\/strong> Diskutujte o d\u00f4le\u017eitosti nosnosti valca ramena a zd\u00f4raznite jeho \u00falohu pri podopieran\u00ed \u0165a\u017ek\u00fdch bremien po\u010das prev\u00e1dzky.<\/li>\n<li><strong>Tesnenie:<\/strong> Pop\u00ed\u0161te r\u00f4zne tesniace komponenty, ako s\u00fa tesnenia piestov a tesnenia ty\u010d\u00ed, s d\u00f4razom na pou\u017eitie materi\u00e1lov odoln\u00fdch vo\u010di opotrebovaniu, ako je polyuret\u00e1n a nitrilov\u00fd kau\u010duk, ako aj na d\u00f4le\u017eitos\u0165 presnej povrchovej \u00fapravy pre zlep\u0161enie odolnosti vo\u010di opotrebovaniu.<\/li>\n<li><strong>Trvanlivos\u0165:<\/strong> Vysvetlite kon\u0161truk\u010dn\u00e9 aspekty, ktor\u00e9 prispievaj\u00fa k trvanlivosti valca ramena, vr\u00e1tane pou\u017eitia vysokopevnostn\u00fdch materi\u00e1lov a n\u00e1terov odoln\u00fdch vo\u010di kor\u00f3zii.<\/li>\n<li><strong>Bezpe\u010dnos\u0165:<\/strong> Diskutujte o bezpe\u010dnostn\u00fdch prvkoch zabudovan\u00fdch do kon\u0161trukcie ramenn\u00e9ho valca, ako s\u00fa napr\u00edklad pretlakov\u00e9 ventily a bezpe\u010dnostn\u00e9 mechanizmy.<\/li>\n<li><strong>Udr\u017eiavate\u013enos\u0165:<\/strong> Zd\u00f4raznite jednoduch\u00fa \u00fadr\u017ebu a d\u00f4le\u017eitos\u0165 pravidelnej kontroly, ako aj pou\u017eitie \u0161tandardizovan\u00fdch komponentov pre jednoduch\u00fa v\u00fdmenu.<\/li>\n<\/ul>\n<p><img decoding=\"async\" src=\"https:\/\/www.hydraulic-cylinders.net\/wp-content\/uploads\/2025\/01\/songte-cylinder-head-with-all-kinds-excavator-models.webp\" alt=\"Obr\u00e1zok produktu\"><\/p>\n<h2>Tesnenie a mazanie<\/h2>\n<p>Valec ramena vyu\u017e\u00edva r\u00f4zne tesniace komponenty vr\u00e1tane tesnen\u00ed piestov a tesnen\u00ed ty\u010d\u00ed, ktor\u00e9 s\u00fa vyroben\u00e9 z materi\u00e1lov odoln\u00fdch vo\u010di opotrebovaniu, ako je polyuret\u00e1n a nitrilov\u00fd kau\u010duk. Teleso valca a z\u00e1vitov\u00e9 koncov\u00e9 povrchy prech\u00e1dzaj\u00fa d\u00f4kladnou \u00fapravou, aby sa zlep\u0161ila odolnos\u0165 vo\u010di opotrebovaniu. Pravideln\u00e9 mazanie vhodn\u00fdm mno\u017estvom hydraulick\u00e9ho oleja je nevyhnutn\u00e9 pre zabezpe\u010denie hladk\u00e9ho chodu a dlhej \u017eivotnosti valca.<\/p>\n<h2>Pravideln\u00e1 kontrola a prevent\u00edvna \u00fadr\u017eba<\/h2>\n<ul>\n<li>Pravidelne kontrolujte valec ramena, \u010di nevykazuje zn\u00e1mky \u00faniku, opotrebovania alebo po\u0161kodenia.<\/li>\n<li>Zabezpe\u010dte spr\u00e1vne mazanie kontrolou hladiny a kvality hydraulick\u00e9ho oleja.<\/li>\n<li>Utiahnite v\u0161etky uvo\u013enen\u00e9 spoje a armat\u00fary.<\/li>\n<li>Opotrebovan\u00e9 tesnenia alebo komponenty okam\u017eite vyme\u0148te.<\/li>\n<li>Dodr\u017eiavajte odpor\u00fa\u010dan\u00e9 pl\u00e1ny \u00fadr\u017eby stanoven\u00e9 v\u00fdrobcom.<\/li>\n<\/ul>\n<h2>In\u0161tala\u010dn\u00e1 pr\u00edru\u010dka<\/h2>\n<p>Spr\u00e1vna in\u0161tal\u00e1cia valca ramena je k\u013e\u00fa\u010dov\u00e1 pre zabezpe\u010denie optim\u00e1lneho v\u00fdkonu a bezpe\u010dnosti. Postupujte pod\u013ea t\u00fdchto krokov:<\/p>\n<ol>\n<li>Pripravte si miesto na mont\u00e1\u017e a uistite sa, \u017ee je \u010dist\u00e9 a bez ne\u010dist\u00f4t.<\/li>\n<li>Zarovnajte valec s mont\u00e1\u017enymi bodmi a zaistite ho vhodn\u00fdmi skrutkami alebo upev\u0148ovac\u00edmi prvkami.<\/li>\n<li>Utiahnite mont\u00e1\u017ene skrutky alebo upev\u0148ovacie prvky odpor\u00fa\u010dan\u00fdm kr\u00fatiacim momentom.<\/li>\n<li>Pripojte hydraulick\u00e9 potrubia k valcu a zabezpe\u010dte ich spr\u00e1vne utesnenie.<\/li>\n<li>Skontrolujte pr\u00edpadn\u00e9 netesnosti a vykonajte sk\u00fa\u0161obn\u00fa prev\u00e1dzku, aby ste overili funk\u010dnos\u0165 valca.<\/li>\n<\/ol>\n<p><img decoding=\"async\" src=\"https:\/\/www.hydraulic-cylinders.net\/wp-content\/uploads\/2025\/01\/songte-bushings-with-all-kinds-of-excavator-models.webp\" alt=\"Obr\u00e1zok produktu\"><\/p>\n<h2>Bezpe\u010dnostn\u00e9 aspekty a faktory prostredia<\/h2>\n<p>Pri pou\u017e\u00edvan\u00ed valca s ramenom je nevyhnutn\u00e9 uprednostni\u0165 bezpe\u010dnostn\u00e9 opatrenia, aby sa predi\u0161lo nehod\u00e1m a zabezpe\u010dila sa pohoda obsluhy. Bezpe\u010dnostn\u00e9 opatrenia m\u00f4\u017eu zah\u0155\u0148a\u0165 pou\u017e\u00edvanie vhodn\u00fdch ochrann\u00fdch prostriedkov, dodr\u017eiavanie spr\u00e1vnych prev\u00e1dzkov\u00fdch postupov a implement\u00e1ciu syst\u00e9mov n\u00fadzov\u00e9ho zastavenia. Okrem toho, zoh\u013eadnenie faktorov prostredia, ako je teplota, vlhkos\u0165 a vystavenie chemik\u00e1li\u00e1m, m\u00f4\u017ee pom\u00f4c\u0165 optimalizova\u0165 v\u00fdkon a \u017eivotnos\u0165 valca.<\/p>\n<h2>Diagnostika por\u00fach a be\u017en\u00e9 probl\u00e9my<\/h2>\n<p>Medzi be\u017en\u00e9 probl\u00e9my, ktor\u00e9 sa m\u00f4\u017eu vyskytn\u00fa\u0165 s valcom ramena, patr\u00ed netesnos\u0165, nedostato\u010dn\u00e1 sila, nepravideln\u00fd pohyb alebo abnorm\u00e1lny hluk. Diagnostika a rie\u0161enie t\u00fdchto probl\u00e9mov:<\/p>\n<ul>\n<li>Identifikujte pr\u00edznak a mo\u017en\u00fa pr\u00ed\u010dinu probl\u00e9mu.<\/li>\n<li>Skontrolujte valec, \u010di nie je vidite\u013ene po\u0161koden\u00fd alebo opotrebovan\u00fd.<\/li>\n<li>Skontrolujte hydraulick\u00e9 potrubia a spoje, \u010di nie s\u00fa netesn\u00e9 alebo upchat\u00e9.<\/li>\n<li>Skontrolujte tlak a prietok hydraulick\u00e9ho syst\u00e9mu.<\/li>\n<li>Pozrite si n\u00e1vod na rie\u0161enie probl\u00e9mov od v\u00fdrobcu alebo v pr\u00edpade potreby vyh\u013eadajte odborn\u00fa pomoc.<\/li>\n<\/ul>\n<p>Poskytovanie tipov a rie\u0161en\u00ed probl\u00e9mov pom\u00e1ha \u010ditate\u013eom efekt\u00edvne diagnostikova\u0165 a rie\u0161i\u0165 probl\u00e9my spolu s prevent\u00edvnymi opatreniami na minimaliz\u00e1ciu potenci\u00e1lnych probl\u00e9mov.<\/p>\n<p><img decoding=\"async\" src=\"https:\/\/www.hydraulic-cylinders.net\/wp-content\/uploads\/2025\/01\/songte-chushion-collar.webp\" alt=\"Obr\u00e1zok produktu\"><\/p>\n<p>Nezabudnite \u010dl\u00e1nok logicky usporiada\u0165, pre jednoduch\u0161iu navig\u00e1ciu pou\u017e\u00edva\u0165 podnadpisy, pre lep\u0161ie pochopenie zahrn\u00fa\u0165 relevantn\u00e9 obr\u00e1zky alebo grafy a zabezpe\u010di\u0165, aby bol obsah jasn\u00fd, stru\u010dn\u00fd a vhodn\u00fd pre \u010ditate\u013eov s r\u00f4znymi \u00farov\u0148ami technick\u00fdch znalost\u00ed.<\/p>\n<h2>O n\u00e1s<\/h2>\n<p>Sme profesion\u00e1lny v\u00fdrobca n\u00e1hradn\u00fdch hydraulick\u00fdch valcov a pon\u00fakame \u0161irok\u00fd sortiment produktov. Stali sme sa jedn\u00fdm z popredn\u00fdch v\u00fdrobcov a ve\u013ekoobchodn\u00fdch distrib\u00fatorov hydraulick\u00fdch valcov na dom\u00e1com aj medzin\u00e1rodnom trhu. N\u00e1\u0161 z\u00e1v\u00e4zok k excelentnosti v kvalite je dodr\u017eiavan\u00fd prostredn\u00edctvom industrializovan\u00fdch strat\u00e9gi\u00ed riadenia v\u00fdroby v na\u0161ich sofistikovan\u00fdch v\u00fdrobn\u00fdch diel\u0148ach, \u010d\u00edm neust\u00e1le zlep\u0161ujeme na\u0161e technick\u00e9 znalosti a efektivitu v\u00fdroby. Zav\u00e1dzan\u00edm pokro\u010dil\u00fdch digit\u00e1lnych v\u00fdrobn\u00fdch zariaden\u00ed a profesion\u00e1lnych testovac\u00edch syst\u00e9mov optimalizujeme na\u0161u v\u00fdrobn\u00fa platformu a zlep\u0161ujeme procesy kontroly kvality v\u00fdrobkov, \u010d\u00edm preukazujeme siln\u00e9 inova\u010dn\u00e9 schopnosti. Na\u0161\u00edm cie\u013eom je uspokoji\u0165 rozmanit\u00e9 potreby z\u00e1kazn\u00edkov s princ\u00edpmi efekt\u00edvnosti, presnosti a vysokej kvality.<\/p>\n<p><img decoding=\"async\" src=\"https:\/\/www.hydraulic-cylinders.net\/wp-content\/uploads\/2025\/01\/songte-company-4.webp\" alt=\"Obr\u00e1zok spolo\u010dnosti\"><br \/>\n<img decoding=\"async\" src=\"https:\/\/www.hydraulic-cylinders.net\/wp-content\/uploads\/2025\/01\/songte-company-3.webp\" alt=\"Obr\u00e1zok spolo\u010dnosti\"><\/p>\n<p>Okrem toho sme hrd\u00ed na na\u0161u profesionalitu, medzin\u00e1rodn\u00e9 certifik\u00e1cie, slu\u017eby na mieru, v\u00fdrobn\u00e9 zariadenia a popredajn\u00e9 slu\u017eby.<\/p>\n<p>Autor: lyl<\/p>\n<p><\/html><\/p>","protected":false},"excerpt":{"rendered":"<p>Arm Cylinder For Hengte Wheel Excavator HTL60 Introduction The Arm Cylinder for Hengte Wheel Excavator HTL60 is a specially designed hydraulic cylinder that provides linear motion and power to the arm of various machinery, such as excavators, cranes, and robotic arms. The Arm Cylinder plays a crucial role in hydraulic systems, enabling efficient movement and [&hellip;]<\/p>","protected":false},"featured_media":14786,"comment_status":"open","ping_status":"closed","template":"","meta":{"_et_pb_use_builder":"","_et_pb_old_content":"","_et_gb_content_width":""},"product_brand":[],"product_cat":[1497],"product_tag":[1498,1496],"class_list":{"0":"post-16918","1":"product","2":"type-product","3":"status-publish","4":"has-post-thumbnail","6":"product_cat-arm-cylinders","7":"product_tag-arm-cylinders","8":"product_tag-hydraulic-cylinders","10":"first","11":"instock","12":"shipping-taxable","13":"product-type-simple"},"amp_enabled":true,"_links":{"self":[{"href":"https:\/\/www.hydraulic-cylinders.net\/sk\/wp-json\/wp\/v2\/product\/16918","targetHints":{"allow":["GET"]}}],"collection":[{"href":"https:\/\/www.hydraulic-cylinders.net\/sk\/wp-json\/wp\/v2\/product"}],"about":[{"href":"https:\/\/www.hydraulic-cylinders.net\/sk\/wp-json\/wp\/v2\/types\/product"}],"replies":[{"embeddable":true,"href":"https:\/\/www.hydraulic-cylinders.net\/sk\/wp-json\/wp\/v2\/comments?post=16918"}],"wp:featuredmedia":[{"embeddable":true,"href":"https:\/\/www.hydraulic-cylinders.net\/sk\/wp-json\/wp\/v2\/media\/14786"}],"wp:attachment":[{"href":"https:\/\/www.hydraulic-cylinders.net\/sk\/wp-json\/wp\/v2\/media?parent=16918"}],"wp:term":[{"taxonomy":"product_brand","embeddable":true,"href":"https:\/\/www.hydraulic-cylinders.net\/sk\/wp-json\/wp\/v2\/product_brand?post=16918"},{"taxonomy":"product_cat","embeddable":true,"href":"https:\/\/www.hydraulic-cylinders.net\/sk\/wp-json\/wp\/v2\/product_cat?post=16918"},{"taxonomy":"product_tag","embeddable":true,"href":"https:\/\/www.hydraulic-cylinders.net\/sk\/wp-json\/wp\/v2\/product_tag?post=16918"}],"curies":[{"name":"pracovn\u00fd list","href":"https:\/\/api.w.org\/{rel}","templated":true}]}}