{"id":16919,"date":"2025-01-21T06:12:52","date_gmt":"2025-01-21T06:12:52","guid":{"rendered":"https:\/\/www.hydraulic-cylinders.net\/product\/arm-cylinder-for-hengte-wheel-excavator-htl65-8\/"},"modified":"2025-01-21T06:12:53","modified_gmt":"2025-01-21T06:12:53","slug":"arm-cylinder-for-hengte-wheel-excavator-htl65-8","status":"publish","type":"product","link":"https:\/\/www.hydraulic-cylinders.net\/sk\/produkt\/arm-cylinder-for-hengte-wheel-excavator-htl65-8\/","title":{"rendered":"Valec ramena pre kolesov\u00e9 r\u00fdpadlo Hengte HTL65-8"},"content":{"rendered":"<h1>Valec ramena pre kolesov\u00e9 r\u00fdpadlo Hengte HTL65-8<\/h1>\n<h2>\u00davod<\/h2>\n<p>Hydraulick\u00fd valec ramena je \u0161peci\u00e1lne navrhnut\u00fd hydraulick\u00fd valec, ktor\u00fd poskytuje line\u00e1rny pohyb a v\u00fdkon ramenu r\u00f4znych strojov, ako s\u00fa r\u00fdpadl\u00e1, \u017eeriavy a mechanick\u00e9 ramen\u00e1. Zohr\u00e1va k\u013e\u00fa\u010dov\u00fa \u00falohu v hydraulick\u00fdch syst\u00e9moch, preto\u017ee umo\u017e\u0148uje efekt\u00edvny pohyb a ovl\u00e1danie dodato\u010dn\u00e9ho n\u00e1radia alebo pr\u00edslu\u0161enstva. Tieto valce nielen dosahuj\u00fa plynul\u00fd pohyb, ale tie\u017e odol\u00e1vaj\u00fa \u0165a\u017ek\u00fdm za\u0165a\u017eeniam, \u010d\u00edm zabezpe\u010duj\u00fa efekt\u00edvnu prev\u00e1dzku a spo\u013eahlivos\u0165 strojov v r\u00f4znych pracovn\u00fdch podmienkach.<\/p>\n<p><img decoding=\"async\" src=\"https:\/\/www.hydraulic-cylinders.net\/wp-content\/uploads\/2025\/01\/songte-company-2.webp\" alt=\"Obr\u00e1zok valca ramena\"><\/p>\n<h2>Funkcie<\/h2>\n<ul>\n<li>Vysoko\u00fa\u010dinn\u00fd prenos v\u00fdkonu: Valec ramena poskytuje siln\u00fd line\u00e1rny pohyb a silu, \u010d\u00edm zais\u0165uje vysok\u00fd v\u00fdkon v r\u00f4znych oper\u00e1ci\u00e1ch.<\/li>\n<li>Presn\u00e9 ovl\u00e1danie: Prostredn\u00edctvom hydraulick\u00e9ho syst\u00e9mu umo\u017e\u0148uje valec ramena presn\u00e9 ovl\u00e1danie pohybu, v\u010faka \u010domu je ovl\u00e1danie pr\u00eddavn\u00fdch n\u00e1strojov flexibilnej\u0161ie a presnej\u0161ie.<\/li>\n<li>Trvanlivos\u0165: Valce ramien s\u00fa zvy\u010dajne vyroben\u00e9 z vysokopevnostn\u00fdch materi\u00e1lov, ktor\u00e9 pon\u00fakaj\u00fa vynikaj\u00facu odolnos\u0165 vo\u010di opotrebovaniu a kor\u00f3zii, a s\u00fa vhodn\u00e9 na dlhodob\u00e9 pou\u017e\u00edvanie v n\u00e1ro\u010dn\u00fdch podmienkach.<\/li>\n<li>Multifunk\u010dn\u00e1 prisp\u00f4sobivos\u0165: Tieto valce sa daj\u00fa \u0161iroko pou\u017e\u00edva\u0165 v r\u00f4znych strojoch, ako s\u00fa bagre, \u017eeriavy a mechanick\u00e9 ramen\u00e1, a prisp\u00f4sobuj\u00fa sa r\u00f4znym po\u017eiadavk\u00e1m na pr\u00e1cu.<\/li>\n<li>Jednoduch\u00e1 \u00fadr\u017eba: Kon\u0161trukcia zoh\u013ead\u0148uje jednoduch\u00fa \u00fadr\u017ebu a v\u00fdmenu, v\u010faka \u010domu je pravideln\u00e1 kontrola a \u00fadr\u017eba pohodlnej\u0161ia a skracuje prestoje zariadenia.<\/li>\n<\/ul>\n<p><img decoding=\"async\" src=\"https:\/\/www.hydraulic-cylinders.net\/wp-content\/uploads\/2025\/01\/songte-oil-pipes-and-spare-parts.webp\" alt=\"Obr\u00e1zok produktu\"><\/p>\n<h2>Aplik\u00e1cie<\/h2>\n<p>Rameno s valcom nach\u00e1dza uplatnenie v r\u00f4znych odvetviach:<\/p>\n<ul>\n<li>Stavebn\u00e9 in\u017einierstvo: Pou\u017e\u00edva sa v bagroch a \u017eeriavoch a valec ramena riadi pohyb vedier alebo v\u00fdlo\u017en\u00edkov pri zemn\u00fdch pr\u00e1cach, manipul\u00e1cii s materi\u00e1lom a mont\u00e1\u017ei kon\u0161trukci\u00ed.<\/li>\n<li>V\u00fdrobn\u00fd priemysel: V automatizovan\u00fdch v\u00fdrobn\u00fdch link\u00e1ch sa valec ramena pou\u017e\u00edva na pohyb mechanick\u00fdch ramien v procesoch, ako je mont\u00e1\u017e, zv\u00e1ranie a manipul\u00e1cia, \u010d\u00edm sa zlep\u0161uje efektivita a presnos\u0165 v\u00fdroby.<\/li>\n<li>Po\u013enohospod\u00e1rske stroje: V po\u013enohospod\u00e1rskych strojoch, ako s\u00fa zbera\u010de a seja\u010dky, riadi valec ramena pohyb ovl\u00e1dac\u00edch ramien pri \u00faloh\u00e1ch, ako je siatie, hnojenie a zber \u00farody.<\/li>\n<li>\u0164a\u017eba: V bansk\u00fdch zariadeniach sa valec ramena pou\u017e\u00edva na ovl\u00e1danie pohybu ramena bansk\u00fdch strojov na \u0165a\u017ebu a prepravu rudy.<\/li>\n<li>Logistika a doprava: Vo vysokozdvi\u017en\u00fdch voz\u00edkoch a manipula\u010dn\u00fdch robotoch riadi valec ramena zdv\u00edhanie a pohyb vidl\u00edc, \u010do umo\u017e\u0148uje manipul\u00e1ciu s materi\u00e1lom a jeho stohovanie.<\/li>\n<\/ul>\n<h2>\u00davahy o dizajne a krit\u00e9ri\u00e1 v\u00fdberu<\/h2>\n<ul>\n<li>Nosnos\u0165: Valec ramena by mal by\u0165 navrhnut\u00fd tak, aby odolal maxim\u00e1lnemu za\u0165a\u017eeniu, ktor\u00e9mu bude vystaven\u00fd v zam\u00fd\u0161\u013eanej aplik\u00e1cii.<\/li>\n<li>Tesnenie: Pou\u017e\u00edvaj\u00fa sa r\u00f4zne tesniace prvky, ako s\u00fa tesnenia piestov a tesnenia ty\u010d\u00ed, zvy\u010dajne vyroben\u00e9 z materi\u00e1lov odoln\u00fdch vo\u010di opotrebovaniu, ako je polyuret\u00e1n a nitrilov\u00fd kau\u010duk.<\/li>\n<li>Trvanlivos\u0165: Teleso valca a z\u00e1vitov\u00e9 konce prech\u00e1dzaj\u00fa d\u00f4kladn\u00fdm spracovan\u00edm, aby sa zv\u00fd\u0161ila odolnos\u0165 vo\u010di opotrebovaniu.<\/li>\n<li>Bezpe\u010dnos\u0165: Do kon\u0161trukcie by mali by\u0165 za\u010dlenen\u00e9 bezpe\u010dnostn\u00e9 prvky, ktor\u00e9 zabezpe\u010dia bezpe\u010dn\u00fa prev\u00e1dzku valca za r\u00f4znych podmienok.<\/li>\n<li>\u00dadr\u017eba: Treba zv\u00e1\u017ei\u0165 jednoduch\u00fa \u00fadr\u017ebu a v\u00fdmenu dielov, aby sa minimalizovali prestoje.<\/li>\n<\/ul>\n<p><img decoding=\"async\" src=\"https:\/\/www.hydraulic-cylinders.net\/wp-content\/uploads\/2025\/01\/songte-cylinder-head-with-all-kinds-excavator-models.webp\" alt=\"Obr\u00e1zok produktu\"><\/p>\n<h2>Tesnenie a mazanie<\/h2>\n<p>Valec ramena vyu\u017e\u00edva r\u00f4zne tesnenia, ako s\u00fa tesnenia piestov a tesnenia ty\u010d\u00ed, ktor\u00e9 s\u00fa vyroben\u00e9 z materi\u00e1lov odoln\u00fdch vo\u010di opotrebovaniu, ako je polyuret\u00e1n a nitrilov\u00fd kau\u010duk. Teleso valca a z\u00e1vitov\u00e9 konce s\u00fa jemne opracovan\u00e9 pre zlep\u0161enie odolnosti vo\u010di opotrebovaniu. Pravideln\u00e9 mazanie hydraulick\u00fdm olejom je nevyhnutn\u00e9 na zabezpe\u010denie spr\u00e1vneho mazania a zn\u00ed\u017eenie trenia.<\/p>\n<h2>Pravideln\u00e1 kontrola a prevent\u00edvna \u00fadr\u017eba<\/h2>\n<ul>\n<li>Pravidelne kontrolujte valec ramena, \u010di nevykazuje zn\u00e1mky opotrebovania, \u00faniku alebo po\u0161kodenia.<\/li>\n<li>Skontrolujte mazac\u00ed syst\u00e9m a uistite sa, \u017ee je doplnen\u00e9 spr\u00e1vne mno\u017estvo hydraulick\u00e9ho oleja.<\/li>\n<li>Skontrolujte a vyme\u0148te opotrebovan\u00e9 tesnenia alebo po\u0161koden\u00e9 komponenty.<\/li>\n<li>Vykon\u00e1vajte prevent\u00edvne \u00fadr\u017eb\u00e1rske pr\u00e1ce pod\u013ea odpor\u00fa\u010dan\u00ed v\u00fdrobcu.<\/li>\n<li>Ve\u010fte z\u00e1znamy o \u00fadr\u017eb\u00e1rskych \u010dinnostiach a napl\u00e1nujte si bud\u00face kontroly.<\/li>\n<\/ul>\n<h2>Sprievodca in\u0161tal\u00e1ciou produktu<\/h2>\n<p>Spr\u00e1vna in\u0161tal\u00e1cia valca ramena je k\u013e\u00fa\u010dov\u00e1 pre jeho optim\u00e1lny v\u00fdkon a dlh\u00fa \u017eivotnos\u0165. Postupujte pod\u013ea t\u00fdchto krokov:<\/p>\n<ol>\n<li>Uistite sa, \u017ee stroj je bezpe\u010dne zaisten\u00fd a vypnut\u00fd.<\/li>\n<li>V pr\u00edpade potreby odstr\u00e1\u0148te star\u00fd valec odpojen\u00edm hydraulick\u00fdch potrub\u00ed a odskrutkovan\u00edm mont\u00e1\u017enych konzol.<\/li>\n<li>Skontrolujte nov\u00fd valec ramena, \u010di nevykazuje zn\u00e1mky po\u0161kodenia alebo defektov.<\/li>\n<li>Zarovnajte valec s mont\u00e1\u017enymi bodmi a zaistite ho pomocou vhodn\u00fdch skrutiek a konzol.<\/li>\n<li>Znovu pripojte hydraulick\u00e9 potrubia a uistite sa, \u017ee s\u00fa spr\u00e1vne pripojen\u00e9 a tesn\u00e9.<\/li>\n<li>Pred obnoven\u00edm be\u017enej prev\u00e1dzky stroja otestujte spr\u00e1vnu funkciu valca ramena.<\/li>\n<\/ol>\n<p><img decoding=\"async\" src=\"https:\/\/www.hydraulic-cylinders.net\/wp-content\/uploads\/2025\/01\/songte-bushings-with-all-kinds-of-excavator-models.webp\" alt=\"Obr\u00e1zok produktu\"><\/p>\n<h2>Bezpe\u010dnostn\u00e9 aspekty a faktory prostredia<\/h2>\n<p>Pri pou\u017e\u00edvan\u00ed valca s ramenom je d\u00f4le\u017eit\u00e9 dodr\u017eiava\u0165 bezpe\u010dnostn\u00e9 opatrenia, aby sa predi\u0161lo nehod\u00e1m a zabezpe\u010dila sa pohoda obsluhy. Bezpe\u010dnostn\u00e9 opatrenia m\u00f4\u017eu zah\u0155\u0148a\u0165 riadne \u0161kolenie, dodr\u017eiavanie pokynov na obsluhu a pou\u017e\u00edvanie osobn\u00fdch ochrann\u00fdch prostriedkov. Okrem toho by sa mali zoh\u013eadni\u0165 faktory prostredia, ako je teplota, vlhkos\u0165 a vystavenie chemik\u00e1li\u00e1m, aby sa zachoval v\u00fdkon a \u017eivotnos\u0165 valca.<\/p>\n<h2>Rie\u0161enie probl\u00e9mov a be\u017en\u00e9 probl\u00e9my<\/h2>\n<p>Medzi be\u017en\u00e9 probl\u00e9my, ktor\u00e9 sa m\u00f4\u017eu vyskytn\u00fa\u0165 s valcom ramena, patr\u00ed netesnos\u0165, zn\u00ed\u017een\u00fd v\u00fdkon a abnorm\u00e1lny hluk. Tu je nieko\u013eko tipov na rie\u0161enie probl\u00e9mov:<\/p>\n<ul>\n<li>Ak d\u00f4jde k \u00faniku, skontrolujte a vyme\u0148te opotrebovan\u00e9 tesnenia alebo po\u0161koden\u00e9 komponenty.<\/li>\n<li>Ak sa v\u00fdkon zn\u00ed\u017ei, zabezpe\u010dte spr\u00e1vne mazanie a skontrolujte, \u010di nie s\u00fa nejak\u00e9 prek\u00e1\u017eky alebo nespr\u00e1vne zarovnanie.<\/li>\n<li>Ak sa vyskytne abnorm\u00e1lny hluk, presk\u00famajte mo\u017en\u00e9 pr\u00ed\u010diny, ako s\u00fa uvo\u013enen\u00e9 spoje alebo po\u0161koden\u00e9 vn\u00fatorn\u00e9 \u010dasti.<\/li>\n<\/ul>\n<p>Pravideln\u00e1 \u00fadr\u017eba a r\u00fdchle rie\u0161enie probl\u00e9mov m\u00f4\u017eu pom\u00f4c\u0165 udr\u017ea\u0165 valec ramena v optim\u00e1lnom stave.<\/p>\n<p><img decoding=\"async\" src=\"https:\/\/www.hydraulic-cylinders.net\/wp-content\/uploads\/2025\/01\/songte-chushion-collar.webp\" alt=\"Obr\u00e1zok produktu\"><\/p>\n<p>Z\u00e1verom mo\u017eno poveda\u0165, \u017ee sme profesion\u00e1lnym v\u00fdrobcom n\u00e1hradn\u00fdch hydraulick\u00fdch valcov. V\u010faka \u0161irokej \u0161k\u00e1le produktov sme sa stali jedn\u00fdm z popredn\u00fdch v\u00fdrobcov a ve\u013ekoobchodn\u00fdch distrib\u00fatorov na dom\u00e1com aj medzin\u00e1rodnom trhu. Dodr\u017eiavame princ\u00edp vynikaj\u00facej kvality a neust\u00e1le zlep\u0161ujeme na\u0161e technick\u00e9 znalosti a efektivitu v\u00fdroby. Zav\u00e1dzan\u00edm pokro\u010dil\u00fdch digit\u00e1lnych v\u00fdrobn\u00fdch zariaden\u00ed a profesion\u00e1lnych testovac\u00edch syst\u00e9mov optimalizujeme na\u0161u v\u00fdrobn\u00fa platformu a zlep\u0161ujeme procesy kontroly kvality v\u00fdrobkov, \u010d\u00edm preukazujeme siln\u00e9 inova\u010dn\u00e9 schopnosti. Na\u0161\u00edm cie\u013eom je uspokoji\u0165 rozmanit\u00e9 potreby na\u0161ich z\u00e1kazn\u00edkov s efektivitou, presnos\u0165ou a vysoko kvalitn\u00fdmi produktmi.<\/p>\n<p><img decoding=\"async\" src=\"https:\/\/www.hydraulic-cylinders.net\/wp-content\/uploads\/2025\/01\/songte-company-4.webp\" alt=\"Obr\u00e1zok spolo\u010dnosti\"><br \/>\n<img decoding=\"async\" src=\"https:\/\/www.hydraulic-cylinders.net\/wp-content\/uploads\/2025\/01\/songte-company-3.webp\" alt=\"Obr\u00e1zok spolo\u010dnosti\"><\/p>\n<p>Profesionalita, medzin\u00e1rodn\u00e9 certifik\u00e1cie, prisp\u00f4soben\u00e9 slu\u017eby, modern\u00e9 v\u00fdrobn\u00e9 zariadenia a komplexn\u00fd popredajn\u00fd servis s\u00fa niektor\u00e9 z k\u013e\u00fa\u010dov\u00fdch aspektov, ktor\u00e9 definuj\u00fa na\u0161u spolo\u010dnos\u0165.<\/p>\n<p><em>Autor: lyl<\/em><\/p>","protected":false},"excerpt":{"rendered":"<p>Arm Cylinder For Hengte Wheel Excavator HTL65-8 Introduction The arm cylinder is a specially designed hydraulic cylinder that provides linear motion and power to the arm of various machinery such as excavators, cranes, and mechanical arms. It plays a crucial role in hydraulic systems, enabling efficient movement and control of additional tools or attachments. These [&hellip;]<\/p>","protected":false},"featured_media":14783,"comment_status":"open","ping_status":"closed","template":"","meta":{"_et_pb_use_builder":"","_et_pb_old_content":"","_et_gb_content_width":""},"product_brand":[],"product_cat":[1497],"product_tag":[1498,1496],"class_list":{"0":"post-16919","1":"product","2":"type-product","3":"status-publish","4":"has-post-thumbnail","6":"product_cat-arm-cylinders","7":"product_tag-arm-cylinders","8":"product_tag-hydraulic-cylinders","10":"first","11":"instock","12":"shipping-taxable","13":"product-type-simple"},"amp_enabled":true,"_links":{"self":[{"href":"https:\/\/www.hydraulic-cylinders.net\/sk\/wp-json\/wp\/v2\/product\/16919","targetHints":{"allow":["GET"]}}],"collection":[{"href":"https:\/\/www.hydraulic-cylinders.net\/sk\/wp-json\/wp\/v2\/product"}],"about":[{"href":"https:\/\/www.hydraulic-cylinders.net\/sk\/wp-json\/wp\/v2\/types\/product"}],"replies":[{"embeddable":true,"href":"https:\/\/www.hydraulic-cylinders.net\/sk\/wp-json\/wp\/v2\/comments?post=16919"}],"wp:featuredmedia":[{"embeddable":true,"href":"https:\/\/www.hydraulic-cylinders.net\/sk\/wp-json\/wp\/v2\/media\/14783"}],"wp:attachment":[{"href":"https:\/\/www.hydraulic-cylinders.net\/sk\/wp-json\/wp\/v2\/media?parent=16919"}],"wp:term":[{"taxonomy":"product_brand","embeddable":true,"href":"https:\/\/www.hydraulic-cylinders.net\/sk\/wp-json\/wp\/v2\/product_brand?post=16919"},{"taxonomy":"product_cat","embeddable":true,"href":"https:\/\/www.hydraulic-cylinders.net\/sk\/wp-json\/wp\/v2\/product_cat?post=16919"},{"taxonomy":"product_tag","embeddable":true,"href":"https:\/\/www.hydraulic-cylinders.net\/sk\/wp-json\/wp\/v2\/product_tag?post=16919"}],"curies":[{"name":"pracovn\u00fd list","href":"https:\/\/api.w.org\/{rel}","templated":true}]}}