{"id":16941,"date":"2025-01-21T06:14:25","date_gmt":"2025-01-21T06:14:25","guid":{"rendered":"https:\/\/www.hydraulic-cylinders.net\/product\/arm-cylinder-for-kato-small-excavator-hd550-1-7\/"},"modified":"2025-01-21T06:14:27","modified_gmt":"2025-01-21T06:14:27","slug":"arm-cylinder-for-kato-small-excavator-hd550-1-7","status":"publish","type":"product","link":"https:\/\/www.hydraulic-cylinders.net\/sk\/produkt\/arm-cylinder-for-kato-small-excavator-hd550-1-7\/","title":{"rendered":"Valec ramena pre mal\u00e9 r\u00fdpadlo Kato HD550-1-7"},"content":{"rendered":"<h1>Valec ramena pre mal\u00e9 r\u00fdpadlo Kato HD550-1-7<\/h1>\n<h2>\u00davod<\/h2>\n<p>Hydraulick\u00fd valec ramena je typ \u0161pecializovan\u00e9ho hydraulick\u00e9ho valca, ktor\u00fd poskytuje line\u00e1rny pohyb a v\u00fdkon ramen\u00e1m r\u00f4znych strojov, ako s\u00fa r\u00fdpadl\u00e1, \u017eeriavy a robotick\u00e9 ramen\u00e1. Hydraulick\u00fd valec ramena zohr\u00e1va k\u013e\u00fa\u010dov\u00fa \u00falohu v hydraulickom syst\u00e9me, preto\u017ee umo\u017e\u0148uje efekt\u00edvny pohyb a ovl\u00e1danie pr\u00edslu\u0161enstva alebo pr\u00edslu\u0161enstva. Tieto valce nielen dosahuj\u00fa plynul\u00fd pohyb, ale tie\u017e odol\u00e1vaj\u00fa \u0165a\u017ek\u00fdm za\u0165a\u017eeniam, \u010d\u00edm zabezpe\u010duj\u00fa efekt\u00edvnu prev\u00e1dzku a spo\u013eahlivos\u0165 strojov v r\u00f4znych pracovn\u00fdch podmienkach.<\/p>\n<p><img decoding=\"async\" src=\"https:\/\/www.hydraulic-cylinders.net\/wp-content\/uploads\/2025\/01\/songte-company-2.webp\"><\/p>\n<h2>Funkcie<\/h2>\n<h3>Vysoko\u00fa\u010dinn\u00fd prenos<\/h3>\n<p>Valec ramena poskytuje siln\u00fd line\u00e1rny pohyb a silu, \u010d\u00edm zais\u0165uje vysok\u00fa \u00fa\u010dinnos\u0165 mechanick\u00e9ho ramena pri r\u00f4znych oper\u00e1ci\u00e1ch.<\/p>\n<h3>Presn\u00e9 ovl\u00e1danie<\/h3>\n<p>Valec ramena dok\u00e1\u017ee dosiahnu\u0165 presn\u00e9 ovl\u00e1danie pohybu prostredn\u00edctvom hydraulick\u00e9ho syst\u00e9mu, \u010d\u00edm sa ovl\u00e1danie pr\u00eddavn\u00fdch zariaden\u00ed st\u00e1va flexibilnej\u0161\u00edm a presnej\u0161\u00edm.<\/p>\n<h3>Siln\u00e1 odolnos\u0165<\/h3>\n<p>Valec ramena je zvy\u010dajne vyroben\u00fd z vysoko pevn\u00fdch materi\u00e1lov a m\u00e1 dobr\u00fa odolnos\u0165 vo\u010di opotrebovaniu a kor\u00f3zii, v\u010faka \u010domu je vhodn\u00fd na dlhodob\u00e9 pou\u017e\u00edvanie v n\u00e1ro\u010dn\u00fdch podmienkach.<\/p>\n<h3>Multifunk\u010dn\u00e1 prisp\u00f4sobivos\u0165<\/h3>\n<p>Tieto valce sa daj\u00fa \u0161iroko pou\u017e\u00edva\u0165 v r\u00f4znych mechanick\u00fdch zariadeniach, ako s\u00fa bagre, \u017eeriavy a robotick\u00e9 ramen\u00e1, aby sp\u013a\u0148ali r\u00f4zne pracovn\u00e9 po\u017eiadavky.<\/p>\n<h3>Jednoduch\u00e1 \u00fadr\u017eba<\/h3>\n<p>Valec je navrhnut\u00fd pre jednoduch\u00fa \u00fadr\u017ebu a v\u00fdmenu, v\u010faka \u010domu je pravideln\u00e1 kontrola a \u00fadr\u017eba pohodlnej\u0161ia a skracuje prestoje zariadenia.<\/p>\n<p><img decoding=\"async\" src=\"https:\/\/www.hydraulic-cylinders.net\/wp-content\/uploads\/2025\/01\/songte-oil-pipes-and-spare-parts.webp\"><\/p>\n<h2>Aplik\u00e1cie<\/h2>\n<p>Valec ramena sa \u0161iroko pou\u017e\u00edva v r\u00f4znych odvetviach vr\u00e1tane:<\/p>\n<h3>Stavebn\u00e9 in\u017einierstvo<\/h3>\n<p>V r\u00fdpadl\u00e1ch a \u017eeriavoch sa valec ramena pou\u017e\u00edva na ovl\u00e1danie pohybu vedra alebo v\u00fdlo\u017en\u00edka pri zemn\u00fdch pr\u00e1cach, manipul\u00e1cii s materi\u00e1lom a in\u0161tal\u00e1cii kon\u0161trukci\u00ed.<\/p>\n<h3>V\u00fdroba<\/h3>\n<p>V automatizovan\u00fdch v\u00fdrobn\u00fdch link\u00e1ch sa valec ramena pou\u017e\u00edva na riadenie pohybu robotick\u00fdch ramien pri mont\u00e1\u017enych, zv\u00e1rac\u00edch a manipula\u010dn\u00fdch procesoch, \u010d\u00edm sa zlep\u0161uje efektivita a presnos\u0165 v\u00fdroby.<\/p>\n<h3>Po\u013enohospod\u00e1rske stroje<\/h3>\n<p>V po\u013enohospod\u00e1rskych strojoch, ako s\u00fa zbera\u010de a seja\u010dky, riadi valec ramena pohyb ovl\u00e1dacieho ramena pri \u00faloh\u00e1ch, ako je siatie, hnojenie a zber \u00farody.<\/p>\n<h3>\u0164a\u017eba<\/h3>\n<p>V bansk\u00fdch zariadeniach sa valec ramena pou\u017e\u00edva na ovl\u00e1danie pohybu ramena bansk\u00e9ho zariadenia na \u0165a\u017ebu a manipul\u00e1ciu s materi\u00e1lom.<\/p>\n<h3>Logistika a doprava<\/h3>\n<p>Vo vysokozdvi\u017en\u00fdch voz\u00edkoch a manipula\u010dn\u00fdch robotoch sa valec ramena pou\u017e\u00edva na ovl\u00e1danie zdv\u00edhania a pohybu vidlice, \u010d\u00edm sa realizuje manipul\u00e1cia a stohovanie materi\u00e1lov.<\/p>\n<p><img decoding=\"async\" src=\"https:\/\/www.hydraulic-cylinders.net\/wp-content\/uploads\/2025\/01\/songte-chushion-collar.webp\"><\/p>\n<h2>\u00davahy o dizajne a \u0161tandardy v\u00fdberu<\/h2>\n<p>Kon\u0161trukcia valca ramena zoh\u013ead\u0148uje jeho nosnos\u0165, tesnenie, trvanlivos\u0165, bezpe\u010dnos\u0165 a \u00fadr\u017ebu.<\/p>\n<h3>Nosnos\u0165<\/h3>\n<p>Valec ramena je navrhnut\u00fd tak, aby odolal za\u0165a\u017eeniu r\u00f4znych mechanick\u00fdch zariaden\u00ed a zabezpe\u010dil stabiln\u00fa a efekt\u00edvnu prev\u00e1dzku strojov.<\/p>\n<h3>Tesnenie<\/h3>\n<p>Valec ramena pou\u017e\u00edva r\u00f4zne tesniace zariadenia, ako s\u00fa tesnenia piestov a tesnenia ty\u010d\u00ed, vyroben\u00e9 z materi\u00e1lov odoln\u00fdch proti opotrebovaniu, ako je polyuret\u00e1n a nitrilov\u00fd kau\u010duk. Teleso valca a z\u00e1vitov\u00e9 konce s\u00fa prec\u00edzne opracovan\u00e9 pre zlep\u0161enie odolnosti proti opotrebovaniu. Vy\u017eaduje sa pravideln\u00e9 dop\u013a\u0148anie hydraulick\u00e9ho oleja na mazanie.<\/p>\n<h3>Trvanlivos\u0165<\/h3>\n<p>Valec ramena je vyroben\u00fd z vysokopevnostn\u00fdch materi\u00e1lov, ako je legovan\u00e1 oce\u013e, aby sa zabezpe\u010dila jeho trvanlivos\u0165 a odolnos\u0165 vo\u010di kor\u00f3zii v n\u00e1ro\u010dn\u00fdch prostrediach.<\/p>\n<h3>Bezpe\u010dnos\u0165<\/h3>\n<p>Po\u010das v\u00fdroby sa vykon\u00e1va pr\u00edsna kontrola kvality a testovanie, aby sa zabezpe\u010dila bezpe\u010dnos\u0165 pou\u017e\u00edvania valca ramena. Okrem toho s\u00fa na strojoch nain\u0161talovan\u00e9 bezpe\u010dnostn\u00e9 opatrenia, ako je ochrana proti pre\u0165a\u017eeniu a tla\u010didl\u00e1 n\u00fadzov\u00e9ho zastavenia.<\/p>\n<h3>Udr\u017eiavate\u013enos\u0165<\/h3>\n<p>Valec ramena je navrhnut\u00fd tak, aby sa dal \u013eahko udr\u017eiava\u0165 a vymie\u0148a\u0165, \u010d\u00edm sa zni\u017euj\u00fa prestoje a n\u00e1klady na \u00fadr\u017ebu.<\/p>\n<p><img decoding=\"async\" src=\"https:\/\/www.hydraulic-cylinders.net\/wp-content\/uploads\/2025\/01\/songte-cylinder-head-with-all-kinds-excavator-models.webp\"><\/p>\n<h2>Pokyny na in\u0161tal\u00e1ciu<\/h2>\n<p>Pred in\u0161tal\u00e1ciou si pre\u010d\u00edtajte nasleduj\u00face pokyny:<\/p>\n<ul>\n<li>Uistite sa, \u017ee pou\u017e\u00edvate vhodn\u00e9 n\u00e1stroje a vybavenie.<\/li>\n<li>Vy\u010distite miesto in\u0161tal\u00e1cie a uistite sa, \u017ee je rovn\u00e9 a stabiln\u00e9.<\/li>\n<li>Skontrolujte v\u0161etky \u010dasti, \u010di nie s\u00fa po\u0161koden\u00e9 alebo deformovan\u00e9.<\/li>\n<li>Nain\u0161talujte valec ramena pod\u013ea pokynov a uistite sa, \u017ee v\u0161etky pripojenia s\u00fa bezpe\u010dn\u00e9 a spr\u00e1vne utiahnut\u00e9.<\/li>\n<li>Dopl\u0148te hydraulick\u00fd olej a skontrolujte tesnos\u0165.<\/li>\n<li>Pred pou\u017eit\u00edm otestujte spr\u00e1vnu funkciu valca ramena.<\/li>\n<\/ul>\n<p><img decoding=\"async\" src=\"https:\/\/www.hydraulic-cylinders.net\/wp-content\/uploads\/2025\/01\/songte-bushings-with-all-kinds-of-excavator-models.webp\"><\/p>\n<h2>Bezpe\u010dnostn\u00e9 aspekty a faktory prostredia<\/h2>\n<p>Pri pou\u017e\u00edvan\u00ed valca s ramenom je d\u00f4le\u017eit\u00e9 dodr\u017eiava\u0165 bezpe\u010dnostn\u00e9 opatrenia, ako je nosenie ochrann\u00fdch prostriedkov, kontrola tesnosti a vyh\u00fdbanie sa pre\u0165a\u017eeniu. Okrem toho je d\u00f4le\u017eit\u00e9 zv\u00e1\u017ei\u0165 faktory prostredia, ako je teplota a vlhkos\u0165, ktor\u00e9 m\u00f4\u017eu ovplyvni\u0165 v\u00fdkon valca.<\/p>\n<h2>Rie\u0161enie probl\u00e9mov a be\u017en\u00e9 probl\u00e9my<\/h2>\n<p>Medzi be\u017en\u00e9 probl\u00e9my s valcom ramena patria netesnosti, abnorm\u00e1lny hluk a nedostato\u010dn\u00fd v\u00fdkon. Ak sa tieto probl\u00e9my vyskytn\u00fa, vykonajte nasleduj\u00face kroky na rie\u0161enie probl\u00e9mov:<\/p>\n<ul>\n<li>Skontrolujte \u00faniky hydraulick\u00e9ho oleja a vyme\u0148te opotrebovan\u00e9 tesnenia.<\/li>\n<li>Skontrolujte, \u010di nie je po\u0161koden\u00e1 piestna ty\u010d alebo telo valca a v pr\u00edpade potreby ich vyme\u0148te.<\/li>\n<li>Skontrolujte, \u010di nie je hydraulick\u00e9 \u010derpadlo alebo ventil po\u0161koden\u00e9, a v pr\u00edpade potreby ich vyme\u0148te.<\/li>\n<\/ul>\n<p>Aby sa predi\u0161lo probl\u00e9mom, je d\u00f4le\u017eit\u00e9 vykon\u00e1va\u0165 pravideln\u00fa \u00fadr\u017ebu a kontroly, ako je kontrola hladiny hydraulick\u00e9ho oleja a mazanie valca.<\/p>\n<p><img decoding=\"async\" src=\"https:\/\/www.hydraulic-cylinders.net\/wp-content\/uploads\/2025\/01\/songte-company-4.webp\"><br \/>\n<img decoding=\"async\" src=\"https:\/\/www.hydraulic-cylinders.net\/wp-content\/uploads\/2025\/01\/songte-company-3.webp\"><\/p>\n<h2>O n\u00e1s<\/h2>\n<p>Sme profesion\u00e1lny v\u00fdrobca n\u00e1hradn\u00fdch hydraulick\u00fdch valcov a pon\u00fakame \u0161irok\u00fa \u0161k\u00e1lu produktov a slu\u017eieb. Stali sme sa jedn\u00fdm z popredn\u00fdch v\u00fdrobcov a ve\u013ekoobchodn\u00fdch distrib\u00fatorov hydraulick\u00fdch valcov na dom\u00e1com aj medzin\u00e1rodnom trhu. Dodr\u017eiavame z\u00e1sadu vynikaj\u00facej kvality, spoliehame sa na strat\u00e9giu industrializovan\u00e9ho riadenia v\u00fdroby v prepracovanej v\u00fdrobnej dielni a neust\u00e1le zlep\u0161ujeme na\u0161u technol\u00f3giu a efektivitu v\u00fdroby. Zav\u00e1dzan\u00edm \u0161pi\u010dkov\u00fdch digit\u00e1lnych v\u00fdrobn\u00fdch zariaden\u00ed a profesion\u00e1lnych testovac\u00edch syst\u00e9mov optimalizujeme v\u00fdrobn\u00fa platformu, zlep\u0161ujeme proces kontroly kvality v\u00fdrobkov a m\u00e1me siln\u00e9 inova\u010dn\u00e9 schopnosti. Na\u0161\u00edm cie\u013eom je uspokoji\u0165 rozmanit\u00e9 potreby z\u00e1kazn\u00edkov s princ\u00edpmi efekt\u00edvnosti, presnosti a vysokej kvality.<\/p>\n<p>Pon\u00fakame okrem in\u00e9ho profesion\u00e1lne slu\u017eby, medzin\u00e1rodn\u00fa certifik\u00e1ciu, slu\u017eby na mieru, modern\u00e9 v\u00fdrobn\u00e9 zariadenia a popredajn\u00fd servis.<\/p>\n<h3>Profesionalita<\/h3>\n<p>N\u00e1\u0161 t\u00edm sa sklad\u00e1 zo sk\u00fasen\u00fdch a kvalifikovan\u00fdch odborn\u00edkov, ktor\u00ed poskytuj\u00fa vysoko kvalitn\u00e9 a efekt\u00edvne slu\u017eby pod\u013ea potrieb z\u00e1kazn\u00edkov.<\/p>\n<h3>Medzin\u00e1rodn\u00e1 certifik\u00e1cia<\/h3>\n<p>Z\u00edskali sme certifik\u00e1ciu ISO 9001:2015, certifik\u00e1ciu CE a \u010fal\u0161ie medzin\u00e1rodn\u00e9 certifik\u00e1ty, ktor\u00e9 zaru\u010duj\u00fa kvalitu a spo\u013eahlivos\u0165 na\u0161ich produktov.<\/p>\n<h3>Slu\u017eby na mieru<\/h3>\n<p>Poskytujeme prisp\u00f4soben\u00e9 slu\u017eby, ktor\u00e9 sp\u013a\u0148aj\u00fa jedine\u010dn\u00e9 po\u017eiadavky z\u00e1kazn\u00edkov, ako je n\u00e1vrh a v\u00fdvoj produktov a slu\u017eby OEM.<\/p>\n<h3>Pokro\u010dil\u00e9 v\u00fdrobn\u00e9 zariadenia<\/h3>\n<p>Zaviedli sme pokro\u010dil\u00e9 digit\u00e1lne v\u00fdrobn\u00e9 zariadenia a testovacie syst\u00e9my na zlep\u0161enie efekt\u00edvnosti v\u00fdroby a kvality v\u00fdrobkov.<\/p>\n<h3>Popredajn\u00fd servis<\/h3>\n<p>Poskytujeme komplexn\u00e9 popredajn\u00e9 slu\u017eby, ako je technick\u00e1 podpora, \u00fadr\u017eba a opravy, aby sme zabezpe\u010dili spokojnos\u0165 z\u00e1kazn\u00edkov.<\/p>\n<p>Autor: lyl<\/p>","protected":false},"excerpt":{"rendered":"<p>Arm Cylinder For Kato Small Excavator HD550-1-7 Introduction Arm cylinder is a type of specialized hydraulic cylinder that provides linear motion and power to the arms of various machinery, such as excavators, cranes, and robotic arms. The arm cylinder plays a crucial role in the hydraulic system, allowing for effective movement and control of attachments [&hellip;]<\/p>","protected":false},"featured_media":14777,"comment_status":"open","ping_status":"closed","template":"","meta":{"_et_pb_use_builder":"","_et_pb_old_content":"","_et_gb_content_width":""},"product_brand":[],"product_cat":[1497],"product_tag":[1498,1496],"class_list":{"0":"post-16941","1":"product","2":"type-product","3":"status-publish","4":"has-post-thumbnail","6":"product_cat-arm-cylinders","7":"product_tag-arm-cylinders","8":"product_tag-hydraulic-cylinders","10":"first","11":"instock","12":"shipping-taxable","13":"product-type-simple"},"amp_enabled":true,"_links":{"self":[{"href":"https:\/\/www.hydraulic-cylinders.net\/sk\/wp-json\/wp\/v2\/product\/16941","targetHints":{"allow":["GET"]}}],"collection":[{"href":"https:\/\/www.hydraulic-cylinders.net\/sk\/wp-json\/wp\/v2\/product"}],"about":[{"href":"https:\/\/www.hydraulic-cylinders.net\/sk\/wp-json\/wp\/v2\/types\/product"}],"replies":[{"embeddable":true,"href":"https:\/\/www.hydraulic-cylinders.net\/sk\/wp-json\/wp\/v2\/comments?post=16941"}],"wp:featuredmedia":[{"embeddable":true,"href":"https:\/\/www.hydraulic-cylinders.net\/sk\/wp-json\/wp\/v2\/media\/14777"}],"wp:attachment":[{"href":"https:\/\/www.hydraulic-cylinders.net\/sk\/wp-json\/wp\/v2\/media?parent=16941"}],"wp:term":[{"taxonomy":"product_brand","embeddable":true,"href":"https:\/\/www.hydraulic-cylinders.net\/sk\/wp-json\/wp\/v2\/product_brand?post=16941"},{"taxonomy":"product_cat","embeddable":true,"href":"https:\/\/www.hydraulic-cylinders.net\/sk\/wp-json\/wp\/v2\/product_cat?post=16941"},{"taxonomy":"product_tag","embeddable":true,"href":"https:\/\/www.hydraulic-cylinders.net\/sk\/wp-json\/wp\/v2\/product_tag?post=16941"}],"curies":[{"name":"pracovn\u00fd list","href":"https:\/\/api.w.org\/{rel}","templated":true}]}}