{"id":16956,"date":"2025-01-21T06:15:33","date_gmt":"2025-01-21T06:15:33","guid":{"rendered":"https:\/\/www.hydraulic-cylinders.net\/product\/arm-cylinder-for-kato-small-excavator-hd1220\/"},"modified":"2025-01-21T06:15:36","modified_gmt":"2025-01-21T06:15:36","slug":"arm-cylinder-for-kato-small-excavator-hd1220","status":"publish","type":"product","link":"https:\/\/www.hydraulic-cylinders.net\/sk\/produkt\/arm-cylinder-for-kato-small-excavator-hd1220\/","title":{"rendered":"Valec ramena pre mal\u00e9 r\u00fdpadlo Kato HD1220"},"content":{"rendered":"<h2>Valec ramena pre mal\u00e9 r\u00fdpadlo Kato HD1220<\/h2>\n<p>Hydraulick\u00fd valec ramena je \u0161peci\u00e1lne navrhnut\u00fd hydraulick\u00fd valec, ktor\u00fd poskytuje line\u00e1rny pohyb a v\u00fdkon ramenu r\u00f4znych strojov, ako s\u00fa r\u00fdpadl\u00e1, \u017eeriavy a robotick\u00e9 ramen\u00e1. Valec ramena hr\u00e1 k\u013e\u00fa\u010dov\u00fa \u00falohu v hydraulick\u00fdch syst\u00e9moch, preto\u017ee umo\u017e\u0148uje efekt\u00edvny pohyb a ovl\u00e1danie pr\u00edslu\u0161enstva alebo pr\u00edslu\u0161enstva. Tieto valce nielen zabezpe\u010duj\u00fa plynul\u00fd pohyb, ale tie\u017e odol\u00e1vaj\u00fa \u0165a\u017ek\u00fdm za\u0165a\u017eeniam, \u010d\u00edm zabezpe\u010duj\u00fa efekt\u00edvnu prev\u00e1dzku a spo\u013eahlivos\u0165 strojov v r\u00f4znych pracovn\u00fdch podmienkach.<\/p>\n<p><img decoding=\"async\" src=\"https:\/\/www.hydraulic-cylinders.net\/wp-content\/uploads\/2025\/01\/songte-company-2.webp\"><\/p>\n<h2>Vlastnosti valca ramena pre mal\u00e9 r\u00fdpadlo Kato HD1220:<\/h2>\n<ol>\n<li>Vysoko \u00fa\u010dinn\u00fd prevod: Valec ramena poskytuje siln\u00fd line\u00e1rny pohyb a silu, \u010d\u00edm zais\u0165uje vysok\u00fd v\u00fdkon ramena r\u00fdpadla pri r\u00f4znych oper\u00e1ci\u00e1ch.<\/li>\n<li>Presn\u00e9 ovl\u00e1danie: Prostredn\u00edctvom hydraulick\u00e9ho syst\u00e9mu umo\u017e\u0148uje valec ramena presn\u00e9 ovl\u00e1danie pohybu, v\u010faka \u010domu je ovl\u00e1danie pr\u00edslu\u0161enstva flexibilnej\u0161ie a presnej\u0161ie.<\/li>\n<li>Vysok\u00e1 odolnos\u0165: Valce ramien sa zvy\u010dajne vyr\u00e1baj\u00fa z vysokopevnostn\u00fdch materi\u00e1lov, ktor\u00e9 pon\u00fakaj\u00fa vynikaj\u00facu odolnos\u0165 vo\u010di opotrebovaniu a kor\u00f3zii, v\u010faka \u010domu s\u00fa vhodn\u00e9 na dlhodob\u00e9 pou\u017e\u00edvanie v n\u00e1ro\u010dn\u00fdch podmienkach.<\/li>\n<li>Multifunk\u010dn\u00e1 prisp\u00f4sobivos\u0165: Tieto valce sa daj\u00fa \u0161iroko pou\u017ei\u0165 v r\u00f4znych strojn\u00fdch zariadeniach, ako s\u00fa bagre, \u017eeriavy a robotick\u00e9 ramen\u00e1, a prisp\u00f4sobi\u0165 sa r\u00f4znym po\u017eiadavk\u00e1m pr\u00e1ce.<\/li>\n<li>Jednoduch\u00e1 \u00fadr\u017eba: Valec ramena je navrhnut\u00fd pre jednoduch\u00fa \u00fadr\u017ebu a v\u00fdmenu a umo\u017e\u0148uje pohodln\u00e9 pravideln\u00e9 kontroly a \u00fadr\u017ebu, \u010d\u00edm sa skracuj\u00fa prestoje zariadenia.<\/li>\n<\/ol>\n<p><img decoding=\"async\" src=\"https:\/\/www.hydraulic-cylinders.net\/wp-content\/uploads\/2025\/01\/songte-oil-pipes-and-spare-parts.webp\"><\/p>\n<h2>Pou\u017eitie valca ramena:<\/h2>\n<ul>\n<li>Stavebn\u00e9 in\u017einierstvo: V bagroch a \u017eeriavoch ovl\u00e1da valec ramena pohyb vedra alebo v\u00fdlo\u017en\u00edka pri zemn\u00fdch pr\u00e1cach, manipul\u00e1cii s materi\u00e1lom a mont\u00e1\u017ei kon\u0161trukci\u00ed.<\/li>\n<li>V\u00fdrobn\u00fd priemysel: V automatizovan\u00fdch v\u00fdrobn\u00fdch link\u00e1ch sa valec ramena pou\u017e\u00edva na pohyb robotick\u00fdch ramien, \u010do umo\u017e\u0148uje procesy ako mont\u00e1\u017e, zv\u00e1ranie a manipul\u00e1cia s materi\u00e1lom, \u010d\u00edm sa zlep\u0161uje efektivita a presnos\u0165 v\u00fdroby.<\/li>\n<li>Po\u013enohospod\u00e1rske stroje: V po\u013enohospod\u00e1rskych strojoch, ako s\u00fa zbera\u010de a seja\u010dky, riadi valec ramena pohyb ovl\u00e1dacieho ramena a vykon\u00e1va \u00falohy, ako je siatie, hnojenie a zber \u00farody.<\/li>\n<li>\u0164a\u017eba: V bansk\u00fdch zariadeniach sa valec ramena pou\u017e\u00edva na ovl\u00e1danie pohybu ramena bansk\u00fdch strojov na \u0165a\u017ebu a prepravu rudy.<\/li>\n<li>Logistika a doprava: Vo vysokozdvi\u017en\u00fdch voz\u00edkoch a manipula\u010dn\u00fdch robotoch riadi valec ramena zdv\u00edhanie a pohyb vidl\u00edc, \u010do umo\u017e\u0148uje manipul\u00e1ciu s materi\u00e1lom a jeho stohovanie.<\/li>\n<\/ul>\n<h2>\u00davahy o dizajne a krit\u00e9ri\u00e1 v\u00fdberu:<\/h2>\n<ol>\n<li>Nosnos\u0165: Valce ramien by mali by\u0165 navrhnut\u00e9 tak, aby odolali \u0161pecifick\u00fdm po\u017eiadavk\u00e1m na za\u0165a\u017eenie strojov, v ktor\u00fdch sa pou\u017e\u00edvaj\u00fa.<\/li>\n<li>Tesniaca schopnos\u0165: Na zabezpe\u010denie \u00fa\u010dinn\u00e9ho utesnenia by sa mali pou\u017ei\u0165 r\u00f4zne tesniace komponenty, ako s\u00fa tesnenia piestov a tesnenia ty\u010d\u00ed. Polyuret\u00e1n a nitrilov\u00e1 guma s\u00fa be\u017ene pou\u017e\u00edvan\u00e9 materi\u00e1ly odoln\u00e9 vo\u010di opotrebeniu na tesnenia.<\/li>\n<li>Trvanlivos\u0165: Teleso valca a z\u00e1vitov\u00e9 konce by mali by\u0165 preveden\u00e9 do jemn\u00e9ho spracovania, aby sa zv\u00fd\u0161ila odolnos\u0165 vo\u010di opotrebovaniu. Pre plynul\u00fd chod je nevyhnutn\u00e9 pravideln\u00e9 mazanie vhodn\u00fdm hydraulick\u00fdm olejom.<\/li>\n<li>Bezpe\u010dnos\u0165: Valce s ramenom by mali sp\u013a\u0148a\u0165 bezpe\u010dnostn\u00e9 normy a ma\u0165 bezpe\u010dnostn\u00e9 prvky, aby sa predi\u0161lo nehod\u00e1m po\u010das prev\u00e1dzky.<\/li>\n<li>\u00dadr\u017eba: Pri n\u00e1vrhu by sa mala zoh\u013eadni\u0165 jednoduch\u00e1 \u00fadr\u017eba a v\u00fdmena, aby sa minimalizovali prestoje a zabezpe\u010dila efekt\u00edvna prev\u00e1dzka.<\/li>\n<\/ol>\n<p><img decoding=\"async\" src=\"https:\/\/www.hydraulic-cylinders.net\/wp-content\/uploads\/2025\/01\/songte-cylinder-head-with-all-kinds-excavator-models.webp\"><\/p>\n<h2>Tesnenie a mazanie:<\/h2>\n<p>Valce ramena vyu\u017e\u00edvaj\u00fa r\u00f4zne tesniace komponenty, ako s\u00fa tesnenia piestov a tesnenia ty\u010d\u00ed, vyroben\u00e9 z materi\u00e1lov odoln\u00fdch vo\u010di opotrebovaniu, ako je polyuret\u00e1n a nitrilov\u00fd kau\u010duk. Teleso valca a z\u00e1vitov\u00e9 konce s\u00fa jemne o\u0161etren\u00e9 pre zlep\u0161enie odolnosti vo\u010di opotrebovaniu. Na zabezpe\u010denie hladk\u00e9ho chodu je potrebn\u00e9 pravideln\u00e9 mazanie vhodn\u00fdm mno\u017estvom hydraulick\u00e9ho oleja.<\/p>\n<h2>Pravideln\u00e1 kontrola a prevent\u00edvna \u00fadr\u017eba:<\/h2>\n<ul>\n<li>Pravidelne kontrolujte valec ramena, \u010di nevykazuje zn\u00e1mky \u00faniku, po\u0161kodenia alebo opotrebovania.<\/li>\n<li>Skontrolujte a vy\u010distite komponenty valca vr\u00e1tane tesnen\u00ed a ty\u010d\u00ed, aby ste udr\u017eali optim\u00e1lny v\u00fdkon.<\/li>\n<li>Uistite sa, \u017ee hydraulick\u00fd syst\u00e9m je bez ne\u010dist\u00f4t a cudz\u00edch \u010dast\u00edc.<\/li>\n<li>Utiahnite v\u0161etky uvo\u013enen\u00e9 spoje a armat\u00fary.<\/li>\n<li>Dodr\u017eiavajte pokyny v\u00fdrobcu t\u00fdkaj\u00face sa intervalov a postupov \u00fadr\u017eby.<\/li>\n<\/ul>\n<h2>Sprievodca in\u0161tal\u00e1ciou produktu:<\/h2>\n<p>Spr\u00e1vna in\u0161tal\u00e1cia valca ramena je k\u013e\u00fa\u010dov\u00e1 pre jeho v\u00fdkon a dlh\u00fa \u017eivotnos\u0165. Postupujte pod\u013ea t\u00fdchto krokov:<\/p>\n<ol>\n<li>Uistite sa, \u017ee stroj je vypnut\u00fd a hydraulick\u00fd syst\u00e9m je bez tlaku.<\/li>\n<li>Bezpe\u010dne pripevnite valec ramena k ur\u010den\u00fdm mont\u00e1\u017enym bodom pomocou vhodn\u00fdch upev\u0148ovac\u00edch prvkov.<\/li>\n<li>Pripojte hydraulick\u00e9 hadice pod\u013ea pokynov v\u00fdrobcu.<\/li>\n<li>Skontrolujte v\u0161etky spoje, \u010di netesnia, a v pr\u00edpade potreby ich dotiahnite.<\/li>\n<li>Otestujte funk\u010dnos\u0165 valca ramena vykonan\u00edm testu riaden\u00e9ho pohybu.<\/li>\n<\/ol>\n<p><img decoding=\"async\" src=\"https:\/\/www.hydraulic-cylinders.net\/wp-content\/uploads\/2025\/01\/songte-bushings-with-all-kinds-of-excavator-models.webp\"><\/p>\n<h2>Bezpe\u010dnostn\u00e9 aspekty a faktory prostredia:<\/h2>\n<p>D\u00f4le\u017eitos\u0165 bezpe\u010dnostn\u00fdch opatren\u00ed pri pou\u017e\u00edvan\u00ed hydraulick\u00fdch valcov ramena nemo\u017eno prece\u0148ova\u0165. Je nevyhnutn\u00e9 dodr\u017eiava\u0165 bezpe\u010dnostn\u00e9 pokyny a predpisy, aby sa predi\u0161lo nehod\u00e1m alebo zraneniam. Okrem toho je zoh\u013eadnenie environment\u00e1lnych faktorov, ako je spr\u00e1vna likvid\u00e1cia hydraulick\u00fdch kvapal\u00edn a dodr\u017eiavanie environment\u00e1lnych predpisov, k\u013e\u00fa\u010dov\u00e9 pre minimaliz\u00e1ciu vplyvu na okolit\u00fd ekosyst\u00e9m.<\/p>\n<h2>Rie\u0161enie probl\u00e9mov a be\u017en\u00e9 probl\u00e9my:<\/h2>\n<p>Medzi be\u017en\u00e9 probl\u00e9my s valcami ramena m\u00f4\u017ee patri\u0165 netesnos\u0165, nedostato\u010dn\u00fd v\u00fdkon alebo nepravideln\u00e9 pohyby. Tipy na rie\u0161enie probl\u00e9mov a ich rie\u0161enia zah\u0155\u0148aj\u00fa:<\/p>\n<ul>\n<li>Skontrolujte a vyme\u0148te po\u0161koden\u00e9 alebo opotrebovan\u00e9 tesnenia, aby ste vyrie\u0161ili probl\u00e9my s \u00fanikom.<\/li>\n<li>Skontrolujte hydraulick\u00fd syst\u00e9m, \u010di nevykazuje nejak\u00e9 poruchy alebo poruchy, ktor\u00e9 by mohli ovplyvni\u0165 v\u00fdkon valca ramena.<\/li>\n<li>Zabezpe\u010dte spr\u00e1vne mazanie a \u010distotu komponentov valca, aby sa zabezpe\u010dil plynul\u00fd a predv\u00eddate\u013en\u00fd pohyb.<\/li>\n<li>Pravidelne kontrolujte a \u010distite hydraulick\u00e9 filtre, aby ste predi\u0161li upchatiu a udr\u017eali efekt\u00edvnu prev\u00e1dzku.<\/li>\n<li>Zav\u00e1dzajte prevent\u00edvne opatrenia, ako je pravideln\u00e1 \u00fadr\u017eba a kontroly, aby ste minimalizovali potenci\u00e1lne probl\u00e9my.<\/li>\n<\/ul>\n<p><img decoding=\"async\" src=\"https:\/\/www.hydraulic-cylinders.net\/wp-content\/uploads\/2025\/01\/songte-chushion-collar.webp\"><\/p>\n<p>Nezabudnite \u010dl\u00e1nok logicky usporiada\u0165 pomocou podnadpisov pre jednoduch\u00fa navig\u00e1ciu. Pre lep\u0161ie pochopenie pou\u017eite relevantn\u00e9 obr\u00e1zky alebo grafy. Uistite sa, \u017ee obsah je jasn\u00fd, stru\u010dn\u00fd a vhodn\u00fd pre \u010ditate\u013eov s r\u00f4znymi \u00farov\u0148ami technick\u00fdch znalost\u00ed. <\/p>\n<p>Autor: lyl<\/p>\n<p><img decoding=\"async\" src=\"https:\/\/www.hydraulic-cylinders.net\/wp-content\/uploads\/2025\/01\/songte-company-4.webp\"><\/p>\n<p><img decoding=\"async\" src=\"https:\/\/www.hydraulic-cylinders.net\/wp-content\/uploads\/2025\/01\/songte-company-3.webp\"><\/p>\n<p>Sme profesion\u00e1lny v\u00fdrobca n\u00e1hradn\u00fdch hydraulick\u00fdch valcov a pon\u00fakame \u0161irok\u00fd sortiment produktov. Stali sme sa jedn\u00fdm z popredn\u00fdch v\u00fdrobcov a ve\u013ekoobchodn\u00fdch distrib\u00fatorov hydraulick\u00fdch valcov na dom\u00e1com aj medzin\u00e1rodnom trhu. N\u00e1\u0161 z\u00e1v\u00e4zok k vynikaj\u00facej kvalite je podlo\u017een\u00fd strat\u00e9giami riadenia priemyselnej v\u00fdroby v na\u0161ej prepracovanej v\u00fdrobnej dielni, pri\u010dom neust\u00e1le zlep\u0161ujeme na\u0161e technologick\u00e9 mo\u017enosti a efektivitu v\u00fdroby. Zav\u00e1dzan\u00edm pokro\u010dil\u00fdch digit\u00e1lnych v\u00fdrobn\u00fdch zariaden\u00ed a profesion\u00e1lnych testovac\u00edch syst\u00e9mov optimalizujeme na\u0161u v\u00fdrobn\u00fa platformu a zlep\u0161ujeme procesy kontroly kvality v\u00fdrobkov, \u010d\u00edm preukazujeme siln\u00e9 inova\u010dn\u00e9 schopnosti. Na\u0161\u00edm cie\u013eom je uspokojova\u0165 rozmanit\u00e9 potreby z\u00e1kazn\u00edkov s efekt\u00edvnos\u0165ou, presnos\u0165ou a vysok\u00fdmi \u0161tandardmi kvality.<\/p>\n<p>Na\u0161a spolo\u010dnos\u0165 vynik\u00e1 v:<\/p>\n<ul>\n<li>Profesionalita<\/li>\n<li>Medzin\u00e1rodn\u00e9 certifik\u00e1cie<\/li>\n<li>Slu\u017eby prisp\u00f4sobenia<\/li>\n<li>V\u00fdrobn\u00e9 zariadenia<\/li>\n<li>Popredajn\u00e9 slu\u017eby<\/li>\n<\/ul>\n<p><img decoding=\"async\" src=\"https:\/\/www.hydraulic-cylinders.net\/wp-content\/uploads\/2025\/01\/songte-company-4.webp\"><\/p>\n<p>Pozn\u00e1mka: Text v URL adrese poskytnutej pou\u017e\u00edvate\u013eom nie je vidite\u013en\u00fd, tak\u017ee URL adresu obr\u00e1zka nie je mo\u017en\u00e9 vlo\u017ei\u0165.<\/p>","protected":false},"excerpt":{"rendered":"<p>Arm Cylinder For Kato Small Excavator HD1220 Arm Cylinder is a specially designed hydraulic cylinder that provides linear motion and power to the arm of various machinery, such as excavators, cranes, and robotic arms. The arm cylinder plays a critical role in hydraulic systems, allowing for efficient movement and control of attachments or accessories. These [&hellip;]<\/p>","protected":false},"featured_media":14763,"comment_status":"open","ping_status":"closed","template":"","meta":{"_et_pb_use_builder":"","_et_pb_old_content":"","_et_gb_content_width":""},"product_brand":[],"product_cat":[1497],"product_tag":[1498,1496],"class_list":{"0":"post-16956","1":"product","2":"type-product","3":"status-publish","4":"has-post-thumbnail","6":"product_cat-arm-cylinders","7":"product_tag-arm-cylinders","8":"product_tag-hydraulic-cylinders","10":"first","11":"instock","12":"shipping-taxable","13":"product-type-simple"},"amp_enabled":true,"_links":{"self":[{"href":"https:\/\/www.hydraulic-cylinders.net\/sk\/wp-json\/wp\/v2\/product\/16956","targetHints":{"allow":["GET"]}}],"collection":[{"href":"https:\/\/www.hydraulic-cylinders.net\/sk\/wp-json\/wp\/v2\/product"}],"about":[{"href":"https:\/\/www.hydraulic-cylinders.net\/sk\/wp-json\/wp\/v2\/types\/product"}],"replies":[{"embeddable":true,"href":"https:\/\/www.hydraulic-cylinders.net\/sk\/wp-json\/wp\/v2\/comments?post=16956"}],"wp:featuredmedia":[{"embeddable":true,"href":"https:\/\/www.hydraulic-cylinders.net\/sk\/wp-json\/wp\/v2\/media\/14763"}],"wp:attachment":[{"href":"https:\/\/www.hydraulic-cylinders.net\/sk\/wp-json\/wp\/v2\/media?parent=16956"}],"wp:term":[{"taxonomy":"product_brand","embeddable":true,"href":"https:\/\/www.hydraulic-cylinders.net\/sk\/wp-json\/wp\/v2\/product_brand?post=16956"},{"taxonomy":"product_cat","embeddable":true,"href":"https:\/\/www.hydraulic-cylinders.net\/sk\/wp-json\/wp\/v2\/product_cat?post=16956"},{"taxonomy":"product_tag","embeddable":true,"href":"https:\/\/www.hydraulic-cylinders.net\/sk\/wp-json\/wp\/v2\/product_tag?post=16956"}],"curies":[{"name":"pracovn\u00fd list","href":"https:\/\/api.w.org\/{rel}","templated":true}]}}