{"id":16960,"date":"2025-01-21T08:27:32","date_gmt":"2025-01-21T08:27:32","guid":{"rendered":"https:\/\/www.hydraulic-cylinders.net\/?post_type=product&#038;p=16960"},"modified":"2025-04-11T01:44:58","modified_gmt":"2025-04-11T01:44:58","slug":"hcyy11112000-forklift-lifting-cylinder","status":"publish","type":"product","link":"https:\/\/www.hydraulic-cylinders.net\/sk\/produkt\/hcyy11112000-forklift-lifting-cylinder\/","title":{"rendered":"HCYY11112000 Zdv\u00edhac\u00ed valec vysokozdvi\u017en\u00e9ho voz\u00edka"},"content":{"rendered":"<h1 style=\"text-align: center;\"><strong>HCYY11112000 Zdv\u00edhac\u00ed valec vysokozdvi\u017en\u00e9ho voz\u00edka<\/strong><\/h1>\n<p><img loading=\"lazy\" decoding=\"async\" class=\"alignnone wp-image-16964\" src=\"https:\/\/www.hydraulic-cylinders.net\/wp-content\/uploads\/2025\/01\/hcyy11112000-forklift-lifting-cylinder-1.webp\" alt=\"\" width=\"1000\" height=\"345\" srcset=\"https:\/\/www.hydraulic-cylinders.net\/wp-content\/uploads\/2025\/01\/hcyy11112000-forklift-lifting-cylinder-1-980x338.webp 980w, https:\/\/www.hydraulic-cylinders.net\/wp-content\/uploads\/2025\/01\/hcyy11112000-forklift-lifting-cylinder-1-480x166.webp 480w\" sizes=\"(min-width: 0px) and (max-width: 480px) 480px, (min-width: 481px) and (max-width: 980px) 980px, (min-width: 981px) 1000px, 100vw\" \/><\/p>\n<p>Zdv\u00edhac\u00ed valec vysokozdvi\u017en\u00e9ho voz\u00edka HCYY11112000 je k\u013e\u00fa\u010dov\u00fdm komponentom pre prev\u00e1dzku vysokozdvi\u017en\u00e9ho voz\u00edka, ktor\u00fd umo\u017e\u0148uje efekt\u00edvne zdv\u00edhanie a sp\u00fa\u0161\u0165anie \u0165a\u017ek\u00fdch bremien. Tento hydraulick\u00fd valec, navrhnut\u00fd pre odolnos\u0165 a vysok\u00fd v\u00fdkon, v\u00fdrazne zvy\u0161uje produktivitu v r\u00f4znych priemyseln\u00fdch prostrediach.<\/p>\n<p>Ako nevyhnutn\u00fd prvok pre ka\u017ed\u00fa prev\u00e1dzku vysokozdvi\u017en\u00e9ho voz\u00edka sa HCYY11112000 vyzna\u010duje robustnou kon\u0161trukciou a vysokou nosnos\u0165ou, v\u010faka \u010domu je ide\u00e1lnou vo\u013ebou pre odvetvia, ako je skladovanie a stavebn\u00edctvo. Obsluha sa obozn\u00e1mi s jeho funkciami, spr\u00e1vnym pou\u017e\u00edvan\u00edm a po\u017eiadavkami na \u00fadr\u017ebu a zabezpe\u010d\u00ed, \u017ee tento hydraulick\u00fd valec bude poskytova\u0165 spo\u013eahliv\u00fd servis a zvy\u0161ova\u0165 produktivitu po mnoho rokov.<\/p>\n<h2><strong>Parameter zdv\u00edhacieho valca vysokozdvi\u017en\u00e9ho voz\u00edka HCYY11112000:<\/strong><\/h2>\n<h2><img loading=\"lazy\" decoding=\"async\" class=\"alignnone size-full wp-image-16968\" src=\"https:\/\/www.hydraulic-cylinders.net\/wp-content\/uploads\/2025\/01\/hcyy11112000-forklift-lifting-cylinder-5.webp\" alt=\"\" width=\"1517\" height=\"144\" srcset=\"https:\/\/www.hydraulic-cylinders.net\/wp-content\/uploads\/2025\/01\/hcyy11112000-forklift-lifting-cylinder-5.webp 1517w, https:\/\/www.hydraulic-cylinders.net\/wp-content\/uploads\/2025\/01\/hcyy11112000-forklift-lifting-cylinder-5-1280x122.webp 1280w, https:\/\/www.hydraulic-cylinders.net\/wp-content\/uploads\/2025\/01\/hcyy11112000-forklift-lifting-cylinder-5-980x93.webp 980w, https:\/\/www.hydraulic-cylinders.net\/wp-content\/uploads\/2025\/01\/hcyy11112000-forklift-lifting-cylinder-5-480x46.webp 480w\" sizes=\"(min-width: 0px) and (max-width: 480px) 480px, (min-width: 481px) and (max-width: 980px) 980px, (min-width: 981px) and (max-width: 1280px) 1280px, (min-width: 1281px) 1517px, 100vw\" \/><img loading=\"lazy\" decoding=\"async\" class=\"alignnone wp-image-16965\" style=\"color: #666666; font-size: 14px;\" src=\"https:\/\/www.hydraulic-cylinders.net\/wp-content\/uploads\/2025\/01\/hcyy11112000-forklift-lifting-cylinder-2.webp\" alt=\"\" width=\"1000\" height=\"482\" srcset=\"https:\/\/www.hydraulic-cylinders.net\/wp-content\/uploads\/2025\/01\/hcyy11112000-forklift-lifting-cylinder-2-980x472.webp 980w, https:\/\/www.hydraulic-cylinders.net\/wp-content\/uploads\/2025\/01\/hcyy11112000-forklift-lifting-cylinder-2-480x231.webp 480w\" sizes=\"(min-width: 0px) and (max-width: 480px) 480px, (min-width: 481px) and (max-width: 980px) 980px, (min-width: 981px) 1000px, 100vw\" \/><span style=\"color: #666666; font-size: 14px;\">\u00a0<\/span><img loading=\"lazy\" decoding=\"async\" class=\"alignnone wp-image-16966\" style=\"color: #666666; font-size: 14px;\" src=\"https:\/\/www.hydraulic-cylinders.net\/wp-content\/uploads\/2025\/01\/hcyy11112000-forklift-lifting-cylinder-3.webp\" alt=\"\" width=\"1000\" height=\"482\" srcset=\"https:\/\/www.hydraulic-cylinders.net\/wp-content\/uploads\/2025\/01\/hcyy11112000-forklift-lifting-cylinder-3-980x473.webp 980w, https:\/\/www.hydraulic-cylinders.net\/wp-content\/uploads\/2025\/01\/hcyy11112000-forklift-lifting-cylinder-3-480x232.webp 480w\" sizes=\"(min-width: 0px) and (max-width: 480px) 480px, (min-width: 481px) and (max-width: 980px) 980px, (min-width: 981px) 1000px, 100vw\" \/><img loading=\"lazy\" decoding=\"async\" class=\"alignnone size-full wp-image-16967\" src=\"https:\/\/www.hydraulic-cylinders.net\/wp-content\/uploads\/2025\/01\/hcyy11112000-forklift-lifting-cylinder-4.webp\" alt=\"\" width=\"1496\" height=\"774\" srcset=\"https:\/\/www.hydraulic-cylinders.net\/wp-content\/uploads\/2025\/01\/hcyy11112000-forklift-lifting-cylinder-4.webp 1496w, https:\/\/www.hydraulic-cylinders.net\/wp-content\/uploads\/2025\/01\/hcyy11112000-forklift-lifting-cylinder-4-1280x662.webp 1280w, https:\/\/www.hydraulic-cylinders.net\/wp-content\/uploads\/2025\/01\/hcyy11112000-forklift-lifting-cylinder-4-980x507.webp 980w, https:\/\/www.hydraulic-cylinders.net\/wp-content\/uploads\/2025\/01\/hcyy11112000-forklift-lifting-cylinder-4-480x248.webp 480w\" sizes=\"(min-width: 0px) and (max-width: 480px) 480px, (min-width: 481px) and (max-width: 980px) 980px, (min-width: 981px) and (max-width: 1280px) 1280px, (min-width: 1281px) 1496px, 100vw\" \/><\/h2>\n<h2><strong>S\u00e9ria valcov pre vysokozdvi\u017en\u00e9 voz\u00edky:\u00a0<\/strong><\/h2>\n<h2><img loading=\"lazy\" decoding=\"async\" class=\"alignnone size-full wp-image-16971\" src=\"https:\/\/www.hydraulic-cylinders.net\/wp-content\/uploads\/2025\/01\/fork-lift-cylinder.webp\" alt=\"\" width=\"2004\" height=\"2529\" srcset=\"https:\/\/www.hydraulic-cylinders.net\/wp-content\/uploads\/2025\/01\/fork-lift-cylinder.webp 2004w, https:\/\/www.hydraulic-cylinders.net\/wp-content\/uploads\/2025\/01\/fork-lift-cylinder-1280x1615.webp 1280w, https:\/\/www.hydraulic-cylinders.net\/wp-content\/uploads\/2025\/01\/fork-lift-cylinder-980x1237.webp 980w, https:\/\/www.hydraulic-cylinders.net\/wp-content\/uploads\/2025\/01\/fork-lift-cylinder-480x606.webp 480w\" sizes=\"(min-width: 0px) and (max-width: 480px) 480px, (min-width: 481px) and (max-width: 980px) 980px, (min-width: 981px) and (max-width: 1280px) 1280px, (min-width: 1281px) 2004px, 100vw\" \/><\/h2>\n<h2><strong>K\u013e\u00fa\u010dov\u00e9 vlastnosti zdv\u00edhacieho valca vysokozdvi\u017en\u00e9ho voz\u00edka HCYY11112000:<\/strong><\/h2>\n<p>Zdv\u00edhac\u00ed valec pre vysokozdvi\u017en\u00fd voz\u00edk HCYY11112000 je navrhnut\u00fd s nieko\u013ek\u00fdmi vynikaj\u00facimi vlastnos\u0165ami, ktor\u00e9 zvy\u0161uj\u00fa jeho v\u00fdkon a spo\u013eahlivos\u0165 v n\u00e1ro\u010dn\u00fdch priemyseln\u00fdch prostrediach.<\/p>\n<h4><strong>Vysok\u00e1 nosnos\u0165<\/strong><\/h4>\n<p>HCYY11112000, navrhnut\u00fd pre n\u00e1ro\u010dn\u00e9 aplik\u00e1cie, dok\u00e1\u017ee bez n\u00e1mahy manipulova\u0165 so zna\u010dn\u00fdmi hmotnos\u0165ami. T\u00e1to vysok\u00e1 nosnos\u0165 zabezpe\u010duje, \u017ee oper\u00e1tori m\u00f4\u017eu s istotou zdv\u00edha\u0165 a prepravova\u0165 ve\u013ek\u00e9 materi\u00e1ly, v\u010faka \u010domu je neocenite\u013en\u00fdm n\u00e1strojom v skladoch, na stavb\u00e1ch a vo v\u00fdrobn\u00fdch z\u00e1vodoch.<\/p>\n<h4><strong>Odoln\u00e1 kon\u0161trukcia<\/strong><\/h4>\n<p>T\u00e1to f\u013ea\u0161a je vyroben\u00e1 z vysokopevnostn\u00fdch materi\u00e1lov a p\u00fd\u0161i sa v\u00fdnimo\u010dnou odolnos\u0165ou. Jej robustn\u00e1 kon\u0161trukcia odol\u00e1va opotrebovaniu, \u010do jej umo\u017e\u0148uje odol\u00e1va\u0165 n\u00e1ro\u010dn\u00fdm ka\u017edodenn\u00fdm po\u017eiadavk\u00e1m. T\u00e1to odolnos\u0165 sa premieta do dlh\u0161ej \u017eivotnosti, \u010d\u00edm sa zni\u017euje potreba \u010dast\u00fdch v\u00fdmen a minimalizuj\u00fa sa prev\u00e1dzkov\u00e9 n\u00e1klady.<\/p>\n<h4><strong>Presn\u00e9 in\u017einierstvo<\/strong><\/h4>\n<p>Model HCYY11112000 sa vyzna\u010duje inovat\u00edvnym dizajnom, ktor\u00fd umo\u017e\u0148uje plynul\u00e9 a presn\u00e9 zdv\u00edhanie. Toto prec\u00edzne in\u017einierstvo minimalizuje riziko posunutia bremena a zvy\u0161uje bezpe\u010dnos\u0165 po\u010das prev\u00e1dzky. Obsluha sa m\u00f4\u017ee spo\u013eahn\u00fa\u0165 na tento valec, \u017ee \u200b\u200bsi udr\u017e\u00ed stabilitu, a to aj pri zdv\u00edhan\u00ed nerovn\u00fdch alebo objemn\u00fdch bremien.<\/p>\n<h4><strong>Odolnos\u0165 proti kor\u00f3zii<\/strong><\/h4>\n<p>V n\u00e1ro\u010dnom prostred\u00ed m\u00f4\u017ee vystavenie vlhkosti a agres\u00edvnym chemik\u00e1li\u00e1m vies\u0165 k pred\u010dasn\u00e9mu opotrebovaniu. HCYY11112000 je vybaven\u00fd \u0161peci\u00e1lnymi n\u00e1termi, ktor\u00e9 poskytuj\u00fa \u00fa\u010dinn\u00fa ochranu proti hrdzi a kor\u00f3zii. T\u00e1to funkcia zais\u0165uje spo\u013eahliv\u00fa prev\u00e1dzku a predl\u017euje \u017eivotnos\u0165 valca bez oh\u013eadu na podmienky, ktor\u00fdm \u010del\u00ed.<\/p>\n<h4><strong>Efekt\u00edvna prev\u00e1dzka<\/strong><\/h4>\n<p>Optimalizovan\u00e1 kon\u0161trukcia hydraulick\u00e9ho prietoku zvy\u0161uje r\u00fdchlos\u0165 zdv\u00edhania a \u00fa\u010dinnos\u0165 modelu HCYY11112000. T\u00e1to premyslen\u00e1 kon\u0161trukcia zni\u017euje prestoje, \u010do umo\u017e\u0148uje oper\u00e1torom vykon\u00e1va\u0165 \u00falohy r\u00fdchlej\u0161ie a efekt\u00edvnej\u0161ie. Zv\u00fd\u0161en\u00fd v\u00fdkon nielen \u0161etr\u00ed \u010das, ale tie\u017e zvy\u0161uje celkov\u00fa produktivitu v r\u00fdchlo sa meniacom pracovnom prostred\u00ed.<\/p>\n<h4><strong>V\u0161estrann\u00e9 pou\u017eitie<\/strong><\/h4>\n<p>HCYY11112000 je dostato\u010dne v\u0161estrann\u00fd na pou\u017eitie v r\u00f4znych aplik\u00e1ci\u00e1ch, od zdv\u00edhania \u0165a\u017ek\u00fdch priemyseln\u00fdch komponentov a\u017e po manipul\u00e1ciu s paletami v sklade. Jeho prisp\u00f4sobivos\u0165 z neho rob\u00ed preferovan\u00fa vo\u013ebu vo viacer\u00fdch odvetviach, \u010do zabezpe\u010duje, \u017ee sp\u013a\u0148a rozmanit\u00e9 potreby oper\u00e1torov.<\/p>\n<h4><strong>Jednoduch\u00e1 in\u0161tal\u00e1cia a \u00fadr\u017eba<\/strong><\/h4>\n<p>HCYY11112000, navrhnut\u00fd s oh\u013eadom na u\u017e\u00edvate\u013esk\u00fa pr\u00edvetivos\u0165, umo\u017e\u0148uje jednoduch\u00fa in\u0161tal\u00e1ciu a \u00fadr\u017ebu. Oper\u00e1tori ho m\u00f4\u017eu r\u00fdchlo nastavi\u0165 a vykon\u00e1va\u0165 pravideln\u00e9 kontroly, \u010d\u00edm zabezpe\u010duj\u00fa bezprobl\u00e9mov\u00fa funk\u010dnos\u0165 bez rozsiahlych prestojov.<\/p>\n<p>V\u010faka svojim p\u00f4sobiv\u00fdm vlastnostiam zdv\u00edhac\u00ed valec pre vysokozdvi\u017en\u00fd voz\u00edk HCYY11112000 nielen zvy\u0161uje \u00fa\u010dinnos\u0165 zdv\u00edhania, ale aj zvy\u0161uje \u0161tandardy bezpe\u010dnosti a odolnosti. Invest\u00edciou do tohto vysokov\u00fdkonn\u00e9ho valca m\u00f4\u017eu priemyseln\u00e9 odvetvia zv\u00fd\u0161i\u0165 produktivitu a zabezpe\u010di\u0165 spo\u013eahliv\u00fa prev\u00e1dzku po cel\u00e9 roky.<\/p>\n<h2><strong>Ak\u00e9 k\u013e\u00fa\u010dov\u00e9 postupy \u00fadr\u017eby pom\u00e1haj\u00fa pred\u013a\u017ei\u0165 \u017eivotnos\u0165 zdv\u00edhacieho valca vysokozdvi\u017en\u00e9ho voz\u00edka?<\/strong><\/h2>\n<p>To significantly extend the life of a forklift lifting cylinder, it&#8217;s essential to adopt a proactive maintenance approach. Here are some key practices that not only enhance longevity but also ensure safe and efficient operations:<\/p>\n<h4><strong>1. Pravideln\u00e9 kontroly<\/strong><\/h4>\n<ul>\n<li><strong>Pre\u010do je to d\u00f4le\u017eit\u00e9<\/strong>\u010cast\u00e9 kontroly s\u00fa k\u013e\u00fa\u010dov\u00e9 pre v\u010dasn\u00fa identifik\u00e1ciu opotrebovania, netesnost\u00ed alebo po\u0161kodenia. Odhalenie t\u00fdchto probl\u00e9mov sk\u00f4r, ako sa zhor\u0161ia, m\u00f4\u017ee u\u0161etri\u0165 n\u00e1klady na opravy a prestoje.<\/li>\n<li><strong>Tip<\/strong>Vytvorte kontroln\u00fd zoznam na systematick\u00fa kontrolu v\u0161etk\u00fdch komponentov vr\u00e1tane had\u00edc, tesnen\u00ed a samotnej f\u013ea\u0161e.<\/li>\n<\/ul>\n<h4><strong>2. Kontroly hydraulickej kvapaliny<\/strong><\/h4>\n<ul>\n<li><strong>Pre\u010do je to d\u00f4le\u017eit\u00e9<\/strong>Hydraulick\u00e1 kvapalina sl\u00fa\u017ei ako krv zdv\u00edhacieho valca a umo\u017e\u0148uje plynul\u00fd chod. Udr\u017eiavanie spr\u00e1vnej hladiny a kvality kvapaliny je nevyhnutn\u00e9 pre optim\u00e1lny v\u00fdkon.<\/li>\n<li><strong>Tip<\/strong>Pravidelne kontrolujte zne\u010distenie a vymie\u0148ajte kvapalinu pod\u013ea odpor\u00fa\u010dan\u00ed v\u00fdrobcu.<\/li>\n<\/ul>\n<h4><strong>3. \u00dadr\u017eba tesnenia<\/strong><\/h4>\n<ul>\n<li><strong>Pre\u010do je to d\u00f4le\u017eit\u00e9<\/strong>Tesnenia zohr\u00e1vaj\u00fa k\u013e\u00fa\u010dov\u00fa \u00falohu v prevencii \u00fanikov a udr\u017eiavan\u00ed tlaku vo valci. Opotrebovan\u00e9 alebo po\u0161koden\u00e9 tesnenia m\u00f4\u017eu vies\u0165 k probl\u00e9mom s v\u00fdkonom a bezpe\u010dnostn\u00fdm rizik\u00e1m.<\/li>\n<li><strong>Tip<\/strong>Tesnenia kontrolujte po\u010das pravideln\u00fdch kontrol a v\u010das ich vyme\u0148te, aby ste predi\u0161li z\u00e1va\u017enej\u0161\u00edm probl\u00e9mom.<\/li>\n<\/ul>\n<h4><strong>4. \u010cistenie<\/strong><\/h4>\n<ul>\n<li><strong>Pre\u010do je to d\u00f4le\u017eit\u00e9<\/strong>Udr\u017eiavanie valca a okolit\u00fdch oblast\u00ed bez ne\u010dist\u00f4t a \u00falomkov je nevyhnutn\u00e9 na zabr\u00e1nenie kontamin\u00e1cie a zabezpe\u010denie bezprobl\u00e9movej prev\u00e1dzky.<\/li>\n<li><strong>Tip<\/strong>: Pou\u017e\u00edvajte m\u00e4kk\u00fa handri\u010dku a vhodn\u00e9 \u010distiace prostriedky, aby ste predi\u0161li po\u0161kodeniu povrchu a z\u00e1rove\u0148 zabezpe\u010dili, \u017ee oblas\u0165 zostane \u010dist\u00e1.<\/li>\n<\/ul>\n<h4><strong>5. Mazanie<\/strong><\/h4>\n<ul>\n<li><strong>Pre\u010do je to d\u00f4le\u017eit\u00e9<\/strong>Spr\u00e1vne mazanie pohybliv\u00fdch \u010dast\u00ed zni\u017euje trenie a opotrebovanie, \u010do m\u00f4\u017ee pred\u013a\u017ei\u0165 \u017eivotnos\u0165 valca.<\/li>\n<li><strong>Tip<\/strong>Dodr\u017eiavajte pokyny v\u00fdrobcu t\u00fdkaj\u00face sa maz\u00edv a zabezpe\u010dte, aby boli v\u0161etky pohybliv\u00e9 \u010dasti dostato\u010dne servisovan\u00e9.<\/li>\n<\/ul>\n<h4><strong>6. Riadenie z\u00e1\u0165a\u017ee<\/strong><\/h4>\n<ul>\n<li><strong>Pre\u010do je to d\u00f4le\u017eit\u00e9<\/strong>Prev\u00e1dzka v r\u00e1mci stanovenej nosnosti je k\u013e\u00fa\u010dov\u00e1 pre bezpe\u010dnos\u0165 a \u00fa\u010dinnos\u0165. Pre\u0165a\u017eenie m\u00f4\u017ee vies\u0165 k mechanick\u00e9mu po\u0161kodeniu a zv\u00fd\u0161en\u00e9mu opotrebovaniu.<\/li>\n<li><strong>Tip<\/strong>V\u017edy si uvedomujte limity za\u0165a\u017eenia a prev\u00e1dzkovatelia vlakov by si mali uvedomi\u0165 d\u00f4le\u017eitos\u0165 ich dodr\u017eiavania.<\/li>\n<\/ul>\n<h4><strong>7. Profesion\u00e1lny servis<\/strong><\/h4>\n<ul>\n<li><strong>Pre\u010do je to d\u00f4le\u017eit\u00e9<\/strong>Zapojenie odborn\u00edkov do pravideln\u00fdch kontrol \u00fadr\u017eby m\u00f4\u017ee pom\u00f4c\u0165 identifikova\u0165 potenci\u00e1lne probl\u00e9my, ktor\u00e9 nemusia by\u0165 zjavn\u00e9 po\u010das be\u017en\u00fdch kontrol.<\/li>\n<li><strong>Tip<\/strong>: S certifikovan\u00fdm technikom si vypracujte pl\u00e1n \u00fadr\u017eby, aby ste zabezpe\u010dili, \u017ee v\u0161etky komponenty s\u00fa v perfektnom stave.<\/li>\n<\/ul>\n<p>Za\u010dlenen\u00edm t\u00fdchto z\u00e1kladn\u00fdch postupov \u00fadr\u017eby do v\u00e1\u0161ho be\u017en\u00e9ho re\u017eimu pred\u013a\u017eite \u017eivotnos\u0165 zdv\u00edhacieho valca v\u00e1\u0161ho vysokozdvi\u017en\u00e9ho voz\u00edka a zlep\u0161\u00edte bezpe\u010dnos\u0165 a efektivitu vo v\u0161etk\u00fdch prev\u00e1dzkach. Dobre udr\u017eiavan\u00fd zdv\u00edhac\u00ed valec m\u00f4\u017ee vies\u0165 k zv\u00fd\u0161eniu produktivity, zn\u00ed\u017eeniu prev\u00e1dzkov\u00fdch n\u00e1kladov a bezpe\u010dnej\u0161iemu pracovisku, v\u010faka \u010domu sa tieto postupy oplatia!<\/p>\n<h2><strong>V\u00fdrobn\u00e1 oblas\u0165 valcov pre vysokozdvi\u017en\u00e9 voz\u00edky:<\/strong><\/h2>\n<h2><img loading=\"lazy\" decoding=\"async\" class=\"alignnone size-full wp-image-16972\" src=\"https:\/\/www.hydraulic-cylinders.net\/wp-content\/uploads\/2025\/01\/hydraulic-cylinder-factory-1-scaled.webp\" alt=\"\" width=\"2016\" height=\"2560\" srcset=\"https:\/\/www.hydraulic-cylinders.net\/wp-content\/uploads\/2025\/01\/hydraulic-cylinder-factory-1-scaled.webp 2016w, https:\/\/www.hydraulic-cylinders.net\/wp-content\/uploads\/2025\/01\/hydraulic-cylinder-factory-1-1280x1625.webp 1280w, https:\/\/www.hydraulic-cylinders.net\/wp-content\/uploads\/2025\/01\/hydraulic-cylinder-factory-1-980x1244.webp 980w, https:\/\/www.hydraulic-cylinders.net\/wp-content\/uploads\/2025\/01\/hydraulic-cylinder-factory-1-480x610.webp 480w\" sizes=\"(min-width: 0px) and (max-width: 480px) 480px, (min-width: 481px) and (max-width: 980px) 980px, (min-width: 981px) and (max-width: 1280px) 1280px, (min-width: 1281px) 2016px, 100vw\" \/><\/h2>\n<p>Disponujeme prvotriednou nez\u00e1vislou v\u00fdskumnou a v\u00fdvojovou platformou pre mont\u00e1\u017e. Diel\u0148a na v\u00fdrobu valcov pre vysokozdvi\u017en\u00e9 voz\u00edky m\u00e1 \u0161tyri poloautomatick\u00e9 mont\u00e1\u017ene linky na zdv\u00edhacie valce a plne automatick\u00fa mont\u00e1\u017enu linku nakl\u00e1pac\u00edch valcov s projektovanou ro\u010dnou v\u00fdrobnou kapacitou mili\u00f3na kusov. Diel\u0148a na v\u00fdrobu \u0161peci\u00e1lnych valcov m\u00e1 poloautomatick\u00e9 \u010distiace a mont\u00e1\u017ene syst\u00e9my r\u00f4znych \u0161pecifik\u00e1ci\u00ed s projektovanou ro\u010dnou v\u00fdrobnou kapacitou 200 000 kusov. Je vybaven\u00e1 CNC obr\u00e1bac\u00edmi zariadeniami zn\u00e1mych zna\u010diek, obr\u00e1bac\u00edmi centrami, \u0161peci\u00e1lnymi zariadeniami na vysoko presn\u00e9 spracovanie valcov, robotick\u00fdmi zv\u00e1rac\u00edmi strojmi, automatick\u00fdmi \u010distiacimi strojmi, automatick\u00fdmi mont\u00e1\u017enymi strojmi na valce a automatick\u00fdmi linkami na v\u00fdrobu farieb. M\u00e1me v prev\u00e1dzke viac ako 300 s\u00e1d k\u013e\u00fa\u010dov\u00fdch zariaden\u00ed. Optimalizovan\u00e9 pride\u013eovanie a efekt\u00edvne vyu\u017e\u00edvanie zdrojov zariaden\u00ed zabezpe\u010duje presn\u00e9 po\u017eiadavky na v\u00fdrobky a sp\u013a\u0148a vysok\u00e9 \u0161tandardy kvality v\u00fdrobkov.<\/p>\n<p>Obr\u00e1bacia diel\u0148a je vybaven\u00e1 s\u00fastru\u017en\u00edckymi centrami s nakl\u00e1pac\u00edmi vodiacimi ko\u013eajnicami vyroben\u00fdmi na mieru, obr\u00e1bac\u00edmi centrami, vysokor\u00fdchlostn\u00fdmi honovac\u00edmi strojmi, zv\u00e1rac\u00edmi robotmi a \u010fal\u0161\u00edm relevantn\u00fdm zariaden\u00edm, ktor\u00e9 dok\u00e1\u017eu obr\u00e1ba\u0165 valcov\u00e9 r\u00fary s maxim\u00e1lnym vn\u00fatorn\u00fdm priemerom 400 mm a maxim\u00e1lnou d\u013a\u017ekou 6 metrov.<\/p>\n<h2><img loading=\"lazy\" decoding=\"async\" class=\"alignnone size-full wp-image-16973\" src=\"https:\/\/www.hydraulic-cylinders.net\/wp-content\/uploads\/2025\/01\/hydraulic-cylinder-factory-2-scaled.webp\" alt=\"\" width=\"2011\" height=\"2560\" srcset=\"https:\/\/www.hydraulic-cylinders.net\/wp-content\/uploads\/2025\/01\/hydraulic-cylinder-factory-2-scaled.webp 2011w, https:\/\/www.hydraulic-cylinders.net\/wp-content\/uploads\/2025\/01\/hydraulic-cylinder-factory-2-1280x1629.webp 1280w, https:\/\/www.hydraulic-cylinders.net\/wp-content\/uploads\/2025\/01\/hydraulic-cylinder-factory-2-980x1248.webp 980w, https:\/\/www.hydraulic-cylinders.net\/wp-content\/uploads\/2025\/01\/hydraulic-cylinder-factory-2-480x611.webp 480w\" sizes=\"(min-width: 0px) and (max-width: 480px) 480px, (min-width: 481px) and (max-width: 980px) 980px, (min-width: 981px) and (max-width: 1280px) 1280px, (min-width: 1281px) 2011px, 100vw\" \/><\/h2>\n<p>Disponujeme plne automatickou linkou na nan\u00e1\u0161anie farieb na vodnej b\u00e1ze pre mal\u00e9 a stredn\u00e9 valce, ktor\u00e1 realizuje automatick\u00e9 nakladanie a vykladanie a automatick\u00e9 striekacie roboty s projektovanou v\u00fdrobnou kapacitou 4000 miest za smenu. M\u00e1me \u010fal\u0161iu poloautomatick\u00fa lakovaciu linku pre ve\u013ek\u00e9 valce poh\u00e1\u0148an\u00fa re\u0165azou s projektovanou kapacitou 60 prepraviek za smenu.<\/p>\n<p>S cie\u013eom \u010falej zlep\u0161i\u0165 v\u00fdkonnos\u0165 na\u0161ich produktov a upevni\u0165 si ved\u00facu poz\u00edciu na\u0161ich hydraulick\u00fdch valcov v tomto odvetv\u00ed sme spolo\u010dne so spolo\u010dnos\u0165ou zjimee zalo\u017eili komplexn\u00e9 laborat\u00f3rium pre hydraulick\u00e9 valce, hydraulick\u00e9 ventily a hydraulick\u00e9 \u010derpadl\u00e1. Laborat\u00f3rium vyu\u017e\u00edva po\u010d\u00edta\u010dom podporovan\u00e9 testovanie s vyu\u017eit\u00edm elektrohydraulickej technol\u00f3gie, pri\u010dom testovacie podmienky s\u00fa prednastaven\u00e9 po\u010d\u00edta\u010dom, \u010do zlep\u0161uje presnos\u0165 testu a v\u0161estrannos\u0165 syst\u00e9mu, ako aj experiment\u00e1lne \u00fadaje.<\/p>\n<p>Automatick\u00fd zber sa realizuje pomocou senzorov a v\u00fdstupn\u00e9 \u00fadaje, ako napr\u00edklad vn\u00fatorn\u00fd \u00fanik a \u00fa\u010dinnos\u0165 za\u0165a\u017eenia valca alebo ventilu, s\u00fa priamo spracov\u00e1van\u00e9 po\u010d\u00edta\u010dom a prev\u00e1dzan\u00e9 na \u0161tandardn\u00e9 jednotky (ml\/min%). Z\u00e1rove\u0148 sa na zaistenie prev\u00e1dzkovej bezpe\u010dnosti hydraulick\u00e9ho syst\u00e9mu vykon\u00e1va funkcia monitorovania stavu k\u013e\u00fa\u010dov\u00fdch v\u00fdkonnostn\u00fdch parametrov, ako je \u201emonitorovanie teploty oleja, monitorovanie hladiny kvapaliny, monitorovanie filtra\u010dn\u00e9ho zariadenia\u201c at\u010f. Okrem in\u00e9ho, \u200b\u200bsk\u00fa\u0161obn\u00fd stojan hydraulick\u00fdch valcov dok\u00e1\u017ee testova\u0165 v\u00fdkon \u201eza\u0165a\u017eenia\u201c.<br \/>\n\u00fa\u010dinnos\u0165 \u201ea\u201c vn\u00fatorn\u00e1 netesnos\u0165\u201c nameran\u00fdmi hodnotami. Z\u00e1rove\u0148 je vybaven\u00fd merac\u00edm pr\u00edstrojom s mrie\u017ekov\u00fdm prav\u00edtkom, ktor\u00fd sp\u013a\u0148a po\u017eiadavky v\u0161etk\u00fdch testovan\u00fdch polo\u017eiek hydraulick\u00fdch valcov pod\u013ea n\u00e1rodnej normy.<\/p>","protected":false},"excerpt":{"rendered":"<p>HCYY11112000 Forklift Lifting Cylinder The HCYY11112000 Forklift Lifting Cylinder is a crucial component for forklift operations, facilitating the efficient lifting and lowering of heavy loads. Engineered for durability and high performance, this hydraulic cylinder significantly boosts productivity across various industrial environments. As an essential asset for any forklift operation, the HCYY11112000 features a robust design [&hellip;]<\/p>","protected":false},"featured_media":16974,"comment_status":"open","ping_status":"closed","template":"","meta":{"_et_pb_use_builder":"","_et_pb_old_content":"","_et_gb_content_width":""},"product_brand":[],"product_cat":[1484,1549],"product_tag":[],"class_list":{"0":"post-16960","1":"product","2":"type-product","3":"status-publish","4":"has-post-thumbnail","6":"product_cat-forklift-hydraulic-cylinders","7":"product_cat-single-acting-hydraulic-cylinder","9":"first","10":"instock","11":"shipping-taxable","12":"product-type-simple"},"amp_enabled":true,"_links":{"self":[{"href":"https:\/\/www.hydraulic-cylinders.net\/sk\/wp-json\/wp\/v2\/product\/16960","targetHints":{"allow":["GET"]}}],"collection":[{"href":"https:\/\/www.hydraulic-cylinders.net\/sk\/wp-json\/wp\/v2\/product"}],"about":[{"href":"https:\/\/www.hydraulic-cylinders.net\/sk\/wp-json\/wp\/v2\/types\/product"}],"replies":[{"embeddable":true,"href":"https:\/\/www.hydraulic-cylinders.net\/sk\/wp-json\/wp\/v2\/comments?post=16960"}],"wp:featuredmedia":[{"embeddable":true,"href":"https:\/\/www.hydraulic-cylinders.net\/sk\/wp-json\/wp\/v2\/media\/16974"}],"wp:attachment":[{"href":"https:\/\/www.hydraulic-cylinders.net\/sk\/wp-json\/wp\/v2\/media?parent=16960"}],"wp:term":[{"taxonomy":"product_brand","embeddable":true,"href":"https:\/\/www.hydraulic-cylinders.net\/sk\/wp-json\/wp\/v2\/product_brand?post=16960"},{"taxonomy":"product_cat","embeddable":true,"href":"https:\/\/www.hydraulic-cylinders.net\/sk\/wp-json\/wp\/v2\/product_cat?post=16960"},{"taxonomy":"product_tag","embeddable":true,"href":"https:\/\/www.hydraulic-cylinders.net\/sk\/wp-json\/wp\/v2\/product_tag?post=16960"}],"curies":[{"name":"pracovn\u00fd list","href":"https:\/\/api.w.org\/{rel}","templated":true}]}}