{"id":16975,"date":"2025-01-21T08:40:18","date_gmt":"2025-01-21T08:40:18","guid":{"rendered":"https:\/\/www.hydraulic-cylinders.net\/?post_type=product&#038;p=16975"},"modified":"2025-04-11T03:15:42","modified_gmt":"2025-04-11T03:15:42","slug":"hcyy11112001-forklift-tilt-cylinder","status":"publish","type":"product","link":"https:\/\/www.hydraulic-cylinders.net\/sk\/produkt\/hcyy11112001-forklift-tilt-cylinder\/","title":{"rendered":"HCYY11112001 Nakl\u00e1pac\u00ed valec vysokozdvi\u017en\u00e9ho voz\u00edka"},"content":{"rendered":"<h1 style=\"text-align: center;\"><strong>HCYY11112001 Nakl\u00e1pac\u00ed valec vysokozdvi\u017en\u00e9ho voz\u00edka<\/strong><\/h1>\n<h1 style=\"text-align: center;\"><strong><img loading=\"lazy\" decoding=\"async\" class=\"alignnone size-full wp-image-16977\" src=\"https:\/\/www.hydraulic-cylinders.net\/wp-content\/uploads\/2025\/01\/hcyy11112001-forklift-lifting-cylinder-2.webp\" alt=\"\" width=\"1500\" height=\"517\" srcset=\"https:\/\/www.hydraulic-cylinders.net\/wp-content\/uploads\/2025\/01\/hcyy11112001-forklift-lifting-cylinder-2.webp 1500w, https:\/\/www.hydraulic-cylinders.net\/wp-content\/uploads\/2025\/01\/hcyy11112001-forklift-lifting-cylinder-2-1280x441.webp 1280w, https:\/\/www.hydraulic-cylinders.net\/wp-content\/uploads\/2025\/01\/hcyy11112001-forklift-lifting-cylinder-2-980x338.webp 980w, https:\/\/www.hydraulic-cylinders.net\/wp-content\/uploads\/2025\/01\/hcyy11112001-forklift-lifting-cylinder-2-480x165.webp 480w\" sizes=\"(min-width: 0px) and (max-width: 480px) 480px, (min-width: 481px) and (max-width: 980px) 980px, (min-width: 981px) and (max-width: 1280px) 1280px, (min-width: 1281px) 1500px, 100vw\" \/><\/strong><\/h1>\n<p>Nakl\u00e1pac\u00ed valec pre vysokozdvi\u017en\u00fd voz\u00edk HCYY11112001 je nevyhnutn\u00fdm n\u00e1strojom pre ka\u017ed\u00fd vysokozdvi\u017en\u00fd voz\u00edk, ktor\u00fd v\u00fdrazne zvy\u0161uje prev\u00e1dzkov\u00fa efektivitu. Tento vysokov\u00fdkonn\u00fd nakl\u00e1pac\u00ed valec zais\u0165uje plynul\u00e9 a presn\u00e9 nakl\u00e1\u0148anie ramien vidl\u00edc, \u010do umo\u017e\u0148uje obsluhe manipulova\u0165 s bremenami bez n\u00e1mahy a presne. \u010ci u\u017e ste v ru\u0161nom sklade, na stavenisku alebo riadite distribu\u010dn\u00e9 centrum, tento nakl\u00e1pac\u00ed valec je k\u013e\u00fa\u010dom k bezprobl\u00e9mov\u00fdm zdv\u00edhac\u00edm a stohovac\u00edm oper\u00e1ci\u00e1m.<\/p>\n<p>Navrhnut\u00fd s oh\u013eadom na robustnos\u0165, nakl\u00e1pac\u00ed valec pre vysokozdvi\u017en\u00fd voz\u00edk HCYY11112001 vynik\u00e1 svojou p\u00f4sobivou nosnos\u0165ou a spo\u013eahliv\u00fdm v\u00fdkonom. Nie je to len komponent; je to prelomov\u00fd prvok v produktivite v r\u00f4znych aplik\u00e1ci\u00e1ch. Dodr\u017eiavan\u00edm spr\u00e1vnych met\u00f3d pou\u017e\u00edvania a postupov \u00fadr\u017eby m\u00f4\u017eete udr\u017ea\u0165 tento nakl\u00e1pac\u00ed valec v najlep\u0161om stave, \u010d\u00edm zv\u00fd\u0161ite bezpe\u010dnos\u0165 aj efektivitu prev\u00e1dzky v\u00e1\u0161ho vysokozdvi\u017en\u00e9ho voz\u00edka.<\/p>\n<p>Invest\u00edcia do \u0161pi\u010dkov\u00fdch komponentov, ako je HCYY11112001, nielen\u017ee zvy\u0161uje v\u00fdkon v\u00e1\u0161ho vysokozdvi\u017en\u00e9ho voz\u00edka, ale aj predl\u017euje \u017eivotnos\u0165 v\u00e1\u0161ho zariadenia. Za\u017eite rozdiel, ktor\u00fd prin\u00e1\u0161a kvalita, a zaistite si hladk\u00fd priebeh prev\u00e1dzky s t\u00fdmto nepostr\u00e1date\u013en\u00fdm nakl\u00e1pac\u00edm valcom!<\/p>\n<h2><strong> Parameter nakl\u00e1pacieho valca vysokozdvi\u017en\u00e9ho voz\u00edka HCYY11112001:<\/strong><\/h2>\n<h1 style=\"text-align: center;\"><strong><img loading=\"lazy\" decoding=\"async\" class=\"alignnone size-full wp-image-16976\" src=\"https:\/\/www.hydraulic-cylinders.net\/wp-content\/uploads\/2025\/01\/hcyy11112001-forklift-lifting-cylinder-1.webp\" alt=\"\" width=\"1512\" height=\"145\" srcset=\"https:\/\/www.hydraulic-cylinders.net\/wp-content\/uploads\/2025\/01\/hcyy11112001-forklift-lifting-cylinder-1.webp 1512w, https:\/\/www.hydraulic-cylinders.net\/wp-content\/uploads\/2025\/01\/hcyy11112001-forklift-lifting-cylinder-1-1280x123.webp 1280w, https:\/\/www.hydraulic-cylinders.net\/wp-content\/uploads\/2025\/01\/hcyy11112001-forklift-lifting-cylinder-1-980x94.webp 980w, https:\/\/www.hydraulic-cylinders.net\/wp-content\/uploads\/2025\/01\/hcyy11112001-forklift-lifting-cylinder-1-480x46.webp 480w\" sizes=\"(min-width: 0px) and (max-width: 480px) 480px, (min-width: 481px) and (max-width: 980px) 980px, (min-width: 981px) and (max-width: 1280px) 1280px, (min-width: 1281px) 1512px, 100vw\" \/><\/strong><\/h1>\n<h1 style=\"text-align: center;\"><strong><img loading=\"lazy\" decoding=\"async\" class=\"alignnone size-full wp-image-16978\" src=\"https:\/\/www.hydraulic-cylinders.net\/wp-content\/uploads\/2025\/01\/hcyy11112001-forklift-lifting-cylinder-3.webp\" alt=\"\" width=\"1480\" height=\"709\" srcset=\"https:\/\/www.hydraulic-cylinders.net\/wp-content\/uploads\/2025\/01\/hcyy11112001-forklift-lifting-cylinder-3.webp 1480w, https:\/\/www.hydraulic-cylinders.net\/wp-content\/uploads\/2025\/01\/hcyy11112001-forklift-lifting-cylinder-3-1280x613.webp 1280w, https:\/\/www.hydraulic-cylinders.net\/wp-content\/uploads\/2025\/01\/hcyy11112001-forklift-lifting-cylinder-3-980x469.webp 980w, https:\/\/www.hydraulic-cylinders.net\/wp-content\/uploads\/2025\/01\/hcyy11112001-forklift-lifting-cylinder-3-480x230.webp 480w\" sizes=\"(min-width: 0px) and (max-width: 480px) 480px, (min-width: 481px) and (max-width: 980px) 980px, (min-width: 981px) and (max-width: 1280px) 1280px, (min-width: 1281px) 1480px, 100vw\" \/> <img loading=\"lazy\" decoding=\"async\" class=\"alignnone size-full wp-image-16979\" src=\"https:\/\/www.hydraulic-cylinders.net\/wp-content\/uploads\/2025\/01\/hcyy11112001-forklift-lifting-cylinder-4.webp\" alt=\"\" width=\"1480\" height=\"711\" srcset=\"https:\/\/www.hydraulic-cylinders.net\/wp-content\/uploads\/2025\/01\/hcyy11112001-forklift-lifting-cylinder-4.webp 1480w, https:\/\/www.hydraulic-cylinders.net\/wp-content\/uploads\/2025\/01\/hcyy11112001-forklift-lifting-cylinder-4-1280x615.webp 1280w, https:\/\/www.hydraulic-cylinders.net\/wp-content\/uploads\/2025\/01\/hcyy11112001-forklift-lifting-cylinder-4-980x471.webp 980w, https:\/\/www.hydraulic-cylinders.net\/wp-content\/uploads\/2025\/01\/hcyy11112001-forklift-lifting-cylinder-4-480x231.webp 480w\" sizes=\"(min-width: 0px) and (max-width: 480px) 480px, (min-width: 481px) and (max-width: 980px) 980px, (min-width: 981px) and (max-width: 1280px) 1280px, (min-width: 1281px) 1480px, 100vw\" \/> <img loading=\"lazy\" decoding=\"async\" class=\"alignnone size-full wp-image-16980\" src=\"https:\/\/www.hydraulic-cylinders.net\/wp-content\/uploads\/2025\/01\/hcyy11112001-forklift-lifting-cylinder-5.webp\" alt=\"\" width=\"1496\" height=\"772\" srcset=\"https:\/\/www.hydraulic-cylinders.net\/wp-content\/uploads\/2025\/01\/hcyy11112001-forklift-lifting-cylinder-5.webp 1496w, https:\/\/www.hydraulic-cylinders.net\/wp-content\/uploads\/2025\/01\/hcyy11112001-forklift-lifting-cylinder-5-1280x661.webp 1280w, https:\/\/www.hydraulic-cylinders.net\/wp-content\/uploads\/2025\/01\/hcyy11112001-forklift-lifting-cylinder-5-980x506.webp 980w, https:\/\/www.hydraulic-cylinders.net\/wp-content\/uploads\/2025\/01\/hcyy11112001-forklift-lifting-cylinder-5-480x248.webp 480w\" sizes=\"(min-width: 0px) and (max-width: 480px) 480px, (min-width: 481px) and (max-width: 980px) 980px, (min-width: 981px) and (max-width: 1280px) 1280px, (min-width: 1281px) 1496px, 100vw\" \/><\/strong><\/h1>\n<h2><\/h2>\n<h2><strong>S\u00e9ria valcov pre vysokozdvi\u017en\u00e9 voz\u00edky:\u00a0<\/strong><\/h2>\n<h2><img loading=\"lazy\" decoding=\"async\" class=\"alignnone size-full wp-image-16971\" src=\"https:\/\/www.hydraulic-cylinders.net\/wp-content\/uploads\/2025\/01\/fork-lift-cylinder.webp\" alt=\"\" width=\"2004\" height=\"2529\" srcset=\"https:\/\/www.hydraulic-cylinders.net\/wp-content\/uploads\/2025\/01\/fork-lift-cylinder.webp 2004w, https:\/\/www.hydraulic-cylinders.net\/wp-content\/uploads\/2025\/01\/fork-lift-cylinder-1280x1615.webp 1280w, https:\/\/www.hydraulic-cylinders.net\/wp-content\/uploads\/2025\/01\/fork-lift-cylinder-980x1237.webp 980w, https:\/\/www.hydraulic-cylinders.net\/wp-content\/uploads\/2025\/01\/fork-lift-cylinder-480x606.webp 480w\" sizes=\"(min-width: 0px) and (max-width: 480px) 480px, (min-width: 481px) and (max-width: 980px) 980px, (min-width: 981px) and (max-width: 1280px) 1280px, (min-width: 1281px) 2004px, 100vw\" \/><\/h2>\n<h1><strong>K\u013e\u00fa\u010dov\u00e9 vlastnosti nakl\u00e1pacieho valca vysokozdvi\u017en\u00e9ho voz\u00edka HCYY11112001:<\/strong><\/h1>\n<h4><strong>1. Odoln\u00e1 kon\u0161trukcia<\/strong><\/h4>\n<p>Nakl\u00e1pac\u00ed valec pre vysokozdvi\u017en\u00fd voz\u00edk HCYY11112001 je vyroben\u00fd z prvotriednych materi\u00e1lov a je skon\u0161truovan\u00fd tak, aby odolal n\u00e1ro\u010dn\u00fdm prev\u00e1dzkov\u00fdm podmienkam a n\u00e1ro\u010dn\u00e9mu prostrediu. T\u00e1to robustn\u00e1 kon\u0161trukcia zais\u0165uje, \u017ee valec odol\u00e1 n\u00e1razom, vibr\u00e1ci\u00e1m a extr\u00e9mnym podmienkam, v\u010faka \u010domu je spo\u013eahlivou vo\u013ebou pre ak\u00e9ko\u013evek prev\u00e1dzkov\u00e9 prostredie.<\/p>\n<h4><strong>2. Vysok\u00e1 nosnos\u0165<\/strong><\/h4>\n<p>Tento nakl\u00e1pac\u00ed valec je navrhnut\u00fd s p\u00f4sobivou nosnos\u0165ou a zais\u0165uje maxim\u00e1lnu stabilitu a bezpe\u010dnos\u0165 po\u010das zdv\u00edhac\u00edch oper\u00e1ci\u00ed. Jeho schopnos\u0165 zvl\u00e1dnu\u0165 zna\u010dn\u00e9 bremen\u00e1 znamen\u00e1, \u017ee sa na\u0148 m\u00f4\u017eete spo\u013eahn\u00fa\u0165, \u017ee bude spo\u013eahlivo fungova\u0165, \u010di u\u017e pri stohovan\u00ed paliet v sklade alebo zdv\u00edhan\u00ed materi\u00e1lov na stavenisku.<\/p>\n<h4><strong>3. Plynul\u00e1 prev\u00e1dzka<\/strong><\/h4>\n<p>Model HCYY11112001 sa vyzna\u010duje pokro\u010dilou hydraulickou kon\u0161trukciou, ktor\u00e1 umo\u017e\u0148uje plynul\u00e9 nakl\u00e1\u0148anie. T\u00e1to plynul\u00e1 prev\u00e1dzka zvy\u0161uje presnos\u0165 umiestnenia n\u00e1kladu a prispieva k zv\u00fd\u0161eniu celkovej produktivity. Obsluha m\u00f4\u017ee bez n\u00e1mahy nastavi\u0165 uhol nakl\u00e1\u0148ania, \u010do umo\u017e\u0148uje efekt\u00edvnej\u0161iu manipul\u00e1ciu s r\u00f4znymi materi\u00e1lmi.<\/p>\n<h4><strong>4. Odolnos\u0165 proti kor\u00f3zii<\/strong><\/h4>\n<p>V\u010faka \u0161peci\u00e1lne upraven\u00fdm povrchom je HCYY11112001 navrhnut\u00fd tak, aby odol\u00e1val hrdzi a opotrebovaniu. T\u00e1to odolnos\u0165 vo\u010di kor\u00f3zii v\u00fdrazne predl\u017euje \u017eivotnos\u0165 valca a zabezpe\u010duje, \u017ee si zachov\u00e1 optim\u00e1lny v\u00fdkon aj vo vlhkom alebo chemicky agres\u00edvnom prostred\u00ed. M\u00f4\u017eete sa spo\u013eahn\u00fa\u0165, \u017ee tento komponent bude spo\u013eahlivo fungova\u0165 po mnoho rokov.<\/p>\n<h4><strong>5. Jednoduch\u00e1 in\u0161tal\u00e1cia<\/strong><\/h4>\n<p>V\u010faka jednoduchej in\u0161tal\u00e1cii je HCYY11112001 navrhnut\u00fd tak, aby minimalizoval prestoje a n\u00e1klady na \u00fadr\u017ebu. Intuit\u00edvny dizajn umo\u017e\u0148uje r\u00fdchle nastavenie, tak\u017ee m\u00f4\u017eete svoj vysokozdvi\u017en\u00fd voz\u00edk op\u00e4\u0165 uvies\u0165 do prev\u00e1dzky bez zbyto\u010dn\u00fdch prie\u0165ahov. T\u00e1to jednoduch\u00e1 in\u0161tal\u00e1cia znamen\u00e1 menej probl\u00e9mov a vy\u0161\u0161iu produktivitu pre va\u0161u prev\u00e1dzku.<\/p>\n<h4><strong>6. V\u0161estrann\u00e1 kompatibilita<\/strong><\/h4>\n<p>Model HCYY11112001 je navrhnut\u00fd tak, aby bol kompatibiln\u00fd so \u0161irokou \u0161k\u00e1lou modelov vysokozdvi\u017en\u00fdch voz\u00edkov, v\u010faka \u010domu je v\u0161estrannou vo\u013ebou pre r\u00f4zne aplik\u00e1cie. T\u00e1to prisp\u00f4sobivos\u0165 umo\u017e\u0148uje firm\u00e1m modernizova\u0165 svoje existuj\u00face zariadenia bez ob\u00e1v z probl\u00e9mov s kompatibilitou, \u010d\u00edm sa zabezpe\u010duje bezprobl\u00e9mov\u00e1 integr\u00e1cia do ich vozov\u00e9ho parku.<\/p>\n<h4><strong>7. Vylep\u0161en\u00e9 bezpe\u010dnostn\u00e9 prvky<\/strong><\/h4>\n<p>Tento nakl\u00e1pac\u00ed valec je vybaven\u00fd vstavan\u00fdmi bezpe\u010dnostn\u00fdmi mechanizmami a poskytuje pokoj v du\u0161i po\u010das prev\u00e1dzky. Jeho kon\u0161trukcia zabra\u0148uje neo\u010dak\u00e1van\u00fdm pohybom, \u010d\u00edm zni\u017euje riziko neh\u00f4d a zais\u0165uje, \u017ee bremen\u00e1 zostan\u00fa bezpe\u010dn\u00e9. Uprednost\u0148ovanie bezpe\u010dnosti pom\u00e1ha vytv\u00e1ra\u0165 spo\u013eahlivej\u0161ie pracovn\u00e9 prostredie.<\/p>\n<p>V\u00fdberom nakl\u00e1pacieho valca pre vysokozdvi\u017en\u00fd voz\u00edk HCYY11112001 z\u00edskate v\u00fdhodu produktu, ktor\u00fd kombinuje odolnos\u0165, \u00fa\u010dinnos\u0165 a bezpe\u010dnos\u0165, \u010d\u00edm zabezpe\u010d\u00ed hladk\u00fd a efekt\u00edvny chod v\u00e1\u0161ho vysokozdvi\u017en\u00e9ho voz\u00edka.<\/p>\n<h2><strong>Ako zlep\u0161uje nakl\u00e1pac\u00ed valec vysokozdvi\u017en\u00e9ho voz\u00edka manipul\u00e1ciu s n\u00e1kladom a prev\u00e1dzkov\u00fa efektivitu?<\/strong><\/h2>\n<p>Nakl\u00e1pac\u00ed valec vysokozdvi\u017en\u00e9ho voz\u00edka men\u00ed manipul\u00e1ciu s n\u00e1kladom a zvy\u0161uje prev\u00e1dzkov\u00fa efektivitu. Tu je postup, ako to dosahuje:<\/p>\n<h4>1. <strong>Presn\u00e9 riadenie<\/strong><\/h4>\n<p>Nakl\u00e1pac\u00ed valec umo\u017e\u0148uje obsluhe jemne nastavi\u0165 uhol vidl\u00edc, \u010do umo\u017e\u0148uje d\u00f4kladn\u00e9 umiestnenie bremien. T\u00e1to presnos\u0165 je nevyhnutn\u00e1 na zabr\u00e1nenie p\u00e1du alebo nespr\u00e1vnemu zarovnaniu, najm\u00e4 pri manipul\u00e1cii s \u0165a\u017ek\u00fdmi alebo krehk\u00fdmi predmetmi. Predstavte si, \u017ee umiestnite bremeno presne tam, kam m\u00e1 \u00eds\u0165 \u2013 toto ovl\u00e1danie zvy\u0161uje bezpe\u010dnos\u0165 a zni\u017euje riziko n\u00e1kladn\u00e9ho po\u0161kodenia.<\/p>\n<h4>2. <strong>Zv\u00fd\u0161en\u00e1 stabilita<\/strong><\/h4>\n<p>Valec pom\u00e1ha udr\u017eiava\u0165 ni\u017e\u0161ie \u0165a\u017eisko n\u00e1kladu t\u00fdm, \u017ee umo\u017e\u0148uje obsluhe nakl\u00e1\u0148a\u0165 vidlice. T\u00e1to zv\u00fd\u0161en\u00e1 stabilita je k\u013e\u00fa\u010dov\u00e1 pri zdv\u00edhan\u00ed a preprave, najm\u00e4 v ru\u0161nom prostred\u00ed alebo na nerovnom povrchu. V\u010faka lep\u0161ej stabilite sa v\u00fdrazne minimalizuje pravdepodobnos\u0165 prevr\u00e1tenia alebo k\u00fdvania, \u010do d\u00e1va obsluhe istotu pri ka\u017edom man\u00e9vri.<\/p>\n<h4>3. <strong>Efekt\u00edvne stohovanie<\/strong><\/h4>\n<p>Mo\u017enos\u0165 nakl\u00e1\u0148ania vidl\u00edc u\u013eah\u010duje efekt\u00edvnej\u0161ie stohovanie paliet a materi\u00e1lov. T\u00e1to schopnos\u0165 je obzvl\u00e1\u0161\u0165 v\u00fdhodn\u00e1 pri maximaliz\u00e1cii vertik\u00e1lneho skladovacieho priestoru v skladoch alebo distribu\u010dn\u00fdch centr\u00e1ch. Oper\u00e1tori m\u00f4\u017eu \u013eahko man\u00e9vrova\u0165 s n\u00e1kladmi do \u00fazkych priestorov, \u010d\u00edm maximalizuj\u00fa ka\u017ed\u00fd centimeter dostupn\u00e9ho priestoru a zlep\u0161uj\u00fa celkov\u00fa organiz\u00e1ciu skladu.<\/p>\n<h4>4. <strong>Zn\u00ed\u017een\u00e1 n\u00e1maha oper\u00e1tora<\/strong><\/h4>\n<p>Dobre navrhnut\u00fd nakl\u00e1pac\u00ed valec zni\u017euje fyzick\u00fa n\u00e1mahu obsluhy t\u00fdm, \u017ee umo\u017e\u0148uje optim\u00e1lne umiestnenie bremien s minim\u00e1lnym manu\u00e1lnym z\u00e1sahom. T\u00e1to ergonomick\u00e1 v\u00fdhoda nielen zni\u017euje \u00fanavu obsluhy, ale tie\u017e v\u00fdrazne zni\u017euje riziko \u00farazov na pracovisku. Zv\u00fd\u0161en\u00edm pohodlia umo\u017e\u0148uje obsluhe s\u00fastredi\u0165 sa na dan\u00fa \u00falohu, \u010d\u00edm sa zvy\u0161uje produktivita.<\/p>\n<h4>5. <strong>Zr\u00fdchlen\u00e9 oper\u00e1cie<\/strong><\/h4>\n<p>V\u010faka plynul\u00e9mu a r\u00fdchlemu nastaveniu, ktor\u00e9 zabezpe\u010duj\u00fa nakl\u00e1pacie valce, sa procesy nakladania a vykladania v\u00fdrazne zr\u00fdch\u013euj\u00fa. T\u00e1to efektivita znamen\u00e1 krat\u0161ie \u010dasy obratu, \u010do je nevyhnutn\u00e9 vo vysoko n\u00e1ro\u010dn\u00fdch prostrediach. Predstavte si, o ko\u013eko viac sa d\u00e1 stihn\u00fa\u0165 za jednu smenu, ke\u010f sa po\u010d\u00edta ka\u017ed\u00e1 sekunda!<\/p>\n<h4>6. <strong>V\u0161estrannos\u0165 v manipul\u00e1cii<\/strong><\/h4>\n<p>Nakl\u00e1pacie valce umo\u017e\u0148uj\u00fa vysokozdvi\u017en\u00fdm voz\u00edkom manipulova\u0165 so \u0161irokou \u0161k\u00e1lou bremien vr\u00e1tane bremien s jedine\u010dn\u00fdmi tvarmi alebo ve\u013ekos\u0165ami. T\u00e1to v\u0161estrannos\u0165 eliminuje potrebu \u0161pecializovan\u00e9ho vybavenia pre r\u00f4zne \u00falohy, \u010do umo\u017e\u0148uje firm\u00e1m r\u00fdchlo sa prisp\u00f4sobi\u0165 meniacim sa po\u017eiadavk\u00e1m. \u010ci u\u017e ide o zdv\u00edhanie paliet, kontajnerov alebo materi\u00e1lov s nepravideln\u00fdmi tvarmi, nakl\u00e1pacie valce zais\u0165uj\u00fa bezprobl\u00e9mov\u00fa prev\u00e1dzku.<\/p>\n<h4>7. <strong>Vylep\u0161en\u00e9 bezpe\u010dnostn\u00e9 funkcie<\/strong><\/h4>\n<p>Mnoh\u00e9 modern\u00e9 nakl\u00e1pacie valce s\u00fa vybaven\u00e9 vstavan\u00fdmi bezpe\u010dnostn\u00fdmi mechanizmami, ktor\u00e9 zabra\u0148uj\u00fa neo\u010dak\u00e1van\u00fdm pohybom. T\u00e1to dodato\u010dn\u00e1 vrstva bezpe\u010dnosti poskytuje obsluhe pokoj, preto\u017ee vie, \u017ee bremen\u00e1 zostan\u00fa po\u010das prepravy v bezpe\u010d\u00ed. Bezpe\u010dnej\u0161ie pracovn\u00e9 prostredie zvy\u0161uje celkov\u00fa mor\u00e1lku t\u00edmu a zvy\u0161uje prev\u00e1dzkov\u00fa efektivitu.<\/p>\n<p>Stru\u010dne povedan\u00e9, nakl\u00e1pac\u00ed valec vysokozdvi\u017en\u00e9ho voz\u00edka nie je len komponent; je to prelomov\u00fd prvok v manipul\u00e1cii s materi\u00e1lom. Zv\u00fd\u0161en\u00edm presnosti, stability a v\u0161estrannosti umo\u017e\u0148uje oper\u00e1torom vykon\u00e1va\u0165 svoje \u00falohy efekt\u00edvnej\u0161ie a bezpe\u010dnej\u0161ie. Invest\u00edcia do vysokokvalitn\u00fdch nakl\u00e1pac\u00edch valcov, ako je HCYY11112001, m\u00f4\u017ee vies\u0165 k v\u00fdrazn\u00e9mu zlep\u0161eniu produktivity a bezpe\u010dnosti na pracovisku, \u010d\u00edm sa stan\u00fa neocenite\u013en\u00fdm pr\u00ednosom pre ak\u00fako\u013evek oper\u00e1ciu.<\/p>\n<h2><strong>V\u00fdrobn\u00e1 oblas\u0165 valcov pre vysokozdvi\u017en\u00e9 voz\u00edky:<\/strong><\/h2>\n<h2><img loading=\"lazy\" decoding=\"async\" class=\"alignnone size-full wp-image-16972\" src=\"https:\/\/www.hydraulic-cylinders.net\/wp-content\/uploads\/2025\/01\/hydraulic-cylinder-factory-1-scaled.webp\" alt=\"\" width=\"2016\" height=\"2560\" srcset=\"https:\/\/www.hydraulic-cylinders.net\/wp-content\/uploads\/2025\/01\/hydraulic-cylinder-factory-1-scaled.webp 2016w, https:\/\/www.hydraulic-cylinders.net\/wp-content\/uploads\/2025\/01\/hydraulic-cylinder-factory-1-1280x1625.webp 1280w, https:\/\/www.hydraulic-cylinders.net\/wp-content\/uploads\/2025\/01\/hydraulic-cylinder-factory-1-980x1244.webp 980w, https:\/\/www.hydraulic-cylinders.net\/wp-content\/uploads\/2025\/01\/hydraulic-cylinder-factory-1-480x610.webp 480w\" sizes=\"(min-width: 0px) and (max-width: 480px) 480px, (min-width: 481px) and (max-width: 980px) 980px, (min-width: 981px) and (max-width: 1280px) 1280px, (min-width: 1281px) 2016px, 100vw\" \/><\/h2>\n<p>Disponujeme prvotriednou nez\u00e1vislou v\u00fdskumnou a v\u00fdvojovou platformou pre mont\u00e1\u017e. Diel\u0148a na v\u00fdrobu valcov pre vysokozdvi\u017en\u00e9 voz\u00edky m\u00e1 \u0161tyri poloautomatick\u00e9 mont\u00e1\u017ene linky na zdv\u00edhacie valce a plne automatick\u00fa mont\u00e1\u017enu linku nakl\u00e1pac\u00edch valcov s projektovanou ro\u010dnou v\u00fdrobnou kapacitou mili\u00f3na kusov. Diel\u0148a na v\u00fdrobu \u0161peci\u00e1lnych valcov m\u00e1 poloautomatick\u00e9 \u010distiace a mont\u00e1\u017ene syst\u00e9my r\u00f4znych \u0161pecifik\u00e1ci\u00ed s projektovanou ro\u010dnou v\u00fdrobnou kapacitou 200 000 kusov. Je vybaven\u00e1 CNC obr\u00e1bac\u00edmi zariadeniami zn\u00e1mych zna\u010diek, obr\u00e1bac\u00edmi centrami, \u0161peci\u00e1lnymi zariadeniami na vysoko presn\u00e9 spracovanie valcov, robotick\u00fdmi zv\u00e1rac\u00edmi strojmi, automatick\u00fdmi \u010distiacimi strojmi, automatick\u00fdmi mont\u00e1\u017enymi strojmi na valce a automatick\u00fdmi linkami na v\u00fdrobu farieb. M\u00e1me v prev\u00e1dzke viac ako 300 s\u00e1d k\u013e\u00fa\u010dov\u00fdch zariaden\u00ed. Optimalizovan\u00e9 pride\u013eovanie a efekt\u00edvne vyu\u017e\u00edvanie zdrojov zariaden\u00ed zabezpe\u010duje presn\u00e9 po\u017eiadavky na v\u00fdrobky a sp\u013a\u0148a vysok\u00e9 \u0161tandardy kvality v\u00fdrobkov.<\/p>\n<p>Obr\u00e1bacia diel\u0148a je vybaven\u00e1 s\u00fastru\u017en\u00edckymi centrami s nakl\u00e1pac\u00edmi vodiacimi ko\u013eajnicami vyroben\u00fdmi na mieru, obr\u00e1bac\u00edmi centrami, vysokor\u00fdchlostn\u00fdmi honovac\u00edmi strojmi, zv\u00e1rac\u00edmi robotmi a \u010fal\u0161\u00edm relevantn\u00fdm zariaden\u00edm, ktor\u00e9 dok\u00e1\u017eu obr\u00e1ba\u0165 valcov\u00e9 r\u00fary s maxim\u00e1lnym vn\u00fatorn\u00fdm priemerom 400 mm a maxim\u00e1lnou d\u013a\u017ekou 6 metrov.<\/p>\n<h2><img loading=\"lazy\" decoding=\"async\" class=\"alignnone size-full wp-image-16973\" src=\"https:\/\/www.hydraulic-cylinders.net\/wp-content\/uploads\/2025\/01\/hydraulic-cylinder-factory-2-scaled.webp\" alt=\"\" width=\"2011\" height=\"2560\" srcset=\"https:\/\/www.hydraulic-cylinders.net\/wp-content\/uploads\/2025\/01\/hydraulic-cylinder-factory-2-scaled.webp 2011w, https:\/\/www.hydraulic-cylinders.net\/wp-content\/uploads\/2025\/01\/hydraulic-cylinder-factory-2-1280x1629.webp 1280w, https:\/\/www.hydraulic-cylinders.net\/wp-content\/uploads\/2025\/01\/hydraulic-cylinder-factory-2-980x1248.webp 980w, https:\/\/www.hydraulic-cylinders.net\/wp-content\/uploads\/2025\/01\/hydraulic-cylinder-factory-2-480x611.webp 480w\" sizes=\"(min-width: 0px) and (max-width: 480px) 480px, (min-width: 481px) and (max-width: 980px) 980px, (min-width: 981px) and (max-width: 1280px) 1280px, (min-width: 1281px) 2011px, 100vw\" \/><\/h2>\n<p>Disponujeme plne automatickou linkou na nan\u00e1\u0161anie farieb na vodnej b\u00e1ze pre mal\u00e9 a stredn\u00e9 valce, ktor\u00e1 realizuje automatick\u00e9 nakladanie a vykladanie a automatick\u00e9 striekacie roboty s projektovanou v\u00fdrobnou kapacitou 4000 miest za smenu. M\u00e1me \u010fal\u0161iu poloautomatick\u00fa lakovaciu linku pre ve\u013ek\u00e9 valce poh\u00e1\u0148an\u00fa re\u0165azou s projektovanou kapacitou 60 prepraviek za smenu.<\/p>\n<p>S cie\u013eom \u010falej zlep\u0161i\u0165 v\u00fdkonnos\u0165 na\u0161ich produktov a upevni\u0165 si ved\u00facu poz\u00edciu na\u0161ich hydraulick\u00fdch valcov v tomto odvetv\u00ed sme spolo\u010dne so spolo\u010dnos\u0165ou zjimee zalo\u017eili komplexn\u00e9 laborat\u00f3rium pre hydraulick\u00e9 valce, hydraulick\u00e9 ventily a hydraulick\u00e9 \u010derpadl\u00e1. Laborat\u00f3rium vyu\u017e\u00edva po\u010d\u00edta\u010dom podporovan\u00e9 testovanie s vyu\u017eit\u00edm elektrohydraulickej technol\u00f3gie, pri\u010dom testovacie podmienky s\u00fa prednastaven\u00e9 po\u010d\u00edta\u010dom, \u010do zlep\u0161uje presnos\u0165 testu a v\u0161estrannos\u0165 syst\u00e9mu, ako aj experiment\u00e1lne \u00fadaje.<\/p>\n<p>Automatick\u00fd zber sa realizuje pomocou senzorov a v\u00fdstupn\u00e9 \u00fadaje, ako napr\u00edklad vn\u00fatorn\u00fd \u00fanik a \u00fa\u010dinnos\u0165 za\u0165a\u017eenia valca alebo ventilu, s\u00fa priamo spracov\u00e1van\u00e9 po\u010d\u00edta\u010dom a prev\u00e1dzan\u00e9 na \u0161tandardn\u00e9 jednotky (ml\/min%). Z\u00e1rove\u0148 sa na zaistenie prev\u00e1dzkovej bezpe\u010dnosti hydraulick\u00e9ho syst\u00e9mu vykon\u00e1va funkcia monitorovania stavu k\u013e\u00fa\u010dov\u00fdch v\u00fdkonnostn\u00fdch parametrov, ako je \u201emonitorovanie teploty oleja, monitorovanie hladiny kvapaliny, monitorovanie filtra\u010dn\u00e9ho zariadenia\u201c at\u010f. Okrem in\u00e9ho, \u200b\u200bsk\u00fa\u0161obn\u00fd stojan hydraulick\u00fdch valcov dok\u00e1\u017ee testova\u0165 v\u00fdkon \u201eza\u0165a\u017eenia\u201c.<br \/>\n\u00fa\u010dinnos\u0165 \u201ea\u201c vn\u00fatorn\u00e1 netesnos\u0165\u201c nameran\u00fdmi hodnotami. Z\u00e1rove\u0148 je vybaven\u00fd merac\u00edm pr\u00edstrojom s mrie\u017ekov\u00fdm prav\u00edtkom, ktor\u00fd sp\u013a\u0148a po\u017eiadavky v\u0161etk\u00fdch testovan\u00fdch polo\u017eiek hydraulick\u00fdch valcov pod\u013ea n\u00e1rodnej normy.<\/p>","protected":false},"excerpt":{"rendered":"<p>HCYY11112001 Forklift Tilt Cylinder The HCYY11112001 Forklift Tilt Cylinder is an essential powerhouse for any forklift, significantly boosting operational efficiency. This high-performance tilt cylinder ensures smooth and precise tilting of the fork arms, allowing operators to maneuver loads effortlessly and accurately. Whether you&#8217;re in a bustling warehouse, on a construction site, or managing a distribution [&hellip;]<\/p>","protected":false},"featured_media":16981,"comment_status":"open","ping_status":"closed","template":"","meta":{"_et_pb_use_builder":"","_et_pb_old_content":"","_et_gb_content_width":""},"product_brand":[],"product_cat":[1550,1484,1376],"product_tag":[],"class_list":{"0":"post-16975","1":"product","2":"type-product","3":"status-publish","4":"has-post-thumbnail","6":"product_cat-double-acting-hydraulic-cylinder","7":"product_cat-forklift-hydraulic-cylinders","8":"product_cat-hydraulic-cylinder","10":"first","11":"instock","12":"shipping-taxable","13":"product-type-simple"},"amp_enabled":true,"_links":{"self":[{"href":"https:\/\/www.hydraulic-cylinders.net\/sk\/wp-json\/wp\/v2\/product\/16975","targetHints":{"allow":["GET"]}}],"collection":[{"href":"https:\/\/www.hydraulic-cylinders.net\/sk\/wp-json\/wp\/v2\/product"}],"about":[{"href":"https:\/\/www.hydraulic-cylinders.net\/sk\/wp-json\/wp\/v2\/types\/product"}],"replies":[{"embeddable":true,"href":"https:\/\/www.hydraulic-cylinders.net\/sk\/wp-json\/wp\/v2\/comments?post=16975"}],"wp:featuredmedia":[{"embeddable":true,"href":"https:\/\/www.hydraulic-cylinders.net\/sk\/wp-json\/wp\/v2\/media\/16981"}],"wp:attachment":[{"href":"https:\/\/www.hydraulic-cylinders.net\/sk\/wp-json\/wp\/v2\/media?parent=16975"}],"wp:term":[{"taxonomy":"product_brand","embeddable":true,"href":"https:\/\/www.hydraulic-cylinders.net\/sk\/wp-json\/wp\/v2\/product_brand?post=16975"},{"taxonomy":"product_cat","embeddable":true,"href":"https:\/\/www.hydraulic-cylinders.net\/sk\/wp-json\/wp\/v2\/product_cat?post=16975"},{"taxonomy":"product_tag","embeddable":true,"href":"https:\/\/www.hydraulic-cylinders.net\/sk\/wp-json\/wp\/v2\/product_tag?post=16975"}],"curies":[{"name":"pracovn\u00fd list","href":"https:\/\/api.w.org\/{rel}","templated":true}]}}