{"id":1698,"date":"2023-10-11T07:58:47","date_gmt":"2023-10-11T07:58:47","guid":{"rendered":"https:\/\/hydraulic-cylinders.net\/?post_type=product&#038;p=1698"},"modified":"2025-04-11T05:06:40","modified_gmt":"2025-04-11T05:06:40","slug":"electric-furnace-tipping-cylinder","status":"publish","type":"product","link":"https:\/\/www.hydraulic-cylinders.net\/sk\/produkt\/electric-furnace-tipping-cylinder\/","title":{"rendered":"Elektrick\u00fd valec na vykl\u00e1panie pece"},"content":{"rendered":"<h1 style=\"text-align: center;\"><strong>Elektrick\u00fd valec na vykl\u00e1panie pece<\/strong><\/h1>\n<p><img loading=\"lazy\" decoding=\"async\" class=\"wp-image-1703 aligncenter\" src=\"https:\/\/hydraulic-cylinders.net\/wp-content\/uploads\/2023\/10\/tipping-cylinder-1-2-300x300.webp\" alt=\"\" width=\"400\" height=\"400\" \/><\/p>\n<p>Elektrick\u00fd nakl\u00e1pac\u00ed valec pre pece je \u0161pi\u010dkov\u00fd produkt ur\u010den\u00fd na optimaliz\u00e1ciu prev\u00e1dzky priemyseln\u00fdch pec\u00ed, najm\u00e4 v oblasti nakl\u00e1\u0148ania pec\u00ed. Tento inovat\u00edvny valec poskytuje robustn\u00fd a efekt\u00edvny mechanizmus pre riaden\u00e9 nakl\u00e1\u0148anie pec\u00ed, \u010do u\u013eah\u010duje plynul\u00fa manipul\u00e1ciu s materi\u00e1lom a zlep\u0161uje celkov\u00fa produktivitu.<\/p>\n<p>Elektrick\u00fd skl\u00e1pac\u00ed valec pece prin\u00e1\u0161a revol\u00faciu v prev\u00e1dzke priemyseln\u00fdch pec\u00ed t\u00fdm, \u017ee poskytuje presn\u00e9 ovl\u00e1danie a zv\u00fd\u0161en\u00fa \u00fa\u010dinnos\u0165 procesu skl\u00e1pania. V\u010faka svojej robustnej kon\u0161trukcii, presn\u00e9mu ovl\u00e1daniu skl\u00e1pania, elektrick\u00e9mu ovl\u00e1daciemu syst\u00e9mu a pokro\u010dil\u00fdm bezpe\u010dnostn\u00fdm prvkom tento valec zefekt\u00edv\u0148uje manipul\u00e1ciu s materi\u00e1lom, optimalizuje v\u00fdkon pece a zvy\u0161uje produktivitu. Dodr\u017eiavan\u00edm odpor\u00fa\u010dan\u00fdch met\u00f3d pou\u017e\u00edvania a postupov \u00fadr\u017eby m\u00f4\u017eete zabezpe\u010di\u0165 optim\u00e1lnu prev\u00e1dzku a dlh\u00fa \u017eivotnos\u0165 elektrick\u00e9ho skl\u00e1pacieho valca pece, \u010do prispeje k bezprobl\u00e9movej a efekt\u00edvnej prev\u00e1dzke pece vo va\u0161om priemyselnom prostred\u00ed.<\/p>\n<p>K\u013e\u00fa\u010dov\u00e9 vlastnosti vykl\u00e1pacieho valca elektrickej pece:<\/p>\n<ol>\n<li>Robustn\u00e1 kon\u0161trukcia:\n<ul>\n<li>V\u00fdklopn\u00fd valec elektrickej pece je vyroben\u00fd z vysoko kvalitn\u00fdch materi\u00e1lov, \u010do zaru\u010duje v\u00fdnimo\u010dn\u00fa odolnos\u0165 a dlh\u00fa \u017eivotnos\u0165.<\/li>\n<li>Jeho robustn\u00e1 kon\u0161trukcia umo\u017e\u0148uje odol\u00e1va\u0165 vysok\u00fdm teplot\u00e1m, \u0165a\u017ek\u00fdm za\u0165a\u017eeniam a n\u00e1ro\u010dn\u00e9mu priemyseln\u00e9mu prostrediu bez kompromisov vo v\u00fdkone.<\/li>\n<\/ul>\n<\/li>\n<li>Presn\u00e9 ovl\u00e1danie skl\u00e1pania:\n<ul>\n<li>Tento valec pon\u00faka presn\u00e9 a citliv\u00e9 ovl\u00e1danie procesu nakl\u00e1\u0148ania, \u010do umo\u017e\u0148uje oper\u00e1torom presne dosiahnu\u0165 po\u017eadovan\u00e9 uhly.<\/li>\n<li>Presn\u00e9 ovl\u00e1danie skl\u00e1pania zvy\u0161uje prev\u00e1dzkov\u00fa efektivitu, minimalizuje rozsypanie materi\u00e1lu a optimalizuje tok materi\u00e1lov v peci.<\/li>\n<\/ul>\n<\/li>\n<li>Elektrick\u00e9 ovl\u00e1danie:\n<ul>\n<li>Elektrick\u00fd skl\u00e1pac\u00ed valec pece pracuje pomocou elektrick\u00e9ho ovl\u00e1dacieho syst\u00e9mu, \u010d\u00edm sa eliminuje potreba manu\u00e1lneho nastavovania.<\/li>\n<li>Tento elektricky poh\u00e1\u0148an\u00fd syst\u00e9m poskytuje pohodlie, r\u00fdchlos\u0165 a presn\u00e9 ovl\u00e1danie, zefekt\u00edv\u0148uje proces nakl\u00e1\u0148ania pece a zni\u017euje \u013eudsk\u00e9 chyby.<\/li>\n<\/ul>\n<\/li>\n<li>Bezpe\u010dnostn\u00e9 prvky:\n<ul>\n<li>Valec je vybaven\u00fd pokro\u010dil\u00fdmi bezpe\u010dnostn\u00fdmi prvkami, ako je ochrana proti pre\u0165a\u017eeniu a mechanizmy n\u00fadzov\u00e9ho zastavenia.<\/li>\n<li>Tieto bezpe\u010dnostn\u00e9 prvky zais\u0165uj\u00fa bezpe\u010dn\u00fa a spo\u013eahliv\u00fa prev\u00e1dzku, \u010d\u00edm predch\u00e1dzaj\u00fa nehod\u00e1m a po\u0161kodeniu zariaden\u00ed po\u010das procesu nakl\u00e1\u0148ania.<\/li>\n<\/ul>\n<\/li>\n<\/ol>\n<h2><strong>Parameter skl\u00e1pacieho valca elektrickej pece:<\/strong><\/h2>\n<table border=\"1\" cellspacing=\"0\" cellpadding=\"0\">\n<tbody>\n<tr>\n<td>N\u00e1zov produktu<\/td>\n<td>Elektrick\u00fd valec na vykl\u00e1panie pece<\/td>\n<\/tr>\n<tr>\n<td>Priemer otvoru:<\/td>\n<td>320 mm<\/td>\n<\/tr>\n<tr>\n<td>Priemer ty\u010de:<\/td>\n<td>300 mm<\/td>\n<\/tr>\n<tr>\n<td>Tlak:<\/td>\n<td>14 MPa<\/td>\n<\/tr>\n<tr>\n<td>\u0164ahov\u00e1 sila:<\/td>\n<td>Maxim\u00e1lne 989 kN<\/td>\n<\/tr>\n<tr>\n<td>Aplik\u00e1cie prekl\u00e1pac\u00edch valcov elektrick\u00fdch pec\u00ed:<\/td>\n<td>Elektrick\u00e1 pec<\/td>\n<\/tr>\n<\/tbody>\n<\/table>\n<div><\/div>\n<div class=\"txtboxR\">\n<div class=\"txtboxL\">\n<div class=\"txtboxL\">\n<div class=\"txtboxL\">\n<div class=\"txtboxL\">\u0164ahov\u00e1 sila:<\/div>\n<div class=\"txtboxR\">Maxim\u00e1lne 989 kN<br \/>\n(Priemer otvoru: 320 mm\/Priemer ty\u010de: 300\/tlak 14 MPa)<\/div>\n<\/div>\n<\/div>\n<\/div>\n<\/div>\n<h2><strong>Elektrick\u00e1 pec <\/strong><strong> Tov\u00e1re\u0148 na v\u00fdrobu valcov:<\/strong><\/h2>\n<p><img loading=\"lazy\" decoding=\"async\" class=\"alignnone wp-image-1697 size-full\" src=\"https:\/\/hydraulic-cylinders.net\/wp-content\/uploads\/2023\/10\/filter-press-cylinder-1.webp\" alt=\"\" width=\"1418\" height=\"946\" srcset=\"https:\/\/hydraulic-cylinders.net\/wp-content\/uploads\/2023\/10\/filter-press-cylinder-1.webp 1418w, https:\/\/hydraulic-cylinders.net\/wp-content\/uploads\/2023\/10\/filter-press-cylinder-1-1280x854.webp 1280w, https:\/\/hydraulic-cylinders.net\/wp-content\/uploads\/2023\/10\/filter-press-cylinder-1-980x654.webp 980w, https:\/\/hydraulic-cylinders.net\/wp-content\/uploads\/2023\/10\/filter-press-cylinder-1-480x320.webp 480w\" sizes=\"(min-width: 0px) and (max-width: 480px) 480px, (min-width: 481px) and (max-width: 980px) 980px, (min-width: 981px) and (max-width: 1280px) 1280px, (min-width: 1281px) 1418px, 100vw\" \/><\/p>\n<h2><strong>Met\u00f3da pou\u017eitia elektrickej pece na skl\u00e1panie valca<\/strong><strong>:<\/strong><\/h2>\n<ul>\n<li><strong>In\u0161tal\u00e1cia:<\/strong>\n<ul>\n<li>Za\u010dnite t\u00fdm, \u017ee sa uist\u00edte, \u017ee v\u00fdklopn\u00fd valec elektrickej pece je bezpe\u010dne a spr\u00e1vne namontovan\u00fd na kon\u0161trukcii pece.<\/li>\n<li>Pre spr\u00e1vne umiestnenie a pripevnenie dodr\u017eiavajte pokyny a \u0161pecifik\u00e1cie v\u00fdrobcu.<\/li>\n<li>Uistite sa, \u017ee v\u0161etky pripojenia, ako s\u00fa hydraulick\u00e9 hadice a elektrick\u00e9 vedenie, s\u00fa spr\u00e1vne zaisten\u00e9 a bez netesnost\u00ed alebo uvo\u013enen\u00fdch spojov.<\/li>\n<\/ul>\n<\/li>\n<li><strong>Elektrick\u00e9 pripojenie:<\/strong>\n<ul>\n<li>Pripojte valec elektrickej pece na vykl\u00e1panie k elektrick\u00e9mu zdroju nap\u00e1jania pod\u013ea pokynov v\u00fdrobcu a elektrick\u00fdch predpisov.<\/li>\n<li>Skontrolujte, \u010di s\u00fa v\u0161etky elektrick\u00e9 pripojenia bezpe\u010dn\u00e9 a izolovan\u00e9, aby ste predi\u0161li potenci\u00e1lnym nebezpe\u010denstv\u00e1m alebo poruch\u00e1m.<\/li>\n<\/ul>\n<\/li>\n<li><strong>Proces nakl\u00e1\u0148ania:<\/strong>\n<ul>\n<li>Aktivujte valec elektrickej pece na nakl\u00e1panie pomocou ovl\u00e1dacieho panela alebo sp\u00edna\u010da ur\u010den\u00e9ho na nakl\u00e1panie.<\/li>\n<li>Valec plynulo a presne naklon\u00ed pec do po\u017eadovan\u00e9ho uhla, \u010do umo\u017en\u00ed efekt\u00edvnu manipul\u00e1ciu s materi\u00e1lom a jeho spracovanie.<\/li>\n<li>Pozorne sledujte proces nakl\u00e1\u0148ania a vykonajte v\u0161etky potrebn\u00e9 \u00fapravy, aby ste dosiahli ide\u00e1lny uhol pre konkr\u00e9tnu aplik\u00e1ciu.<\/li>\n<\/ul>\n<\/li>\n<li><strong>Integr\u00e1cia s riadiacimi syst\u00e9mami:<\/strong>\n<ul>\n<li>Elektrick\u00fd v\u00fdklopn\u00fd valec pece sa d\u00e1 bezprobl\u00e9movo integrova\u0165 do existuj\u00facich riadiacich syst\u00e9mov.<\/li>\n<li>Pre zaistenie spr\u00e1vnej integr\u00e1cie a kompatibility s va\u0161ou konkr\u00e9tnou zostavou pece sa pora\u010fte s kvalifikovan\u00fdm technikom alebo si pre\u010d\u00edtajte pokyny v\u00fdrobcu.<\/li>\n<\/ul>\n<\/li>\n<\/ul>\n<h2><strong>Ako opravi\u0165 hydraulick\u00fd valec?<\/strong><\/h2>\n<p>Oprava hydraulick\u00e9ho valca si vy\u017eaduje dobr\u00e9 pochopenie hydraulick\u00fdch syst\u00e9mov, spr\u00e1vne n\u00e1stroje a dodr\u017eiavanie bezpe\u010dnostn\u00fdch pokynov. Tu je v\u0161eobecn\u00fd n\u00e1vod, ako opravi\u0165 hydraulick\u00fd valec:<\/p>\n<ol>\n<li><strong>Bezpe\u010dnos\u0165 na prvom mieste:<\/strong>\n<ul>\n<li>Pred za\u010dat\u00edm ak\u00fdchko\u013evek opravn\u00fdch pr\u00e1c sa uistite, \u017ee hydraulick\u00fd syst\u00e9m je bez tlaku a valec je bezpe\u010dn\u00fd.<\/li>\n<li>Pou\u017e\u00edvajte vhodn\u00e9 osobn\u00e9 ochrann\u00e9 prostriedky (OOP), ako s\u00fa rukavice a ochrann\u00e9 okuliare, aby ste sa chr\u00e1nili pred potenci\u00e1lnymi nebezpe\u010denstvami.<\/li>\n<\/ul>\n<\/li>\n<li><strong>Identifikujte probl\u00e9m:<\/strong>\n<ul>\n<li>Ur\u010dte konkr\u00e9tny probl\u00e9m s hydraulick\u00fdm valcom. M\u00f4\u017ee \u00eds\u0165 o netesnos\u0165, po\u0161koden\u00e9 tesnenia, ohnut\u00e9 ty\u010de alebo in\u00e9 mechanick\u00e9 probl\u00e9my.<\/li>\n<li>D\u00f4kladne skontrolujte valec a h\u013eadajte po\u0161kodenia, opotrebovanie alebo kontamin\u00e1ciu.<\/li>\n<\/ul>\n<\/li>\n<li><strong>Zhroma\u017edite potrebn\u00e9 n\u00e1stroje a diely:<\/strong>\n<ul>\n<li>Pripravte si potrebn\u00e9 n\u00e1stroje a vybavenie na opravu, ako s\u00fa k\u013e\u00fa\u010de, klie\u0161te, s\u00fapravy tesnen\u00ed, momentov\u00e9 k\u013e\u00fa\u010de a hydraulick\u00fd lis.<\/li>\n<li>Uistite sa, \u017ee m\u00e1te potrebn\u00e9 n\u00e1hradn\u00e9 diely vr\u00e1tane tesnen\u00ed, O-kr\u00fa\u017ekov a v\u0161etk\u00fdch ostatn\u00fdch komponentov, ktor\u00e9 je potrebn\u00e9 vymeni\u0165.<\/li>\n<\/ul>\n<\/li>\n<li><strong>Demont\u00e1\u017e:<\/strong>\n<ul>\n<li>Hydraulick\u00fd valec opatrne rozoberte pod\u013ea pokynov v\u00fdrobcu, ak s\u00fa k dispoz\u00edcii.<\/li>\n<li>Odstr\u00e1\u0148te upev\u0148ovacie prvky, ako s\u00fa skrutky, \u010dapy alebo spony, aby ste oddelili komponenty valca.<\/li>\n<li>Pri demont\u00e1\u017ei si v\u0161\u00edmajte poradie a orient\u00e1ciu komponentov, aby ste zabezpe\u010dili ich spr\u00e1vnu op\u00e4tovn\u00fa mont\u00e1\u017e.<\/li>\n<\/ul>\n<\/li>\n<li><strong>Kontrola a \u010distenie:<\/strong>\n<ul>\n<li>Skontrolujte v\u0161etky rozobrat\u00e9 komponenty, \u010di nie s\u00fa po\u0161koden\u00e9, opotrebovan\u00e9 alebo nejavia zn\u00e1mky kontamin\u00e1cie.<\/li>\n<li>D\u00f4kladne vy\u010distite komponenty vhodn\u00fdm rozp\u00fa\u0161\u0165adlom, aby ste odstr\u00e1nili ne\u010distoty, \u00falomky a zvy\u0161ky hydraulickej kvapaliny.<\/li>\n<li>Skontrolujte valec valca, piestnu ty\u010d, tesnenia a \u010fal\u0161ie vn\u00fatorn\u00e9 \u010dasti, \u010di nevykazuj\u00fa zn\u00e1mky ryhovania, jamkovania alebo in\u00e9ho po\u0161kodenia.<\/li>\n<\/ul>\n<\/li>\n<li><strong>V\u00fdmena tesnenia:<\/strong>\n<ul>\n<li>Vyme\u0148te v\u0161etky po\u0161koden\u00e9 alebo opotrebovan\u00e9 tesnenia, O-kr\u00fa\u017eky alebo tesnenia za nov\u00e9 zo s\u00fapravy tesnen\u00ed.<\/li>\n<li>Star\u00e9 tesnenia opatrne odstr\u00e1\u0148te a dbajte na to, aby nepo\u0161kriabali alebo nepo\u0161kodili povrch valca.<\/li>\n<li>Nama\u017ete nov\u00e9 tesnenia hydraulick\u00fdm olejom a nain\u0161talujte ich do spr\u00e1vnych pol\u00f4h pod\u013ea \u0161pecifik\u00e1ci\u00ed v\u00fdrobcu.<\/li>\n<\/ul>\n<\/li>\n<li><strong>Rovnanie alebo v\u00fdmena ty\u010de:<\/strong>\n<ul>\n<li>Ak je piestna ty\u010d ohnut\u00e1 alebo po\u0161koden\u00e1, m\u00f4\u017ee by\u0165 potrebn\u00e9 ju narovna\u0165 alebo vymeni\u0165.<\/li>\n<li>Ohnut\u00fa ty\u010d narovnajte pomocou hydraulick\u00e9ho lisu alebo vyh\u013eadajte odborn\u00fa pomoc, ak je po\u0161kodenie v\u00e1\u017ene.<\/li>\n<li>Ak je potrebn\u00e1 v\u00fdmena, opatrne odstr\u00e1\u0148te star\u00fa ty\u010d a nain\u0161talujte nov\u00fa, pri\u010dom dbajte na spr\u00e1vne zarovnanie a z\u00e1vitovanie.<\/li>\n<\/ul>\n<\/li>\n<li><strong>Op\u00e4tovn\u00e1 mont\u00e1\u017e:<\/strong>\n<ul>\n<li>Zmontujte hydraulick\u00fd valec v opa\u010dnom porad\u00ed ako pri demont\u00e1\u017ei.<\/li>\n<li>Naneste tenk\u00fa vrstvu hydraulick\u00e9ho oleja alebo maziva na vn\u00fatorn\u00e9 komponenty, aby ste zabezpe\u010dili hladk\u00fd chod a predi\u0161li po\u0161kodeniu po\u010das \u0161tartovania.<\/li>\n<\/ul>\n<\/li>\n<li><strong>Testovanie a kontrola:<\/strong>\n<ul>\n<li>Po op\u00e4tovnej mont\u00e1\u017ei hydraulick\u00e9ho valca pred op\u00e4tovnou in\u0161tal\u00e1ciou otestujte jeho funk\u010dnos\u0165.<\/li>\n<li>Pripojte valec k hydraulick\u00e9mu syst\u00e9mu a pomaly natlakujte syst\u00e9m, aby ste skontrolovali pr\u00edpadn\u00e9 netesnosti, abnorm\u00e1lne zvuky alebo nepravideln\u00e9 pohyby.<\/li>\n<li>Overte, \u010di opraven\u00fd valec funguje hladko a sp\u013a\u0148a po\u017eadovan\u00e9 v\u00fdkonnostn\u00e9 \u0161tandardy.<\/li>\n<\/ul>\n<\/li>\n<\/ol>\n<h2><strong>Schopnos\u0165 a kapacita tov\u00e1rne:<\/strong><\/h2>\n<h3>(1) Mont\u00e1\u017e<\/h3>\n<p>Disponujeme prvotriednou nez\u00e1vislou v\u00fdskumnou a v\u00fdvojovou mont\u00e1\u017enou platformou. Diel\u0148a na v\u00fdrobu hydraulick\u00fdch valcov m\u00e1 \u0161tyri poloautomatick\u00e9 mont\u00e1\u017ene linky zdv\u00edhac\u00edch valcov a jednu automatick\u00fa mont\u00e1\u017enu linku nakl\u00e1pac\u00edch valcov s projektovanou ro\u010dnou v\u00fdrobnou kapacitou 1 mili\u00f3n kusov. Diel\u0148a na v\u00fdrobu \u0161peci\u00e1lnych valcov je vybaven\u00e1 r\u00f4znymi \u0161pecifik\u00e1ciami poloautomatick\u00e9ho syst\u00e9mu \u010distenia a mont\u00e1\u017ee s projektovanou ro\u010dnou v\u00fdrobnou kapacitou 200 000 kusov a je vybaven\u00e1 zn\u00e1mym CNC obr\u00e1bac\u00edm zariaden\u00edm, obr\u00e1bac\u00edm centrom, \u0161peci\u00e1lnym zariaden\u00edm na vysoko presn\u00e9 spracovanie valcov, robotick\u00fdm zv\u00e1rac\u00edm strojom, automatick\u00fdm \u010distiacim strojom, automatick\u00fdm mont\u00e1\u017enym strojom valcov a automatickou lakovacou v\u00fdrobnou linkou. Existuj\u00face kritick\u00e9 zariadenia maj\u00fa viac ako 300 s\u00faprav (s\u00e1d). Optim\u00e1lne alokovanie a efekt\u00edvne vyu\u017e\u00edvanie zdrojov zariaden\u00ed zabezpe\u010duje po\u017eiadavky na presnos\u0165 v\u00fdrobkov a sp\u013a\u0148a po\u017eiadavky na vysok\u00fa kvalitu v\u00fdrobkov.<\/p>\n<p><img loading=\"lazy\" decoding=\"async\" class=\"alignnone wp-image-626\" src=\"https:\/\/hydraulic-cylinders.net\/wp-content\/uploads\/2023\/08\/hydraulic-cylinder-product-1-300x158.webp\" alt=\"\" width=\"495\" height=\"260\" srcset=\"https:\/\/hydraulic-cylinders.net\/wp-content\/uploads\/2023\/08\/hydraulic-cylinder-product-1-300x158.webp 495w, https:\/\/hydraulic-cylinders.net\/wp-content\/uploads\/2023\/08\/hydraulic-cylinder-product-1-480x252.webp 480w\" sizes=\"(min-width: 0px) and (max-width: 480px) 480px, (min-width: 481px) 495px, 100vw\" \/> <img loading=\"lazy\" decoding=\"async\" class=\"alignnone wp-image-627\" src=\"https:\/\/hydraulic-cylinders.net\/wp-content\/uploads\/2023\/08\/hydraulic-cylinder-product-2-300x189.webp\" alt=\"\" width=\"413\" height=\"260\" \/><\/p>\n<h3>(2) Obr\u00e1banie<\/h3>\n<p>Obr\u00e1bacia diel\u0148a je vybaven\u00e1 prisp\u00f4soben\u00fdm s\u00fastru\u017en\u00edckym centrom na \u0161ikm\u00e9 ko\u013eajnice, obr\u00e1bac\u00edm centrom, vysokor\u00fdchlostn\u00fdm honovac\u00edm strojom, zv\u00e1rac\u00edm robotom a \u010fal\u0161\u00edm s\u00favisiacim zariaden\u00edm, ktor\u00e9 dok\u00e1\u017ee spracova\u0165 valcov\u00e9 r\u00fary s maxim\u00e1lnym vn\u00fatorn\u00fdm priemerom 400 mm a maxim\u00e1lnou d\u013a\u017ekou 6 metrov.<\/p>\n<p><img loading=\"lazy\" decoding=\"async\" class=\"alignnone wp-image-628 size-large\" src=\"https:\/\/hydraulic-cylinders.net\/wp-content\/uploads\/2023\/08\/hydraulic-cylinder-product-3-1024x391.webp\" alt=\"\" width=\"1024\" height=\"391\" srcset=\"https:\/\/hydraulic-cylinders.net\/wp-content\/uploads\/2023\/08\/hydraulic-cylinder-product-3-980x374.webp 980w, https:\/\/hydraulic-cylinders.net\/wp-content\/uploads\/2023\/08\/hydraulic-cylinder-product-3-480x183.webp 480w\" sizes=\"(min-width: 0px) and (max-width: 480px) 480px, (min-width: 481px) and (max-width: 980px) 980px, (min-width: 981px) 1024px, 100vw\" \/><\/p>\n<h3>(3) Zv\u00e1ranie<\/h3>\n<p><img loading=\"lazy\" decoding=\"async\" class=\"alignnone wp-image-629 size-large\" src=\"https:\/\/hydraulic-cylinders.net\/wp-content\/uploads\/2023\/08\/hydraulic-cylinder-product-4-1024x510.webp\" alt=\"\" width=\"1024\" height=\"510\" srcset=\"https:\/\/hydraulic-cylinders.net\/wp-content\/uploads\/2023\/08\/hydraulic-cylinder-product-4-980x488.webp 980w, https:\/\/hydraulic-cylinders.net\/wp-content\/uploads\/2023\/08\/hydraulic-cylinder-product-4-480x239.webp 480w\" sizes=\"(min-width: 0px) and (max-width: 480px) 480px, (min-width: 481px) and (max-width: 980px) 980px, (min-width: 981px) 1024px, 100vw\" \/><\/p>\n<h3>(4) Ma\u013eovanie a natieranie<\/h3>\n<p>S mal\u00fdmi a stredne ve\u013ek\u00fdmi valcov\u00fdmi automatick\u00fdmi linkami na nan\u00e1\u0161anie farieb na vodnej b\u00e1ze, na dosiahnutie automatick\u00e9ho nakladania a vykladania robotmi a automatick\u00e9ho striekania, je projektovan\u00e1 kapacita 4000 kusov za smenu;<br \/>\nM\u00e1me tie\u017e poloautomatick\u00fa linku na v\u00fdrobu farieb pre ve\u013ek\u00e9 valce poh\u00e1\u0148an\u00e9 re\u0165azou s projektovanou kapacitou 60 kusov za smenu.<\/p>\n<p><img loading=\"lazy\" decoding=\"async\" class=\"alignnone wp-image-630\" src=\"https:\/\/hydraulic-cylinders.net\/wp-content\/uploads\/2023\/08\/hydraulic-cylinder-product-5-300x213.webp\" alt=\"\" width=\"366\" height=\"260\" \/> <img loading=\"lazy\" decoding=\"async\" class=\"alignnone wp-image-631\" src=\"https:\/\/hydraulic-cylinders.net\/wp-content\/uploads\/2023\/08\/hydraulic-cylinder-product-6-300x225.webp\" alt=\"\" width=\"347\" height=\"260\" \/><\/p>\n<h3>(5) Testovanie<\/h3>\n<p>Disponujeme prvotriednymi kontroln\u00fdmi zariadeniami a sk\u00fa\u0161obn\u00fdmi zariadeniami, ktor\u00e9 zabezpe\u010duj\u00fa, \u017ee v\u00fdkonnos\u0165 valca sp\u013a\u0148a po\u017eiadavky.<\/p>\n<p><img loading=\"lazy\" decoding=\"async\" class=\"alignnone wp-image-632\" src=\"https:\/\/hydraulic-cylinders.net\/wp-content\/uploads\/2023\/08\/hydraulic-cylinder-product-8-300x200.webp\" alt=\"\" width=\"389\" height=\"260\" \/><\/p>\n<p>&nbsp;<\/p>\n<p>&nbsp;<\/p>\n<p>Sme jedn\u00fdm z najlep\u0161\u00edch v\u00fdrobcov hydraulick\u00fdch valcov. Pon\u00fakame komplexn\u00e9 hydraulick\u00e9 valce. Poskytujeme aj zodpovedaj\u00face <a href=\"https:\/\/hzpt.com\/agricultural-pto-gearbox\/\" target=\"_blank\" rel=\"noopener\">po\u013enohospod\u00e1rske prevodovky<\/a>Na\u0161e produkty sme vyv\u00e1\u017eali klientom po celom svete a v\u010faka vynikaj\u00facej kvalite produktov a popredajn\u00e9mu servisu sme si z\u00edskali dobr\u00fa reput\u00e1ciu. V\u00edtame z\u00e1kazn\u00edkov doma aj v zahrani\u010d\u00ed, ktor\u00ed n\u00e1s kontaktuj\u00fa za \u00fa\u010delom rokovania o obchodn\u00fdch z\u00e1le\u017eitostiach, v\u00fdmeny inform\u00e1ci\u00ed a <a href=\"https:\/\/www.hydraulic-cylinders.net\/sk\/contact-us\/\">spolupracova\u0165 s nami<\/a>!<\/p>","protected":false},"excerpt":{"rendered":"<p>Electric Furnace Tipping Cylinder The electric furnace tipping cylinder is a cutting-edge product designed to optimize industrial furnace operations, specifically in the area of furnace tilting. This innovative cylinder provides a robust and efficient mechanism for controlled tilting of furnaces, facilitating smooth material handling and improving overall productivity. The electric furnace tipping cylinder revolutionizes industrial [&hellip;]<\/p>","protected":false},"featured_media":1699,"comment_status":"open","ping_status":"closed","template":"","meta":{"_et_pb_use_builder":"","_et_pb_old_content":"","_et_gb_content_width":""},"product_brand":[],"product_cat":[1550,1524,1376],"product_tag":[1380],"class_list":{"0":"post-1698","1":"product","2":"type-product","3":"status-publish","4":"has-post-thumbnail","6":"product_cat-double-acting-hydraulic-cylinder","7":"product_cat-steel-mill-hydraulic-cylinders","8":"product_cat-hydraulic-cylinder","9":"product_tag-hydraulic-cylinder","11":"first","12":"instock","13":"shipping-taxable","14":"product-type-simple"},"amp_enabled":true,"_links":{"self":[{"href":"https:\/\/www.hydraulic-cylinders.net\/sk\/wp-json\/wp\/v2\/product\/1698","targetHints":{"allow":["GET"]}}],"collection":[{"href":"https:\/\/www.hydraulic-cylinders.net\/sk\/wp-json\/wp\/v2\/product"}],"about":[{"href":"https:\/\/www.hydraulic-cylinders.net\/sk\/wp-json\/wp\/v2\/types\/product"}],"replies":[{"embeddable":true,"href":"https:\/\/www.hydraulic-cylinders.net\/sk\/wp-json\/wp\/v2\/comments?post=1698"}],"wp:featuredmedia":[{"embeddable":true,"href":"https:\/\/www.hydraulic-cylinders.net\/sk\/wp-json\/wp\/v2\/media\/1699"}],"wp:attachment":[{"href":"https:\/\/www.hydraulic-cylinders.net\/sk\/wp-json\/wp\/v2\/media?parent=1698"}],"wp:term":[{"taxonomy":"product_brand","embeddable":true,"href":"https:\/\/www.hydraulic-cylinders.net\/sk\/wp-json\/wp\/v2\/product_brand?post=1698"},{"taxonomy":"product_cat","embeddable":true,"href":"https:\/\/www.hydraulic-cylinders.net\/sk\/wp-json\/wp\/v2\/product_cat?post=1698"},{"taxonomy":"product_tag","embeddable":true,"href":"https:\/\/www.hydraulic-cylinders.net\/sk\/wp-json\/wp\/v2\/product_tag?post=1698"}],"curies":[{"name":"pracovn\u00fd list","href":"https:\/\/api.w.org\/{rel}","templated":true}]}}