{"id":16982,"date":"2025-01-21T08:46:17","date_gmt":"2025-01-21T08:46:17","guid":{"rendered":"https:\/\/www.hydraulic-cylinders.net\/?post_type=product&#038;p=16982"},"modified":"2025-04-11T03:15:39","modified_gmt":"2025-04-11T03:15:39","slug":"hcyy11112002-forklift-steering-cylinder","status":"publish","type":"product","link":"https:\/\/www.hydraulic-cylinders.net\/sk\/produkt\/hcyy11112002-forklift-steering-cylinder\/","title":{"rendered":"Riadiaci valec pre vysokozdvi\u017en\u00fd voz\u00edk HCYY11112002"},"content":{"rendered":"<h1 style=\"text-align: center;\"><strong>Riadiaci valec pre vysokozdvi\u017en\u00fd voz\u00edk HCYY11112002\u00a0<\/strong><\/h1>\n<h1 style=\"text-align: center;\"><strong><img loading=\"lazy\" decoding=\"async\" class=\"alignnone size-full wp-image-16984\" src=\"https:\/\/www.hydraulic-cylinders.net\/wp-content\/uploads\/2025\/01\/hcyy11112002-forklift-lifting-cylinder-2.webp\" alt=\"\" width=\"1496\" height=\"517\" srcset=\"https:\/\/www.hydraulic-cylinders.net\/wp-content\/uploads\/2025\/01\/hcyy11112002-forklift-lifting-cylinder-2.webp 1496w, https:\/\/www.hydraulic-cylinders.net\/wp-content\/uploads\/2025\/01\/hcyy11112002-forklift-lifting-cylinder-2-1280x442.webp 1280w, https:\/\/www.hydraulic-cylinders.net\/wp-content\/uploads\/2025\/01\/hcyy11112002-forklift-lifting-cylinder-2-980x339.webp 980w, https:\/\/www.hydraulic-cylinders.net\/wp-content\/uploads\/2025\/01\/hcyy11112002-forklift-lifting-cylinder-2-480x166.webp 480w\" sizes=\"(min-width: 0px) and (max-width: 480px) 480px, (min-width: 481px) and (max-width: 980px) 980px, (min-width: 981px) and (max-width: 1280px) 1280px, (min-width: 1281px) 1496px, 100vw\" \/> <\/strong><\/h1>\n<p>Riadiaci valec HCYY11112002 pre vysokozdvi\u017en\u00e9 voz\u00edky je k\u013e\u00fa\u010dov\u00fdm komponentom, ktor\u00fd v\u00fdrazne zvy\u0161uje man\u00e9vrovate\u013enos\u0165 a ovl\u00e1date\u013enos\u0165 vysokozdvi\u017en\u00fdch voz\u00edkov v r\u00f4znych prev\u00e1dzkov\u00fdch prostrediach. Tento riadiaci valec, vyroben\u00fd s oh\u013eadom na efektivitu aj spo\u013eahlivos\u0165, umo\u017e\u0148uje obsluhe bez n\u00e1mahy orientova\u0165 sa v stiesnen\u00fdch priestoroch a manipulova\u0165 s \u0165a\u017ek\u00fdmi bremenami.<\/p>\n<p>Ako nevyhnutn\u00e1 s\u00fa\u010das\u0165 ka\u017edej prev\u00e1dzky vysokozdvi\u017en\u00e9ho voz\u00edka pon\u00faka HCYY11112002 robustn\u00fa kon\u0161trukciu, v\u00fdnimo\u010dn\u00fa odozvu a jednoduch\u00fa \u00fadr\u017ebu, v\u010faka \u010domu je ide\u00e1lnou vo\u013ebou pre firmy, ktor\u00e9 sa sna\u017eia zlep\u0161i\u0165 svoje mo\u017enosti manipul\u00e1cie s materi\u00e1lom. Dodr\u017eiavan\u00edm spr\u00e1vnych postupov pou\u017e\u00edvania a \u00fadr\u017eby m\u00f4\u017eete zabezpe\u010di\u0165 hladk\u00fd a efekt\u00edvny chod valca riadenia, \u010do vedie k bezpe\u010dnej\u0161ej a efekt\u00edvnej\u0161ej prev\u00e1dzke.<\/p>\n<p>Investovanie do vysokokvalitn\u00fdch komponentov, ako je HCYY11112002, nielen zvy\u0161uje produktivitu, ale aj celkov\u00fa bezpe\u010dnos\u0165 va\u0161ich zamestnancov. Za\u017eite rozdiel, ktor\u00fd m\u00f4\u017ee spo\u013eahliv\u00e9 riadenie prinies\u0165 a transformova\u0165 va\u0161u prev\u00e1dzkov\u00fa efektivitu e\u0161te dnes!<\/p>\n<h2><strong>Parameter valca riadenia vysokozdvi\u017en\u00e9ho voz\u00edka HCYY11112002:<\/strong><\/h2>\n<h1 style=\"text-align: center;\"><strong><img loading=\"lazy\" decoding=\"async\" class=\"alignnone size-full wp-image-16983\" src=\"https:\/\/www.hydraulic-cylinders.net\/wp-content\/uploads\/2025\/01\/hcyy11112002-forklift-lifting-cylinder-1.webp\" alt=\"\" width=\"1514\" height=\"142\" srcset=\"https:\/\/www.hydraulic-cylinders.net\/wp-content\/uploads\/2025\/01\/hcyy11112002-forklift-lifting-cylinder-1.webp 1514w, https:\/\/www.hydraulic-cylinders.net\/wp-content\/uploads\/2025\/01\/hcyy11112002-forklift-lifting-cylinder-1-1280x120.webp 1280w, https:\/\/www.hydraulic-cylinders.net\/wp-content\/uploads\/2025\/01\/hcyy11112002-forklift-lifting-cylinder-1-980x92.webp 980w, https:\/\/www.hydraulic-cylinders.net\/wp-content\/uploads\/2025\/01\/hcyy11112002-forklift-lifting-cylinder-1-480x45.webp 480w\" sizes=\"(min-width: 0px) and (max-width: 480px) 480px, (min-width: 481px) and (max-width: 980px) 980px, (min-width: 981px) and (max-width: 1280px) 1280px, (min-width: 1281px) 1514px, 100vw\" \/><\/strong><\/h1>\n<h1 style=\"text-align: center;\"><strong><img loading=\"lazy\" decoding=\"async\" class=\"alignnone size-full wp-image-16985\" src=\"https:\/\/www.hydraulic-cylinders.net\/wp-content\/uploads\/2025\/01\/hcyy11112002-forklift-lifting-cylinder-3.webp\" alt=\"\" width=\"1479\" height=\"707\" srcset=\"https:\/\/www.hydraulic-cylinders.net\/wp-content\/uploads\/2025\/01\/hcyy11112002-forklift-lifting-cylinder-3.webp 1479w, https:\/\/www.hydraulic-cylinders.net\/wp-content\/uploads\/2025\/01\/hcyy11112002-forklift-lifting-cylinder-3-1280x612.webp 1280w, https:\/\/www.hydraulic-cylinders.net\/wp-content\/uploads\/2025\/01\/hcyy11112002-forklift-lifting-cylinder-3-980x468.webp 980w, https:\/\/www.hydraulic-cylinders.net\/wp-content\/uploads\/2025\/01\/hcyy11112002-forklift-lifting-cylinder-3-480x229.webp 480w\" sizes=\"(min-width: 0px) and (max-width: 480px) 480px, (min-width: 481px) and (max-width: 980px) 980px, (min-width: 981px) and (max-width: 1280px) 1280px, (min-width: 1281px) 1479px, 100vw\" \/> <img loading=\"lazy\" decoding=\"async\" class=\"alignnone size-full wp-image-16986\" src=\"https:\/\/www.hydraulic-cylinders.net\/wp-content\/uploads\/2025\/01\/hcyy11112002-forklift-lifting-cylinder-4.webp\" alt=\"\" width=\"1477\" height=\"710\" srcset=\"https:\/\/www.hydraulic-cylinders.net\/wp-content\/uploads\/2025\/01\/hcyy11112002-forklift-lifting-cylinder-4.webp 1477w, https:\/\/www.hydraulic-cylinders.net\/wp-content\/uploads\/2025\/01\/hcyy11112002-forklift-lifting-cylinder-4-1280x615.webp 1280w, https:\/\/www.hydraulic-cylinders.net\/wp-content\/uploads\/2025\/01\/hcyy11112002-forklift-lifting-cylinder-4-980x471.webp 980w, https:\/\/www.hydraulic-cylinders.net\/wp-content\/uploads\/2025\/01\/hcyy11112002-forklift-lifting-cylinder-4-480x231.webp 480w\" sizes=\"(min-width: 0px) and (max-width: 480px) 480px, (min-width: 481px) and (max-width: 980px) 980px, (min-width: 981px) and (max-width: 1280px) 1280px, (min-width: 1281px) 1477px, 100vw\" \/> <img loading=\"lazy\" decoding=\"async\" class=\"alignnone size-full wp-image-16987\" src=\"https:\/\/www.hydraulic-cylinders.net\/wp-content\/uploads\/2025\/01\/hcyy11112002-forklift-lifting-cylinder-5.webp\" alt=\"\" width=\"1495\" height=\"730\" srcset=\"https:\/\/www.hydraulic-cylinders.net\/wp-content\/uploads\/2025\/01\/hcyy11112002-forklift-lifting-cylinder-5.webp 1495w, https:\/\/www.hydraulic-cylinders.net\/wp-content\/uploads\/2025\/01\/hcyy11112002-forklift-lifting-cylinder-5-1280x625.webp 1280w, https:\/\/www.hydraulic-cylinders.net\/wp-content\/uploads\/2025\/01\/hcyy11112002-forklift-lifting-cylinder-5-980x479.webp 980w, https:\/\/www.hydraulic-cylinders.net\/wp-content\/uploads\/2025\/01\/hcyy11112002-forklift-lifting-cylinder-5-480x234.webp 480w\" sizes=\"(min-width: 0px) and (max-width: 480px) 480px, (min-width: 481px) and (max-width: 980px) 980px, (min-width: 981px) and (max-width: 1280px) 1280px, (min-width: 1281px) 1495px, 100vw\" \/><\/strong><\/h1>\n<h1 style=\"text-align: center;\"><\/h1>\n<h2>\u00a0<strong>S\u00e9ria valcov pre vysokozdvi\u017en\u00e9 voz\u00edky:\u00a0<\/strong><\/h2>\n<h2><img loading=\"lazy\" decoding=\"async\" class=\"alignnone size-full wp-image-16971\" src=\"https:\/\/www.hydraulic-cylinders.net\/wp-content\/uploads\/2025\/01\/fork-lift-cylinder.webp\" alt=\"\" width=\"2004\" height=\"2529\" srcset=\"https:\/\/www.hydraulic-cylinders.net\/wp-content\/uploads\/2025\/01\/fork-lift-cylinder.webp 2004w, https:\/\/www.hydraulic-cylinders.net\/wp-content\/uploads\/2025\/01\/fork-lift-cylinder-1280x1615.webp 1280w, https:\/\/www.hydraulic-cylinders.net\/wp-content\/uploads\/2025\/01\/fork-lift-cylinder-980x1237.webp 980w, https:\/\/www.hydraulic-cylinders.net\/wp-content\/uploads\/2025\/01\/fork-lift-cylinder-480x606.webp 480w\" sizes=\"(min-width: 0px) and (max-width: 480px) 480px, (min-width: 481px) and (max-width: 980px) 980px, (min-width: 981px) and (max-width: 1280px) 1280px, (min-width: 1281px) 2004px, 100vw\" \/><\/h2>\n<h2><strong>K\u013e\u00fa\u010dov\u00e9 vlastnosti valca riadenia pre vysokozdvi\u017en\u00fd voz\u00edk HCYY11112002:<\/strong><\/h2>\n<ul>\n<li><strong>Odoln\u00e1 kon\u0161trukcia<\/strong>Vyroben\u00fd z prvotriednych materi\u00e1lov, model HCYY11112002 je skon\u0161truovan\u00fd tak, aby vydr\u017eal n\u00e1roky n\u00e1ro\u010dnej prev\u00e1dzky a drsn\u00fdch pracovn\u00fdch podmienok. Jeho robustn\u00e1 kon\u0161trukcia zais\u0165uje v\u00fdnimo\u010dn\u00fa dlh\u00fa \u017eivotnos\u0165 a spo\u013eahlivos\u0165, \u010d\u00edm minimalizuje potrebu \u010dast\u00fdch v\u00fdmen.<\/li>\n<li><strong>Vysok\u00e1 odozva<\/strong>Za\u017eite bezkonkuren\u010dn\u00fa kontrolu s t\u00fdmto valcom riadenia, ktor\u00fd poskytuje r\u00fdchle a presn\u00e9 reakcie riadenia. Obsluha sa dok\u00e1\u017ee bez n\u00e1mahy pohybova\u0165 v \u00fazkych z\u00e1krut\u00e1ch a na zlo\u017eit\u00fdch tras\u00e1ch, \u010do vedie k plynulej\u0161iemu zat\u00e1\u010daniu a lep\u0161ej manipul\u00e1cii s bremenami. T\u00e1to odozva nielen zvy\u0161uje efektivitu, ale aj celkov\u00fa bezpe\u010dnos\u0165.<\/li>\n<li><strong>Odolnos\u0165 proti kor\u00f3zii<\/strong>HCYY11112002 m\u00e1 \u0161peci\u00e1lne upraven\u00e9 povrchy, ktor\u00e9 odol\u00e1vaj\u00fa hrdzi a opotrebovaniu. T\u00e1to vlastnos\u0165 odoln\u00e1 vo\u010di kor\u00f3zii predl\u017euje \u017eivotnos\u0165 valca a udr\u017eiava optim\u00e1lny v\u00fdkon, a to aj v prostrediach vystaven\u00fdch vlhkosti alebo agres\u00edvnym chemik\u00e1li\u00e1m.<\/li>\n<li><strong>Jednoduch\u00e1 in\u0161tal\u00e1cia<\/strong>HCYY11112002, navrhnut\u00fd s oh\u013eadom na pohodlie pou\u017e\u00edvate\u013ea, umo\u017e\u0148uje jednoduch\u00fa in\u0161tal\u00e1ciu. Jeho intuit\u00edvny proces nastavenia minimalizuje prestoje a umo\u017e\u0148uje r\u00fdchlu v\u00fdmenu a opravy. T\u00e1to funkcia znamen\u00e1 menej preru\u0161enia va\u0161ej prev\u00e1dzky a viac \u010dasu na produktivitu.<\/li>\n<li><strong>\u0160irok\u00e1 kompatibilita<\/strong>V\u0161estrannos\u0165 je charakteristick\u00fdm znakom modelu HCYY11112002. Tento riadiaci valec, navrhnut\u00fd tak, aby vyhovoval r\u00f4znym modelom vysokozdvi\u017en\u00fdch voz\u00edkov, sa bezprobl\u00e9movo prisp\u00f4sobuje r\u00f4znym syst\u00e9mom, v\u010faka \u010domu je ide\u00e1lnou vo\u013ebou pre r\u00f4zne podniky. \u010ci u\u017e prev\u00e1dzkujete jeden typ vysokozdvi\u017en\u00e9ho voz\u00edka alebo cel\u00fd vozov\u00fd park, tento komponent s \u013eahkos\u0165ou spln\u00ed va\u0161e rozmanit\u00e9 potreby.<\/li>\n<li><strong>Vylep\u0161en\u00e9 bezpe\u010dnostn\u00e9 funkcie<\/strong>V\u010faka pokro\u010dil\u00fdm bezpe\u010dnostn\u00fdm mechanizmom zais\u0165uje model HCYY11112002 stabiln\u00fa prev\u00e1dzku za r\u00f4znych podmienok. T\u00e1to pridan\u00e1 vrstva bezpe\u010dnosti chr\u00e1ni obsluhu aj bremen\u00e1, \u010d\u00edm \u010falej zlep\u0161uje celkov\u00e9 pracovn\u00e9 prostredie.<\/li>\n<li><strong>N\u00edzke n\u00e1roky na \u00fadr\u017ebu<\/strong>Model HCYY11112002 je navrhnut\u00fd pre odolnos\u0165 a \u00fa\u010dinnos\u0165 a vy\u017eaduje si minim\u00e1lnu \u00fadr\u017ebu. Pravideln\u00e9 kontroly a ob\u010dasn\u00e9 mazanie ho udr\u017eiavaj\u00fa v najlep\u0161om v\u00fdkone, \u010do umo\u017e\u0148uje v\u00e1\u0161mu t\u00edmu s\u00fastredi\u0165 sa na svoje \u00falohy bez ob\u00e1v z \u010dast\u00e9ho servisu.<\/li>\n<\/ul>\n<p>V\u00fdberom valca riadenia pre vysokozdvi\u017en\u00fd voz\u00edk HCYY11112002 investujete do produktu, ktor\u00fd zvy\u0161uje prev\u00e1dzkov\u00fa efektivitu a prispieva k bezpe\u010dnej\u0161iemu a produkt\u00edvnej\u0161iemu pracovisku. Za\u017eite rozdiel, ktor\u00fd tieto pokro\u010dil\u00e9 funkcie m\u00f4\u017eu prinies\u0165 vo va\u0161ich oper\u00e1ci\u00e1ch manipul\u00e1cie s materi\u00e1lom!<\/p>\n<h2><strong>Ak\u00e9 s\u00fa znaky toho, \u017ee je potrebn\u00e9 vymeni\u0165 valec riadenia vysokozdvi\u017en\u00e9ho voz\u00edka?<\/strong><\/h2>\n<p>Dobre funguj\u00faci valec riadenia je k\u013e\u00fa\u010dov\u00fd pre bezpe\u010dn\u00fa prev\u00e1dzku v\u00e1\u0161ho vysokozdvi\u017en\u00e9ho voz\u00edka. Tu je nieko\u013eko varovn\u00fdch sign\u00e1lov, \u017ee by mohol by\u0165 \u010das na v\u00fdmenu:<\/p>\n<ol>\n<li><strong>\u00daniky hydraulickej kvapaliny<\/strong><br \/>\nAk si pod vysokozdvi\u017en\u00fdm voz\u00edkom v\u0161imnete ml\u00e1ky hydraulickej kvapaliny, je to varovn\u00fd sign\u00e1l. \u00daniky nazna\u010duj\u00fa, \u017ee tesnenia vo valci riadenia m\u00f4\u017eu by\u0165 opotrebovan\u00e9 alebo po\u0161koden\u00e9, \u010do ohrozuje integritu syst\u00e9mu.<\/li>\n<li><strong>\u0164a\u017ekosti s riaden\u00edm<\/strong><br \/>\n\u0164a\u017ekosti s ot\u00e1\u010dan\u00edm volantu alebo pocit siln\u00e9ho odporu m\u00f4\u017eu signalizova\u0165 z\u00e1kladn\u00e9 probl\u00e9my. Citliv\u00fd syst\u00e9m riadenia je nevyhnutn\u00fd pre efektivitu a bezpe\u010dnos\u0165, preto tieto pr\u00edznaky neignorujte.<\/li>\n<li><strong>Nezvy\u010dajn\u00e9 zvuky<\/strong><br \/>\nPo\u010das prev\u00e1dzky venujte pozornos\u0165 ak\u00fdmko\u013evek \u0161kr\u00edpav\u00fdm, v\u0155zgav\u00fdm alebo klepotav\u00fdm zvukom. Tieto zvuky m\u00f4\u017eu nazna\u010dova\u0165 mechanick\u00e9 opotrebovanie alebo nespr\u00e1vne nastavenie v r\u00e1mci valca riadenia, \u010do by mohlo vies\u0165 k v\u00e1\u017enej\u0161\u00edm probl\u00e9mom, ak sa im nevenuje pozornos\u0165.<\/li>\n<li><strong>Opotrebovan\u00e9 tesnenia a puzdr\u00e1<\/strong><br \/>\nPravidelne kontrolujte tesnenia a puzdr\u00e1, \u010di nejavia zn\u00e1mky opotrebenia. Praskliny alebo rozstrapkanie m\u00f4\u017eu vies\u0165 k \u00fanikom a zn\u00ed\u017eeniu v\u00fdkonu, preto je v\u010dasn\u00e1 v\u00fdmena nevyhnutn\u00e1.<\/li>\n<li><strong>Nekonzistentn\u00fd pohyb<\/strong><br \/>\nAk sa riadenie v\u00e1\u0161ho vysokozdvi\u017en\u00e9ho voz\u00edka jav\u00ed ako trhan\u00e9 alebo nestabiln\u00e9, m\u00f4\u017ee to znamena\u0165 probl\u00e9my s hydraulick\u00fdm syst\u00e9mom vo valci. Plynul\u00e9 riadenie je nevyhnutn\u00e9 pre presn\u00e9 man\u00e9vrovanie, najm\u00e4 v stiesnen\u00fdch priestoroch.<\/li>\n<li><strong>Nadmern\u00e1 hra<\/strong><br \/>\nZnate\u013en\u00e9 zv\u00fd\u0161enie v\u00f4le alebo uvo\u013enenia volantu m\u00f4\u017ee nazna\u010dova\u0165 poruchu valca riadenia. To m\u00f4\u017ee ovplyvni\u0165 va\u0161u kontrolu a zv\u00fd\u0161i\u0165 riziko neh\u00f4d.<\/li>\n<li><strong>V\u00fdstra\u017en\u00e9 svetl\u00e1<\/strong><br \/>\nMnoh\u00e9 modern\u00e9 vysokozdvi\u017en\u00e9 voz\u00edky maj\u00fa diagnostick\u00e9 syst\u00e9my, ktor\u00e9 v\u00e1s upozornia na potenci\u00e1lne probl\u00e9my. Ak uvid\u00edte v\u00fdstra\u017en\u00e9 svetlo s\u00favisiace s riaden\u00edm, berte to v\u00e1\u017ene a okam\u017eite to pre\u0161etrite.<\/li>\n<\/ol>\n<p>Proakt\u00edvny pr\u00edstup k t\u00fdmto pr\u00edznakom v\u00e1m m\u00f4\u017ee u\u0161etri\u0165 n\u00e1kladn\u00e9 opravy a nebezpe\u010dn\u00e9 prev\u00e1dzkov\u00e9 podmienky. Pravideln\u00e1 \u00fadr\u017eba a v\u010dasn\u00e9 v\u00fdmeny zabezpe\u010duj\u00fa, \u017ee v\u00e1\u0161 vysokozdvi\u017en\u00fd voz\u00edk zostane spo\u013eahliv\u00fd a efekt\u00edvny. Ak spozorujete niektor\u00fd z t\u00fdchto pr\u00edznakov, pora\u010fte sa s odborn\u00edkom, aby pos\u00fadil situ\u00e1ciu a zv\u00e1\u017eil v\u00fdmenu valca riadenia pre optim\u00e1lny v\u00fdkon. Va\u0161a bezpe\u010dnos\u0165 a produktivita od toho z\u00e1visia!<\/p>\n<h2><strong>V\u00fdrobn\u00e1 oblas\u0165 valcov pre vysokozdvi\u017en\u00e9 voz\u00edky:<\/strong><\/h2>\n<h2><img loading=\"lazy\" decoding=\"async\" class=\"alignnone size-full wp-image-16972\" src=\"https:\/\/www.hydraulic-cylinders.net\/wp-content\/uploads\/2025\/01\/hydraulic-cylinder-factory-1-scaled.webp\" alt=\"\" width=\"2016\" height=\"2560\" srcset=\"https:\/\/www.hydraulic-cylinders.net\/wp-content\/uploads\/2025\/01\/hydraulic-cylinder-factory-1-scaled.webp 2016w, https:\/\/www.hydraulic-cylinders.net\/wp-content\/uploads\/2025\/01\/hydraulic-cylinder-factory-1-1280x1625.webp 1280w, https:\/\/www.hydraulic-cylinders.net\/wp-content\/uploads\/2025\/01\/hydraulic-cylinder-factory-1-980x1244.webp 980w, https:\/\/www.hydraulic-cylinders.net\/wp-content\/uploads\/2025\/01\/hydraulic-cylinder-factory-1-480x610.webp 480w\" sizes=\"(min-width: 0px) and (max-width: 480px) 480px, (min-width: 481px) and (max-width: 980px) 980px, (min-width: 981px) and (max-width: 1280px) 1280px, (min-width: 1281px) 2016px, 100vw\" \/><\/h2>\n<p>Disponujeme prvotriednou nez\u00e1vislou v\u00fdskumnou a v\u00fdvojovou platformou pre mont\u00e1\u017e. Diel\u0148a na v\u00fdrobu valcov pre vysokozdvi\u017en\u00e9 voz\u00edky m\u00e1 \u0161tyri poloautomatick\u00e9 mont\u00e1\u017ene linky na zdv\u00edhacie valce a plne automatick\u00fa mont\u00e1\u017enu linku nakl\u00e1pac\u00edch valcov s projektovanou ro\u010dnou v\u00fdrobnou kapacitou mili\u00f3na kusov. Diel\u0148a na v\u00fdrobu \u0161peci\u00e1lnych valcov m\u00e1 poloautomatick\u00e9 \u010distiace a mont\u00e1\u017ene syst\u00e9my r\u00f4znych \u0161pecifik\u00e1ci\u00ed s projektovanou ro\u010dnou v\u00fdrobnou kapacitou 200 000 kusov. Je vybaven\u00e1 CNC obr\u00e1bac\u00edmi zariadeniami zn\u00e1mych zna\u010diek, obr\u00e1bac\u00edmi centrami, \u0161peci\u00e1lnymi zariadeniami na vysoko presn\u00e9 spracovanie valcov, robotick\u00fdmi zv\u00e1rac\u00edmi strojmi, automatick\u00fdmi \u010distiacimi strojmi, automatick\u00fdmi mont\u00e1\u017enymi strojmi na valce a automatick\u00fdmi linkami na v\u00fdrobu farieb. M\u00e1me v prev\u00e1dzke viac ako 300 s\u00e1d k\u013e\u00fa\u010dov\u00fdch zariaden\u00ed. Optimalizovan\u00e9 pride\u013eovanie a efekt\u00edvne vyu\u017e\u00edvanie zdrojov zariaden\u00ed zabezpe\u010duje presn\u00e9 po\u017eiadavky na v\u00fdrobky a sp\u013a\u0148a vysok\u00e9 \u0161tandardy kvality v\u00fdrobkov.<\/p>\n<p>Obr\u00e1bacia diel\u0148a je vybaven\u00e1 s\u00fastru\u017en\u00edckymi centrami s nakl\u00e1pac\u00edmi vodiacimi ko\u013eajnicami vyroben\u00fdmi na mieru, obr\u00e1bac\u00edmi centrami, vysokor\u00fdchlostn\u00fdmi honovac\u00edmi strojmi, zv\u00e1rac\u00edmi robotmi a \u010fal\u0161\u00edm relevantn\u00fdm zariaden\u00edm, ktor\u00e9 dok\u00e1\u017eu obr\u00e1ba\u0165 valcov\u00e9 r\u00fary s maxim\u00e1lnym vn\u00fatorn\u00fdm priemerom 400 mm a maxim\u00e1lnou d\u013a\u017ekou 6 metrov.<\/p>\n<h2><img loading=\"lazy\" decoding=\"async\" class=\"alignnone size-full wp-image-16973\" src=\"https:\/\/www.hydraulic-cylinders.net\/wp-content\/uploads\/2025\/01\/hydraulic-cylinder-factory-2-scaled.webp\" alt=\"\" width=\"2011\" height=\"2560\" srcset=\"https:\/\/www.hydraulic-cylinders.net\/wp-content\/uploads\/2025\/01\/hydraulic-cylinder-factory-2-scaled.webp 2011w, https:\/\/www.hydraulic-cylinders.net\/wp-content\/uploads\/2025\/01\/hydraulic-cylinder-factory-2-1280x1629.webp 1280w, https:\/\/www.hydraulic-cylinders.net\/wp-content\/uploads\/2025\/01\/hydraulic-cylinder-factory-2-980x1248.webp 980w, https:\/\/www.hydraulic-cylinders.net\/wp-content\/uploads\/2025\/01\/hydraulic-cylinder-factory-2-480x611.webp 480w\" sizes=\"(min-width: 0px) and (max-width: 480px) 480px, (min-width: 481px) and (max-width: 980px) 980px, (min-width: 981px) and (max-width: 1280px) 1280px, (min-width: 1281px) 2011px, 100vw\" \/><\/h2>\n<p>Disponujeme plne automatickou linkou na nan\u00e1\u0161anie farieb na vodnej b\u00e1ze pre mal\u00e9 a stredn\u00e9 valce, ktor\u00e1 realizuje automatick\u00e9 nakladanie a vykladanie a automatick\u00e9 striekacie roboty s projektovanou v\u00fdrobnou kapacitou 4000 miest za smenu. M\u00e1me \u010fal\u0161iu poloautomatick\u00fa lakovaciu linku pre ve\u013ek\u00e9 valce poh\u00e1\u0148an\u00fa re\u0165azou s projektovanou kapacitou 60 prepraviek za smenu.<\/p>\n<p>S cie\u013eom \u010falej zlep\u0161i\u0165 v\u00fdkonnos\u0165 na\u0161ich produktov a upevni\u0165 si ved\u00facu poz\u00edciu na\u0161ich hydraulick\u00fdch valcov v tomto odvetv\u00ed sme spolo\u010dne so spolo\u010dnos\u0165ou zjimee zalo\u017eili komplexn\u00e9 laborat\u00f3rium pre hydraulick\u00e9 valce, hydraulick\u00e9 ventily a hydraulick\u00e9 \u010derpadl\u00e1. Laborat\u00f3rium vyu\u017e\u00edva po\u010d\u00edta\u010dom podporovan\u00e9 testovanie s vyu\u017eit\u00edm elektrohydraulickej technol\u00f3gie, pri\u010dom testovacie podmienky s\u00fa prednastaven\u00e9 po\u010d\u00edta\u010dom, \u010do zlep\u0161uje presnos\u0165 testu a v\u0161estrannos\u0165 syst\u00e9mu, ako aj experiment\u00e1lne \u00fadaje.<\/p>\n<p>Automatick\u00fd zber sa realizuje pomocou senzorov a v\u00fdstupn\u00e9 \u00fadaje, ako napr\u00edklad vn\u00fatorn\u00fd \u00fanik a \u00fa\u010dinnos\u0165 za\u0165a\u017eenia valca alebo ventilu, s\u00fa priamo spracov\u00e1van\u00e9 po\u010d\u00edta\u010dom a prev\u00e1dzan\u00e9 na \u0161tandardn\u00e9 jednotky (ml\/min%). Z\u00e1rove\u0148 sa na zaistenie prev\u00e1dzkovej bezpe\u010dnosti hydraulick\u00e9ho syst\u00e9mu vykon\u00e1va funkcia monitorovania stavu k\u013e\u00fa\u010dov\u00fdch v\u00fdkonnostn\u00fdch parametrov, ako je \u201emonitorovanie teploty oleja, monitorovanie hladiny kvapaliny, monitorovanie filtra\u010dn\u00e9ho zariadenia\u201c at\u010f. Okrem in\u00e9ho, \u200b\u200bsk\u00fa\u0161obn\u00fd stojan hydraulick\u00fdch valcov dok\u00e1\u017ee testova\u0165 v\u00fdkon \u201eza\u0165a\u017eenia\u201c.<br \/>\n\u00fa\u010dinnos\u0165 \u201ea\u201c vn\u00fatorn\u00e1 netesnos\u0165\u201c nameran\u00fdmi hodnotami. Z\u00e1rove\u0148 je vybaven\u00fd merac\u00edm pr\u00edstrojom s mrie\u017ekov\u00fdm prav\u00edtkom, ktor\u00fd sp\u013a\u0148a po\u017eiadavky v\u0161etk\u00fdch testovan\u00fdch polo\u017eiek hydraulick\u00fdch valcov pod\u013ea n\u00e1rodnej normy.<\/p>","protected":false},"excerpt":{"rendered":"<p>HCYY11112002 Forklift Steering Cylinder\u00a0 The HCYY11112002 Forklift Steering Cylinder stands as a vital component that significantly boosts the maneuverability and control of forklifts across diverse operational environments. Crafted for both efficiency and reliability, this steering cylinder empowers operators to navigate tight spaces and manage heavy loads effortlessly. As an essential part of any forklift operation, [&hellip;]<\/p>","protected":false},"featured_media":16988,"comment_status":"open","ping_status":"closed","template":"","meta":{"_et_pb_use_builder":"","_et_pb_old_content":"","_et_gb_content_width":""},"product_brand":[],"product_cat":[1550,1484,1376],"product_tag":[],"class_list":{"0":"post-16982","1":"product","2":"type-product","3":"status-publish","4":"has-post-thumbnail","6":"product_cat-double-acting-hydraulic-cylinder","7":"product_cat-forklift-hydraulic-cylinders","8":"product_cat-hydraulic-cylinder","10":"first","11":"instock","12":"shipping-taxable","13":"product-type-simple"},"amp_enabled":true,"_links":{"self":[{"href":"https:\/\/www.hydraulic-cylinders.net\/sk\/wp-json\/wp\/v2\/product\/16982","targetHints":{"allow":["GET"]}}],"collection":[{"href":"https:\/\/www.hydraulic-cylinders.net\/sk\/wp-json\/wp\/v2\/product"}],"about":[{"href":"https:\/\/www.hydraulic-cylinders.net\/sk\/wp-json\/wp\/v2\/types\/product"}],"replies":[{"embeddable":true,"href":"https:\/\/www.hydraulic-cylinders.net\/sk\/wp-json\/wp\/v2\/comments?post=16982"}],"wp:featuredmedia":[{"embeddable":true,"href":"https:\/\/www.hydraulic-cylinders.net\/sk\/wp-json\/wp\/v2\/media\/16988"}],"wp:attachment":[{"href":"https:\/\/www.hydraulic-cylinders.net\/sk\/wp-json\/wp\/v2\/media?parent=16982"}],"wp:term":[{"taxonomy":"product_brand","embeddable":true,"href":"https:\/\/www.hydraulic-cylinders.net\/sk\/wp-json\/wp\/v2\/product_brand?post=16982"},{"taxonomy":"product_cat","embeddable":true,"href":"https:\/\/www.hydraulic-cylinders.net\/sk\/wp-json\/wp\/v2\/product_cat?post=16982"},{"taxonomy":"product_tag","embeddable":true,"href":"https:\/\/www.hydraulic-cylinders.net\/sk\/wp-json\/wp\/v2\/product_tag?post=16982"}],"curies":[{"name":"pracovn\u00fd list","href":"https:\/\/api.w.org\/{rel}","templated":true}]}}