{"id":17032,"date":"2025-01-23T08:17:40","date_gmt":"2025-01-23T08:17:40","guid":{"rendered":"https:\/\/www.hydraulic-cylinders.net\/?post_type=product&#038;p=17032"},"modified":"2025-04-15T05:47:52","modified_gmt":"2025-04-15T05:47:52","slug":"hcyy11112014-swing-arm-cylinder-for-environmental-protection","status":"publish","type":"product","link":"https:\/\/www.hydraulic-cylinders.net\/sk\/produkt\/hcyy11112014-swing-arm-cylinder-for-environmental-protection\/","title":{"rendered":"HCYY11112014 Valec oto\u010dn\u00e9ho ramena na ochranu \u017eivotn\u00e9ho prostredia"},"content":{"rendered":"<h1 style=\"text-align: center;\"><strong>HCYY11112014 Valec oto\u010dn\u00e9ho ramena na ochranu \u017eivotn\u00e9ho prostredia<\/strong><\/h1>\n<h1 style=\"text-align: center;\"><img loading=\"lazy\" decoding=\"async\" class=\"alignnone size-full wp-image-17034\" src=\"https:\/\/www.hydraulic-cylinders.net\/wp-content\/uploads\/2025\/01\/hcyy11112014-swing-arm-cylinder-2.webp\" alt=\"\" width=\"1495\" height=\"516\" srcset=\"https:\/\/www.hydraulic-cylinders.net\/wp-content\/uploads\/2025\/01\/hcyy11112014-swing-arm-cylinder-2.webp 1495w, https:\/\/www.hydraulic-cylinders.net\/wp-content\/uploads\/2025\/01\/hcyy11112014-swing-arm-cylinder-2-1280x442.webp 1280w, https:\/\/www.hydraulic-cylinders.net\/wp-content\/uploads\/2025\/01\/hcyy11112014-swing-arm-cylinder-2-980x338.webp 980w, https:\/\/www.hydraulic-cylinders.net\/wp-content\/uploads\/2025\/01\/hcyy11112014-swing-arm-cylinder-2-480x166.webp 480w\" sizes=\"(min-width: 0px) and (max-width: 480px) 480px, (min-width: 481px) and (max-width: 980px) 980px, (min-width: 981px) and (max-width: 1280px) 1280px, (min-width: 1281px) 1495px, 100vw\" \/><\/h1>\n<p>Valec kyvn\u00e9ho ramena HCYY11112014 je najmodernej\u0161ie rie\u0161enie, ktor\u00e9 zvy\u0161uje prev\u00e1dzkov\u00fa efektivitu a z\u00e1rove\u0148 uprednost\u0148uje environment\u00e1lnu udr\u017eate\u013enos\u0165. Tento inovat\u00edvny produkt sl\u00fa\u017ei r\u00f4znym odvetviam a poskytuje spo\u013eahliv\u00fd v\u00fdkon s minim\u00e1lnym ekologick\u00fdm dopadom.<\/p>\n<p>Ako v\u00fdznamn\u00fd pokrok v ekologickej technol\u00f3gii steles\u0148uje valec s oto\u010dn\u00fdm ramenom HCYY11112014 odolnos\u0165 a \u00fa\u010dinnos\u0165, v\u010faka \u010domu je ide\u00e1lnou vo\u013ebou pre podniky zaviazan\u00e9 k udr\u017eate\u013enosti. Za\u010dlenen\u00edm tohto produktu do va\u0161ich prev\u00e1dzok nielen\u017ee zv\u00fd\u0161ite produktivitu, ale tie\u017e prispejete k zdrav\u0161ej plan\u00e9te. Urobte e\u0161te dnes inteligentn\u00e9 rozhodnutie investovan\u00edm do HCYY11112014 a vysk\u00fa\u0161ajte v\u00fdhody \u0161pi\u010dkovej technol\u00f3gie navrhnutej s oh\u013eadom na ochranu \u017eivotn\u00e9ho prostredia.<\/p>\n<h2><strong>HCYY11112014 Valec oto\u010dn\u00e9ho ramena pre parameter ochrany \u017eivotn\u00e9ho prostredia:<\/strong><\/h2>\n<h1 style=\"text-align: center;\"><img loading=\"lazy\" decoding=\"async\" class=\"alignnone size-full wp-image-17033\" src=\"https:\/\/www.hydraulic-cylinders.net\/wp-content\/uploads\/2025\/01\/hcyy11112014-swing-arm-cylinder-1.webp\" alt=\"\" width=\"1515\" height=\"142\" srcset=\"https:\/\/www.hydraulic-cylinders.net\/wp-content\/uploads\/2025\/01\/hcyy11112014-swing-arm-cylinder-1.webp 1515w, https:\/\/www.hydraulic-cylinders.net\/wp-content\/uploads\/2025\/01\/hcyy11112014-swing-arm-cylinder-1-1280x120.webp 1280w, https:\/\/www.hydraulic-cylinders.net\/wp-content\/uploads\/2025\/01\/hcyy11112014-swing-arm-cylinder-1-980x92.webp 980w, https:\/\/www.hydraulic-cylinders.net\/wp-content\/uploads\/2025\/01\/hcyy11112014-swing-arm-cylinder-1-480x45.webp 480w\" sizes=\"(min-width: 0px) and (max-width: 480px) 480px, (min-width: 481px) and (max-width: 980px) 980px, (min-width: 981px) and (max-width: 1280px) 1280px, (min-width: 1281px) 1515px, 100vw\" \/><\/h1>\n<h1 style=\"text-align: center;\"><img loading=\"lazy\" decoding=\"async\" class=\"alignnone size-full wp-image-17035\" src=\"https:\/\/www.hydraulic-cylinders.net\/wp-content\/uploads\/2025\/01\/hcyy11112014-swing-arm-cylinder-3.webp\" alt=\"\" width=\"1480\" height=\"710\" srcset=\"https:\/\/www.hydraulic-cylinders.net\/wp-content\/uploads\/2025\/01\/hcyy11112014-swing-arm-cylinder-3.webp 1480w, https:\/\/www.hydraulic-cylinders.net\/wp-content\/uploads\/2025\/01\/hcyy11112014-swing-arm-cylinder-3-1280x614.webp 1280w, https:\/\/www.hydraulic-cylinders.net\/wp-content\/uploads\/2025\/01\/hcyy11112014-swing-arm-cylinder-3-980x470.webp 980w, https:\/\/www.hydraulic-cylinders.net\/wp-content\/uploads\/2025\/01\/hcyy11112014-swing-arm-cylinder-3-480x230.webp 480w\" sizes=\"(min-width: 0px) and (max-width: 480px) 480px, (min-width: 481px) and (max-width: 980px) 980px, (min-width: 981px) and (max-width: 1280px) 1280px, (min-width: 1281px) 1480px, 100vw\" \/> <img loading=\"lazy\" decoding=\"async\" class=\"alignnone size-full wp-image-17036\" src=\"https:\/\/www.hydraulic-cylinders.net\/wp-content\/uploads\/2025\/01\/hcyy11112014-swing-arm-cylinder-4.webp\" alt=\"\" width=\"1476\" height=\"707\" srcset=\"https:\/\/www.hydraulic-cylinders.net\/wp-content\/uploads\/2025\/01\/hcyy11112014-swing-arm-cylinder-4.webp 1476w, https:\/\/www.hydraulic-cylinders.net\/wp-content\/uploads\/2025\/01\/hcyy11112014-swing-arm-cylinder-4-1280x613.webp 1280w, https:\/\/www.hydraulic-cylinders.net\/wp-content\/uploads\/2025\/01\/hcyy11112014-swing-arm-cylinder-4-980x469.webp 980w, https:\/\/www.hydraulic-cylinders.net\/wp-content\/uploads\/2025\/01\/hcyy11112014-swing-arm-cylinder-4-480x230.webp 480w\" sizes=\"(min-width: 0px) and (max-width: 480px) 480px, (min-width: 481px) and (max-width: 980px) 980px, (min-width: 981px) and (max-width: 1280px) 1280px, (min-width: 1281px) 1476px, 100vw\" \/> <img loading=\"lazy\" decoding=\"async\" class=\"alignnone size-full wp-image-17037\" src=\"https:\/\/www.hydraulic-cylinders.net\/wp-content\/uploads\/2025\/01\/hcyy11112014-swing-arm-cylinder-5.webp\" alt=\"\" width=\"1411\" height=\"704\" srcset=\"https:\/\/www.hydraulic-cylinders.net\/wp-content\/uploads\/2025\/01\/hcyy11112014-swing-arm-cylinder-5.webp 1411w, https:\/\/www.hydraulic-cylinders.net\/wp-content\/uploads\/2025\/01\/hcyy11112014-swing-arm-cylinder-5-1280x639.webp 1280w, https:\/\/www.hydraulic-cylinders.net\/wp-content\/uploads\/2025\/01\/hcyy11112014-swing-arm-cylinder-5-980x489.webp 980w, https:\/\/www.hydraulic-cylinders.net\/wp-content\/uploads\/2025\/01\/hcyy11112014-swing-arm-cylinder-5-480x239.webp 480w\" sizes=\"(min-width: 0px) and (max-width: 480px) 480px, (min-width: 481px) and (max-width: 980px) 980px, (min-width: 981px) and (max-width: 1280px) 1280px, (min-width: 1281px) 1411px, 100vw\" \/><\/h1>\n<h2><strong>S\u00e9ria valcov na ochranu \u017eivotn\u00e9ho prostredia:<\/strong><\/h2>\n<h2><img loading=\"lazy\" decoding=\"async\" class=\"alignnone size-full wp-image-17030\" src=\"https:\/\/www.hydraulic-cylinders.net\/wp-content\/uploads\/2025\/01\/cylinder-series-for-environmental-protection-scaled.webp\" alt=\"\" width=\"2044\" height=\"2560\" srcset=\"https:\/\/www.hydraulic-cylinders.net\/wp-content\/uploads\/2025\/01\/cylinder-series-for-environmental-protection-scaled.webp 2044w, https:\/\/www.hydraulic-cylinders.net\/wp-content\/uploads\/2025\/01\/cylinder-series-for-environmental-protection-1280x1603.webp 1280w, https:\/\/www.hydraulic-cylinders.net\/wp-content\/uploads\/2025\/01\/cylinder-series-for-environmental-protection-980x1227.webp 980w, https:\/\/www.hydraulic-cylinders.net\/wp-content\/uploads\/2025\/01\/cylinder-series-for-environmental-protection-480x601.webp 480w\" sizes=\"(min-width: 0px) and (max-width: 480px) 480px, (min-width: 481px) and (max-width: 980px) 980px, (min-width: 981px) and (max-width: 1280px) 1280px, (min-width: 1281px) 2044px, 100vw\" \/><\/h2>\n<h2><strong>K\u013e\u00fa\u010dov\u00e9 vlastnosti valca oto\u010dn\u00e9ho ramena HCYY11112014 pre ochranu \u017eivotn\u00e9ho prostredia:<\/strong><\/h2>\n<h4><strong>Ekologick\u00e9 materi\u00e1ly<\/strong><\/h4>\n<p>Valec s oto\u010dn\u00fdm ramenom HCYY11112014 je vyroben\u00fd z vysoko kvalitn\u00fdch, recyklovate\u013en\u00fdch a udr\u017eate\u013en\u00fdch materi\u00e1lov. Tento z\u00e1v\u00e4zok k zodpovednej v\u00fdrobe minimalizuje vplyv na \u017eivotn\u00e9 prostredie a podporuje obehov\u00e9 hospod\u00e1rstvo. V\u00fdberom tohto valca prispievate k bud\u00facnosti, v ktorej sa zni\u017euje odpad a maximalizuj\u00fa zdroje.<\/p>\n<h4><strong>N\u00edzka spotreba energie<\/strong><\/h4>\n<p>Designed with energy efficiency in mind, the HCYY11112014 significantly lowers operational costs. Its innovative engineering reduces energy usage, leading to decreased carbon emissions. This means that not only do you save on expenses, but you also play a vital role in combating climate change. It&#8217;s a win-win for your business and the planet.<\/p>\n<h4><strong>Pokro\u010dil\u00e1 technol\u00f3gia tesnenia<\/strong><\/h4>\n<p>Bezpe\u010dnos\u0165 a ochrana \u017eivotn\u00e9ho prostredia s\u00fa prvorad\u00e9, preto je model HCYY11112014 vybaven\u00fd najmodernej\u0161\u00edmi tesniacimi mechanizmami. Tieto pokro\u010dil\u00e9 tesnenia \u00fa\u010dinne zabra\u0148uj\u00fa \u00faniku nebezpe\u010dn\u00fdch l\u00e1tok a zabezpe\u010duj\u00fa, \u017ee va\u0161a prev\u00e1dzka neohroz\u00ed okolit\u00fd ekosyst\u00e9m. T\u00e1to technol\u00f3gia zvy\u0161uje bezpe\u010dnos\u0165 a podporuje d\u00f4veru medzi zainteresovan\u00fdmi stranami a komunitou.<\/p>\n<h4><strong>Odoln\u00e1 kon\u0161trukcia<\/strong><\/h4>\n<p>Model HCYY11112014, vyroben\u00fd tak, aby odolal t\u00fdm najn\u00e1ro\u010dnej\u0161\u00edm podmienkam, sa p\u00fd\u0161i v\u00fdnimo\u010dnou odolnos\u0165ou. Jeho robustn\u00e1 kon\u0161trukcia zais\u0165uje dlh\u00fa \u017eivotnos\u0165 a minimalizuje potrebu \u010dast\u00fdch v\u00fdmen. T\u00e1to odolnos\u0165 sa premieta do spo\u013eahlivosti, \u010do umo\u017e\u0148uje plynul\u00fd chod va\u0161ej prev\u00e1dzky bez preru\u0161en\u00ed a zni\u017euje celkov\u00e9 n\u00e1klady na \u00fadr\u017ebu.<\/p>\n<h4><strong>Kompaktn\u00fd dizajn<\/strong><\/h4>\n<p>The HCYY11112014&#8217;s innovative compact design makes it a versatile choice for various applications. Its space-saving profile allows for seamless integration into existing systems without sacrificing performance. This adaptability enables you to optimize your workspace, maximizing efficiency and productivity in your operations.<\/p>\n<p>V\u00fdberom valca s oto\u010dn\u00fdm ramenom HCYY11112014 si zaobstar\u00e1vate produkt, ktor\u00fd steles\u0148uje udr\u017eate\u013enos\u0165, efekt\u00edvnos\u0165 a inov\u00e1ciu. Za\u017eite rozdiel, ktor\u00fd m\u00f4\u017ee environment\u00e1lne uvedomel\u00e9 in\u017einierstvo prinies\u0165 pre va\u0161e podnikanie a bud\u00facnos\u0165 na\u0161ej plan\u00e9ty.<\/p>\n<h2><strong>\u010co rob\u00ed valec kyvn\u00e9ho ramena Hcyy11112014 ekologick\u00fdm?<\/strong><\/h2>\n<p>Valec kyvn\u00e9ho ramena HCYY11112014 vynik\u00e1 ako ekologick\u00e1 vo\u013eba z nieko\u013ek\u00fdch presved\u010div\u00fdch d\u00f4vodov:<\/p>\n<h4><strong>1. Udr\u017eate\u013en\u00e9 materi\u00e1ly<\/strong><\/h4>\n<p>T\u00e1to f\u013ea\u0161a, vyroben\u00e1 z recyklovate\u013en\u00fdch a udr\u017eate\u013en\u00fdch materi\u00e1lov, odr\u00e1\u017ea z\u00e1v\u00e4zok k zodpovednej v\u00fdrobe. V\u00fdberom tohto produktu podporujete obehov\u00e9 hospod\u00e1rstvo, ktor\u00e9 uprednost\u0148uje ochranu zdrojov a zni\u017euje mno\u017estvo odpadu.<\/p>\n<h4><strong>2. Energetick\u00e1 \u00fa\u010dinnos\u0165<\/strong><\/h4>\n<p>Model HCYY11112014, navrhnut\u00fd s n\u00edzkou spotrebou energie, v\u00fdrazne zni\u017euje prev\u00e1dzkov\u00e9 n\u00e1klady. Jeho energeticky \u00fasporn\u00e1 technol\u00f3gia v\u00e1m \u0161etr\u00ed peniaze a zni\u017euje emisie uhl\u00edka, \u010d\u00edm zohr\u00e1va k\u013e\u00fa\u010dov\u00fa \u00falohu v boji proti zmene kl\u00edmy. To znamen\u00e1, \u017ee m\u00f4\u017eete zv\u00fd\u0161i\u0165 produktivitu a z\u00e1rove\u0148 by\u0165 \u0161etrn\u00ed k plan\u00e9te.<\/p>\n<h4><strong>3. Pokro\u010dil\u00e1 technol\u00f3gia tesnenia<\/strong><\/h4>\n<p>Bezpe\u010dnos\u0165 je prvorad\u00e1 a HCYY11112014 v tejto oblasti vynik\u00e1. Jeho najmodernej\u0161ie tesniace mechanizmy \u00fa\u010dinne zabra\u0148uj\u00fa \u00faniku nebezpe\u010dn\u00fdch l\u00e1tok, \u010d\u00edm chr\u00e1nia \u017eivotn\u00e9 prostredie a zabezpe\u010duj\u00fa s\u00falad s bezpe\u010dnostn\u00fdmi normami. T\u00e1to technol\u00f3gia posil\u0148uje d\u00f4veru medzi zainteresovan\u00fdmi stranami a preukazuje z\u00e1v\u00e4zok k ochrane \u017eivotn\u00e9ho prostredia.<\/p>\n<h4><strong>4. V\u00fdnimo\u010dn\u00e1 odolnos\u0165<\/strong><\/h4>\n<p>Model HCYY11112014, vyroben\u00fd tak, aby odolal n\u00e1ro\u010dn\u00fdm podmienkam, pon\u00faka dlh\u00fa \u017eivotnos\u0165. T\u00e1to odolnos\u0165 zni\u017euje potrebu \u010dast\u00fdch v\u00fdmen, minimalizuje odpad a prispieva k udr\u017eate\u013enej\u0161iemu prev\u00e1dzkov\u00e9mu modelu. S t\u00fdmto valcom profitujete zo spo\u013eahlivosti a pokoja v du\u0161i.<\/p>\n<h4><strong>5. Priestorovo \u00fasporn\u00fd dizajn<\/strong><\/h4>\n<p>Jeho kompaktn\u00fd dizajn umo\u017e\u0148uje jednoduch\u00fa integr\u00e1ciu do existuj\u00facich syst\u00e9mov bez straty v\u00fdkonu. T\u00e1to prisp\u00f4sobivos\u0165 optimalizuje v\u00e1\u0161 pracovn\u00fd priestor a zvy\u0161uje celkov\u00fa efektivitu, v\u010faka \u010domu je v\u0161estrann\u00fdm rie\u0161en\u00edm pre r\u00f4zne aplik\u00e1cie.<\/p>\n<p>In summary, the HCYY11112014 Swing Arm Cylinder is more than just a functional component; it\u2019s a forward-thinking investment in sustainability. By choosing this eco-friendly option, you&#8217;re making a positive impact on both your operations and the environment, paving the way for a greener future.<\/p>\n<h2><strong>V\u00fdrobn\u00e1 oblas\u0165 valcov pre vysokozdvi\u017en\u00e9 voz\u00edky:<\/strong><\/h2>\n<h2><img loading=\"lazy\" decoding=\"async\" class=\"alignnone size-full wp-image-16972\" src=\"https:\/\/www.hydraulic-cylinders.net\/wp-content\/uploads\/2025\/01\/hydraulic-cylinder-factory-1-scaled.webp\" alt=\"\" width=\"2016\" height=\"2560\" srcset=\"https:\/\/www.hydraulic-cylinders.net\/wp-content\/uploads\/2025\/01\/hydraulic-cylinder-factory-1-scaled.webp 2016w, https:\/\/www.hydraulic-cylinders.net\/wp-content\/uploads\/2025\/01\/hydraulic-cylinder-factory-1-1280x1625.webp 1280w, https:\/\/www.hydraulic-cylinders.net\/wp-content\/uploads\/2025\/01\/hydraulic-cylinder-factory-1-980x1244.webp 980w, https:\/\/www.hydraulic-cylinders.net\/wp-content\/uploads\/2025\/01\/hydraulic-cylinder-factory-1-480x610.webp 480w\" sizes=\"(min-width: 0px) and (max-width: 480px) 480px, (min-width: 481px) and (max-width: 980px) 980px, (min-width: 981px) and (max-width: 1280px) 1280px, (min-width: 1281px) 2016px, 100vw\" \/><\/h2>\n<p>P\u00fd\u0161ime sa najmodernej\u0161ou nez\u00e1vislou platformou v\u00fdskumu a v\u00fdvoja zameranou na mont\u00e1\u017e, ktor\u00e1 zabezpe\u010duje \u0161pi\u010dkov\u00e9 inov\u00e1cie a kvalitu v na\u0161ich v\u00fdrobn\u00fdch procesoch. Na\u0161a diel\u0148a na v\u00fdrobu valcov pre vysokozdvi\u017en\u00e9 voz\u00edky disponuje \u0161tyrmi poloautomatick\u00fdmi mont\u00e1\u017enymi linkami na zdv\u00edhanie valcov a plne automatickou mont\u00e1\u017enou linkou nakl\u00e1pac\u00edch valcov, ktor\u00e9 s\u00fa spolu navrhnut\u00e9 tak, aby ro\u010dne vyrobili a\u017e jeden mili\u00f3n kusov.<\/p>\n<p>Na\u0161a \u0161pecializovan\u00e1 diel\u0148a na v\u00fdrobu valcov je navy\u0161e vybaven\u00e1 poloautomatick\u00fdmi \u010distiacimi a mont\u00e1\u017enymi syst\u00e9mami prisp\u00f4soben\u00fdmi r\u00f4znym \u0161pecifik\u00e1ci\u00e1m s ro\u010dnou v\u00fdrobnou kapacitou 200 000 kusov. Na vysoko presn\u00e9 spracovanie valcov vyu\u017e\u00edvame renomovan\u00e9 CNC zariadenia, obr\u00e1bacie centr\u00e1 a \u0161pecializovan\u00e9 n\u00e1stroje. Na\u0161e zariadenie zah\u0155\u0148a aj pokro\u010dil\u00e9 robotick\u00e9 zv\u00e1racie stroje, automatick\u00e9 \u010distiace syst\u00e9my a plne automatizovan\u00e9 linky na mont\u00e1\u017e a lakovanie valcov. S viac ako 300 k\u013e\u00fa\u010dov\u00fdmi zariadeniami v prev\u00e1dzke optimalizujeme alok\u00e1ciu zdrojov a zabezpe\u010dujeme efekt\u00edvne vyu\u017eitie, pri\u010dom sp\u013a\u0148ame pr\u00edsne \u0161tandardy presnosti a kvality.<\/p>\n<p>Na\u0161a obr\u00e1bacia diel\u0148a m\u00e1 z\u00e1kazkov\u00e9 s\u00fastru\u017en\u00edcke centr\u00e1 s nakl\u00e1pac\u00edmi vodiacimi ko\u013eajnicami, obr\u00e1bacie centr\u00e1, vysokor\u00fdchlostn\u00e9 honovacie stroje, zv\u00e1racie roboty a \u010fal\u0161ie potrebn\u00e9 vybavenie. Toto nastavenie n\u00e1m umo\u017e\u0148uje obr\u00e1ba\u0165 valcov\u00e9 r\u00fary s maxim\u00e1lnym vn\u00fatorn\u00fdm priemerom 400 mm a d\u013a\u017ekou a\u017e 6 metrov, \u010do \u010falej zvy\u0161uje na\u0161e v\u00fdrobn\u00e9 mo\u017enosti.<\/p>\n<h2><img loading=\"lazy\" decoding=\"async\" class=\"alignnone size-full wp-image-16973\" src=\"https:\/\/www.hydraulic-cylinders.net\/wp-content\/uploads\/2025\/01\/hydraulic-cylinder-factory-2-scaled.webp\" alt=\"\" width=\"2011\" height=\"2560\" srcset=\"https:\/\/www.hydraulic-cylinders.net\/wp-content\/uploads\/2025\/01\/hydraulic-cylinder-factory-2-scaled.webp 2011w, https:\/\/www.hydraulic-cylinders.net\/wp-content\/uploads\/2025\/01\/hydraulic-cylinder-factory-2-1280x1629.webp 1280w, https:\/\/www.hydraulic-cylinders.net\/wp-content\/uploads\/2025\/01\/hydraulic-cylinder-factory-2-980x1248.webp 980w, https:\/\/www.hydraulic-cylinders.net\/wp-content\/uploads\/2025\/01\/hydraulic-cylinder-factory-2-480x611.webp 480w\" sizes=\"(min-width: 0px) and (max-width: 480px) 480px, (min-width: 481px) and (max-width: 980px) 980px, (min-width: 981px) and (max-width: 1280px) 1280px, (min-width: 1281px) 2011px, 100vw\" \/><\/h2>\n<p>Prev\u00e1dzkujeme plne automatick\u00fa linku na nan\u00e1\u0161anie farieb na vodnej b\u00e1ze, ktor\u00e1 je \u0161peci\u00e1lne navrhnut\u00e1 pre mal\u00e9 a stredn\u00e9 valce a je vybaven\u00e1 automatizovan\u00fdmi robotmi na nakladanie, vykladanie a striekanie. Tento modern\u00fd syst\u00e9m sa m\u00f4\u017ee pochv\u00e1li\u0165 v\u00fdrobnou kapacitou 4 000 kusov za smenu. Okrem toho m\u00e1me poloautomatick\u00fa lakovaciu linku pre ve\u013ek\u00e9 valce, poh\u00e1\u0148an\u00fa re\u0165azov\u00fdm pohonom, s projektovanou kapacitou 60 prepraviek za smenu.<\/p>\n<p>Aby sme zv\u00fd\u0161ili v\u00fdkonnos\u0165 produktov a upevnili si na\u0161e ved\u00face postavenie v odvetv\u00ed hydraulick\u00fdch valcov, spojili sme sa so spolo\u010dnos\u0165ou ZJIMEE s cie\u013eom vybudova\u0165 komplexn\u00e9 v\u00fdkonnostn\u00e9 laborat\u00f3rium zameran\u00e9 na hydraulick\u00e9 valce, ventily a \u010derpadl\u00e1. Toto pokro\u010dil\u00e9 laborat\u00f3rium vyu\u017e\u00edva po\u010d\u00edta\u010dom podporovan\u00e9 testovanie s elektrohydraulickou technol\u00f3giou, \u010do umo\u017e\u0148uje prednastaven\u00e9 testovacie podmienky, ktor\u00e9 zlep\u0161uj\u00fa presnos\u0165 a v\u0161estrannos\u0165 syst\u00e9mu. Automatizovan\u00fd proces zberu \u00fadajov vyu\u017e\u00edva senzory na zhroma\u017e\u010fovanie v\u00fdstupn\u00fdch \u00fadajov, ako s\u00fa vn\u00fatorn\u00e9 netesnosti a \u00fa\u010dinnos\u0165 za\u0165a\u017eenia, ktor\u00e9 potom spracov\u00e1va po\u010d\u00edta\u010d a prev\u00e1dza na \u0161tandardn\u00e9 jednotky (ml\/min%).<\/p>\n<p>Okrem toho, aby sme zaistili bezpe\u010dnos\u0165 na\u0161ich hydraulick\u00fdch syst\u00e9mov, implementujeme monitorovanie stavu k\u013e\u00fa\u010dov\u00fdch v\u00fdkonnostn\u00fdch parametrov vr\u00e1tane teploty oleja, hladiny kvapaliny a stavu filtra\u010dn\u00e9ho zariadenia. N\u00e1\u0161 testovac\u00ed stojan pre hydraulick\u00e9 valce dok\u00e1\u017ee pos\u00fadi\u0165 \u201e\u00fa\u010dinnos\u0165 za\u0165a\u017eenia\u201c a \u201evn\u00fatorn\u00fa netesnos\u0165\u201c prostredn\u00edctvom presn\u00fdch \u00fadajov. Je tie\u017e vybaven\u00fd merac\u00edm pr\u00edstrojom s mrie\u017ekov\u00fdm prav\u00edtkom, ktor\u00fd sp\u013a\u0148a n\u00e1rodn\u00e9 normy a zabezpe\u010duje s\u00falad so v\u0161etk\u00fdmi testovac\u00edmi po\u017eiadavkami pre hydraulick\u00e9 valce.<\/p>\n<p>&nbsp;<\/p>","protected":false},"excerpt":{"rendered":"<p>HCYY11112014 Swing Arm Cylinder For Environmental Protection The HCYY11112014 Swing Arm Cylinder is a state-of-the-art solution that boosts operational efficiency while prioritizing environmental sustainability. This innovative product serves various industries, delivering reliable performance with minimal ecological impact. As a significant advancement in eco-friendly technology, the HCYY11112014 Swing Arm Cylinder embodies durability and efficiency, making it [&hellip;]<\/p>","protected":false},"featured_media":17044,"comment_status":"open","ping_status":"closed","template":"","meta":{"_et_pb_use_builder":"","_et_pb_old_content":"","_et_gb_content_width":""},"product_brand":[],"product_cat":[1550,1486,1552,1376],"product_tag":[],"class_list":{"0":"post-17032","1":"product","2":"type-product","3":"status-publish","4":"has-post-thumbnail","6":"product_cat-double-acting-hydraulic-cylinder","7":"product_cat-sanitation-machinery-hydraulic-cylinders","8":"product_cat-stainless-steel-hydraulic-cylinder","9":"product_cat-hydraulic-cylinder","11":"first","12":"instock","13":"shipping-taxable","14":"product-type-simple"},"amp_enabled":true,"_links":{"self":[{"href":"https:\/\/www.hydraulic-cylinders.net\/sk\/wp-json\/wp\/v2\/product\/17032","targetHints":{"allow":["GET"]}}],"collection":[{"href":"https:\/\/www.hydraulic-cylinders.net\/sk\/wp-json\/wp\/v2\/product"}],"about":[{"href":"https:\/\/www.hydraulic-cylinders.net\/sk\/wp-json\/wp\/v2\/types\/product"}],"replies":[{"embeddable":true,"href":"https:\/\/www.hydraulic-cylinders.net\/sk\/wp-json\/wp\/v2\/comments?post=17032"}],"wp:featuredmedia":[{"embeddable":true,"href":"https:\/\/www.hydraulic-cylinders.net\/sk\/wp-json\/wp\/v2\/media\/17044"}],"wp:attachment":[{"href":"https:\/\/www.hydraulic-cylinders.net\/sk\/wp-json\/wp\/v2\/media?parent=17032"}],"wp:term":[{"taxonomy":"product_brand","embeddable":true,"href":"https:\/\/www.hydraulic-cylinders.net\/sk\/wp-json\/wp\/v2\/product_brand?post=17032"},{"taxonomy":"product_cat","embeddable":true,"href":"https:\/\/www.hydraulic-cylinders.net\/sk\/wp-json\/wp\/v2\/product_cat?post=17032"},{"taxonomy":"product_tag","embeddable":true,"href":"https:\/\/www.hydraulic-cylinders.net\/sk\/wp-json\/wp\/v2\/product_tag?post=17032"}],"curies":[{"name":"pracovn\u00fd list","href":"https:\/\/api.w.org\/{rel}","templated":true}]}}