{"id":17038,"date":"2025-01-23T08:39:26","date_gmt":"2025-01-23T08:39:26","guid":{"rendered":"https:\/\/www.hydraulic-cylinders.net\/?post_type=product&#038;p=17038"},"modified":"2025-04-15T05:47:49","modified_gmt":"2025-04-15T05:47:49","slug":"hcyy11112015-telescopic-cylinder-for-environmental-protection","status":"publish","type":"product","link":"https:\/\/www.hydraulic-cylinders.net\/sk\/produkt\/hcyy11112015-telescopic-cylinder-for-environmental-protection\/","title":{"rendered":"HCYY11112015 Teleskopick\u00fd valec na ochranu \u017eivotn\u00e9ho prostredia"},"content":{"rendered":"<h1 style=\"text-align: center;\"><strong>HCYY11112015 Teleskopick\u00fd valec na ochranu \u017eivotn\u00e9ho prostredia<\/strong><\/h1>\n<h1 style=\"text-align: center;\"><img loading=\"lazy\" decoding=\"async\" class=\"alignnone size-full wp-image-17040\" src=\"https:\/\/www.hydraulic-cylinders.net\/wp-content\/uploads\/2025\/01\/hcyy11112015-telescopic-cylinder-2.webp\" alt=\"\" width=\"1497\" height=\"514\" srcset=\"https:\/\/www.hydraulic-cylinders.net\/wp-content\/uploads\/2025\/01\/hcyy11112015-telescopic-cylinder-2.webp 1497w, https:\/\/www.hydraulic-cylinders.net\/wp-content\/uploads\/2025\/01\/hcyy11112015-telescopic-cylinder-2-1280x439.webp 1280w, https:\/\/www.hydraulic-cylinders.net\/wp-content\/uploads\/2025\/01\/hcyy11112015-telescopic-cylinder-2-980x336.webp 980w, https:\/\/www.hydraulic-cylinders.net\/wp-content\/uploads\/2025\/01\/hcyy11112015-telescopic-cylinder-2-480x165.webp 480w\" sizes=\"(min-width: 0px) and (max-width: 480px) 480px, (min-width: 481px) and (max-width: 980px) 980px, (min-width: 981px) and (max-width: 1280px) 1280px, (min-width: 1281px) 1497px, 100vw\" \/><\/h1>\n<p>Teleskopick\u00fd valec HCYY11112015 je odborne navrhnut\u00fd pre odvetvia, ktor\u00e9 vy\u017eaduj\u00fa vysok\u00fa \u00fa\u010dinnos\u0165 a z\u00e1rove\u0148 z\u00e1v\u00e4zok k environment\u00e1lnej udr\u017eate\u013enosti. Tento \u0161pi\u010dkov\u00fd valec poskytuje v\u00fdnimo\u010dn\u00fd v\u00fdkon a z\u00e1rove\u0148 obsahuje ekologick\u00e9 prvky, v\u010faka \u010domu je ide\u00e1lnym rie\u0161en\u00edm pre \u0161irok\u00fa \u0161k\u00e1lu aplik\u00e1ci\u00ed vr\u00e1tane stavebn\u00edctva, v\u00fdroby a nakladania s odpadom.<\/p>\n<p>Predstavte si produkt, ktor\u00fd nielen\u017ee sp\u013a\u0148a pr\u00edsne po\u017eiadavky va\u0161ich prev\u00e1dzok, ale tie\u017e prispieva k zdrav\u0161ej plan\u00e9te. HCYY11112015 dosahuje t\u00fato rovnov\u00e1hu bez n\u00e1mahy. Jeho inovat\u00edvny dizajn umo\u017e\u0148uje maxim\u00e1lnu pevnos\u0165 a odolnos\u0165, \u010d\u00edm zabezpe\u010duje, \u017ee s \u013eahkos\u0165ou zvl\u00e1dne \u0165a\u017ek\u00e9 bremen\u00e1 a n\u00e1ro\u010dn\u00e9 podmienky.<\/p>\n<p>\u010ci u\u017e zdv\u00edhate materi\u00e1ly na stavenisku, zefekt\u00edv\u0148ujete procesy vo v\u00fdrobnom z\u00e1vode alebo efekt\u00edvne naklad\u00e1te s odpadom, tento teleskopick\u00fd valec vynik\u00e1 ako najlep\u0161ia vo\u013eba. Umo\u017e\u0148uje priemyseln\u00fdm odvetviam efekt\u00edvne fungova\u0165 a z\u00e1rove\u0148 minimalizova\u0165 ich uhl\u00edkov\u00fa stopu, \u010do je v dokonalom s\u00falade s dne\u0161n\u00fdmi ekologick\u00fdmi iniciat\u00edvami.<\/p>\n<p>Zvo\u013ete si teleskopick\u00fd valec HCYY11112015 a za\u017eite dokonal\u00fa kombin\u00e1ciu v\u00fdkonu a udr\u017eate\u013enosti, ktor\u00e1 zrevolucionizuje sp\u00f4sob, ak\u00fdm pristupujete k priemyseln\u00fdm v\u00fdzvam. Prijmite bud\u00facnos\u0165, kde v\u00fdkon a environment\u00e1lna zodpovednos\u0165 id\u00fa ruka v ruke.<\/p>\n<h2><strong>HCYY11112015 Teleskopick\u00fd valec na ochranu \u017eivotn\u00e9ho prostredia Parameter:<\/strong><\/h2>\n<h1 style=\"text-align: center;\"><img loading=\"lazy\" decoding=\"async\" class=\"alignnone size-full wp-image-17039\" src=\"https:\/\/www.hydraulic-cylinders.net\/wp-content\/uploads\/2025\/01\/hcyy11112015-telescopic-cylinder-1.webp\" alt=\"\" width=\"1512\" height=\"142\" srcset=\"https:\/\/www.hydraulic-cylinders.net\/wp-content\/uploads\/2025\/01\/hcyy11112015-telescopic-cylinder-1.webp 1512w, https:\/\/www.hydraulic-cylinders.net\/wp-content\/uploads\/2025\/01\/hcyy11112015-telescopic-cylinder-1-1280x120.webp 1280w, https:\/\/www.hydraulic-cylinders.net\/wp-content\/uploads\/2025\/01\/hcyy11112015-telescopic-cylinder-1-980x92.webp 980w, https:\/\/www.hydraulic-cylinders.net\/wp-content\/uploads\/2025\/01\/hcyy11112015-telescopic-cylinder-1-480x45.webp 480w\" sizes=\"(min-width: 0px) and (max-width: 480px) 480px, (min-width: 481px) and (max-width: 980px) 980px, (min-width: 981px) and (max-width: 1280px) 1280px, (min-width: 1281px) 1512px, 100vw\" \/><\/h1>\n<h1 style=\"text-align: center;\"><img loading=\"lazy\" decoding=\"async\" class=\"alignnone size-full wp-image-17041\" src=\"https:\/\/www.hydraulic-cylinders.net\/wp-content\/uploads\/2025\/01\/hcyy11112015-telescopic-cylinder-3.webp\" alt=\"\" width=\"1477\" height=\"711\" srcset=\"https:\/\/www.hydraulic-cylinders.net\/wp-content\/uploads\/2025\/01\/hcyy11112015-telescopic-cylinder-3.webp 1477w, https:\/\/www.hydraulic-cylinders.net\/wp-content\/uploads\/2025\/01\/hcyy11112015-telescopic-cylinder-3-1280x616.webp 1280w, https:\/\/www.hydraulic-cylinders.net\/wp-content\/uploads\/2025\/01\/hcyy11112015-telescopic-cylinder-3-980x472.webp 980w, https:\/\/www.hydraulic-cylinders.net\/wp-content\/uploads\/2025\/01\/hcyy11112015-telescopic-cylinder-3-480x231.webp 480w\" sizes=\"(min-width: 0px) and (max-width: 480px) 480px, (min-width: 481px) and (max-width: 980px) 980px, (min-width: 981px) and (max-width: 1280px) 1280px, (min-width: 1281px) 1477px, 100vw\" \/> <img loading=\"lazy\" decoding=\"async\" class=\"alignnone size-full wp-image-17042\" src=\"https:\/\/www.hydraulic-cylinders.net\/wp-content\/uploads\/2025\/01\/hcyy11112015-telescopic-cylinder-4.webp\" alt=\"\" width=\"1479\" height=\"707\" srcset=\"https:\/\/www.hydraulic-cylinders.net\/wp-content\/uploads\/2025\/01\/hcyy11112015-telescopic-cylinder-4.webp 1479w, https:\/\/www.hydraulic-cylinders.net\/wp-content\/uploads\/2025\/01\/hcyy11112015-telescopic-cylinder-4-1280x612.webp 1280w, https:\/\/www.hydraulic-cylinders.net\/wp-content\/uploads\/2025\/01\/hcyy11112015-telescopic-cylinder-4-980x468.webp 980w, https:\/\/www.hydraulic-cylinders.net\/wp-content\/uploads\/2025\/01\/hcyy11112015-telescopic-cylinder-4-480x229.webp 480w\" sizes=\"(min-width: 0px) and (max-width: 480px) 480px, (min-width: 481px) and (max-width: 980px) 980px, (min-width: 981px) and (max-width: 1280px) 1280px, (min-width: 1281px) 1479px, 100vw\" \/> <img loading=\"lazy\" decoding=\"async\" class=\"alignnone size-full wp-image-17043\" src=\"https:\/\/www.hydraulic-cylinders.net\/wp-content\/uploads\/2025\/01\/hcyy11112015-telescopic-cylinder-5.webp\" alt=\"\" width=\"1465\" height=\"754\" srcset=\"https:\/\/www.hydraulic-cylinders.net\/wp-content\/uploads\/2025\/01\/hcyy11112015-telescopic-cylinder-5.webp 1465w, https:\/\/www.hydraulic-cylinders.net\/wp-content\/uploads\/2025\/01\/hcyy11112015-telescopic-cylinder-5-1280x659.webp 1280w, https:\/\/www.hydraulic-cylinders.net\/wp-content\/uploads\/2025\/01\/hcyy11112015-telescopic-cylinder-5-980x504.webp 980w, https:\/\/www.hydraulic-cylinders.net\/wp-content\/uploads\/2025\/01\/hcyy11112015-telescopic-cylinder-5-480x247.webp 480w\" sizes=\"(min-width: 0px) and (max-width: 480px) 480px, (min-width: 481px) and (max-width: 980px) 980px, (min-width: 981px) and (max-width: 1280px) 1280px, (min-width: 1281px) 1465px, 100vw\" \/><\/h1>\n<h2><strong>S\u00e9ria valcov na ochranu \u017eivotn\u00e9ho prostredia:<\/strong><\/h2>\n<h2><img loading=\"lazy\" decoding=\"async\" class=\"alignnone size-full wp-image-17030\" src=\"https:\/\/www.hydraulic-cylinders.net\/wp-content\/uploads\/2025\/01\/cylinder-series-for-environmental-protection-scaled.webp\" alt=\"\" width=\"2044\" height=\"2560\" srcset=\"https:\/\/www.hydraulic-cylinders.net\/wp-content\/uploads\/2025\/01\/cylinder-series-for-environmental-protection-scaled.webp 2044w, https:\/\/www.hydraulic-cylinders.net\/wp-content\/uploads\/2025\/01\/cylinder-series-for-environmental-protection-1280x1603.webp 1280w, https:\/\/www.hydraulic-cylinders.net\/wp-content\/uploads\/2025\/01\/cylinder-series-for-environmental-protection-980x1227.webp 980w, https:\/\/www.hydraulic-cylinders.net\/wp-content\/uploads\/2025\/01\/cylinder-series-for-environmental-protection-480x601.webp 480w\" sizes=\"(min-width: 0px) and (max-width: 480px) 480px, (min-width: 481px) and (max-width: 980px) 980px, (min-width: 981px) and (max-width: 1280px) 1280px, (min-width: 1281px) 2044px, 100vw\" \/><\/h2>\n<h2><strong>K\u013e\u00fa\u010dov\u00e9 vlastnosti teleskopick\u00e9ho valca HCYY11112015 na ochranu \u017eivotn\u00e9ho prostredia:<\/strong><\/h2>\n<h4><strong>Ekologick\u00e9 materi\u00e1ly<\/strong><\/h4>\n<p>Teleskopick\u00fd valec HCYY11112015 je vyroben\u00fd z vysoko kvalitn\u00fdch, recyklovate\u013en\u00fdch komponentov. Tento premyslen\u00fd dizajn nielen v\u00fdrazne zni\u017euje vplyv na \u017eivotn\u00e9 prostredie, ale tie\u017e podporuje obehov\u00e9 hospod\u00e1rstvo. V\u00fdberom tohto valca sa vedome rozhodujete pre pou\u017eitie materi\u00e1lov, ktor\u00e9 sa daj\u00fa op\u00e4tovne vyu\u017ei\u0165, a prispievate tak k udr\u017eate\u013enej bud\u00facnosti.<\/p>\n<h4><strong>Energetick\u00e1 \u00fa\u010dinnos\u0165<\/strong><\/h4>\n<p>V\u010faka pozoruhodne n\u00edzkej spotrebe energie pom\u00e1ha model HCYY11112015 firm\u00e1m zni\u017eova\u0165 prev\u00e1dzkov\u00e9 n\u00e1klady a z\u00e1rove\u0148 minimalizova\u0165 ich uhl\u00edkov\u00fa stopu. Tento energeticky \u00fasporn\u00fd dizajn umo\u017e\u0148uje zv\u00fd\u0161i\u0165 produktivitu bez obetovania ekologickej zodpovednosti, v\u010faka \u010domu je ide\u00e1lnou vo\u013ebou pre spolo\u010dnosti, ktor\u00e9 chc\u00fa optimalizova\u0165 svoju prev\u00e1dzku a z\u00e1rove\u0148 zosta\u0165 vern\u00e9 svojim cie\u013eom udr\u017eate\u013enosti.<\/p>\n<h4><strong>Pokro\u010dil\u00e1 technol\u00f3gia tesnenia<\/strong><\/h4>\n<p>Bezpe\u010dnos\u0165 a dodr\u017eiavanie predpisov s\u00fa v priemyseln\u00fdch prev\u00e1dzkach prvorad\u00e9. Model HCYY11112015 sa vyzna\u010duje pokro\u010dil\u00fdm syst\u00e9mom tesnenia, ktor\u00fd \u00fa\u010dinne zabra\u0148uje \u00fanikom, \u010d\u00edm chr\u00e1ni va\u0161e procesy a \u017eivotn\u00e9 prostredie. T\u00e1to inov\u00e1cia zabezpe\u010duje dodr\u017eiavanie pr\u00edsnych environment\u00e1lnych predpisov, \u010do v\u00e1m umo\u017e\u0148uje pracova\u0165 s istotou a konzistentne.<\/p>\n<h4><strong>Odoln\u00e1 kon\u0161trukcia<\/strong><\/h4>\n<p>Model HCYY11112015, vyroben\u00fd tak, aby vydr\u017eal aj tie najextr\u00e9mnej\u0161ie podmienky, sa m\u00f4\u017ee pochv\u00e1li\u0165 dlhou \u017eivotnos\u0165ou, ktor\u00e1 v\u00fdrazne zni\u017euje potrebu \u010dast\u00fdch v\u00fdmen. T\u00e1to odolnos\u0165 nielen zvy\u0161uje spo\u013eahlivos\u0165, ale \u010dasom sa premieta aj do ni\u017e\u0161\u00edch n\u00e1kladov na \u00fadr\u017ebu. Invest\u00edcia do tohto valca znamen\u00e1 invest\u00edciu do rie\u0161enia, ktor\u00e9 obstoj\u00ed v sk\u00fa\u0161ke \u010dasom.<\/p>\n<h4><strong>Kompaktn\u00fd dizajn<\/strong><\/h4>\n<p>Teleskopick\u00e1 funkcia modelu HCYY11112015 umo\u017e\u0148uje bezprobl\u00e9mov\u00fa integr\u00e1ciu v stiesnen\u00fdch priestoroch, maximaliz\u00e1ciu funk\u010dnosti bez kompromisov v efektivite. Tento kompaktn\u00fd dizajn z neho rob\u00ed v\u0161estrann\u00fa mo\u017enos\u0165 pre r\u00f4zne aplik\u00e1cie, \u010do umo\u017e\u0148uje firm\u00e1m optimalizova\u0165 svoje pracovn\u00e9 postupy a efekt\u00edvne vyu\u017e\u00edva\u0165 priestor.<\/p>\n<p>Stru\u010dne povedan\u00e9, teleskopick\u00fd valec HCYY11112015 nie je len kus zariadenia; je to progres\u00edvne rie\u0161enie, ktor\u00e9 steles\u0148uje silu, efektivitu a environment\u00e1lne povedomie. V\u00fdberom tohto valca posiln\u00edte svoje oper\u00e1cie a z\u00e1rove\u0148 budete ma\u0165 pozit\u00edvny vplyv na plan\u00e9tu. Za\u017eite rozdiel s produktom, ktor\u00fd vynik\u00e1 v\u00fdkonom a udr\u017eate\u013enos\u0165ou a pozdvihnite svoje priemyseln\u00e9 postupy na nov\u00fa \u00farove\u0148.<\/p>\n<h2><strong>\u010co rob\u00ed valec kyvn\u00e9ho ramena Hcyy11112014 ekologick\u00fdm?<\/strong><\/h2>\n<p>Teleskopick\u00fd valec HCYY11112015 vynik\u00e1 ako pozoruhodn\u00e9 rie\u0161enie na podporu ochrany \u017eivotn\u00e9ho prostredia v priemyselnom prostred\u00ed. Tu je jeho v\u00fdznamn\u00fd vplyv:<\/p>\n<h4><strong>1. Recyklovate\u013en\u00e9 materi\u00e1ly<\/strong><\/h4>\n<p>Vyroben\u00e1 z vysoko kvalitn\u00fdch recyklovate\u013en\u00fdch komponentov, f\u013ea\u0161a HCYY11112015 \u00fa\u010dinne zni\u017euje odpad a podporuje obehov\u00e9 hospod\u00e1rstvo. V\u00fdberom tejto f\u013ea\u0161e podniky zlep\u0161uj\u00fa svoju prev\u00e1dzku a prispievaj\u00fa k udr\u017eate\u013enej bud\u00facnosti. Ka\u017ed\u00e9 pou\u017eitie tohto produktu znamen\u00e1 menej materi\u00e1lu, ktor\u00fd kon\u010d\u00ed na skl\u00e1dkach, \u010do m\u00e1 pozit\u00edvny vplyv na plan\u00e9tu.<\/p>\n<h4><strong>2. Energetick\u00e1 \u00fa\u010dinnos\u0165<\/strong><\/h4>\n<p>Jednou z najp\u00f4sobivej\u0161\u00edch vlastnost\u00ed tohto teleskopick\u00e9ho valca je jeho energetick\u00e1 \u00fa\u010dinnos\u0165. Prev\u00e1dzka s v\u00fdrazne zn\u00ed\u017eenou spotrebou energie pom\u00e1ha zni\u017eova\u0165 prev\u00e1dzkov\u00e9 n\u00e1klady a minimalizuje uhl\u00edkov\u00fa stopu. To je v\u00fdhodn\u00e9 pre obe strany: \u0161etria peniaze a z\u00e1rove\u0148 plnia svoj z\u00e1v\u00e4zok udr\u017eate\u013enosti. Predstavte si pozit\u00edvny vplyv na va\u0161e hospod\u00e1renie a \u017eivotn\u00e9 prostredie!<\/p>\n<h4><strong>3. Prevencia \u00faniku<\/strong><\/h4>\n<p>Bezpe\u010dnos\u0165 a dodr\u017eiavanie predpisov s\u00fa v ka\u017edej priemyselnej prev\u00e1dzke k\u013e\u00fa\u010dov\u00e9 a model HCYY11112015 v tejto oblasti vynik\u00e1. Jeho pokro\u010dil\u00e1 technol\u00f3gia tesnenia \u00fa\u010dinne zabra\u0148uje \u00fanikom a zabezpe\u010duje, \u017ee nebezpe\u010dn\u00e9 materi\u00e1ly zostan\u00fa uzavret\u00e9. To chr\u00e1ni \u017eivotn\u00e9 prostredie a pom\u00e1ha podnikom dodr\u017eiava\u0165 pr\u00edsne predpisy, \u010d\u00edm sa podporuje kult\u00fara zodpovednosti a starostlivosti.<\/p>\n<h4><strong>4. Trvanlivos\u0165<\/strong><\/h4>\n<p>Model HCYY11112015, vyroben\u00fd tak, aby odolal najdrsnej\u0161\u00edm podmienkam, sa m\u00f4\u017ee pochv\u00e1li\u0165 p\u00f4sobivou \u017eivotnos\u0165ou. T\u00e1to odolnos\u0165 znamen\u00e1 menej v\u00fdmen a menej odpadu v priebehu \u010dasu, \u010do umo\u017e\u0148uje spolo\u010dnostiam investova\u0165 do odoln\u00fdch zariaden\u00ed. Zn\u00ed\u017een\u00edm frekvencie v\u00fdmen m\u00f4\u017eu podniky tie\u017e zn\u00ed\u017ei\u0165 spotrebu zdrojov, \u010do \u010falej prispieva k ochrane \u017eivotn\u00e9ho prostredia.<\/p>\n<h4><strong>5. Priestorov\u00e1 efekt\u00edvnos\u0165<\/strong><\/h4>\n<p>Teleskopick\u00e1 funkcia modelu HCYY11112015 umo\u017e\u0148uje bezprobl\u00e9mov\u00fa integr\u00e1ciu do stiesnen\u00fdch priestorov, maximaliz\u00e1ciu funk\u010dnosti bez straty efektivity. Tento kompaktn\u00fd dizajn umo\u017e\u0148uje firm\u00e1m optimalizova\u0165 svoje pracovn\u00e9 postupy a efekt\u00edvne vyu\u017e\u00edva\u0165 priestor, \u010do dokazuje, \u017ee udr\u017eate\u013enos\u0165 m\u00f4\u017ee \u00eds\u0165 ruka v ruke s inov\u00e1ciami.<\/p>\n<p>Stru\u010dne povedan\u00e9, teleskopick\u00fd valec HCYY11112015 je viac ne\u017e len priemyseln\u00fd n\u00e1stroj; je to katalyz\u00e1tor pozit\u00edvnej zmeny. V\u010faka pou\u017eitiu ekologick\u00fdch materi\u00e1lov, podpore energetickej \u00fa\u010dinnosti, zabezpe\u010deniu prevencie \u00fanikov a trvanlivosti umo\u017e\u0148uje priemyseln\u00fdm odvetviam fungova\u0165 udr\u017eate\u013ene. V\u00fdberom tohto valca sa zav\u00e4zujete k v\u00fdkonu aj ochrane \u017eivotn\u00e9ho prostredia. Zlep\u0161ite svoje oper\u00e1cie a z\u00e1rove\u0148 ochr\u00e1\u0148te na\u0161u plan\u00e9tu \u2013 za\u017eite transforma\u010dn\u00e9 v\u00fdhody HCYY11112015 e\u0161te dnes!<\/p>\n<h2><strong>V\u00fdrobn\u00e1 oblas\u0165 valcov pre vysokozdvi\u017en\u00e9 voz\u00edky:<\/strong><\/h2>\n<h2><img loading=\"lazy\" decoding=\"async\" class=\"alignnone size-full wp-image-16972\" src=\"https:\/\/www.hydraulic-cylinders.net\/wp-content\/uploads\/2025\/01\/hydraulic-cylinder-factory-1-scaled.webp\" alt=\"\" width=\"2016\" height=\"2560\" srcset=\"https:\/\/www.hydraulic-cylinders.net\/wp-content\/uploads\/2025\/01\/hydraulic-cylinder-factory-1-scaled.webp 2016w, https:\/\/www.hydraulic-cylinders.net\/wp-content\/uploads\/2025\/01\/hydraulic-cylinder-factory-1-1280x1625.webp 1280w, https:\/\/www.hydraulic-cylinders.net\/wp-content\/uploads\/2025\/01\/hydraulic-cylinder-factory-1-980x1244.webp 980w, https:\/\/www.hydraulic-cylinders.net\/wp-content\/uploads\/2025\/01\/hydraulic-cylinder-factory-1-480x610.webp 480w\" sizes=\"(min-width: 0px) and (max-width: 480px) 480px, (min-width: 481px) and (max-width: 980px) 980px, (min-width: 981px) and (max-width: 1280px) 1280px, (min-width: 1281px) 2016px, 100vw\" \/><\/h2>\n<p>P\u00fd\u0161ime sa najmodernej\u0161ou nez\u00e1vislou platformou v\u00fdskumu a v\u00fdvoja zameranou na mont\u00e1\u017e, ktor\u00e1 zabezpe\u010duje \u0161pi\u010dkov\u00e9 inov\u00e1cie a kvalitu v na\u0161ich v\u00fdrobn\u00fdch procesoch. Na\u0161a diel\u0148a na v\u00fdrobu valcov pre vysokozdvi\u017en\u00e9 voz\u00edky disponuje \u0161tyrmi poloautomatick\u00fdmi mont\u00e1\u017enymi linkami na zdv\u00edhanie valcov a plne automatickou mont\u00e1\u017enou linkou nakl\u00e1pac\u00edch valcov, ktor\u00e9 s\u00fa spolu navrhnut\u00e9 tak, aby ro\u010dne vyrobili a\u017e jeden mili\u00f3n kusov.<\/p>\n<p>Na\u0161a \u0161pecializovan\u00e1 diel\u0148a na v\u00fdrobu valcov je navy\u0161e vybaven\u00e1 poloautomatick\u00fdmi \u010distiacimi a mont\u00e1\u017enymi syst\u00e9mami prisp\u00f4soben\u00fdmi r\u00f4znym \u0161pecifik\u00e1ci\u00e1m s ro\u010dnou v\u00fdrobnou kapacitou 200 000 kusov. Na vysoko presn\u00e9 spracovanie valcov vyu\u017e\u00edvame renomovan\u00e9 CNC zariadenia, obr\u00e1bacie centr\u00e1 a \u0161pecializovan\u00e9 n\u00e1stroje. Na\u0161e zariadenie zah\u0155\u0148a aj pokro\u010dil\u00e9 robotick\u00e9 zv\u00e1racie stroje, automatick\u00e9 \u010distiace syst\u00e9my a plne automatizovan\u00e9 linky na mont\u00e1\u017e a lakovanie valcov. S viac ako 300 k\u013e\u00fa\u010dov\u00fdmi zariadeniami v prev\u00e1dzke optimalizujeme alok\u00e1ciu zdrojov a zabezpe\u010dujeme efekt\u00edvne vyu\u017eitie, pri\u010dom sp\u013a\u0148ame pr\u00edsne \u0161tandardy presnosti a kvality.<\/p>\n<p>Na\u0161a obr\u00e1bacia diel\u0148a m\u00e1 z\u00e1kazkov\u00e9 s\u00fastru\u017en\u00edcke centr\u00e1 s nakl\u00e1pac\u00edmi vodiacimi ko\u013eajnicami, obr\u00e1bacie centr\u00e1, vysokor\u00fdchlostn\u00e9 honovacie stroje, zv\u00e1racie roboty a \u010fal\u0161ie potrebn\u00e9 vybavenie. Toto nastavenie n\u00e1m umo\u017e\u0148uje obr\u00e1ba\u0165 valcov\u00e9 r\u00fary s maxim\u00e1lnym vn\u00fatorn\u00fdm priemerom 400 mm a d\u013a\u017ekou a\u017e 6 metrov, \u010do \u010falej zvy\u0161uje na\u0161e v\u00fdrobn\u00e9 mo\u017enosti.<\/p>\n<h2><img loading=\"lazy\" decoding=\"async\" class=\"alignnone size-full wp-image-16973\" src=\"https:\/\/www.hydraulic-cylinders.net\/wp-content\/uploads\/2025\/01\/hydraulic-cylinder-factory-2-scaled.webp\" alt=\"\" width=\"2011\" height=\"2560\" srcset=\"https:\/\/www.hydraulic-cylinders.net\/wp-content\/uploads\/2025\/01\/hydraulic-cylinder-factory-2-scaled.webp 2011w, https:\/\/www.hydraulic-cylinders.net\/wp-content\/uploads\/2025\/01\/hydraulic-cylinder-factory-2-1280x1629.webp 1280w, https:\/\/www.hydraulic-cylinders.net\/wp-content\/uploads\/2025\/01\/hydraulic-cylinder-factory-2-980x1248.webp 980w, https:\/\/www.hydraulic-cylinders.net\/wp-content\/uploads\/2025\/01\/hydraulic-cylinder-factory-2-480x611.webp 480w\" sizes=\"(min-width: 0px) and (max-width: 480px) 480px, (min-width: 481px) and (max-width: 980px) 980px, (min-width: 981px) and (max-width: 1280px) 1280px, (min-width: 1281px) 2011px, 100vw\" \/><\/h2>\n<p>Prev\u00e1dzkujeme plne automatick\u00fa linku na nan\u00e1\u0161anie farieb na vodnej b\u00e1ze, ktor\u00e1 je \u0161peci\u00e1lne navrhnut\u00e1 pre mal\u00e9 a stredn\u00e9 valce a je vybaven\u00e1 automatizovan\u00fdmi robotmi na nakladanie, vykladanie a striekanie. Tento modern\u00fd syst\u00e9m sa m\u00f4\u017ee pochv\u00e1li\u0165 v\u00fdrobnou kapacitou 4 000 kusov za smenu. Okrem toho m\u00e1me poloautomatick\u00fa lakovaciu linku pre ve\u013ek\u00e9 valce, poh\u00e1\u0148an\u00fa re\u0165azov\u00fdm pohonom, s projektovanou kapacitou 60 prepraviek za smenu.<\/p>\n<p>Aby sme zv\u00fd\u0161ili v\u00fdkonnos\u0165 produktov a upevnili si na\u0161e ved\u00face postavenie v odvetv\u00ed hydraulick\u00fdch valcov, spojili sme sa so spolo\u010dnos\u0165ou ZJIMEE s cie\u013eom vybudova\u0165 komplexn\u00e9 v\u00fdkonnostn\u00e9 laborat\u00f3rium zameran\u00e9 na hydraulick\u00e9 valce, ventily a \u010derpadl\u00e1. Toto pokro\u010dil\u00e9 laborat\u00f3rium vyu\u017e\u00edva po\u010d\u00edta\u010dom podporovan\u00e9 testovanie s elektrohydraulickou technol\u00f3giou, \u010do umo\u017e\u0148uje prednastaven\u00e9 testovacie podmienky, ktor\u00e9 zlep\u0161uj\u00fa presnos\u0165 a v\u0161estrannos\u0165 syst\u00e9mu. Automatizovan\u00fd proces zberu \u00fadajov vyu\u017e\u00edva senzory na zhroma\u017e\u010fovanie v\u00fdstupn\u00fdch \u00fadajov, ako s\u00fa vn\u00fatorn\u00e9 netesnosti a \u00fa\u010dinnos\u0165 za\u0165a\u017eenia, ktor\u00e9 potom spracov\u00e1va po\u010d\u00edta\u010d a prev\u00e1dza na \u0161tandardn\u00e9 jednotky (ml\/min%).<\/p>\n<p>Okrem toho, aby sme zaistili bezpe\u010dnos\u0165 na\u0161ich hydraulick\u00fdch syst\u00e9mov, implementujeme monitorovanie stavu k\u013e\u00fa\u010dov\u00fdch v\u00fdkonnostn\u00fdch parametrov vr\u00e1tane teploty oleja, hladiny kvapaliny a stavu filtra\u010dn\u00e9ho zariadenia. N\u00e1\u0161 testovac\u00ed stojan pre hydraulick\u00e9 valce dok\u00e1\u017ee pos\u00fadi\u0165 \u201e\u00fa\u010dinnos\u0165 za\u0165a\u017eenia\u201c a \u201evn\u00fatorn\u00fa netesnos\u0165\u201c prostredn\u00edctvom presn\u00fdch \u00fadajov. Je tie\u017e vybaven\u00fd merac\u00edm pr\u00edstrojom s mrie\u017ekov\u00fdm prav\u00edtkom, ktor\u00fd sp\u013a\u0148a n\u00e1rodn\u00e9 normy a zabezpe\u010duje s\u00falad so v\u0161etk\u00fdmi testovac\u00edmi po\u017eiadavkami pre hydraulick\u00e9 valce.<\/p>\n<p>&nbsp;<\/p>","protected":false},"excerpt":{"rendered":"<p>HCYY11112015 Telescopic Cylinder For Environmental Protection The HCYY11112015 Telescopic Cylinder is expertly designed for industries that demand both high efficiency and a commitment to environmental sustainability. This cutting-edge cylinder delivers exceptional performance while incorporating eco-friendly features, making it an ideal solution for a wide range of applications, including construction, manufacturing, and waste management. Imagine a [&hellip;]<\/p>","protected":false},"featured_media":17045,"comment_status":"open","ping_status":"closed","template":"","meta":{"_et_pb_use_builder":"","_et_pb_old_content":"","_et_gb_content_width":""},"product_brand":[],"product_cat":[1550,1486,1552,1376,1393],"product_tag":[],"class_list":{"0":"post-17038","1":"product","2":"type-product","3":"status-publish","4":"has-post-thumbnail","6":"product_cat-double-acting-hydraulic-cylinder","7":"product_cat-sanitation-machinery-hydraulic-cylinders","8":"product_cat-stainless-steel-hydraulic-cylinder","9":"product_cat-hydraulic-cylinder","10":"product_cat-telescopic-hydraulic-cylinder","12":"first","13":"instock","14":"shipping-taxable","15":"product-type-simple"},"amp_enabled":true,"_links":{"self":[{"href":"https:\/\/www.hydraulic-cylinders.net\/sk\/wp-json\/wp\/v2\/product\/17038","targetHints":{"allow":["GET"]}}],"collection":[{"href":"https:\/\/www.hydraulic-cylinders.net\/sk\/wp-json\/wp\/v2\/product"}],"about":[{"href":"https:\/\/www.hydraulic-cylinders.net\/sk\/wp-json\/wp\/v2\/types\/product"}],"replies":[{"embeddable":true,"href":"https:\/\/www.hydraulic-cylinders.net\/sk\/wp-json\/wp\/v2\/comments?post=17038"}],"wp:featuredmedia":[{"embeddable":true,"href":"https:\/\/www.hydraulic-cylinders.net\/sk\/wp-json\/wp\/v2\/media\/17045"}],"wp:attachment":[{"href":"https:\/\/www.hydraulic-cylinders.net\/sk\/wp-json\/wp\/v2\/media?parent=17038"}],"wp:term":[{"taxonomy":"product_brand","embeddable":true,"href":"https:\/\/www.hydraulic-cylinders.net\/sk\/wp-json\/wp\/v2\/product_brand?post=17038"},{"taxonomy":"product_cat","embeddable":true,"href":"https:\/\/www.hydraulic-cylinders.net\/sk\/wp-json\/wp\/v2\/product_cat?post=17038"},{"taxonomy":"product_tag","embeddable":true,"href":"https:\/\/www.hydraulic-cylinders.net\/sk\/wp-json\/wp\/v2\/product_tag?post=17038"}],"curies":[{"name":"pracovn\u00fd list","href":"https:\/\/api.w.org\/{rel}","templated":true}]}}