{"id":17047,"date":"2025-02-05T02:02:28","date_gmt":"2025-02-05T02:02:28","guid":{"rendered":"https:\/\/www.hydraulic-cylinders.net\/?post_type=product&#038;p=17047"},"modified":"2025-04-02T08:28:41","modified_gmt":"2025-04-02T08:28:41","slug":"lift-cylinder-for-crawler-crane","status":"publish","type":"product","link":"https:\/\/www.hydraulic-cylinders.net\/sk\/produkt\/lift-cylinder-for-crawler-crane\/","title":{"rendered":"Zdv\u00edhac\u00ed valec pre p\u00e1sov\u00fd \u017eeriav"},"content":{"rendered":"<h1 style=\"text-align: center;\"><strong>Zdv\u00edhac\u00ed valec pre p\u00e1sov\u00fd \u017eeriav<\/strong><\/h1>\n<h1 style=\"text-align: center;\"><img loading=\"lazy\" decoding=\"async\" class=\"alignnone size-full wp-image-17048\" src=\"https:\/\/www.hydraulic-cylinders.net\/wp-content\/uploads\/2025\/02\/hcyy11112018-lift-cylinder-2.webp\" alt=\"\" width=\"1524\" height=\"539\" srcset=\"https:\/\/www.hydraulic-cylinders.net\/wp-content\/uploads\/2025\/02\/hcyy11112018-lift-cylinder-2.webp 1524w, https:\/\/www.hydraulic-cylinders.net\/wp-content\/uploads\/2025\/02\/hcyy11112018-lift-cylinder-2-1280x453.webp 1280w, https:\/\/www.hydraulic-cylinders.net\/wp-content\/uploads\/2025\/02\/hcyy11112018-lift-cylinder-2-980x347.webp 980w, https:\/\/www.hydraulic-cylinders.net\/wp-content\/uploads\/2025\/02\/hcyy11112018-lift-cylinder-2-480x170.webp 480w\" sizes=\"(min-width: 0px) and (max-width: 480px) 480px, (min-width: 481px) and (max-width: 980px) 980px, (min-width: 981px) and (max-width: 1280px) 1280px, (min-width: 1281px) 1524px, 100vw\" \/><\/h1>\n<p>Na\u0161e zdv\u00edhacie valce pre p\u00e1sov\u00e9 \u017eeriavy s\u00fa navrhnut\u00e9 tak, aby poskytovali v\u00fdkonn\u00fd a spo\u013eahliv\u00fd zdv\u00edhac\u00ed v\u00fdkon pre n\u00e1ro\u010dn\u00e9 aplik\u00e1cie. Tieto hydraulick\u00e9 valce, navrhnut\u00e9 \u0161peci\u00e1lne pre p\u00e1sov\u00e9 \u017eeriavy, poskytuj\u00fa silu potrebn\u00fa na presn\u00e9 zdv\u00edhanie \u017eeriavov\u00fdch ramien (v\u00fdlo\u017en\u00edkov) a unes\u00fa bremen\u00e1 a\u017e do 590 ton v n\u00e1ro\u010dn\u00fdch prostrediach, ako s\u00fa stavenisk\u00e1, stavba mostov a bansk\u00e9 prev\u00e1dzky. Na\u0161e zdv\u00edhacie valce s\u00fa vyroben\u00e9 z vysokopevnostnej legovanej ocele a vybaven\u00e9 pokro\u010dil\u00fdmi tesniacimi syst\u00e9mami, \u010d\u00edm zabezpe\u010duj\u00fa odolnos\u0165 a bez\u00fate\u0161n\u00fa prev\u00e1dzku aj pri extr\u00e9mnom dynamickom za\u0165a\u017een\u00ed a drsn\u00fdch podmienkach.<\/p>\n<p>S tlakovou odolnos\u0165ou a\u017e 35 MPa a volite\u013en\u00fdmi antikor\u00f3znymi n\u00e1termi s\u00fa skon\u0161truovan\u00e9 pre dlhodob\u00fa spo\u013eahlivos\u0165 v n\u00e1ro\u010dnom ter\u00e9ne. \u010ci u\u017e zdv\u00edhate oce\u013eov\u00e9 nosn\u00edky alebo umiest\u0148ujete \u0165a\u017ek\u00e9 zariadenia, na\u0161e zdv\u00edhacie valce pre p\u00e1sov\u00e9 \u017eeriavy zaru\u010duj\u00fa bezpe\u010dnos\u0165, \u00fa\u010dinnos\u0165 a bezkonkuren\u010dn\u00fd v\u00fdkon pre va\u0161e zdv\u00edhacie potreby.<\/p>\n<h2><strong>Zdv\u00edhac\u00ed valec pre p\u00e1sov\u00fd \u017eeriav Parameter:<\/strong><\/h2>\n<h1 style=\"text-align: center;\"><img loading=\"lazy\" decoding=\"async\" class=\"alignnone size-full wp-image-17049\" src=\"https:\/\/www.hydraulic-cylinders.net\/wp-content\/uploads\/2025\/02\/hcyy11112018-lift-cylinder-1.webp\" alt=\"\" width=\"1515\" height=\"147\" srcset=\"https:\/\/www.hydraulic-cylinders.net\/wp-content\/uploads\/2025\/02\/hcyy11112018-lift-cylinder-1.webp 1515w, https:\/\/www.hydraulic-cylinders.net\/wp-content\/uploads\/2025\/02\/hcyy11112018-lift-cylinder-1-1280x124.webp 1280w, https:\/\/www.hydraulic-cylinders.net\/wp-content\/uploads\/2025\/02\/hcyy11112018-lift-cylinder-1-980x95.webp 980w, https:\/\/www.hydraulic-cylinders.net\/wp-content\/uploads\/2025\/02\/hcyy11112018-lift-cylinder-1-480x47.webp 480w\" sizes=\"(min-width: 0px) and (max-width: 480px) 480px, (min-width: 481px) and (max-width: 980px) 980px, (min-width: 981px) and (max-width: 1280px) 1280px, (min-width: 1281px) 1515px, 100vw\" \/> <img loading=\"lazy\" decoding=\"async\" class=\"alignnone size-full wp-image-17051\" src=\"https:\/\/www.hydraulic-cylinders.net\/wp-content\/uploads\/2025\/02\/hcyy11112018-lift-cylinder-3.webp\" alt=\"\" width=\"1477\" height=\"707\" srcset=\"https:\/\/www.hydraulic-cylinders.net\/wp-content\/uploads\/2025\/02\/hcyy11112018-lift-cylinder-3.webp 1477w, https:\/\/www.hydraulic-cylinders.net\/wp-content\/uploads\/2025\/02\/hcyy11112018-lift-cylinder-3-1280x613.webp 1280w, https:\/\/www.hydraulic-cylinders.net\/wp-content\/uploads\/2025\/02\/hcyy11112018-lift-cylinder-3-980x469.webp 980w, https:\/\/www.hydraulic-cylinders.net\/wp-content\/uploads\/2025\/02\/hcyy11112018-lift-cylinder-3-480x230.webp 480w\" sizes=\"(min-width: 0px) and (max-width: 480px) 480px, (min-width: 481px) and (max-width: 980px) 980px, (min-width: 981px) and (max-width: 1280px) 1280px, (min-width: 1281px) 1477px, 100vw\" \/> <img loading=\"lazy\" decoding=\"async\" class=\"alignnone size-full wp-image-17052\" src=\"https:\/\/www.hydraulic-cylinders.net\/wp-content\/uploads\/2025\/02\/hcyy11112018-lift-cylinder-4.webp\" alt=\"\" width=\"1475\" height=\"711\" srcset=\"https:\/\/www.hydraulic-cylinders.net\/wp-content\/uploads\/2025\/02\/hcyy11112018-lift-cylinder-4.webp 1475w, https:\/\/www.hydraulic-cylinders.net\/wp-content\/uploads\/2025\/02\/hcyy11112018-lift-cylinder-4-1280x617.webp 1280w, https:\/\/www.hydraulic-cylinders.net\/wp-content\/uploads\/2025\/02\/hcyy11112018-lift-cylinder-4-980x472.webp 980w, https:\/\/www.hydraulic-cylinders.net\/wp-content\/uploads\/2025\/02\/hcyy11112018-lift-cylinder-4-480x231.webp 480w\" sizes=\"(min-width: 0px) and (max-width: 480px) 480px, (min-width: 481px) and (max-width: 980px) 980px, (min-width: 981px) and (max-width: 1280px) 1280px, (min-width: 1281px) 1475px, 100vw\" \/> <img loading=\"lazy\" decoding=\"async\" class=\"alignnone size-full wp-image-17053\" src=\"https:\/\/www.hydraulic-cylinders.net\/wp-content\/uploads\/2025\/02\/hcyy11112018-lift-cylinder-5.webp\" alt=\"\" width=\"1451\" height=\"696\" srcset=\"https:\/\/www.hydraulic-cylinders.net\/wp-content\/uploads\/2025\/02\/hcyy11112018-lift-cylinder-5.webp 1451w, https:\/\/www.hydraulic-cylinders.net\/wp-content\/uploads\/2025\/02\/hcyy11112018-lift-cylinder-5-1280x614.webp 1280w, https:\/\/www.hydraulic-cylinders.net\/wp-content\/uploads\/2025\/02\/hcyy11112018-lift-cylinder-5-980x470.webp 980w, https:\/\/www.hydraulic-cylinders.net\/wp-content\/uploads\/2025\/02\/hcyy11112018-lift-cylinder-5-480x230.webp 480w\" sizes=\"(min-width: 0px) and (max-width: 480px) 480px, (min-width: 481px) and (max-width: 980px) 980px, (min-width: 981px) and (max-width: 1280px) 1280px, (min-width: 1281px) 1451px, 100vw\" \/><\/h1>\n<h2><strong>S\u00e9ria valcov p\u00e1sov\u00e9ho \u017eeriavu:<\/strong><\/h2>\n<h2><img loading=\"lazy\" decoding=\"async\" class=\"alignnone size-full wp-image-17054 aligncenter\" src=\"https:\/\/www.hydraulic-cylinders.net\/wp-content\/uploads\/2025\/02\/cylinder-series-of-crawler-crane-1.webp\" alt=\"\" width=\"709\" height=\"791\" srcset=\"https:\/\/www.hydraulic-cylinders.net\/wp-content\/uploads\/2025\/02\/cylinder-series-of-crawler-crane-1.webp 709w, https:\/\/www.hydraulic-cylinders.net\/wp-content\/uploads\/2025\/02\/cylinder-series-of-crawler-crane-1-480x536.webp 480w\" sizes=\"(min-width: 0px) and (max-width: 480px) 480px, (min-width: 481px) 709px, 100vw\" \/><\/h2>\n<h2><strong>K\u013e\u00fa\u010dov\u00e9 vlastnosti zdv\u00edhacieho valca pre p\u00e1sov\u00fd \u017eeriav:<\/strong><\/h2>\n<h4><strong>Vysok\u00e1 odolnos\u0165<\/strong><\/h4>\n<p>Zdv\u00edhac\u00ed valec je vyroben\u00fd z prvotriednych materi\u00e1lov, ktor\u00e9 boli \u0161peci\u00e1lne vybran\u00e9 pre svoju pevnos\u0165 a odolnos\u0165. T\u00e1to robustn\u00e1 kon\u0161trukcia umo\u017e\u0148uje valcu odol\u00e1va\u0165 n\u00e1ro\u010dn\u00fdm pracovn\u00fdm podmienkam a vysok\u00fdm n\u00e1kladom, v\u010faka \u010domu je ide\u00e1lnou vo\u013ebou pre n\u00e1ro\u010dn\u00e9 stavebn\u00e9 prostredie. Pou\u017e\u00edvatelia sa m\u00f4\u017eu spo\u013eahn\u00fa\u0165 na jeho dlhotrvaj\u00faci v\u00fdkon, \u010do zni\u017euje potrebu \u010dast\u00fdch v\u00fdmen a zabezpe\u010duje nepretr\u017eit\u00fa prev\u00e1dzku aj v t\u00fdch najn\u00e1ro\u010dnej\u0161\u00edch situ\u00e1ci\u00e1ch.<\/p>\n<h4><strong>Presn\u00e9 in\u017einierstvo<\/strong><\/h4>\n<p>Tento valec, navrhnut\u00fd s d\u00f4razom na detail, sa vyzna\u010duje presn\u00fdmi v\u00fdrobn\u00fdmi toleranciami. T\u00e1to \u00farove\u0148 presnosti umo\u017e\u0148uje plynul\u00fa prev\u00e1dzku a zvy\u0161uje presnos\u0165 zdv\u00edhania, \u010do umo\u017e\u0148uje obsluhe s istotou manipulova\u0165 s bremenami. \u010ci u\u017e zdv\u00edha jemn\u00e9 materi\u00e1ly alebo \u0165a\u017ek\u00e9 stroje, tento valec zais\u0165uje, \u017ee ka\u017ed\u00fd pohyb je kontrolovan\u00fd a spo\u013eahliv\u00fd, \u010d\u00edm sa minimalizuje riziko neh\u00f4d a zvy\u0161uje sa celkov\u00e1 efektivita.<\/p>\n<h4><strong>Odolnos\u0165 proti kor\u00f3zii<\/strong><\/h4>\n<p>Aby sa zabr\u00e1nilo \u00fa\u010dinkom vystavenia vlhkosti a agres\u00edvnym vplyvom, zdv\u00edhac\u00ed valec prech\u00e1dza \u0161peci\u00e1lnou povrchovou \u00fapravou. T\u00e1to ochrann\u00e1 vrstva chr\u00e1ni pred hrdzou a kor\u00f3ziou, \u010d\u00edm v\u00fdrazne predl\u017euje \u017eivotnos\u0165 valca. Udr\u017eiavan\u00edm optim\u00e1lneho v\u00fdkonu v priebehu \u010dasu t\u00e1to funkcia nielen zvy\u0161uje spo\u013eahlivos\u0165 valca, ale prispieva aj k ni\u017e\u0161\u00edm n\u00e1kladom na \u00fadr\u017ebu a zv\u00fd\u0161enej prev\u00e1dzkovej efekt\u00edvnosti.<\/p>\n<h4><strong>Kompaktn\u00fd dizajn<\/strong><\/h4>\n<p>Kompaktn\u00fd dizajn zdv\u00edhacieho valca ho odli\u0161uje t\u00fdm, \u017ee umo\u017e\u0148uje jednoduch\u00fa in\u0161tal\u00e1ciu a bezprobl\u00e9mov\u00fa integr\u00e1ciu do r\u00f4znych modelov p\u00e1sov\u00fdch \u017eeriavov. Jeho priestorovo \u00fasporn\u00e9 rozmery umo\u017e\u0148uj\u00fa obsluhe maximalizova\u0165 efektivitu svojich strojov bez straty v\u00fdkonu. T\u00e1to v\u0161estrannos\u0165 z neho rob\u00ed vynikaj\u00facu vo\u013ebu pre projekty s obmedzen\u00fdm priestorom a zabezpe\u010duje, \u017ee zdv\u00edhacie schopnosti \u0165a\u017ek\u00fdch vozidiel nebud\u00fa nikdy ohrozen\u00e9.<\/p>\n<h4><strong>Vysokotlakov\u00e1 kapacita<\/strong><\/h4>\n<p>Zdv\u00edhac\u00ed valec, navrhnut\u00fd na zvl\u00e1dnutie vysok\u00fdch hydraulick\u00fdch tlakov, vynik\u00e1 v poskytovan\u00ed efekt\u00edvnych zdv\u00edhac\u00edch oper\u00e1ci\u00ed. T\u00e1to schopnos\u0165 zais\u0165uje, \u017ee valec dok\u00e1\u017ee bezpe\u010dne a efekt\u00edvne zvl\u00e1dnu\u0165 zna\u010dn\u00e9 bremen\u00e1, \u010do poskytuje obsluhe pokoj. V\u010faka uprednost\u0148ovaniu bezpe\u010dnosti a z\u00e1rove\u0148 maximaliz\u00e1cii v\u00fdkonu tento valec podporuje \u0161irok\u00fa \u0161k\u00e1lu aplik\u00e1ci\u00ed, od stavebn\u00fdch a\u017e po priemyseln\u00e9 zdv\u00edhacie \u00falohy, v\u010faka \u010domu je spo\u013eahlivou vo\u013ebou pre ak\u00fako\u013evek n\u00e1ro\u010dn\u00fa prev\u00e1dzku.<\/p>\n<h2><strong>\u010co rob\u00ed zdv\u00edhac\u00ed valec vhodn\u00fdm na zdv\u00edhanie \u0165a\u017ek\u00fdch bremien?<\/strong><\/h2>\n<p>Tu je podrobnej\u0161ie vysvetlenie, pre\u010do je zdv\u00edhac\u00ed valec vhodn\u00fd na zdv\u00edhanie \u0165a\u017ek\u00fdch bremien:<\/p>\n<ol>\n<li><strong>V\u00fdnimo\u010dn\u00e1 odolnos\u0165<\/strong>:<br \/>\nZdv\u00edhac\u00ed valec je vyroben\u00fd z vysoko kvalitn\u00fdch materi\u00e1lov, ktor\u00e9 boli \u0161peci\u00e1lne vybran\u00e9 pre svoju pevnos\u0165 a odolnos\u0165. T\u00e1to robustnos\u0165 umo\u017e\u0148uje valcu odol\u00e1va\u0165 extr\u00e9mnym podmienkam, ako s\u00fa siln\u00e9 vibr\u00e1cie, r\u00e1zov\u00e9 za\u0165a\u017eenia a drsn\u00e9 environment\u00e1lne faktory typick\u00e9 pre stavebn\u00edctvo a priemyseln\u00e9 prostredie. Trvanlivos\u0165 minimalizuje opotrebenie, \u010do vedie k men\u0161iemu po\u010dtu por\u00fach a skr\u00e1teniu prestojov, \u010do je rozhoduj\u00face pre udr\u017eanie produktivity na stavenisk\u00e1ch.<\/li>\n<li><strong>Vysokotlakov\u00e1 kapacita<\/strong>:<br \/>\nTento zdv\u00edhac\u00ed valec je navrhnut\u00fd tak, aby zvl\u00e1dal vysok\u00e9 hydraulick\u00e9 tlaky, ktor\u00e9 s\u00fa nevyhnutn\u00e9 pre bezpe\u010dn\u00e9 a efekt\u00edvne zdv\u00edhanie zna\u010dn\u00fdch hmotnost\u00ed. Jeho kon\u0161trukcia zah\u0155\u0148a pokro\u010dil\u00e9 in\u017einierske princ\u00edpy, ktor\u00e9 mu umo\u017e\u0148uj\u00fa pracova\u0165 pri intenz\u00edvnom nam\u00e1han\u00ed bez ohrozenia \u0161truktur\u00e1lnej integrity. T\u00e1to vysokotlakov\u00e1 kapacita zabezpe\u010duje, \u017ee valec dok\u00e1\u017ee spo\u013eahlivo zdv\u00edha\u0165 \u0165a\u017ek\u00e9 stroje a materi\u00e1ly, v\u010faka \u010domu je vhodn\u00fd pre r\u00f4zne aplik\u00e1cie od stavebn\u00edctva a\u017e po \u0165a\u017ek\u00fa \u200b\u200bv\u00fdrobu.<\/li>\n<li><strong>Presn\u00e9 in\u017einierstvo<\/strong>:<br \/>\nTieto prvky sa vyzna\u010duj\u00fa najmodernej\u0161\u00edmi v\u00fdrobn\u00fdmi toleranciami, ktor\u00e9 zabezpe\u010duj\u00fa presn\u00e9 zarovnanie a prev\u00e1dzku. T\u00e1to \u00farove\u0148 presnosti je nevyhnutn\u00e1 pre \u00falohy vy\u017eaduj\u00face jemn\u00fa manipul\u00e1ciu alebo presn\u00e9 polohovanie, preto\u017ee minimalizuje riziko neh\u00f4d a zvy\u0161uje celkov\u00fa presnos\u0165 zdv\u00edhania. Obsluha sa m\u00f4\u017ee spo\u013eahn\u00fa\u0165, \u017ee valec bude fungova\u0165 konzistentne, \u010do vedie k zv\u00fd\u0161enej d\u00f4vere pri zdv\u00edhac\u00edch oper\u00e1ci\u00e1ch a zlep\u0161enej bezpe\u010dnosti pre person\u00e1l aj zariadenia.<\/li>\n<li><strong>Vynikaj\u00faca odolnos\u0165 proti kor\u00f3zii<\/strong>:<br \/>\nNa boj proti \u00fa\u010dinkom vlhkosti, chemik\u00e1li\u00ed a in\u00fdch koroz\u00edvnych prvkov prech\u00e1dza \u0161peci\u00e1lnou povrchovou \u00fapravou. T\u00e1to ochrann\u00e1 vrstva v\u00fdrazne zni\u017euje riziko hrdze a kor\u00f3zie, ktor\u00e9 by inak mohli vies\u0165 k mechanick\u00e9mu po\u0161kodeniu. Zv\u00fd\u0161en\u00edm odolnosti valca vo\u010di environment\u00e1lnym faktorom t\u00e1to funkcia zais\u0165uje dlhodob\u00fa spo\u013eahlivos\u0165 a v\u00fdkon, \u010do v kone\u010dnom d\u00f4sledku zni\u017euje n\u00e1klady na \u00fadr\u017ebu a predl\u017euje \u017eivotnos\u0165 zariadenia.<\/li>\n<li><strong>Kompaktn\u00fd dizajn<\/strong>:<br \/>\nKompaktn\u00fd dizajn zdv\u00edhacieho valca umo\u017e\u0148uje jednoduch\u00fa in\u0161tal\u00e1ciu a integr\u00e1ciu do r\u00f4znych modelov p\u00e1sov\u00fdch \u017eeriavov. T\u00e1to priestorovo \u00fasporn\u00e1 funkcia je obzvl\u00e1\u0161\u0165 v\u00fdhodn\u00e1 v prostrediach s obmedzen\u00fdm priestorom, kde je nevyhnutn\u00e9 maximalizova\u0165 prev\u00e1dzkov\u00e9 schopnosti \u017eeriavu. Zjednodu\u0161en\u00fd dizajn neohrozuje zdv\u00edhaciu silu, \u010do zabezpe\u010duje, \u017ee oper\u00e1tori m\u00f4\u017eu efekt\u00edvne manipulova\u0165 s \u0165a\u017ek\u00fdmi bremenami bez objemnosti spojenej s tradi\u010dn\u00fdmi valcami.<\/li>\n<\/ol>\n<p>V\u010faka t\u00fdmto vylep\u0161en\u00fdm vlastnostiam je zdv\u00edhac\u00ed valec najlep\u0161ou vo\u013ebou pre zdv\u00edhacie aplik\u00e1cie s \u0165a\u017ek\u00fdmi bremenami, \u010d\u00edm sa zabezpe\u010duje spo\u013eahlivos\u0165, efektivita a bezpe\u010dnos\u0165 pri pr\u00e1ci.<\/p>\n<h2><strong>V\u00fdrobn\u00e1 oblas\u0165 valcov pre vysokozdvi\u017en\u00e9 voz\u00edky:<\/strong><\/h2>\n<h2><img loading=\"lazy\" decoding=\"async\" class=\"alignnone size-full wp-image-16972\" src=\"https:\/\/www.hydraulic-cylinders.net\/wp-content\/uploads\/2025\/01\/hydraulic-cylinder-factory-1-scaled.webp\" alt=\"\" width=\"2016\" height=\"2560\" srcset=\"https:\/\/www.hydraulic-cylinders.net\/wp-content\/uploads\/2025\/01\/hydraulic-cylinder-factory-1-scaled.webp 2016w, https:\/\/www.hydraulic-cylinders.net\/wp-content\/uploads\/2025\/01\/hydraulic-cylinder-factory-1-1280x1625.webp 1280w, https:\/\/www.hydraulic-cylinders.net\/wp-content\/uploads\/2025\/01\/hydraulic-cylinder-factory-1-980x1244.webp 980w, https:\/\/www.hydraulic-cylinders.net\/wp-content\/uploads\/2025\/01\/hydraulic-cylinder-factory-1-480x610.webp 480w\" sizes=\"(min-width: 0px) and (max-width: 480px) 480px, (min-width: 481px) and (max-width: 980px) 980px, (min-width: 981px) and (max-width: 1280px) 1280px, (min-width: 1281px) 2016px, 100vw\" \/><\/h2>\n<p>P\u00fd\u0161ime sa najmodernej\u0161ou nez\u00e1vislou platformou v\u00fdskumu a v\u00fdvoja zameranou na mont\u00e1\u017e, ktor\u00e1 zabezpe\u010duje \u0161pi\u010dkov\u00e9 inov\u00e1cie a kvalitu v na\u0161ich v\u00fdrobn\u00fdch procesoch. Na\u0161a diel\u0148a na v\u00fdrobu valcov pre vysokozdvi\u017en\u00e9 voz\u00edky disponuje \u0161tyrmi poloautomatick\u00fdmi mont\u00e1\u017enymi linkami na zdv\u00edhanie valcov a plne automatickou mont\u00e1\u017enou linkou nakl\u00e1pac\u00edch valcov, ktor\u00e9 s\u00fa spolu navrhnut\u00e9 tak, aby ro\u010dne vyrobili a\u017e jeden mili\u00f3n kusov.<\/p>\n<p>Na\u0161a \u0161pecializovan\u00e1 diel\u0148a na v\u00fdrobu valcov je navy\u0161e vybaven\u00e1 poloautomatick\u00fdmi \u010distiacimi a mont\u00e1\u017enymi syst\u00e9mami prisp\u00f4soben\u00fdmi r\u00f4znym \u0161pecifik\u00e1ci\u00e1m s ro\u010dnou v\u00fdrobnou kapacitou 200 000 kusov. Na vysoko presn\u00e9 spracovanie valcov vyu\u017e\u00edvame renomovan\u00e9 CNC zariadenia, obr\u00e1bacie centr\u00e1 a \u0161pecializovan\u00e9 n\u00e1stroje. Na\u0161e zariadenie zah\u0155\u0148a aj pokro\u010dil\u00e9 robotick\u00e9 zv\u00e1racie stroje, automatick\u00e9 \u010distiace syst\u00e9my a plne automatizovan\u00e9 linky na mont\u00e1\u017e a lakovanie valcov. S viac ako 300 k\u013e\u00fa\u010dov\u00fdmi zariadeniami v prev\u00e1dzke optimalizujeme alok\u00e1ciu zdrojov a zabezpe\u010dujeme efekt\u00edvne vyu\u017eitie, pri\u010dom sp\u013a\u0148ame pr\u00edsne \u0161tandardy presnosti a kvality.<\/p>\n<p>Na\u0161a obr\u00e1bacia diel\u0148a m\u00e1 z\u00e1kazkov\u00e9 s\u00fastru\u017en\u00edcke centr\u00e1 s nakl\u00e1pac\u00edmi vodiacimi ko\u013eajnicami, obr\u00e1bacie centr\u00e1, vysokor\u00fdchlostn\u00e9 honovacie stroje, zv\u00e1racie roboty a \u010fal\u0161ie potrebn\u00e9 vybavenie. Toto nastavenie n\u00e1m umo\u017e\u0148uje obr\u00e1ba\u0165 valcov\u00e9 r\u00fary s maxim\u00e1lnym vn\u00fatorn\u00fdm priemerom 400 mm a d\u013a\u017ekou a\u017e 6 metrov, \u010do \u010falej zvy\u0161uje na\u0161e v\u00fdrobn\u00e9 mo\u017enosti.<\/p>\n<h2><img loading=\"lazy\" decoding=\"async\" class=\"alignnone size-full wp-image-16973\" src=\"https:\/\/www.hydraulic-cylinders.net\/wp-content\/uploads\/2025\/01\/hydraulic-cylinder-factory-2-scaled.webp\" alt=\"\" width=\"2011\" height=\"2560\" srcset=\"https:\/\/www.hydraulic-cylinders.net\/wp-content\/uploads\/2025\/01\/hydraulic-cylinder-factory-2-scaled.webp 2011w, https:\/\/www.hydraulic-cylinders.net\/wp-content\/uploads\/2025\/01\/hydraulic-cylinder-factory-2-1280x1629.webp 1280w, https:\/\/www.hydraulic-cylinders.net\/wp-content\/uploads\/2025\/01\/hydraulic-cylinder-factory-2-980x1248.webp 980w, https:\/\/www.hydraulic-cylinders.net\/wp-content\/uploads\/2025\/01\/hydraulic-cylinder-factory-2-480x611.webp 480w\" sizes=\"(min-width: 0px) and (max-width: 480px) 480px, (min-width: 481px) and (max-width: 980px) 980px, (min-width: 981px) and (max-width: 1280px) 1280px, (min-width: 1281px) 2011px, 100vw\" \/><\/h2>\n<p>Prev\u00e1dzkujeme plne automatick\u00fa linku na nan\u00e1\u0161anie farieb na vodnej b\u00e1ze, ktor\u00e1 je \u0161peci\u00e1lne navrhnut\u00e1 pre mal\u00e9 a stredn\u00e9 valce a je vybaven\u00e1 automatizovan\u00fdmi robotmi na nakladanie, vykladanie a striekanie. Tento modern\u00fd syst\u00e9m sa m\u00f4\u017ee pochv\u00e1li\u0165 v\u00fdrobnou kapacitou 4 000 kusov za smenu. Okrem toho m\u00e1me poloautomatick\u00fa lakovaciu linku pre ve\u013ek\u00e9 valce, poh\u00e1\u0148an\u00fa re\u0165azov\u00fdm pohonom, s projektovanou kapacitou 60 prepraviek za smenu.<\/p>\n<p>Aby sme zv\u00fd\u0161ili v\u00fdkonnos\u0165 produktov a upevnili si na\u0161e ved\u00face postavenie v odvetv\u00ed hydraulick\u00fdch valcov, spojili sme sa so spolo\u010dnos\u0165ou ZJIMEE s cie\u013eom vybudova\u0165 komplexn\u00e9 v\u00fdkonnostn\u00e9 laborat\u00f3rium zameran\u00e9 na hydraulick\u00e9 valce, ventily a \u010derpadl\u00e1. Toto pokro\u010dil\u00e9 laborat\u00f3rium vyu\u017e\u00edva po\u010d\u00edta\u010dom podporovan\u00e9 testovanie s elektrohydraulickou technol\u00f3giou, \u010do umo\u017e\u0148uje prednastaven\u00e9 testovacie podmienky, ktor\u00e9 zlep\u0161uj\u00fa presnos\u0165 a v\u0161estrannos\u0165 syst\u00e9mu. Automatizovan\u00fd proces zberu \u00fadajov vyu\u017e\u00edva senzory na zhroma\u017e\u010fovanie v\u00fdstupn\u00fdch \u00fadajov, ako s\u00fa vn\u00fatorn\u00e9 netesnosti a \u00fa\u010dinnos\u0165 za\u0165a\u017eenia, ktor\u00e9 potom spracov\u00e1va po\u010d\u00edta\u010d a prev\u00e1dza na \u0161tandardn\u00e9 jednotky (ml\/min%).<\/p>\n<p>Okrem toho, aby sme zaistili bezpe\u010dnos\u0165 na\u0161ich hydraulick\u00fdch syst\u00e9mov, implementujeme monitorovanie stavu k\u013e\u00fa\u010dov\u00fdch v\u00fdkonnostn\u00fdch parametrov vr\u00e1tane teploty oleja, hladiny kvapaliny a stavu filtra\u010dn\u00e9ho zariadenia. N\u00e1\u0161 testovac\u00ed stojan pre hydraulick\u00e9 valce dok\u00e1\u017ee pos\u00fadi\u0165 \u201e\u00fa\u010dinnos\u0165 za\u0165a\u017eenia\u201c a \u201evn\u00fatorn\u00fa netesnos\u0165\u201c prostredn\u00edctvom presn\u00fdch \u00fadajov. Je tie\u017e vybaven\u00fd merac\u00edm pr\u00edstrojom s mrie\u017ekov\u00fdm prav\u00edtkom, ktor\u00fd sp\u013a\u0148a n\u00e1rodn\u00e9 normy a zabezpe\u010duje s\u00falad so v\u0161etk\u00fdmi testovac\u00edmi po\u017eiadavkami pre hydraulick\u00e9 valce.<\/p>\n<p>&nbsp;<\/p>","protected":false},"excerpt":{"rendered":"<p>Lift Cylinder For Crawler Crane Our Lift Cylinders for Crawler Cranes are designed to deliver powerful and reliable lifting performance for heavy-duty applications. Engineered specifically for crawler cranes, these hydraulic cylinders provide the force needed to elevate crane arms (booms) with precision, supporting loads up to 590 tons in demanding environments such as construction sites, [&hellip;]<\/p>","protected":false},"featured_media":17055,"comment_status":"open","ping_status":"closed","template":"","meta":{"_et_pb_use_builder":"","_et_pb_old_content":"","_et_gb_content_width":""},"product_brand":[],"product_cat":[1376,1514],"product_tag":[],"class_list":{"0":"post-17047","1":"product","2":"type-product","3":"status-publish","4":"has-post-thumbnail","6":"product_cat-hydraulic-cylinder","7":"product_cat-mobile-crane-hydraulic-cylinders","9":"first","10":"instock","11":"shipping-taxable","12":"product-type-simple"},"amp_enabled":true,"_links":{"self":[{"href":"https:\/\/www.hydraulic-cylinders.net\/sk\/wp-json\/wp\/v2\/product\/17047","targetHints":{"allow":["GET"]}}],"collection":[{"href":"https:\/\/www.hydraulic-cylinders.net\/sk\/wp-json\/wp\/v2\/product"}],"about":[{"href":"https:\/\/www.hydraulic-cylinders.net\/sk\/wp-json\/wp\/v2\/types\/product"}],"replies":[{"embeddable":true,"href":"https:\/\/www.hydraulic-cylinders.net\/sk\/wp-json\/wp\/v2\/comments?post=17047"}],"wp:featuredmedia":[{"embeddable":true,"href":"https:\/\/www.hydraulic-cylinders.net\/sk\/wp-json\/wp\/v2\/media\/17055"}],"wp:attachment":[{"href":"https:\/\/www.hydraulic-cylinders.net\/sk\/wp-json\/wp\/v2\/media?parent=17047"}],"wp:term":[{"taxonomy":"product_brand","embeddable":true,"href":"https:\/\/www.hydraulic-cylinders.net\/sk\/wp-json\/wp\/v2\/product_brand?post=17047"},{"taxonomy":"product_cat","embeddable":true,"href":"https:\/\/www.hydraulic-cylinders.net\/sk\/wp-json\/wp\/v2\/product_cat?post=17047"},{"taxonomy":"product_tag","embeddable":true,"href":"https:\/\/www.hydraulic-cylinders.net\/sk\/wp-json\/wp\/v2\/product_tag?post=17047"}],"curies":[{"name":"pracovn\u00fd list","href":"https:\/\/api.w.org\/{rel}","templated":true}]}}