{"id":17058,"date":"2025-02-05T06:07:17","date_gmt":"2025-02-05T06:07:17","guid":{"rendered":"https:\/\/www.hydraulic-cylinders.net\/?post_type=product&#038;p=17058"},"modified":"2025-04-11T03:28:20","modified_gmt":"2025-04-11T03:28:20","slug":"arm-anti-tilt-hydraulic-cylinders-for-crawler-crane","status":"publish","type":"product","link":"https:\/\/www.hydraulic-cylinders.net\/sk\/produkt\/arm-anti-tilt-hydraulic-cylinders-for-crawler-crane\/","title":{"rendered":"Hydraulick\u00e9 valce s protisklopn\u00fdm ramenom pre p\u00e1sov\u00fd \u017eeriav"},"content":{"rendered":"<h1 style=\"text-align: center;\"><strong>Hydraulick\u00e9 valce s protisklopn\u00fdm ramenom pre p\u00e1sov\u00fd \u017eeriav<\/strong><\/h1>\n<h1 style=\"text-align: center;\"><img loading=\"lazy\" decoding=\"async\" class=\"alignnone size-full wp-image-17060\" src=\"https:\/\/www.hydraulic-cylinders.net\/wp-content\/uploads\/2025\/02\/hcyy11112019-cylinder-for-preventing-rear-tlit-of-boom-2.webp\" alt=\"\" width=\"1499\" height=\"519\" srcset=\"https:\/\/www.hydraulic-cylinders.net\/wp-content\/uploads\/2025\/02\/hcyy11112019-cylinder-for-preventing-rear-tlit-of-boom-2.webp 1499w, https:\/\/www.hydraulic-cylinders.net\/wp-content\/uploads\/2025\/02\/hcyy11112019-cylinder-for-preventing-rear-tlit-of-boom-2-1280x443.webp 1280w, https:\/\/www.hydraulic-cylinders.net\/wp-content\/uploads\/2025\/02\/hcyy11112019-cylinder-for-preventing-rear-tlit-of-boom-2-980x339.webp 980w, https:\/\/www.hydraulic-cylinders.net\/wp-content\/uploads\/2025\/02\/hcyy11112019-cylinder-for-preventing-rear-tlit-of-boom-2-480x166.webp 480w\" sizes=\"(min-width: 0px) and (max-width: 480px) 480px, (min-width: 481px) and (max-width: 980px) 980px, (min-width: 981px) and (max-width: 1280px) 1280px, (min-width: 1281px) 1499px, 100vw\" \/><\/h1>\n<p>Na\u0161e hydraulick\u00e9 valce s ochranou ramena proti nakl\u00e1\u0148aniu pre p\u00e1sov\u00e9 \u017eeriavy s\u00fa navrhnut\u00e9 tak, aby zv\u00fd\u0161ili bezpe\u010dnos\u0165 a stabilitu po\u010das zdv\u00edhac\u00edch oper\u00e1ci\u00ed s \u0165a\u017ek\u00fdmi bremenami. Tieto valce, navrhnut\u00e9 \u0161peci\u00e1lne pre p\u00e1sov\u00e9 \u017eeriavy, zabra\u0148uj\u00fa nakl\u00e1\u0148aniu ramena \u017eeriavu dozadu pri extr\u00e9mnom za\u0165a\u017een\u00ed, \u010d\u00edm zais\u0165uj\u00fa prev\u00e1dzkov\u00fa bezpe\u010dnos\u0165 v n\u00e1ro\u010dn\u00fdch prostrediach, ako s\u00fa stavenisk\u00e1, pr\u00edstavn\u00e9 prev\u00e1dzky a priemyseln\u00e9 projekty. Na\u0161e valce s\u00fa vyroben\u00e9 z vysokopevnostn\u00fdch materi\u00e1lov a maj\u00fa pokro\u010dil\u00fa technol\u00f3giu tesnenia, tak\u017ee pon\u00fakaj\u00fa v\u00fdnimo\u010dn\u00fa odolnos\u0165, odol\u00e1vaj\u00fa dynamick\u00e9mu za\u0165a\u017eeniu a drsn\u00fdm podmienkam a z\u00e1rove\u0148 si zachov\u00e1vaj\u00fa presn\u00e9 ovl\u00e1danie.<\/p>\n<p>V\u010faka menovit\u00e9mu tlaku a\u017e 35 MPa a antikor\u00f3znym n\u00e1terom s\u00fa ide\u00e1lne na dlhodob\u00e9 pou\u017e\u00edvanie v n\u00e1ro\u010dnom ter\u00e9ne. \u010ci u\u017e zdv\u00edhate \u0165a\u017ek\u00e9 oce\u013eov\u00e9 kon\u0161trukcie alebo manipulujete s nadrozmern\u00fdm n\u00e1kladom, na\u0161e hydraulick\u00e9 valce s ochranou proti nakl\u00e1\u0148aniu ramena poskytuj\u00fa spo\u013eahlivos\u0165 a v\u00fdkon, ktor\u00e9 potrebujete na bezpe\u010dn\u00fa a efekt\u00edvnu prev\u00e1dzku v\u00e1\u0161ho p\u00e1sov\u00e9ho \u017eeriavu.<\/p>\n<h2><strong>Hydraulick\u00e9 valce s protisklopn\u00fdm ramenom pre p\u00e1sov\u00fd \u017eeriav Parameter:<\/strong><\/h2>\n<h1 style=\"text-align: center;\"><img loading=\"lazy\" decoding=\"async\" class=\"alignnone size-full wp-image-17059\" src=\"https:\/\/www.hydraulic-cylinders.net\/wp-content\/uploads\/2025\/02\/hcyy11112019-cylinder-for-preventing-rear-tlit-of-boom-1.webp\" alt=\"\" width=\"1512\" height=\"147\" srcset=\"https:\/\/www.hydraulic-cylinders.net\/wp-content\/uploads\/2025\/02\/hcyy11112019-cylinder-for-preventing-rear-tlit-of-boom-1.webp 1512w, https:\/\/www.hydraulic-cylinders.net\/wp-content\/uploads\/2025\/02\/hcyy11112019-cylinder-for-preventing-rear-tlit-of-boom-1-1280x124.webp 1280w, https:\/\/www.hydraulic-cylinders.net\/wp-content\/uploads\/2025\/02\/hcyy11112019-cylinder-for-preventing-rear-tlit-of-boom-1-980x95.webp 980w, https:\/\/www.hydraulic-cylinders.net\/wp-content\/uploads\/2025\/02\/hcyy11112019-cylinder-for-preventing-rear-tlit-of-boom-1-480x47.webp 480w\" sizes=\"(min-width: 0px) and (max-width: 480px) 480px, (min-width: 481px) and (max-width: 980px) 980px, (min-width: 981px) and (max-width: 1280px) 1280px, (min-width: 1281px) 1512px, 100vw\" \/><img loading=\"lazy\" decoding=\"async\" class=\"alignnone size-full wp-image-17061\" src=\"https:\/\/www.hydraulic-cylinders.net\/wp-content\/uploads\/2025\/02\/hcyy11112019-cylinder-for-preventing-rear-tlit-of-boom-3.webp\" alt=\"\" width=\"1477\" height=\"707\" srcset=\"https:\/\/www.hydraulic-cylinders.net\/wp-content\/uploads\/2025\/02\/hcyy11112019-cylinder-for-preventing-rear-tlit-of-boom-3.webp 1477w, https:\/\/www.hydraulic-cylinders.net\/wp-content\/uploads\/2025\/02\/hcyy11112019-cylinder-for-preventing-rear-tlit-of-boom-3-1280x613.webp 1280w, https:\/\/www.hydraulic-cylinders.net\/wp-content\/uploads\/2025\/02\/hcyy11112019-cylinder-for-preventing-rear-tlit-of-boom-3-980x469.webp 980w, https:\/\/www.hydraulic-cylinders.net\/wp-content\/uploads\/2025\/02\/hcyy11112019-cylinder-for-preventing-rear-tlit-of-boom-3-480x230.webp 480w\" sizes=\"(min-width: 0px) and (max-width: 480px) 480px, (min-width: 481px) and (max-width: 980px) 980px, (min-width: 981px) and (max-width: 1280px) 1280px, (min-width: 1281px) 1477px, 100vw\" \/> <img loading=\"lazy\" decoding=\"async\" class=\"alignnone size-full wp-image-17062\" src=\"https:\/\/www.hydraulic-cylinders.net\/wp-content\/uploads\/2025\/02\/hcyy11112019-cylinder-for-preventing-rear-tlit-of-boom-4.webp\" alt=\"\" width=\"1477\" height=\"711\" srcset=\"https:\/\/www.hydraulic-cylinders.net\/wp-content\/uploads\/2025\/02\/hcyy11112019-cylinder-for-preventing-rear-tlit-of-boom-4.webp 1477w, https:\/\/www.hydraulic-cylinders.net\/wp-content\/uploads\/2025\/02\/hcyy11112019-cylinder-for-preventing-rear-tlit-of-boom-4-1280x616.webp 1280w, https:\/\/www.hydraulic-cylinders.net\/wp-content\/uploads\/2025\/02\/hcyy11112019-cylinder-for-preventing-rear-tlit-of-boom-4-980x472.webp 980w, https:\/\/www.hydraulic-cylinders.net\/wp-content\/uploads\/2025\/02\/hcyy11112019-cylinder-for-preventing-rear-tlit-of-boom-4-480x231.webp 480w\" sizes=\"(min-width: 0px) and (max-width: 480px) 480px, (min-width: 481px) and (max-width: 980px) 980px, (min-width: 981px) and (max-width: 1280px) 1280px, (min-width: 1281px) 1477px, 100vw\" \/> <img loading=\"lazy\" decoding=\"async\" class=\"alignnone size-full wp-image-17063\" src=\"https:\/\/www.hydraulic-cylinders.net\/wp-content\/uploads\/2025\/02\/hcyy11112019-cylinder-for-preventing-rear-tlit-of-boom-5.webp\" alt=\"\" width=\"1401\" height=\"671\" srcset=\"https:\/\/www.hydraulic-cylinders.net\/wp-content\/uploads\/2025\/02\/hcyy11112019-cylinder-for-preventing-rear-tlit-of-boom-5.webp 1401w, https:\/\/www.hydraulic-cylinders.net\/wp-content\/uploads\/2025\/02\/hcyy11112019-cylinder-for-preventing-rear-tlit-of-boom-5-1280x613.webp 1280w, https:\/\/www.hydraulic-cylinders.net\/wp-content\/uploads\/2025\/02\/hcyy11112019-cylinder-for-preventing-rear-tlit-of-boom-5-980x469.webp 980w, https:\/\/www.hydraulic-cylinders.net\/wp-content\/uploads\/2025\/02\/hcyy11112019-cylinder-for-preventing-rear-tlit-of-boom-5-480x230.webp 480w\" sizes=\"(min-width: 0px) and (max-width: 480px) 480px, (min-width: 481px) and (max-width: 980px) 980px, (min-width: 981px) and (max-width: 1280px) 1280px, (min-width: 1281px) 1401px, 100vw\" \/><\/h1>\n<h2><strong>S\u00e9ria valcov p\u00e1sov\u00e9ho \u017eeriavu:<\/strong><\/h2>\n<h2><img loading=\"lazy\" decoding=\"async\" class=\"alignnone size-full wp-image-17054 aligncenter\" src=\"https:\/\/www.hydraulic-cylinders.net\/wp-content\/uploads\/2025\/02\/cylinder-series-of-crawler-crane-1.webp\" alt=\"\" width=\"709\" height=\"791\" srcset=\"https:\/\/www.hydraulic-cylinders.net\/wp-content\/uploads\/2025\/02\/cylinder-series-of-crawler-crane-1.webp 709w, https:\/\/www.hydraulic-cylinders.net\/wp-content\/uploads\/2025\/02\/cylinder-series-of-crawler-crane-1-480x536.webp 480w\" sizes=\"(min-width: 0px) and (max-width: 480px) 480px, (min-width: 481px) 709px, 100vw\" \/><\/h2>\n<h2><strong>K\u013e\u00fa\u010dov\u00e9 vlastnosti hydraulick\u00fdch valcov s protisklopn\u00fdm ramenom pre p\u00e1sov\u00fd \u017eeriav:<\/strong><\/h2>\n<h4><strong>Robustn\u00e1 kon\u0161trukcia<\/strong><\/h4>\n<p>Hydraulick\u00e9 valce s ochranou proti nakl\u00e1\u0148aniu ramena sa m\u00f4\u017eu pochv\u00e1li\u0165 robustnou kon\u0161trukciou vyrobenou z vysokopevnostn\u00fdch materi\u00e1lov, starostlivo vybran\u00fdch tak, aby odolali naj\u0165a\u017e\u0161\u00edm pracovn\u00fdm podmienkam. T\u00e1to kon\u0161trukcia nielen zais\u0165uje v\u00fdnimo\u010dn\u00fa odolnos\u0165, ale aj zvy\u0161uje spo\u013eahlivos\u0165, \u010do umo\u017e\u0148uje obsluhe s\u00fastredi\u0165 sa na dan\u00fa \u00falohu bez ob\u00e1v z por\u00fach zariaden\u00ed. Odolnos\u0165 valca znamen\u00e1, \u017ee si porad\u00ed so v\u0161etk\u00fdm od extr\u00e9mnych tepl\u00f4t a\u017e po siln\u00e9 vibr\u00e1cie, v\u010faka \u010domu je spo\u013eahlivou vo\u013ebou pre ak\u00fako\u013evek \u017eeriavov\u00fa oper\u00e1ciu.<\/p>\n<h4><strong>Vysok\u00e1 nosnos\u0165<\/strong><\/h4>\n<p>Hydraulick\u00e9 valce s ochranou proti nakl\u00e1\u0148aniu ramena, navrhnut\u00e9 na manipul\u00e1ciu s vysok\u00fdmi hmotnos\u0165ami, umo\u017e\u0148uj\u00fa oper\u00e1torom s istotou zdv\u00edha\u0165 a manipulova\u0165 s \u0165a\u017ek\u00fdmi materi\u00e1lmi. Ich p\u00f4sobiv\u00e1 nosnos\u0165 zohr\u00e1va k\u013e\u00fa\u010dov\u00fa \u00falohu pri roz\u0161irovan\u00ed mo\u017enost\u00ed p\u00e1sov\u00fdch \u017eeriavov a umo\u017e\u0148uje im vykon\u00e1va\u0165 zlo\u017eit\u00e9 \u00falohy vy\u017eaduj\u00face pevnos\u0165 a stabilitu. \u010ci u\u017e ide o zdv\u00edhanie oce\u013eov\u00fdch nosn\u00edkov alebo prepravu \u0165a\u017ek\u00fdch strojov, tento valec poskytuje silu potrebn\u00fa na bezpe\u010dn\u00e9 a efekt\u00edvne vykonanie pr\u00e1ce.<\/p>\n<h4><strong>Presn\u00e9 in\u017einierstvo<\/strong><\/h4>\n<p>V\u010faka kon\u0161trukcii s pr\u00edsnymi toleranciami podporuj\u00fa hydraulick\u00e9 valce s ochranou proti prevr\u00e1teniu ramena plynul\u00fd chod a presn\u00e9 polohovanie v\u00fdlo\u017en\u00edka. T\u00e1to \u00farove\u0148 presnosti minimalizuje riziko neh\u00f4d a zvy\u0161uje celkov\u00fa prev\u00e1dzkov\u00fa bezpe\u010dnos\u0165. Obsluha sa m\u00f4\u017ee spo\u013eahn\u00fa\u0165 na presnos\u0165 valca, ktor\u00e1 je nevyhnutn\u00e1 pre \u00falohy vy\u017eaduj\u00face d\u00f4kladn\u00fa kontrolu. T\u00e1to pozornos\u0165 venovan\u00e1 detailom nielen zvy\u0161uje v\u00fdkon, ale aj vn\u00e1\u0161a sebavedomie do obsluhy pri zvl\u00e1dan\u00ed n\u00e1ro\u010dn\u00fdch zdv\u00edhac\u00edch situ\u00e1ci\u00ed.<\/p>\n<h4><strong>Odolnos\u0165 proti kor\u00f3zii<\/strong><\/h4>\n<p>Hydraulick\u00e9 valce s ochranou proti nakl\u00e1\u0148aniu ramena maj\u00fa \u0161peci\u00e1lnu povrchov\u00fa \u00fapravu, ktor\u00e1 pon\u00faka vynikaj\u00facu ochranu proti hrdzi a kor\u00f3zii. T\u00e1to vlastnos\u0165 je obzvl\u00e1\u0161\u0165 v\u00fdhodn\u00e1 v n\u00e1ro\u010dn\u00fdch prostrediach, kde je be\u017en\u00e9 vystavenie vlhkosti a agres\u00edvnym chemik\u00e1li\u00e1m. Pred\u013a\u017een\u00edm \u017eivotnosti valca t\u00e1to odolnos\u0165 proti kor\u00f3zii zabezpe\u010duje konzistentn\u00fd v\u00fdkon v priebehu \u010dasu, zni\u017euje n\u00e1klady na \u00fadr\u017ebu a zvy\u0161uje celkov\u00fa hodnotu va\u0161ej invest\u00edcie.<\/p>\n<h4><strong>Kompaktn\u00fd dizajn<\/strong><\/h4>\n<p>Priestorovo \u00fasporn\u00e1 kon\u0161trukcia valca umo\u017e\u0148uje jednoduch\u00fa in\u0161tal\u00e1ciu a bezprobl\u00e9mov\u00fa integr\u00e1ciu do r\u00f4znych modelov p\u00e1sov\u00fdch \u017eeriavov. T\u00e1to kompaktnos\u0165 maximalizuje prev\u00e1dzkov\u00fa efektivitu a umo\u017e\u0148uje \u017eeriavom pracova\u0165 v stiesnen\u00fdch priestoroch bez straty v\u00fdkonu. Obsluha oce\u0148uje jednoduch\u00fd proces in\u0161tal\u00e1cie, ktor\u00fd \u0161etr\u00ed drahocenn\u00fd \u010das a minimalizuje prestoje. Kon\u0161trukcia zais\u0165uje, \u017ee hydraulick\u00e9 valce s ochranou proti nakl\u00e1\u0148aniu ramena sa bez n\u00e1mahy zmestia do v\u00e1\u0161ho existuj\u00faceho zariadenia, \u010d\u00edm sa zvy\u0161uje v\u0161estrannos\u0165 a funk\u010dnos\u0165.<\/p>\n<p>Stru\u010dne povedan\u00e9, valec HCYY11112019 vynik\u00e1 svojou robustnou kon\u0161trukciou, vysokou nosnos\u0165ou, presn\u00fdm spracovan\u00edm, odolnos\u0165ou proti kor\u00f3zii a kompaktn\u00fdm dizajnom. Ka\u017ed\u00e1 z t\u00fdchto vlastnost\u00ed prispieva k spo\u013eahliv\u00e9mu, efekt\u00edvnemu a bezpe\u010dn\u00e9mu zdv\u00edhaniu, v\u010faka \u010domu je tento valec neocenite\u013en\u00fdm pr\u00ednosom pre ak\u00fako\u013evek prev\u00e1dzku p\u00e1sov\u00e9ho \u017eeriavu.<\/p>\n<h2><strong>Ako zvy\u0161uje valec na zabr\u00e1nenie zadn\u00e9ho naklonenia bezpe\u010dnos\u0165 prev\u00e1dzky p\u00e1sov\u00e9ho \u017eeriavu?<\/strong><\/h2>\n<p>Valec na zabr\u00e1nenie zadn\u00e9ho naklonenia je k\u013e\u00fa\u010dov\u00fdm komponentom, ktor\u00fd dramaticky zvy\u0161uje bezpe\u010dnos\u0165 prev\u00e1dzky p\u00e1sov\u00e9ho \u017eeriavu nieko\u013ek\u00fdmi presved\u010div\u00fdmi sp\u00f4sobmi:<\/p>\n<ol>\n<li><strong>Stabilita po\u010das zdv\u00edhania<\/strong>Predstavte si pokoj v du\u0161i, ktor\u00fd prich\u00e1dza s vedom\u00edm, \u017ee v\u00e1\u0161 \u017eeriav je stabiln\u00fd, najm\u00e4 pri manipul\u00e1cii s \u0165a\u017ek\u00fdmi bremenami. Valec zabra\u0148uje zadn\u00e9mu nakloneniu v\u00fdlo\u017en\u00edka, \u010d\u00edm zabezpe\u010duje, \u017ee \u017eeriav udr\u017eiava vyv\u00e1\u017een\u00fa polohu. T\u00e1to stabilita je k\u013e\u00fa\u010dov\u00e1, preto\u017ee v\u00fdrazne zni\u017euje riziko prevr\u00e1tenia alebo straty kontroly po\u010das n\u00e1ro\u010dn\u00fdch zdv\u00edhac\u00edch \u00faloh. Obsluha sa m\u00f4\u017ee s\u00fastredi\u0165 na svoju pr\u00e1cu bez neust\u00e1leho strachu z mo\u017en\u00fdch neh\u00f4d.<\/li>\n<li><strong>Presn\u00e9 riadenie z\u00e1\u0165a\u017ee<\/strong>Presnos\u0165 je pri \u017eeriavov\u00fdch oper\u00e1ci\u00e1ch k\u013e\u00fa\u010dov\u00e1 a tento valec ju vynik\u00e1. V\u010faka presn\u00e9mu polohovaniu v\u00fdlo\u017en\u00edka m\u00f4\u017eu oper\u00e1tori man\u00e9vrova\u0165 s bremenami s pozoruhodnou presnos\u0165ou. T\u00e1to schopnos\u0165 je obzvl\u00e1\u0161\u0165 d\u00f4le\u017eit\u00e1 pri pohybe v \u00fazkych priestoroch alebo pri jemnom umiest\u0148ovan\u00ed bremien. V\u010faka vylep\u0161enej kontrole sa minimalizuje riziko neh\u00f4d v d\u00f4sledku nespr\u00e1vneho umiestnenia bremena, \u010do zabezpe\u010duje plynulej\u0161\u00ed pracovn\u00fd postup.<\/li>\n<li><strong>Zn\u00ed\u017een\u00e9 riziko mechanick\u00e9ho zlyhania<\/strong>Robustn\u00e1 kon\u0161trukcia valca je navrhnut\u00e1 tak, aby odolala n\u00e1ro\u010dn\u00fdm zdv\u00edhac\u00edm bremen\u00e1m. T\u00e1to odolnos\u0165 umo\u017e\u0148uje efekt\u00edvne zvl\u00e1da\u0165 nam\u00e1hanie a nap\u00e4tie, \u010do je nevyhnutn\u00e9 pre prevenciu mechanick\u00fdch por\u00fach. Zn\u00ed\u017een\u00edm pravdepodobnosti por\u00fach valec nielen zvy\u0161uje bezpe\u010dnos\u0165, ale prispieva aj k prev\u00e1dzkovej efekt\u00edvnosti, \u010do umo\u017e\u0148uje projektom dodr\u017eiava\u0165 harmonogram bez neo\u010dak\u00e1van\u00fdch preru\u0161en\u00ed.<\/li>\n<li><strong>Zv\u00fd\u0161en\u00e1 d\u00f4vera oper\u00e1tora<\/strong>D\u00f4vera je k\u013e\u00fa\u010dov\u00fdm faktorom bezpe\u010dnosti. Ke\u010f oper\u00e1tori vedia, \u017ee valec akt\u00edvne zabra\u0148uje nakloneniu dozadu, m\u00f4\u017eu sa \u00faplne s\u00fastredi\u0165 na svoje \u00falohy bez rozpty\u013eovania. T\u00e1to istota podporuje kult\u00faru bezpe\u010dnosti na pracovisku, preto\u017ee oper\u00e1tori s\u00fa pozornej\u0161\u00ed a uvedomuj\u00fa si svoje okolie, \u010do \u010falej zni\u017euje pravdepodobnos\u0165 neh\u00f4d.<\/li>\n<li><strong>S\u00falad s bezpe\u010dnostn\u00fdmi normami<\/strong>V odvetv\u00ed, kde s\u00fa bezpe\u010dnostn\u00e9 predpisy prvorad\u00e9, pom\u00e1ha pou\u017eitie valca na zabr\u00e1nenie zadn\u00e9mu prevr\u00e1teniu zabezpe\u010di\u0165, aby \u017eeriavy dodr\u017eiavali pr\u00edsne bezpe\u010dnostn\u00e9 normy. Toto dodr\u017eiavanie nielen chr\u00e1ni oper\u00e1torov a pos\u00e1dku, ale tie\u017e zvy\u0161uje reput\u00e1ciu spolo\u010dnosti a preukazuje z\u00e1v\u00e4zok k bezpe\u010dnosti a profesionalite.<\/li>\n<\/ol>\n<p>Stru\u010dne povedan\u00e9, valec na zabr\u00e1nenie zadn\u00e9mu nakloneniu je viac ne\u017e len komponent; je to prelomov\u00fd prvok v oblasti bezpe\u010dnosti \u017eeriavu. Zabezpe\u010den\u00edm stability, zv\u00fd\u0161en\u00edm presnosti, zn\u00ed\u017een\u00edm mechanick\u00fdch riz\u00edk, zv\u00fd\u0161en\u00edm d\u00f4very obsluhy a zabezpe\u010den\u00edm s\u00faladu s bezpe\u010dnostn\u00fdmi normami zohr\u00e1va tento valec k\u013e\u00fa\u010dov\u00fa \u00falohu pri vytv\u00e1ran\u00ed bezpe\u010dn\u00e9ho a efekt\u00edvneho pracovn\u00e9ho prostredia. Invest\u00edcia do tak\u00fdchto bezpe\u010dnostn\u00fdch opatren\u00ed nielen chr\u00e1ni \u017eivoty, ale aj zvy\u0161uje produktivitu, v\u010faka \u010domu je inteligentnou vo\u013ebou pre ak\u00fako\u013evek prev\u00e1dzku p\u00e1sov\u00e9ho \u017eeriavu.<\/p>\n<h2><strong>V\u00fdrobn\u00e1 oblas\u0165 valcov pre vysokozdvi\u017en\u00e9 voz\u00edky:<\/strong><\/h2>\n<h2><img loading=\"lazy\" decoding=\"async\" class=\"alignnone size-full wp-image-16972\" src=\"https:\/\/www.hydraulic-cylinders.net\/wp-content\/uploads\/2025\/01\/hydraulic-cylinder-factory-1-scaled.webp\" alt=\"\" width=\"2016\" height=\"2560\" srcset=\"https:\/\/www.hydraulic-cylinders.net\/wp-content\/uploads\/2025\/01\/hydraulic-cylinder-factory-1-scaled.webp 2016w, https:\/\/www.hydraulic-cylinders.net\/wp-content\/uploads\/2025\/01\/hydraulic-cylinder-factory-1-1280x1625.webp 1280w, https:\/\/www.hydraulic-cylinders.net\/wp-content\/uploads\/2025\/01\/hydraulic-cylinder-factory-1-980x1244.webp 980w, https:\/\/www.hydraulic-cylinders.net\/wp-content\/uploads\/2025\/01\/hydraulic-cylinder-factory-1-480x610.webp 480w\" sizes=\"(min-width: 0px) and (max-width: 480px) 480px, (min-width: 481px) and (max-width: 980px) 980px, (min-width: 981px) and (max-width: 1280px) 1280px, (min-width: 1281px) 2016px, 100vw\" \/><\/h2>\n<p>P\u00fd\u0161ime sa najmodernej\u0161ou nez\u00e1vislou platformou v\u00fdskumu a v\u00fdvoja zameranou na mont\u00e1\u017e, ktor\u00e1 zabezpe\u010duje \u0161pi\u010dkov\u00e9 inov\u00e1cie a kvalitu v na\u0161ich v\u00fdrobn\u00fdch procesoch. Na\u0161a diel\u0148a na v\u00fdrobu valcov pre vysokozdvi\u017en\u00e9 voz\u00edky disponuje \u0161tyrmi poloautomatick\u00fdmi mont\u00e1\u017enymi linkami na zdv\u00edhanie valcov a plne automatickou mont\u00e1\u017enou linkou nakl\u00e1pac\u00edch valcov, ktor\u00e9 s\u00fa spolu navrhnut\u00e9 tak, aby ro\u010dne vyrobili a\u017e jeden mili\u00f3n kusov.<\/p>\n<p>Na\u0161a \u0161pecializovan\u00e1 diel\u0148a na v\u00fdrobu valcov je navy\u0161e vybaven\u00e1 poloautomatick\u00fdmi \u010distiacimi a mont\u00e1\u017enymi syst\u00e9mami prisp\u00f4soben\u00fdmi r\u00f4znym \u0161pecifik\u00e1ci\u00e1m s ro\u010dnou v\u00fdrobnou kapacitou 200 000 kusov. Na vysoko presn\u00e9 spracovanie valcov vyu\u017e\u00edvame renomovan\u00e9 CNC zariadenia, obr\u00e1bacie centr\u00e1 a \u0161pecializovan\u00e9 n\u00e1stroje. Na\u0161e zariadenie zah\u0155\u0148a aj pokro\u010dil\u00e9 robotick\u00e9 zv\u00e1racie stroje, automatick\u00e9 \u010distiace syst\u00e9my a plne automatizovan\u00e9 linky na mont\u00e1\u017e a lakovanie valcov. S viac ako 300 k\u013e\u00fa\u010dov\u00fdmi zariadeniami v prev\u00e1dzke optimalizujeme alok\u00e1ciu zdrojov a zabezpe\u010dujeme efekt\u00edvne vyu\u017eitie, pri\u010dom sp\u013a\u0148ame pr\u00edsne \u0161tandardy presnosti a kvality.<\/p>\n<p>Na\u0161a obr\u00e1bacia diel\u0148a m\u00e1 z\u00e1kazkov\u00e9 s\u00fastru\u017en\u00edcke centr\u00e1 s nakl\u00e1pac\u00edmi vodiacimi ko\u013eajnicami, obr\u00e1bacie centr\u00e1, vysokor\u00fdchlostn\u00e9 honovacie stroje, zv\u00e1racie roboty a \u010fal\u0161ie potrebn\u00e9 vybavenie. Toto nastavenie n\u00e1m umo\u017e\u0148uje obr\u00e1ba\u0165 valcov\u00e9 r\u00fary s maxim\u00e1lnym vn\u00fatorn\u00fdm priemerom 400 mm a d\u013a\u017ekou a\u017e 6 metrov, \u010do \u010falej zvy\u0161uje na\u0161e v\u00fdrobn\u00e9 mo\u017enosti.<\/p>\n<h2><img loading=\"lazy\" decoding=\"async\" class=\"alignnone size-full wp-image-16973\" src=\"https:\/\/www.hydraulic-cylinders.net\/wp-content\/uploads\/2025\/01\/hydraulic-cylinder-factory-2-scaled.webp\" alt=\"\" width=\"2011\" height=\"2560\" srcset=\"https:\/\/www.hydraulic-cylinders.net\/wp-content\/uploads\/2025\/01\/hydraulic-cylinder-factory-2-scaled.webp 2011w, https:\/\/www.hydraulic-cylinders.net\/wp-content\/uploads\/2025\/01\/hydraulic-cylinder-factory-2-1280x1629.webp 1280w, https:\/\/www.hydraulic-cylinders.net\/wp-content\/uploads\/2025\/01\/hydraulic-cylinder-factory-2-980x1248.webp 980w, https:\/\/www.hydraulic-cylinders.net\/wp-content\/uploads\/2025\/01\/hydraulic-cylinder-factory-2-480x611.webp 480w\" sizes=\"(min-width: 0px) and (max-width: 480px) 480px, (min-width: 481px) and (max-width: 980px) 980px, (min-width: 981px) and (max-width: 1280px) 1280px, (min-width: 1281px) 2011px, 100vw\" \/><\/h2>\n<p>Prev\u00e1dzkujeme plne automatick\u00fa linku na nan\u00e1\u0161anie farieb na vodnej b\u00e1ze, ktor\u00e1 je \u0161peci\u00e1lne navrhnut\u00e1 pre mal\u00e9 a stredn\u00e9 valce a je vybaven\u00e1 automatizovan\u00fdmi robotmi na nakladanie, vykladanie a striekanie. Tento modern\u00fd syst\u00e9m sa m\u00f4\u017ee pochv\u00e1li\u0165 v\u00fdrobnou kapacitou 4 000 kusov za smenu. Okrem toho m\u00e1me poloautomatick\u00fa lakovaciu linku pre ve\u013ek\u00e9 valce, poh\u00e1\u0148an\u00fa re\u0165azov\u00fdm pohonom, s projektovanou kapacitou 60 prepraviek za smenu.<\/p>\n<p>Aby sme zv\u00fd\u0161ili v\u00fdkonnos\u0165 produktov a upevnili si na\u0161e ved\u00face postavenie v odvetv\u00ed hydraulick\u00fdch valcov, spojili sme sa so spolo\u010dnos\u0165ou ZJIMEE s cie\u013eom vybudova\u0165 komplexn\u00e9 v\u00fdkonnostn\u00e9 laborat\u00f3rium zameran\u00e9 na hydraulick\u00e9 valce, ventily a \u010derpadl\u00e1. Toto pokro\u010dil\u00e9 laborat\u00f3rium vyu\u017e\u00edva po\u010d\u00edta\u010dom podporovan\u00e9 testovanie s elektrohydraulickou technol\u00f3giou, \u010do umo\u017e\u0148uje prednastaven\u00e9 testovacie podmienky, ktor\u00e9 zlep\u0161uj\u00fa presnos\u0165 a v\u0161estrannos\u0165 syst\u00e9mu. Automatizovan\u00fd proces zberu \u00fadajov vyu\u017e\u00edva senzory na zhroma\u017e\u010fovanie v\u00fdstupn\u00fdch \u00fadajov, ako s\u00fa vn\u00fatorn\u00e9 netesnosti a \u00fa\u010dinnos\u0165 za\u0165a\u017eenia, ktor\u00e9 potom spracov\u00e1va po\u010d\u00edta\u010d a prev\u00e1dza na \u0161tandardn\u00e9 jednotky (ml\/min%).<\/p>\n<p>Okrem toho, aby sme zaistili bezpe\u010dnos\u0165 na\u0161ich hydraulick\u00fdch syst\u00e9mov, implementujeme monitorovanie stavu k\u013e\u00fa\u010dov\u00fdch v\u00fdkonnostn\u00fdch parametrov vr\u00e1tane teploty oleja, hladiny kvapaliny a stavu filtra\u010dn\u00e9ho zariadenia. N\u00e1\u0161 testovac\u00ed stojan pre hydraulick\u00e9 valce dok\u00e1\u017ee pos\u00fadi\u0165 \u201e\u00fa\u010dinnos\u0165 za\u0165a\u017eenia\u201c a \u201evn\u00fatorn\u00fa netesnos\u0165\u201c prostredn\u00edctvom presn\u00fdch \u00fadajov. Je tie\u017e vybaven\u00fd merac\u00edm pr\u00edstrojom s mrie\u017ekov\u00fdm prav\u00edtkom, ktor\u00fd sp\u013a\u0148a n\u00e1rodn\u00e9 normy a zabezpe\u010duje s\u00falad so v\u0161etk\u00fdmi testovac\u00edmi po\u017eiadavkami pre hydraulick\u00e9 valce.<\/p>\n<p>&nbsp;<\/p>","protected":false},"excerpt":{"rendered":"<p>Arm Anti Tilt Hydraulic Cylinders For Crawler Crane Our arm anti tilt hydraulic cylinders for crawler cranes are engineered to enhance safety and stability during heavy-duty lifting operations. Designed specifically for crawler cranes, these cylinders prevent the crane arm (boom) from tilting backward under extreme loads, ensuring operational safety in demanding environments like construction sites, [&hellip;]<\/p>","protected":false},"featured_media":17064,"comment_status":"open","ping_status":"closed","template":"","meta":{"_et_pb_use_builder":"","_et_pb_old_content":"","_et_gb_content_width":""},"product_brand":[],"product_cat":[1550,1514,1376],"product_tag":[],"class_list":{"0":"post-17058","1":"product","2":"type-product","3":"status-publish","4":"has-post-thumbnail","6":"product_cat-double-acting-hydraulic-cylinder","7":"product_cat-mobile-crane-hydraulic-cylinders","8":"product_cat-hydraulic-cylinder","10":"first","11":"instock","12":"shipping-taxable","13":"product-type-simple"},"amp_enabled":true,"_links":{"self":[{"href":"https:\/\/www.hydraulic-cylinders.net\/sk\/wp-json\/wp\/v2\/product\/17058","targetHints":{"allow":["GET"]}}],"collection":[{"href":"https:\/\/www.hydraulic-cylinders.net\/sk\/wp-json\/wp\/v2\/product"}],"about":[{"href":"https:\/\/www.hydraulic-cylinders.net\/sk\/wp-json\/wp\/v2\/types\/product"}],"replies":[{"embeddable":true,"href":"https:\/\/www.hydraulic-cylinders.net\/sk\/wp-json\/wp\/v2\/comments?post=17058"}],"wp:featuredmedia":[{"embeddable":true,"href":"https:\/\/www.hydraulic-cylinders.net\/sk\/wp-json\/wp\/v2\/media\/17064"}],"wp:attachment":[{"href":"https:\/\/www.hydraulic-cylinders.net\/sk\/wp-json\/wp\/v2\/media?parent=17058"}],"wp:term":[{"taxonomy":"product_brand","embeddable":true,"href":"https:\/\/www.hydraulic-cylinders.net\/sk\/wp-json\/wp\/v2\/product_brand?post=17058"},{"taxonomy":"product_cat","embeddable":true,"href":"https:\/\/www.hydraulic-cylinders.net\/sk\/wp-json\/wp\/v2\/product_cat?post=17058"},{"taxonomy":"product_tag","embeddable":true,"href":"https:\/\/www.hydraulic-cylinders.net\/sk\/wp-json\/wp\/v2\/product_tag?post=17058"}],"curies":[{"name":"pracovn\u00fd list","href":"https:\/\/api.w.org\/{rel}","templated":true}]}}