{"id":17065,"date":"2025-02-05T07:37:55","date_gmt":"2025-02-05T07:37:55","guid":{"rendered":"https:\/\/www.hydraulic-cylinders.net\/?post_type=product&#038;p=17065"},"modified":"2025-04-11T01:53:48","modified_gmt":"2025-04-11T01:53:48","slug":"support-hydraulic-cylinders-for-crawler-crane","status":"publish","type":"product","link":"https:\/\/www.hydraulic-cylinders.net\/sk\/produkt\/support-hydraulic-cylinders-for-crawler-crane\/","title":{"rendered":"Podporn\u00e9 hydraulick\u00e9 valce pre p\u00e1sov\u00fd \u017eeriav"},"content":{"rendered":"<h1 style=\"text-align: center;\"><strong>Podporn\u00e9 hydraulick\u00e9 valce pre p\u00e1sov\u00fd \u017eeriav<\/strong><\/h1>\n<h1 style=\"text-align: center;\"><img loading=\"lazy\" decoding=\"async\" class=\"alignnone size-full wp-image-17068\" src=\"https:\/\/www.hydraulic-cylinders.net\/wp-content\/uploads\/2025\/02\/hcyy11112020-cylinder-for-frame-support-2.webp\" alt=\"\" width=\"1497\" height=\"520\" srcset=\"https:\/\/www.hydraulic-cylinders.net\/wp-content\/uploads\/2025\/02\/hcyy11112020-cylinder-for-frame-support-2.webp 1497w, https:\/\/www.hydraulic-cylinders.net\/wp-content\/uploads\/2025\/02\/hcyy11112020-cylinder-for-frame-support-2-1280x445.webp 1280w, https:\/\/www.hydraulic-cylinders.net\/wp-content\/uploads\/2025\/02\/hcyy11112020-cylinder-for-frame-support-2-980x340.webp 980w, https:\/\/www.hydraulic-cylinders.net\/wp-content\/uploads\/2025\/02\/hcyy11112020-cylinder-for-frame-support-2-480x167.webp 480w\" sizes=\"(min-width: 0px) and (max-width: 480px) 480px, (min-width: 481px) and (max-width: 980px) 980px, (min-width: 981px) and (max-width: 1280px) 1280px, (min-width: 1281px) 1497px, 100vw\" \/><\/h1>\n<div>Na\u0161e <strong>podporn\u00e9 hydraulick\u00e9 valce pre p\u00e1sov\u00e9 \u017eeriavy<\/strong> s\u00fa navrhnut\u00e9 na zdv\u00edhanie \u0165a\u017ek\u00fdch bremien a stabiliz\u00e1ciu v n\u00e1ro\u010dn\u00fdch prostrediach. Tieto valce, navrhnut\u00e9 na podopretie kon\u0161trukcie ramena priehradov\u00e9ho nosn\u00edka, zais\u0165uj\u00fa optim\u00e1lnu stabilitu a bezpe\u010dnos\u0165 po\u010das oper\u00e1ci\u00ed s vysok\u00fdm za\u0165a\u017een\u00edm, v\u010faka \u010domu s\u00fa ide\u00e1lne pre p\u00e1sov\u00e9 \u017eeriavy pou\u017e\u00edvan\u00e9 v stavebn\u00edctve, pr\u00edstavn\u00fdch prev\u00e1dzkach a priemyseln\u00fdch projektoch. S d\u00f4razom na odolnos\u0165 a presnos\u0165 s\u00fa na\u0161e hydraulick\u00e9 valce skon\u0161truovan\u00e9 tak, aby odolali dynamick\u00e9mu za\u0165a\u017eeniu a drsn\u00fdm podmienkam a poskytovali spo\u013eahliv\u00fd v\u00fdkon pre v\u00e1\u0161 p\u00e1sov\u00fd \u017eeriav.<\/div>\n<h2><strong>Podporn\u00e9 hydraulick\u00e9 valce pre p\u00e1sov\u00fd \u017eeriav Parameter:<\/strong><\/h2>\n<h1 style=\"text-align: center;\"><img loading=\"lazy\" decoding=\"async\" class=\"alignnone size-full wp-image-17067\" src=\"https:\/\/www.hydraulic-cylinders.net\/wp-content\/uploads\/2025\/02\/hcyy11112020-cylinder-for-frame-support-1.webp\" alt=\"\" width=\"1512\" height=\"150\" srcset=\"https:\/\/www.hydraulic-cylinders.net\/wp-content\/uploads\/2025\/02\/hcyy11112020-cylinder-for-frame-support-1.webp 1512w, https:\/\/www.hydraulic-cylinders.net\/wp-content\/uploads\/2025\/02\/hcyy11112020-cylinder-for-frame-support-1-1280x127.webp 1280w, https:\/\/www.hydraulic-cylinders.net\/wp-content\/uploads\/2025\/02\/hcyy11112020-cylinder-for-frame-support-1-980x97.webp 980w, https:\/\/www.hydraulic-cylinders.net\/wp-content\/uploads\/2025\/02\/hcyy11112020-cylinder-for-frame-support-1-480x48.webp 480w\" sizes=\"(min-width: 0px) and (max-width: 480px) 480px, (min-width: 481px) and (max-width: 980px) 980px, (min-width: 981px) and (max-width: 1280px) 1280px, (min-width: 1281px) 1512px, 100vw\" \/><img loading=\"lazy\" decoding=\"async\" class=\"alignnone size-full wp-image-17069\" src=\"https:\/\/www.hydraulic-cylinders.net\/wp-content\/uploads\/2025\/02\/hcyy11112020-cylinder-for-frame-support-3.webp\" alt=\"\" width=\"1475\" height=\"710\" srcset=\"https:\/\/www.hydraulic-cylinders.net\/wp-content\/uploads\/2025\/02\/hcyy11112020-cylinder-for-frame-support-3.webp 1475w, https:\/\/www.hydraulic-cylinders.net\/wp-content\/uploads\/2025\/02\/hcyy11112020-cylinder-for-frame-support-3-1280x616.webp 1280w, https:\/\/www.hydraulic-cylinders.net\/wp-content\/uploads\/2025\/02\/hcyy11112020-cylinder-for-frame-support-3-980x472.webp 980w, https:\/\/www.hydraulic-cylinders.net\/wp-content\/uploads\/2025\/02\/hcyy11112020-cylinder-for-frame-support-3-480x231.webp 480w\" sizes=\"(min-width: 0px) and (max-width: 480px) 480px, (min-width: 481px) and (max-width: 980px) 980px, (min-width: 981px) and (max-width: 1280px) 1280px, (min-width: 1281px) 1475px, 100vw\" \/> <img loading=\"lazy\" decoding=\"async\" class=\"alignnone size-full wp-image-17070\" src=\"https:\/\/www.hydraulic-cylinders.net\/wp-content\/uploads\/2025\/02\/hcyy11112020-cylinder-for-frame-support-4.webp\" alt=\"\" width=\"1479\" height=\"717\" srcset=\"https:\/\/www.hydraulic-cylinders.net\/wp-content\/uploads\/2025\/02\/hcyy11112020-cylinder-for-frame-support-4.webp 1479w, https:\/\/www.hydraulic-cylinders.net\/wp-content\/uploads\/2025\/02\/hcyy11112020-cylinder-for-frame-support-4-1280x621.webp 1280w, https:\/\/www.hydraulic-cylinders.net\/wp-content\/uploads\/2025\/02\/hcyy11112020-cylinder-for-frame-support-4-980x475.webp 980w, https:\/\/www.hydraulic-cylinders.net\/wp-content\/uploads\/2025\/02\/hcyy11112020-cylinder-for-frame-support-4-480x233.webp 480w\" sizes=\"(min-width: 0px) and (max-width: 480px) 480px, (min-width: 481px) and (max-width: 980px) 980px, (min-width: 981px) and (max-width: 1280px) 1280px, (min-width: 1281px) 1479px, 100vw\" \/> <img loading=\"lazy\" decoding=\"async\" class=\"alignnone size-full wp-image-17071\" src=\"https:\/\/www.hydraulic-cylinders.net\/wp-content\/uploads\/2025\/02\/hcyy11112020-cylinder-for-frame-support-5.webp\" alt=\"\" width=\"1421\" height=\"704\" srcset=\"https:\/\/www.hydraulic-cylinders.net\/wp-content\/uploads\/2025\/02\/hcyy11112020-cylinder-for-frame-support-5.webp 1421w, https:\/\/www.hydraulic-cylinders.net\/wp-content\/uploads\/2025\/02\/hcyy11112020-cylinder-for-frame-support-5-1280x634.webp 1280w, https:\/\/www.hydraulic-cylinders.net\/wp-content\/uploads\/2025\/02\/hcyy11112020-cylinder-for-frame-support-5-980x486.webp 980w, https:\/\/www.hydraulic-cylinders.net\/wp-content\/uploads\/2025\/02\/hcyy11112020-cylinder-for-frame-support-5-480x238.webp 480w\" sizes=\"(min-width: 0px) and (max-width: 480px) 480px, (min-width: 481px) and (max-width: 980px) 980px, (min-width: 981px) and (max-width: 1280px) 1280px, (min-width: 1281px) 1421px, 100vw\" \/><\/h1>\n<h2><strong>S\u00e9ria valcov p\u00e1sov\u00e9ho \u017eeriavu:<\/strong><\/h2>\n<h2><img loading=\"lazy\" decoding=\"async\" class=\"alignnone size-full wp-image-17054 aligncenter\" src=\"https:\/\/www.hydraulic-cylinders.net\/wp-content\/uploads\/2025\/02\/cylinder-series-of-crawler-crane-1.webp\" alt=\"\" width=\"709\" height=\"791\" srcset=\"https:\/\/www.hydraulic-cylinders.net\/wp-content\/uploads\/2025\/02\/cylinder-series-of-crawler-crane-1.webp 709w, https:\/\/www.hydraulic-cylinders.net\/wp-content\/uploads\/2025\/02\/cylinder-series-of-crawler-crane-1-480x536.webp 480w\" sizes=\"(min-width: 0px) and (max-width: 480px) 480px, (min-width: 481px) 709px, 100vw\" \/><\/h2>\n<h2><strong>K\u013e\u00fa\u010dov\u00e9 vlastnosti hydraulick\u00fdch valcov podpory pre p\u00e1sov\u00fd \u017eeriav s ramenom Truss Arm:<\/strong><\/h2>\n<h4><strong>Vysok\u00e1 nosnos\u0165<\/strong><\/h4>\n<p>Ten\/T\u00e1\/To <strong>Podporn\u00fd valec<\/strong> Vynik\u00e1 svojou p\u00f4sobivou nosnos\u0165ou, ktor\u00e1 mu umo\u017e\u0148uje bez n\u00e1mahy unies\u0165 zna\u010dn\u00e9 hmotnosti. V\u010faka tejto vlastnosti je ide\u00e1lny pre n\u00e1ro\u010dn\u00e9 aplik\u00e1cie, ako s\u00fa ve\u013ek\u00e9 stavebn\u00e9 projekty a rozvoj infra\u0161trukt\u00fary. Obsluha m\u00f4\u017ee s istotou zdv\u00edha\u0165 a manipulova\u0165 s ve\u013ek\u00fdmi bremenami s vedom\u00edm, \u017ee m\u00e1 spo\u013eahliv\u00fd komponent, ktor\u00fd sp\u013a\u0148a po\u017eiadavky ich najn\u00e1ro\u010dnej\u0161\u00edch \u00faloh. T\u00e1to schopnos\u0165 nielen maximalizuje produktivitu, ale tie\u017e zvy\u0161uje celkov\u00fa efektivitu \u017eeriavov\u00fdch oper\u00e1ci\u00ed.<\/p>\n<h4><strong>Odoln\u00e1 kon\u0161trukcia<\/strong><\/h4>\n<p>Podporn\u00fd valec je vyroben\u00fd z vysokopevnostn\u00fdch materi\u00e1lov a je navrhnut\u00fd tak, aby odolal n\u00e1ro\u010dn\u00fdm podmienkam prostredia. Jeho odoln\u00e1 kon\u0161trukcia odol\u00e1va opotrebovaniu, \u010do zais\u0165uje jeho spo\u013eahliv\u00fd v\u00fdkon v priebehu \u010dasu. T\u00e1to odolnos\u0165 znamen\u00e1 menej v\u00fdmen a opr\u00e1v, \u010do umo\u017e\u0148uje stavebn\u00fdm t\u00edmom s\u00fastredi\u0165 sa na svoju pr\u00e1cu a nie na probl\u00e9my s \u00fadr\u017ebou. Dlh\u00e1 \u017eivotnos\u0165 tohto valca prispieva k skr\u00e1teniu prestojov, v\u010faka \u010domu je inteligentnou invest\u00edciou pre ak\u00fako\u013evek prev\u00e1dzku.<\/p>\n<h4><strong>Odolnos\u0165 proti kor\u00f3zii<\/strong><\/h4>\n<p>Kor\u00f3zia m\u00f4\u017ee predstavova\u0165 v\u00fdznamn\u00fa hrozbu pre hydraulick\u00e9 komponenty, ale podporn\u00fd valec sa vyzna\u010duje pokro\u010dil\u00fdmi povrchov\u00fdmi \u00fapravami, ktor\u00e9 ho chr\u00e1nia pred hrdzou a kor\u00f3ziou. T\u00e1to pridan\u00e1 vrstva ochrany zais\u0165uje, \u017ee valec zostane vo vynikaj\u00facom stave, a to aj v drsn\u00fdch poveternostn\u00fdch podmienkach alebo agres\u00edvnom prostred\u00ed. Pred\u013a\u017een\u00edm jeho \u017eivotnosti t\u00e1to odolnos\u0165 vo\u010di kor\u00f3zii nielen zvy\u0161uje spo\u013eahlivos\u0165, ale tie\u017e minimalizuje potrebu n\u00e1kladn\u00fdch opr\u00e1v alebo v\u00fdmen, \u010do v kone\u010dnom d\u00f4sledku zvy\u0161uje prev\u00e1dzkov\u00fa efektivitu.<\/p>\n<h4><strong>Kompaktn\u00fd dizajn<\/strong><\/h4>\n<p>Kompaktn\u00fd dizajn podporn\u00e9ho valca zvy\u0161uje jeho v\u0161estrannos\u0165 a umo\u017e\u0148uje jednoduch\u00fa integr\u00e1ciu do r\u00f4znych modelov p\u00e1sov\u00fdch \u017eeriavov. T\u00e1to priestorovo \u00fasporn\u00e1 funkcia znamen\u00e1, \u017ee oper\u00e1tori m\u00f4\u017eu maximalizova\u0165 mo\u017enosti svojho \u017eeriavu bez zbyto\u010dn\u00e9ho objemu. Zjednodu\u0161en\u00fd dizajn u\u013eah\u010duje r\u00fdchlu in\u0161tal\u00e1ciu a prev\u00e1dzku, \u010do umo\u017e\u0148uje t\u00edmom bezprobl\u00e9movo sa prisp\u00f4sobi\u0165 r\u00f4znym po\u017eiadavk\u00e1m projektu. T\u00e1to prisp\u00f4sobivos\u0165 podporuje v\u00e4\u010d\u0161iu flexibilitu na pracovisku, \u010do u\u013eah\u010duje zvl\u00e1dnutie \u0161irokej \u0161k\u00e1ly zdv\u00edhac\u00edch \u00faloh.<\/p>\n<h4><strong>Presn\u00e9 in\u017einierstvo<\/strong><\/h4>\n<p>Presnos\u0165 je pri zdv\u00edhac\u00edch oper\u00e1ci\u00e1ch k\u013e\u00fa\u010dov\u00e1 a podporn\u00fd valec je starostlivo navrhnut\u00fd tak, aby zabezpe\u010doval plynul\u00fd chod a presn\u00e9 polohovanie bremena. V\u010faka pr\u00edsnym v\u00fdrobn\u00fdm toleranci\u00e1m tento valec zabezpe\u010duje, \u017ee ka\u017ed\u00e9 zdvihnutie je vykonan\u00e9 s maxim\u00e1lnou presnos\u0165ou, \u010d\u00edm sa v\u00fdrazne zlep\u0161uje celkov\u00e1 bezpe\u010dnos\u0165. Oper\u00e1tori sa m\u00f4\u017eu spo\u013eahn\u00fa\u0165, \u017ee ich bremen\u00e1 bud\u00fa umiestnen\u00e9 presne, \u010d\u00edm sa minimalizuje riziko neh\u00f4d a zvy\u0161uje sa efektivita pracovn\u00e9ho postupu. T\u00e1to \u00farove\u0148 presnosti nielen chr\u00e1ni cenn\u00e9 zariadenia, ale prispieva aj k bezpe\u010dnej\u0161iemu pracovn\u00e9mu prostrediu pre v\u0161etk\u00fdch.<\/p>\n<p>Stru\u010dne povedan\u00e9, podporn\u00fd valec vynik\u00e1 svojou v\u00fdnimo\u010dnou nosnos\u0165ou, odolnou kon\u0161trukciou, odolnos\u0165ou proti kor\u00f3zii, kompaktn\u00fdm dizajnom a presn\u00fdm spracovan\u00edm. Ka\u017ed\u00e1 z t\u00fdchto vlastnost\u00ed sa sp\u00e1ja a poskytuje spo\u013eahliv\u00e9 a efekt\u00edvne rie\u0161enie pre stavebn\u00e9 projekty, v\u010faka \u010domu je nepostr\u00e1date\u013en\u00fdm n\u00e1strojom pre profesion\u00e1lov v tomto odvetv\u00ed.<\/p>\n<h2><strong>Ako zvy\u0161uje valec na zabr\u00e1nenie zadn\u00e9ho naklonenia bezpe\u010dnos\u0165 prev\u00e1dzky p\u00e1sov\u00e9ho \u017eeriavu?<\/strong><\/h2>\n<p>Dizajn <strong>Podpora<\/strong> <strong>Valec<\/strong> je majstrovsk\u00e9 dielo in\u017einierstva, ktor\u00e9 v\u00fdrazne zvy\u0161uje stabilitu po\u010das zdv\u00edhania \u0165a\u017ek\u00fdch bremien. Tu je n\u00e1vod, ako jednotliv\u00e9 prvky prispievaj\u00fa k jeho vynikaj\u00facemu v\u00fdkonu:<\/p>\n<h4><strong>1. P\u00f4sobiv\u00e1 nosnos\u0165<\/strong><\/h4>\n<p>Podporn\u00fd valec je \u0161peci\u00e1lne navrhnut\u00fd na podporu zna\u010dn\u00fdch hmotnost\u00ed, v\u010faka \u010domu je ide\u00e1lny pre n\u00e1ro\u010dn\u00e9 aplik\u00e1cie. T\u00e1to p\u00f4sobiv\u00e1 nosnos\u0165 zais\u0165uje, \u017ee aj tie naj\u0165a\u017e\u0161ie bremen\u00e1 je mo\u017en\u00e9 zdv\u00edha\u0165 s istotou, \u010d\u00edm sa v\u00fdrazne zni\u017euje riziko prevr\u00e1tenia alebo k\u00fdvania. V\u010faka pevn\u00e9mu z\u00e1kladu umo\u017e\u0148uje tento valec obsluhe s\u00fastredi\u0165 sa na svoje \u00falohy bez neust\u00e1leho ob\u00e1v o stabilitu, \u010d\u00edm sa zvy\u0161uje celkov\u00e1 produktivita.<\/p>\n<h4><strong>2. Robustn\u00e1 kon\u0161trukcia<\/strong><\/h4>\n<p>Valec je vyroben\u00fd z vysokopevnostn\u00fdch materi\u00e1lov a je navrhnut\u00fd tak, aby odolal n\u00e1ro\u010dn\u00fdm podmienkam prostredia. T\u00e1to robustn\u00e1 kon\u0161trukcia zais\u0165uje, \u017ee si zachov\u00e1va svoju \u0161truktur\u00e1lnu integritu aj pod intenz\u00edvnym tlakom a poskytuje spo\u013eahliv\u00fd podporn\u00fd syst\u00e9m, ktor\u00fd dok\u00e1\u017ee zvl\u00e1dnu\u0165 dynamick\u00e9 sily po\u010das zdv\u00edhac\u00edch oper\u00e1ci\u00ed. Trvanlivos\u0165 pou\u017eit\u00fdch materi\u00e1lov nielen predl\u017euje \u017eivotnos\u0165 valca, ale tie\u017e zvy\u0161uje jeho schopnos\u0165 konzistentne fungova\u0165 aj v t\u00fdch najn\u00e1ro\u010dnej\u0161\u00edch situ\u00e1ci\u00e1ch.<\/p>\n<h4><strong>3. Kompaktn\u00fd dizajn<\/strong><\/h4>\n<p>Jednou z vynikaj\u00facich vlastnost\u00ed podporn\u00e9ho valca je jeho kompaktn\u00fd dizajn, ktor\u00fd umo\u017e\u0148uje optim\u00e1lne umiestnenie v r\u00e1me \u017eeriavu. Toto strategick\u00e9 umiestnenie zni\u017euje \u0165a\u017eisko, \u010d\u00edm sa v\u00fdrazne zlep\u0161uje celkov\u00e1 stabilita po\u010das prev\u00e1dzky. Ni\u017e\u0161ie \u0165a\u017eisko zni\u017euje pravdepodobnos\u0165 prevr\u00e1tenia, najm\u00e4 pri man\u00e9vrovan\u00ed s \u0165a\u017ek\u00fdmi bremenami, v\u010faka \u010domu je valec nevyhnutnou s\u00fa\u010das\u0165ou pre bezpe\u010dn\u00e9 a efekt\u00edvne zdv\u00edhanie.<\/p>\n<h4><strong>4. Presn\u00e9 in\u017einierstvo<\/strong><\/h4>\n<p>Presnos\u0165 je pri zdv\u00edhac\u00edch oper\u00e1ci\u00e1ch prvorad\u00e1 a podporn\u00fd valec v tomto smere vynik\u00e1. V\u010faka pr\u00edsnym v\u00fdrobn\u00fdm toleranci\u00e1m tento valec zaru\u010duje plynul\u00e9 a kontrolovan\u00e9 pohyby. T\u00e1to presnos\u0165 nielen zlep\u0161uje presnos\u0165 polohovania bremena, ale tie\u017e minimalizuje riziko n\u00e1hlych posunov, ktor\u00e9 by mohli ohrozi\u0165 stabilitu. Obsluha sa m\u00f4\u017ee spo\u013eahn\u00fa\u0165, \u017ee s ich bremenami sa bude manipulova\u0165 jemne a presne, \u010do zvy\u0161uje bezpe\u010dnos\u0165 na pracovisku.<\/p>\n<h4><strong>5. Odolnos\u0165 proti kor\u00f3zii<\/strong><\/h4>\n<p>Kor\u00f3zia m\u00f4\u017ee by\u0165 v\u00fdznamn\u00fdm probl\u00e9mom pre hydraulick\u00e9 komponenty, najm\u00e4 v n\u00e1ro\u010dn\u00fdch prostrediach. Podporn\u00fd valec sa vyzna\u010duje pokro\u010dilou povrchovou \u00fapravou, ktor\u00e1 ho chr\u00e1ni pred hrdzou a degrad\u00e1ciou. T\u00e1to odolnos\u0165 vo\u010di kor\u00f3zii zais\u0165uje, \u017ee valec si zachov\u00e1 svoj v\u00fdkon v priebehu \u010dasu, a to aj v nepriazniv\u00fdch podmienkach. Zabr\u00e1nen\u00edm opotrebovaniu t\u00e1to funkcia zvy\u0161uje spo\u013eahlivos\u0165 a predl\u017euje \u017eivotnos\u0165 valca, \u010do prispieva k trvalej stabilite po\u010das zdv\u00edhania \u0165a\u017ek\u00fdch bremien.<\/p>\n<p>Stru\u010dne povedan\u00e9, <strong>Podporn\u00fd valec<\/strong> vynik\u00e1 ako z\u00e1kladn\u00fd kame\u0148 stability a spo\u013eahlivosti pri zdv\u00edhan\u00ed \u0165a\u017ek\u00fdch bremien. Jeho p\u00f4sobiv\u00e1 nosnos\u0165, robustn\u00e1 kon\u0161trukcia, kompaktn\u00fd dizajn, presn\u00e9 spracovanie a odolnos\u0165 proti kor\u00f3zii vytv\u00e1raj\u00fa siln\u00fd podporn\u00fd syst\u00e9m. Tento valec nielen zvy\u0161uje bezpe\u010dnos\u0165, ale aj zvy\u0161uje efektivitu, v\u010faka \u010domu je neocenite\u013en\u00fdm pr\u00ednosom pre stavebn\u00fdch profesion\u00e1lov. Invest\u00edciou do podporn\u00e9ho valca m\u00f4\u017eu oper\u00e1tori s istotou zv\u00fd\u0161i\u0165 svoj v\u00fdkon a zvl\u00e1dnu\u0165 aj tie najn\u00e1ro\u010dnej\u0161ie projekty.<\/p>\n<h2><strong>V\u00fdrobn\u00e1 oblas\u0165 valcov pre vysokozdvi\u017en\u00e9 voz\u00edky:<\/strong><\/h2>\n<h2><img loading=\"lazy\" decoding=\"async\" class=\"alignnone size-full wp-image-16972\" src=\"https:\/\/www.hydraulic-cylinders.net\/wp-content\/uploads\/2025\/01\/hydraulic-cylinder-factory-1-scaled.webp\" alt=\"\" width=\"2016\" height=\"2560\" srcset=\"https:\/\/www.hydraulic-cylinders.net\/wp-content\/uploads\/2025\/01\/hydraulic-cylinder-factory-1-scaled.webp 2016w, https:\/\/www.hydraulic-cylinders.net\/wp-content\/uploads\/2025\/01\/hydraulic-cylinder-factory-1-1280x1625.webp 1280w, https:\/\/www.hydraulic-cylinders.net\/wp-content\/uploads\/2025\/01\/hydraulic-cylinder-factory-1-980x1244.webp 980w, https:\/\/www.hydraulic-cylinders.net\/wp-content\/uploads\/2025\/01\/hydraulic-cylinder-factory-1-480x610.webp 480w\" sizes=\"(min-width: 0px) and (max-width: 480px) 480px, (min-width: 481px) and (max-width: 980px) 980px, (min-width: 981px) and (max-width: 1280px) 1280px, (min-width: 1281px) 2016px, 100vw\" \/><\/h2>\n<p>P\u00fd\u0161ime sa najmodernej\u0161ou nez\u00e1vislou platformou v\u00fdskumu a v\u00fdvoja zameranou na mont\u00e1\u017e, ktor\u00e1 zabezpe\u010duje \u0161pi\u010dkov\u00e9 inov\u00e1cie a kvalitu v na\u0161ich v\u00fdrobn\u00fdch procesoch. Na\u0161a diel\u0148a na v\u00fdrobu valcov pre vysokozdvi\u017en\u00e9 voz\u00edky disponuje \u0161tyrmi poloautomatick\u00fdmi mont\u00e1\u017enymi linkami na zdv\u00edhanie valcov a plne automatickou mont\u00e1\u017enou linkou nakl\u00e1pac\u00edch valcov, ktor\u00e9 s\u00fa spolu navrhnut\u00e9 tak, aby ro\u010dne vyrobili a\u017e jeden mili\u00f3n kusov.<\/p>\n<p>Na\u0161a \u0161pecializovan\u00e1 diel\u0148a na v\u00fdrobu valcov je navy\u0161e vybaven\u00e1 poloautomatick\u00fdmi \u010distiacimi a mont\u00e1\u017enymi syst\u00e9mami prisp\u00f4soben\u00fdmi r\u00f4znym \u0161pecifik\u00e1ci\u00e1m s ro\u010dnou v\u00fdrobnou kapacitou 200 000 kusov. Na vysoko presn\u00e9 spracovanie valcov vyu\u017e\u00edvame renomovan\u00e9 CNC zariadenia, obr\u00e1bacie centr\u00e1 a \u0161pecializovan\u00e9 n\u00e1stroje. Na\u0161e zariadenie zah\u0155\u0148a aj pokro\u010dil\u00e9 robotick\u00e9 zv\u00e1racie stroje, automatick\u00e9 \u010distiace syst\u00e9my a plne automatizovan\u00e9 linky na mont\u00e1\u017e a lakovanie valcov. S viac ako 300 k\u013e\u00fa\u010dov\u00fdmi zariadeniami v prev\u00e1dzke optimalizujeme alok\u00e1ciu zdrojov a zabezpe\u010dujeme efekt\u00edvne vyu\u017eitie, pri\u010dom sp\u013a\u0148ame pr\u00edsne \u0161tandardy presnosti a kvality.<\/p>\n<p>Na\u0161a obr\u00e1bacia diel\u0148a m\u00e1 z\u00e1kazkov\u00e9 s\u00fastru\u017en\u00edcke centr\u00e1 s nakl\u00e1pac\u00edmi vodiacimi ko\u013eajnicami, obr\u00e1bacie centr\u00e1, vysokor\u00fdchlostn\u00e9 honovacie stroje, zv\u00e1racie roboty a \u010fal\u0161ie potrebn\u00e9 vybavenie. Toto nastavenie n\u00e1m umo\u017e\u0148uje obr\u00e1ba\u0165 valcov\u00e9 r\u00fary s maxim\u00e1lnym vn\u00fatorn\u00fdm priemerom 400 mm a d\u013a\u017ekou a\u017e 6 metrov, \u010do \u010falej zvy\u0161uje na\u0161e v\u00fdrobn\u00e9 mo\u017enosti.<\/p>\n<h2><img loading=\"lazy\" decoding=\"async\" class=\"alignnone size-full wp-image-16973\" src=\"https:\/\/www.hydraulic-cylinders.net\/wp-content\/uploads\/2025\/01\/hydraulic-cylinder-factory-2-scaled.webp\" alt=\"\" width=\"2011\" height=\"2560\" srcset=\"https:\/\/www.hydraulic-cylinders.net\/wp-content\/uploads\/2025\/01\/hydraulic-cylinder-factory-2-scaled.webp 2011w, https:\/\/www.hydraulic-cylinders.net\/wp-content\/uploads\/2025\/01\/hydraulic-cylinder-factory-2-1280x1629.webp 1280w, https:\/\/www.hydraulic-cylinders.net\/wp-content\/uploads\/2025\/01\/hydraulic-cylinder-factory-2-980x1248.webp 980w, https:\/\/www.hydraulic-cylinders.net\/wp-content\/uploads\/2025\/01\/hydraulic-cylinder-factory-2-480x611.webp 480w\" sizes=\"(min-width: 0px) and (max-width: 480px) 480px, (min-width: 481px) and (max-width: 980px) 980px, (min-width: 981px) and (max-width: 1280px) 1280px, (min-width: 1281px) 2011px, 100vw\" \/><\/h2>\n<p>Prev\u00e1dzkujeme plne automatick\u00fa linku na nan\u00e1\u0161anie farieb na vodnej b\u00e1ze, ktor\u00e1 je \u0161peci\u00e1lne navrhnut\u00e1 pre mal\u00e9 a stredn\u00e9 valce a je vybaven\u00e1 automatizovan\u00fdmi robotmi na nakladanie, vykladanie a striekanie. Tento modern\u00fd syst\u00e9m sa m\u00f4\u017ee pochv\u00e1li\u0165 v\u00fdrobnou kapacitou 4 000 kusov za smenu. Okrem toho m\u00e1me poloautomatick\u00fa lakovaciu linku pre ve\u013ek\u00e9 valce, poh\u00e1\u0148an\u00fa re\u0165azov\u00fdm pohonom, s projektovanou kapacitou 60 prepraviek za smenu.<\/p>\n<p>Aby sme zv\u00fd\u0161ili v\u00fdkonnos\u0165 produktov a upevnili si na\u0161e ved\u00face postavenie v odvetv\u00ed hydraulick\u00fdch valcov, spojili sme sa so spolo\u010dnos\u0165ou ZJIMEE s cie\u013eom vybudova\u0165 komplexn\u00e9 v\u00fdkonnostn\u00e9 laborat\u00f3rium zameran\u00e9 na hydraulick\u00e9 valce, ventily a \u010derpadl\u00e1. Toto pokro\u010dil\u00e9 laborat\u00f3rium vyu\u017e\u00edva po\u010d\u00edta\u010dom podporovan\u00e9 testovanie s elektrohydraulickou technol\u00f3giou, \u010do umo\u017e\u0148uje prednastaven\u00e9 testovacie podmienky, ktor\u00e9 zlep\u0161uj\u00fa presnos\u0165 a v\u0161estrannos\u0165 syst\u00e9mu. Automatizovan\u00fd proces zberu \u00fadajov vyu\u017e\u00edva senzory na zhroma\u017e\u010fovanie v\u00fdstupn\u00fdch \u00fadajov, ako s\u00fa vn\u00fatorn\u00e9 netesnosti a \u00fa\u010dinnos\u0165 za\u0165a\u017eenia, ktor\u00e9 potom spracov\u00e1va po\u010d\u00edta\u010d a prev\u00e1dza na \u0161tandardn\u00e9 jednotky (ml\/min%).<\/p>\n<p>Okrem toho, aby sme zaistili bezpe\u010dnos\u0165 na\u0161ich hydraulick\u00fdch syst\u00e9mov, implementujeme monitorovanie stavu k\u013e\u00fa\u010dov\u00fdch v\u00fdkonnostn\u00fdch parametrov vr\u00e1tane teploty oleja, hladiny kvapaliny a stavu filtra\u010dn\u00e9ho zariadenia. N\u00e1\u0161 testovac\u00ed stojan pre hydraulick\u00e9 valce dok\u00e1\u017ee pos\u00fadi\u0165 \u201e\u00fa\u010dinnos\u0165 za\u0165a\u017eenia\u201c a \u201evn\u00fatorn\u00fa netesnos\u0165\u201c prostredn\u00edctvom presn\u00fdch \u00fadajov. Je tie\u017e vybaven\u00fd merac\u00edm pr\u00edstrojom s mrie\u017ekov\u00fdm prav\u00edtkom, ktor\u00fd sp\u013a\u0148a n\u00e1rodn\u00e9 normy a zabezpe\u010duje s\u00falad so v\u0161etk\u00fdmi testovac\u00edmi po\u017eiadavkami pre hydraulick\u00e9 valce.<\/p>\n<p>&nbsp;<\/p>","protected":false},"excerpt":{"rendered":"<p>Support Hydraulic Cylinders For Crawler Crane Our support hydraulic cylinders for crawler cranes are engineered for heavy-duty lifting and stabilization in demanding environments. Designed to support the truss arm structure, these cylinders ensure optimal stability and safety during high-load operations, making them ideal for crawler cranes used in construction, port operations, and industrial projects. With [&hellip;]<\/p>","protected":false},"featured_media":17072,"comment_status":"open","ping_status":"closed","template":"","meta":{"_et_pb_use_builder":"","_et_pb_old_content":"","_et_gb_content_width":""},"product_brand":[],"product_cat":[1514,1549,1376],"product_tag":[],"class_list":{"0":"post-17065","1":"product","2":"type-product","3":"status-publish","4":"has-post-thumbnail","6":"product_cat-mobile-crane-hydraulic-cylinders","7":"product_cat-single-acting-hydraulic-cylinder","8":"product_cat-hydraulic-cylinder","10":"first","11":"instock","12":"shipping-taxable","13":"product-type-simple"},"amp_enabled":true,"_links":{"self":[{"href":"https:\/\/www.hydraulic-cylinders.net\/sk\/wp-json\/wp\/v2\/product\/17065","targetHints":{"allow":["GET"]}}],"collection":[{"href":"https:\/\/www.hydraulic-cylinders.net\/sk\/wp-json\/wp\/v2\/product"}],"about":[{"href":"https:\/\/www.hydraulic-cylinders.net\/sk\/wp-json\/wp\/v2\/types\/product"}],"replies":[{"embeddable":true,"href":"https:\/\/www.hydraulic-cylinders.net\/sk\/wp-json\/wp\/v2\/comments?post=17065"}],"wp:featuredmedia":[{"embeddable":true,"href":"https:\/\/www.hydraulic-cylinders.net\/sk\/wp-json\/wp\/v2\/media\/17072"}],"wp:attachment":[{"href":"https:\/\/www.hydraulic-cylinders.net\/sk\/wp-json\/wp\/v2\/media?parent=17065"}],"wp:term":[{"taxonomy":"product_brand","embeddable":true,"href":"https:\/\/www.hydraulic-cylinders.net\/sk\/wp-json\/wp\/v2\/product_brand?post=17065"},{"taxonomy":"product_cat","embeddable":true,"href":"https:\/\/www.hydraulic-cylinders.net\/sk\/wp-json\/wp\/v2\/product_cat?post=17065"},{"taxonomy":"product_tag","embeddable":true,"href":"https:\/\/www.hydraulic-cylinders.net\/sk\/wp-json\/wp\/v2\/product_tag?post=17065"}],"curies":[{"name":"pracovn\u00fd list","href":"https:\/\/api.w.org\/{rel}","templated":true}]}}