{"id":17074,"date":"2025-02-05T08:31:40","date_gmt":"2025-02-05T08:31:40","guid":{"rendered":"https:\/\/www.hydraulic-cylinders.net\/?post_type=product&#038;p=17074"},"modified":"2025-04-11T03:00:55","modified_gmt":"2025-04-11T03:00:55","slug":"hcyy11112016-grain-tank-lifting-cylinder-for-agricultural-machinery","status":"publish","type":"product","link":"https:\/\/www.hydraulic-cylinders.net\/sk\/produkt\/hcyy11112016-grain-tank-lifting-cylinder-for-agricultural-machinery\/","title":{"rendered":"HCYY11112016 Zdv\u00edhac\u00ed valec na obiln\u00fd z\u00e1sobn\u00edk pre po\u013enohospod\u00e1rske stroje"},"content":{"rendered":"<h1 style=\"text-align: center;\"><strong>HCYY11112016 Zdv\u00edhac\u00ed valec na obiln\u00fd z\u00e1sobn\u00edk pre po\u013enohospod\u00e1rske stroje<\/strong><\/h1>\n<h1 style=\"text-align: center;\"><img loading=\"lazy\" decoding=\"async\" class=\"alignnone size-full wp-image-17077\" src=\"https:\/\/www.hydraulic-cylinders.net\/wp-content\/uploads\/2025\/02\/hcyy11112016-grain-tank-lifting-cylinder-2.webp\" alt=\"\" width=\"1500\" height=\"515\" srcset=\"https:\/\/www.hydraulic-cylinders.net\/wp-content\/uploads\/2025\/02\/hcyy11112016-grain-tank-lifting-cylinder-2.webp 1500w, https:\/\/www.hydraulic-cylinders.net\/wp-content\/uploads\/2025\/02\/hcyy11112016-grain-tank-lifting-cylinder-2-1280x439.webp 1280w, https:\/\/www.hydraulic-cylinders.net\/wp-content\/uploads\/2025\/02\/hcyy11112016-grain-tank-lifting-cylinder-2-980x336.webp 980w, https:\/\/www.hydraulic-cylinders.net\/wp-content\/uploads\/2025\/02\/hcyy11112016-grain-tank-lifting-cylinder-2-480x165.webp 480w\" sizes=\"(min-width: 0px) and (max-width: 480px) 480px, (min-width: 481px) and (max-width: 980px) 980px, (min-width: 981px) and (max-width: 1280px) 1280px, (min-width: 1281px) 1500px, 100vw\" \/><\/h1>\n<p>Ten\/T\u00e1\/To <strong>HCYY11112016 Zdv\u00edhac\u00ed valec z\u00e1sobn\u00edka obilia<\/strong> zohr\u00e1va k\u013e\u00fa\u010dov\u00fa \u00falohu v po\u013enohospod\u00e1rskych strojoch, ktor\u00e9 s\u00fa navrhnut\u00e9 tak, aby zvy\u0161ovali efektivitu a \u00fa\u010dinnos\u0165 manipul\u00e1cie s obil\u00edm. Tento hydraulick\u00fd valec poskytuje v\u00fdkon a presnos\u0165 potrebn\u00fa na plynul\u00e9 zdv\u00edhanie a sp\u00fa\u0161\u0165anie z\u00e1sobn\u00edkov obilia, \u010d\u00edm sa zabezpe\u010duje optim\u00e1lny v\u00fdkon po\u010das zberu aj prepravy.<\/p>\n<p>Ako nevyhnutn\u00fd n\u00e1stroj pre ka\u017ed\u00fa po\u013enohospod\u00e1rsku prev\u00e1dzku, ktor\u00e1 uprednost\u0148uje efekt\u00edvnos\u0165 a spo\u013eahlivos\u0165, vynik\u00e1 HCYY11112016 svojimi robustn\u00fdmi funkciami a u\u017e\u00edvate\u013esky pr\u00edvetiv\u00fdm dizajnom. Jeho jednoduch\u00e9 po\u017eiadavky na \u00fadr\u017ebu z neho robia preferovan\u00fa vo\u013ebu medzi po\u013enohospod\u00e1rmi a po\u013enohospod\u00e1rskymi profesion\u00e1lmi. Invest\u00edciou do tohto vysoko kvalitn\u00e9ho zdv\u00edhacieho valca v\u00fdrazne zv\u00fd\u0161ite v\u00fdkon svojich strojov a zefekt\u00edvnite procesy manipul\u00e1cie s obil\u00edm, \u010do povedie k produkt\u00edvnej\u0161ej a \u00faspe\u0161nej\u0161ej po\u013enohospod\u00e1rskej prev\u00e1dzke.<\/p>\n<h2><strong>HCYY11112016 Zdv\u00edhac\u00ed valec na obiln\u00fd z\u00e1sobn\u00edk pre po\u013enohospod\u00e1rske stroje Parameter:<\/strong><\/h2>\n<h1 style=\"text-align: center;\"><img loading=\"lazy\" decoding=\"async\" class=\"alignnone size-full wp-image-17076\" src=\"https:\/\/www.hydraulic-cylinders.net\/wp-content\/uploads\/2025\/02\/hcyy11112016-grain-tank-lifting-cylinder-1.webp\" alt=\"\" width=\"1510\" height=\"146\" srcset=\"https:\/\/www.hydraulic-cylinders.net\/wp-content\/uploads\/2025\/02\/hcyy11112016-grain-tank-lifting-cylinder-1.webp 1510w, https:\/\/www.hydraulic-cylinders.net\/wp-content\/uploads\/2025\/02\/hcyy11112016-grain-tank-lifting-cylinder-1-1280x124.webp 1280w, https:\/\/www.hydraulic-cylinders.net\/wp-content\/uploads\/2025\/02\/hcyy11112016-grain-tank-lifting-cylinder-1-980x95.webp 980w, https:\/\/www.hydraulic-cylinders.net\/wp-content\/uploads\/2025\/02\/hcyy11112016-grain-tank-lifting-cylinder-1-480x46.webp 480w\" sizes=\"(min-width: 0px) and (max-width: 480px) 480px, (min-width: 481px) and (max-width: 980px) 980px, (min-width: 981px) and (max-width: 1280px) 1280px, (min-width: 1281px) 1510px, 100vw\" \/><img loading=\"lazy\" decoding=\"async\" class=\"alignnone size-full wp-image-17078\" src=\"https:\/\/www.hydraulic-cylinders.net\/wp-content\/uploads\/2025\/02\/hcyy11112016-grain-tank-lifting-cylinder-3.webp\" alt=\"\" width=\"1477\" height=\"710\" srcset=\"https:\/\/www.hydraulic-cylinders.net\/wp-content\/uploads\/2025\/02\/hcyy11112016-grain-tank-lifting-cylinder-3.webp 1477w, https:\/\/www.hydraulic-cylinders.net\/wp-content\/uploads\/2025\/02\/hcyy11112016-grain-tank-lifting-cylinder-3-1280x615.webp 1280w, https:\/\/www.hydraulic-cylinders.net\/wp-content\/uploads\/2025\/02\/hcyy11112016-grain-tank-lifting-cylinder-3-980x471.webp 980w, https:\/\/www.hydraulic-cylinders.net\/wp-content\/uploads\/2025\/02\/hcyy11112016-grain-tank-lifting-cylinder-3-480x231.webp 480w\" sizes=\"(min-width: 0px) and (max-width: 480px) 480px, (min-width: 481px) and (max-width: 980px) 980px, (min-width: 981px) and (max-width: 1280px) 1280px, (min-width: 1281px) 1477px, 100vw\" \/> <img loading=\"lazy\" decoding=\"async\" class=\"alignnone size-full wp-image-17079\" src=\"https:\/\/www.hydraulic-cylinders.net\/wp-content\/uploads\/2025\/02\/hcyy11112016-grain-tank-lifting-cylinder-4.webp\" alt=\"\" width=\"1476\" height=\"711\" srcset=\"https:\/\/www.hydraulic-cylinders.net\/wp-content\/uploads\/2025\/02\/hcyy11112016-grain-tank-lifting-cylinder-4.webp 1476w, https:\/\/www.hydraulic-cylinders.net\/wp-content\/uploads\/2025\/02\/hcyy11112016-grain-tank-lifting-cylinder-4-1280x617.webp 1280w, https:\/\/www.hydraulic-cylinders.net\/wp-content\/uploads\/2025\/02\/hcyy11112016-grain-tank-lifting-cylinder-4-980x472.webp 980w, https:\/\/www.hydraulic-cylinders.net\/wp-content\/uploads\/2025\/02\/hcyy11112016-grain-tank-lifting-cylinder-4-480x231.webp 480w\" sizes=\"(min-width: 0px) and (max-width: 480px) 480px, (min-width: 481px) and (max-width: 980px) 980px, (min-width: 981px) and (max-width: 1280px) 1280px, (min-width: 1281px) 1476px, 100vw\" \/> <img loading=\"lazy\" decoding=\"async\" class=\"alignnone size-full wp-image-17080\" src=\"https:\/\/www.hydraulic-cylinders.net\/wp-content\/uploads\/2025\/02\/hcyy11112016-grain-tank-lifting-cylinder-5.webp\" alt=\"\" width=\"1419\" height=\"765\" srcset=\"https:\/\/www.hydraulic-cylinders.net\/wp-content\/uploads\/2025\/02\/hcyy11112016-grain-tank-lifting-cylinder-5.webp 1419w, https:\/\/www.hydraulic-cylinders.net\/wp-content\/uploads\/2025\/02\/hcyy11112016-grain-tank-lifting-cylinder-5-1280x690.webp 1280w, https:\/\/www.hydraulic-cylinders.net\/wp-content\/uploads\/2025\/02\/hcyy11112016-grain-tank-lifting-cylinder-5-980x528.webp 980w, https:\/\/www.hydraulic-cylinders.net\/wp-content\/uploads\/2025\/02\/hcyy11112016-grain-tank-lifting-cylinder-5-480x259.webp 480w\" sizes=\"(min-width: 0px) and (max-width: 480px) 480px, (min-width: 481px) and (max-width: 980px) 980px, (min-width: 981px) and (max-width: 1280px) 1280px, (min-width: 1281px) 1419px, 100vw\" \/><\/h1>\n<h2><strong>S\u00e9ria valcov p\u00e1sov\u00e9ho \u017eeriavu:<\/strong><\/h2>\n<h2><img loading=\"lazy\" decoding=\"async\" class=\"alignnone size-full wp-image-17082\" src=\"https:\/\/www.hydraulic-cylinders.net\/wp-content\/uploads\/2025\/02\/cylinder-series-for-agricultural-machinery-1-1-scaled.webp\" alt=\"\" width=\"2066\" height=\"2560\" srcset=\"https:\/\/www.hydraulic-cylinders.net\/wp-content\/uploads\/2025\/02\/cylinder-series-for-agricultural-machinery-1-1-scaled.webp 2066w, https:\/\/www.hydraulic-cylinders.net\/wp-content\/uploads\/2025\/02\/cylinder-series-for-agricultural-machinery-1-1-1280x1586.webp 1280w, https:\/\/www.hydraulic-cylinders.net\/wp-content\/uploads\/2025\/02\/cylinder-series-for-agricultural-machinery-1-1-980x1214.webp 980w, https:\/\/www.hydraulic-cylinders.net\/wp-content\/uploads\/2025\/02\/cylinder-series-for-agricultural-machinery-1-1-480x595.webp 480w\" sizes=\"(min-width: 0px) and (max-width: 480px) 480px, (min-width: 481px) and (max-width: 980px) 980px, (min-width: 981px) and (max-width: 1280px) 1280px, (min-width: 1281px) 2066px, 100vw\" \/><\/h2>\n<h2><strong>K\u013e\u00fa\u010dov\u00e9 vlastnosti zdv\u00edhacieho valca z\u00e1sobn\u00edka obilia HCYY11112016 pre po\u013enohospod\u00e1rske stroje:<\/strong><\/h2>\n<h4><strong>Vysok\u00e1 nosnos\u0165<\/strong><\/h4>\n<p>Ten\/T\u00e1\/To <strong>HCYY11112016 Zdv\u00edhac\u00ed valec z\u00e1sobn\u00edka obilia<\/strong> je odborne navrhnut\u00fd tak, aby zvl\u00e1dol zna\u010dn\u00e9 hmotnosti, v\u010faka \u010domu je schopn\u00fd bez n\u00e1mahy zdv\u00edha\u0165 plne nalo\u017een\u00e9 z\u00e1sobn\u00edky obilia. T\u00e1to vysok\u00e1 nosnos\u0165 zais\u0165uje nielen bezpe\u010dn\u00fa prev\u00e1dzku, ale aj zvy\u0161uje efektivitu po\u010das k\u013e\u00fa\u010dov\u00fdch obdob\u00ed zberu \u00farody a prepravy. Po\u013enohospod\u00e1ri sa m\u00f4\u017eu spo\u013eahn\u00fa\u0165, \u017ee tento valec bude spo\u013eahlivo fungova\u0165 pod tlakom, \u010do im umo\u017en\u00ed s\u00fastredi\u0165 sa na svoje \u00falohy bez ob\u00e1v z poruchy zariadenia.<\/p>\n<h4><strong>Odoln\u00e1 kon\u0161trukcia<\/strong><\/h4>\n<p>Model HCYY11112016 je vyroben\u00fd z vysokopevnostn\u00fdch materi\u00e1lov a je navrhnut\u00fd tak, aby odolal n\u00e1ro\u010dn\u00fdm po\u013enohospod\u00e1rskym podmienkam. Jeho odoln\u00e1 kon\u0161trukcia odol\u00e1va opotrebovaniu, \u010d\u00edm zais\u0165uje dlh\u00fa \u017eivotnos\u0165 a konzistentn\u00fd v\u00fdkon. T\u00e1to odolnos\u0165 je nevyhnutn\u00e1 pre po\u013enohospod\u00e1rov, ktor\u00ed sa na svoje zariadenia spoliehaj\u00fa de\u0148 \u010do de\u0148, preto\u017ee minimalizuje prestoje a n\u00e1klady na \u00fadr\u017ebu.<\/p>\n<h4><strong>Odolnos\u0165 proti kor\u00f3zii<\/strong><\/h4>\n<p>V\u010faka pokro\u010dilej povrchovej \u00faprave pon\u00faka HCYY11112016 v\u00fdnimo\u010dn\u00fa ochranu proti hrdzi a kor\u00f3zii. T\u00e1to funkcia zvy\u0161uje odolnos\u0165 valca a umo\u017e\u0148uje mu udr\u017eiava\u0165 \u0161pi\u010dkov\u00fd v\u00fdkon aj v n\u00e1ro\u010dn\u00fdch poveternostn\u00fdch podmienkach. Invest\u00edciou do tohto valca odoln\u00e9ho vo\u010di kor\u00f3zii si m\u00f4\u017eu by\u0165 farm\u00e1ri ist\u00ed, \u017ee ich zariadenia odol\u00e1vaj\u00fa poveternostn\u00fdm vplyvom, \u010do prispeje k dlh\u0161ej \u017eivotnosti a lep\u0161ej n\u00e1vratnosti invest\u00edci\u00ed.<\/p>\n<h4><strong>Kompaktn\u00fd dizajn<\/strong><\/h4>\n<p>Jednou z vynikaj\u00facich vlastnost\u00ed modelu HCYY11112016 je jeho kompaktn\u00fd dizajn, ktor\u00fd umo\u017e\u0148uje bezprobl\u00e9mov\u00fa integr\u00e1ciu do r\u00f4znych po\u013enohospod\u00e1rskych strojov. Tento priestorovo efekt\u00edvny dizajn maximalizuje dostupn\u00fd priestor, \u010do umo\u017e\u0148uje efekt\u00edvnej\u0161ie vyu\u017e\u00edvanie zariaden\u00ed bez kompromisov vo funk\u010dnosti. Po\u013enohospod\u00e1ri profituj\u00fa z optimalizovan\u00e9ho nastavenia, ktor\u00e9 zlep\u0161uje man\u00e9vrovate\u013enos\u0165 a celkov\u00fa prev\u00e1dzkov\u00fa efektivitu.<\/p>\n<h4><strong>Presn\u00e9 in\u017einierstvo<\/strong><\/h4>\n<p>V\u010faka presn\u00fdm toleranci\u00e1m vyroben\u00fdm s HCYY11112016 zais\u0165uje plynul\u00fd chod a presn\u00e9 polohovanie n\u00e1kladu, \u010do je k\u013e\u00fa\u010dov\u00e9 pre predch\u00e1dzanie nehod\u00e1m pri manipul\u00e1cii s obil\u00edm. T\u00e1to \u00farove\u0148 presnosti umo\u017e\u0148uje obsluhe s istotou manipulova\u0165 s n\u00e1kladom, \u010d\u00edm sa zni\u017euj\u00fa rizik\u00e1 spojen\u00e9 so zdv\u00edhan\u00edm a prepravou \u0165a\u017ek\u00fdch materi\u00e1lov. Spo\u013eahliv\u00fd v\u00fdkon valca sa premieta do bezpe\u010dnej\u0161\u00edch pracovn\u00fdch podmienok, \u010do je pre po\u013enohospod\u00e1rskych profesion\u00e1lov najvy\u0161\u0161ou prioritou.<\/p>\n<p>V\u00fdberom zdv\u00edhacieho valca z\u00e1sobn\u00edka obilia HCYY11112016 sa po\u013enohospod\u00e1ri vybavia n\u00e1strojom, ktor\u00fd nielen sp\u013a\u0148a, ale aj prekon\u00e1va po\u017eiadavky modern\u00e9ho po\u013enohospod\u00e1rstva. Jeho kombin\u00e1cia vysokej nosnosti, odolnosti, odolnosti vo\u010di kor\u00f3zii, kompaktn\u00e9ho dizajnu a presn\u00e9ho in\u017einierstva z neho rob\u00ed nevyhnutn\u00fd prvok pre ka\u017ed\u00fa po\u013enohospod\u00e1rsku \u010dinnos\u0165.<\/p>\n<h2><strong>Ako kompaktn\u00fd dizajn zdv\u00edhacieho valca z\u00e1sobn\u00edka obilia Hcyy11112016 zlep\u0161uje jeho integr\u00e1ciu s po\u013enohospod\u00e1rskymi strojmi?<\/strong><\/h2>\n<p>Kompaktn\u00fd dizajn <strong>HCYY11112016 Zdv\u00edhac\u00ed valec z\u00e1sobn\u00edka obilia<\/strong> zohr\u00e1va k\u013e\u00fa\u010dov\u00fa \u00falohu v jeho bezprobl\u00e9movej integr\u00e1cii s po\u013enohospod\u00e1rskymi strojmi a pon\u00faka mno\u017estvo v\u00fdhod, ktor\u00e9 zlep\u0161uj\u00fa celkov\u00fd v\u00fdkon:<\/p>\n<h4><strong>Priestorov\u00e1 efekt\u00edvnos\u0165<\/strong><\/h4>\n<ul>\n<li><strong>Maximalizovan\u00fd priestor<\/strong>Zjednodu\u0161en\u00fd profil valca je navrhnut\u00fd pre optim\u00e1lne vyu\u017eitie dostupn\u00e9ho priestoru, \u010do umo\u017e\u0148uje jednoduch\u00e9 za\u010dlenenie do r\u00f4znych konfigur\u00e1ci\u00ed strojov. Toto efekt\u00edvne vyu\u017eitie priestoru nielen zefekt\u00edv\u0148uje dizajn, ale tie\u017e zni\u017euje neporiadok, v\u010faka \u010domu je zariadenie u\u017e\u00edvate\u013esky pr\u00edvetivej\u0161ie a pr\u00edstupnej\u0161ie.<\/li>\n<\/ul>\n<h4><strong>Zlep\u0161en\u00e1 man\u00e9vrovate\u013enos\u0165<\/strong><\/h4>\n<ul>\n<li><strong>Zv\u00fd\u0161en\u00e1 mobilita<\/strong>Kompaktn\u00e1 kon\u0161trukcia v\u00fdrazne zlep\u0161uje man\u00e9vrovate\u013enos\u0165, \u010do umo\u017e\u0148uje farm\u00e1rom pohybova\u0165 sa v u\u017e\u0161\u00edch priestoroch na poliach, v stodol\u00e1ch alebo skladovac\u00edch priestoroch. T\u00e1to obratnos\u0165 je k\u013e\u00fa\u010dov\u00e1 po\u010das n\u00e1ro\u010dn\u00fdch obdob\u00ed zberu \u00farody, ke\u010f s\u00fa potrebn\u00e9 r\u00fdchle \u00fapravy, \u010do v kone\u010dnom d\u00f4sledku \u0161etr\u00ed \u010das a zvy\u0161uje produktivitu.<\/li>\n<\/ul>\n<h4><strong>Zjednodu\u0161en\u00e1 in\u0161tal\u00e1cia<\/strong><\/h4>\n<ul>\n<li><strong>Jednoduch\u00e1 integr\u00e1cia<\/strong>Men\u0161ia ve\u013ekos\u0165 valca zjednodu\u0161uje proces in\u0161tal\u00e1cie v r\u00f4znych po\u013enohospod\u00e1rskych strojoch. T\u00e1to jednoduch\u00e1 integr\u00e1cia minimalizuje \u010das nastavenia, \u010do umo\u017e\u0148uje oper\u00e1torom r\u00fdchlo nasadi\u0165 zariadenie a vr\u00e1ti\u0165 sa do pr\u00e1ce, \u010do je obzvl\u00e1\u0161\u0165 cenn\u00e9 po\u010das sez\u00f3ny.<\/li>\n<\/ul>\n<h4><strong>Vyv\u00e1\u017een\u00e9 rozlo\u017eenie hmotnosti<\/strong><\/h4>\n<ul>\n<li><strong>Ni\u017e\u0161ie \u0165a\u017eisko<\/strong>Kompaktn\u00fd p\u00f4dorys pom\u00e1ha udr\u017eiava\u0165 ni\u017e\u0161ie \u0165a\u017eisko, \u010do je nevyhnutn\u00e9 pre zv\u00fd\u0161enie stability po\u010das prev\u00e1dzky. T\u00e1to kon\u0161truk\u010dn\u00e1 vlastnos\u0165 minimalizuje riziko prevr\u00e1tenia pri zdv\u00edhan\u00ed \u0165a\u017ek\u00fdch z\u00e1sobn\u00edkov obilia, \u010d\u00edm zais\u0165uje bezpe\u010dnej\u0161iu manipul\u00e1ciu a prev\u00e1dzku v r\u00f4znych po\u013en\u00fdch podmienkach.<\/li>\n<\/ul>\n<h4><strong>V\u0161estrann\u00e1 kompatibilita<\/strong><\/h4>\n<ul>\n<li><strong>Prisp\u00f4sobivos\u0165<\/strong>Kompaktn\u00fd dizajn modelu HCYY11112016 zais\u0165uje kompatibilitu so \u0161irokou \u0161k\u00e1lou po\u013enohospod\u00e1rskych strojov, od traktorov a\u017e po obiln\u00e9 vozy. T\u00e1to v\u0161estrannos\u0165 umo\u017e\u0148uje po\u013enohospod\u00e1rom prep\u00edna\u0165 medzi r\u00f4znymi zariadeniami bez nutnosti rozsiahlych \u00faprav, \u010do \u0161etr\u00ed \u010das aj zdroje.<\/li>\n<\/ul>\n<h4><strong>Zv\u00fd\u0161en\u00e1 prev\u00e1dzkov\u00e1 efektivita<\/strong><\/h4>\n<ul>\n<li><strong>Zjednodu\u0161en\u00fd v\u00fdkon<\/strong>V\u010faka bezprobl\u00e9movej integr\u00e1cii s r\u00f4znymi strojmi prispieva kompaktn\u00fd valec k celkovej prev\u00e1dzkovej efekt\u00edvnosti. Jeho schopnos\u0165 harmonicky spolupracova\u0165 s ostatn\u00fdmi komponentmi zni\u017euje opotrebovanie strojov a predl\u017euje \u017eivotnos\u0165 valca aj zariadenia, ktor\u00e9 podopiera.<\/li>\n<\/ul>\n<h4><strong>Bezpe\u010dnostn\u00e9 aspekty<\/strong><\/h4>\n<ul>\n<li><strong>Zn\u00ed\u017eenie rizika<\/strong>Kombin\u00e1cia ni\u017e\u0161ieho \u0165a\u017eiska a zv\u00fd\u0161enej stability zni\u017euje pravdepodobnos\u0165 neh\u00f4d po\u010das manipul\u00e1cie s obil\u00edm. Po\u013enohospod\u00e1ri m\u00f4\u017eu pracova\u0165 s istotou, preto\u017ee vedia, \u017ee ich zariadenia s\u00fa navrhnut\u00e9 tak, aby uprednost\u0148ovali bezpe\u010dnos\u0165 pri manipul\u00e1cii s \u0165a\u017ek\u00fdmi bremenami.<\/li>\n<\/ul>\n<p>Stru\u010dne povedan\u00e9, kompaktn\u00fd dizajn zdv\u00edhacieho valca z\u00e1sobn\u00edka obilia HCYY11112016 nielen zlep\u0161uje jeho integr\u00e1ciu s po\u013enohospod\u00e1rskymi strojmi, ale prispieva aj k zlep\u0161eniu efektivity, bezpe\u010dnosti a prisp\u00f4sobivosti. V\u00fdberom tohto inovat\u00edvneho valca investuj\u00fa po\u013enohospod\u00e1ri do n\u00e1stroja, ktor\u00fd maximalizuje v\u00fdkon a spo\u013eahlivos\u0165, v\u010faka \u010domu je nevyhnutn\u00fdm prvkom pre modern\u00e9 po\u013enohospod\u00e1rske prev\u00e1dzky.<\/p>\n<h2><strong>V\u00fdrobn\u00e1 oblas\u0165 valcov pre vysokozdvi\u017en\u00e9 voz\u00edky:<\/strong><\/h2>\n<h2><img loading=\"lazy\" decoding=\"async\" class=\"alignnone size-full wp-image-16972\" src=\"https:\/\/www.hydraulic-cylinders.net\/wp-content\/uploads\/2025\/01\/hydraulic-cylinder-factory-1-scaled.webp\" alt=\"\" width=\"2016\" height=\"2560\" srcset=\"https:\/\/www.hydraulic-cylinders.net\/wp-content\/uploads\/2025\/01\/hydraulic-cylinder-factory-1-scaled.webp 2016w, https:\/\/www.hydraulic-cylinders.net\/wp-content\/uploads\/2025\/01\/hydraulic-cylinder-factory-1-1280x1625.webp 1280w, https:\/\/www.hydraulic-cylinders.net\/wp-content\/uploads\/2025\/01\/hydraulic-cylinder-factory-1-980x1244.webp 980w, https:\/\/www.hydraulic-cylinders.net\/wp-content\/uploads\/2025\/01\/hydraulic-cylinder-factory-1-480x610.webp 480w\" sizes=\"(min-width: 0px) and (max-width: 480px) 480px, (min-width: 481px) and (max-width: 980px) 980px, (min-width: 981px) and (max-width: 1280px) 1280px, (min-width: 1281px) 2016px, 100vw\" \/><\/h2>\n<p>P\u00fd\u0161ime sa najmodernej\u0161ou nez\u00e1vislou platformou v\u00fdskumu a v\u00fdvoja zameranou na mont\u00e1\u017e, ktor\u00e1 zabezpe\u010duje \u0161pi\u010dkov\u00e9 inov\u00e1cie a kvalitu v na\u0161ich v\u00fdrobn\u00fdch procesoch. Na\u0161a diel\u0148a na v\u00fdrobu valcov pre vysokozdvi\u017en\u00e9 voz\u00edky disponuje \u0161tyrmi poloautomatick\u00fdmi mont\u00e1\u017enymi linkami na zdv\u00edhanie valcov a plne automatickou mont\u00e1\u017enou linkou nakl\u00e1pac\u00edch valcov, ktor\u00e9 s\u00fa spolu navrhnut\u00e9 tak, aby ro\u010dne vyrobili a\u017e jeden mili\u00f3n kusov.<\/p>\n<p>Na\u0161a \u0161pecializovan\u00e1 diel\u0148a na v\u00fdrobu valcov je navy\u0161e vybaven\u00e1 poloautomatick\u00fdmi \u010distiacimi a mont\u00e1\u017enymi syst\u00e9mami prisp\u00f4soben\u00fdmi r\u00f4znym \u0161pecifik\u00e1ci\u00e1m s ro\u010dnou v\u00fdrobnou kapacitou 200 000 kusov. Na vysoko presn\u00e9 spracovanie valcov vyu\u017e\u00edvame renomovan\u00e9 CNC zariadenia, obr\u00e1bacie centr\u00e1 a \u0161pecializovan\u00e9 n\u00e1stroje. Na\u0161e zariadenie zah\u0155\u0148a aj pokro\u010dil\u00e9 robotick\u00e9 zv\u00e1racie stroje, automatick\u00e9 \u010distiace syst\u00e9my a plne automatizovan\u00e9 linky na mont\u00e1\u017e a lakovanie valcov. S viac ako 300 k\u013e\u00fa\u010dov\u00fdmi zariadeniami v prev\u00e1dzke optimalizujeme alok\u00e1ciu zdrojov a zabezpe\u010dujeme efekt\u00edvne vyu\u017eitie, pri\u010dom sp\u013a\u0148ame pr\u00edsne \u0161tandardy presnosti a kvality.<\/p>\n<p>Na\u0161a obr\u00e1bacia diel\u0148a m\u00e1 z\u00e1kazkov\u00e9 s\u00fastru\u017en\u00edcke centr\u00e1 s nakl\u00e1pac\u00edmi vodiacimi ko\u013eajnicami, obr\u00e1bacie centr\u00e1, vysokor\u00fdchlostn\u00e9 honovacie stroje, zv\u00e1racie roboty a \u010fal\u0161ie potrebn\u00e9 vybavenie. Toto nastavenie n\u00e1m umo\u017e\u0148uje obr\u00e1ba\u0165 valcov\u00e9 r\u00fary s maxim\u00e1lnym vn\u00fatorn\u00fdm priemerom 400 mm a d\u013a\u017ekou a\u017e 6 metrov, \u010do \u010falej zvy\u0161uje na\u0161e v\u00fdrobn\u00e9 mo\u017enosti.<\/p>\n<h2><img loading=\"lazy\" decoding=\"async\" class=\"alignnone size-full wp-image-16973\" src=\"https:\/\/www.hydraulic-cylinders.net\/wp-content\/uploads\/2025\/01\/hydraulic-cylinder-factory-2-scaled.webp\" alt=\"\" width=\"2011\" height=\"2560\" srcset=\"https:\/\/www.hydraulic-cylinders.net\/wp-content\/uploads\/2025\/01\/hydraulic-cylinder-factory-2-scaled.webp 2011w, https:\/\/www.hydraulic-cylinders.net\/wp-content\/uploads\/2025\/01\/hydraulic-cylinder-factory-2-1280x1629.webp 1280w, https:\/\/www.hydraulic-cylinders.net\/wp-content\/uploads\/2025\/01\/hydraulic-cylinder-factory-2-980x1248.webp 980w, https:\/\/www.hydraulic-cylinders.net\/wp-content\/uploads\/2025\/01\/hydraulic-cylinder-factory-2-480x611.webp 480w\" sizes=\"(min-width: 0px) and (max-width: 480px) 480px, (min-width: 481px) and (max-width: 980px) 980px, (min-width: 981px) and (max-width: 1280px) 1280px, (min-width: 1281px) 2011px, 100vw\" \/><\/h2>\n<p>Prev\u00e1dzkujeme plne automatick\u00fa linku na nan\u00e1\u0161anie farieb na vodnej b\u00e1ze, ktor\u00e1 je \u0161peci\u00e1lne navrhnut\u00e1 pre mal\u00e9 a stredn\u00e9 valce a je vybaven\u00e1 automatizovan\u00fdmi robotmi na nakladanie, vykladanie a striekanie. Tento modern\u00fd syst\u00e9m sa m\u00f4\u017ee pochv\u00e1li\u0165 v\u00fdrobnou kapacitou 4 000 kusov za smenu. Okrem toho m\u00e1me poloautomatick\u00fa lakovaciu linku pre ve\u013ek\u00e9 valce, poh\u00e1\u0148an\u00fa re\u0165azov\u00fdm pohonom, s projektovanou kapacitou 60 prepraviek za smenu.<\/p>\n<p>Aby sme zv\u00fd\u0161ili v\u00fdkonnos\u0165 produktov a upevnili si na\u0161e ved\u00face postavenie v odvetv\u00ed hydraulick\u00fdch valcov, spojili sme sa so spolo\u010dnos\u0165ou ZJIMEE s cie\u013eom vybudova\u0165 komplexn\u00e9 v\u00fdkonnostn\u00e9 laborat\u00f3rium zameran\u00e9 na hydraulick\u00e9 valce, ventily a \u010derpadl\u00e1. Toto pokro\u010dil\u00e9 laborat\u00f3rium vyu\u017e\u00edva po\u010d\u00edta\u010dom podporovan\u00e9 testovanie s elektrohydraulickou technol\u00f3giou, \u010do umo\u017e\u0148uje prednastaven\u00e9 testovacie podmienky, ktor\u00e9 zlep\u0161uj\u00fa presnos\u0165 a v\u0161estrannos\u0165 syst\u00e9mu. Automatizovan\u00fd proces zberu \u00fadajov vyu\u017e\u00edva senzory na zhroma\u017e\u010fovanie v\u00fdstupn\u00fdch \u00fadajov, ako s\u00fa vn\u00fatorn\u00e9 netesnosti a \u00fa\u010dinnos\u0165 za\u0165a\u017eenia, ktor\u00e9 potom spracov\u00e1va po\u010d\u00edta\u010d a prev\u00e1dza na \u0161tandardn\u00e9 jednotky (ml\/min%).<\/p>\n<p>Okrem toho, aby sme zaistili bezpe\u010dnos\u0165 na\u0161ich hydraulick\u00fdch syst\u00e9mov, implementujeme monitorovanie stavu k\u013e\u00fa\u010dov\u00fdch v\u00fdkonnostn\u00fdch parametrov vr\u00e1tane teploty oleja, hladiny kvapaliny a stavu filtra\u010dn\u00e9ho zariadenia. N\u00e1\u0161 testovac\u00ed stojan pre hydraulick\u00e9 valce dok\u00e1\u017ee pos\u00fadi\u0165 \u201e\u00fa\u010dinnos\u0165 za\u0165a\u017eenia\u201c a \u201evn\u00fatorn\u00fa netesnos\u0165\u201c prostredn\u00edctvom presn\u00fdch \u00fadajov. Je tie\u017e vybaven\u00fd merac\u00edm pr\u00edstrojom s mrie\u017ekov\u00fdm prav\u00edtkom, ktor\u00fd sp\u013a\u0148a n\u00e1rodn\u00e9 normy a zabezpe\u010duje s\u00falad so v\u0161etk\u00fdmi testovac\u00edmi po\u017eiadavkami pre hydraulick\u00e9 valce.<\/p>\n<p>&nbsp;<\/p>","protected":false},"excerpt":{"rendered":"<p>HCYY11112016 Grain Tank Lifting Cylinder For Agricultural Machinery The HCYY11112016 Grain Tank Lifting Cylinder plays a crucial role in agricultural machinery, designed to boost the efficiency and effectiveness of grain handling operations. This hydraulic cylinder provides the power and precision required to raise and lower grain tanks smoothly, ensuring optimal performance during both harvest and [&hellip;]<\/p>","protected":false},"featured_media":17083,"comment_status":"open","ping_status":"closed","template":"","meta":{"_et_pb_use_builder":"","_et_pb_old_content":"","_et_gb_content_width":""},"product_brand":[],"product_cat":[1528,1549,1376],"product_tag":[],"class_list":{"0":"post-17074","1":"product","2":"type-product","3":"status-publish","4":"has-post-thumbnail","6":"product_cat-harvesting-machinery-hydraulic-cylinders","7":"product_cat-single-acting-hydraulic-cylinder","8":"product_cat-hydraulic-cylinder","10":"first","11":"instock","12":"shipping-taxable","13":"product-type-simple"},"amp_enabled":true,"_links":{"self":[{"href":"https:\/\/www.hydraulic-cylinders.net\/sk\/wp-json\/wp\/v2\/product\/17074","targetHints":{"allow":["GET"]}}],"collection":[{"href":"https:\/\/www.hydraulic-cylinders.net\/sk\/wp-json\/wp\/v2\/product"}],"about":[{"href":"https:\/\/www.hydraulic-cylinders.net\/sk\/wp-json\/wp\/v2\/types\/product"}],"replies":[{"embeddable":true,"href":"https:\/\/www.hydraulic-cylinders.net\/sk\/wp-json\/wp\/v2\/comments?post=17074"}],"wp:featuredmedia":[{"embeddable":true,"href":"https:\/\/www.hydraulic-cylinders.net\/sk\/wp-json\/wp\/v2\/media\/17083"}],"wp:attachment":[{"href":"https:\/\/www.hydraulic-cylinders.net\/sk\/wp-json\/wp\/v2\/media?parent=17074"}],"wp:term":[{"taxonomy":"product_brand","embeddable":true,"href":"https:\/\/www.hydraulic-cylinders.net\/sk\/wp-json\/wp\/v2\/product_brand?post=17074"},{"taxonomy":"product_cat","embeddable":true,"href":"https:\/\/www.hydraulic-cylinders.net\/sk\/wp-json\/wp\/v2\/product_cat?post=17074"},{"taxonomy":"product_tag","embeddable":true,"href":"https:\/\/www.hydraulic-cylinders.net\/sk\/wp-json\/wp\/v2\/product_tag?post=17074"}],"curies":[{"name":"pracovn\u00fd list","href":"https:\/\/api.w.org\/{rel}","templated":true}]}}