{"id":17084,"date":"2025-02-05T08:51:31","date_gmt":"2025-02-05T08:51:31","guid":{"rendered":"https:\/\/www.hydraulic-cylinders.net\/?post_type=product&#038;p=17084"},"modified":"2025-04-11T05:30:22","modified_gmt":"2025-04-11T05:30:22","slug":"hcyy11112017-towing-and-lifting-cylinder-for-agricultural-machinery","status":"publish","type":"product","link":"https:\/\/www.hydraulic-cylinders.net\/sk\/produkt\/hcyy11112017-towing-and-lifting-cylinder-for-agricultural-machinery\/","title":{"rendered":"HCYY11112017 \u0164a\u017en\u00fd a zdv\u00edhac\u00ed valec pre po\u013enohospod\u00e1rske stroje"},"content":{"rendered":"<h1 style=\"text-align: center;\"><strong>HCYY11112017 \u0164a\u017en\u00fd a zdv\u00edhac\u00ed valec pre po\u013enohospod\u00e1rske stroje<\/strong><\/h1>\n<h1 style=\"text-align: center;\"><img loading=\"lazy\" decoding=\"async\" class=\"alignnone size-full wp-image-17086\" src=\"https:\/\/www.hydraulic-cylinders.net\/wp-content\/uploads\/2025\/02\/hcyy11112017-towing-and-lifting-cylinder-2.webp\" alt=\"\" width=\"1495\" height=\"517\" srcset=\"https:\/\/www.hydraulic-cylinders.net\/wp-content\/uploads\/2025\/02\/hcyy11112017-towing-and-lifting-cylinder-2.webp 1495w, https:\/\/www.hydraulic-cylinders.net\/wp-content\/uploads\/2025\/02\/hcyy11112017-towing-and-lifting-cylinder-2-1280x443.webp 1280w, https:\/\/www.hydraulic-cylinders.net\/wp-content\/uploads\/2025\/02\/hcyy11112017-towing-and-lifting-cylinder-2-980x339.webp 980w, https:\/\/www.hydraulic-cylinders.net\/wp-content\/uploads\/2025\/02\/hcyy11112017-towing-and-lifting-cylinder-2-480x166.webp 480w\" sizes=\"(min-width: 0px) and (max-width: 480px) 480px, (min-width: 481px) and (max-width: 980px) 980px, (min-width: 981px) and (max-width: 1280px) 1280px, (min-width: 1281px) 1495px, 100vw\" \/><\/h1>\n<p>Ten\/T\u00e1\/To <strong>HCYY11112017 \u0164a\u017en\u00fd a zdv\u00edhac\u00ed valec<\/strong> je k\u013e\u00fa\u010dov\u00fdm komponentom pre po\u013enohospod\u00e1rske a priemyseln\u00e9 aplik\u00e1cie, navrhnut\u00fd pre v\u00fdnimo\u010dn\u00fd v\u00fdkon pri \u0165ahan\u00ed \u0165a\u017ek\u00fdch bremien a zdv\u00edhac\u00edch zariaden\u00ed. Jeho v\u0161estrannos\u0165 z neho rob\u00ed nepostr\u00e1date\u013en\u00fd n\u00e1stroj pre profesion\u00e1lov v tejto oblasti.<\/p>\n<p>Tento valec vynik\u00e1 ako spo\u013eahliv\u00e9 a efekt\u00edvne rie\u0161enie pre r\u00f4zne \u00falohy \u0165ahania a zdv\u00edhania. V\u010faka vysokej nosnosti, odolnej kon\u0161trukcii a kompaktn\u00e9mu dizajnu zvy\u0161uje schopnosti ka\u017ed\u00e9ho strojov\u00e9ho parku. Dodr\u017eiavan\u00edm odpor\u00fa\u010dan\u00fdch pokynov na pou\u017e\u00edvanie a \u00fadr\u017ebu m\u00f4\u017eu pou\u017e\u00edvatelia optimalizova\u0165 v\u00fdkon valca a pred\u013a\u017ei\u0165 jeho \u017eivotnos\u0165, \u010d\u00edm zabezpe\u010dia maxim\u00e1lnu efektivitu prev\u00e1dzky.<\/p>\n<p>Investujte do HCYY11112017 a z\u00edskajte spo\u013eahliv\u00e9 rie\u0161enie, ktor\u00e9 efekt\u00edvne spln\u00ed v\u0161etky va\u0161e po\u017eiadavky na \u0165ahanie a zdv\u00edhanie.<\/p>\n<h2><strong>Parameter \u0165a\u017en\u00e9ho a zdv\u00edhacieho valca HCYY11112017:<\/strong><\/h2>\n<h1 style=\"text-align: center;\"><img loading=\"lazy\" decoding=\"async\" class=\"alignnone size-full wp-image-17085\" src=\"https:\/\/www.hydraulic-cylinders.net\/wp-content\/uploads\/2025\/02\/hcyy11112017-towing-and-lifting-cylinder-1.webp\" alt=\"\" width=\"1519\" height=\"151\" srcset=\"https:\/\/www.hydraulic-cylinders.net\/wp-content\/uploads\/2025\/02\/hcyy11112017-towing-and-lifting-cylinder-1.webp 1519w, https:\/\/www.hydraulic-cylinders.net\/wp-content\/uploads\/2025\/02\/hcyy11112017-towing-and-lifting-cylinder-1-1280x127.webp 1280w, https:\/\/www.hydraulic-cylinders.net\/wp-content\/uploads\/2025\/02\/hcyy11112017-towing-and-lifting-cylinder-1-980x97.webp 980w, https:\/\/www.hydraulic-cylinders.net\/wp-content\/uploads\/2025\/02\/hcyy11112017-towing-and-lifting-cylinder-1-480x48.webp 480w\" sizes=\"(min-width: 0px) and (max-width: 480px) 480px, (min-width: 481px) and (max-width: 980px) 980px, (min-width: 981px) and (max-width: 1280px) 1280px, (min-width: 1281px) 1519px, 100vw\" \/><img loading=\"lazy\" decoding=\"async\" class=\"alignnone size-full wp-image-17087\" src=\"https:\/\/www.hydraulic-cylinders.net\/wp-content\/uploads\/2025\/02\/hcyy11112017-towing-and-lifting-cylinder-3.webp\" alt=\"\" width=\"1474\" height=\"710\" srcset=\"https:\/\/www.hydraulic-cylinders.net\/wp-content\/uploads\/2025\/02\/hcyy11112017-towing-and-lifting-cylinder-3.webp 1474w, https:\/\/www.hydraulic-cylinders.net\/wp-content\/uploads\/2025\/02\/hcyy11112017-towing-and-lifting-cylinder-3-1280x617.webp 1280w, https:\/\/www.hydraulic-cylinders.net\/wp-content\/uploads\/2025\/02\/hcyy11112017-towing-and-lifting-cylinder-3-980x472.webp 980w, https:\/\/www.hydraulic-cylinders.net\/wp-content\/uploads\/2025\/02\/hcyy11112017-towing-and-lifting-cylinder-3-480x231.webp 480w\" sizes=\"(min-width: 0px) and (max-width: 480px) 480px, (min-width: 481px) and (max-width: 980px) 980px, (min-width: 981px) and (max-width: 1280px) 1280px, (min-width: 1281px) 1474px, 100vw\" \/> <img loading=\"lazy\" decoding=\"async\" class=\"alignnone size-full wp-image-17088\" src=\"https:\/\/www.hydraulic-cylinders.net\/wp-content\/uploads\/2025\/02\/hcyy11112017-towing-and-lifting-cylinder-4.webp\" alt=\"\" width=\"1480\" height=\"705\" srcset=\"https:\/\/www.hydraulic-cylinders.net\/wp-content\/uploads\/2025\/02\/hcyy11112017-towing-and-lifting-cylinder-4.webp 1480w, https:\/\/www.hydraulic-cylinders.net\/wp-content\/uploads\/2025\/02\/hcyy11112017-towing-and-lifting-cylinder-4-1280x610.webp 1280w, https:\/\/www.hydraulic-cylinders.net\/wp-content\/uploads\/2025\/02\/hcyy11112017-towing-and-lifting-cylinder-4-980x467.webp 980w, https:\/\/www.hydraulic-cylinders.net\/wp-content\/uploads\/2025\/02\/hcyy11112017-towing-and-lifting-cylinder-4-480x229.webp 480w\" sizes=\"(min-width: 0px) and (max-width: 480px) 480px, (min-width: 481px) and (max-width: 980px) 980px, (min-width: 981px) and (max-width: 1280px) 1280px, (min-width: 1281px) 1480px, 100vw\" \/> <img loading=\"lazy\" decoding=\"async\" class=\"alignnone size-full wp-image-17089\" src=\"https:\/\/www.hydraulic-cylinders.net\/wp-content\/uploads\/2025\/02\/hcyy11112017-towing-and-lifting-cylinder-5.webp\" alt=\"\" width=\"1394\" height=\"691\" srcset=\"https:\/\/www.hydraulic-cylinders.net\/wp-content\/uploads\/2025\/02\/hcyy11112017-towing-and-lifting-cylinder-5.webp 1394w, https:\/\/www.hydraulic-cylinders.net\/wp-content\/uploads\/2025\/02\/hcyy11112017-towing-and-lifting-cylinder-5-1280x634.webp 1280w, https:\/\/www.hydraulic-cylinders.net\/wp-content\/uploads\/2025\/02\/hcyy11112017-towing-and-lifting-cylinder-5-980x486.webp 980w, https:\/\/www.hydraulic-cylinders.net\/wp-content\/uploads\/2025\/02\/hcyy11112017-towing-and-lifting-cylinder-5-480x238.webp 480w\" sizes=\"(min-width: 0px) and (max-width: 480px) 480px, (min-width: 481px) and (max-width: 980px) 980px, (min-width: 981px) and (max-width: 1280px) 1280px, (min-width: 1281px) 1394px, 100vw\" \/><\/h1>\n<h2><strong>S\u00e9ria valcov p\u00e1sov\u00e9ho \u017eeriavu:<\/strong><\/h2>\n<h2><img loading=\"lazy\" decoding=\"async\" class=\"alignnone size-full wp-image-17082\" src=\"https:\/\/www.hydraulic-cylinders.net\/wp-content\/uploads\/2025\/02\/cylinder-series-for-agricultural-machinery-1-1-scaled.webp\" alt=\"\" width=\"2066\" height=\"2560\" srcset=\"https:\/\/www.hydraulic-cylinders.net\/wp-content\/uploads\/2025\/02\/cylinder-series-for-agricultural-machinery-1-1-scaled.webp 2066w, https:\/\/www.hydraulic-cylinders.net\/wp-content\/uploads\/2025\/02\/cylinder-series-for-agricultural-machinery-1-1-1280x1586.webp 1280w, https:\/\/www.hydraulic-cylinders.net\/wp-content\/uploads\/2025\/02\/cylinder-series-for-agricultural-machinery-1-1-980x1214.webp 980w, https:\/\/www.hydraulic-cylinders.net\/wp-content\/uploads\/2025\/02\/cylinder-series-for-agricultural-machinery-1-1-480x595.webp 480w\" sizes=\"(min-width: 0px) and (max-width: 480px) 480px, (min-width: 481px) and (max-width: 980px) 980px, (min-width: 981px) and (max-width: 1280px) 1280px, (min-width: 1281px) 2066px, 100vw\" \/><\/h2>\n<h2><strong>K\u013e\u00fa\u010dov\u00e9 vlastnosti \u0165a\u017en\u00e9ho a zdv\u00edhacieho valca HCYY11112017:<\/strong><\/h2>\n<p>Ten\/T\u00e1\/To <strong>HCYY11112017 \u0164a\u017en\u00fd a zdv\u00edhac\u00ed valec<\/strong> sa m\u00f4\u017ee pochv\u00e1li\u0165 nieko\u013ek\u00fdmi k\u013e\u00fa\u010dov\u00fdmi funkciami, ktor\u00e9 v\u00fdrazne zvy\u0161uj\u00fa jeho funk\u010dnos\u0165 a atraktivitu:<\/p>\n<h4><strong>Vysok\u00e1 nosnos\u0165<\/strong><\/h4>\n<p>Tento valec je navrhnut\u00fd tak, aby bez n\u00e1mahy zvl\u00e1dal zna\u010dn\u00e9 hmotnosti, v\u010faka \u010domu je ide\u00e1lny pre n\u00e1ro\u010dn\u00e9 aplik\u00e1cie. Jeho p\u00f4sobiv\u00e1 nosnos\u0165 zais\u0165uje bezpe\u010dn\u00e9 a efekt\u00edvne \u0165ahanie a zdv\u00edhanie, \u010do umo\u017e\u0148uje pou\u017e\u00edvate\u013eom bez v\u00e1hania zvl\u00e1da\u0165 n\u00e1ro\u010dn\u00e9 \u00falohy. \u010ci u\u017e zdv\u00edha ve\u013ek\u00e9 po\u013enohospod\u00e1rske zariadenia alebo \u0165ah\u00e1 \u0165a\u017ek\u00e9 pr\u00edvesy, tento valec poskytuje pevnos\u0165 potrebn\u00fa na efekt\u00edvne vykonanie pr\u00e1ce.<\/p>\n<h4><strong>Odoln\u00e1 kon\u0161trukcia<\/strong><\/h4>\n<p>Model HCYY11112017 je vyroben\u00fd z vysokopevnostn\u00fdch materi\u00e1lov a je navrhnut\u00fd tak, aby odol\u00e1val opotrebovaniu aj v t\u00fdch najn\u00e1ro\u010dnej\u0161\u00edch prostrediach. Jeho robustn\u00e1 kon\u0161trukcia chr\u00e1ni pred n\u00e1ro\u010dn\u00fdmi ka\u017edodenn\u00fdmi podmienkami a zais\u0165uje dlh\u00fa \u017eivotnos\u0165. T\u00e1to odolnos\u0165 sa premieta do men\u0161ieho po\u010dtu v\u00fdmen a opr\u00e1v, \u010do pou\u017e\u00edvate\u013eom pon\u00faka pokoj v du\u0161i a dlhodob\u00fa \u00fasporu n\u00e1kladov.<\/p>\n<h4><strong>Odolnos\u0165 proti kor\u00f3zii<\/strong><\/h4>\n<p>Valec sa vyzna\u010duje pokro\u010dilou povrchovou \u00fapravou, ktor\u00e1 ho chr\u00e1ni pred hrdzou a kor\u00f3ziou. T\u00e1to k\u013e\u00fa\u010dov\u00e1 vlastnos\u0165 je obzvl\u00e1\u0161\u0165 v\u00fdhodn\u00e1 v po\u013enohospod\u00e1rskom a priemyselnom prostred\u00ed, kde je be\u017en\u00e9 vystavenie vlhkosti a agres\u00edvnym chemik\u00e1li\u00e1m. Pred\u013a\u017een\u00edm \u017eivotnosti valca a zachovan\u00edm spo\u013eahlivosti t\u00e1to odolnos\u0165 proti kor\u00f3zii zabezpe\u010duje, \u017ee HCYY11112017 zostane d\u00f4veryhodn\u00fdm n\u00e1strojom po dlh\u00fa dobu.<\/p>\n<h4><strong>Kompaktn\u00fd dizajn<\/strong><\/h4>\n<p>Jeho priestorovo \u00fasporn\u00e1 kon\u0161trukcia umo\u017e\u0148uje jednoduch\u00fa integr\u00e1ciu do existuj\u00facich strojov bez kompromisov vo v\u00fdkone. T\u00e1to kompaktn\u00e1 kon\u0161trukcia je obzvl\u00e1\u0161\u0165 v\u00fdhodn\u00e1 pre prev\u00e1dzky s obmedzen\u00fdm priestorom, \u010do umo\u017e\u0148uje pou\u017e\u00edvate\u013eom maximalizova\u0165 mo\u017enosti ich zariaden\u00ed. Mal\u00fd p\u00f4dorys valca neobetuje v\u00fdkon, v\u010faka \u010domu je praktickou vo\u013ebou pre r\u00f4zne aplik\u00e1cie.<\/p>\n<h4><strong>Presn\u00e9 in\u017einierstvo<\/strong><\/h4>\n<p>V\u010faka v\u00fdrobe s pr\u00edsnymi toleranciami zaru\u010duje HCYY11112017 plynul\u00fd chod a presn\u00e9 polohovanie n\u00e1kladu. Toto prec\u00edzne in\u017einierstvo zvy\u0161uje celkov\u00fd v\u00fdkon a zabezpe\u010duje, \u017ee n\u00e1klad je zdv\u00edhan\u00fd a \u0165ahan\u00fd s v\u00fdnimo\u010dnou kontrolou. Pou\u017e\u00edvatelia sa m\u00f4\u017eu spo\u013eahn\u00fa\u0165 na t\u00fato presnos\u0165, aby dosiahli optim\u00e1lne v\u00fdsledky pri svojich \u00faloh\u00e1ch, \u010d\u00edm sa zv\u00fd\u0161i efektivita a bezpe\u010dnos\u0165 prev\u00e1dzky.<\/p>\n<p>Stru\u010dne povedan\u00e9, \u0165a\u017en\u00fd a zdv\u00edhac\u00ed valec HCYY11112017 kombinuje vysok\u00fa nosnos\u0165, odoln\u00fa kon\u0161trukciu, odolnos\u0165 proti kor\u00f3zii, kompaktn\u00fd dizajn a presn\u00e9 in\u017einierstvo. Tieto vlastnosti nielen zvy\u0161uj\u00fa jeho funk\u010dnos\u0165, ale z neho robia aj spo\u013eahliv\u00fd n\u00e1stroj pre ak\u00e9ko\u013evek po\u013enohospod\u00e1rske alebo priemyseln\u00e9 aplik\u00e1cie, \u010do zabezpe\u010duje, \u017ee pou\u017e\u00edvatelia m\u00f4\u017eu s istotou zvl\u00e1dnu\u0165 aj tie naj\u0165a\u017e\u0161ie v\u00fdzvy.<\/p>\n<h2><strong>Ako kompaktn\u00fd dizajn \u0165a\u017en\u00e9ho a zdv\u00edhacieho valca HCYY11112017 zlep\u0161uje jeho pou\u017eite\u013enos\u0165 v stiesnen\u00fdch priestoroch?<\/strong><\/h2>\n<p>Ten\/T\u00e1\/To <strong>kompaktn\u00fd dizajn<\/strong> z <strong>HCYY11112017 \u0164a\u017en\u00fd a zdv\u00edhac\u00ed valec<\/strong> v\u00fdrazne zvy\u0161uje jeho pou\u017eite\u013enos\u0165 v stiesnen\u00fdch priestoroch a pon\u00faka nieko\u013eko k\u013e\u00fa\u010dov\u00fdch v\u00fdhod:<\/p>\n<h4><strong>Priestorov\u00e1 efekt\u00edvnos\u0165<\/strong><\/h4>\n<ul>\n<li><strong>Minim\u00e1lna zastavan\u00e1 plocha<\/strong>Men\u0161ie rozmery valca umo\u017e\u0148uj\u00fa jeho umiestnenie v stiesnen\u00fdch priestoroch, kde by v\u00e4\u010d\u0161ie modely neboli praktick\u00e9. T\u00e1to priestorov\u00e1 efektivita maximalizuje vyu\u017eitie dostupn\u00e9ho priestoru v strojov\u00fdch zostav\u00e1ch, v\u010faka \u010domu je vynikaj\u00facou vo\u013ebou pre kompaktn\u00e9 zariadenia.<\/li>\n<\/ul>\n<h4><strong>Zlep\u0161en\u00e1 man\u00e9vrovate\u013enos\u0165<\/strong><\/h4>\n<ul>\n<li><strong>Agilita v prev\u00e1dzke<\/strong>Jeho \u013eahk\u00e1 a kompaktn\u00e1 kon\u0161trukcia u\u013eah\u010duje pohyb a nastavenie v \u00fazkych prostrediach. Obsluha sa m\u00f4\u017ee \u013eah\u0161ie pohybova\u0165 okolo prek\u00e1\u017eok, \u010do umo\u017e\u0148uje flexibilnej\u0161iu prev\u00e1dzku v preplnen\u00fdch alebo obmedzen\u00fdch priestoroch.<\/li>\n<\/ul>\n<h4><strong>V\u0161estrann\u00e1 integr\u00e1cia<\/strong><\/h4>\n<ul>\n<li><strong>Bezprobl\u00e9mov\u00e1 kompatibilita<\/strong>HCYY11112017 je navrhnut\u00fd tak, aby sa bez n\u00e1mahy integroval s r\u00f4znymi zariadeniami. T\u00e1to v\u0161estrannos\u0165 umo\u017e\u0148uje pou\u017e\u00edvate\u013eom za\u010dleni\u0165 valec do existuj\u00facich strojov\u00fdch zost\u00e1v bez nutnosti rozsiahlych \u00faprav, \u010do \u0161etr\u00ed \u010das a n\u00e1mahu po\u010das in\u0161tal\u00e1cie.<\/li>\n<\/ul>\n<h4><strong>Zv\u00fd\u0161en\u00e1 stabilita<\/strong><\/h4>\n<ul>\n<li><strong>Ni\u017e\u0161ie \u0165a\u017eisko<\/strong>Kompaktn\u00e1 kon\u0161trukcia prispieva k ni\u017e\u0161iemu \u0165a\u017eisku, \u010do zvy\u0161uje stabilitu po\u010das prev\u00e1dzky. To je obzvl\u00e1\u0161\u0165 v\u00fdhodn\u00e9 v \u00fazkom alebo nerovnom ter\u00e9ne, kde sa zni\u017euje riziko prevr\u00e1tenia a zabezpe\u010duj\u00fa sa bezpe\u010dnej\u0161ie zdv\u00edhacie a \u0165ahacie procesy.<\/li>\n<\/ul>\n<h4><strong>Zjednodu\u0161en\u00e1 obsluha<\/strong><\/h4>\n<ul>\n<li><strong>Jednoduch\u00fd pr\u00edstup<\/strong>Oper\u00e1tori m\u00f4\u017eu \u013eahko dosiahnu\u0165 a ovl\u00e1da\u0165 valec aj v stiesnen\u00fdch pracovn\u00fdch podmienkach. T\u00e1to dostupnos\u0165 zvy\u0161uje bezpe\u010dnos\u0165 a efektivitu a umo\u017e\u0148uje pou\u017e\u00edvate\u013eom vykon\u00e1va\u0165 \u00falohy bez zbyto\u010dn\u00e9ho nam\u00e1hania alebo \u0165a\u017ekost\u00ed.<\/li>\n<\/ul>\n<h4><strong>Zv\u00fd\u0161en\u00e1 produktivita<\/strong><\/h4>\n<ul>\n<li><strong>R\u00fdchlej\u0161ie vybavenie<\/strong>Kombin\u00e1cia man\u00e9vrovate\u013enosti, stability a jednoduch\u00e9ho pr\u00edstupu umo\u017e\u0148uje r\u00fdchlej\u0161ie nastavenie a vykon\u00e1vanie \u00faloh. T\u00e1to zv\u00fd\u0161en\u00e1 produktivita je nevyhnutn\u00e1 v ru\u0161nom prostred\u00ed, kde je \u010das k\u013e\u00fa\u010dov\u00fd.<\/li>\n<\/ul>\n<h4><strong>Prisp\u00f4sobivos\u0165 r\u00f4znym aplik\u00e1ci\u00e1m<\/strong><\/h4>\n<ul>\n<li><strong>Multifunk\u010dn\u00e9 pou\u017eitie<\/strong>Kompaktn\u00fd dizajn ho rob\u00ed vhodn\u00fdm pre \u0161irok\u00fa \u0161k\u00e1lu aplik\u00e1ci\u00ed, od po\u013enohospod\u00e1rskeho prostredia a\u017e po priemyseln\u00e9 prostredie. T\u00e1to prisp\u00f4sobivos\u0165 znamen\u00e1, \u017ee HCYY11112017 mo\u017eno pou\u017ei\u0165 v r\u00f4znych projektoch bez toho, aby to obetovalo jeho v\u00fdkon.<\/li>\n<\/ul>\n<p>Stru\u010dne povedan\u00e9, kompaktn\u00fd dizajn \u0165a\u017en\u00e9ho a zdv\u00edhacieho valca HCYY11112017 nielen\u017ee zvy\u0161uje pou\u017eite\u013enos\u0165 v stiesnen\u00fdch priestoroch, ale prispieva aj k celkovej prev\u00e1dzkovej efekt\u00edvnosti. Kombin\u00e1ciou priestorovej efekt\u00edvnosti, vylep\u0161enej man\u00e9vrovate\u013enosti, v\u0161estrannej integr\u00e1cie, zv\u00fd\u0161enej stability a jednoduch\u00e9ho pr\u00edstupu sa tento valec ukazuje ako neocenite\u013en\u00fd pr\u00ednos pre profesion\u00e1lov pracuj\u00facich v stiesnen\u00fdch prostrediach.<\/p>\n<h2><strong>V\u00fdrobn\u00e1 oblas\u0165 valcov pre vysokozdvi\u017en\u00e9 voz\u00edky:<\/strong><\/h2>\n<h2><img loading=\"lazy\" decoding=\"async\" class=\"alignnone size-full wp-image-16972\" src=\"https:\/\/www.hydraulic-cylinders.net\/wp-content\/uploads\/2025\/01\/hydraulic-cylinder-factory-1-scaled.webp\" alt=\"\" width=\"2016\" height=\"2560\" srcset=\"https:\/\/www.hydraulic-cylinders.net\/wp-content\/uploads\/2025\/01\/hydraulic-cylinder-factory-1-scaled.webp 2016w, https:\/\/www.hydraulic-cylinders.net\/wp-content\/uploads\/2025\/01\/hydraulic-cylinder-factory-1-1280x1625.webp 1280w, https:\/\/www.hydraulic-cylinders.net\/wp-content\/uploads\/2025\/01\/hydraulic-cylinder-factory-1-980x1244.webp 980w, https:\/\/www.hydraulic-cylinders.net\/wp-content\/uploads\/2025\/01\/hydraulic-cylinder-factory-1-480x610.webp 480w\" sizes=\"(min-width: 0px) and (max-width: 480px) 480px, (min-width: 481px) and (max-width: 980px) 980px, (min-width: 981px) and (max-width: 1280px) 1280px, (min-width: 1281px) 2016px, 100vw\" \/><\/h2>\n<p>P\u00fd\u0161ime sa najmodernej\u0161ou nez\u00e1vislou platformou v\u00fdskumu a v\u00fdvoja zameranou na mont\u00e1\u017e, ktor\u00e1 zabezpe\u010duje \u0161pi\u010dkov\u00e9 inov\u00e1cie a kvalitu v na\u0161ich v\u00fdrobn\u00fdch procesoch. Na\u0161a diel\u0148a na v\u00fdrobu valcov pre vysokozdvi\u017en\u00e9 voz\u00edky disponuje \u0161tyrmi poloautomatick\u00fdmi mont\u00e1\u017enymi linkami na zdv\u00edhanie valcov a plne automatickou mont\u00e1\u017enou linkou nakl\u00e1pac\u00edch valcov, ktor\u00e9 s\u00fa spolu navrhnut\u00e9 tak, aby ro\u010dne vyrobili a\u017e jeden mili\u00f3n kusov.<\/p>\n<p>Na\u0161a \u0161pecializovan\u00e1 diel\u0148a na v\u00fdrobu valcov je navy\u0161e vybaven\u00e1 poloautomatick\u00fdmi \u010distiacimi a mont\u00e1\u017enymi syst\u00e9mami prisp\u00f4soben\u00fdmi r\u00f4znym \u0161pecifik\u00e1ci\u00e1m s ro\u010dnou v\u00fdrobnou kapacitou 200 000 kusov. Na vysoko presn\u00e9 spracovanie valcov vyu\u017e\u00edvame renomovan\u00e9 CNC zariadenia, obr\u00e1bacie centr\u00e1 a \u0161pecializovan\u00e9 n\u00e1stroje. Na\u0161e zariadenie zah\u0155\u0148a aj pokro\u010dil\u00e9 robotick\u00e9 zv\u00e1racie stroje, automatick\u00e9 \u010distiace syst\u00e9my a plne automatizovan\u00e9 linky na mont\u00e1\u017e a lakovanie valcov. S viac ako 300 k\u013e\u00fa\u010dov\u00fdmi zariadeniami v prev\u00e1dzke optimalizujeme alok\u00e1ciu zdrojov a zabezpe\u010dujeme efekt\u00edvne vyu\u017eitie, pri\u010dom sp\u013a\u0148ame pr\u00edsne \u0161tandardy presnosti a kvality.<\/p>\n<p>Na\u0161a obr\u00e1bacia diel\u0148a m\u00e1 z\u00e1kazkov\u00e9 s\u00fastru\u017en\u00edcke centr\u00e1 s nakl\u00e1pac\u00edmi vodiacimi ko\u013eajnicami, obr\u00e1bacie centr\u00e1, vysokor\u00fdchlostn\u00e9 honovacie stroje, zv\u00e1racie roboty a \u010fal\u0161ie potrebn\u00e9 vybavenie. Toto nastavenie n\u00e1m umo\u017e\u0148uje obr\u00e1ba\u0165 valcov\u00e9 r\u00fary s maxim\u00e1lnym vn\u00fatorn\u00fdm priemerom 400 mm a d\u013a\u017ekou a\u017e 6 metrov, \u010do \u010falej zvy\u0161uje na\u0161e v\u00fdrobn\u00e9 mo\u017enosti.<\/p>\n<h2><img loading=\"lazy\" decoding=\"async\" class=\"alignnone size-full wp-image-16973\" src=\"https:\/\/www.hydraulic-cylinders.net\/wp-content\/uploads\/2025\/01\/hydraulic-cylinder-factory-2-scaled.webp\" alt=\"\" width=\"2011\" height=\"2560\" srcset=\"https:\/\/www.hydraulic-cylinders.net\/wp-content\/uploads\/2025\/01\/hydraulic-cylinder-factory-2-scaled.webp 2011w, https:\/\/www.hydraulic-cylinders.net\/wp-content\/uploads\/2025\/01\/hydraulic-cylinder-factory-2-1280x1629.webp 1280w, https:\/\/www.hydraulic-cylinders.net\/wp-content\/uploads\/2025\/01\/hydraulic-cylinder-factory-2-980x1248.webp 980w, https:\/\/www.hydraulic-cylinders.net\/wp-content\/uploads\/2025\/01\/hydraulic-cylinder-factory-2-480x611.webp 480w\" sizes=\"(min-width: 0px) and (max-width: 480px) 480px, (min-width: 481px) and (max-width: 980px) 980px, (min-width: 981px) and (max-width: 1280px) 1280px, (min-width: 1281px) 2011px, 100vw\" \/><\/h2>\n<p>Prev\u00e1dzkujeme plne automatick\u00fa linku na nan\u00e1\u0161anie farieb na vodnej b\u00e1ze, ktor\u00e1 je \u0161peci\u00e1lne navrhnut\u00e1 pre mal\u00e9 a stredn\u00e9 valce a je vybaven\u00e1 automatizovan\u00fdmi robotmi na nakladanie, vykladanie a striekanie. Tento modern\u00fd syst\u00e9m sa m\u00f4\u017ee pochv\u00e1li\u0165 v\u00fdrobnou kapacitou 4 000 kusov za smenu. Okrem toho m\u00e1me poloautomatick\u00fa lakovaciu linku pre ve\u013ek\u00e9 valce, poh\u00e1\u0148an\u00fa re\u0165azov\u00fdm pohonom, s projektovanou kapacitou 60 prepraviek za smenu.<\/p>\n<p>Aby sme zv\u00fd\u0161ili v\u00fdkonnos\u0165 produktov a upevnili si na\u0161e ved\u00face postavenie v odvetv\u00ed hydraulick\u00fdch valcov, spojili sme sa so spolo\u010dnos\u0165ou ZJIMEE s cie\u013eom vybudova\u0165 komplexn\u00e9 v\u00fdkonnostn\u00e9 laborat\u00f3rium zameran\u00e9 na hydraulick\u00e9 valce, ventily a \u010derpadl\u00e1. Toto pokro\u010dil\u00e9 laborat\u00f3rium vyu\u017e\u00edva po\u010d\u00edta\u010dom podporovan\u00e9 testovanie s elektrohydraulickou technol\u00f3giou, \u010do umo\u017e\u0148uje prednastaven\u00e9 testovacie podmienky, ktor\u00e9 zlep\u0161uj\u00fa presnos\u0165 a v\u0161estrannos\u0165 syst\u00e9mu. Automatizovan\u00fd proces zberu \u00fadajov vyu\u017e\u00edva senzory na zhroma\u017e\u010fovanie v\u00fdstupn\u00fdch \u00fadajov, ako s\u00fa vn\u00fatorn\u00e9 netesnosti a \u00fa\u010dinnos\u0165 za\u0165a\u017eenia, ktor\u00e9 potom spracov\u00e1va po\u010d\u00edta\u010d a prev\u00e1dza na \u0161tandardn\u00e9 jednotky (ml\/min%).<\/p>\n<p>Okrem toho, aby sme zaistili bezpe\u010dnos\u0165 na\u0161ich hydraulick\u00fdch syst\u00e9mov, implementujeme monitorovanie stavu k\u013e\u00fa\u010dov\u00fdch v\u00fdkonnostn\u00fdch parametrov vr\u00e1tane teploty oleja, hladiny kvapaliny a stavu filtra\u010dn\u00e9ho zariadenia. N\u00e1\u0161 testovac\u00ed stojan pre hydraulick\u00e9 valce dok\u00e1\u017ee pos\u00fadi\u0165 \u201e\u00fa\u010dinnos\u0165 za\u0165a\u017eenia\u201c a \u201evn\u00fatorn\u00fa netesnos\u0165\u201c prostredn\u00edctvom presn\u00fdch \u00fadajov. Je tie\u017e vybaven\u00fd merac\u00edm pr\u00edstrojom s mrie\u017ekov\u00fdm prav\u00edtkom, ktor\u00fd sp\u013a\u0148a n\u00e1rodn\u00e9 normy a zabezpe\u010duje s\u00falad so v\u0161etk\u00fdmi testovac\u00edmi po\u017eiadavkami pre hydraulick\u00e9 valce.<\/p>\n<p>&nbsp;<\/p>","protected":false},"excerpt":{"rendered":"<p>HCYY11112017 Towing And Lifting Cylinder For Agricultural Machinery The HCYY11112017 Towing and Lifting Cylinder is a crucial component for agricultural and industrial applications, designed for exceptional performance in towing heavy loads and lifting equipment. Its versatility makes it an indispensable tool for professionals in the field. This cylinder excels as a reliable and efficient solution [&hellip;]<\/p>","protected":false},"featured_media":17090,"comment_status":"open","ping_status":"closed","template":"","meta":{"_et_pb_use_builder":"","_et_pb_old_content":"","_et_gb_content_width":""},"product_brand":[],"product_cat":[1550,1529],"product_tag":[],"class_list":{"0":"post-17084","1":"product","2":"type-product","3":"status-publish","4":"has-post-thumbnail","6":"product_cat-double-acting-hydraulic-cylinder","7":"product_cat-tractor-hydraulic-cylinders","9":"first","10":"instock","11":"shipping-taxable","12":"product-type-simple"},"amp_enabled":true,"_links":{"self":[{"href":"https:\/\/www.hydraulic-cylinders.net\/sk\/wp-json\/wp\/v2\/product\/17084","targetHints":{"allow":["GET"]}}],"collection":[{"href":"https:\/\/www.hydraulic-cylinders.net\/sk\/wp-json\/wp\/v2\/product"}],"about":[{"href":"https:\/\/www.hydraulic-cylinders.net\/sk\/wp-json\/wp\/v2\/types\/product"}],"replies":[{"embeddable":true,"href":"https:\/\/www.hydraulic-cylinders.net\/sk\/wp-json\/wp\/v2\/comments?post=17084"}],"wp:featuredmedia":[{"embeddable":true,"href":"https:\/\/www.hydraulic-cylinders.net\/sk\/wp-json\/wp\/v2\/media\/17090"}],"wp:attachment":[{"href":"https:\/\/www.hydraulic-cylinders.net\/sk\/wp-json\/wp\/v2\/media?parent=17084"}],"wp:term":[{"taxonomy":"product_brand","embeddable":true,"href":"https:\/\/www.hydraulic-cylinders.net\/sk\/wp-json\/wp\/v2\/product_brand?post=17084"},{"taxonomy":"product_cat","embeddable":true,"href":"https:\/\/www.hydraulic-cylinders.net\/sk\/wp-json\/wp\/v2\/product_cat?post=17084"},{"taxonomy":"product_tag","embeddable":true,"href":"https:\/\/www.hydraulic-cylinders.net\/sk\/wp-json\/wp\/v2\/product_tag?post=17084"}],"curies":[{"name":"pracovn\u00fd list","href":"https:\/\/api.w.org\/{rel}","templated":true}]}}