{"id":17125,"date":"2025-02-06T09:03:34","date_gmt":"2025-02-06T09:03:34","guid":{"rendered":"https:\/\/www.hydraulic-cylinders.net\/?post_type=product&#038;p=17125"},"modified":"2025-04-11T01:52:08","modified_gmt":"2025-04-11T01:52:08","slug":"hcyy11112025-front-cylinder-for-frame-support-for-truck-cranes","status":"publish","type":"product","link":"https:\/\/www.hydraulic-cylinders.net\/sk\/produkt\/hcyy11112025-front-cylinder-for-frame-support-for-truck-cranes\/","title":{"rendered":"HCYY11112025 Predn\u00fd valec pre podperu r\u00e1mu pre auto\u017eeriavy"},"content":{"rendered":"<h1 style=\"text-align: center;\"><strong>HCYY11112025 Predn\u00fd valec pre podperu r\u00e1mu pre auto\u017eeriavy<\/strong><\/h1>\n<h1 style=\"text-align: center;\"><img loading=\"lazy\" decoding=\"async\" class=\"alignnone size-full wp-image-17127\" src=\"https:\/\/www.hydraulic-cylinders.net\/wp-content\/uploads\/2025\/02\/hcyy11112025-front-cylinder-for-frame-support-2.webp\" alt=\"\" width=\"1499\" height=\"515\" srcset=\"https:\/\/www.hydraulic-cylinders.net\/wp-content\/uploads\/2025\/02\/hcyy11112025-front-cylinder-for-frame-support-2.webp 1499w, https:\/\/www.hydraulic-cylinders.net\/wp-content\/uploads\/2025\/02\/hcyy11112025-front-cylinder-for-frame-support-2-1280x440.webp 1280w, https:\/\/www.hydraulic-cylinders.net\/wp-content\/uploads\/2025\/02\/hcyy11112025-front-cylinder-for-frame-support-2-980x337.webp 980w, https:\/\/www.hydraulic-cylinders.net\/wp-content\/uploads\/2025\/02\/hcyy11112025-front-cylinder-for-frame-support-2-480x165.webp 480w\" sizes=\"(min-width: 0px) and (max-width: 480px) 480px, (min-width: 481px) and (max-width: 980px) 980px, (min-width: 981px) and (max-width: 1280px) 1280px, (min-width: 1281px) 1499px, 100vw\" \/><\/h1>\n<p>Ten\/T\u00e1\/To <strong>HCYY11112025 Predn\u00fd valec<\/strong> je z\u00e1kladn\u00fdm komponentom, ktor\u00fd v\u00fdrazne zvy\u0161uje \u0161truktur\u00e1lnu integritu a prev\u00e1dzkov\u00fa \u00fa\u010dinnos\u0165 auto\u017eeriavov. Tento vysokov\u00fdkonn\u00fd valec poskytuje robustn\u00fa oporu pre r\u00e1m \u017eeriavu a zais\u0165uje stabilitu po\u010das zdv\u00edhac\u00edch oper\u00e1ci\u00ed. HCYY11112025, navrhnut\u00fd tak, aby sp\u013a\u0148al pr\u00edsne po\u017eiadavky r\u00f4znych priemyseln\u00fdch aplik\u00e1ci\u00ed, je pre oper\u00e1torov d\u00f4le\u017eit\u00fdm pr\u00ednosom.<\/p>\n<p>Model HCYY11112025 sa vyzna\u010duje p\u00f4sobivou nosnos\u0165ou, odolnou kon\u0161trukciou a presn\u00fdm spracovan\u00edm. Jeho vlastnosti odoln\u00e9 vo\u010di kor\u00f3zii zaru\u010duj\u00fa dlh\u00fa \u017eivotnos\u0165 a v\u010faka jednoduch\u00e9mu procesu in\u0161tal\u00e1cie je nevyhnutn\u00fd pre ak\u00fako\u013evek pr\u00e1cu s auto\u017eeriavom.<\/p>\n<p>Pravidelnou \u00fadr\u017ebou a kontrolami m\u00f4\u017eu oper\u00e1tori optimalizova\u0165 v\u00fdkon a pred\u013a\u017ei\u0165 \u017eivotnos\u0165 tohto kritick\u00e9ho komponentu, \u010d\u00edm zabezpe\u010dia bezpe\u010dn\u00e9 a efekt\u00edvne zdv\u00edhacie oper\u00e1cie. Invest\u00edcia do HCYY11112025 nielen\u017ee zvy\u0161uje schopnosti v\u00e1\u0161ho \u017eeriavu, ale aj zvy\u0161uje jeho spo\u013eahlivos\u0165 v ter\u00e9ne, v\u010faka \u010domu je inteligentnou vo\u013ebou pre ak\u00fako\u013evek oper\u00e1ciu.<\/p>\n<h2><strong>HCYY11112025 Predn\u00fd valec pre podperu r\u00e1mu pre auto\u017eeriavy Parameter:<\/strong><\/h2>\n<h1 style=\"text-align: center;\"><img loading=\"lazy\" decoding=\"async\" class=\"alignnone size-full wp-image-17126\" src=\"https:\/\/www.hydraulic-cylinders.net\/wp-content\/uploads\/2025\/02\/hcyy11112025-front-cylinder-for-frame-support-1.webp\" alt=\"\" width=\"1512\" height=\"145\" srcset=\"https:\/\/www.hydraulic-cylinders.net\/wp-content\/uploads\/2025\/02\/hcyy11112025-front-cylinder-for-frame-support-1.webp 1512w, https:\/\/www.hydraulic-cylinders.net\/wp-content\/uploads\/2025\/02\/hcyy11112025-front-cylinder-for-frame-support-1-1280x123.webp 1280w, https:\/\/www.hydraulic-cylinders.net\/wp-content\/uploads\/2025\/02\/hcyy11112025-front-cylinder-for-frame-support-1-980x94.webp 980w, https:\/\/www.hydraulic-cylinders.net\/wp-content\/uploads\/2025\/02\/hcyy11112025-front-cylinder-for-frame-support-1-480x46.webp 480w\" sizes=\"(min-width: 0px) and (max-width: 480px) 480px, (min-width: 481px) and (max-width: 980px) 980px, (min-width: 981px) and (max-width: 1280px) 1280px, (min-width: 1281px) 1512px, 100vw\" \/><img loading=\"lazy\" decoding=\"async\" class=\"alignnone size-full wp-image-17128\" src=\"https:\/\/www.hydraulic-cylinders.net\/wp-content\/uploads\/2025\/02\/hcyy11112025-front-cylinder-for-frame-support-3.webp\" alt=\"\" width=\"1471\" height=\"704\" srcset=\"https:\/\/www.hydraulic-cylinders.net\/wp-content\/uploads\/2025\/02\/hcyy11112025-front-cylinder-for-frame-support-3.webp 1471w, https:\/\/www.hydraulic-cylinders.net\/wp-content\/uploads\/2025\/02\/hcyy11112025-front-cylinder-for-frame-support-3-1280x613.webp 1280w, https:\/\/www.hydraulic-cylinders.net\/wp-content\/uploads\/2025\/02\/hcyy11112025-front-cylinder-for-frame-support-3-980x469.webp 980w, https:\/\/www.hydraulic-cylinders.net\/wp-content\/uploads\/2025\/02\/hcyy11112025-front-cylinder-for-frame-support-3-480x230.webp 480w\" sizes=\"(min-width: 0px) and (max-width: 480px) 480px, (min-width: 481px) and (max-width: 980px) 980px, (min-width: 981px) and (max-width: 1280px) 1280px, (min-width: 1281px) 1471px, 100vw\" \/> <img loading=\"lazy\" decoding=\"async\" class=\"alignnone size-full wp-image-17129\" src=\"https:\/\/www.hydraulic-cylinders.net\/wp-content\/uploads\/2025\/02\/hcyy11112025-front-cylinder-for-frame-support-4.webp\" alt=\"\" width=\"1476\" height=\"701\" srcset=\"https:\/\/www.hydraulic-cylinders.net\/wp-content\/uploads\/2025\/02\/hcyy11112025-front-cylinder-for-frame-support-4.webp 1476w, https:\/\/www.hydraulic-cylinders.net\/wp-content\/uploads\/2025\/02\/hcyy11112025-front-cylinder-for-frame-support-4-1280x608.webp 1280w, https:\/\/www.hydraulic-cylinders.net\/wp-content\/uploads\/2025\/02\/hcyy11112025-front-cylinder-for-frame-support-4-980x465.webp 980w, https:\/\/www.hydraulic-cylinders.net\/wp-content\/uploads\/2025\/02\/hcyy11112025-front-cylinder-for-frame-support-4-480x228.webp 480w\" sizes=\"(min-width: 0px) and (max-width: 480px) 480px, (min-width: 481px) and (max-width: 980px) 980px, (min-width: 981px) and (max-width: 1280px) 1280px, (min-width: 1281px) 1476px, 100vw\" \/> <img loading=\"lazy\" decoding=\"async\" class=\"alignnone size-full wp-image-17130\" src=\"https:\/\/www.hydraulic-cylinders.net\/wp-content\/uploads\/2025\/02\/hcyy11112025-front-cylinder-for-frame-support-5.webp\" alt=\"\" width=\"1410\" height=\"676\" srcset=\"https:\/\/www.hydraulic-cylinders.net\/wp-content\/uploads\/2025\/02\/hcyy11112025-front-cylinder-for-frame-support-5.webp 1410w, https:\/\/www.hydraulic-cylinders.net\/wp-content\/uploads\/2025\/02\/hcyy11112025-front-cylinder-for-frame-support-5-1280x614.webp 1280w, https:\/\/www.hydraulic-cylinders.net\/wp-content\/uploads\/2025\/02\/hcyy11112025-front-cylinder-for-frame-support-5-980x470.webp 980w, https:\/\/www.hydraulic-cylinders.net\/wp-content\/uploads\/2025\/02\/hcyy11112025-front-cylinder-for-frame-support-5-480x230.webp 480w\" sizes=\"(min-width: 0px) and (max-width: 480px) 480px, (min-width: 481px) and (max-width: 980px) 980px, (min-width: 981px) and (max-width: 1280px) 1280px, (min-width: 1281px) 1410px, 100vw\" \/><\/h1>\n<h2><strong>S\u00e9ria valcov pre auto\u017eeriavy:<\/strong><\/h2>\n<h2><img loading=\"lazy\" decoding=\"async\" class=\"alignnone size-full wp-image-17123\" src=\"https:\/\/www.hydraulic-cylinders.net\/wp-content\/uploads\/2025\/02\/cylinder-series-for-truck-cranes-2.webp\" alt=\"\" width=\"1240\" height=\"825\" srcset=\"https:\/\/www.hydraulic-cylinders.net\/wp-content\/uploads\/2025\/02\/cylinder-series-for-truck-cranes-2.webp 1240w, https:\/\/www.hydraulic-cylinders.net\/wp-content\/uploads\/2025\/02\/cylinder-series-for-truck-cranes-2-980x652.webp 980w, https:\/\/www.hydraulic-cylinders.net\/wp-content\/uploads\/2025\/02\/cylinder-series-for-truck-cranes-2-480x319.webp 480w\" sizes=\"(min-width: 0px) and (max-width: 480px) 480px, (min-width: 481px) and (max-width: 980px) 980px, (min-width: 981px) 1240px, 100vw\" \/><\/h2>\n<h2><strong>K\u013e\u00fa\u010dov\u00e9 vlastnosti predn\u00e9ho valca HCYY11112025 pre podopretie r\u00e1mu pre auto\u017eeriavy:<\/strong><\/h2>\n<h4><strong>Vysok\u00e1 nosnos\u0165<\/strong><\/h4>\n<p>Ten\/T\u00e1\/To <strong>HCYY11112025<\/strong> je starostlivo navrhnut\u00fd tak, aby odolal zna\u010dn\u00fdm hmotnostiam, v\u010faka \u010domu je ide\u00e1lnou vo\u013ebou pre n\u00e1ro\u010dn\u00e9 zdv\u00edhanie \u0165a\u017ek\u00fdch materi\u00e1lov. T\u00e1to vysok\u00e1 nosnos\u0165 zabezpe\u010duje, \u017ee oper\u00e1tori m\u00f4\u017eu s istotou manipulova\u0165 s ve\u013ek\u00fdmi materi\u00e1lmi, od stavebn\u00fdch zariaden\u00ed a\u017e po priemyseln\u00e9 komponenty, bez kompromisov v oblasti bezpe\u010dnosti alebo v\u00fdkonu. Jeho robustn\u00e1 kon\u0161trukcia minimalizuje riziko poruchy, \u010do umo\u017e\u0148uje efekt\u00edvnej\u0161iu prev\u00e1dzku vo vysokotlakov\u00fdch prostrediach.<\/p>\n<h4><strong>Odoln\u00e1 kon\u0161trukcia<\/strong><\/h4>\n<p>Model HCYY11112025, vyroben\u00fd z prvotriednych materi\u00e1lov, sa p\u00fd\u0161i kon\u0161trukciou, ktor\u00e1 odol\u00e1va opotrebovaniu a zais\u0165uje v\u00fdnimo\u010dn\u00fa \u017eivotnos\u0165 aj v t\u00fdch najn\u00e1ro\u010dnej\u0161\u00edch podmienkach. T\u00e1to odolnos\u0165 znamen\u00e1 menej \u010dast\u00e9 v\u00fdmeny a opravy, \u010do sa premieta do ni\u017e\u0161\u00edch prev\u00e1dzkov\u00fdch n\u00e1kladov pre firmy. Tento valec odol\u00e1va extr\u00e9mnym teplot\u00e1m, vysok\u00e9mu za\u0165a\u017eeniu a drsn\u00fdm environment\u00e1lnym faktorom a je skon\u0161truovan\u00fd tak, aby spo\u013eahlivo fungoval de\u0148 \u010do de\u0148.<\/p>\n<h4><strong>Odolnos\u0165 proti kor\u00f3zii<\/strong><\/h4>\n<p>V\u010faka \u0161peci\u00e1lnemu ochrann\u00e9mu povlaku \u00fa\u010dinne zabra\u0148uje hrdzaveniu a kor\u00f3zii \u017eeriavov HCYY11112025 hrdzi a in\u00fdm zlo\u017ek\u00e1m, \u010do je nevyhnutn\u00e9 pre udr\u017eanie konzistentn\u00e9ho v\u00fdkonu v priebehu \u010dasu. T\u00e1to funkcia je obzvl\u00e1\u0161\u0165 v\u00fdhodn\u00e1 pre \u017eeriavy prev\u00e1dzkovan\u00e9 vo vlhkom alebo koroz\u00edvnom prostred\u00ed, ako s\u00fa pobre\u017en\u00e9 oblasti alebo priemyseln\u00e9 are\u00e1ly. Ochranou valca pred \u0161kodliv\u00fdmi \u00fa\u010dinkami poveternostn\u00fdch podmienok si oper\u00e1tori m\u00f4\u017eu u\u017e\u00edva\u0165 pokoj v du\u0161i s vedom\u00edm, \u017ee ich zariadenie si zachov\u00e1 svoju integritu a funk\u010dnos\u0165, \u010d\u00edm sa zv\u00fd\u0161i celkov\u00e1 prev\u00e1dzkov\u00e1 efektivita.<\/p>\n<h4><strong>Jednoduch\u00e1 in\u0161tal\u00e1cia<\/strong><\/h4>\n<p>HCYY11112025 je navrhnut\u00fd pre jednoduch\u00fa integr\u00e1ciu do existuj\u00facich \u017eeriavov\u00fdch syst\u00e9mov, \u010do v\u00fdrazne minimalizuje prestoje po\u010das in\u0161tal\u00e1cie. Oper\u00e1tori m\u00f4\u017eu r\u00fdchlo vymeni\u0165 star\u00e9 valce za HCYY11112025, \u010do im umo\u017e\u0148uje vr\u00e1ti\u0165 sa do pr\u00e1ce bez dlh\u00fdch preru\u0161en\u00ed. Tento u\u017e\u00edvate\u013esky pr\u00edvetiv\u00fd proces in\u0161tal\u00e1cie nielen \u0161etr\u00ed \u010das, ale aj zni\u017euje n\u00e1klady na pracovn\u00fa silu, v\u010faka \u010domu je atrakt\u00edvnou mo\u017enos\u0165ou pre podniky, ktor\u00e9 sa sna\u017eia zefekt\u00edvni\u0165 svoju prev\u00e1dzku.<\/p>\n<h4><strong>Presn\u00e9 in\u017einierstvo<\/strong><\/h4>\n<p>Model HCYY11112025, vyroben\u00fd pod\u013ea presn\u00fdch \u0161pecifik\u00e1ci\u00ed, zais\u0165uje optim\u00e1lny v\u00fdkon a kompatibilitu so \u0161irokou \u0161k\u00e1lou modelov auto\u017eeriavov. Toto prec\u00edzne in\u017einierstvo sa premieta do plynulej\u0161ieho chodu a v\u00e4\u010d\u0161ej spo\u013eahlivosti, preto\u017ee valec bezprobl\u00e9movo zapad\u00e1 do hydraulick\u00e9ho syst\u00e9mu \u017eeriavu. Obsluha sa m\u00f4\u017ee spo\u013eahn\u00fa\u0165, \u017ee ka\u017ed\u00fd zdvih bude vykonan\u00fd s presnos\u0165ou, \u010d\u00edm sa zv\u00fd\u0161i bezpe\u010dnos\u0165 aj efektivita na pracovisku. Invest\u00edciou do starostlivo navrhnut\u00e9ho komponentu, ako je HCYY11112025, m\u00f4\u017eu firmy zv\u00fd\u0161i\u0165 svoje prev\u00e1dzkov\u00e9 \u0161tandardy a dosiahnu\u0165 vynikaj\u00face v\u00fdsledky.<\/p>\n<h2><strong>Ak\u00fa \u00falohu hr\u00e1 predn\u00fd valec pre podopretie r\u00e1mu pri zvy\u0161ovan\u00ed stability auto\u017eeriavov po\u010das zdv\u00edhac\u00edch oper\u00e1ci\u00ed?<\/strong><\/h2>\n<p>Ten\/T\u00e1\/To <strong>Predn\u00fd valec pre podopretie r\u00e1mu<\/strong> je k\u013e\u00fa\u010dov\u00fd komponent, ktor\u00fd v\u00fdrazne zvy\u0161uje stabilitu auto\u017eeriavov po\u010das zdv\u00edhac\u00edch oper\u00e1ci\u00ed. Jeho vplyv mo\u017eno presk\u00fama\u0165 prostredn\u00edctvom nieko\u013ek\u00fdch kritick\u00fdch funkci\u00ed:<\/p>\n<h4><strong>1. Rozlo\u017eenie hmotnosti<\/strong><\/h4>\n<ul>\n<li>Predn\u00fd valec zohr\u00e1va k\u013e\u00fa\u010dov\u00fa \u00falohu pri rovnomernom rozlo\u017een\u00ed za\u0165a\u017eenia na r\u00e1m \u017eeriavu. Toto vyv\u00e1\u017een\u00e9 rozlo\u017eenie je nevyhnutn\u00e9, najm\u00e4 pri manipul\u00e1cii s \u0165a\u017ek\u00fdmi alebo nerovnomern\u00fdmi bremenami, preto\u017ee zabra\u0148uje nadmern\u00e9mu nam\u00e1haniu ktor\u00e9hoko\u013evek bodu. Udr\u017eiavan\u00edm rovnov\u00e1hy valec pom\u00e1ha \u017eeriavu efekt\u00edvne fungova\u0165 a zni\u017euje riziko kon\u0161truk\u010dn\u00e9ho zlyhania.<\/li>\n<\/ul>\n<h4><strong>2. \u0160truktur\u00e1lna v\u00fdstu\u017e<\/strong><\/h4>\n<ul>\n<li>Predn\u00fd valec, ktor\u00fd p\u00f4sob\u00ed ako k\u013e\u00fa\u010dov\u00fd kon\u0161truk\u010dn\u00fd prvok, posil\u0148uje celkov\u00fa integritu r\u00e1mu \u017eeriavu. Toto vystu\u017eenie je nevyhnutn\u00e9 na zabr\u00e1nenie oh\u00fdbaniu alebo preh\u00fdbaniu pod za\u0165a\u017een\u00edm, \u010do m\u00f4\u017ee vies\u0165 k nestabilite. V\u010faka robustn\u00e9mu r\u00e1mu dok\u00e1\u017ee \u017eeriav s istotou zvl\u00e1dnu\u0165 r\u00f4zne zdv\u00edhacie \u00falohy, \u010do zaru\u010duje spo\u013eahlivos\u0165 a dlh\u00fa \u017eivotnos\u0165.<\/li>\n<\/ul>\n<h4><strong>3. Tlmenie n\u00e1razov<\/strong><\/h4>\n<ul>\n<li>Jednou z v\u00fdznamn\u00fdch funkci\u00ed valca je jeho schopnos\u0165 absorbova\u0165 n\u00e1razy a vibr\u00e1cie vznikaj\u00face po\u010das zdv\u00edhania a sp\u00fa\u0161\u0165ania. Tlmen\u00edm t\u00fdchto s\u00edl valec minimalizuje ich vplyv na kon\u0161trukciu \u017eeriavu. Toto tlmenie n\u00e1razov nielen zvy\u0161uje stabilitu, ale prispieva aj k plynulej\u0161iemu chodu a zni\u017euje opotrebovanie zariadenia.<\/li>\n<\/ul>\n<h4><strong>4. Vylep\u0161en\u00e1 kontrola<\/strong><\/h4>\n<ul>\n<li>Spo\u013eahliv\u00e1 podpora, ktor\u00fa poskytuje predn\u00fd valec, zlep\u0161uje ovl\u00e1danie \u017eeriavu po\u010das zdv\u00edhac\u00edch man\u00e9vrov. Obsluha profituje zo zv\u00fd\u0161enej presnosti, ktor\u00e1 im umo\u017e\u0148uje vykon\u00e1va\u0165 jemn\u00e9 pohyby bez rizika prevr\u00e1tenia alebo straty rovnov\u00e1hy. Toto vylep\u0161en\u00e9 ovl\u00e1danie je obzvl\u00e1\u0161\u0165 v\u00fdhodn\u00e9 v zlo\u017eit\u00fdch zdv\u00edhac\u00edch situ\u00e1ci\u00e1ch, kde je presnos\u0165 prvorad\u00e1.<\/li>\n<\/ul>\n<h4><strong>5. Zv\u00fd\u0161en\u00e1 bezpe\u010dnos\u0165<\/strong><\/h4>\n<ul>\n<li>Stabilita priamo s\u00favis\u00ed s bezpe\u010dnos\u0165ou na pracovisku. Dobre podopret\u00fd \u017eeriav v\u00fdrazne zni\u017euje riziko neh\u00f4d a zranen\u00ed, \u010d\u00edm chr\u00e1ni obsluhu aj okoloid\u00facich. K\u013e\u00fa\u010dov\u00e1 \u00faloha predn\u00e9ho valca pri udr\u017eiavan\u00ed stability zabezpe\u010duje, \u017ee zdv\u00edhacie oper\u00e1cie sa daj\u00fa vykon\u00e1va\u0165 s istotou, \u010do podporuje bezpe\u010dnej\u0161ie pracovn\u00e9 prostredie.<\/li>\n<\/ul>\n<h4><strong>6. Prev\u00e1dzkov\u00e1 efekt\u00edvnos\u0165<\/strong><\/h4>\n<ul>\n<li>Zabezpe\u010den\u00edm stability a ovl\u00e1date\u013enosti prispieva predn\u00fd valec k vy\u0161\u0161ej prev\u00e1dzkovej efekt\u00edvnosti. \u017deriavy dok\u00e1\u017eu vykon\u00e1va\u0165 zdv\u00edhacie \u00falohy r\u00fdchlej\u0161ie a presnej\u0161ie, \u010do vedie k zv\u00fd\u0161enej produktivite. T\u00e1to efekt\u00edvnos\u0165 nielen \u0161etr\u00ed \u010das, ale aj zni\u017euje prev\u00e1dzkov\u00e9 n\u00e1klady, v\u010faka \u010domu je cennou invest\u00edciou pre ak\u00fako\u013evek \u017eeriavov\u00fa prev\u00e1dzku.<\/li>\n<\/ul>\n<p>Stru\u010dne povedan\u00e9, <strong>Predn\u00fd valec pre podopretie r\u00e1mu<\/strong> je nevyhnutn\u00fd pre zv\u00fd\u0161enie stability a bezpe\u010dnosti auto\u017eeriavov po\u010das zdv\u00edhac\u00edch oper\u00e1ci\u00ed. Jeho funkcie \u2013 rozlo\u017eenie hmotnosti, \u0161truktur\u00e1lna v\u00fdstu\u017e, tlmenie n\u00e1razov, zlep\u0161en\u00e1 kontrola a celkov\u00e1 prev\u00e1dzkov\u00e1 \u00fa\u010dinnos\u0165 \u2013 sa sp\u00e1jaj\u00fa a vytv\u00e1raj\u00fa spo\u013eahliv\u00e9 zdv\u00edhacie rie\u0161enie. Invest\u00edcia do kvalitn\u00e9ho predn\u00e9ho valca nielen optimalizuje v\u00fdkon, ale zais\u0165uje aj bezpe\u010dnej\u0161ie a produkt\u00edvnej\u0161ie pracovisko.<\/p>\n<h2><strong>V\u00fdrobn\u00e1 oblas\u0165 valcov pre vysokozdvi\u017en\u00e9 voz\u00edky:<\/strong><\/h2>\n<h2><img loading=\"lazy\" decoding=\"async\" class=\"alignnone size-full wp-image-16972\" src=\"https:\/\/www.hydraulic-cylinders.net\/wp-content\/uploads\/2025\/01\/hydraulic-cylinder-factory-1-scaled.webp\" alt=\"\" width=\"2016\" height=\"2560\" srcset=\"https:\/\/www.hydraulic-cylinders.net\/wp-content\/uploads\/2025\/01\/hydraulic-cylinder-factory-1-scaled.webp 2016w, https:\/\/www.hydraulic-cylinders.net\/wp-content\/uploads\/2025\/01\/hydraulic-cylinder-factory-1-1280x1625.webp 1280w, https:\/\/www.hydraulic-cylinders.net\/wp-content\/uploads\/2025\/01\/hydraulic-cylinder-factory-1-980x1244.webp 980w, https:\/\/www.hydraulic-cylinders.net\/wp-content\/uploads\/2025\/01\/hydraulic-cylinder-factory-1-480x610.webp 480w\" sizes=\"(min-width: 0px) and (max-width: 480px) 480px, (min-width: 481px) and (max-width: 980px) 980px, (min-width: 981px) and (max-width: 1280px) 1280px, (min-width: 1281px) 2016px, 100vw\" \/><\/h2>\n<p>P\u00fd\u0161ime sa najmodernej\u0161ou nez\u00e1vislou platformou v\u00fdskumu a v\u00fdvoja zameranou na mont\u00e1\u017e, ktor\u00e1 zabezpe\u010duje \u0161pi\u010dkov\u00e9 inov\u00e1cie a kvalitu v na\u0161ich v\u00fdrobn\u00fdch procesoch. Na\u0161a diel\u0148a na v\u00fdrobu valcov pre vysokozdvi\u017en\u00e9 voz\u00edky disponuje \u0161tyrmi poloautomatick\u00fdmi mont\u00e1\u017enymi linkami na zdv\u00edhanie valcov a plne automatickou mont\u00e1\u017enou linkou nakl\u00e1pac\u00edch valcov, ktor\u00e9 s\u00fa spolu navrhnut\u00e9 tak, aby ro\u010dne vyrobili a\u017e jeden mili\u00f3n kusov.<\/p>\n<p>Na\u0161a \u0161pecializovan\u00e1 diel\u0148a na v\u00fdrobu valcov je navy\u0161e vybaven\u00e1 poloautomatick\u00fdmi \u010distiacimi a mont\u00e1\u017enymi syst\u00e9mami prisp\u00f4soben\u00fdmi r\u00f4znym \u0161pecifik\u00e1ci\u00e1m s ro\u010dnou v\u00fdrobnou kapacitou 200 000 kusov. Na vysoko presn\u00e9 spracovanie valcov vyu\u017e\u00edvame renomovan\u00e9 CNC zariadenia, obr\u00e1bacie centr\u00e1 a \u0161pecializovan\u00e9 n\u00e1stroje. Na\u0161e zariadenie zah\u0155\u0148a aj pokro\u010dil\u00e9 robotick\u00e9 zv\u00e1racie stroje, automatick\u00e9 \u010distiace syst\u00e9my a plne automatizovan\u00e9 linky na mont\u00e1\u017e a lakovanie valcov. S viac ako 300 k\u013e\u00fa\u010dov\u00fdmi zariadeniami v prev\u00e1dzke optimalizujeme alok\u00e1ciu zdrojov a zabezpe\u010dujeme efekt\u00edvne vyu\u017eitie, pri\u010dom sp\u013a\u0148ame pr\u00edsne \u0161tandardy presnosti a kvality.<\/p>\n<p>Na\u0161a obr\u00e1bacia diel\u0148a m\u00e1 z\u00e1kazkov\u00e9 s\u00fastru\u017en\u00edcke centr\u00e1 s nakl\u00e1pac\u00edmi vodiacimi ko\u013eajnicami, obr\u00e1bacie centr\u00e1, vysokor\u00fdchlostn\u00e9 honovacie stroje, zv\u00e1racie roboty a \u010fal\u0161ie potrebn\u00e9 vybavenie. Toto nastavenie n\u00e1m umo\u017e\u0148uje obr\u00e1ba\u0165 valcov\u00e9 r\u00fary s maxim\u00e1lnym vn\u00fatorn\u00fdm priemerom 400 mm a d\u013a\u017ekou a\u017e 6 metrov, \u010do \u010falej zvy\u0161uje na\u0161e v\u00fdrobn\u00e9 mo\u017enosti.<\/p>\n<h2><img loading=\"lazy\" decoding=\"async\" class=\"alignnone size-full wp-image-16973\" src=\"https:\/\/www.hydraulic-cylinders.net\/wp-content\/uploads\/2025\/01\/hydraulic-cylinder-factory-2-scaled.webp\" alt=\"\" width=\"2011\" height=\"2560\" srcset=\"https:\/\/www.hydraulic-cylinders.net\/wp-content\/uploads\/2025\/01\/hydraulic-cylinder-factory-2-scaled.webp 2011w, https:\/\/www.hydraulic-cylinders.net\/wp-content\/uploads\/2025\/01\/hydraulic-cylinder-factory-2-1280x1629.webp 1280w, https:\/\/www.hydraulic-cylinders.net\/wp-content\/uploads\/2025\/01\/hydraulic-cylinder-factory-2-980x1248.webp 980w, https:\/\/www.hydraulic-cylinders.net\/wp-content\/uploads\/2025\/01\/hydraulic-cylinder-factory-2-480x611.webp 480w\" sizes=\"(min-width: 0px) and (max-width: 480px) 480px, (min-width: 481px) and (max-width: 980px) 980px, (min-width: 981px) and (max-width: 1280px) 1280px, (min-width: 1281px) 2011px, 100vw\" \/><\/h2>\n<p>Prev\u00e1dzkujeme plne automatick\u00fa linku na nan\u00e1\u0161anie farieb na vodnej b\u00e1ze, ktor\u00e1 je \u0161peci\u00e1lne navrhnut\u00e1 pre mal\u00e9 a stredn\u00e9 valce a je vybaven\u00e1 automatizovan\u00fdmi robotmi na nakladanie, vykladanie a striekanie. Tento modern\u00fd syst\u00e9m sa m\u00f4\u017ee pochv\u00e1li\u0165 v\u00fdrobnou kapacitou 4 000 kusov za smenu. Okrem toho m\u00e1me poloautomatick\u00fa lakovaciu linku pre ve\u013ek\u00e9 valce, poh\u00e1\u0148an\u00fa re\u0165azov\u00fdm pohonom, s projektovanou kapacitou 60 prepraviek za smenu.<\/p>\n<p>Aby sme zv\u00fd\u0161ili v\u00fdkonnos\u0165 produktov a upevnili si na\u0161e ved\u00face postavenie v odvetv\u00ed hydraulick\u00fdch valcov, spojili sme sa so spolo\u010dnos\u0165ou ZJIMEE s cie\u013eom vybudova\u0165 komplexn\u00e9 v\u00fdkonnostn\u00e9 laborat\u00f3rium zameran\u00e9 na hydraulick\u00e9 valce, ventily a \u010derpadl\u00e1. Toto pokro\u010dil\u00e9 laborat\u00f3rium vyu\u017e\u00edva po\u010d\u00edta\u010dom podporovan\u00e9 testovanie s elektrohydraulickou technol\u00f3giou, \u010do umo\u017e\u0148uje prednastaven\u00e9 testovacie podmienky, ktor\u00e9 zlep\u0161uj\u00fa presnos\u0165 a v\u0161estrannos\u0165 syst\u00e9mu. Automatizovan\u00fd proces zberu \u00fadajov vyu\u017e\u00edva senzory na zhroma\u017e\u010fovanie v\u00fdstupn\u00fdch \u00fadajov, ako s\u00fa vn\u00fatorn\u00e9 netesnosti a \u00fa\u010dinnos\u0165 za\u0165a\u017eenia, ktor\u00e9 potom spracov\u00e1va po\u010d\u00edta\u010d a prev\u00e1dza na \u0161tandardn\u00e9 jednotky (ml\/min%).<\/p>\n<p>Okrem toho, aby sme zaistili bezpe\u010dnos\u0165 na\u0161ich hydraulick\u00fdch syst\u00e9mov, implementujeme monitorovanie stavu k\u013e\u00fa\u010dov\u00fdch v\u00fdkonnostn\u00fdch parametrov vr\u00e1tane teploty oleja, hladiny kvapaliny a stavu filtra\u010dn\u00e9ho zariadenia. N\u00e1\u0161 testovac\u00ed stojan pre hydraulick\u00e9 valce dok\u00e1\u017ee pos\u00fadi\u0165 \u201e\u00fa\u010dinnos\u0165 za\u0165a\u017eenia\u201c a \u201evn\u00fatorn\u00fa netesnos\u0165\u201c prostredn\u00edctvom presn\u00fdch \u00fadajov. Je tie\u017e vybaven\u00fd merac\u00edm pr\u00edstrojom s mrie\u017ekov\u00fdm prav\u00edtkom, ktor\u00fd sp\u013a\u0148a n\u00e1rodn\u00e9 normy a zabezpe\u010duje s\u00falad so v\u0161etk\u00fdmi testovac\u00edmi po\u017eiadavkami pre hydraulick\u00e9 valce.<\/p>\n<p>&nbsp;<\/p>","protected":false},"excerpt":{"rendered":"<p>HCYY11112025 Front Cylinder For Frame Support For Truck Cranes The HCYY11112025 Front Cylinder is an essential component that significantly enhances the structural integrity and operational efficiency of truck cranes. This high-performance cylinder delivers robust support for the crane&#8217;s frame, ensuring stability during lifting operations. Engineered to meet the stringent demands of various industrial applications, the [&hellip;]<\/p>","protected":false},"featured_media":17131,"comment_status":"open","ping_status":"closed","template":"","meta":{"_et_pb_use_builder":"","_et_pb_old_content":"","_et_gb_content_width":""},"product_brand":[],"product_cat":[1514,1549,1376],"product_tag":[],"class_list":{"0":"post-17125","1":"product","2":"type-product","3":"status-publish","4":"has-post-thumbnail","6":"product_cat-mobile-crane-hydraulic-cylinders","7":"product_cat-single-acting-hydraulic-cylinder","8":"product_cat-hydraulic-cylinder","10":"first","11":"instock","12":"shipping-taxable","13":"product-type-simple"},"amp_enabled":true,"_links":{"self":[{"href":"https:\/\/www.hydraulic-cylinders.net\/sk\/wp-json\/wp\/v2\/product\/17125","targetHints":{"allow":["GET"]}}],"collection":[{"href":"https:\/\/www.hydraulic-cylinders.net\/sk\/wp-json\/wp\/v2\/product"}],"about":[{"href":"https:\/\/www.hydraulic-cylinders.net\/sk\/wp-json\/wp\/v2\/types\/product"}],"replies":[{"embeddable":true,"href":"https:\/\/www.hydraulic-cylinders.net\/sk\/wp-json\/wp\/v2\/comments?post=17125"}],"wp:featuredmedia":[{"embeddable":true,"href":"https:\/\/www.hydraulic-cylinders.net\/sk\/wp-json\/wp\/v2\/media\/17131"}],"wp:attachment":[{"href":"https:\/\/www.hydraulic-cylinders.net\/sk\/wp-json\/wp\/v2\/media?parent=17125"}],"wp:term":[{"taxonomy":"product_brand","embeddable":true,"href":"https:\/\/www.hydraulic-cylinders.net\/sk\/wp-json\/wp\/v2\/product_brand?post=17125"},{"taxonomy":"product_cat","embeddable":true,"href":"https:\/\/www.hydraulic-cylinders.net\/sk\/wp-json\/wp\/v2\/product_cat?post=17125"},{"taxonomy":"product_tag","embeddable":true,"href":"https:\/\/www.hydraulic-cylinders.net\/sk\/wp-json\/wp\/v2\/product_tag?post=17125"}],"curies":[{"name":"pracovn\u00fd list","href":"https:\/\/api.w.org\/{rel}","templated":true}]}}