{"id":17133,"date":"2025-02-06T09:25:20","date_gmt":"2025-02-06T09:25:20","guid":{"rendered":"https:\/\/www.hydraulic-cylinders.net\/?post_type=product&#038;p=17133"},"modified":"2025-04-11T01:52:05","modified_gmt":"2025-04-11T01:52:05","slug":"hcyy11112026-behind-cylinder-for-opening-rack-support-for-truck-cranes","status":"publish","type":"product","link":"https:\/\/www.hydraulic-cylinders.net\/sk\/produkt\/hcyy11112026-behind-cylinder-for-opening-rack-support-for-truck-cranes\/","title":{"rendered":"HCYY11112026 Za valcom pre otv\u00e1ranie podpery reg\u00e1lu pre auto\u017eeriavy"},"content":{"rendered":"<h1 style=\"text-align: center;\"><strong>HCYY11112026 Za valcom pre otv\u00e1ranie podpery reg\u00e1lu pre auto\u017eeriavy<\/strong><\/h1>\n<h1 style=\"text-align: center;\"><img loading=\"lazy\" decoding=\"async\" class=\"alignnone size-full wp-image-17135\" src=\"https:\/\/www.hydraulic-cylinders.net\/wp-content\/uploads\/2025\/02\/hcyy11112026-behind-cylinder-for-opening-rack-support-2.webp\" alt=\"\" width=\"1496\" height=\"510\" srcset=\"https:\/\/www.hydraulic-cylinders.net\/wp-content\/uploads\/2025\/02\/hcyy11112026-behind-cylinder-for-opening-rack-support-2.webp 1496w, https:\/\/www.hydraulic-cylinders.net\/wp-content\/uploads\/2025\/02\/hcyy11112026-behind-cylinder-for-opening-rack-support-2-1280x436.webp 1280w, https:\/\/www.hydraulic-cylinders.net\/wp-content\/uploads\/2025\/02\/hcyy11112026-behind-cylinder-for-opening-rack-support-2-980x334.webp 980w, https:\/\/www.hydraulic-cylinders.net\/wp-content\/uploads\/2025\/02\/hcyy11112026-behind-cylinder-for-opening-rack-support-2-480x164.webp 480w\" sizes=\"(min-width: 0px) and (max-width: 480px) 480px, (min-width: 481px) and (max-width: 980px) 980px, (min-width: 981px) and (max-width: 1280px) 1280px, (min-width: 1281px) 1496px, 100vw\" \/><\/h1>\n<p>Ten\/T\u00e1\/To <strong>HCYY11112026 Za valcom<\/strong> je d\u00f4le\u017eit\u00fd komponent \u0161peci\u00e1lne navrhnut\u00fd pre auto\u017eeriavy, ktor\u00fd poskytuje robustn\u00fa oporu pre otv\u00e1rac\u00ed reg\u00e1l. Tento vysokov\u00fdkonn\u00fd valec v\u00fdrazne zvy\u0161uje stabilitu \u017eeriavu a prev\u00e1dzkov\u00fa efektivitu po\u010das zdv\u00edhac\u00edch \u00faloh, v\u010faka \u010domu je neocenite\u013en\u00fdm pr\u00ednosom v r\u00f4znych priemyseln\u00fdch aplik\u00e1ci\u00e1ch.<\/p>\n<p>V\u010faka svojej p\u00f4sobivej nosnosti, odolnej kon\u0161trukcii a odolnosti vo\u010di kor\u00f3zii vynik\u00e1 HCYY11112026 v n\u00e1ro\u010dn\u00fdch zdv\u00edhac\u00edch situ\u00e1ci\u00e1ch. Dodr\u017eiavan\u00edm spr\u00e1vnych met\u00f3d pou\u017e\u00edvania a pokynov na \u00fadr\u017ebu m\u00f4\u017eu oper\u00e1tori zabezpe\u010di\u0165, aby tento valec poskytoval spo\u013eahliv\u00fd v\u00fdkon po cel\u00e9 roky.<\/p>\n<p>Invest\u00edcia do modelu HCYY11112026 nielen\u017ee zvy\u0161uje prev\u00e1dzkov\u00fa efektivitu, ale aj zlep\u0161uje bezpe\u010dnos\u0165 na pracovisku, v\u010faka \u010domu je vynikaj\u00facou vo\u013ebou pre ak\u00fako\u013evek \u017eeriavov\u00fa prev\u00e1dzku.<\/p>\n<h2><strong>HCYY11112026 Za valcom pre otv\u00e1ranie podpery reg\u00e1lu pre auto\u017eeriavy Parameter:<\/strong><\/h2>\n<h1 style=\"text-align: center;\"><img loading=\"lazy\" decoding=\"async\" class=\"alignnone size-full wp-image-17134\" src=\"https:\/\/www.hydraulic-cylinders.net\/wp-content\/uploads\/2025\/02\/hcyy11112026-behind-cylinder-for-opening-rack-support-1.webp\" alt=\"\" width=\"1516\" height=\"147\" srcset=\"https:\/\/www.hydraulic-cylinders.net\/wp-content\/uploads\/2025\/02\/hcyy11112026-behind-cylinder-for-opening-rack-support-1.webp 1516w, https:\/\/www.hydraulic-cylinders.net\/wp-content\/uploads\/2025\/02\/hcyy11112026-behind-cylinder-for-opening-rack-support-1-1280x124.webp 1280w, https:\/\/www.hydraulic-cylinders.net\/wp-content\/uploads\/2025\/02\/hcyy11112026-behind-cylinder-for-opening-rack-support-1-980x95.webp 980w, https:\/\/www.hydraulic-cylinders.net\/wp-content\/uploads\/2025\/02\/hcyy11112026-behind-cylinder-for-opening-rack-support-1-480x47.webp 480w\" sizes=\"(min-width: 0px) and (max-width: 480px) 480px, (min-width: 481px) and (max-width: 980px) 980px, (min-width: 981px) and (max-width: 1280px) 1280px, (min-width: 1281px) 1516px, 100vw\" \/><img loading=\"lazy\" decoding=\"async\" class=\"alignnone size-full wp-image-17136\" src=\"https:\/\/www.hydraulic-cylinders.net\/wp-content\/uploads\/2025\/02\/hcyy11112026-behind-cylinder-for-opening-rack-support-3.webp\" alt=\"\" width=\"1476\" height=\"701\" srcset=\"https:\/\/www.hydraulic-cylinders.net\/wp-content\/uploads\/2025\/02\/hcyy11112026-behind-cylinder-for-opening-rack-support-3.webp 1476w, https:\/\/www.hydraulic-cylinders.net\/wp-content\/uploads\/2025\/02\/hcyy11112026-behind-cylinder-for-opening-rack-support-3-1280x608.webp 1280w, https:\/\/www.hydraulic-cylinders.net\/wp-content\/uploads\/2025\/02\/hcyy11112026-behind-cylinder-for-opening-rack-support-3-980x465.webp 980w, https:\/\/www.hydraulic-cylinders.net\/wp-content\/uploads\/2025\/02\/hcyy11112026-behind-cylinder-for-opening-rack-support-3-480x228.webp 480w\" sizes=\"(min-width: 0px) and (max-width: 480px) 480px, (min-width: 481px) and (max-width: 980px) 980px, (min-width: 981px) and (max-width: 1280px) 1280px, (min-width: 1281px) 1476px, 100vw\" \/> <img loading=\"lazy\" decoding=\"async\" class=\"alignnone size-full wp-image-17137\" src=\"https:\/\/www.hydraulic-cylinders.net\/wp-content\/uploads\/2025\/02\/hcyy11112026-behind-cylinder-for-opening-rack-support-4.webp\" alt=\"\" width=\"1475\" height=\"709\" srcset=\"https:\/\/www.hydraulic-cylinders.net\/wp-content\/uploads\/2025\/02\/hcyy11112026-behind-cylinder-for-opening-rack-support-4.webp 1475w, https:\/\/www.hydraulic-cylinders.net\/wp-content\/uploads\/2025\/02\/hcyy11112026-behind-cylinder-for-opening-rack-support-4-1280x615.webp 1280w, https:\/\/www.hydraulic-cylinders.net\/wp-content\/uploads\/2025\/02\/hcyy11112026-behind-cylinder-for-opening-rack-support-4-980x471.webp 980w, https:\/\/www.hydraulic-cylinders.net\/wp-content\/uploads\/2025\/02\/hcyy11112026-behind-cylinder-for-opening-rack-support-4-480x231.webp 480w\" sizes=\"(min-width: 0px) and (max-width: 480px) 480px, (min-width: 481px) and (max-width: 980px) 980px, (min-width: 981px) and (max-width: 1280px) 1280px, (min-width: 1281px) 1475px, 100vw\" \/> <img loading=\"lazy\" decoding=\"async\" class=\"alignnone size-full wp-image-17138\" src=\"https:\/\/www.hydraulic-cylinders.net\/wp-content\/uploads\/2025\/02\/hcyy11112026-behind-cylinder-for-opening-rack-support-5.webp\" alt=\"\" width=\"1392\" height=\"690\" srcset=\"https:\/\/www.hydraulic-cylinders.net\/wp-content\/uploads\/2025\/02\/hcyy11112026-behind-cylinder-for-opening-rack-support-5.webp 1392w, https:\/\/www.hydraulic-cylinders.net\/wp-content\/uploads\/2025\/02\/hcyy11112026-behind-cylinder-for-opening-rack-support-5-1280x634.webp 1280w, https:\/\/www.hydraulic-cylinders.net\/wp-content\/uploads\/2025\/02\/hcyy11112026-behind-cylinder-for-opening-rack-support-5-980x486.webp 980w, https:\/\/www.hydraulic-cylinders.net\/wp-content\/uploads\/2025\/02\/hcyy11112026-behind-cylinder-for-opening-rack-support-5-480x238.webp 480w\" sizes=\"(min-width: 0px) and (max-width: 480px) 480px, (min-width: 481px) and (max-width: 980px) 980px, (min-width: 981px) and (max-width: 1280px) 1280px, (min-width: 1281px) 1392px, 100vw\" \/><\/h1>\n<h2><strong>S\u00e9ria valcov pre auto\u017eeriavy:<\/strong><\/h2>\n<h2><img loading=\"lazy\" decoding=\"async\" class=\"alignnone size-full wp-image-17123\" src=\"https:\/\/www.hydraulic-cylinders.net\/wp-content\/uploads\/2025\/02\/cylinder-series-for-truck-cranes-2.webp\" alt=\"\" width=\"1240\" height=\"825\" srcset=\"https:\/\/www.hydraulic-cylinders.net\/wp-content\/uploads\/2025\/02\/cylinder-series-for-truck-cranes-2.webp 1240w, https:\/\/www.hydraulic-cylinders.net\/wp-content\/uploads\/2025\/02\/cylinder-series-for-truck-cranes-2-980x652.webp 980w, https:\/\/www.hydraulic-cylinders.net\/wp-content\/uploads\/2025\/02\/cylinder-series-for-truck-cranes-2-480x319.webp 480w\" sizes=\"(min-width: 0px) and (max-width: 480px) 480px, (min-width: 481px) and (max-width: 980px) 980px, (min-width: 981px) 1240px, 100vw\" \/><\/h2>\n<h2><strong>K\u013e\u00fa\u010dov\u00e9 vlastnosti HCYY11112026 Za valcom pre otv\u00e1ranie reg\u00e1lovej podpery pre auto\u017eeriavy:<\/strong><\/h2>\n<h4><strong>Vysok\u00e1 nosnos\u0165<\/strong><\/h4>\n<p>Ten\/T\u00e1\/To <strong>HCYY11112026<\/strong> je starostlivo navrhnut\u00fd tak, aby uniesol zna\u010dn\u00e9 hmotnosti, v\u010faka \u010domu je spo\u013eahlivou vo\u013ebou pre \u0165a\u017ek\u00e9 zdv\u00edhanie. Tento valec, navrhnut\u00fd s pou\u017eit\u00edm pokro\u010dil\u00fdch technick\u00fdch techn\u00edk, zais\u0165uje \u013eahk\u00fa manipul\u00e1ciu aj s t\u00fdmi najn\u00e1ro\u010dnej\u0161\u00edmi bremenami. Obsluha sa m\u00f4\u017ee spo\u013eahn\u00fa\u0165 na jeho pevnos\u0165 a stabilitu, \u010do zvy\u0161uje celkov\u00fa produktivitu a bezpe\u010dnos\u0165 po\u010das prev\u00e1dzky.<\/p>\n<h4><strong>Odoln\u00e1 kon\u0161trukcia<\/strong><\/h4>\n<p>Valec HCYY11112026 je vyroben\u00fd z vysoko kvalitn\u00fdch materi\u00e1lov a je navrhnut\u00fd tak, aby odolal n\u00e1ro\u010dn\u00fdm po\u017eiadavk\u00e1m \u010dast\u00e9ho pou\u017e\u00edvania. Jeho robustn\u00e1 kon\u0161trukcia minimalizuje opotrebovanie, \u010d\u00edm zais\u0165uje dlh\u00fa \u017eivotnos\u0165 a zni\u017euje potrebu \u010dast\u00fdch v\u00fdmen. T\u00e1to odolnos\u0165 sa premieta do ni\u017e\u0161\u00edch n\u00e1kladov na \u00fadr\u017ebu a zv\u00fd\u0161enej prev\u00e1dzkovej prev\u00e1dzky, v\u010faka \u010domu je inteligentnou invest\u00edciou pre ak\u00fako\u013evek \u017eeriavov\u00fa prev\u00e1dzku.<\/p>\n<h4><strong>Odolnos\u0165 proti kor\u00f3zii<\/strong><\/h4>\n<p>V\u010faka \u0161peci\u00e1lnemu povlaku pon\u00faka HCYY11112026 v\u00fdnimo\u010dn\u00fa ochranu proti hrdzi a kor\u00f3zii. T\u00e1to vlastnos\u0165 je obzvl\u00e1\u0161\u0165 v\u00fdhodn\u00e1 v n\u00e1ro\u010dn\u00fdch prostrediach, ako s\u00fa prostredia vystaven\u00e9 vlhkosti alebo agres\u00edvnym chemik\u00e1li\u00e1m. Zachovan\u00edm svojej integrity v priebehu \u010dasu valec zais\u0165uje konzistentn\u00fd v\u00fdkon a spo\u013eahlivos\u0165 aj v t\u00fdch naj\u0165a\u017e\u0161\u00edch podmienkach.<\/p>\n<h4><strong>Presn\u00e9 in\u017einierstvo<\/strong><\/h4>\n<p>Vyroben\u00fd pod\u013ea presn\u00fdch \u0161pecifik\u00e1ci\u00ed, HCYY11112026 zaru\u010duje optim\u00e1lnu kompatibilitu so \u0161irokou \u0161k\u00e1lou modelov auto\u017eeriavov. Toto prec\u00edzne in\u017einierstvo nielen zais\u0165uje dokonal\u00e9 ulo\u017eenie, ale tie\u017e zvy\u0161uje celkov\u00fa efektivitu prev\u00e1dzky \u017eeriavu. Oper\u00e1tori m\u00f4\u017eu tento valec s istotou integrova\u0165 do svojich existuj\u00facich syst\u00e9mov s vedom\u00edm, \u017ee bude fungova\u0165 bez probl\u00e9mov.<\/p>\n<h4><strong>Jednoduch\u00e1 in\u0161tal\u00e1cia<\/strong><\/h4>\n<p>Dizajn HCYY11112026 umo\u017e\u0148uje r\u00fdchlu a jednoduch\u00fa in\u0161tal\u00e1ciu, \u010d\u00edm sa minimalizuj\u00fa prestoje po\u010das nastavovania. Jasn\u00e9 pokyny a u\u017e\u00edvate\u013esky pr\u00edvetiv\u00e9 funkcie umo\u017e\u0148uj\u00fa oper\u00e1torom bezprobl\u00e9movo integrova\u0165 valec do svojich \u017eeriavov\u00fdch syst\u00e9mov. T\u00e1to jednoduch\u00e1 in\u0161tal\u00e1cia znamen\u00e1, \u017ee \u017eeriavy sa m\u00f4\u017eu r\u00fdchlo vr\u00e1ti\u0165 do prev\u00e1dzky, \u010d\u00edm sa maximalizuje produktivita na stavenisku.<\/p>\n<p>Ten\/T\u00e1\/To <strong>HCYY11112026 Za valcom<\/strong> vynik\u00e1 ako vysokov\u00fdkonn\u00fd komponent, ktor\u00fd v\u00fdrazne zlep\u0161uje prev\u00e1dzku auto\u017eeriavov. Jeho vysok\u00e1 nosnos\u0165, odoln\u00e1 kon\u0161trukcia, odolnos\u0165 proti kor\u00f3zii, presn\u00e9 in\u017einierstvo a jednoduch\u00e1 in\u0161tal\u00e1cia z neho robia v\u00fdnimo\u010dn\u00fa vo\u013ebu pre ak\u00fako\u013evek zdv\u00edhaciu \u00falohu. Invest\u00edcia do tohto valca nielen zvy\u0161uje efektivitu, ale aj zvy\u0161uje bezpe\u010dnos\u0165 a spo\u013eahlivos\u0165, v\u010faka \u010domu je nevyhnutn\u00fdm prvkom pre modern\u00e9 \u017eeriavov\u00e9 oper\u00e1cie.<\/p>\n<h2><strong>Ako zlep\u0161uje valec Hcyy11112026 stabilitu auto\u017eeriavov po\u010das zdv\u00edhac\u00edch oper\u00e1ci\u00ed?<\/strong><\/h2>\n<p>Ten\/T\u00e1\/To <strong>HCYY11112026 Za valcom<\/strong> zohr\u00e1va k\u013e\u00fa\u010dov\u00fa \u00falohu pri zvy\u0161ovan\u00ed stability auto\u017eeriavov po\u010das zdv\u00edhac\u00edch oper\u00e1ci\u00ed prostredn\u00edctvom nieko\u013ek\u00fdch k\u013e\u00fa\u010dov\u00fdch mechanizmov:<\/p>\n<h4><strong>1. Rozlo\u017eenie hmotnosti<\/strong><\/h4>\n<p>Valec je odborne navrhnut\u00fd tak, aby umo\u017e\u0148oval rovnomern\u00e9 rozlo\u017eenie hmotnosti po celom r\u00e1me \u017eeriavu. Rovnomernej\u0161\u00edm rozlo\u017een\u00edm za\u0165a\u017eenia sa zabra\u0148uje nadmern\u00e9mu nam\u00e1haniu v ktoromko\u013evek bode. Toto vyv\u00e1\u017een\u00e9 riadenie za\u0165a\u017eenia je nevyhnutn\u00e9 pri manipul\u00e1cii s \u0165a\u017ek\u00fdmi alebo nerovnomerne rozlo\u017een\u00fdmi bremenami, \u010d\u00edm sa zni\u017euje riziko poruchy kon\u0161trukcie a zvy\u0161uje sa celkov\u00e1 bezpe\u010dnos\u0165.<\/p>\n<h4><strong>2. \u0160truktur\u00e1lna v\u00fdstu\u017e<\/strong><\/h4>\n<p>V\u010faka pevnej podpore otv\u00e1racieho reg\u00e1lu HCYY11112026 spev\u0148uje celkov\u00fa kon\u0161trukciu \u017eeriavu. Toto pridan\u00e9 vystu\u017eenie minimalizuje oh\u00fdbanie a preh\u00fdbanie, ku ktor\u00fdm m\u00f4\u017ee d\u00f4js\u0165 pri zdv\u00edhan\u00ed \u0165a\u017ek\u00fdch bremien. V\u010faka tomu zost\u00e1va \u017eeriav stabiln\u00fd a bezpe\u010dn\u00fd, \u010do v\u00fdrazne zni\u017euje pravdepodobnos\u0165 neh\u00f4d po\u010das prev\u00e1dzky.<\/p>\n<h4><strong>3. Tlmenie n\u00e1razov<\/strong><\/h4>\n<p>Jednou z vynikaj\u00facich vlastnost\u00ed \u017eeriavu HCYY11112026 je jeho schopnos\u0165 absorbova\u0165 n\u00e1razy a vibr\u00e1cie, ktor\u00e9 m\u00f4\u017eu vznikn\u00fa\u0165 po\u010das zdv\u00edhania. Toto tlmenie n\u00e1razov zni\u017euje dopad na kon\u0161trukciu \u017eeriavu, \u010do prispieva k plynulej\u0161iemu chodu. Zmiernen\u00edm n\u00e1hlych n\u00e1razov pom\u00e1ha valec udr\u017eiava\u0165 stabilitu, najm\u00e4 pri man\u00e9vrovan\u00ed alebo premiest\u0148ovan\u00ed \u0165a\u017ek\u00fdch bremien.<\/p>\n<h4><strong>4. Zlep\u0161en\u00e1 kontrola<\/strong><\/h4>\n<p>V\u010faka spo\u013eahlivej podpore umo\u017e\u0148uje valec obsluhe vykon\u00e1va\u0165 presn\u00e9 pohyby po\u010das zdv\u00edhania. Toto vylep\u0161en\u00e9 ovl\u00e1danie je obzvl\u00e1\u0161\u0165 v\u00fdhodn\u00e9 v zlo\u017eit\u00fdch zdv\u00edhac\u00edch situ\u00e1ci\u00e1ch, kde je presnos\u0165 prvorad\u00e1. Udr\u017eiavan\u00edm stability HCYY11112026 zni\u017euje riziko prevr\u00e1tenia alebo straty rovnov\u00e1hy, \u010d\u00edm zabezpe\u010duje, \u017ee obsluha m\u00f4\u017ee vykon\u00e1va\u0165 \u00falohy s istotou a efekt\u00edvne.<\/p>\n<h4><strong>5. Zaistenie bezpe\u010dnosti<\/strong><\/h4>\n<p>Stabilita je synonymom bezpe\u010dnosti pri prev\u00e1dzke \u017eeriavu. HCYY11112026 v\u00fdrazne zni\u017euje riziko neh\u00f4d udr\u017eiavan\u00edm stabiln\u00e9ho zdv\u00edhacieho prostredia. Minimaliz\u00e1ciou rizika prevr\u00e1tenia, k\u00fdvania alebo neo\u010dak\u00e1van\u00fdch pohybov vytv\u00e1ra bezpe\u010dnej\u0161ie pracovn\u00e9 prostredie pre oper\u00e1torov aj okoloid\u00facich. T\u00e1to z\u00e1ruka umo\u017e\u0148uje t\u00edmom s\u00fastredi\u0165 sa na svoje \u00falohy bez neust\u00e1leho ob\u00e1v z potenci\u00e1lnych nebezpe\u010denstiev.<\/p>\n<p>Stru\u010dne povedan\u00e9, <strong>HCYY11112026 Za valcom<\/strong> je nevyhnutnou s\u00fa\u010das\u0165ou, ktor\u00e1 v\u00fdrazne zvy\u0161uje stabilitu auto\u017eeriavov po\u010das zdv\u00edhac\u00edch oper\u00e1ci\u00ed. V\u010faka efekt\u00edvnemu rozlo\u017eeniu hmotnosti, \u0161truktur\u00e1lnej v\u00fdstu\u017ei, tlmeniu n\u00e1razov, vylep\u0161en\u00e9mu ovl\u00e1daniu a zv\u00fd\u0161enej bezpe\u010dnosti tento valec nielen zvy\u0161uje prev\u00e1dzkov\u00fa efektivitu, ale tie\u017e podporuje bezpe\u010dnej\u0161ie pracovn\u00e9 prostredie. Invest\u00edcia do HCYY11112026 je strategickou vo\u013ebou pre ka\u017ed\u00fa prev\u00e1dzku, ktor\u00e1 chce zv\u00fd\u0161i\u0165 spo\u013eahlivos\u0165 a bezpe\u010dnos\u0165 svojich zdv\u00edhac\u00edch zariaden\u00ed.<\/p>\n<h2><strong>V\u00fdrobn\u00e1 oblas\u0165 valcov pre vysokozdvi\u017en\u00e9 voz\u00edky:<\/strong><\/h2>\n<h2><img loading=\"lazy\" decoding=\"async\" class=\"alignnone size-full wp-image-16972\" src=\"https:\/\/www.hydraulic-cylinders.net\/wp-content\/uploads\/2025\/01\/hydraulic-cylinder-factory-1-scaled.webp\" alt=\"\" width=\"2016\" height=\"2560\" srcset=\"https:\/\/www.hydraulic-cylinders.net\/wp-content\/uploads\/2025\/01\/hydraulic-cylinder-factory-1-scaled.webp 2016w, https:\/\/www.hydraulic-cylinders.net\/wp-content\/uploads\/2025\/01\/hydraulic-cylinder-factory-1-1280x1625.webp 1280w, https:\/\/www.hydraulic-cylinders.net\/wp-content\/uploads\/2025\/01\/hydraulic-cylinder-factory-1-980x1244.webp 980w, https:\/\/www.hydraulic-cylinders.net\/wp-content\/uploads\/2025\/01\/hydraulic-cylinder-factory-1-480x610.webp 480w\" sizes=\"(min-width: 0px) and (max-width: 480px) 480px, (min-width: 481px) and (max-width: 980px) 980px, (min-width: 981px) and (max-width: 1280px) 1280px, (min-width: 1281px) 2016px, 100vw\" \/><\/h2>\n<p>P\u00fd\u0161ime sa najmodernej\u0161ou nez\u00e1vislou platformou v\u00fdskumu a v\u00fdvoja zameranou na mont\u00e1\u017e, ktor\u00e1 zabezpe\u010duje \u0161pi\u010dkov\u00e9 inov\u00e1cie a kvalitu v na\u0161ich v\u00fdrobn\u00fdch procesoch. Na\u0161a diel\u0148a na v\u00fdrobu valcov pre vysokozdvi\u017en\u00e9 voz\u00edky disponuje \u0161tyrmi poloautomatick\u00fdmi mont\u00e1\u017enymi linkami na zdv\u00edhanie valcov a plne automatickou mont\u00e1\u017enou linkou nakl\u00e1pac\u00edch valcov, ktor\u00e9 s\u00fa spolu navrhnut\u00e9 tak, aby ro\u010dne vyrobili a\u017e jeden mili\u00f3n kusov.<\/p>\n<p>Na\u0161a \u0161pecializovan\u00e1 diel\u0148a na v\u00fdrobu valcov je navy\u0161e vybaven\u00e1 poloautomatick\u00fdmi \u010distiacimi a mont\u00e1\u017enymi syst\u00e9mami prisp\u00f4soben\u00fdmi r\u00f4znym \u0161pecifik\u00e1ci\u00e1m s ro\u010dnou v\u00fdrobnou kapacitou 200 000 kusov. Na vysoko presn\u00e9 spracovanie valcov vyu\u017e\u00edvame renomovan\u00e9 CNC zariadenia, obr\u00e1bacie centr\u00e1 a \u0161pecializovan\u00e9 n\u00e1stroje. Na\u0161e zariadenie zah\u0155\u0148a aj pokro\u010dil\u00e9 robotick\u00e9 zv\u00e1racie stroje, automatick\u00e9 \u010distiace syst\u00e9my a plne automatizovan\u00e9 linky na mont\u00e1\u017e a lakovanie valcov. S viac ako 300 k\u013e\u00fa\u010dov\u00fdmi zariadeniami v prev\u00e1dzke optimalizujeme alok\u00e1ciu zdrojov a zabezpe\u010dujeme efekt\u00edvne vyu\u017eitie, pri\u010dom sp\u013a\u0148ame pr\u00edsne \u0161tandardy presnosti a kvality.<\/p>\n<p>Na\u0161a obr\u00e1bacia diel\u0148a m\u00e1 z\u00e1kazkov\u00e9 s\u00fastru\u017en\u00edcke centr\u00e1 s nakl\u00e1pac\u00edmi vodiacimi ko\u013eajnicami, obr\u00e1bacie centr\u00e1, vysokor\u00fdchlostn\u00e9 honovacie stroje, zv\u00e1racie roboty a \u010fal\u0161ie potrebn\u00e9 vybavenie. Toto nastavenie n\u00e1m umo\u017e\u0148uje obr\u00e1ba\u0165 valcov\u00e9 r\u00fary s maxim\u00e1lnym vn\u00fatorn\u00fdm priemerom 400 mm a d\u013a\u017ekou a\u017e 6 metrov, \u010do \u010falej zvy\u0161uje na\u0161e v\u00fdrobn\u00e9 mo\u017enosti.<\/p>\n<h2><img loading=\"lazy\" decoding=\"async\" class=\"alignnone size-full wp-image-16973\" src=\"https:\/\/www.hydraulic-cylinders.net\/wp-content\/uploads\/2025\/01\/hydraulic-cylinder-factory-2-scaled.webp\" alt=\"\" width=\"2011\" height=\"2560\" srcset=\"https:\/\/www.hydraulic-cylinders.net\/wp-content\/uploads\/2025\/01\/hydraulic-cylinder-factory-2-scaled.webp 2011w, https:\/\/www.hydraulic-cylinders.net\/wp-content\/uploads\/2025\/01\/hydraulic-cylinder-factory-2-1280x1629.webp 1280w, https:\/\/www.hydraulic-cylinders.net\/wp-content\/uploads\/2025\/01\/hydraulic-cylinder-factory-2-980x1248.webp 980w, https:\/\/www.hydraulic-cylinders.net\/wp-content\/uploads\/2025\/01\/hydraulic-cylinder-factory-2-480x611.webp 480w\" sizes=\"(min-width: 0px) and (max-width: 480px) 480px, (min-width: 481px) and (max-width: 980px) 980px, (min-width: 981px) and (max-width: 1280px) 1280px, (min-width: 1281px) 2011px, 100vw\" \/><\/h2>\n<p>Prev\u00e1dzkujeme plne automatick\u00fa linku na nan\u00e1\u0161anie farieb na vodnej b\u00e1ze, ktor\u00e1 je \u0161peci\u00e1lne navrhnut\u00e1 pre mal\u00e9 a stredn\u00e9 valce a je vybaven\u00e1 automatizovan\u00fdmi robotmi na nakladanie, vykladanie a striekanie. Tento modern\u00fd syst\u00e9m sa m\u00f4\u017ee pochv\u00e1li\u0165 v\u00fdrobnou kapacitou 4 000 kusov za smenu. Okrem toho m\u00e1me poloautomatick\u00fa lakovaciu linku pre ve\u013ek\u00e9 valce, poh\u00e1\u0148an\u00fa re\u0165azov\u00fdm pohonom, s projektovanou kapacitou 60 prepraviek za smenu.<\/p>\n<p>Aby sme zv\u00fd\u0161ili v\u00fdkonnos\u0165 produktov a upevnili si na\u0161e ved\u00face postavenie v odvetv\u00ed hydraulick\u00fdch valcov, spojili sme sa so spolo\u010dnos\u0165ou ZJIMEE s cie\u013eom vybudova\u0165 komplexn\u00e9 v\u00fdkonnostn\u00e9 laborat\u00f3rium zameran\u00e9 na hydraulick\u00e9 valce, ventily a \u010derpadl\u00e1. Toto pokro\u010dil\u00e9 laborat\u00f3rium vyu\u017e\u00edva po\u010d\u00edta\u010dom podporovan\u00e9 testovanie s elektrohydraulickou technol\u00f3giou, \u010do umo\u017e\u0148uje prednastaven\u00e9 testovacie podmienky, ktor\u00e9 zlep\u0161uj\u00fa presnos\u0165 a v\u0161estrannos\u0165 syst\u00e9mu. Automatizovan\u00fd proces zberu \u00fadajov vyu\u017e\u00edva senzory na zhroma\u017e\u010fovanie v\u00fdstupn\u00fdch \u00fadajov, ako s\u00fa vn\u00fatorn\u00e9 netesnosti a \u00fa\u010dinnos\u0165 za\u0165a\u017eenia, ktor\u00e9 potom spracov\u00e1va po\u010d\u00edta\u010d a prev\u00e1dza na \u0161tandardn\u00e9 jednotky (ml\/min%).<\/p>\n<p>Okrem toho, aby sme zaistili bezpe\u010dnos\u0165 na\u0161ich hydraulick\u00fdch syst\u00e9mov, implementujeme monitorovanie stavu k\u013e\u00fa\u010dov\u00fdch v\u00fdkonnostn\u00fdch parametrov vr\u00e1tane teploty oleja, hladiny kvapaliny a stavu filtra\u010dn\u00e9ho zariadenia. N\u00e1\u0161 testovac\u00ed stojan pre hydraulick\u00e9 valce dok\u00e1\u017ee pos\u00fadi\u0165 \u201e\u00fa\u010dinnos\u0165 za\u0165a\u017eenia\u201c a \u201evn\u00fatorn\u00fa netesnos\u0165\u201c prostredn\u00edctvom presn\u00fdch \u00fadajov. Je tie\u017e vybaven\u00fd merac\u00edm pr\u00edstrojom s mrie\u017ekov\u00fdm prav\u00edtkom, ktor\u00fd sp\u013a\u0148a n\u00e1rodn\u00e9 normy a zabezpe\u010duje s\u00falad so v\u0161etk\u00fdmi testovac\u00edmi po\u017eiadavkami pre hydraulick\u00e9 valce.<\/p>\n<p>&nbsp;<\/p>","protected":false},"excerpt":{"rendered":"<p>HCYY11112026 Behind Cylinder For Opening Rack Support For Truck Cranes The HCYY11112026 Behind Cylinder is a vital component specifically designed for truck cranes, providing robust support for the opening rack. This high-performance cylinder significantly enhances the crane&#8217;s stability and operational efficiency during lifting tasks, making it an invaluable asset across various industrial applications. With its [&hellip;]<\/p>","protected":false},"featured_media":17139,"comment_status":"open","ping_status":"closed","template":"","meta":{"_et_pb_use_builder":"","_et_pb_old_content":"","_et_gb_content_width":""},"product_brand":[],"product_cat":[1514,1549,1376],"product_tag":[],"class_list":{"0":"post-17133","1":"product","2":"type-product","3":"status-publish","4":"has-post-thumbnail","6":"product_cat-mobile-crane-hydraulic-cylinders","7":"product_cat-single-acting-hydraulic-cylinder","8":"product_cat-hydraulic-cylinder","10":"first","11":"instock","12":"shipping-taxable","13":"product-type-simple"},"amp_enabled":true,"_links":{"self":[{"href":"https:\/\/www.hydraulic-cylinders.net\/sk\/wp-json\/wp\/v2\/product\/17133","targetHints":{"allow":["GET"]}}],"collection":[{"href":"https:\/\/www.hydraulic-cylinders.net\/sk\/wp-json\/wp\/v2\/product"}],"about":[{"href":"https:\/\/www.hydraulic-cylinders.net\/sk\/wp-json\/wp\/v2\/types\/product"}],"replies":[{"embeddable":true,"href":"https:\/\/www.hydraulic-cylinders.net\/sk\/wp-json\/wp\/v2\/comments?post=17133"}],"wp:featuredmedia":[{"embeddable":true,"href":"https:\/\/www.hydraulic-cylinders.net\/sk\/wp-json\/wp\/v2\/media\/17139"}],"wp:attachment":[{"href":"https:\/\/www.hydraulic-cylinders.net\/sk\/wp-json\/wp\/v2\/media?parent=17133"}],"wp:term":[{"taxonomy":"product_brand","embeddable":true,"href":"https:\/\/www.hydraulic-cylinders.net\/sk\/wp-json\/wp\/v2\/product_brand?post=17133"},{"taxonomy":"product_cat","embeddable":true,"href":"https:\/\/www.hydraulic-cylinders.net\/sk\/wp-json\/wp\/v2\/product_cat?post=17133"},{"taxonomy":"product_tag","embeddable":true,"href":"https:\/\/www.hydraulic-cylinders.net\/sk\/wp-json\/wp\/v2\/product_tag?post=17133"}],"curies":[{"name":"pracovn\u00fd list","href":"https:\/\/api.w.org\/{rel}","templated":true}]}}