{"id":17147,"date":"2025-02-07T06:47:22","date_gmt":"2025-02-07T06:47:22","guid":{"rendered":"https:\/\/www.hydraulic-cylinders.net\/?post_type=product&#038;p=17147"},"modified":"2025-04-15T05:52:21","modified_gmt":"2025-04-15T05:52:21","slug":"wind-power-series-cylinders","status":"publish","type":"product","link":"https:\/\/www.hydraulic-cylinders.net\/sk\/produkt\/wind-power-series-cylinders\/","title":{"rendered":"Valce s\u00e9rie Wind Power"},"content":{"rendered":"<h1 style=\"text-align: center;\"><strong>Valce s\u00e9rie Wind Power<\/strong><\/h1>\n<h1 style=\"text-align: center;\">\u00a0<img loading=\"lazy\" decoding=\"async\" class=\"alignnone size-full wp-image-17149\" src=\"https:\/\/www.hydraulic-cylinders.net\/wp-content\/uploads\/2025\/02\/wind_power_series_cylinders-1-removebg-preview.webp\" alt=\"\" width=\"644\" height=\"644\" srcset=\"https:\/\/www.hydraulic-cylinders.net\/wp-content\/uploads\/2025\/02\/wind_power_series_cylinders-1-removebg-preview.webp 644w, https:\/\/www.hydraulic-cylinders.net\/wp-content\/uploads\/2025\/02\/wind_power_series_cylinders-1-removebg-preview-480x480.webp 480w\" sizes=\"(min-width: 0px) and (max-width: 480px) 480px, (min-width: 481px) 644px, 100vw\" \/><\/h1>\n<p>Ten\/T\u00e1\/To <strong>Valce s\u00e9rie Wind Power<\/strong> s\u00fa \u0161peci\u00e1lne navrhnut\u00e9 pre sektor veternej energie a poskytuj\u00fa spo\u013eahliv\u00fd a efekt\u00edvny v\u00fdkon v r\u00f4znych aplik\u00e1ci\u00e1ch. Tieto valce zohr\u00e1vaj\u00fa k\u013e\u00fa\u010dov\u00fa \u00falohu pri riaden\u00ed mechanizmov, ktor\u00e9 vyu\u017e\u00edvaj\u00fa vetern\u00fa energiu, \u010d\u00edm v\u00fdrazne zvy\u0161uj\u00fa \u00fa\u010dinnos\u0165 a efekt\u00edvnos\u0165 vetern\u00fdch turb\u00edn. S\u00fa vyroben\u00e9 s presnos\u0165ou a skon\u0161truovan\u00e9 tak, aby odolali n\u00e1ro\u010dn\u00fdm podmienkam priemyslu, a sp\u013a\u0148aj\u00fa n\u00e1ro\u010dn\u00e9 po\u017eiadavky tohto r\u00fdchlo rast\u00faceho odvetvia.<\/p>\n<p>V\u010faka kombin\u00e1cii odolnosti, \u00fa\u010dinnosti a u\u017e\u00edvate\u013eskej pr\u00edvetivosti vynikaj\u00fa valce s\u00e9rie Wind Power ako spo\u013eahliv\u00e1 vo\u013eba pre aplik\u00e1cie veternej energie. V\u010faka vysokej nosnosti a odolnosti vo\u010di kor\u00f3zii s\u00fa ide\u00e1lne pre n\u00e1ro\u010dn\u00e9 prostredie prev\u00e1dzky vetern\u00fdch turb\u00edn. Dodr\u017eiavan\u00edm odpor\u00fa\u010dan\u00fdch postupov pou\u017e\u00edvania a \u00fadr\u017eby m\u00f4\u017eu prev\u00e1dzkovatelia zabezpe\u010di\u0165, aby si tieto valce udr\u017eali optim\u00e1lny v\u00fdkon po cel\u00e9 roky. Invest\u00edcia do t\u00fdchto valcov nielen zlep\u0161uje spo\u013eahlivos\u0165 syst\u00e9mov veternej energie, ale podporuje aj udr\u017eate\u013en\u00fa bud\u00facnos\u0165.<\/p>\n<h2><strong>Parameter valcov s\u00e9rie Wind Power:<\/strong><\/h2>\n<h2><img loading=\"lazy\" decoding=\"async\" class=\"alignnone size-full wp-image-17148\" style=\"color: #666666; font-size: 14px;\" src=\"https:\/\/www.hydraulic-cylinders.net\/wp-content\/uploads\/2025\/02\/wind-power-series-cylinders-2.webp\" alt=\"\" width=\"1394\" height=\"731\" srcset=\"https:\/\/www.hydraulic-cylinders.net\/wp-content\/uploads\/2025\/02\/wind-power-series-cylinders-2.webp 1394w, https:\/\/www.hydraulic-cylinders.net\/wp-content\/uploads\/2025\/02\/wind-power-series-cylinders-2-1280x671.webp 1280w, https:\/\/www.hydraulic-cylinders.net\/wp-content\/uploads\/2025\/02\/wind-power-series-cylinders-2-980x514.webp 980w, https:\/\/www.hydraulic-cylinders.net\/wp-content\/uploads\/2025\/02\/wind-power-series-cylinders-2-480x252.webp 480w\" sizes=\"(min-width: 0px) and (max-width: 480px) 480px, (min-width: 481px) and (max-width: 980px) 980px, (min-width: 981px) and (max-width: 1280px) 1280px, (min-width: 1281px) 1394px, 100vw\" \/><\/h2>\n<p>\u00b7Re\u017eim valca: HCYY11112028<br \/>\n\u00b7 Prev\u00e1dzkov\u00fd tlak: 16 MPa<br \/>\n\u00b7 Maxim\u00e1lny odol\u00e1vaj\u00faci tlak: 25 MPa<br \/>\n\u00b7Priemer valcovej trubice: 100 mm<br \/>\n\u00b7Priemer piestnej ty\u010de: 50 mm<br \/>\n\u00b7Priemer \u010dapu: 150 mm<br \/>\n\u00b7D\u013a\u017eka: 80 mm<br \/>\n\u00b7D\u013a\u017eka valca: 855 mm<br \/>\n\u00b7 Hmotnos\u0165: 140 kg<\/p>\n<h2><strong>K\u013e\u00fa\u010dov\u00e9 vlastnosti valcov s\u00e9rie Wind Power:<\/strong><\/h2>\n<h4><strong>Vysok\u00e1 nosnos\u0165<\/strong><\/h4>\n<p>Valce s\u00e9rie Wind Power vynikaj\u00fa v podpore zna\u010dn\u00e9ho za\u0165a\u017eenia, \u010do je k\u013e\u00fa\u010dov\u00e9 pre n\u00e1ro\u010dn\u00e9 aplik\u00e1cie veternej energie. Ich robustn\u00e1 kon\u0161trukcia zais\u0165uje, \u017ee dok\u00e1\u017eu spo\u013eahlivo pracova\u0165 v n\u00e1ro\u010dn\u00fdch podmienkach, ako je siln\u00fd vietor alebo extr\u00e9mne po\u010dasie. T\u00e1to schopnos\u0165 nielen zvy\u0161uje \u00fa\u010dinnos\u0165 vetern\u00fdch turb\u00edn, ale tie\u017e vzbudzuje d\u00f4veru v oper\u00e1torov, preto\u017ee vedia, \u017ee ich zariadenia zvl\u00e1dnu zna\u010dn\u00fa hmotnos\u0165 bez kompromisov v oblasti bezpe\u010dnosti alebo v\u00fdkonu.<\/p>\n<h4><strong>Odoln\u00e1 kon\u0161trukcia<\/strong><\/h4>\n<p>Tieto valce, vyroben\u00e9 z prvotriednych materi\u00e1lov, s\u00fa navrhnut\u00e9 tak, aby odol\u00e1vali opotrebovaniu v priebehu \u010dasu. Ich odoln\u00e1 kon\u0161trukcia v\u00fdrazne zni\u017euje potrebu \u010dast\u00fdch v\u00fdmen, v\u010faka \u010domu s\u00fa cenovo v\u00fdhodnou vo\u013ebou pre dlhodob\u00fa prev\u00e1dzku. \u010ci u\u017e s\u00fa vystaven\u00e9 drsn\u00fdm podmienkam prostredia alebo n\u00e1ro\u010dn\u00fdm ka\u017edodenn\u00fdm podmienkam, valce si zachov\u00e1vaj\u00fa svoju integritu a zabezpe\u010duj\u00fa tak hladk\u00fd a efekt\u00edvny chod syst\u00e9mov veternej energie.<\/p>\n<h4><strong>Odolnos\u0165 proti kor\u00f3zii<\/strong><\/h4>\n<p>V\u010faka \u0161peci\u00e1lnemu povlaku s\u00fa valce odoln\u00e9 vo\u010di hrdzi a po\u0161kodeniu \u017eivotn\u00fdm prostred\u00edm. T\u00e1to odolnos\u0165 vo\u010di kor\u00f3zii je obzvl\u00e1\u0161\u0165 d\u00f4le\u017eit\u00e1 pre vonkaj\u0161ie pou\u017eitie, kde vystavenie vlhkosti, soli a in\u00fdm agres\u00edvnym prvkom m\u00f4\u017ee vies\u0165 k zhor\u0161eniu stavu. Ochranou valcov pred kor\u00f3ziou t\u00e1to funkcia nielen predl\u017euje ich \u017eivotnos\u0165, ale tie\u017e minimalizuje \u00fasilie o \u00fadr\u017ebu, \u010do umo\u017e\u0148uje oper\u00e1torom s\u00fastredi\u0165 sa na maximaliz\u00e1ciu v\u00fdroby energie.<\/p>\n<h4><strong>Presn\u00e9 in\u017einierstvo<\/strong><\/h4>\n<p>Valce s\u00e9rie Wind Power, vyroben\u00e9 pod\u013ea presn\u00fdch \u0161pecifik\u00e1ci\u00ed, zaru\u010duj\u00fa bezprobl\u00e9mov\u00fa kompatibilitu s r\u00f4znymi modelmi vetern\u00fdch turb\u00edn. Toto prec\u00edzne in\u017einierstvo umo\u017e\u0148uje jednoduch\u00fa in\u0161tal\u00e1ciu a integr\u00e1ciu do existuj\u00facich syst\u00e9mov, \u010d\u00edm sa zni\u017euje riziko prev\u00e1dzkov\u00fdch probl\u00e9mov. S t\u00fdmito valcami si m\u00f4\u017eu prev\u00e1dzkovatelia u\u017e\u00edva\u0165 pokoj v du\u0161i s vedom\u00edm, \u017ee pou\u017e\u00edvaj\u00fa komponenty navrhnut\u00e9 tak, aby optim\u00e1lne fungovali v r\u00e1mci ich \u0161pecifick\u00fdch nastaven\u00ed turb\u00edn.<\/p>\n<h4><strong>Jednoduch\u00e1 in\u0161tal\u00e1cia<\/strong><\/h4>\n<p>Valce, navrhnut\u00e9 s oh\u013eadom na pohodlie pou\u017e\u00edvate\u013ea, umo\u017e\u0148uj\u00fa r\u00fdchlu a bezprobl\u00e9mov\u00fa in\u0161tal\u00e1ciu. Ich intuit\u00edvny dizajn minimalizuje prestoje po\u010das nastavovania, \u010do umo\u017e\u0148uje oper\u00e1torom r\u00fdchlo uvies\u0165 svoje syst\u00e9my do prev\u00e1dzky. T\u00e1to jednoduch\u00e1 in\u0161tal\u00e1cia nielen zvy\u0161uje prev\u00e1dzkov\u00fa efektivitu, ale umo\u017e\u0148uje aj r\u00fdchlej\u0161ie reakcie na potreby \u00fadr\u017eby, \u010d\u00edm sa zabezpe\u010duje, \u017ee syst\u00e9my veternej energie zostan\u00fa neust\u00e1le produkt\u00edvne.<\/p>\n<p>V\u010faka zd\u00f4razneniu t\u00fdchto charakterist\u00edk poskytuj\u00fa valce s\u00e9rie HCYY11112028 Wind Power v\u00fdnimo\u010dn\u00fd v\u00fdkon, ktor\u00fd sp\u013a\u0148a vyv\u00edjaj\u00face sa po\u017eiadavky sektora veternej energie.<\/p>\n<h2><strong>Ako zvy\u0161uje odolnos\u0165 valcov s\u00e9rie Wind Power proti kor\u00f3zii ich v\u00fdkon vo vonkaj\u0161om prostred\u00ed?<\/strong><\/h2>\n<p>Ur\u010dite! Tu je p\u00fatavej\u0161\u00ed a podrobnej\u0161\u00ed poh\u013ead na to, ako odolnos\u0165 valcov Wind Power Series vo\u010di kor\u00f3zii zvy\u0161uje ich v\u00fdkon vo vonkaj\u0161om prostred\u00ed:<\/p>\n<h4><strong>1. Dlhovekos\u0165<\/strong><\/h4>\n<p>\u0160peci\u00e1lny antikor\u00f3zny povlak na valcoch p\u00f4sob\u00ed ako siln\u00e1 bari\u00e9ra proti hrdzi a zhor\u0161eniu kvality. T\u00e1to ochrann\u00e1 vrstva je obzvl\u00e1\u0161\u0165 cenn\u00e1 v prostrediach, kde je roz\u0161\u00edren\u00e1 vlhkos\u0165, so\u013en\u00e1 hmla a teplotn\u00e9 v\u00fdkyvy. V\u010faka v\u00fdrazn\u00e9mu pred\u013a\u017eeniu \u017eivotnosti valcov si m\u00f4\u017eu oper\u00e1tori u\u017e\u00edva\u0165 pokoj v du\u0161i, ktor\u00fd pramen\u00ed z vedomia, \u017ee ich invest\u00edcia vydr\u017e\u00ed sk\u00fa\u0161ku \u010dasu, \u010do umo\u017en\u00ed dlhodob\u00fa a nepreru\u0161ovan\u00fa prev\u00e1dzku v ter\u00e9ne.<\/p>\n<h4><strong>2. Zn\u00ed\u017een\u00e1 \u00fadr\u017eba<\/strong><\/h4>\n<p>Jednou z hlavn\u00fdch v\u00fdhod odolnosti proti kor\u00f3zii je podstatn\u00e9 zn\u00ed\u017eenie po\u017eiadaviek na \u00fadr\u017ebu. V\u010faka tomu, \u017ee valce s\u00fa menej n\u00e1chyln\u00e9 na hrdzavenie a opotrebovanie, m\u00f4\u017eu prev\u00e1dzkovatelia vynalo\u017ei\u0165 menej zdrojov \u2013 \u010dasu aj pe\u0148az\u00ed \u2013 na \u00fadr\u017ebu. T\u00e1to efekt\u00edvnos\u0165 znamen\u00e1, \u017ee t\u00edmy \u00fadr\u017eby sa m\u00f4\u017eu s\u00fastredi\u0165 na in\u00e9 kritick\u00e9 aspekty prev\u00e1dzky vetern\u00fdch turb\u00edn, \u010d\u00edm sa zvy\u0161uje celkov\u00e1 produktivita. V\u00fdsledkom je, \u017ee syst\u00e9m veternej energie m\u00f4\u017ee be\u017ea\u0165 plynulej\u0161ie a maximalizova\u0165 energetick\u00fd v\u00fdkon bez neust\u00e1leho ob\u00e1v z poruchy komponentov.<\/p>\n<h4><strong>3. Konzistentn\u00fd v\u00fdkon<\/strong><\/h4>\n<p>Kor\u00f3zia m\u00f4\u017ee \u010dasom oslabi\u0165 materi\u00e1ly, \u010do vedie k nepravidelnostiam v prev\u00e1dzke, ktor\u00e9 m\u00f4\u017eu naru\u0161i\u0165 v\u00fdrobu energie. Valce, odoln\u00e9 vo\u010di kor\u00f3zii, si zachov\u00e1vaj\u00fa svoju \u0161truktur\u00e1lnu integritu a v\u00fdkonnostn\u00e9 \u0161tandardy aj v najn\u00e1ro\u010dnej\u0161\u00edch vonkaj\u0161\u00edch podmienkach. T\u00e1to spo\u013eahlivos\u0165 zabezpe\u010duje, \u017ee turb\u00edny funguj\u00fa efekt\u00edvne, \u010do sa premieta do optim\u00e1lnej v\u00fdroby energie. Prev\u00e1dzkovatelia m\u00f4\u017eu o\u010dak\u00e1va\u0165 konzistentn\u00fd v\u00fdkon, ktor\u00fd je nevyhnutn\u00fd pre splnenie energetick\u00fdch po\u017eiadaviek a dosiahnutie cie\u013eov udr\u017eate\u013enosti.<\/p>\n<h4><strong>4. Bezpe\u010dnos\u0165<\/strong><\/h4>\n<p>Bezpe\u010dnos\u0165 je v ka\u017edom priemyselnom prostred\u00ed prvorad\u00e1 a riziko poruchy v d\u00f4sledku kor\u00f3zie je probl\u00e9m, ktor\u00fd nemo\u017eno prehliada\u0165. F\u013ea\u0161e pom\u00e1haj\u00fa zmierni\u0165 tieto rizik\u00e1 t\u00fdm, \u017ee si zachov\u00e1vaj\u00fa svoju pevnos\u0165 a funk\u010dnos\u0165 v n\u00e1ro\u010dn\u00fdch podmienkach. Zabra\u0148ovan\u00edm poruch\u00e1m s\u00favisiacim s kor\u00f3ziou tieto valce prispievaj\u00fa k bezpe\u010dnej\u0161iemu prev\u00e1dzkov\u00e9mu prostrediu pre person\u00e1l aj zariadenia. Tento d\u00f4raz na bezpe\u010dnos\u0165 podporuje kult\u00faru spo\u013eahlivosti a d\u00f4very v sektore veternej energie.<\/p>\n<h4><strong>5. N\u00e1kladov\u00e1 efekt\u00edvnos\u0165<\/strong><\/h4>\n<p>Investovanie do tlakov\u00fdch flia\u0161 odoln\u00fdch vo\u010di kor\u00f3zii nie je len o okam\u017eitom v\u00fdkone; ide o dlhodob\u00fa finan\u010dn\u00fa opatrnos\u0165. Trvanlivos\u0165 a zn\u00ed\u017een\u00e9 n\u00e1roky na \u00fadr\u017ebu tlakov\u00fdch flia\u0161 ved\u00fa k v\u00fdrazn\u00fdm \u00faspor\u00e1m n\u00e1kladov v priebehu \u010dasu. Prev\u00e1dzkovatelia sa m\u00f4\u017eu vyhn\u00fa\u0165 v\u00fddavkom spojen\u00fdm s \u010dast\u00fdmi v\u00fdmenami a opravami, \u010do umo\u017e\u0148uje lep\u0161ie rozdelenie rozpo\u010dtov\u00fdch zdrojov. T\u00e1to n\u00e1kladov\u00e1 efekt\u00edvnos\u0165 rob\u00ed z t\u00fdchto tlakov\u00fdch flia\u0161 atrakt\u00edvnu mo\u017enos\u0165 pre podniky, ktor\u00e9 chc\u00fa optimalizova\u0165 svoje prev\u00e1dzkov\u00e9 rozpo\u010dty a z\u00e1rove\u0148 zabezpe\u010di\u0165 spo\u013eahliv\u00fa v\u00fdrobu energie.<\/p>\n<p>Stru\u010dne povedan\u00e9, odolnos\u0165 valcov Wind Power Series vo\u010di kor\u00f3zii je viac ne\u017e len vlastnos\u0165 \u2013 je to k\u013e\u00fa\u010dov\u00fd atrib\u00fat, ktor\u00fd predl\u017euje \u017eivotnos\u0165, zni\u017euje n\u00e1roky na \u00fadr\u017ebu, zabezpe\u010duje konzistentn\u00fd v\u00fdkon, zvy\u0161uje bezpe\u010dnos\u0165 a prin\u00e1\u0161a n\u00e1kladov\u00fa efekt\u00edvnos\u0165. Tieto v\u00fdhody spolo\u010dne prispievaj\u00fa k efekt\u00edvnej\u0161iemu a udr\u017eate\u013enej\u0161iemu pr\u00edstupu k vyu\u017e\u00edvaniu veternej energie, v\u010faka \u010domu s\u00fa tieto valce v tomto odvetv\u00ed nenahradite\u013enou vo\u013ebou.<\/p>\n<h2><strong>V\u00fdrobn\u00e1 oblas\u0165 valcov pre vysokozdvi\u017en\u00e9 voz\u00edky:<\/strong><\/h2>\n<h2><img loading=\"lazy\" decoding=\"async\" class=\"alignnone size-full wp-image-16972\" src=\"https:\/\/www.hydraulic-cylinders.net\/wp-content\/uploads\/2025\/01\/hydraulic-cylinder-factory-1-scaled.webp\" alt=\"\" width=\"2016\" height=\"2560\" srcset=\"https:\/\/www.hydraulic-cylinders.net\/wp-content\/uploads\/2025\/01\/hydraulic-cylinder-factory-1-scaled.webp 2016w, https:\/\/www.hydraulic-cylinders.net\/wp-content\/uploads\/2025\/01\/hydraulic-cylinder-factory-1-1280x1625.webp 1280w, https:\/\/www.hydraulic-cylinders.net\/wp-content\/uploads\/2025\/01\/hydraulic-cylinder-factory-1-980x1244.webp 980w, https:\/\/www.hydraulic-cylinders.net\/wp-content\/uploads\/2025\/01\/hydraulic-cylinder-factory-1-480x610.webp 480w\" sizes=\"(min-width: 0px) and (max-width: 480px) 480px, (min-width: 481px) and (max-width: 980px) 980px, (min-width: 981px) and (max-width: 1280px) 1280px, (min-width: 1281px) 2016px, 100vw\" \/><\/h2>\n<p>P\u00fd\u0161ime sa najmodernej\u0161ou nez\u00e1vislou platformou v\u00fdskumu a v\u00fdvoja zameranou na mont\u00e1\u017e, ktor\u00e1 zabezpe\u010duje \u0161pi\u010dkov\u00e9 inov\u00e1cie a kvalitu v na\u0161ich v\u00fdrobn\u00fdch procesoch. Na\u0161a diel\u0148a na v\u00fdrobu valcov pre vysokozdvi\u017en\u00e9 voz\u00edky disponuje \u0161tyrmi poloautomatick\u00fdmi mont\u00e1\u017enymi linkami na zdv\u00edhanie valcov a plne automatickou mont\u00e1\u017enou linkou nakl\u00e1pac\u00edch valcov, ktor\u00e9 s\u00fa spolu navrhnut\u00e9 tak, aby ro\u010dne vyrobili a\u017e jeden mili\u00f3n kusov.<\/p>\n<p>Na\u0161a \u0161pecializovan\u00e1 diel\u0148a na v\u00fdrobu valcov je navy\u0161e vybaven\u00e1 poloautomatick\u00fdmi \u010distiacimi a mont\u00e1\u017enymi syst\u00e9mami prisp\u00f4soben\u00fdmi r\u00f4znym \u0161pecifik\u00e1ci\u00e1m s ro\u010dnou v\u00fdrobnou kapacitou 200 000 kusov. Na vysoko presn\u00e9 spracovanie valcov vyu\u017e\u00edvame renomovan\u00e9 CNC zariadenia, obr\u00e1bacie centr\u00e1 a \u0161pecializovan\u00e9 n\u00e1stroje. Na\u0161e zariadenie zah\u0155\u0148a aj pokro\u010dil\u00e9 robotick\u00e9 zv\u00e1racie stroje, automatick\u00e9 \u010distiace syst\u00e9my a plne automatizovan\u00e9 linky na mont\u00e1\u017e a lakovanie valcov. S viac ako 300 k\u013e\u00fa\u010dov\u00fdmi zariadeniami v prev\u00e1dzke optimalizujeme alok\u00e1ciu zdrojov a zabezpe\u010dujeme efekt\u00edvne vyu\u017eitie, pri\u010dom sp\u013a\u0148ame pr\u00edsne \u0161tandardy presnosti a kvality.<\/p>\n<p>Na\u0161a obr\u00e1bacia diel\u0148a m\u00e1 z\u00e1kazkov\u00e9 s\u00fastru\u017en\u00edcke centr\u00e1 s nakl\u00e1pac\u00edmi vodiacimi ko\u013eajnicami, obr\u00e1bacie centr\u00e1, vysokor\u00fdchlostn\u00e9 honovacie stroje, zv\u00e1racie roboty a \u010fal\u0161ie potrebn\u00e9 vybavenie. Toto nastavenie n\u00e1m umo\u017e\u0148uje obr\u00e1ba\u0165 valcov\u00e9 r\u00fary s maxim\u00e1lnym vn\u00fatorn\u00fdm priemerom 400 mm a d\u013a\u017ekou a\u017e 6 metrov, \u010do \u010falej zvy\u0161uje na\u0161e v\u00fdrobn\u00e9 mo\u017enosti.<\/p>\n<h2><img loading=\"lazy\" decoding=\"async\" class=\"alignnone size-full wp-image-16973\" src=\"https:\/\/www.hydraulic-cylinders.net\/wp-content\/uploads\/2025\/01\/hydraulic-cylinder-factory-2-scaled.webp\" alt=\"\" width=\"2011\" height=\"2560\" srcset=\"https:\/\/www.hydraulic-cylinders.net\/wp-content\/uploads\/2025\/01\/hydraulic-cylinder-factory-2-scaled.webp 2011w, https:\/\/www.hydraulic-cylinders.net\/wp-content\/uploads\/2025\/01\/hydraulic-cylinder-factory-2-1280x1629.webp 1280w, https:\/\/www.hydraulic-cylinders.net\/wp-content\/uploads\/2025\/01\/hydraulic-cylinder-factory-2-980x1248.webp 980w, https:\/\/www.hydraulic-cylinders.net\/wp-content\/uploads\/2025\/01\/hydraulic-cylinder-factory-2-480x611.webp 480w\" sizes=\"(min-width: 0px) and (max-width: 480px) 480px, (min-width: 481px) and (max-width: 980px) 980px, (min-width: 981px) and (max-width: 1280px) 1280px, (min-width: 1281px) 2011px, 100vw\" \/><\/h2>\n<p>Prev\u00e1dzkujeme plne automatick\u00fa linku na nan\u00e1\u0161anie farieb na vodnej b\u00e1ze, ktor\u00e1 je \u0161peci\u00e1lne navrhnut\u00e1 pre mal\u00e9 a stredn\u00e9 valce a je vybaven\u00e1 automatizovan\u00fdmi robotmi na nakladanie, vykladanie a striekanie. Tento modern\u00fd syst\u00e9m sa m\u00f4\u017ee pochv\u00e1li\u0165 v\u00fdrobnou kapacitou 4 000 kusov za smenu. Okrem toho m\u00e1me poloautomatick\u00fa lakovaciu linku pre ve\u013ek\u00e9 valce, poh\u00e1\u0148an\u00fa re\u0165azov\u00fdm pohonom, s projektovanou kapacitou 60 prepraviek za smenu.<\/p>\n<p>Aby sme zv\u00fd\u0161ili v\u00fdkonnos\u0165 produktov a upevnili si na\u0161e ved\u00face postavenie v odvetv\u00ed hydraulick\u00fdch valcov, spojili sme sa so spolo\u010dnos\u0165ou ZJIMEE s cie\u013eom vybudova\u0165 komplexn\u00e9 v\u00fdkonnostn\u00e9 laborat\u00f3rium zameran\u00e9 na hydraulick\u00e9 valce, ventily a \u010derpadl\u00e1. Toto pokro\u010dil\u00e9 laborat\u00f3rium vyu\u017e\u00edva po\u010d\u00edta\u010dom podporovan\u00e9 testovanie s elektrohydraulickou technol\u00f3giou, \u010do umo\u017e\u0148uje prednastaven\u00e9 testovacie podmienky, ktor\u00e9 zlep\u0161uj\u00fa presnos\u0165 a v\u0161estrannos\u0165 syst\u00e9mu. Automatizovan\u00fd proces zberu \u00fadajov vyu\u017e\u00edva senzory na zhroma\u017e\u010fovanie v\u00fdstupn\u00fdch \u00fadajov, ako s\u00fa vn\u00fatorn\u00e9 netesnosti a \u00fa\u010dinnos\u0165 za\u0165a\u017eenia, ktor\u00e9 potom spracov\u00e1va po\u010d\u00edta\u010d a prev\u00e1dza na \u0161tandardn\u00e9 jednotky (ml\/min%).<\/p>\n<p>Okrem toho, aby sme zaistili bezpe\u010dnos\u0165 na\u0161ich hydraulick\u00fdch syst\u00e9mov, implementujeme monitorovanie stavu k\u013e\u00fa\u010dov\u00fdch v\u00fdkonnostn\u00fdch parametrov vr\u00e1tane teploty oleja, hladiny kvapaliny a stavu filtra\u010dn\u00e9ho zariadenia. N\u00e1\u0161 testovac\u00ed stojan pre hydraulick\u00e9 valce dok\u00e1\u017ee pos\u00fadi\u0165 \u201e\u00fa\u010dinnos\u0165 za\u0165a\u017eenia\u201c a \u201evn\u00fatorn\u00fa netesnos\u0165\u201c prostredn\u00edctvom presn\u00fdch \u00fadajov. Je tie\u017e vybaven\u00fd merac\u00edm pr\u00edstrojom s mrie\u017ekov\u00fdm prav\u00edtkom, ktor\u00fd sp\u013a\u0148a n\u00e1rodn\u00e9 normy a zabezpe\u010duje s\u00falad so v\u0161etk\u00fdmi testovac\u00edmi po\u017eiadavkami pre hydraulick\u00e9 valce.<\/p>\n<p>&nbsp;<\/p>","protected":false},"excerpt":{"rendered":"<p>Wind Power Series Cylinders \u00a0 The Wind Power Series Cylinders are specifically engineered for the wind energy sector, delivering reliable and efficient performance across various applications. These cylinders play a vital role in controlling the mechanisms that harness wind energy, significantly enhancing the efficiency and effectiveness of wind turbines. Crafted with precision and built to [&hellip;]<\/p>","protected":false},"featured_media":17150,"comment_status":"open","ping_status":"closed","template":"","meta":{"_et_pb_use_builder":"","_et_pb_old_content":"","_et_gb_content_width":""},"product_brand":[],"product_cat":[1552,1513,1376],"product_tag":[],"class_list":{"0":"post-17147","1":"product","2":"type-product","3":"status-publish","4":"has-post-thumbnail","6":"product_cat-stainless-steel-hydraulic-cylinder","7":"product_cat-wind-turbine-hydraulic-cylinders","8":"product_cat-hydraulic-cylinder","10":"first","11":"instock","12":"shipping-taxable","13":"product-type-simple"},"amp_enabled":true,"_links":{"self":[{"href":"https:\/\/www.hydraulic-cylinders.net\/sk\/wp-json\/wp\/v2\/product\/17147","targetHints":{"allow":["GET"]}}],"collection":[{"href":"https:\/\/www.hydraulic-cylinders.net\/sk\/wp-json\/wp\/v2\/product"}],"about":[{"href":"https:\/\/www.hydraulic-cylinders.net\/sk\/wp-json\/wp\/v2\/types\/product"}],"replies":[{"embeddable":true,"href":"https:\/\/www.hydraulic-cylinders.net\/sk\/wp-json\/wp\/v2\/comments?post=17147"}],"wp:featuredmedia":[{"embeddable":true,"href":"https:\/\/www.hydraulic-cylinders.net\/sk\/wp-json\/wp\/v2\/media\/17150"}],"wp:attachment":[{"href":"https:\/\/www.hydraulic-cylinders.net\/sk\/wp-json\/wp\/v2\/media?parent=17147"}],"wp:term":[{"taxonomy":"product_brand","embeddable":true,"href":"https:\/\/www.hydraulic-cylinders.net\/sk\/wp-json\/wp\/v2\/product_brand?post=17147"},{"taxonomy":"product_cat","embeddable":true,"href":"https:\/\/www.hydraulic-cylinders.net\/sk\/wp-json\/wp\/v2\/product_cat?post=17147"},{"taxonomy":"product_tag","embeddable":true,"href":"https:\/\/www.hydraulic-cylinders.net\/sk\/wp-json\/wp\/v2\/product_tag?post=17147"}],"curies":[{"name":"pracovn\u00fd list","href":"https:\/\/api.w.org\/{rel}","templated":true}]}}