{"id":1724,"date":"2023-10-12T03:00:38","date_gmt":"2023-10-12T03:00:38","guid":{"rendered":"https:\/\/hydraulic-cylinders.net\/?post_type=product&#038;p=1724"},"modified":"2025-04-11T02:53:46","modified_gmt":"2025-04-11T02:53:46","slug":"equipment-roller-press-cement-cylinder","status":"publish","type":"product","link":"https:\/\/www.hydraulic-cylinders.net\/sk\/produkt\/equipment-roller-press-cement-cylinder\/","title":{"rendered":"Valcov\u00fd lis na cement"},"content":{"rendered":"<h1 style=\"text-align: center;\"><strong>Valcov\u00fd lis na cement<\/strong><\/h1>\n<p><img loading=\"lazy\" decoding=\"async\" class=\"aligncenter wp-image-1726\" src=\"https:\/\/hydraulic-cylinders.net\/wp-content\/uploads\/2023\/10\/roller-press-cylinder-1-300x300.webp\" alt=\"\" width=\"400\" height=\"400\" \/><\/p>\n<p>Valcov\u00fd lis na cement je k\u013e\u00fa\u010dovou s\u00fa\u010das\u0165ou v\u00fdroby cementu a je \u0161peci\u00e1lne navrhnut\u00fd na zv\u00fd\u0161enie efektivity a produktivity vo v\u00fdrobn\u00fdch z\u00e1vodoch. Jeho v\u00fdnimo\u010dn\u00e9 vlastnosti a robustn\u00e1 kon\u0161trukcia ho robia nevyhnutn\u00fdm pre efekt\u00edvnu prev\u00e1dzku valcov\u00fdch lisov.<\/p>\n<p>V\u010faka odolnosti vo\u010di vysok\u00e9mu tlaku, presnej v\u00fdrobe a pokro\u010dilej technol\u00f3gii tesnenia zais\u0165uje valec na cement spo\u013eahliv\u00fd a efekt\u00edvny v\u00fdkon. V\u00fdkon a \u017eivotnos\u0165 valca m\u00f4\u017eete maximalizova\u0165 dodr\u017eiavan\u00edm odpor\u00fa\u010dan\u00fdch met\u00f3d pou\u017e\u00edvania a postupov \u00fadr\u017eby. To nielen zvy\u0161uje efektivitu va\u0161ich cement\u00e1rskych oper\u00e1ci\u00ed, ale prispieva aj k celkovej produktivite a ziskovosti.<\/p>\n<h2><strong>Parameter valca val\u010dekov\u00e9ho lisu na cementov\u00e9 zariadenie:<\/strong><\/h2>\n<table border=\"1\" cellspacing=\"0\" cellpadding=\"0\">\n<tbody>\n<tr>\n<td>N\u00e1zov produktu<\/td>\n<td>Valcov\u00fd lis na cement<\/td>\n<\/tr>\n<tr>\n<td>Vlastnosti:<\/td>\n<td>Zaistite stredn\u00fa polohu up\u00ednacej hlavy<\/td>\n<\/tr>\n<tr>\n<td>Priemer otvoru:<\/td>\n<td>200 mm\uff5e700 mm<\/td>\n<\/tr>\n<tr>\n<td>Priemer ty\u010de:<\/td>\n<td>130 mm\uff5e500 mm<br \/>\nZdvih: \u2264500 mm<\/td>\n<\/tr>\n<tr>\n<td>\u0164ahov\u00e1 sila:<\/td>\n<td>Max. 5387 kN<br \/>\n(Priemer valca 700 mm\/tlak 14 MPa)<\/td>\n<\/tr>\n<tr>\n<td>Pou\u017eitie valca valcov\u00e9ho lisu na cementov\u00e9 zariadenia:<\/td>\n<td>Cementov\u00e9 zariadenia<\/td>\n<\/tr>\n<\/tbody>\n<\/table>\n<div><\/div>\n<div class=\"txtboxR\">\n<div class=\"txtboxL\">\n<div class=\"txtboxL\">\n<div class=\"txtboxL\">\n<div class=\"txtboxL\">\n<div class=\"txtboxL\">\n<div class=\"txtboxL\">\n<div class=\"youhangitem\">\n<div class=\"youhangitem3\">\n<div class=\"txtbox clearfix\">\n<div class=\"txtboxL\"><strong>Vlastnosti: <\/strong>Zabezpe\u010dte medzeru medzi \u0165ahom a ovl\u00e1dan\u00edm<\/div>\n<div class=\"txtboxL\"><strong>\u0160pecifik\u00e1cia:<\/strong><\/div>\n<div class=\"txtboxR\"><strong>Priemer otvoru:<\/strong> 200 mm\uff5e700 mm<br \/>\n<strong>Priemer ty\u010de:<\/strong> 130 mm\uff5e500 mm<br \/>\n<strong>M\u0155tvica:<\/strong> \u2264500 mm<\/div>\n<div class=\"txtboxL\"><strong>\u0164ahov\u00e1 sila: <\/strong>Max. 5387 kN<br \/>\n(Priemer valca 700 mm\/tlak 14 MPa)<\/div>\n<\/div>\n<\/div>\n<\/div>\n<\/div>\n<\/div>\n<\/div>\n<div><\/div>\n<div><strong style=\"color: #333333; font-size: 26px;\">K\u013e\u00fa\u010dov\u00e9 vlastnosti valca lisu na cementov\u00e9 zariadenia:<\/strong><\/div>\n<\/div>\n<\/div>\n<\/div>\n<\/div>\n<h3><strong>Robustn\u00e1 kon\u0161trukcia<\/strong><\/h3>\n<p>Valcov\u00fd lis na cement je vyroben\u00fd z vysoko kvalitn\u00fdch materi\u00e1lov, \u010do zaru\u010duje v\u00fdnimo\u010dn\u00fa odolnos\u0165 a dlh\u00fa \u017eivotnos\u0165 aj v n\u00e1ro\u010dn\u00fdch prostrediach cement\u00e1rn\u00ed. Jeho robustn\u00e1 kon\u0161trukcia umo\u017e\u0148uje zvl\u00e1da\u0165 \u0165a\u017ek\u00e9 bremen\u00e1 a z\u00e1rove\u0148 si zachov\u00e1va optim\u00e1lny v\u00fdkon po\u010das nepretr\u017eitej prev\u00e1dzky.<\/p>\n<h3><strong>Odolnos\u0165 vo\u010di vysok\u00e9mu tlaku<\/strong><\/h3>\n<p>Tento valec, navrhnut\u00fd \u0161peci\u00e1lne pre vysokotlakov\u00e9 aplik\u00e1cie, vynik\u00e1 v intenz\u00edvnych podmienkach typick\u00fdch pre lisy na cement. Efekt\u00edvne zvl\u00e1da zna\u010dn\u00e9 sily generovan\u00e9 pri mlet\u00ed a drven\u00ed surov\u00edn, \u010d\u00edm zabezpe\u010duje spo\u013eahliv\u00fa a efekt\u00edvnu prev\u00e1dzku.<\/p>\n<h3><strong>Presn\u00e1 v\u00fdroba<\/strong><\/h3>\n<p>Ka\u017ed\u00fd valec valcov\u00e9ho lisu pre cementov\u00e9 zariadenie je starostlivo vyroben\u00fd tak, aby sa dosiahli presn\u00e9 rozmery a pr\u00edsne tolerancie. T\u00e1to \u00farove\u0148 presnosti umo\u017e\u0148uje plynul\u00fd a presn\u00fd pohyb, \u010d\u00edm sa v\u00fdrazne zvy\u0161uje v\u00fdkon a v\u00fdstup valcov\u00e9ho lisu.<\/p>\n<h3><strong>Pokro\u010dil\u00e1 technol\u00f3gia tesnenia<\/strong><\/h3>\n<p>V\u010faka najmodernej\u0161ej technol\u00f3gii tesnenia tento valec \u00fa\u010dinne zabra\u0148uje \u00faniku hydraulickej kvapaliny. Spo\u013eahliv\u00fd tesniaci mechanizmus nielen minimalizuje prestoje, ale tie\u017e zni\u017euje n\u00e1klady na \u00fadr\u017ebu, \u010d\u00edm zvy\u0161uje celkov\u00fa efektivitu procesu v\u00fdroby cementu.<\/p>\n<h2><strong>Elektrick\u00e1 pec <\/strong><strong> Tov\u00e1re\u0148 na v\u00fdrobu valcov:<\/strong><\/h2>\n<p><img loading=\"lazy\" decoding=\"async\" class=\"alignnone wp-image-1697 size-full\" src=\"https:\/\/hydraulic-cylinders.net\/wp-content\/uploads\/2023\/10\/filter-press-cylinder-1.webp\" alt=\"\" width=\"1418\" height=\"946\" srcset=\"https:\/\/hydraulic-cylinders.net\/wp-content\/uploads\/2023\/10\/filter-press-cylinder-1.webp 1418w, https:\/\/hydraulic-cylinders.net\/wp-content\/uploads\/2023\/10\/filter-press-cylinder-1-1280x854.webp 1280w, https:\/\/hydraulic-cylinders.net\/wp-content\/uploads\/2023\/10\/filter-press-cylinder-1-980x654.webp 980w, https:\/\/hydraulic-cylinders.net\/wp-content\/uploads\/2023\/10\/filter-press-cylinder-1-480x320.webp 480w\" sizes=\"(min-width: 0px) and (max-width: 480px) 480px, (min-width: 481px) and (max-width: 980px) 980px, (min-width: 981px) and (max-width: 1280px) 1280px, (min-width: 1281px) 1418px, 100vw\" \/><\/p>\n<h2><strong>Met\u00f3da pou\u017eitia cementov\u00e9ho zariadenia valcov\u00e9ho lisu<\/strong><strong>:<\/strong><\/h2>\n<h3><strong>In\u0161tal\u00e1cia<\/strong><\/h3>\n<p>Za\u010dnite t\u00fdm, \u017ee budete dodr\u017eiava\u0165 pokyny v\u00fdrobcu pre bezpe\u010dn\u00fa in\u0161tal\u00e1ciu <strong>zariadenie valcov\u00fd lis cementov\u00fd valec<\/strong> na valcov\u00fd lis. Zabezpe\u010dte spr\u00e1vne zarovnanie a upevnenie, aby ste zaru\u010dili stabiln\u00fa a bezpe\u010dn\u00fa prev\u00e1dzku.<\/p>\n<h3><strong>Hydraulick\u00e9 pripojenie<\/strong><\/h3>\n<p>Potom pripojte valec k hydraulick\u00e9mu syst\u00e9mu valcov\u00e9ho lisu pomocou vhodn\u00fdch hydraulick\u00fdch spojok a had\u00edc. Pre zachovanie integrity syst\u00e9mu je nevyhnutn\u00e9 overi\u0165, \u010di s\u00fa v\u0161etky pripojenia bezpe\u010dn\u00e9 a bez \u00fanikov.<\/p>\n<h3><strong>Kalibr\u00e1cia syst\u00e9mu<\/strong><\/h3>\n<p><img loading=\"lazy\" decoding=\"async\" class=\"size-full wp-image-8207 aligncenter\" src=\"https:\/\/www.hydraulic-cylinders.net\/wp-content\/uploads\/2023\/10\/hydraulic-system.webp\" alt=\"\" width=\"800\" height=\"450\" srcset=\"https:\/\/www.hydraulic-cylinders.net\/wp-content\/uploads\/2023\/10\/hydraulic-system.webp 800w, https:\/\/www.hydraulic-cylinders.net\/wp-content\/uploads\/2023\/10\/hydraulic-system-480x270.webp 480w\" sizes=\"(min-width: 0px) and (max-width: 480px) 480px, (min-width: 481px) 800px, 100vw\" \/><\/p>\n<p>Kalibrujte hydraulick\u00fd syst\u00e9m, aby ste zabezpe\u010dili optim\u00e1lny v\u00fdkon od <strong>zariadenie valcov\u00fd lis cementov\u00fd valec<\/strong>Upravte nastavenia tlaku a prietoky pod\u013ea odpor\u00fa\u010dan\u00ed v\u00fdrobcu, aby ste dosiahli po\u017eadovan\u00e9 prev\u00e1dzkov\u00e9 parametre.<\/p>\n<h3><strong>Prev\u00e1dzka a riadenie<\/strong><\/h3>\n<p>Aktivujte hydraulick\u00fd syst\u00e9m, aby ste spustili prev\u00e1dzku valcov\u00e9ho lisu. <strong>zariadenie valcov\u00fd lis cementov\u00fd valec<\/strong> bude spolupracova\u0165 s pr\u00edtla\u010dn\u00fdmi valcami a vyv\u00edja\u0165 potrebn\u00fa silu na efekt\u00edvne mletie a drvenie surov\u00edn. Na monitorovanie a nastavenie polohy, tlaku a r\u00fdchlosti valca pou\u017eite ovl\u00e1dac\u00ed panel alebo rozhranie, \u010d\u00edm zabezpe\u010d\u00edte presn\u00fa a efekt\u00edvnu prev\u00e1dzku.<\/p>\n<h2 id=\"the-pasted-async\"><strong>Ako zariadenia na valcovanie cementov\u00fdch valcov zlep\u0161uj\u00fa efektivitu v\u00fdroby cementu?<\/strong><\/h2>\n<h3 id=\"the-pasted-async\"><strong>Vylep\u0161en\u00e9 br\u00fasenie materi\u00e1lu<\/strong><\/h3>\n<p><strong>Aplik\u00e1cia pri vysokom tlaku:<\/strong> Valce vyv\u00edjaj\u00fa na suroviny zna\u010dn\u00fd tlak, \u010do pom\u00e1ha rozru\u0161i\u0165 \u010dastice efekt\u00edvnej\u0161ie ako pri konven\u010dn\u00fdch met\u00f3dach mletia. Tento proces vedie k jemnej\u0161iemu produktu, ktor\u00fd zvy\u0161uje kvalitu kone\u010dn\u00e9ho cementu.<br \/>\n<strong>Vylep\u0161en\u00e9 rozlo\u017eenie \u010dast\u00edc:<\/strong> Mletie vytv\u00e1ra rovnomernej\u0161ie rozlo\u017eenie ve\u013ekosti \u010dast\u00edc, ktor\u00e9 je k\u013e\u00fa\u010dov\u00e9 pre dosiahnutie konzistentn\u00fdch vlastnost\u00ed cementu.<\/p>\n<h3><strong>Zn\u00ed\u017een\u00e1 spotreba energie<\/strong><\/h3>\n<p><strong>Ni\u017e\u0161ie n\u00e1klady na energiu:<\/strong> V\u010faka svojej efekt\u00edvnej mlecej schopnosti spotreb\u00favaj\u00fa tieto valce menej energie, \u010d\u00edm zni\u017euj\u00fa prev\u00e1dzkov\u00e9 n\u00e1klady. \u00daspora energie m\u00f4\u017ee by\u0165 pri dlh\u00fdch v\u00fdrobn\u00fdch s\u00e9ri\u00e1ch zna\u010dn\u00e1.<br \/>\n<strong>Men\u0161ie opotrebovanie zariadenia:<\/strong> Efekt\u00edvne mletie zni\u017euje za\u0165a\u017eenie ostatn\u00fdch komponentov v\u00fdrobnej linky, \u010do vedie k ni\u017e\u0161\u00edm energetick\u00fdm n\u00e1rokom na celkov\u00fa prev\u00e1dzku.<\/p>\n<h3><strong>Nepretr\u017eit\u00e1 prev\u00e1dzka<\/strong><\/h3>\n<p><strong>Robustn\u00fd dizajn:<\/strong> Valce valcov\u00fdch lisov na cement, skon\u0161truovan\u00e9 tak, aby odol\u00e1vali n\u00e1ro\u010dn\u00fdm podmienkam, m\u00f4\u017eu pracova\u0165 nepretr\u017eite bez \u010dast\u00fdch por\u00fach. T\u00e1to dlh\u00e1 \u017eivotnos\u0165 je nevyhnutn\u00e1 pre udr\u017eanie vysokej produktivity.<br \/>\n<strong>Minimalizovan\u00e9 prestoje:<\/strong> V\u010faka menej \u010dast\u00fdm potreb\u00e1m \u00fadr\u017eby a mo\u017enosti nepretr\u017eitej prev\u00e1dzky sa v\u00fdrazne skracuj\u00fa prestoje vo v\u00fdrobe, \u010do umo\u017e\u0148uje konzistentnej\u0161\u00ed v\u00fdstup.<\/p>\n<h3><strong>Presn\u00e9 riadenie<\/strong><\/h3>\n<p><img loading=\"lazy\" decoding=\"async\" class=\"size-full wp-image-8213 aligncenter\" src=\"https:\/\/www.hydraulic-cylinders.net\/wp-content\/uploads\/2023\/10\/Hydraulic-Cylinder-for-Cement-Roller.webp\" alt=\"\" width=\"550\" height=\"550\" srcset=\"https:\/\/www.hydraulic-cylinders.net\/wp-content\/uploads\/2023\/10\/Hydraulic-Cylinder-for-Cement-Roller.webp 550w, https:\/\/www.hydraulic-cylinders.net\/wp-content\/uploads\/2023\/10\/Hydraulic-Cylinder-for-Cement-Roller-480x480.webp 480w\" sizes=\"(min-width: 0px) and (max-width: 480px) 480px, (min-width: 481px) 550px, 100vw\" \/><\/p>\n<p><strong>Spracovanie na mieru:<\/strong> Oper\u00e1tori m\u00f4\u017eu upravi\u0165 parametre, ako je tlak a prietok, tak, aby vyhovovali \u0161pecifick\u00fdm materi\u00e1lom a v\u00fdrobn\u00fdm po\u017eiadavk\u00e1m. T\u00e1to flexibilita pom\u00e1ha optimalizova\u0165 proces mletia r\u00f4znych druhov cementu.<br \/>\n<strong>Konzistentnos\u0165 kvality:<\/strong> Presn\u00e1 kontrola procesu mletia zabezpe\u010duje, \u017ee kvalita cementu zost\u00e1va konzistentn\u00e1, \u010do je k\u013e\u00fa\u010dov\u00e9 pre splnenie priemyseln\u00fdch \u0161tandardov a o\u010dak\u00e1van\u00ed z\u00e1kazn\u00edkov.<\/p>\n<h3><strong>Priestorov\u00e1 efekt\u00edvnos\u0165<\/strong><\/h3>\n<p><strong>Kompaktn\u00fd dizajn:<\/strong> Men\u0161\u00ed p\u00f4dorys valcov valcov\u00fdch lisov v porovnan\u00ed s tradi\u010dn\u00fdmi mlynmi umo\u017e\u0148uje efekt\u00edvnej\u0161ie vyu\u017eitie priestoru vo v\u00fdrobnom zariaden\u00ed. To m\u00f4\u017ee vies\u0165 k lep\u0161ej integr\u00e1cii pracovn\u00fdch postupov a procesov.<br \/>\n<strong>Flexibiln\u00e9 rozlo\u017eenia:<\/strong> Ich dizajn umo\u017e\u0148uje flexibilitu v usporiadan\u00ed z\u00e1vodov, \u010do v\u00fdrobcom umo\u017e\u0148uje prisp\u00f4sobi\u0165 sa meniacim sa potreb\u00e1m v\u00fdroby alebo expandova\u0165 bez v\u00fdrazn\u00fdch \u0161truktur\u00e1lnych zmien.<\/p>\n<h3><strong>Environment\u00e1lne v\u00fdhody<\/strong><\/h3>\n<p><strong>Ni\u017e\u0161ie emisie CO2:<\/strong> Valce na cement s valcov\u00fdm lisom prispievaj\u00fa k zn\u00ed\u017eeniu emisi\u00ed uhl\u00edka spojen\u00fdch s v\u00fdrobou cementu v\u010faka ni\u017e\u0161ej spotrebe energie a zlep\u0161eniu \u00fa\u010dinnosti procesu mletia.<br \/>\n<strong>Ochrana zdrojov:<\/strong> Efekt\u00edvne spracovanie znamen\u00e1 menej odpadu zo surov\u00edn, \u010do podporuje udr\u017eate\u013enej\u0161ie v\u00fdrobn\u00e9 postupy.<\/p>\n<h3><strong>Integr\u00e1cia s modern\u00fdmi technol\u00f3giami<\/strong><\/h3>\n<p><strong>Automatiz\u00e1cia a monitorovanie:<\/strong> Mnoh\u00e9 modern\u00e9 syst\u00e9my valcov\u00fdch lisov maj\u00fa pokro\u010dil\u00e9 monitorovacie a riadiace syst\u00e9my, ktor\u00e9 umo\u017e\u0148uj\u00fa anal\u00fdzu \u00fadajov a \u00fapravy v re\u00e1lnom \u010dase. T\u00e1to integr\u00e1cia zvy\u0161uje prev\u00e1dzkov\u00fa efektivitu a schopnos\u0165 reagova\u0165 na v\u00fdrobn\u00e9 potreby.<br \/>\n<strong>Kompatibilita s in\u00fdmi technol\u00f3giami:<\/strong> Tieto valce sa daj\u00fa \u013eahko integrova\u0165 do existuj\u00facich v\u00fdrobn\u00fdch liniek, \u010do umo\u017e\u0148uje moderniz\u00e1ciu bez kompletn\u00fdch gener\u00e1lnych opravov syst\u00e9mu.<\/p>\n<h2><strong>Schopnos\u0165 a kapacita tov\u00e1rne:<\/strong><\/h2>\n<h3><strong>(1) Mont\u00e1\u017e<\/strong><\/h3>\n<p>Na\u0161e zariadenie sa m\u00f4\u017ee pochv\u00e1li\u0165 \u0161pi\u010dkovou nez\u00e1vislou v\u00fdskumnou a v\u00fdvojovou mont\u00e1\u017enou platformou zameranou na v\u00fdrobu hydraulick\u00fdch valcov. Prev\u00e1dzkujeme \u0161tyri poloautomatick\u00e9 mont\u00e1\u017ene linky zdv\u00edhac\u00edch valcov a jednu plne automatick\u00fa mont\u00e1\u017enu linku nakl\u00e1pac\u00edch valcov s p\u00f4sobivou ro\u010dnou v\u00fdrobnou kapacitou 1 mili\u00f3na valcov.<img loading=\"lazy\" decoding=\"async\" class=\"aligncenter wp-image-626\" src=\"https:\/\/hydraulic-cylinders.net\/wp-content\/uploads\/2023\/08\/hydraulic-cylinder-product-1-300x158.webp\" alt=\"\" width=\"500\" height=\"263\" srcset=\"https:\/\/hydraulic-cylinders.net\/wp-content\/uploads\/2023\/08\/hydraulic-cylinder-product-1-300x158.webp 500w, https:\/\/hydraulic-cylinders.net\/wp-content\/uploads\/2023\/08\/hydraulic-cylinder-product-1-480x252.webp 480w\" sizes=\"(min-width: 0px) and (max-width: 480px) 480px, (min-width: 481px) 500px, 100vw\" \/><\/p>\n<p>V na\u0161ej \u0161pecializovanej dielni na v\u00fdrobu valcov pou\u017e\u00edvame poloautomatick\u00fd syst\u00e9m \u010distenia a mont\u00e1\u017ee navrhnut\u00fd pre r\u00f4zne \u0161pecifik\u00e1cie, ktor\u00fd je schopn\u00fd vyrobi\u0165 200 000 valcov ro\u010dne. Na\u0161a diel\u0148a je vybaven\u00e1 modern\u00fdm CNC obr\u00e1bac\u00edm zariaden\u00edm, obr\u00e1bac\u00edm centrom, vysoko presn\u00fdmi n\u00e1strojmi na spracovanie valcov, robotick\u00fdmi zv\u00e1rac\u00edmi strojmi, automatick\u00fdmi \u010distiacimi syst\u00e9mami a automatizovanou linkou na mont\u00e1\u017e valcov. Okrem toho m\u00e1me plne automatizovan\u00fa v\u00fdrobn\u00fa linku na lakovanie.<\/p>\n<p>S viac ako 300 kusmi kritick\u00e9ho vybavenia n\u00e1m optim\u00e1lne rozdelenie zdrojov zabezpe\u010duje splnenie pr\u00edsnych \u0161tandardov presnosti a kvality, ktor\u00e9 vy\u017eaduj\u00fa na\u0161i klienti. Tento z\u00e1v\u00e4zok k efekt\u00edvnosti a prec\u00edznosti n\u00e1s stavia na l\u00eddra v odvetv\u00ed hydraulick\u00fdch valcov.<\/p>\n<p><img loading=\"lazy\" decoding=\"async\" class=\"aligncenter wp-image-627\" src=\"https:\/\/hydraulic-cylinders.net\/wp-content\/uploads\/2023\/08\/hydraulic-cylinder-product-2-300x189.webp\" alt=\"\" width=\"500\" height=\"315\" srcset=\"https:\/\/hydraulic-cylinders.net\/wp-content\/uploads\/2023\/08\/hydraulic-cylinder-product-2-300x189.webp 500w, https:\/\/hydraulic-cylinders.net\/wp-content\/uploads\/2023\/08\/hydraulic-cylinder-product-2-480x302.webp 480w\" sizes=\"(min-width: 0px) and (max-width: 480px) 480px, (min-width: 481px) 500px, 100vw\" \/><\/p>\n<h3><strong>(2) Obr\u00e1banie<\/strong><\/h3>\n<p>Na\u0161a obr\u00e1bacia diel\u0148a je vybaven\u00e1 najmodernej\u0161\u00edm vybaven\u00edm vr\u00e1tane prisp\u00f4soben\u00e9ho centra na s\u00fastru\u017eenie \u0161ikm\u00fdch ko\u013eajn\u00edc, presn\u00e9ho obr\u00e1bacieho centra, vysokor\u00fdchlostn\u00e9ho honovacieho stroja a pokro\u010dil\u00fdch zv\u00e1rac\u00edch robotov. Toto sofistikovan\u00e9 nastavenie n\u00e1m umo\u017e\u0148uje efekt\u00edvne spracov\u00e1va\u0165 valcov\u00e9 r\u00fary s maxim\u00e1lnym vn\u00fatorn\u00fdm priemerom 400 mm a d\u013a\u017ekou a\u017e 6 metrov.<\/p>\n<p><img loading=\"lazy\" decoding=\"async\" class=\"wp-image-628 size-large aligncenter\" src=\"https:\/\/hydraulic-cylinders.net\/wp-content\/uploads\/2023\/08\/hydraulic-cylinder-product-3-1024x391.webp\" alt=\"\" width=\"1024\" height=\"391\" srcset=\"https:\/\/hydraulic-cylinders.net\/wp-content\/uploads\/2023\/08\/hydraulic-cylinder-product-3-980x374.webp 980w, https:\/\/hydraulic-cylinders.net\/wp-content\/uploads\/2023\/08\/hydraulic-cylinder-product-3-480x183.webp 480w\" sizes=\"(min-width: 0px) and (max-width: 480px) 480px, (min-width: 481px) and (max-width: 980px) 980px, (min-width: 981px) 1024px, 100vw\" \/><\/p>\n<p>V\u010faka na\u0161ej \u0161pi\u010dkovej technol\u00f3gii zabezpe\u010dujeme vysoko kvalitn\u00e9 obr\u00e1banie, ktor\u00e9 sp\u013a\u0148a rozmanit\u00e9 potreby v\u00fdroby hydraulick\u00fdch valcov.<\/p>\n<h3><strong>(3) Zv\u00e1ranie<\/strong><\/h3>\n<p><img loading=\"lazy\" decoding=\"async\" class=\"wp-image-629 size-large aligncenter\" src=\"https:\/\/hydraulic-cylinders.net\/wp-content\/uploads\/2023\/08\/hydraulic-cylinder-product-4-1024x510.webp\" alt=\"\" width=\"1024\" height=\"510\" srcset=\"https:\/\/hydraulic-cylinders.net\/wp-content\/uploads\/2023\/08\/hydraulic-cylinder-product-4-980x488.webp 980w, https:\/\/hydraulic-cylinders.net\/wp-content\/uploads\/2023\/08\/hydraulic-cylinder-product-4-480x239.webp 480w\" sizes=\"(min-width: 0px) and (max-width: 480px) 480px, (min-width: 481px) and (max-width: 980px) 980px, (min-width: 981px) 1024px, 100vw\" \/><\/p>\n<h3><strong>(4) Ma\u013eovanie a n\u00e1tery<\/strong><\/h3>\n<p><img loading=\"lazy\" decoding=\"async\" class=\"wp-image-630 aligncenter\" src=\"https:\/\/hydraulic-cylinders.net\/wp-content\/uploads\/2023\/08\/hydraulic-cylinder-product-5-300x213.webp\" alt=\"\" width=\"500\" height=\"355\" \/><\/p>\n<p>Na\u0161e zariadenie je vybaven\u00e9 pokro\u010dil\u00fdmi automatick\u00fdmi linkami na nan\u00e1\u0161anie farieb na vodnej b\u00e1ze, ktor\u00e9 s\u00fa \u0161peci\u00e1lne navrhnut\u00e9 pre mal\u00e9 a stredne ve\u013ek\u00e9 valce. Tieto linky vyu\u017e\u00edvaj\u00fa robotick\u00fa technol\u00f3giu na efekt\u00edvne nakladanie, vykladanie a striekanie, \u010d\u00edm dosahuj\u00fa pozoruhodn\u00fa v\u00fdrobn\u00fa kapacitu 4 000 kusov za smenu.<\/p>\n<p><img loading=\"lazy\" decoding=\"async\" class=\"wp-image-631 aligncenter\" src=\"https:\/\/hydraulic-cylinders.net\/wp-content\/uploads\/2023\/08\/hydraulic-cylinder-product-6-300x225.webp\" alt=\"\" width=\"500\" height=\"375\" srcset=\"https:\/\/hydraulic-cylinders.net\/wp-content\/uploads\/2023\/08\/hydraulic-cylinder-product-6-300x225.webp 500w, https:\/\/hydraulic-cylinders.net\/wp-content\/uploads\/2023\/08\/hydraulic-cylinder-product-6-480x360.webp 480w\" sizes=\"(min-width: 0px) and (max-width: 480px) 480px, (min-width: 481px) 500px, 100vw\" \/><\/p>\n<p>Okrem toho prev\u00e1dzkujeme poloautomatick\u00fa linku na v\u00fdrobu farieb pre ve\u013ek\u00e9 valce, poh\u00e1\u0148an\u00fa robustnou energetickou re\u0165azou, s projektovanou kapacitou 60 kusov za smenu. T\u00e1to kombin\u00e1cia automatiz\u00e1cie a efekt\u00edvnosti zais\u0165uje vysoko kvalitn\u00e9 povrchov\u00e9 \u00fapravy v\u0161etk\u00fdch na\u0161ich hydraulick\u00fdch valcov.<\/p>\n<h3><strong>(5) Testovanie<\/strong><\/h3>\n<p>Disponujeme prvotriednymi kontroln\u00fdmi zariadeniami a sk\u00fa\u0161obn\u00fdmi zariadeniami, ktor\u00e9 zabezpe\u010duj\u00fa, \u017ee v\u00fdkonnos\u0165 valca sp\u013a\u0148a po\u017eiadavky.<\/p>\n<p><img loading=\"lazy\" decoding=\"async\" class=\"wp-image-632 aligncenter\" src=\"https:\/\/hydraulic-cylinders.net\/wp-content\/uploads\/2023\/08\/hydraulic-cylinder-product-8-300x200.webp\" alt=\"\" width=\"389\" height=\"260\" \/><\/p>\n<p>Sme renomovan\u00fd v\u00fdrobca <a href=\"https:\/\/hzpt.com\/mobile-machinery-hydraulic-cylinder\/\" target=\"_blank\" rel=\"noopener\">hydraulick\u00e9 valce<\/a>, uzn\u00e1van\u00fd ako jeden z najlep\u0161\u00edch v tomto odvetv\u00ed. N\u00e1\u0161 rozsiahly produktov\u00fd rad zah\u0155\u0148a \u0161irok\u00fa \u0161k\u00e1lu hydraulick\u00fdch valcov prisp\u00f4soben\u00fdch r\u00f4znym aplik\u00e1ci\u00e1m. Okrem hydraulick\u00fdch valcov poskytujeme aj vysokokvalitn\u00e9 po\u013enohospod\u00e1rske prevodovky, \u010d\u00edm zabezpe\u010dujeme na\u0161im z\u00e1kazn\u00edkom pr\u00edstup ku komplexn\u00fdm rie\u0161eniam pre ich potreby v oblasti strojov.<\/p>\n<p>V\u010faka z\u00e1v\u00e4zku k excelentnosti sme \u00faspe\u0161ne exportovali na\u0161e produkty klientom po celom svete a z\u00edskali sme si siln\u00fa reput\u00e1ciu v\u010faka vynikaj\u00facej kvalite produktov a v\u00fdnimo\u010dn\u00e9mu popredajn\u00e9mu servisu. Na\u0161e odhodlanie k spokojnosti z\u00e1kazn\u00edkov n\u00e1s etablovalo ako d\u00f4veryhodn\u00e9ho partnera na dom\u00e1com aj medzin\u00e1rodnom trhu.<\/p>\n<h2><strong>Pre\u010do si vybra\u0165 n\u00e1s?<\/strong><\/h2>\n<p><img loading=\"lazy\" decoding=\"async\" class=\"size-full wp-image-7201 aligncenter\" src=\"https:\/\/www.hydraulic-cylinders.net\/wp-content\/uploads\/2024\/09\/mining-dump-steering-cylinder-hydraulics-on-trucks-8.webp\" alt=\"\" width=\"1110\" height=\"735\" srcset=\"https:\/\/www.hydraulic-cylinders.net\/wp-content\/uploads\/2024\/09\/mining-dump-steering-cylinder-hydraulics-on-trucks-8.webp 1110w, https:\/\/www.hydraulic-cylinders.net\/wp-content\/uploads\/2024\/09\/mining-dump-steering-cylinder-hydraulics-on-trucks-8-980x649.webp 980w, https:\/\/www.hydraulic-cylinders.net\/wp-content\/uploads\/2024\/09\/mining-dump-steering-cylinder-hydraulics-on-trucks-8-480x318.webp 480w\" sizes=\"(min-width: 0px) and (max-width: 480px) 480px, (min-width: 481px) and (max-width: 980px) 980px, (min-width: 981px) 1110px, 100vw\" \/><\/p>\n<p><strong>Odborn\u00e1 odbornos\u0165:<\/strong> N\u00e1\u0161 t\u00edm sa sklad\u00e1 z odborn\u00edkov z odvetvia s rozsiahlymi znalos\u0165ami a sk\u00fasenos\u0165ami v oblasti hydraulick\u00fdch syst\u00e9mov, \u010do zaru\u010duje dod\u00e1vanie \u0161pi\u010dkov\u00fdch produktov a slu\u017eieb.<\/p>\n<p><strong>Medzin\u00e1rodn\u00e9 certifik\u00e1cie:<\/strong> Dodr\u017eiavame pr\u00edsne normy kvality a sme dr\u017eite\u013emi r\u00f4znych medzin\u00e1rodn\u00fdch certifik\u00e1tov, \u010do dokazuje n\u00e1\u0161 z\u00e1v\u00e4zok dod\u00e1va\u0165 spo\u013eahliv\u00e9 a bezpe\u010dn\u00e9 hydraulick\u00e9 rie\u0161enia.<\/p>\n<p><strong>Rie\u0161enia na mieru:<\/strong> Ch\u00e1peme, \u017ee potreby ka\u017ed\u00e9ho z\u00e1kazn\u00edka s\u00fa jedine\u010dn\u00e9. Preto pon\u00fakame hydraulick\u00e9 valce a prevodovky na mieru, ktor\u00e9 s\u00fa prisp\u00f4soben\u00e9 \u0161pecifick\u00fdm po\u017eiadavk\u00e1m.<\/p>\n<p><strong>Pokro\u010dil\u00e9 v\u00fdrobn\u00e9 zariadenia:<\/strong> Na\u0161e najmodernej\u0161ie v\u00fdrobn\u00e9 zariadenia vyu\u017e\u00edvaj\u00fa najmodernej\u0161ie technol\u00f3gie a zariadenia, \u010do n\u00e1m umo\u017e\u0148uje efekt\u00edvne vyr\u00e1ba\u0165 vysoko kvalitn\u00e9 produkty.<\/p>\n<p><strong>Komplexn\u00e1 popredajn\u00e1 podpora:<\/strong> N\u00e1\u0161 z\u00e1v\u00e4zok vo\u010di z\u00e1kazn\u00edkom presahuje r\u00e1mec predaja. Poskytujeme nepretr\u017eit\u00fa podporu a \u00fadr\u017ebu, aby sme zabezpe\u010dili optim\u00e1lny v\u00fdkon na\u0161ich produktov.<\/p>\n<p>Poz\u00fdvame z\u00e1kazn\u00edkov z cel\u00e9ho sveta, aby n\u00e1s kontaktovali oh\u013eadom obchodn\u00fdch rokovan\u00ed, v\u00fdmeny inform\u00e1ci\u00ed a pr\u00edle\u017eitost\u00ed na spolupr\u00e1cu. Spolo\u010dne m\u00f4\u017eeme dosiahnu\u0165 v\u00e4\u010d\u0161\u00ed \u00faspech v hydraulickom priemysle!<\/p>","protected":false},"excerpt":{"rendered":"<p>Equipment Roller Press Cement Cylinder The equipment roller press cement cylinder is a vital component in cement production, specifically designed to boost efficiency and productivity in manufacturing plants. Its exceptional characteristics and robust construction make it indispensable for effectively operating roller press machines. With its high-pressure resistance, precision manufacturing, and advanced sealing technology, the equipment [&hellip;]<\/p>","protected":false},"featured_media":1727,"comment_status":"open","ping_status":"closed","template":"","meta":{"_et_pb_use_builder":"","_et_pb_old_content":"","_et_gb_content_width":""},"product_brand":[],"product_cat":[1520,1549],"product_tag":[1380],"class_list":{"0":"post-1724","1":"product","2":"type-product","3":"status-publish","4":"has-post-thumbnail","6":"product_cat-concrete-equipment-hydraulic-cylinders","7":"product_cat-single-acting-hydraulic-cylinder","8":"product_tag-hydraulic-cylinder","10":"first","11":"instock","12":"shipping-taxable","13":"product-type-simple"},"amp_enabled":true,"_links":{"self":[{"href":"https:\/\/www.hydraulic-cylinders.net\/sk\/wp-json\/wp\/v2\/product\/1724","targetHints":{"allow":["GET"]}}],"collection":[{"href":"https:\/\/www.hydraulic-cylinders.net\/sk\/wp-json\/wp\/v2\/product"}],"about":[{"href":"https:\/\/www.hydraulic-cylinders.net\/sk\/wp-json\/wp\/v2\/types\/product"}],"replies":[{"embeddable":true,"href":"https:\/\/www.hydraulic-cylinders.net\/sk\/wp-json\/wp\/v2\/comments?post=1724"}],"wp:featuredmedia":[{"embeddable":true,"href":"https:\/\/www.hydraulic-cylinders.net\/sk\/wp-json\/wp\/v2\/media\/1727"}],"wp:attachment":[{"href":"https:\/\/www.hydraulic-cylinders.net\/sk\/wp-json\/wp\/v2\/media?parent=1724"}],"wp:term":[{"taxonomy":"product_brand","embeddable":true,"href":"https:\/\/www.hydraulic-cylinders.net\/sk\/wp-json\/wp\/v2\/product_brand?post=1724"},{"taxonomy":"product_cat","embeddable":true,"href":"https:\/\/www.hydraulic-cylinders.net\/sk\/wp-json\/wp\/v2\/product_cat?post=1724"},{"taxonomy":"product_tag","embeddable":true,"href":"https:\/\/www.hydraulic-cylinders.net\/sk\/wp-json\/wp\/v2\/product_tag?post=1724"}],"curies":[{"name":"pracovn\u00fd list","href":"https:\/\/api.w.org\/{rel}","templated":true}]}}