{"id":1728,"date":"2023-10-12T03:34:42","date_gmt":"2023-10-12T03:34:42","guid":{"rendered":"https:\/\/hydraulic-cylinders.net\/?post_type=product&#038;p=1728"},"modified":"2025-04-11T02:53:43","modified_gmt":"2025-04-11T02:53:43","slug":"cement-equipment-vertical-mill-cylinder","status":"publish","type":"product","link":"https:\/\/www.hydraulic-cylinders.net\/sk\/produkt\/cement-equipment-vertical-mill-cylinder\/","title":{"rendered":"Vertik\u00e1lny mlynsk\u00fd valec pre cementov\u00e9 zariadenia"},"content":{"rendered":"<h1 style=\"text-align: center;\"><strong>Vertik\u00e1lny mlynsk\u00fd valec pre cementov\u00e9 zariadenia<\/strong><\/h1>\n<p><img loading=\"lazy\" decoding=\"async\" class=\"aligncenter wp-image-1729\" src=\"https:\/\/hydraulic-cylinders.net\/wp-content\/uploads\/2023\/10\/vertical-mill-cylinder-1-300x300.webp\" alt=\"\" width=\"400\" height=\"400\" \/><\/p>\n<p>Vertik\u00e1lny mlynsk\u00fd valec cementov\u00e9ho zariadenia je k\u013e\u00fa\u010dovou s\u00fa\u010das\u0165ou procesu v\u00fdroby cementu a je navrhnut\u00fd tak, aby zlep\u0161il efektivitu a produktivitu v cement\u00e1r\u0148ach. Tento valec zohr\u00e1va d\u00f4le\u017eit\u00fa \u00falohu vo vertik\u00e1lnych valcov\u00fdch mlynoch, ktor\u00e9 sa v cement\u00e1renskom priemysle \u0161iroko pou\u017e\u00edvaj\u00fa na mletie surov\u00edn a slinku.<\/p>\n<p>Vertik\u00e1lny mlynsk\u00fd valec pre cement\u00e1rne je k\u013e\u00fa\u010dovou s\u00fa\u010das\u0165ou v\u00fdroby cementu, ktor\u00e1 zvy\u0161uje efektivitu a produktivitu v cement\u00e1r\u0148ach. Tento valec zais\u0165uje spo\u013eahliv\u00fa a efekt\u00edvnu prev\u00e1dzku v\u010faka svojej robustnej kon\u0161trukcii, odolnosti vo\u010di vysok\u00e9mu tlaku, presn\u00e9mu obr\u00e1baniu a pokro\u010dilej technol\u00f3gii tesnenia. Dodr\u017eiavan\u00edm odpor\u00fa\u010dan\u00fdch met\u00f3d pou\u017e\u00edvania a postupov \u00fadr\u017eby m\u00f4\u017eete maximalizova\u0165 v\u00fdkon a \u017eivotnos\u0165 vertik\u00e1lneho mlynsk\u00e9ho valca pre cement\u00e1rne, \u010d\u00edm sa v kone\u010dnom d\u00f4sledku zlep\u0161\u00ed produktivita a ziskovos\u0165 va\u0161ich cement\u00e1rskych oper\u00e1ci\u00ed.<\/p>\n<p>K\u013e\u00fa\u010dov\u00e9 vlastnosti vertik\u00e1lneho mlynsk\u00e9ho valca pre cementov\u00e9 zariadenia:<\/p>\n<ol>\n<li>Robustn\u00e1 kon\u0161trukcia:<\/li>\n<\/ol>\n<ul>\n<li>Vyroben\u00e9 z vysoko kvalitn\u00fdch materi\u00e1lov pre odolnos\u0165 v n\u00e1ro\u010dn\u00fdch prostrediach cement\u00e1rn\u00ed.<\/li>\n<li>Odol\u00e1va vysok\u00e9mu za\u0165a\u017eeniu a udr\u017eiava optim\u00e1lny v\u00fdkon po\u010das procesu br\u00fasenia.<\/li>\n<\/ul>\n<ol start=\"2\">\n<li>Odolnos\u0165 vo\u010di vysok\u00e9mu tlaku:<\/li>\n<\/ol>\n<ul>\n<li>\u0160peci\u00e1lne navrhnut\u00e9 tak, aby odolali vysokotlakov\u00fdm aplik\u00e1ci\u00e1m be\u017ene sa vyskytuj\u00facim vo vertik\u00e1lnych valcov\u00fdch mlynoch.<\/li>\n<li>Zvl\u00e1da intenz\u00edvne sily vznikaj\u00face po\u010das mletia surov\u00edn a slinku.<\/li>\n<\/ul>\n<ol start=\"3\">\n<li>Presn\u00e9 obr\u00e1banie:<\/li>\n<\/ol>\n<ul>\n<li>Prech\u00e1dza presn\u00fdmi obr\u00e1bac\u00edmi procesmi pre dosiahnutie presn\u00fdch rozmerov a pr\u00edsnych toleranci\u00ed.<\/li>\n<li>Umo\u017e\u0148uje plynul\u00fd a presn\u00fd pohyb, \u010do prispieva k celkov\u00e9mu v\u00fdkonu a v\u00fdstupu.<\/li>\n<\/ul>\n<ol start=\"4\">\n<li>Pokro\u010dil\u00e1 technol\u00f3gia tesnenia:<\/li>\n<\/ol>\n<ul>\n<li>Vybaven\u00e9 pokro\u010dilou technol\u00f3giou tesnenia, ktor\u00e1 zabra\u0148uje \u00faniku hydraulickej kvapaliny.<\/li>\n<li>Spo\u013eahliv\u00e9 tesnenie minimalizuje prestoje, zni\u017euje n\u00e1klady na \u00fadr\u017ebu a zvy\u0161uje efektivitu.<\/li>\n<\/ul>\n<h2><strong>Parameter vertik\u00e1lneho mlynsk\u00e9ho valca cementov\u00e9ho zariadenia:<\/strong><\/h2>\n<table border=\"1\" cellspacing=\"0\" cellpadding=\"0\">\n<tbody>\n<tr>\n<td>N\u00e1zov produktu<\/td>\n<td>Vertik\u00e1lny mlynsk\u00fd valec pre cementov\u00e9 zariadenia<\/td>\n<\/tr>\n<tr>\n<td>Vlastnosti:<\/td>\n<td>Zaistite stredn\u00fa polohu up\u00ednacej hlavy<\/td>\n<\/tr>\n<tr>\n<td>Priemer otvoru:<\/td>\n<td>200 mm\uff5e700 mm<\/td>\n<\/tr>\n<tr>\n<td>Priemer ty\u010de:<\/td>\n<td>130 mm\uff5e500 mm<br \/>\nZdvih: \u2264500 mm<\/td>\n<\/tr>\n<tr>\n<td>\u0164ahov\u00e1 sila:<\/td>\n<td>Max. 5387 kN<br \/>\n(Priemer valca 700 mm\/tlak 14 MPa)<\/td>\n<\/tr>\n<tr>\n<td>Pou\u017eitie vertik\u00e1lneho mlynsk\u00e9ho valca pre cementov\u00e9 zariadenia:<\/td>\n<td>Cementov\u00e9 zariadenia<\/td>\n<\/tr>\n<\/tbody>\n<\/table>\n<div><\/div>\n<div>\n<div class=\"txtboxL\">Vlastnosti:<\/div>\n<div class=\"txtboxR\">Zabezpe\u010dte nap\u00e4tie\/kontrolujte medzeru medzi br\u00fasnymi valcami<\/div>\n<div class=\"txtboxL\">\u0160pecifik\u00e1cia:<\/div>\n<div class=\"txtboxR\">Priemer otvoru: 260 mm\uff5e540 mm<br \/>\nPriemer ty\u010de: 130 mm\uff5e265 mm<br \/>\nZdvih: \u22644000 mm<\/div>\n<div class=\"txtboxL\">\u0164ahov\u00e1 sila:<\/div>\n<div class=\"txtboxR\">Max. 2646 kN<br \/>\n(Priemer valca 540 mm\/tlak 21 MPa)<\/div>\n<\/div>\n<h2><strong>Elektrick\u00e1 pec <\/strong><strong> Tov\u00e1re\u0148 na v\u00fdrobu valcov:<\/strong><\/h2>\n<p><img loading=\"lazy\" decoding=\"async\" class=\"alignnone wp-image-1697 size-full\" src=\"https:\/\/hydraulic-cylinders.net\/wp-content\/uploads\/2023\/10\/filter-press-cylinder-1.webp\" alt=\"\" width=\"1418\" height=\"946\" srcset=\"https:\/\/hydraulic-cylinders.net\/wp-content\/uploads\/2023\/10\/filter-press-cylinder-1.webp 1418w, https:\/\/hydraulic-cylinders.net\/wp-content\/uploads\/2023\/10\/filter-press-cylinder-1-1280x854.webp 1280w, https:\/\/hydraulic-cylinders.net\/wp-content\/uploads\/2023\/10\/filter-press-cylinder-1-980x654.webp 980w, https:\/\/hydraulic-cylinders.net\/wp-content\/uploads\/2023\/10\/filter-press-cylinder-1-480x320.webp 480w\" sizes=\"(min-width: 0px) and (max-width: 480px) 480px, (min-width: 481px) and (max-width: 980px) 980px, (min-width: 981px) and (max-width: 1280px) 1280px, (min-width: 1281px) 1418px, 100vw\" \/><\/p>\n<h2><strong>Met\u00f3da pou\u017eitia vertik\u00e1lneho mlynsk\u00e9ho valca pre cementov\u00e9 zariadenia<\/strong><strong>:<\/strong><\/h2>\n<ol>\n<li><strong>In\u0161tal\u00e1cia:<\/strong><\/li>\n<\/ol>\n<ul>\n<li>Pre bezpe\u010dn\u00fa in\u0161tal\u00e1ciu na vertik\u00e1lny valcov\u00fd mlyn dodr\u017eiavajte pokyny v\u00fdrobcu.<\/li>\n<li>Pre stabiln\u00fa a bezpe\u010dn\u00fa prev\u00e1dzku zabezpe\u010dte spr\u00e1vne zarovnanie a upevnenie.<\/li>\n<\/ul>\n<ol start=\"2\">\n<li><strong>Hydraulick\u00e9 pripojenie:<\/strong><\/li>\n<\/ol>\n<ul>\n<li>Pripojte valec k hydraulick\u00e9mu syst\u00e9mu pomocou vhodn\u00fdch spojok a had\u00edc.<\/li>\n<li>Skontrolujte bezpe\u010dn\u00e9 pripojenia bez ak\u00fdchko\u013evek \u00fanikov.<\/li>\n<\/ul>\n<ol start=\"3\">\n<li><strong>Kalibr\u00e1cia syst\u00e9mu:<\/strong><\/li>\n<\/ol>\n<ul>\n<li>Kalibrujte hydraulick\u00fd syst\u00e9m pre optimaliz\u00e1ciu v\u00fdkonu valca.<\/li>\n<li>Upravte nastavenia tlaku a prietoky pod\u013ea odpor\u00fa\u010dan\u00ed v\u00fdrobcu.<\/li>\n<\/ul>\n<ol start=\"4\">\n<li><strong>Prev\u00e1dzka a ovl\u00e1danie:<\/strong><\/li>\n<\/ol>\n<ul>\n<li>Aktivujte hydraulick\u00fd syst\u00e9m na spustenie prev\u00e1dzky vertik\u00e1lneho valcov\u00e9ho mlyna.<\/li>\n<li>Valec zaber\u00e1 s mlec\u00edmi valcami a vyv\u00edja potrebn\u00fa silu na mletie a drvenie.<\/li>\n<li>Monitorujte a upravujte polohu, tlak a r\u00fdchlos\u0165 valca prostredn\u00edctvom ovl\u00e1dacieho panela alebo rozhrania.<\/li>\n<\/ul>\n<h2><strong>Ako rekon\u0161truova\u0165 hydraulick\u00e9 valce?<\/strong><\/h2>\n<p>Rekon\u0161trukcia hydraulick\u00fdch valcov m\u00f4\u017ee pom\u00f4c\u0165 obnovi\u0165 ich funk\u010dnos\u0165 a pred\u013a\u017ei\u0165 ich \u017eivotnos\u0165. Tu je v\u0161eobecn\u00fd n\u00e1vod, ako rekon\u0161truova\u0165 hydraulick\u00e9 valce:<\/p>\n<ol>\n<li><strong>Zhroma\u017edite n\u00e1stroje a materi\u00e1ly:<\/strong>\n<ul>\n<li>Ochrann\u00e9 rukavice a ochrann\u00e9 okuliare<\/li>\n<li>K\u013e\u00fa\u010de a obj\u00edmky<\/li>\n<li>P\u00e1\u010didlo alebo n\u00e1stroj na odstr\u00e1nenie tesnenia<\/li>\n<li>Gumov\u00e9 kladivo alebo kladivo<\/li>\n<li>S\u00faprava na opravu valca (obsahuje tesnenia, O-kr\u00fa\u017eky a \u010fal\u0161ie potrebn\u00e9 komponenty)<\/li>\n<li>Hydraulick\u00e1 kvapalina<\/li>\n<li>\u010cist\u00e9 handry alebo uter\u00e1ky<\/li>\n<\/ul>\n<\/li>\n<li><strong>Bezpe\u010dnostn\u00e9 opatrenia:<\/strong>\n<ul>\n<li>Pred za\u010dat\u00edm procesu prestavby sa uistite, \u017ee hydraulick\u00fd syst\u00e9m je bez tlaku a valec je \u00faplne zasunut\u00fd.<\/li>\n<li>Noste ochrann\u00e9 rukavice a okuliare, aby ste sa chr\u00e1nili pred pr\u00edpadn\u00fdmi nebezpe\u010denstvami.<\/li>\n<\/ul>\n<\/li>\n<li><strong>Odstr\u00e1\u0148te valec:<\/strong>\n<ul>\n<li>Odpojte hydraulick\u00e9 potrubia od valca pomocou k\u013e\u00fa\u010dov alebo obj\u00edmok.<\/li>\n<li>Na opatrn\u00e9 odstr\u00e1nenie piestu alebo upch\u00e1vky z valca pou\u017eite p\u00e1\u010didlo alebo n\u00e1stroj na odstr\u00e1nenie tesnenia.<\/li>\n<li>Skontrolujte komponenty valca, \u010di nevykazuj\u00fa zn\u00e1mky po\u0161kodenia alebo opotrebenia.<\/li>\n<\/ul>\n<\/li>\n<li><strong>Demont\u00e1\u017e valca:<\/strong>\n<ul>\n<li>Opatrne rozoberte valec odstr\u00e1nen\u00edm poistn\u00fdch kr\u00fa\u017ekov alebo skrutiek, ktor\u00e9 dr\u017eia r\u00f4zne komponenty pohromade.<\/li>\n<li>Pre presn\u00fa op\u00e4tovn\u00fa mont\u00e1\u017e si v\u0161imnite poradie a usporiadanie komponentov.<\/li>\n<\/ul>\n<\/li>\n<li><strong>Vy\u010distite a skontrolujte:<\/strong>\n<ul>\n<li>D\u00f4kladne vy\u010distite v\u0161etky komponenty valca vhodn\u00fdm rozp\u00fa\u0161\u0165adlom, aby ste odstr\u00e1nili ne\u010distoty, \u00falomky a star\u00fa hydraulick\u00fa kvapalinu.<\/li>\n<li>Skontrolujte komponenty, \u010di nevykazuj\u00fa zn\u00e1mky po\u0161kodenia, opotrebovania alebo jamkovania. Vyme\u0148te v\u0161etky po\u0161koden\u00e9 alebo opotrebovan\u00e9 diely.<\/li>\n<\/ul>\n<\/li>\n<li><strong>V\u00fdmena tesnen\u00ed a O-kr\u00fa\u017ekov:<\/strong>\n<ul>\n<li>Pozrite si s\u00fapravu na opravu valca a identifikujte vhodn\u00e9 tesnenia a O-kr\u00fa\u017eky, ktor\u00e9 je potrebn\u00e9 vymeni\u0165.<\/li>\n<li>Nain\u0161talujte nov\u00e9 tesnenia a O-kr\u00fa\u017eky pod\u013ea pokynov v\u00fdrobcu a s pou\u017eit\u00edm spr\u00e1vneho mazania.<\/li>\n<\/ul>\n<\/li>\n<li><strong>Znovu zmontujte valec:<\/strong>\n<ul>\n<li>Za\u010dnite s op\u00e4tovnou mont\u00e1\u017eou valca opatrn\u00fdm vlo\u017een\u00edm piestu alebo upch\u00e1vky sp\u00e4\u0165 do valca.<\/li>\n<li>Znovu pripevnite poistn\u00e9 kr\u00fa\u017eky alebo skrutky, aby ste komponenty zaistili dohromady.<\/li>\n<li>Dodr\u017eujte spr\u00e1vne poradie a usporiadanie komponentov, ako bolo uveden\u00e9 pri demont\u00e1\u017ei.<\/li>\n<\/ul>\n<\/li>\n<li><strong>Otestujte a prein\u0161talujte:<\/strong>\n<ul>\n<li>Po op\u00e4tovnom zlo\u017een\u00ed valca manu\u00e1lne otestujte jeho pohyb, aby ste zabezpe\u010dili plynul\u00fd chod.<\/li>\n<li>Znovu pripojte hydraulick\u00e9 potrubia a uistite sa, \u017ee s\u00fa spr\u00e1vne utiahnut\u00e9.<\/li>\n<li>Dopl\u0148te hydraulick\u00fd syst\u00e9m odpor\u00fa\u010danou hydraulickou kvapalinou.<\/li>\n<\/ul>\n<\/li>\n<li><strong>Skontrolujte tesnos\u0165 a funk\u010dnos\u0165:<\/strong>\n<ul>\n<li>Spustite hydraulick\u00fd syst\u00e9m a pozorne sledujte valec, \u010di nevykazuje nejak\u00e9 zn\u00e1mky netesnost\u00ed.<\/li>\n<li>Monitorujte funk\u010dnos\u0165 valca a zabezpe\u010dte jeho plynul\u00fd chod bez ak\u00fdchko\u013evek probl\u00e9mov.<\/li>\n<\/ul>\n<\/li>\n<\/ol>\n<h2><strong>Schopnos\u0165 a kapacita tov\u00e1rne:<\/strong><\/h2>\n<h3>(1) Mont\u00e1\u017e<\/h3>\n<p>Disponujeme prvotriednou nez\u00e1vislou v\u00fdskumnou a v\u00fdvojovou mont\u00e1\u017enou platformou. Diel\u0148a na v\u00fdrobu hydraulick\u00fdch valcov m\u00e1 \u0161tyri poloautomatick\u00e9 mont\u00e1\u017ene linky zdv\u00edhac\u00edch valcov a jednu automatick\u00fa mont\u00e1\u017enu linku nakl\u00e1pac\u00edch valcov s projektovanou ro\u010dnou v\u00fdrobnou kapacitou 1 mili\u00f3n kusov. Diel\u0148a na v\u00fdrobu \u0161peci\u00e1lnych valcov je vybaven\u00e1 r\u00f4znymi \u0161pecifik\u00e1ciami poloautomatick\u00e9ho syst\u00e9mu \u010distenia a mont\u00e1\u017ee s projektovanou ro\u010dnou v\u00fdrobnou kapacitou 200 000 kusov a je vybaven\u00e1 zn\u00e1mym CNC obr\u00e1bac\u00edm zariaden\u00edm, obr\u00e1bac\u00edm centrom, \u0161peci\u00e1lnym zariaden\u00edm na vysoko presn\u00e9 spracovanie valcov, robotick\u00fdm zv\u00e1rac\u00edm strojom, automatick\u00fdm \u010distiacim strojom, automatick\u00fdm mont\u00e1\u017enym strojom valcov a automatickou lakovacou v\u00fdrobnou linkou. Existuj\u00face kritick\u00e9 zariadenia maj\u00fa viac ako 300 s\u00faprav (s\u00e1d). Optim\u00e1lne alokovanie a efekt\u00edvne vyu\u017e\u00edvanie zdrojov zariaden\u00ed zabezpe\u010duje po\u017eiadavky na presnos\u0165 v\u00fdrobkov a sp\u013a\u0148a po\u017eiadavky na vysok\u00fa kvalitu v\u00fdrobkov.<\/p>\n<p><img loading=\"lazy\" decoding=\"async\" class=\"alignnone wp-image-626\" src=\"https:\/\/hydraulic-cylinders.net\/wp-content\/uploads\/2023\/08\/hydraulic-cylinder-product-1-300x158.webp\" alt=\"\" width=\"495\" height=\"260\" srcset=\"https:\/\/hydraulic-cylinders.net\/wp-content\/uploads\/2023\/08\/hydraulic-cylinder-product-1-300x158.webp 495w, https:\/\/hydraulic-cylinders.net\/wp-content\/uploads\/2023\/08\/hydraulic-cylinder-product-1-480x252.webp 480w\" sizes=\"(min-width: 0px) and (max-width: 480px) 480px, (min-width: 481px) 495px, 100vw\" \/> <img loading=\"lazy\" decoding=\"async\" class=\"alignnone wp-image-627\" src=\"https:\/\/hydraulic-cylinders.net\/wp-content\/uploads\/2023\/08\/hydraulic-cylinder-product-2-300x189.webp\" alt=\"\" width=\"413\" height=\"260\" \/><\/p>\n<h3>(2) Obr\u00e1banie<\/h3>\n<p>Obr\u00e1bacia diel\u0148a je vybaven\u00e1 prisp\u00f4soben\u00fdm s\u00fastru\u017en\u00edckym centrom na \u0161ikm\u00e9 ko\u013eajnice, obr\u00e1bac\u00edm centrom, vysokor\u00fdchlostn\u00fdm honovac\u00edm strojom, zv\u00e1rac\u00edm robotom a \u010fal\u0161\u00edm s\u00favisiacim zariaden\u00edm, ktor\u00e9 dok\u00e1\u017ee spracova\u0165 valcov\u00e9 r\u00fary s maxim\u00e1lnym vn\u00fatorn\u00fdm priemerom 400 mm a maxim\u00e1lnou d\u013a\u017ekou 6 metrov.<\/p>\n<p><img loading=\"lazy\" decoding=\"async\" class=\"alignnone wp-image-628 size-large\" src=\"https:\/\/hydraulic-cylinders.net\/wp-content\/uploads\/2023\/08\/hydraulic-cylinder-product-3-1024x391.webp\" alt=\"\" width=\"1024\" height=\"391\" srcset=\"https:\/\/hydraulic-cylinders.net\/wp-content\/uploads\/2023\/08\/hydraulic-cylinder-product-3-980x374.webp 980w, https:\/\/hydraulic-cylinders.net\/wp-content\/uploads\/2023\/08\/hydraulic-cylinder-product-3-480x183.webp 480w\" sizes=\"(min-width: 0px) and (max-width: 480px) 480px, (min-width: 481px) and (max-width: 980px) 980px, (min-width: 981px) 1024px, 100vw\" \/><\/p>\n<h3>(3) Zv\u00e1ranie<\/h3>\n<p><img loading=\"lazy\" decoding=\"async\" class=\"alignnone wp-image-629 size-large\" src=\"https:\/\/hydraulic-cylinders.net\/wp-content\/uploads\/2023\/08\/hydraulic-cylinder-product-4-1024x510.webp\" alt=\"\" width=\"1024\" height=\"510\" srcset=\"https:\/\/hydraulic-cylinders.net\/wp-content\/uploads\/2023\/08\/hydraulic-cylinder-product-4-980x488.webp 980w, https:\/\/hydraulic-cylinders.net\/wp-content\/uploads\/2023\/08\/hydraulic-cylinder-product-4-480x239.webp 480w\" sizes=\"(min-width: 0px) and (max-width: 480px) 480px, (min-width: 481px) and (max-width: 980px) 980px, (min-width: 981px) 1024px, 100vw\" \/><\/p>\n<h3>(4) Ma\u013eovanie a natieranie<\/h3>\n<p>S mal\u00fdmi a stredne ve\u013ek\u00fdmi valcov\u00fdmi automatick\u00fdmi linkami na nan\u00e1\u0161anie farieb na vodnej b\u00e1ze, na dosiahnutie automatick\u00e9ho nakladania a vykladania robotmi a automatick\u00e9ho striekania, je projektovan\u00e1 kapacita 4000 kusov za smenu;<br \/>\nM\u00e1me tie\u017e poloautomatick\u00fa linku na v\u00fdrobu farieb pre ve\u013ek\u00e9 valce poh\u00e1\u0148an\u00e9 re\u0165azou s projektovanou kapacitou 60 kusov za smenu.<\/p>\n<p><img loading=\"lazy\" decoding=\"async\" class=\"alignnone wp-image-630\" src=\"https:\/\/hydraulic-cylinders.net\/wp-content\/uploads\/2023\/08\/hydraulic-cylinder-product-5-300x213.webp\" alt=\"\" width=\"366\" height=\"260\" \/> <img loading=\"lazy\" decoding=\"async\" class=\"alignnone wp-image-631\" src=\"https:\/\/hydraulic-cylinders.net\/wp-content\/uploads\/2023\/08\/hydraulic-cylinder-product-6-300x225.webp\" alt=\"\" width=\"347\" height=\"260\" \/><\/p>\n<h3>(5) Testovanie<\/h3>\n<p>Disponujeme prvotriednymi kontroln\u00fdmi zariadeniami a sk\u00fa\u0161obn\u00fdmi zariadeniami, ktor\u00e9 zabezpe\u010duj\u00fa, \u017ee v\u00fdkonnos\u0165 valca sp\u013a\u0148a po\u017eiadavky.<\/p>\n<p><img loading=\"lazy\" decoding=\"async\" class=\"alignnone wp-image-632\" src=\"https:\/\/hydraulic-cylinders.net\/wp-content\/uploads\/2023\/08\/hydraulic-cylinder-product-8-300x200.webp\" alt=\"\" width=\"389\" height=\"260\" \/><\/p>\n<p>&nbsp;<\/p>\n<p>&nbsp;<\/p>\n<p>Sme jedn\u00fdm z najlep\u0161\u00edch v\u00fdrobcov hydraulick\u00fdch valcov. Pon\u00fakame komplexn\u00e9 hydraulick\u00e9 valce. Poskytujeme aj zodpovedaj\u00face <a href=\"https:\/\/hzpt.com\/agricultural-pto-gearbox\/\" target=\"_blank\" rel=\"noopener\">po\u013enohospod\u00e1rske prevodovky<\/a>Na\u0161e produkty sme vyv\u00e1\u017eali klientom po celom svete a v\u010faka vynikaj\u00facej kvalite produktov a popredajn\u00e9mu servisu sme si z\u00edskali dobr\u00fa reput\u00e1ciu. V\u00edtame z\u00e1kazn\u00edkov doma aj v zahrani\u010d\u00ed, ktor\u00ed n\u00e1s kontaktuj\u00fa za \u00fa\u010delom rokovania o obchodn\u00fdch z\u00e1le\u017eitostiach, v\u00fdmeny inform\u00e1ci\u00ed a <a href=\"https:\/\/www.hydraulic-cylinders.net\/sk\/contact-us\/\">spolupracova\u0165 s nami<\/a>!<\/p>","protected":false},"excerpt":{"rendered":"<p>Cement Equipment Vertical Mill Cylinder The cement equipment vertical mill cylinder is a crucial component in the cement manufacturing process, designed to improve efficiency and productivity in cement plants. This cylinder plays a vital role in vertical roller mills, which are widely used for grinding raw materials and clinker in the cement industry. The cement [&hellip;]<\/p>","protected":false},"featured_media":1730,"comment_status":"open","ping_status":"closed","template":"","meta":{"_et_pb_use_builder":"","_et_pb_old_content":"","_et_gb_content_width":""},"product_brand":[],"product_cat":[1520,1549],"product_tag":[1380],"class_list":{"0":"post-1728","1":"product","2":"type-product","3":"status-publish","4":"has-post-thumbnail","6":"product_cat-concrete-equipment-hydraulic-cylinders","7":"product_cat-single-acting-hydraulic-cylinder","8":"product_tag-hydraulic-cylinder","10":"first","11":"instock","12":"shipping-taxable","13":"product-type-simple"},"amp_enabled":true,"_links":{"self":[{"href":"https:\/\/www.hydraulic-cylinders.net\/sk\/wp-json\/wp\/v2\/product\/1728","targetHints":{"allow":["GET"]}}],"collection":[{"href":"https:\/\/www.hydraulic-cylinders.net\/sk\/wp-json\/wp\/v2\/product"}],"about":[{"href":"https:\/\/www.hydraulic-cylinders.net\/sk\/wp-json\/wp\/v2\/types\/product"}],"replies":[{"embeddable":true,"href":"https:\/\/www.hydraulic-cylinders.net\/sk\/wp-json\/wp\/v2\/comments?post=1728"}],"wp:featuredmedia":[{"embeddable":true,"href":"https:\/\/www.hydraulic-cylinders.net\/sk\/wp-json\/wp\/v2\/media\/1730"}],"wp:attachment":[{"href":"https:\/\/www.hydraulic-cylinders.net\/sk\/wp-json\/wp\/v2\/media?parent=1728"}],"wp:term":[{"taxonomy":"product_brand","embeddable":true,"href":"https:\/\/www.hydraulic-cylinders.net\/sk\/wp-json\/wp\/v2\/product_brand?post=1728"},{"taxonomy":"product_cat","embeddable":true,"href":"https:\/\/www.hydraulic-cylinders.net\/sk\/wp-json\/wp\/v2\/product_cat?post=1728"},{"taxonomy":"product_tag","embeddable":true,"href":"https:\/\/www.hydraulic-cylinders.net\/sk\/wp-json\/wp\/v2\/product_tag?post=1728"}],"curies":[{"name":"pracovn\u00fd list","href":"https:\/\/api.w.org\/{rel}","templated":true}]}}