{"id":1731,"date":"2023-10-12T03:54:29","date_gmt":"2023-10-12T03:54:29","guid":{"rendered":"https:\/\/hydraulic-cylinders.net\/?post_type=product&#038;p=1731"},"modified":"2025-04-11T03:44:54","modified_gmt":"2025-04-11T03:44:54","slug":"cement-equipment-roll-over-cylinder","status":"publish","type":"product","link":"https:\/\/www.hydraulic-cylinders.net\/sk\/produkt\/cement-equipment-roll-over-cylinder\/","title":{"rendered":"Valec na prevr\u00e1tenie cementov\u00e9ho zariadenia"},"content":{"rendered":"<h1 style=\"text-align: center;\"><strong>Valec na prevr\u00e1tenie cementov\u00e9ho zariadenia<\/strong><\/h1>\n<p><img loading=\"lazy\" decoding=\"async\" class=\"aligncenter wp-image-1732\" src=\"https:\/\/hydraulic-cylinders.net\/wp-content\/uploads\/2023\/10\/roll-over-cylinder-1-300x300.webp\" alt=\"\" width=\"400\" height=\"400\" \/><\/p>\n<p>Prekl\u00e1pac\u00ed valec cementov\u00e9ho zariadenia je z\u00e1kladnou s\u00fa\u010das\u0165ou cement\u00e1rn\u00ed a je navrhnut\u00fd tak, aby zvy\u0161oval bezpe\u010dnos\u0165 a efektivitu po\u010das r\u00f4znych oper\u00e1ci\u00ed manipul\u00e1cie s materi\u00e1lom. Tento \u0161pecializovan\u00fd valec zohr\u00e1va k\u013e\u00fa\u010dov\u00fa \u00falohu v zariadeniach, ako s\u00fa mie\u0161a\u010dky cementu a domie\u0161ava\u010de bet\u00f3nu, preto\u017ee umo\u017e\u0148uje kontrolovan\u00e9 nakl\u00e1\u0148anie a ot\u00e1\u010danie bubna.<\/p>\n<p>Prekl\u00e1pac\u00ed valec pre cementov\u00e9 zariadenia je v cement\u00e1r\u0148ach k\u013e\u00fa\u010dov\u00fd, preto\u017ee zvy\u0161uje bezpe\u010dnos\u0165 a efektivitu po\u010das manipul\u00e1cie s materi\u00e1lom. V\u010faka svojej robustnej kon\u0161trukcii, presn\u00e9mu ovl\u00e1daniu, bezpe\u010dnostn\u00fdm prvkom a kompaktn\u00e9mu dizajnu umo\u017e\u0148uje tento valec kontrolovan\u00e9 nakl\u00e1\u0148anie a ot\u00e1\u010danie mie\u0161a\u010diek cementu alebo domie\u0161ava\u010dov bet\u00f3nu. Dodr\u017eiavan\u00edm odpor\u00fa\u010dan\u00fdch met\u00f3d pou\u017e\u00edvania a postupov \u00fadr\u017eby m\u00f4\u017eete maximalizova\u0165 v\u00fdkon a \u017eivotnos\u0165 prekl\u00e1pacieho valca pre cementov\u00e9 zariadenia, \u010d\u00edm sa v kone\u010dnom d\u00f4sledku zlep\u0161\u00ed bezpe\u010dnos\u0165, produktivita a ziskovos\u0165 va\u0161ich oper\u00e1ci\u00ed pri v\u00fdrobe cementu.<\/p>\n<p>K\u013e\u00fa\u010dov\u00e9 vlastnosti valca prevr\u00e1tenia cementov\u00e9ho zariadenia:<\/p>\n<ol>\n<li>Robustn\u00e1 kon\u0161trukcia:<\/li>\n<\/ol>\n<ul>\n<li>Valec pre cementov\u00e9 zariadenia je vyroben\u00fd z vysoko kvalitn\u00fdch materi\u00e1lov pre odolnos\u0165 a spo\u013eahlivos\u0165 v n\u00e1ro\u010dn\u00fdch prostrediach cement\u00e1rn\u00ed.<\/li>\n<li>Znesie \u0165a\u017ek\u00e9 bremen\u00e1 a n\u00e1mahu \u010dast\u00e9ho prevr\u00e1tenia a ot\u00e1\u010dania bez toho, aby to ohrozilo v\u00fdkon.<\/li>\n<\/ul>\n<ol start=\"2\">\n<li>Presn\u00e9 ovl\u00e1danie:<\/li>\n<\/ol>\n<ul>\n<li>Tento valec je navrhnut\u00fd tak, aby poskytoval presn\u00fa kontrolu nad skl\u00e1pan\u00edm a ot\u00e1\u010dan\u00edm mie\u0161a\u010diek cementu alebo domie\u0161ava\u010dov bet\u00f3nu.<\/li>\n<li>Umo\u017e\u0148uje oper\u00e1torom udr\u017eiava\u0165 stabilitu a presnos\u0165 po\u010das vypr\u00e1zd\u0148ovania materi\u00e1lu, \u010do prispieva k efekt\u00edvnej prev\u00e1dzke.<\/li>\n<\/ul>\n<ol start=\"3\">\n<li>Bezpe\u010dnostn\u00e9 prvky:<\/li>\n<\/ol>\n<ul>\n<li>Valec na prevr\u00e1tenie cementov\u00e9ho zariadenia obsahuje bezpe\u010dnostn\u00e9 prvky, ako s\u00fa integrovan\u00e9 blokovacie mechanizmy alebo bezpe\u010dnostn\u00e9 ventily, ktor\u00e9 zabra\u0148uj\u00fa n\u00e1hodn\u00e9mu prevr\u00e1teniu alebo oto\u010deniu.<\/li>\n<li>Tieto funkcie poskytuj\u00fa dodato\u010dn\u00fa vrstvu ochrany pre oper\u00e1torov, zariadenia a okolit\u00fd person\u00e1l.<\/li>\n<\/ul>\n<ol start=\"4\">\n<li>Kompaktn\u00fd dizajn:<\/li>\n<\/ol>\n<ul>\n<li>Kompaktn\u00e1 kon\u0161trukcia valca zais\u0165uje bezprobl\u00e9mov\u00fa integr\u00e1ciu do existuj\u00faceho cement\u00e1rskeho zariadenia, \u010d\u00edm sa minimalizuje potreba \u010fal\u0161\u00edch \u00faprav.<\/li>\n<li>Optimalizuje vyu\u017eitie priestoru a umo\u017e\u0148uje efekt\u00edvnu prev\u00e1dzku v stiesnen\u00fdch priestoroch.<\/li>\n<\/ul>\n<h2><strong>Parameter valca prevr\u00e1tenia cementov\u00e9ho zariadenia:<\/strong><\/h2>\n<table border=\"1\" cellspacing=\"0\" cellpadding=\"0\">\n<tbody>\n<tr>\n<td>N\u00e1zov produktu<\/td>\n<td>Valec na prevr\u00e1tenie cementov\u00e9ho zariadenia<\/td>\n<\/tr>\n<tr>\n<td>Vlastnosti:<\/td>\n<td>Zdv\u00edhanie a sp\u00fa\u0161\u0165anie hnacieho valca<\/td>\n<\/tr>\n<tr>\n<td>Priemer otvoru:<\/td>\n<td>180 mm\uff5e320 mm<\/td>\n<\/tr>\n<tr>\n<td>Priemer ty\u010de:<\/td>\n<td>110 mm\uff5e170 mm<br \/>\nZdvih: \u22646000 mm<\/td>\n<\/tr>\n<tr>\n<td>\u0164ahov\u00e1 sila:<\/td>\n<td>Max. 1688 kN<br \/>\n(Priemer valca 320 mm\/tlak 21 MPa)<\/td>\n<\/tr>\n<tr>\n<td>Pou\u017eitie valca na prevr\u00e1tenie cementov\u00e9ho zariadenia:<\/td>\n<td>Cementov\u00e9 zariadenia<\/td>\n<\/tr>\n<\/tbody>\n<\/table>\n<div><\/div>\n<div>\n<div class=\"txtboxL\">\n<div class=\"txtboxL\">Vlastnosti:<\/div>\n<div class=\"txtboxR\">Zdv\u00edhanie a sp\u00fa\u0161\u0165anie hnacieho valca<\/div>\n<div class=\"txtboxL\">\u0160pecifik\u00e1cia:<\/div>\n<div class=\"txtboxR\">Priemer otvoru: 180 mm\uff5e320 mm<br \/>\nPriemer ty\u010de: 110 mm\uff5e170 mm<br \/>\nZdvih: \u22646000 mm<\/div>\n<div class=\"txtboxL\">\u0164ahov\u00e1 sila:<\/div>\n<div class=\"txtboxR\">Max. 1688 kN<br \/>\n(Priemer valca 320 mm\/tlak 21 MPa)<\/div>\n<\/div>\n<\/div>\n<h2><strong>Cementov\u00e9 zariadenia <\/strong><strong>Tov\u00e1re\u0148 na v\u00fdrobu valcov:<\/strong><\/h2>\n<p><img loading=\"lazy\" decoding=\"async\" class=\"alignnone wp-image-1734 size-full\" src=\"https:\/\/hydraulic-cylinders.net\/wp-content\/uploads\/2023\/10\/cement-equipment-cylinder-1.webp\" alt=\"\" width=\"1418\" height=\"946\" srcset=\"https:\/\/hydraulic-cylinders.net\/wp-content\/uploads\/2023\/10\/cement-equipment-cylinder-1.webp 1418w, https:\/\/hydraulic-cylinders.net\/wp-content\/uploads\/2023\/10\/cement-equipment-cylinder-1-1280x854.webp 1280w, https:\/\/hydraulic-cylinders.net\/wp-content\/uploads\/2023\/10\/cement-equipment-cylinder-1-980x654.webp 980w, https:\/\/hydraulic-cylinders.net\/wp-content\/uploads\/2023\/10\/cement-equipment-cylinder-1-480x320.webp 480w\" sizes=\"(min-width: 0px) and (max-width: 480px) 480px, (min-width: 481px) and (max-width: 980px) 980px, (min-width: 981px) and (max-width: 1280px) 1280px, (min-width: 1281px) 1418px, 100vw\" \/><\/p>\n<h2><strong>Met\u00f3da pou\u017eitia cementov\u00e9ho zariadenia s prevr\u00e1ten\u00fdm valcom<\/strong><strong>:<\/strong><\/h2>\n<ol>\n<li><strong>In\u0161tal\u00e1cia:<\/strong><\/li>\n<\/ol>\n<ul>\n<li>Dodr\u017eiavajte pokyny v\u00fdrobcu, aby ste bezpe\u010dne nain\u0161talovali valec s prevr\u00e1ten\u00edm cementov\u00e9ho zariadenia na mie\u0161a\u010dku cementu alebo domie\u0161ava\u010d bet\u00f3nu.<\/li>\n<li>Pre bezpe\u010dn\u00fa a spo\u013eahliv\u00fa prev\u00e1dzku zabezpe\u010dte spr\u00e1vne zarovnanie a upevnenie.<\/li>\n<\/ul>\n<ol start=\"2\">\n<li><strong>Hydraulick\u00e9 pripojenie:<\/strong><\/li>\n<\/ol>\n<ul>\n<li>Pripojte valec k hydraulick\u00e9mu syst\u00e9mu zariadenia pomocou vhodn\u00fdch spojok a had\u00edc.<\/li>\n<li>Skontrolujte, \u010di s\u00fa v\u0161etky hydraulick\u00e9 pripojenia bezpe\u010dn\u00e9 a bez netesnost\u00ed.<\/li>\n<\/ul>\n<ol start=\"3\">\n<li><strong>Prev\u00e1dzka a ovl\u00e1danie:<\/strong><\/li>\n<\/ol>\n<ul>\n<li>Zapnite hydraulick\u00fd syst\u00e9m na aktiv\u00e1ciu valca prevr\u00e1tenia cementov\u00e9ho zariadenia.<\/li>\n<li>Na ovl\u00e1danie valca, ktor\u00fdm sa ovl\u00e1da nakl\u00e1\u0148anie a ot\u00e1\u010danie bubna, pou\u017eite ovl\u00e1dac\u00ed panel alebo rozhranie.<\/li>\n<li>Pre bezpe\u010dn\u00fa a efekt\u00edvnu prev\u00e1dzku dodr\u017eiavajte pokyny v\u00fdrobcu a odpor\u00fa\u010dan\u00e9 postupy.<\/li>\n<\/ul>\n<h2><strong>Ako odstr\u00e1ni\u0165 hydraulick\u00e9 spojkov\u00e9 potrubie z hlavn\u00e9ho spojkov\u00e9ho valca?<\/strong><\/h2>\n<p>Demont\u00e1\u017e hydraulick\u00e9ho spojkov\u00e9ho potrubia z hlavn\u00e9ho valca si vy\u017eaduje opatrn\u00e9 vykonanie, aby sa predi\u0161lo po\u0161kodeniu komponentov alebo vzniku \u00fanikov. Tu je podrobn\u00fd n\u00e1vod, ako demontova\u0165 hydraulick\u00e9 spojkov\u00e9 potrubie z hlavn\u00e9ho valca:<\/p>\n<ol>\n<li><strong>Zhroma\u017edite potrebn\u00e9 n\u00e1stroje:<\/strong>\n<ul>\n<li>Ochrann\u00e9 rukavice a ochrann\u00e9 okuliare<\/li>\n<li>K\u013e\u00fa\u010de alebo has\u00e1ky na \u0161n\u00fary (vhodn\u00e1 ve\u013ekos\u0165 pre armat\u00fary)<\/li>\n<li>Chy\u0165te panvicu alebo n\u00e1dobu na zachytenie rozliatej tekutiny<\/li>\n<li>\u010cist\u00e9 handry alebo uter\u00e1ky<\/li>\n<\/ul>\n<\/li>\n<li><strong>Zabezpe\u010dte bezpe\u010dnostn\u00e9 opatrenia:<\/strong>\n<ul>\n<li>Nasa\u010fte si ochrann\u00e9 rukavice a okuliare, aby ste sa chr\u00e1nili pred pr\u00edpadn\u00fdmi nebezpe\u010denstvami.<\/li>\n<li>Uistite sa, \u017ee motor je vypnut\u00fd a vozidlo je v parkovacej alebo neutr\u00e1lnej polohe so zatiahnutou parkovacou brzdou.<\/li>\n<\/ul>\n<\/li>\n<li><strong>N\u00e1jdite hlavn\u00fd brzdov\u00fd valec:<\/strong>\n<ul>\n<li>Hlavn\u00fd valec hydraulickej spojky sa zvy\u010dajne nach\u00e1dza v bl\u00edzkosti protipo\u017eiarnej steny na strane vodi\u010da v motorovom priestore.<\/li>\n<li>N\u00e1jdite spojkov\u00e9 potrubie, ktor\u00e9 sa prip\u00e1ja k hlavn\u00e9mu valcu. Na oboch koncoch bude ma\u0165 spojky.<\/li>\n<\/ul>\n<\/li>\n<li><strong>Pripravte sa na \u00fanik kvapaliny:<\/strong>\n<ul>\n<li>Pod hlavn\u00fd valec a spojkov\u00e9 potrubie umiestnite zachyt\u00e1vaciu misku alebo n\u00e1dobu na zachytenie akejko\u013evek kvapaliny, ktor\u00e1 by mohla po\u010das procesu demont\u00e1\u017ee unikn\u00fa\u0165.<\/li>\n<li>Majte po ruke \u010dist\u00e9 handry alebo uter\u00e1ky, aby ste mohli utrie\u0165 v\u0161etky rozliate tekutiny.<\/li>\n<\/ul>\n<\/li>\n<li><strong>Uvo\u013enite spojovacie prvky:<\/strong>\n<ul>\n<li>Na uvo\u013enenie spojovac\u00edch spojok na oboch koncoch spojkov\u00e9ho potrubia pou\u017eite vhodn\u00fd k\u013e\u00fa\u010d alebo has\u00e1k na strunu.<\/li>\n<li>Oto\u010dte k\u013e\u00fa\u010d proti smeru hodinov\u00fdch ru\u010di\u010diek, aby ste ho uvo\u013enili, ale d\u00e1vajte pozor, aby ste spoje pr\u00edli\u0161 neutiahli alebo netla\u010dili nasilu, preto\u017ee m\u00f4\u017eu by\u0165 krehk\u00e9.<\/li>\n<\/ul>\n<\/li>\n<li><strong>Odstr\u00e1\u0148te riadok:<\/strong>\n<ul>\n<li>Po uvo\u013enen\u00ed spojovac\u00edch prvkov ich opatrne ru\u010dne odskrutkujte, k\u00fdm sa \u00faplne neoddelia od hlavn\u00e9ho valca.<\/li>\n<li>Bu\u010fte pripraven\u00ed na to, \u017ee pri odstra\u0148ovan\u00ed potrubia a armat\u00far bude z nich odkvapk\u00e1va\u0165 zvy\u0161kov\u00e1 kvapalina.<\/li>\n<\/ul>\n<\/li>\n<li><strong>Skontrolujte potrubie a armat\u00fary:<\/strong>\n<ul>\n<li>Skontrolujte spojkov\u00e9 potrubie a armat\u00fary, \u010di nevykazuj\u00fa zn\u00e1mky po\u0161kodenia, opotrebovania alebo \u00faniku.<\/li>\n<li>Ak sa zistia ak\u00e9ko\u013evek probl\u00e9my, odpor\u00fa\u010da sa pred op\u00e4tovnou in\u0161tal\u00e1ciou vymeni\u0165 potrubie alebo armat\u00fary.<\/li>\n<\/ul>\n<\/li>\n<li><strong>Utesnite hlavn\u00fd valec:<\/strong>\n<ul>\n<li>Aby ste zabr\u00e1nili vniknutiu vzduchu alebo ne\u010dist\u00f4t do hlavn\u00e9ho valca, zakryte otvoren\u00fd otvor \u010distou handri\u010dkou alebo uz\u00e1verom.<\/li>\n<\/ul>\n<\/li>\n<li><strong>Tekutinu zlikvidujte spr\u00e1vnym sp\u00f4sobom:<\/strong>\n<ul>\n<li>Zozbieran\u00fa kvapalinu zlikvidujte v s\u00falade s miestnymi predpismi alebo ju odneste do pr\u00edslu\u0161n\u00e9ho recykla\u010dn\u00e9ho strediska.<\/li>\n<\/ul>\n<\/li>\n<\/ol>\n<h2><strong>Schopnos\u0165 a kapacita tov\u00e1rne:<\/strong><\/h2>\n<h3>(1) Mont\u00e1\u017e<\/h3>\n<p>Disponujeme prvotriednou nez\u00e1vislou v\u00fdskumnou a v\u00fdvojovou mont\u00e1\u017enou platformou. Diel\u0148a na v\u00fdrobu hydraulick\u00fdch valcov m\u00e1 \u0161tyri poloautomatick\u00e9 mont\u00e1\u017ene linky zdv\u00edhac\u00edch valcov a jednu automatick\u00fa mont\u00e1\u017enu linku nakl\u00e1pac\u00edch valcov s projektovanou ro\u010dnou v\u00fdrobnou kapacitou 1 mili\u00f3n kusov. Diel\u0148a na v\u00fdrobu \u0161peci\u00e1lnych valcov je vybaven\u00e1 r\u00f4znymi \u0161pecifik\u00e1ciami poloautomatick\u00e9ho syst\u00e9mu \u010distenia a mont\u00e1\u017ee s projektovanou ro\u010dnou v\u00fdrobnou kapacitou 200 000 kusov a je vybaven\u00e1 zn\u00e1mym CNC obr\u00e1bac\u00edm zariaden\u00edm, obr\u00e1bac\u00edm centrom, \u0161peci\u00e1lnym zariaden\u00edm na vysoko presn\u00e9 spracovanie valcov, robotick\u00fdm zv\u00e1rac\u00edm strojom, automatick\u00fdm \u010distiacim strojom, automatick\u00fdm mont\u00e1\u017enym strojom valcov a automatickou lakovacou v\u00fdrobnou linkou. Existuj\u00face kritick\u00e9 zariadenia maj\u00fa viac ako 300 s\u00faprav (s\u00e1d). Optim\u00e1lne alokovanie a efekt\u00edvne vyu\u017e\u00edvanie zdrojov zariaden\u00ed zabezpe\u010duje po\u017eiadavky na presnos\u0165 v\u00fdrobkov a sp\u013a\u0148a po\u017eiadavky na vysok\u00fa kvalitu v\u00fdrobkov.<\/p>\n<p><img loading=\"lazy\" decoding=\"async\" class=\"alignnone wp-image-626\" src=\"https:\/\/hydraulic-cylinders.net\/wp-content\/uploads\/2023\/08\/hydraulic-cylinder-product-1-300x158.webp\" alt=\"\" width=\"495\" height=\"260\" srcset=\"https:\/\/hydraulic-cylinders.net\/wp-content\/uploads\/2023\/08\/hydraulic-cylinder-product-1-300x158.webp 495w, https:\/\/hydraulic-cylinders.net\/wp-content\/uploads\/2023\/08\/hydraulic-cylinder-product-1-480x252.webp 480w\" sizes=\"(min-width: 0px) and (max-width: 480px) 480px, (min-width: 481px) 495px, 100vw\" \/> <img loading=\"lazy\" decoding=\"async\" class=\"alignnone wp-image-627\" src=\"https:\/\/hydraulic-cylinders.net\/wp-content\/uploads\/2023\/08\/hydraulic-cylinder-product-2-300x189.webp\" alt=\"\" width=\"413\" height=\"260\" \/><\/p>\n<h3>(2) Obr\u00e1banie<\/h3>\n<p>Obr\u00e1bacia diel\u0148a je vybaven\u00e1 prisp\u00f4soben\u00fdm s\u00fastru\u017en\u00edckym centrom na \u0161ikm\u00e9 ko\u013eajnice, obr\u00e1bac\u00edm centrom, vysokor\u00fdchlostn\u00fdm honovac\u00edm strojom, zv\u00e1rac\u00edm robotom a \u010fal\u0161\u00edm s\u00favisiacim zariaden\u00edm, ktor\u00e9 dok\u00e1\u017ee spracova\u0165 valcov\u00e9 r\u00fary s maxim\u00e1lnym vn\u00fatorn\u00fdm priemerom 400 mm a maxim\u00e1lnou d\u013a\u017ekou 6 metrov.<\/p>\n<p><img loading=\"lazy\" decoding=\"async\" class=\"alignnone wp-image-628 size-large\" src=\"https:\/\/hydraulic-cylinders.net\/wp-content\/uploads\/2023\/08\/hydraulic-cylinder-product-3-1024x391.webp\" alt=\"\" width=\"1024\" height=\"391\" srcset=\"https:\/\/hydraulic-cylinders.net\/wp-content\/uploads\/2023\/08\/hydraulic-cylinder-product-3-980x374.webp 980w, https:\/\/hydraulic-cylinders.net\/wp-content\/uploads\/2023\/08\/hydraulic-cylinder-product-3-480x183.webp 480w\" sizes=\"(min-width: 0px) and (max-width: 480px) 480px, (min-width: 481px) and (max-width: 980px) 980px, (min-width: 981px) 1024px, 100vw\" \/><\/p>\n<h3>(3) Zv\u00e1ranie<\/h3>\n<p><img loading=\"lazy\" decoding=\"async\" class=\"alignnone wp-image-629 size-large\" src=\"https:\/\/hydraulic-cylinders.net\/wp-content\/uploads\/2023\/08\/hydraulic-cylinder-product-4-1024x510.webp\" alt=\"\" width=\"1024\" height=\"510\" srcset=\"https:\/\/hydraulic-cylinders.net\/wp-content\/uploads\/2023\/08\/hydraulic-cylinder-product-4-980x488.webp 980w, https:\/\/hydraulic-cylinders.net\/wp-content\/uploads\/2023\/08\/hydraulic-cylinder-product-4-480x239.webp 480w\" sizes=\"(min-width: 0px) and (max-width: 480px) 480px, (min-width: 481px) and (max-width: 980px) 980px, (min-width: 981px) 1024px, 100vw\" \/><\/p>\n<h3>(4) Ma\u013eovanie a natieranie<\/h3>\n<p>S mal\u00fdmi a stredne ve\u013ek\u00fdmi valcov\u00fdmi automatick\u00fdmi linkami na nan\u00e1\u0161anie farieb na vodnej b\u00e1ze, na dosiahnutie automatick\u00e9ho nakladania a vykladania robotmi a automatick\u00e9ho striekania, je projektovan\u00e1 kapacita 4000 kusov za smenu;<br \/>\nM\u00e1me tie\u017e poloautomatick\u00fa linku na v\u00fdrobu farieb pre ve\u013ek\u00e9 valce poh\u00e1\u0148an\u00e9 re\u0165azou s projektovanou kapacitou 60 kusov za smenu.<\/p>\n<p><img loading=\"lazy\" decoding=\"async\" class=\"alignnone wp-image-630\" src=\"https:\/\/hydraulic-cylinders.net\/wp-content\/uploads\/2023\/08\/hydraulic-cylinder-product-5-300x213.webp\" alt=\"\" width=\"366\" height=\"260\" \/> <img loading=\"lazy\" decoding=\"async\" class=\"alignnone wp-image-631\" src=\"https:\/\/hydraulic-cylinders.net\/wp-content\/uploads\/2023\/08\/hydraulic-cylinder-product-6-300x225.webp\" alt=\"\" width=\"347\" height=\"260\" \/><\/p>\n<h3>(5) Testovanie<\/h3>\n<p>Disponujeme prvotriednymi kontroln\u00fdmi zariadeniami a sk\u00fa\u0161obn\u00fdmi zariadeniami, ktor\u00e9 zabezpe\u010duj\u00fa, \u017ee v\u00fdkonnos\u0165 valca sp\u013a\u0148a po\u017eiadavky.<\/p>\n<p><img loading=\"lazy\" decoding=\"async\" class=\"alignnone wp-image-632\" src=\"https:\/\/hydraulic-cylinders.net\/wp-content\/uploads\/2023\/08\/hydraulic-cylinder-product-8-300x200.webp\" alt=\"\" width=\"389\" height=\"260\" \/><\/p>\n<p>&nbsp;<\/p>\n<p>&nbsp;<\/p>\n<p>Sme jedn\u00fdm z najlep\u0161\u00edch v\u00fdrobcov hydraulick\u00fdch valcov. Pon\u00fakame komplexn\u00e9 hydraulick\u00e9 valce. Poskytujeme aj zodpovedaj\u00face <a href=\"https:\/\/hzpt.com\/agricultural-pto-gearbox\/\" target=\"_blank\" rel=\"noopener\">po\u013enohospod\u00e1rske prevodovky<\/a>Na\u0161e produkty sme vyv\u00e1\u017eali klientom po celom svete a v\u010faka vynikaj\u00facej kvalite produktov a popredajn\u00e9mu servisu sme si z\u00edskali dobr\u00fa reput\u00e1ciu. V\u00edtame z\u00e1kazn\u00edkov doma aj v zahrani\u010d\u00ed, ktor\u00ed n\u00e1s kontaktuj\u00fa za \u00fa\u010delom rokovania o obchodn\u00fdch z\u00e1le\u017eitostiach, v\u00fdmeny inform\u00e1ci\u00ed a <a href=\"https:\/\/www.hydraulic-cylinders.net\/sk\/contact-us\/\">spolupracova\u0165 s nami<\/a>!<\/p>","protected":false},"excerpt":{"rendered":"<p>Cement Equipment Roll Over Cylinder The cement equipment roll over cylinder is an essential component in cement plants, designed to enhance safety and efficiency during various material handling operations. This specialized cylinder plays a critical role in equipment such as cement mixers and concrete trucks, allowing for controlled tipping and rotation of the drum. The [&hellip;]<\/p>","protected":false},"featured_media":1733,"comment_status":"open","ping_status":"closed","template":"","meta":{"_et_pb_use_builder":"","_et_pb_old_content":"","_et_gb_content_width":""},"product_brand":[],"product_cat":[1520,1550],"product_tag":[1380],"class_list":{"0":"post-1731","1":"product","2":"type-product","3":"status-publish","4":"has-post-thumbnail","6":"product_cat-concrete-equipment-hydraulic-cylinders","7":"product_cat-double-acting-hydraulic-cylinder","8":"product_tag-hydraulic-cylinder","10":"first","11":"instock","12":"shipping-taxable","13":"product-type-simple"},"amp_enabled":true,"_links":{"self":[{"href":"https:\/\/www.hydraulic-cylinders.net\/sk\/wp-json\/wp\/v2\/product\/1731","targetHints":{"allow":["GET"]}}],"collection":[{"href":"https:\/\/www.hydraulic-cylinders.net\/sk\/wp-json\/wp\/v2\/product"}],"about":[{"href":"https:\/\/www.hydraulic-cylinders.net\/sk\/wp-json\/wp\/v2\/types\/product"}],"replies":[{"embeddable":true,"href":"https:\/\/www.hydraulic-cylinders.net\/sk\/wp-json\/wp\/v2\/comments?post=1731"}],"wp:featuredmedia":[{"embeddable":true,"href":"https:\/\/www.hydraulic-cylinders.net\/sk\/wp-json\/wp\/v2\/media\/1733"}],"wp:attachment":[{"href":"https:\/\/www.hydraulic-cylinders.net\/sk\/wp-json\/wp\/v2\/media?parent=1731"}],"wp:term":[{"taxonomy":"product_brand","embeddable":true,"href":"https:\/\/www.hydraulic-cylinders.net\/sk\/wp-json\/wp\/v2\/product_brand?post=1731"},{"taxonomy":"product_cat","embeddable":true,"href":"https:\/\/www.hydraulic-cylinders.net\/sk\/wp-json\/wp\/v2\/product_cat?post=1731"},{"taxonomy":"product_tag","embeddable":true,"href":"https:\/\/www.hydraulic-cylinders.net\/sk\/wp-json\/wp\/v2\/product_tag?post=1731"}],"curies":[{"name":"pracovn\u00fd list","href":"https:\/\/api.w.org\/{rel}","templated":true}]}}