{"id":17331,"date":"2025-03-07T07:38:49","date_gmt":"2025-03-07T07:38:49","guid":{"rendered":"https:\/\/www.hydraulic-cylinders.net\/?post_type=product&#038;p=17331"},"modified":"2025-04-11T03:05:13","modified_gmt":"2025-04-11T03:05:13","slug":"main-and-auxiliary-lifting-cylinders-for-no-tillage-machines","status":"publish","type":"product","link":"https:\/\/www.hydraulic-cylinders.net\/sk\/produkt\/main-and-auxiliary-lifting-cylinders-for-no-tillage-machines\/","title":{"rendered":"Hlavn\u00e9 a pomocn\u00e9 zdv\u00edhacie valce pre stroje bez obr\u00e1bania p\u00f4dy"},"content":{"rendered":"<h1 style=\"text-align: center;\"><strong>Hlavn\u00e9 a pomocn\u00e9 zdv\u00edhacie valce pre stroje bez obr\u00e1bania p\u00f4dy<img loading=\"lazy\" decoding=\"async\" class=\"alignnone wp-image-17286\" src=\"https:\/\/www.hydraulic-cylinders.net\/wp-content\/uploads\/2025\/03\/main-and-auxiliary-lifting-cylinders-1-1.webp\" alt=\"\" width=\"500\" height=\"500\" \/> \u00a0<\/strong><\/h1>\n<p>Hlavn\u00e9 a pomocn\u00e9 zdv\u00edhacie valce zohr\u00e1vaj\u00fa k\u013e\u00fa\u010dov\u00fa \u00falohu v efekt\u00edvnej prev\u00e1dzke strojov na bezorebn\u00fa \u00fapravu p\u00f4dy a v\u00fdrazne zvy\u0161uj\u00fa ich v\u00fdkon pri r\u00f4znych po\u013enohospod\u00e1rskych \u00faloh\u00e1ch. Tieto hydraulick\u00e9 valce poskytuj\u00fa v\u00fdnimo\u010dn\u00fa \u00fa\u010dinnos\u0165 pri zdv\u00edhan\u00ed a sp\u00fa\u0161\u0165an\u00ed z\u00e1kladn\u00fdch komponentov, \u010d\u00edm zabezpe\u010duj\u00fa plynul\u00fa a spo\u013eahliv\u00fa funk\u010dnos\u0165 po\u010das kritick\u00fdch oper\u00e1ci\u00ed, ako je siatie, hnojenie a mana\u017ement plod\u00edn.<\/p>\n<p>Tieto zdv\u00edhacie valce, navrhnut\u00e9 pre odolnos\u0165 aj presnos\u0165, s\u00fa vyroben\u00e9 tak, aby odolali n\u00e1ro\u010dn\u00fdm po\u013enohospod\u00e1rskym prostrediam. Ich robustn\u00e1 kon\u0161trukcia minimalizuje opotrebenie a poskytuje po\u013enohospod\u00e1rom zariadenia, ktor\u00e9 zvl\u00e1dnu v\u00fdzvy bezorebn\u00fdch postupov. Presn\u00e9 kon\u0161truk\u010dn\u00e9 rie\u0161enie t\u00fdchto valcov umo\u017e\u0148uje presn\u00fa kontrolu nad pohybmi strojov, \u010do umo\u017e\u0148uje obsluhe vykon\u00e1va\u0165 jemn\u00e9 nastavenia a optimalizova\u0165 polohu n\u00e1strojov.<\/p>\n<p>Integr\u00e1ciou hlavn\u00fdch a pomocn\u00fdch zdv\u00edhac\u00edch valcov do svojho vybavenia m\u00f4\u017eu po\u013enohospod\u00e1ri v\u00fdrazne zlep\u0161i\u0165 celkov\u00fa funk\u010dnos\u0165 svojich strojov na bezorebn\u00e9 obr\u00e1banie p\u00f4dy. T\u00e1to integr\u00e1cia zlep\u0161uje prev\u00e1dzkov\u00fa efektivitu a umo\u017e\u0148uje plynul\u00e9 prechody medzi r\u00f4znymi \u00falohami, \u010d\u00edm sa skracuj\u00fa prestoje a zvy\u0161uje produktivita. V\u010faka tomu m\u00f4\u017eu po\u013enohospod\u00e1ri s istotou prija\u0165 modern\u00e9 po\u013enohospod\u00e1rske postupy s vedom\u00edm, \u017ee ich vybavenie je vybaven\u00e9 pokro\u010dilou hydraulickou technol\u00f3giou navrhnutou tak, aby sp\u013a\u0148ala po\u017eiadavky s\u00fa\u010dasn\u00e9ho po\u013enohospod\u00e1rstva.<\/p>\n<h2><strong>Hlavn\u00e9 a pomocn\u00e9 zdv\u00edhacie valce pre stroje bez obr\u00e1bania p\u00f4dy Parameter:<\/strong><\/h2>\n<h1 style=\"text-align: center;\"><strong><img loading=\"lazy\" decoding=\"async\" class=\"alignnone size-full wp-image-17283\" src=\"https:\/\/www.hydraulic-cylinders.net\/wp-content\/uploads\/2025\/03\/hydraulic-cylinders-for-no-tillage-machines-parameter-1.webp\" alt=\"\" width=\"2237\" height=\"1271\" srcset=\"https:\/\/www.hydraulic-cylinders.net\/wp-content\/uploads\/2025\/03\/hydraulic-cylinders-for-no-tillage-machines-parameter-1.webp 2237w, https:\/\/www.hydraulic-cylinders.net\/wp-content\/uploads\/2025\/03\/hydraulic-cylinders-for-no-tillage-machines-parameter-1-1280x727.webp 1280w, https:\/\/www.hydraulic-cylinders.net\/wp-content\/uploads\/2025\/03\/hydraulic-cylinders-for-no-tillage-machines-parameter-1-980x557.webp 980w, https:\/\/www.hydraulic-cylinders.net\/wp-content\/uploads\/2025\/03\/hydraulic-cylinders-for-no-tillage-machines-parameter-1-480x273.webp 480w\" sizes=\"(min-width: 0px) and (max-width: 480px) 480px, (min-width: 481px) and (max-width: 980px) 980px, (min-width: 981px) and (max-width: 1280px) 1280px, (min-width: 1281px) 2237px, 100vw\" \/><\/strong><\/h1>\n<h2><strong>Hlavn\u00e9 a pomocn\u00e9 zdv\u00edhacie valce pre stroje bez obr\u00e1bania p\u00f4dy Pou\u017eitie:<\/strong><\/h2>\n<p><img loading=\"lazy\" decoding=\"async\" class=\"alignnone size-full wp-image-17282\" src=\"https:\/\/www.hydraulic-cylinders.net\/wp-content\/uploads\/2025\/03\/hydraulic-cylinders-for-no-tillage-machines-application-1.webp\" alt=\"\" width=\"2273\" height=\"976\" srcset=\"https:\/\/www.hydraulic-cylinders.net\/wp-content\/uploads\/2025\/03\/hydraulic-cylinders-for-no-tillage-machines-application-1.webp 2273w, https:\/\/www.hydraulic-cylinders.net\/wp-content\/uploads\/2025\/03\/hydraulic-cylinders-for-no-tillage-machines-application-1-1280x550.webp 1280w, https:\/\/www.hydraulic-cylinders.net\/wp-content\/uploads\/2025\/03\/hydraulic-cylinders-for-no-tillage-machines-application-1-980x421.webp 980w, https:\/\/www.hydraulic-cylinders.net\/wp-content\/uploads\/2025\/03\/hydraulic-cylinders-for-no-tillage-machines-application-1-480x206.webp 480w\" sizes=\"(min-width: 0px) and (max-width: 480px) 480px, (min-width: 481px) and (max-width: 980px) 980px, (min-width: 981px) and (max-width: 1280px) 1280px, (min-width: 1281px) 2273px, 100vw\" \/><\/p>\n<h2><strong>Hlavn\u00e9 a pomocn\u00e9 zdv\u00edhacie valce pre stroje bez obr\u00e1bania p\u00f4dy K\u013e\u00fa\u010dov\u00e9 vlastnosti:<\/strong><\/h2>\n<h4><strong>1. Robustn\u00e1 kon\u0161trukcia<\/strong><\/h4>\n<p>Tieto zdv\u00edhacie valce s\u00fa vyroben\u00e9 z prvotriednych materi\u00e1lov a s\u00fa navrhnut\u00e9 tak, aby odolali v\u00fdzvam n\u00e1ro\u010dn\u00e9ho po\u013enohospod\u00e1rskeho prostredia. Ich v\u00fdnimo\u010dn\u00e1 odolnos\u0165 vo\u010di opotrebovaniu zais\u0165uje dlh\u00fa \u017eivotnos\u0165, \u010do v\u00fdrazne zni\u017euje potrebu \u010dast\u00fdch v\u00fdmen. T\u00e1to odolnos\u0165 sa v priebehu \u010dasu premieta do \u00faspory n\u00e1kladov a zvy\u0161uje celkov\u00fa spo\u013eahlivos\u0165 strojov na bezorebn\u00e9 obr\u00e1banie p\u00f4dy, \u010do umo\u017e\u0148uje po\u013enohospod\u00e1rom s\u00fastredi\u0165 sa na svoju pr\u00e1cu bez ob\u00e1v z por\u00fach zariaden\u00ed.<\/p>\n<h4><strong>2. Vysok\u00e1 nosnos\u0165<\/strong><\/h4>\n<p>Tieto valce, navrhnut\u00e9 tak, aby zvl\u00e1dali zna\u010dn\u00fa hmotnos\u0165, poskytuj\u00fa potrebn\u00fa silu na efekt\u00edvne zdv\u00edhanie \u0165a\u017ek\u00fdch zariaden\u00ed. Ich p\u00f4sobiv\u00e1 nosnos\u0165 umo\u017e\u0148uje po\u013enohospod\u00e1rom vykon\u00e1va\u0165 aj tie najn\u00e1ro\u010dnej\u0161ie po\u013enohospod\u00e1rske \u00falohy bez kompromisov vo v\u00fdkone. T\u00e1to spo\u013eahlivos\u0165 zvy\u0161uje produktivitu a umo\u017e\u0148uje po\u013enohospod\u00e1rom \u013eahko zvl\u00e1da\u0165 v\u00e4\u010d\u0161ie polia a zlo\u017eitej\u0161ie oper\u00e1cie.<\/p>\n<h4><strong>3. Plynul\u00e1 prev\u00e1dzka<\/strong><\/h4>\n<p>V\u010faka pokro\u010dilej hydraulickej kon\u0161trukcii minimalizuj\u00fa tieto valce trenie, \u010do vedie k plynul\u00e9mu zdv\u00edhaniu a sp\u00fa\u0161\u0165aniu. T\u00e1to plynul\u00e1 prev\u00e1dzka zvy\u0161uje celkov\u00fa efektivitu a umo\u017e\u0148uje obsluhe udr\u017eiava\u0165 presn\u00fa kontrolu nad svoj\u00edm zariaden\u00edm. V\u010faka zn\u00ed\u017een\u00fdm otrasom a vibr\u00e1ci\u00e1m m\u00f4\u017eu po\u013enohospod\u00e1ri dosiahnu\u0165 v\u00e4\u010d\u0161iu presnos\u0165 pri svojich \u00faloh\u00e1ch, \u010do vedie k lep\u0161iemu mana\u017ementu plod\u00edn a vy\u0161\u0161\u00edm v\u00fdnosom.<\/p>\n<h4><strong>4. V\u0161estrann\u00e1 kompatibilita<\/strong><\/h4>\n<p>Tieto zdv\u00edhacie valce, navrhnut\u00e9 pre kompatibilitu so \u0161irokou \u0161k\u00e1lou strojov na bezorebn\u00e9 obr\u00e1banie p\u00f4dy, pon\u00fakaj\u00fa v\u0161estrann\u00e9 rie\u0161enia pre r\u00f4zne po\u013enohospod\u00e1rske aplik\u00e1cie. Ich schopnos\u0165 bezprobl\u00e9movej integr\u00e1cie s existuj\u00facim zariaden\u00edm znamen\u00e1, \u017ee po\u013enohospod\u00e1ri m\u00f4\u017eu svoje stroje modernizova\u0165 bez rozsiahlych \u00faprav. T\u00e1to flexibilita umo\u017e\u0148uje rie\u0161enia na mieru, ktor\u00e9 sp\u013a\u0148aj\u00fa \u0161pecifick\u00e9 prev\u00e1dzkov\u00e9 po\u017eiadavky.<\/p>\n<h4><strong>5. U\u017e\u00edvate\u013esky pr\u00edvetiv\u00e1 in\u0161tal\u00e1cia<\/strong><\/h4>\n<p>Tieto valce s\u00fa navrhnut\u00e9 pre jednoduch\u00fa in\u0161tal\u00e1ciu, \u010do v\u00fdrazne skracuje prestoje a umo\u017e\u0148uje farm\u00e1rom r\u00fdchly n\u00e1vrat do pr\u00e1ce. Jednoduch\u00fd proces in\u0161tal\u00e1cie zabezpe\u010duje, \u017ee ich bez probl\u00e9mov nain\u0161taluj\u00fa aj t\u00ed, ktor\u00ed maj\u00fa obmedzen\u00e9 technick\u00e9 znalosti. Toto pohodlie zefekt\u00edv\u0148uje prev\u00e1dzku a zvy\u0161uje celkov\u00fa produktivitu na farme.<\/p>\n<p>By selecting these high-performance lifting cylinders, farmers can improve the efficiency and reliability of their equipment, paving the way for more productive and successful agricultural operations. Embracing these advanced hydraulic solutions empowers farmers to adapt to modern farming practices and meet the challenges of today&#8217;s agricultural landscape.<\/p>\n<h2><strong>Hlavn\u00e9 a pomocn\u00e9 zdv\u00edhacie valce pre stroje bez obr\u00e1bania p\u00f4dy Pou\u017eite\u013en\u00fd model:<\/strong><\/h2>\n<h1 style=\"text-align: center;\"><strong><img loading=\"lazy\" decoding=\"async\" class=\"alignnone size-full wp-image-17284\" src=\"https:\/\/www.hydraulic-cylinders.net\/wp-content\/uploads\/2025\/03\/hydraulic-cylinders-for-no-tillage-machines-2.webp\" alt=\"\" width=\"2312\" height=\"600\" srcset=\"https:\/\/www.hydraulic-cylinders.net\/wp-content\/uploads\/2025\/03\/hydraulic-cylinders-for-no-tillage-machines-2.webp 2312w, https:\/\/www.hydraulic-cylinders.net\/wp-content\/uploads\/2025\/03\/hydraulic-cylinders-for-no-tillage-machines-2-1280x332.webp 1280w, https:\/\/www.hydraulic-cylinders.net\/wp-content\/uploads\/2025\/03\/hydraulic-cylinders-for-no-tillage-machines-2-980x254.webp 980w, https:\/\/www.hydraulic-cylinders.net\/wp-content\/uploads\/2025\/03\/hydraulic-cylinders-for-no-tillage-machines-2-480x125.webp 480w\" sizes=\"(min-width: 0px) and (max-width: 480px) 480px, (min-width: 481px) and (max-width: 980px) 980px, (min-width: 981px) and (max-width: 1280px) 1280px, (min-width: 1281px) 2312px, 100vw\" \/><\/strong><\/h1>\n<h2><strong>Ako hlavn\u00e9 a pomocn\u00e9 zdv\u00edhacie valce zvy\u0161uj\u00fa efektivitu po\u013enohospod\u00e1rskych \u00faloh?<\/strong><\/h2>\n<p>Hlavn\u00e9 a pomocn\u00e9 zdv\u00edhacie valce s\u00fa prelomov\u00e9 vo svete po\u013enohospod\u00e1rstva a prin\u00e1\u0161aj\u00fa mno\u017estvo v\u00fdhod, ktor\u00e9 v\u00fdrazne zvy\u0161uj\u00fa efektivitu r\u00f4znych \u00faloh. Tu je bli\u017e\u0161\u00ed poh\u013ead na to, ako tieto hydraulick\u00e9 z\u00e1zraky prispievaj\u00fa k \u00faspechu:<\/p>\n<h4><strong>Vylep\u0161en\u00e9 riadenie z\u00e1\u0165a\u017ee<\/strong>:<\/h4>\n<p>Tieto valce s\u00fa skon\u0161truovan\u00e9 tak, aby zvl\u00e1dli zna\u010dn\u00e9 hmotnosti, \u010do umo\u017e\u0148uje farm\u00e1rom bez n\u00e1mahy zdv\u00edha\u0165 \u0165a\u017ek\u00e9 zariadenia. To znamen\u00e1, \u017ee sa u\u017e nemusia tr\u00e1pi\u0165 s \u0165a\u017ekop\u00e1dnym n\u00e1rad\u00edm alebo riskova\u0165 po\u0161kodenie zariadenia. V\u010faka schopnosti zvl\u00e1da\u0165 n\u00e1ro\u010dn\u00e9 \u00falohy m\u00f4\u017eu farm\u00e1ri pracova\u0165 inteligentnej\u0161ie, nie tvrd\u0161ie, a zabezpe\u010di\u0165, aby ka\u017ed\u00e1 oper\u00e1cia prebiehala hladko a efekt\u00edvne.<\/p>\n<h4><strong>Bezprobl\u00e9mov\u00e1 prev\u00e1dzka<\/strong>:<\/h4>\n<p>V\u010faka pokro\u010dilej hydraulickej kon\u0161trukcii poskytuj\u00fa tieto valce mimoriadne plynul\u00e9 zdv\u00edhanie a sp\u00fa\u0161\u0165anie. Minimaliz\u00e1ciou trenia zni\u017euj\u00fa otrasy a vibr\u00e1cie, \u010d\u00edm poskytuj\u00fa obsluhe presn\u00fa kontrolu nad strojmi. T\u00e1to bezprobl\u00e9mov\u00e1 prev\u00e1dzka nielen zvy\u0161uje presnos\u0165, ale tie\u017e rob\u00ed cel\u00fd proces intuit\u00edvnej\u0161\u00edm, \u010do umo\u017e\u0148uje farm\u00e1rom s\u00fastredi\u0165 sa na dan\u00fa \u00falohu bez rozpty\u013eovania.<\/p>\n<h4><strong>V\u0161estrannos\u0165<\/strong>:<\/h4>\n<p>Jednou z vynikaj\u00facich vlastnost\u00ed t\u00fdchto zdv\u00edhac\u00edch valcov je ich kompatibilita so \u0161irokou \u0161k\u00e1lou strojov na bezorebn\u00fa \u00fapravu p\u00f4dy. T\u00e1to v\u0161estrannos\u0165 znamen\u00e1, \u017ee po\u013enohospod\u00e1ri ich m\u00f4\u017eu jednoducho integrova\u0165 do svojich existuj\u00facich zariaden\u00ed, \u010do zjednodu\u0161uje moderniz\u00e1ciu bez nutnosti rozsiahlych \u00faprav. T\u00e1to flexibilita umo\u017e\u0148uje po\u013enohospod\u00e1rom prisp\u00f4sobi\u0165 svoje vybavenie \u0161pecifick\u00fdm prev\u00e1dzkov\u00fdm potreb\u00e1m a \u013eahko sa prisp\u00f4sobi\u0165 r\u00f4znym plodin\u00e1m a po\u013en\u00fdm podmienkam.<\/p>\n<h4><strong>Skr\u00e1ten\u00e9 prestoje<\/strong>:<\/h4>\n<p>V po\u013enohospod\u00e1rstve s\u00fa \u010das peniaze a tieto valce s\u00fa navrhnut\u00e9 s oh\u013eadom na to. Ich u\u017e\u00edvate\u013esky pr\u00edvetiv\u00fd proces in\u0161tal\u00e1cie umo\u017e\u0148uje r\u00fdchle nastavenie a \u00fadr\u017ebu, \u010d\u00edm sa minimalizuj\u00fa prestoje. Po\u013enohospod\u00e1ri sa m\u00f4\u017eu r\u00fdchlej\u0161ie vr\u00e1ti\u0165 do pr\u00e1ce, \u010do zabezpe\u010d\u00ed, \u017ee po\u010das kritick\u00fdch obdob\u00ed v\u00fdsadby a zberu \u00farody vy\u0165a\u017eia maximum z ka\u017edej pracovnej hodiny.<\/p>\n<h4><strong>Zv\u00fd\u0161en\u00e1 produktivita<\/strong>:<\/h4>\n<p>Zjednodu\u0161en\u00edm prev\u00e1dzky a umo\u017enen\u00edm presn\u00e9ho riadenia viacer\u00fdch \u00faloh tieto zdv\u00edhacie valce v\u00fdrazne zvy\u0161uj\u00fa celkov\u00fa produktivitu. Po\u013enohospod\u00e1ri m\u00f4\u017eu obr\u00e1ba\u0165 v\u00e4\u010d\u0161ie plochy a efekt\u00edvnej\u0161ie zvl\u00e1da\u0165 zlo\u017eitej\u0161ie oper\u00e1cie, \u010do vedie k lep\u0161iemu hospod\u00e1reniu s plodinami a vy\u0161\u0161\u00edm v\u00fdnosom. To nielen zvy\u0161uje ziskovos\u0165, ale tie\u017e umo\u017e\u0148uje po\u013enohospod\u00e1rom s istotou prij\u00edma\u0165 modern\u00e9 postupy.<\/p>\n<p>Stru\u010dne povedan\u00e9, hlavn\u00e9 a pomocn\u00e9 zdv\u00edhacie valce s\u00fa nevyhnutn\u00fdmi n\u00e1strojmi, ktor\u00e9 transformuj\u00fa po\u013enohospod\u00e1rske oper\u00e1cie. Zlep\u0161en\u00edm riadenia z\u00e1\u0165a\u017ee, zabezpe\u010den\u00edm plynulej prev\u00e1dzky, ponukou v\u0161estrannosti, skr\u00e1ten\u00edm prestojov a zv\u00fd\u0161en\u00edm produktivity umo\u017e\u0148uj\u00fa po\u013enohospod\u00e1rom pracova\u0165 efekt\u00edvnej\u0161ie a udr\u017eate\u013enej\u0161ie. Prijatie t\u00fdchto technol\u00f3gi\u00ed otv\u00e1ra nov\u00e9 mo\u017enosti \u00faspechu v neust\u00e1le sa meniacom po\u013enohospod\u00e1rskom prostred\u00ed.<\/p>\n<h2><strong>Testovacie zariadenie:<\/strong><\/h2>\n<p><strong><img loading=\"lazy\" decoding=\"async\" class=\"alignnone size-full wp-image-17293\" src=\"https:\/\/www.hydraulic-cylinders.net\/wp-content\/uploads\/2025\/03\/test-equipment.webp-2.webp\" alt=\"\" width=\"1932\" height=\"1741\" srcset=\"https:\/\/www.hydraulic-cylinders.net\/wp-content\/uploads\/2025\/03\/test-equipment.webp-2.webp 1932w, https:\/\/www.hydraulic-cylinders.net\/wp-content\/uploads\/2025\/03\/test-equipment.webp-2-1280x1153.webp 1280w, https:\/\/www.hydraulic-cylinders.net\/wp-content\/uploads\/2025\/03\/test-equipment.webp-2-980x883.webp 980w, https:\/\/www.hydraulic-cylinders.net\/wp-content\/uploads\/2025\/03\/test-equipment.webp-2-480x433.webp 480w\" sizes=\"(min-width: 0px) and (max-width: 480px) 480px, (min-width: 481px) and (max-width: 980px) 980px, (min-width: 981px) and (max-width: 1280px) 1280px, (min-width: 1281px) 1932px, 100vw\" \/><\/strong><\/p>\n<ul>\n<li>1: Komora na testovanie so\u013enej hmly<\/li>\n<li>2: Chemick\u00e1 anal\u00fdza<\/li>\n<li>3: Stroj na sk\u00fa\u0161ku \u0165ahom<\/li>\n<li>4: Rockwellov tvrdomer<\/li>\n<li>5: Stroj na testovanie \u010distoty<\/li>\n<li>6: Tester tvrdosti TH110 s meran\u00edm odrazu<\/li>\n<li>7: Meradlo hr\u00fabky n\u00e1teru<\/li>\n<li>8: Sk\u00fa\u0161ka n\u00e1razom kyvadla<\/li>\n<\/ul>\n<p><img loading=\"lazy\" decoding=\"async\" class=\"alignnone size-full wp-image-17292\" src=\"https:\/\/www.hydraulic-cylinders.net\/wp-content\/uploads\/2025\/03\/test-equipment.webp-1.webp\" alt=\"\" width=\"1600\" height=\"1216\" srcset=\"https:\/\/www.hydraulic-cylinders.net\/wp-content\/uploads\/2025\/03\/test-equipment.webp-1.webp 1600w, https:\/\/www.hydraulic-cylinders.net\/wp-content\/uploads\/2025\/03\/test-equipment.webp-1-1280x973.webp 1280w, https:\/\/www.hydraulic-cylinders.net\/wp-content\/uploads\/2025\/03\/test-equipment.webp-1-980x745.webp 980w, https:\/\/www.hydraulic-cylinders.net\/wp-content\/uploads\/2025\/03\/test-equipment.webp-1-480x365.webp 480w\" sizes=\"(min-width: 0px) and (max-width: 480px) 480px, (min-width: 481px) and (max-width: 980px) 980px, (min-width: 981px) and (max-width: 1280px) 1280px, (min-width: 1281px) 1600px, 100vw\" \/><\/p>\n<p>Na\u0161a spolo\u010dnos\u0165 pova\u017euje kvalitu za z\u00e1klad n\u00e1\u0161ho \u00faspechu. Aby sme tento z\u00e1v\u00e4zok dodr\u017eali, investovali sme do najmodernej\u0161\u00edch dom\u00e1cich testovac\u00edch a laborat\u00f3rnych zariaden\u00ed, ktor\u00e9 podporuje t\u00edm vysoko kvalifikovan\u00fdch odborn\u00edkov v oblasti vedy a techniky.<\/p>\n<p>Udr\u017eiavame pr\u00edsny syst\u00e9m riadenia kvality, ktor\u00fd je v s\u00falade s priemyseln\u00fdmi normami a zabezpe\u010duje, aby ka\u017ed\u00e1 \u0161ar\u017ea nami vyroben\u00fdch produktov sp\u013a\u0148ala najvy\u0161\u0161ie krit\u00e9ri\u00e1 kvality. \u0160tandardiz\u00e1ciou na\u0161ich oper\u00e1ci\u00ed a neust\u00e1lym monitorovan\u00edm na\u0161ich procesov zabezpe\u010dujeme, aby na\u0161i z\u00e1kazn\u00edci dost\u00e1vali len to najlep\u0161ie.<\/p>\n<p>Toto neochvejn\u00e9 odhodlanie kvalite nielen zvy\u0161uje spo\u013eahlivos\u0165 na\u0161ich produktov, ale tie\u017e buduje d\u00f4veru a spokojnos\u0165 na\u0161ich klientov. Ver\u00edme, \u017ee uprednost\u0148ovan\u00edm excelentnosti v ka\u017edom aspekte na\u0161ej v\u00fdroby prispievame k \u00faspechu na\u0161ich partnerov a cel\u00e9ho odvetvia. Spolo\u010dne sa sna\u017e\u00edme o inov\u00e1cie a kvalitu, ktor\u00e9 pretrvaj\u00fa \u010das.<\/p>\n<h2><strong>V\u00fdrobn\u00e9 miesto hydraulick\u00fdch valcov:<\/strong><\/h2>\n<p>Na\u0161a spolo\u010dnos\u0165 je popredn\u00fdm v\u00fdrobcom \u0161pecializuj\u00facim sa na hydraulick\u00e9 valce, pri\u010dom sa opierame o vlastn\u00e9 nez\u00e1visl\u00e9 v\u00fdskumn\u00e9, v\u00fdvojov\u00e9 a kon\u0161truk\u010dn\u00e9 kapacity. V\u010faka najmodernej\u0161iemu zariadeniu, v ktorom sa nach\u00e1dza viac ako 170 v\u0161eobecn\u00fdch obr\u00e1bac\u00edch strojov, CNC strojov, obr\u00e1bac\u00edch centier, zv\u00e1rac\u00edch zariaden\u00ed a \u0161pecializovan\u00fdch testovac\u00edch a kontroln\u00fdch n\u00e1strojov, sme dobre vybaven\u00ed na splnenie r\u00f4znych priemyseln\u00fdch po\u017eiadaviek.<\/p>\n<p>V\u010faka rokom nahromaden\u00fdch technologick\u00fdch znalost\u00ed a zdokona\u013eovania procesov sme vybudovali vyspel\u00fd v\u00fdrobn\u00fd proces, ktor\u00fd bezprobl\u00e9movo integruje v\u00fdskum a v\u00fdvoj s v\u00fdrobou. T\u00e1to integr\u00e1cia sa stala na\u0161ou hlavnou konkuren\u010dnou v\u00fdhodou, ktor\u00e1 n\u00e1m umo\u017e\u0148uje navrhova\u0165 a vyr\u00e1ba\u0165 \u0161irok\u00fa \u0161k\u00e1lu hydraulick\u00fdch valcov prisp\u00f4soben\u00fdch \u0161pecifick\u00fdm po\u017eiadavk\u00e1m z\u00e1kazn\u00edkov.<\/p>\n<p>Na\u0161e produkty sa \u0161iroko pou\u017e\u00edvaj\u00fa v r\u00f4znych odvetviach vr\u00e1tane po\u013enohospod\u00e1rskych strojov, stavebn\u00fdch zariaden\u00ed, vozidiel, cestn\u00e9ho in\u017einierstva a \u0161pecializovan\u00fdch strojov. S hrdos\u0165ou podporujeme mnoh\u00fdch v\u00fdrobcov origin\u00e1lneho vybavenia (OEM), medzi ktor\u00fdmi s\u00fa okrem in\u00fdch spolo\u010dnosti Bonong Xingda, Bojin Hummer, Jilin Ruifeng, Debang Dawei, Shandong Yineng Heavy Industry, Tai'an Modern Heavy Industry a Shifeng Group.<\/p>\n<p><img loading=\"lazy\" decoding=\"async\" class=\"alignnone size-full wp-image-17290\" src=\"https:\/\/www.hydraulic-cylinders.net\/wp-content\/uploads\/2025\/03\/production-site-1.webp\" alt=\"\" width=\"1971\" height=\"2253\" srcset=\"https:\/\/www.hydraulic-cylinders.net\/wp-content\/uploads\/2025\/03\/production-site-1.webp 1971w, https:\/\/www.hydraulic-cylinders.net\/wp-content\/uploads\/2025\/03\/production-site-1-1280x1463.webp 1280w, https:\/\/www.hydraulic-cylinders.net\/wp-content\/uploads\/2025\/03\/production-site-1-980x1120.webp 980w, https:\/\/www.hydraulic-cylinders.net\/wp-content\/uploads\/2025\/03\/production-site-1-480x549.webp 480w\" sizes=\"(min-width: 0px) and (max-width: 480px) 480px, (min-width: 481px) and (max-width: 980px) 980px, (min-width: 981px) and (max-width: 1280px) 1280px, (min-width: 1281px) 1971px, 100vw\" \/><\/p>\n<p>Zameriavame sa na poskytovanie v\u00fdnimo\u010dn\u00fdch slu\u017eieb prostredn\u00edctvom silnej politiky kvality, ktor\u00e1 uprednost\u0148uje neust\u00e1le inov\u00e1cie vo v\u00fdskume a v\u00fdvoji, riaden\u00ed, kontrole kvality a z\u00e1kazn\u00edckom servise. N\u00e1\u0161 z\u00e1v\u00e4zok ku kvalite bol ocenen\u00fd certifik\u00e1ciou ISO\/TS16949, ktor\u00e1 zaru\u010duje, \u017ee nielen sp\u013a\u0148ame, ale neust\u00e1le prekon\u00e1vame o\u010dak\u00e1vania na\u0161ich klientov.<\/p>\n<p>S v\u00fdh\u013eadom do bud\u00facnosti budeme na\u010falej zdokona\u013eova\u0165 na\u0161e technol\u00f3gie a roz\u0161irova\u0165 na\u0161e mo\u017enosti s cie\u013eom poskytova\u0165 na\u0161im z\u00e1kazn\u00edkom produkty a slu\u017eby najvy\u0161\u0161ej kvality. Spolo\u010dne vytv\u00e1rame odkaz excelentnosti v odvetv\u00ed hydraulick\u00fdch valcov.<\/p>","protected":false},"excerpt":{"rendered":"<p>Main And Auxiliary Lifting Cylinders For No Tillage Machines \u00a0 Main and auxiliary lifting cylinders play a crucial role in the effective operation of no-tillage machines, significantly enhancing their performance in various agricultural tasks. These hydraulic cylinders deliver exceptional efficiency in lifting and lowering essential components, ensuring smooth and reliable functionality during critical operations such [&hellip;]<\/p>","protected":false},"featured_media":17308,"comment_status":"open","ping_status":"closed","template":"","meta":{"_et_pb_use_builder":"","_et_pb_old_content":"","_et_gb_content_width":""},"product_brand":[],"product_cat":[1530,1549,1376],"product_tag":[],"class_list":{"0":"post-17331","1":"product","2":"type-product","3":"status-publish","4":"has-post-thumbnail","6":"product_cat-no-tillage-machinery-hydraulic-cylinders","7":"product_cat-single-acting-hydraulic-cylinder","8":"product_cat-hydraulic-cylinder","10":"first","11":"instock","12":"shipping-taxable","13":"product-type-simple"},"amp_enabled":true,"_links":{"self":[{"href":"https:\/\/www.hydraulic-cylinders.net\/sk\/wp-json\/wp\/v2\/product\/17331","targetHints":{"allow":["GET"]}}],"collection":[{"href":"https:\/\/www.hydraulic-cylinders.net\/sk\/wp-json\/wp\/v2\/product"}],"about":[{"href":"https:\/\/www.hydraulic-cylinders.net\/sk\/wp-json\/wp\/v2\/types\/product"}],"replies":[{"embeddable":true,"href":"https:\/\/www.hydraulic-cylinders.net\/sk\/wp-json\/wp\/v2\/comments?post=17331"}],"wp:featuredmedia":[{"embeddable":true,"href":"https:\/\/www.hydraulic-cylinders.net\/sk\/wp-json\/wp\/v2\/media\/17308"}],"wp:attachment":[{"href":"https:\/\/www.hydraulic-cylinders.net\/sk\/wp-json\/wp\/v2\/media?parent=17331"}],"wp:term":[{"taxonomy":"product_brand","embeddable":true,"href":"https:\/\/www.hydraulic-cylinders.net\/sk\/wp-json\/wp\/v2\/product_brand?post=17331"},{"taxonomy":"product_cat","embeddable":true,"href":"https:\/\/www.hydraulic-cylinders.net\/sk\/wp-json\/wp\/v2\/product_cat?post=17331"},{"taxonomy":"product_tag","embeddable":true,"href":"https:\/\/www.hydraulic-cylinders.net\/sk\/wp-json\/wp\/v2\/product_tag?post=17331"}],"curies":[{"name":"pracovn\u00fd list","href":"https:\/\/api.w.org\/{rel}","templated":true}]}}