{"id":17333,"date":"2025-03-07T07:52:56","date_gmt":"2025-03-07T07:52:56","guid":{"rendered":"https:\/\/www.hydraulic-cylinders.net\/?post_type=product&#038;p=17333"},"modified":"2025-04-11T03:04:59","modified_gmt":"2025-04-11T03:04:59","slug":"main-and-auxiliary-lifting-spring-cylinders-for-no-tillage-machines","status":"publish","type":"product","link":"https:\/\/www.hydraulic-cylinders.net\/sk\/produkt\/main-and-auxiliary-lifting-spring-cylinders-for-no-tillage-machines\/","title":{"rendered":"Hlavn\u00e9 a pomocn\u00e9 zdv\u00edhacie pru\u017einov\u00e9 valce pre stroje bez obr\u00e1bania p\u00f4dy"},"content":{"rendered":"<h1 style=\"text-align: center;\"><strong>Hlavn\u00e9 a pomocn\u00e9 zdv\u00edhacie pru\u017einov\u00e9 valce pre stroje bez obr\u00e1bania p\u00f4dy<br \/>\n<img loading=\"lazy\" decoding=\"async\" class=\"alignnone wp-image-17289\" src=\"https:\/\/www.hydraulic-cylinders.net\/wp-content\/uploads\/2025\/03\/main-and-auxiliary-lifting-spring-cylinder-1-1.webp\" alt=\"\" width=\"500\" height=\"500\" srcset=\"https:\/\/www.hydraulic-cylinders.net\/wp-content\/uploads\/2025\/03\/main-and-auxiliary-lifting-spring-cylinder-1-1.webp 500w, https:\/\/www.hydraulic-cylinders.net\/wp-content\/uploads\/2025\/03\/main-and-auxiliary-lifting-spring-cylinder-1-1-480x480.webp 480w\" sizes=\"(min-width: 0px) and (max-width: 480px) 480px, (min-width: 481px) 500px, 100vw\" \/><br \/>\n<\/strong><\/h1>\n<p>Hlavn\u00e9 a pomocn\u00e9 zdv\u00edhacie pru\u017einov\u00e9 valce s\u00fa z\u00e1kladn\u00fdmi s\u00fa\u010das\u0165ami strojov na bezorebn\u00e9 obr\u00e1banie p\u00f4dy a s\u00fa \u0161ikovne navrhnut\u00e9 tak, aby zv\u00fd\u0161ili funk\u010dnos\u0165 aj efektivitu. Tieto hydraulick\u00e9 valce umo\u017e\u0148uj\u00fa presn\u00e9 zdv\u00edhanie a sp\u00fa\u0161\u0165anie zariaden\u00ed, \u010d\u00edm zabezpe\u010duj\u00fa bezprobl\u00e9mov\u00fa prev\u00e1dzku po\u010das kritick\u00fdch po\u013enohospod\u00e1rskych \u00faloh. V\u010faka svojej robustnej kon\u0161trukcii a pokro\u010dil\u00e9mu in\u017einierstvu s\u00fa k\u013e\u00fa\u010dov\u00e9 v modernom po\u013enohospod\u00e1rstve a prispievaj\u00fa k lep\u0161iemu hospod\u00e1reniu s p\u00f4dou a zv\u00fd\u0161eniu v\u00fdnosov plod\u00edn.<\/p>\n<p>Tieto zdv\u00edhacie pru\u017einov\u00e9 valce s\u00fa neoddelite\u013enou s\u00fa\u010das\u0165ou efekt\u00edvneho v\u00fdkonu strojov na bezorebn\u00e9 obr\u00e1banie p\u00f4dy. Ich p\u00f4sobiv\u00e1 nosnos\u0165, odoln\u00e1 kon\u0161trukcia a plynul\u00fd chod v\u00fdrazne zvy\u0161uj\u00fa efektivitu po\u013enohospod\u00e1rstva. Ke\u010f po\u013enohospod\u00e1ri dodr\u017eiavaj\u00fa spr\u00e1vne postupy pou\u017e\u00edvania a \u00fadr\u017eby, m\u00f4\u017eu sa spo\u013eahn\u00fa\u0165, \u017ee tieto valce bud\u00fa spo\u013eahlivo fungova\u0165, \u010do vedie k zv\u00fd\u0161enej produktivite a \u00faspe\u0161n\u00fdm po\u013enohospod\u00e1rskym v\u00fdsledkom. Invest\u00edcia do vysoko kvalitn\u00fdch zdv\u00edhac\u00edch pru\u017einov\u00fdch valcov je inteligentnou vo\u013ebou pre ka\u017ed\u00fa progres\u00edvnu po\u013enohospod\u00e1rsku prev\u00e1dzku.<\/p>\n<h2><strong>Hlavn\u00e9 a pomocn\u00e9 zdv\u00edhacie pru\u017einov\u00e9 valce pre stroje bez obr\u00e1bania p\u00f4dy Parameter strojov:<\/strong><\/h2>\n<h1 style=\"text-align: center;\"><strong><img loading=\"lazy\" decoding=\"async\" class=\"alignnone size-full wp-image-17283\" src=\"https:\/\/www.hydraulic-cylinders.net\/wp-content\/uploads\/2025\/03\/hydraulic-cylinders-for-no-tillage-machines-parameter-1.webp\" alt=\"\" width=\"2237\" height=\"1271\" srcset=\"https:\/\/www.hydraulic-cylinders.net\/wp-content\/uploads\/2025\/03\/hydraulic-cylinders-for-no-tillage-machines-parameter-1.webp 2237w, https:\/\/www.hydraulic-cylinders.net\/wp-content\/uploads\/2025\/03\/hydraulic-cylinders-for-no-tillage-machines-parameter-1-1280x727.webp 1280w, https:\/\/www.hydraulic-cylinders.net\/wp-content\/uploads\/2025\/03\/hydraulic-cylinders-for-no-tillage-machines-parameter-1-980x557.webp 980w, https:\/\/www.hydraulic-cylinders.net\/wp-content\/uploads\/2025\/03\/hydraulic-cylinders-for-no-tillage-machines-parameter-1-480x273.webp 480w\" sizes=\"(min-width: 0px) and (max-width: 480px) 480px, (min-width: 481px) and (max-width: 980px) 980px, (min-width: 981px) and (max-width: 1280px) 1280px, (min-width: 1281px) 2237px, 100vw\" \/><\/strong><\/h1>\n<h2><strong>Hlavn\u00e9 a pomocn\u00e9 zdv\u00edhacie pru\u017einov\u00e9 valce pre stroje bez obr\u00e1bania p\u00f4dy Pou\u017eitie:<\/strong><\/h2>\n<p><img loading=\"lazy\" decoding=\"async\" class=\"alignnone size-full wp-image-17282\" src=\"https:\/\/www.hydraulic-cylinders.net\/wp-content\/uploads\/2025\/03\/hydraulic-cylinders-for-no-tillage-machines-application-1.webp\" alt=\"\" width=\"2273\" height=\"976\" srcset=\"https:\/\/www.hydraulic-cylinders.net\/wp-content\/uploads\/2025\/03\/hydraulic-cylinders-for-no-tillage-machines-application-1.webp 2273w, https:\/\/www.hydraulic-cylinders.net\/wp-content\/uploads\/2025\/03\/hydraulic-cylinders-for-no-tillage-machines-application-1-1280x550.webp 1280w, https:\/\/www.hydraulic-cylinders.net\/wp-content\/uploads\/2025\/03\/hydraulic-cylinders-for-no-tillage-machines-application-1-980x421.webp 980w, https:\/\/www.hydraulic-cylinders.net\/wp-content\/uploads\/2025\/03\/hydraulic-cylinders-for-no-tillage-machines-application-1-480x206.webp 480w\" sizes=\"(min-width: 0px) and (max-width: 480px) 480px, (min-width: 481px) and (max-width: 980px) 980px, (min-width: 981px) and (max-width: 1280px) 1280px, (min-width: 1281px) 2273px, 100vw\" \/><\/p>\n<h2><strong>Hlavn\u00e9 a pomocn\u00e9 zdv\u00edhacie pru\u017einov\u00e9 valce pre stroje bez obr\u00e1bania p\u00f4dy K\u013e\u00fa\u010dov\u00e9 vlastnosti:<\/strong><\/h2>\n<h4><strong>V\u00fdnimo\u010dn\u00e1 nosnos\u0165<\/strong><\/h4>\n<p>Tieto zdv\u00edhacie pru\u017einov\u00e9 valce s\u00fa skon\u0161truovan\u00e9 tak, aby zvl\u00e1dli zna\u010dn\u00e9 hmotnosti a poskytovali potrebn\u00fa silu na bezprobl\u00e9mov\u00e9 zdv\u00edhanie \u0165a\u017ek\u00e9ho po\u013enohospod\u00e1rskeho n\u00e1radia. T\u00e1to p\u00f4sobiv\u00e1 nosnos\u0165 umo\u017e\u0148uje po\u013enohospod\u00e1rom pristupova\u0165 k n\u00e1ro\u010dn\u00fdm \u00faloh\u00e1m s istotou, zvy\u0161uje efektivitu a umo\u017e\u0148uje zvl\u00e1da\u0165 v\u00e4\u010d\u0161ie polia a zlo\u017eitej\u0161ie oper\u00e1cie.<\/p>\n<h4><strong>Robustn\u00e1 v\u0161estrannos\u0165<\/strong><\/h4>\n<p>Tieto valce, navrhnut\u00e9 tak, aby boli kompatibiln\u00e9 so \u0161irokou \u0161k\u00e1lou strojov na bezorebn\u00e9 obr\u00e1banie p\u00f4dy, pon\u00fakaj\u00fa pozoruhodn\u00fa v\u0161estrannos\u0165 pre r\u00f4zne po\u013enohospod\u00e1rske aplik\u00e1cie. Ich schopnos\u0165 bezprobl\u00e9movej integr\u00e1cie s existuj\u00facim zariaden\u00edm znamen\u00e1, \u017ee po\u013enohospod\u00e1ri m\u00f4\u017eu svoje stroje vylep\u0161i\u0165 bez nutnosti rozsiahlych \u00faprav. T\u00e1to prisp\u00f4sobivos\u0165 umo\u017e\u0148uje rie\u0161enia na mieru, ktor\u00e9 sp\u013a\u0148aj\u00fa \u0161pecifick\u00e9 prev\u00e1dzkov\u00e9 potreby, a v kone\u010dnom d\u00f4sledku zvy\u0161uj\u00fa celkov\u00fa produktivitu.<\/p>\n<h4><strong>Plynul\u00e1 a efekt\u00edvna prev\u00e1dzka<\/strong><\/h4>\n<p>Pokro\u010dil\u00e1 hydraulick\u00e1 kon\u0161trukcia t\u00fdchto valcov minimalizuje trenie, \u010do vedie k plynul\u00e9mu a kontrolovan\u00e9mu zdv\u00edhaniu a sp\u00fa\u0161\u0165aniu. T\u00e1to funkcia nielen zvy\u0161uje prev\u00e1dzkov\u00fa efektivitu, ale tie\u017e umo\u017e\u0148uje po\u013enohospod\u00e1rom vykon\u00e1va\u0165 svoje \u00falohy s v\u00e4\u010d\u0161ou presnos\u0165ou. Plynul\u00e1 prev\u00e1dzka prispieva k zlep\u0161eniu pracovn\u00e9ho postupu, lep\u0161iemu hospod\u00e1reniu s p\u00f4dou a optim\u00e1lnemu umiestneniu plod\u00edn.<\/p>\n<h4><strong>Odoln\u00e1 kon\u0161trukcia<\/strong><\/h4>\n<p>Tieto zdv\u00edhacie pru\u017einov\u00e9 valce s\u00fa vyroben\u00e9 z vysoko kvalitn\u00fdch materi\u00e1lov a s\u00fa skon\u0161truovan\u00e9 tak, aby odolali n\u00e1ro\u010dn\u00fdm po\u013enohospod\u00e1rskym podmienkam. Ich robustn\u00e1 kon\u0161trukcia odol\u00e1va opotrebovaniu a zais\u0165uje dlhotrvaj\u00faci v\u00fdkon aj v n\u00e1ro\u010dn\u00fdch podmienkach. T\u00e1to odolnos\u0165 zni\u017euje frekvenciu v\u00fdmen, \u010do umo\u017e\u0148uje farm\u00e1rom s\u00fastredi\u0165 sa na svoju pr\u00e1cu a nie na \u00fadr\u017ebu zariaden\u00ed.<\/p>\n<h4><strong>Bezprobl\u00e9mov\u00e1 in\u0161tal\u00e1cia<\/strong><\/h4>\n<p>Tieto zdv\u00edhacie pru\u017einov\u00e9 valce, navrhnut\u00e9 s oh\u013eadom na u\u017e\u00edvate\u013esk\u00fa pr\u00edvetivos\u0165, umo\u017e\u0148uj\u00fa jednoduch\u00fa in\u0161tal\u00e1ciu, \u010d\u00edm sa minimalizuj\u00fa prestoje po\u010das nastavovania. Po\u013enohospod\u00e1ri m\u00f4\u017eu tieto valce r\u00fdchlo a efekt\u00edvne integrova\u0165 do svojich prev\u00e1dzok a bez oneskorenia sa vr\u00e1ti\u0165 k pr\u00e1ci. T\u00e1to jednoduch\u00e1 in\u0161tal\u00e1cia pom\u00e1ha optimalizova\u0165 produktivitu hne\u010f od za\u010diatku.<\/p>\n<p>V\u00fdberom t\u00fdchto vysokov\u00fdkonn\u00fdch zdv\u00edhac\u00edch pru\u017e\u00edn m\u00f4\u017eu po\u013enohospod\u00e1ri v\u00fdrazne vylep\u0161i\u0165 svoje stroje na bezorebn\u00fa \u00fapravu p\u00f4dy, \u010d\u00edm zabezpe\u010dia spo\u013eahliv\u00fa prev\u00e1dzku a zv\u00fd\u0161ia po\u013enohospod\u00e1rsku efektivitu. Invest\u00edcia do kvalitn\u00fdch komponentov vedie k produkt\u00edvnej\u0161iemu a \u00faspe\u0161nej\u0161iemu po\u013enohospod\u00e1rstvu a otv\u00e1ra cestu k lep\u0161ej bud\u00facnosti po\u013enohospod\u00e1rstva.<\/p>\n<h2><strong>Hlavn\u00e9 a pomocn\u00e9 zdv\u00edhacie pru\u017einov\u00e9 valce pre stroje bez obr\u00e1bania p\u00f4dy Pou\u017eite\u013en\u00fd model:<\/strong><\/h2>\n<h1 style=\"text-align: center;\"><strong><img loading=\"lazy\" decoding=\"async\" class=\"alignnone size-full wp-image-17284\" src=\"https:\/\/www.hydraulic-cylinders.net\/wp-content\/uploads\/2025\/03\/hydraulic-cylinders-for-no-tillage-machines-2.webp\" alt=\"\" width=\"2312\" height=\"600\" srcset=\"https:\/\/www.hydraulic-cylinders.net\/wp-content\/uploads\/2025\/03\/hydraulic-cylinders-for-no-tillage-machines-2.webp 2312w, https:\/\/www.hydraulic-cylinders.net\/wp-content\/uploads\/2025\/03\/hydraulic-cylinders-for-no-tillage-machines-2-1280x332.webp 1280w, https:\/\/www.hydraulic-cylinders.net\/wp-content\/uploads\/2025\/03\/hydraulic-cylinders-for-no-tillage-machines-2-980x254.webp 980w, https:\/\/www.hydraulic-cylinders.net\/wp-content\/uploads\/2025\/03\/hydraulic-cylinders-for-no-tillage-machines-2-480x125.webp 480w\" sizes=\"(min-width: 0px) and (max-width: 480px) 480px, (min-width: 481px) and (max-width: 980px) 980px, (min-width: 981px) and (max-width: 1280px) 1280px, (min-width: 1281px) 2312px, 100vw\" \/><\/strong><\/h1>\n<h2><strong>Hlavn\u00e9 a pomocn\u00e9 zdv\u00edhacie pru\u017einov\u00e9 valce pre stroje bez obr\u00e1bania p\u00f4dy. Sp\u00f4sob pou\u017eitia:<\/strong><\/h2>\n<p><img loading=\"lazy\" decoding=\"async\" class=\"aligncenter wp-image-1044961\" src=\"https:\/\/images.hzpt.com\/2025\/03\/main-and-auxiliary-lifting-spring-cylinder-installation-1.webp\" alt=\"\" width=\"500\" height=\"575\" \/><\/p>\n<p>Pre maximaliz\u00e1ciu \u00fa\u010dinnosti hlavn\u00fdch a pomocn\u00fdch zdv\u00edhac\u00edch pru\u017e\u00edn zv\u00e1\u017ete tieto z\u00e1kladn\u00e9 kroky:<\/p>\n<h4><strong>1. In\u0161tal\u00e1cia<\/strong><\/h4>\n<p>Za\u010dnite in\u0161tal\u00e1ciou zdv\u00edhac\u00edch pru\u017e\u00edn v pr\u00edsnom s\u00falade s pokynmi v\u00fdrobcu. Spr\u00e1vna in\u0161tal\u00e1cia je nevyhnutn\u00e1 pre dosiahnutie optim\u00e1lneho v\u00fdkonu. Venujte dostatok \u010dasu zaisteniu v\u0161etk\u00fdch spojov, aby ste predi\u0161li \u00fanikom, ktor\u00e9 m\u00f4\u017eu sp\u00f4sobi\u0165 neefekt\u00edvnos\u0165 a potenci\u00e1lne po\u0161kodenie. Uistite sa, \u017ee valce s\u00fa spr\u00e1vne zarovnan\u00e9, aby mohli plynulo fungova\u0165 v stroji na bezorebn\u00e9 obr\u00e1banie p\u00f4dy. Dobre nain\u0161talovan\u00fd valec nielen\u017ee zvy\u0161uje funk\u010dnos\u0165, ale aj celkov\u00fa bezpe\u010dnos\u0165 zariadenia.<\/p>\n<h4><strong>2. Kontrola hydraulick\u00e9ho syst\u00e9mu<\/strong><\/h4>\n<p>Pred za\u010dat\u00edm akejko\u013evek prev\u00e1dzky vykonajte d\u00f4kladn\u00fa kontrolu hydraulick\u00e9ho syst\u00e9mu. Skontrolujte hladiny hydraulickej kvapaliny, aby ste sa uistili, \u017ee s\u00fa v odpor\u00fa\u010danom rozsahu, preto\u017ee nedostato\u010dn\u00e9 mno\u017estvo kvapaliny m\u00f4\u017ee zn\u00ed\u017ei\u0165 v\u00fdkon a vies\u0165 k poruch\u00e1m syst\u00e9mu. Skontrolujte hadice a armat\u00fary, \u010di nevykazuj\u00fa zn\u00e1mky opotrebovania, praskl\u00edn alebo netesnost\u00ed. Udr\u017eiavanie spr\u00e1vneho hydraulick\u00e9ho tlaku je nevyhnutn\u00e9 pre efekt\u00edvne zdv\u00edhanie a zabezpe\u010duje, aby stroj fungoval \u010do najlep\u0161ie. Odpor\u00fa\u010daj\u00fa sa pravideln\u00e9 kontroly, aby sa v\u010das odhalili potenci\u00e1lne probl\u00e9my.<\/p>\n<h4><strong>3. Zapojenie<\/strong><\/h4>\n<p>Po in\u0161tal\u00e1cii a kontrole aktivujte hydraulick\u00fd syst\u00e9m na zdv\u00edhanie alebo sp\u00fa\u0161\u0165anie komponentov stroja na bezorebn\u00e9 obr\u00e1banie p\u00f4dy. Ovl\u00e1dacie p\u00e1ky pou\u017e\u00edvajte premyslene a umo\u017enite postupn\u00e9 a presn\u00e9 pohyby. Tento starostliv\u00fd pr\u00edstup umo\u017e\u0148uje presn\u00e9 nastavenie na z\u00e1klade meniacich sa po\u013en\u00fdch podmienok, ako s\u00fa zmeny ter\u00e9nu alebo v\u00fd\u0161ky plodiny. Plynul\u00e9 zapojenie hydraulick\u00e9ho syst\u00e9mu nielen zvy\u0161uje \u00fa\u010dinnos\u0165, ale zlep\u0161uje aj celkov\u00e9 postupy obhospodarovania p\u00f4dy.<\/p>\n<h4><strong>4. Monitorovanie v\u00fdkonnosti<\/strong><\/h4>\n<p>Po\u010das prev\u00e1dzky pozorne sledujte v\u00fdkon zdv\u00edhac\u00edch valcov. Pravidelne po\u010d\u00favajte, \u010di sa po\u010das zdv\u00edhania a sp\u00fa\u0161\u0165ania nevyskytuj\u00fa nezvy\u010dajn\u00e9 zvuky, ako je \u0161kr\u00edpanie alebo nadmern\u00fd hluk, a sledujte zn\u00e1mky odporu. Tieto indik\u00e1tory m\u00f4\u017eu poukazova\u0165 na potrebu \u00fadr\u017eby alebo mechanick\u00e9 probl\u00e9my. V\u010dasn\u00e9 odhalenie probl\u00e9mov umo\u017e\u0148uje v\u010dasn\u00e9 opravy, pom\u00e1ha predch\u00e1dza\u0165 n\u00e1kladn\u00fdm prestojom a zabezpe\u010duje, aby stroj zostal v optim\u00e1lnom prev\u00e1dzkovom stave. V\u010faka ostra\u017eitosti m\u00f4\u017eu po\u013enohospod\u00e1ri pred\u013a\u017ei\u0165 \u017eivotnos\u0165 a spo\u013eahlivos\u0165 svojich zdv\u00edhac\u00edch pru\u017e\u00edn.<\/p>\n<p>Dodr\u017eiavan\u00edm t\u00fdchto krokov m\u00f4\u017eu pou\u017e\u00edvatelia zabezpe\u010di\u0165 efekt\u00edvne fungovanie hlavn\u00fdch a pomocn\u00fdch zdv\u00edhac\u00edch pru\u017e\u00edn, \u010do vedie k zv\u00fd\u0161enej produktivite a \u00faspe\u0161n\u00fdm po\u013enohospod\u00e1rskym v\u00fdsledkom.<\/p>\n<h2><strong>Testovacie zariadenie:<\/strong><\/h2>\n<p><strong><img loading=\"lazy\" decoding=\"async\" class=\"alignnone size-full wp-image-17293\" src=\"https:\/\/www.hydraulic-cylinders.net\/wp-content\/uploads\/2025\/03\/test-equipment.webp-2.webp\" alt=\"\" width=\"1932\" height=\"1741\" srcset=\"https:\/\/www.hydraulic-cylinders.net\/wp-content\/uploads\/2025\/03\/test-equipment.webp-2.webp 1932w, https:\/\/www.hydraulic-cylinders.net\/wp-content\/uploads\/2025\/03\/test-equipment.webp-2-1280x1153.webp 1280w, https:\/\/www.hydraulic-cylinders.net\/wp-content\/uploads\/2025\/03\/test-equipment.webp-2-980x883.webp 980w, https:\/\/www.hydraulic-cylinders.net\/wp-content\/uploads\/2025\/03\/test-equipment.webp-2-480x433.webp 480w\" sizes=\"(min-width: 0px) and (max-width: 480px) 480px, (min-width: 481px) and (max-width: 980px) 980px, (min-width: 981px) and (max-width: 1280px) 1280px, (min-width: 1281px) 1932px, 100vw\" \/><\/strong><\/p>\n<ul>\n<li>1: Komora na testovanie so\u013enej hmly<\/li>\n<li>2: Chemick\u00e1 anal\u00fdza<\/li>\n<li>3: Stroj na sk\u00fa\u0161ku \u0165ahom<\/li>\n<li>4: Rockwellov tvrdomer<\/li>\n<li>5: Stroj na testovanie \u010distoty<\/li>\n<li>6: Tester tvrdosti TH110 s meran\u00edm odrazu<\/li>\n<li>7: Meradlo hr\u00fabky n\u00e1teru<\/li>\n<li>8: Sk\u00fa\u0161ka n\u00e1razom kyvadla<\/li>\n<\/ul>\n<p><img loading=\"lazy\" decoding=\"async\" class=\"alignnone size-full wp-image-17292\" src=\"https:\/\/www.hydraulic-cylinders.net\/wp-content\/uploads\/2025\/03\/test-equipment.webp-1.webp\" alt=\"\" width=\"1600\" height=\"1216\" srcset=\"https:\/\/www.hydraulic-cylinders.net\/wp-content\/uploads\/2025\/03\/test-equipment.webp-1.webp 1600w, https:\/\/www.hydraulic-cylinders.net\/wp-content\/uploads\/2025\/03\/test-equipment.webp-1-1280x973.webp 1280w, https:\/\/www.hydraulic-cylinders.net\/wp-content\/uploads\/2025\/03\/test-equipment.webp-1-980x745.webp 980w, https:\/\/www.hydraulic-cylinders.net\/wp-content\/uploads\/2025\/03\/test-equipment.webp-1-480x365.webp 480w\" sizes=\"(min-width: 0px) and (max-width: 480px) 480px, (min-width: 481px) and (max-width: 980px) 980px, (min-width: 981px) and (max-width: 1280px) 1280px, (min-width: 1281px) 1600px, 100vw\" \/><\/p>\n<p>Na\u0161a spolo\u010dnos\u0165 pova\u017euje kvalitu za z\u00e1klad n\u00e1\u0161ho \u00faspechu. Aby sme tento z\u00e1v\u00e4zok dodr\u017eali, investovali sme do najmodernej\u0161\u00edch dom\u00e1cich testovac\u00edch a laborat\u00f3rnych zariaden\u00ed, ktor\u00e9 podporuje t\u00edm vysoko kvalifikovan\u00fdch odborn\u00edkov v oblasti vedy a techniky.<\/p>\n<p>Udr\u017eiavame pr\u00edsny syst\u00e9m riadenia kvality, ktor\u00fd je v s\u00falade s priemyseln\u00fdmi normami a zabezpe\u010duje, aby ka\u017ed\u00e1 \u0161ar\u017ea nami vyroben\u00fdch produktov sp\u013a\u0148ala najvy\u0161\u0161ie krit\u00e9ri\u00e1 kvality. \u0160tandardiz\u00e1ciou na\u0161ich oper\u00e1ci\u00ed a neust\u00e1lym monitorovan\u00edm na\u0161ich procesov zabezpe\u010dujeme, aby na\u0161i z\u00e1kazn\u00edci dost\u00e1vali len to najlep\u0161ie.<\/p>\n<p>Toto neochvejn\u00e9 odhodlanie kvalite nielen zvy\u0161uje spo\u013eahlivos\u0165 na\u0161ich produktov, ale tie\u017e buduje d\u00f4veru a spokojnos\u0165 na\u0161ich klientov. Ver\u00edme, \u017ee uprednost\u0148ovan\u00edm excelentnosti v ka\u017edom aspekte na\u0161ej v\u00fdroby prispievame k \u00faspechu na\u0161ich partnerov a cel\u00e9ho odvetvia. Spolo\u010dne sa sna\u017e\u00edme o inov\u00e1cie a kvalitu, ktor\u00e9 pretrvaj\u00fa \u010das.<\/p>\n<h2><strong>V\u00fdrobn\u00e9 miesto hydraulick\u00fdch valcov:<\/strong><\/h2>\n<p>Na\u0161a spolo\u010dnos\u0165 je popredn\u00fdm v\u00fdrobcom \u0161pecializuj\u00facim sa na hydraulick\u00e9 valce, pri\u010dom sa opierame o vlastn\u00e9 nez\u00e1visl\u00e9 v\u00fdskumn\u00e9, v\u00fdvojov\u00e9 a kon\u0161truk\u010dn\u00e9 kapacity. V\u010faka najmodernej\u0161iemu zariadeniu, v ktorom sa nach\u00e1dza viac ako 170 v\u0161eobecn\u00fdch obr\u00e1bac\u00edch strojov, CNC strojov, obr\u00e1bac\u00edch centier, zv\u00e1rac\u00edch zariaden\u00ed a \u0161pecializovan\u00fdch testovac\u00edch a kontroln\u00fdch n\u00e1strojov, sme dobre vybaven\u00ed na splnenie r\u00f4znych priemyseln\u00fdch po\u017eiadaviek.<\/p>\n<p>V\u010faka rokom nahromaden\u00fdch technologick\u00fdch znalost\u00ed a zdokona\u013eovania procesov sme vybudovali vyspel\u00fd v\u00fdrobn\u00fd proces, ktor\u00fd bezprobl\u00e9movo integruje v\u00fdskum a v\u00fdvoj s v\u00fdrobou. T\u00e1to integr\u00e1cia sa stala na\u0161ou hlavnou konkuren\u010dnou v\u00fdhodou, ktor\u00e1 n\u00e1m umo\u017e\u0148uje navrhova\u0165 a vyr\u00e1ba\u0165 \u0161irok\u00fa \u0161k\u00e1lu hydraulick\u00fdch valcov prisp\u00f4soben\u00fdch \u0161pecifick\u00fdm po\u017eiadavk\u00e1m z\u00e1kazn\u00edkov.<\/p>\n<p>Na\u0161e produkty sa \u0161iroko pou\u017e\u00edvaj\u00fa v r\u00f4znych odvetviach vr\u00e1tane po\u013enohospod\u00e1rskych strojov, stavebn\u00fdch zariaden\u00ed, vozidiel, cestn\u00e9ho in\u017einierstva a \u0161pecializovan\u00fdch strojov. S hrdos\u0165ou podporujeme mnoh\u00fdch v\u00fdrobcov origin\u00e1lneho vybavenia (OEM), medzi ktor\u00fdmi s\u00fa okrem in\u00fdch spolo\u010dnosti Bonong Xingda, Bojin Hummer, Jilin Ruifeng, Debang Dawei, Shandong Yineng Heavy Industry, Tai'an Modern Heavy Industry a Shifeng Group.<\/p>\n<p><img loading=\"lazy\" decoding=\"async\" class=\"alignnone size-full wp-image-17290\" src=\"https:\/\/www.hydraulic-cylinders.net\/wp-content\/uploads\/2025\/03\/production-site-1.webp\" alt=\"\" width=\"1971\" height=\"2253\" srcset=\"https:\/\/www.hydraulic-cylinders.net\/wp-content\/uploads\/2025\/03\/production-site-1.webp 1971w, https:\/\/www.hydraulic-cylinders.net\/wp-content\/uploads\/2025\/03\/production-site-1-1280x1463.webp 1280w, https:\/\/www.hydraulic-cylinders.net\/wp-content\/uploads\/2025\/03\/production-site-1-980x1120.webp 980w, https:\/\/www.hydraulic-cylinders.net\/wp-content\/uploads\/2025\/03\/production-site-1-480x549.webp 480w\" sizes=\"(min-width: 0px) and (max-width: 480px) 480px, (min-width: 481px) and (max-width: 980px) 980px, (min-width: 981px) and (max-width: 1280px) 1280px, (min-width: 1281px) 1971px, 100vw\" \/><\/p>\n<p>Zameriavame sa na poskytovanie v\u00fdnimo\u010dn\u00fdch slu\u017eieb prostredn\u00edctvom silnej politiky kvality, ktor\u00e1 uprednost\u0148uje neust\u00e1le inov\u00e1cie vo v\u00fdskume a v\u00fdvoji, riaden\u00ed, kontrole kvality a z\u00e1kazn\u00edckom servise. N\u00e1\u0161 z\u00e1v\u00e4zok ku kvalite bol ocenen\u00fd certifik\u00e1ciou ISO\/TS16949, ktor\u00e1 zaru\u010duje, \u017ee nielen sp\u013a\u0148ame, ale neust\u00e1le prekon\u00e1vame o\u010dak\u00e1vania na\u0161ich klientov.<\/p>\n<p>S v\u00fdh\u013eadom do bud\u00facnosti budeme na\u010falej zdokona\u013eova\u0165 na\u0161e technol\u00f3gie a roz\u0161irova\u0165 na\u0161e mo\u017enosti s cie\u013eom poskytova\u0165 na\u0161im z\u00e1kazn\u00edkom produkty a slu\u017eby najvy\u0161\u0161ej kvality. Spolo\u010dne vytv\u00e1rame odkaz excelentnosti v odvetv\u00ed hydraulick\u00fdch valcov.<\/p>\n<p><strong>\u00a0<\/strong><\/p>","protected":false},"excerpt":{"rendered":"<p>Main And Auxiliary Lifting Spring Cylinders For No Tillage Machines Main and auxiliary lifting spring cylinders are essential components of no-tillage machines, skillfully designed to enhance both functionality and efficiency. These hydraulic cylinders enable precise lifting and lowering of equipment, ensuring seamless operation during critical agricultural tasks. With their robust construction and advanced engineering, they [&hellip;]<\/p>","protected":false},"featured_media":17335,"comment_status":"open","ping_status":"closed","template":"","meta":{"_et_pb_use_builder":"","_et_pb_old_content":"","_et_gb_content_width":""},"product_brand":[],"product_cat":[1530,1549,1376],"product_tag":[],"class_list":{"0":"post-17333","1":"product","2":"type-product","3":"status-publish","4":"has-post-thumbnail","6":"product_cat-no-tillage-machinery-hydraulic-cylinders","7":"product_cat-single-acting-hydraulic-cylinder","8":"product_cat-hydraulic-cylinder","10":"first","11":"instock","12":"shipping-taxable","13":"product-type-simple"},"amp_enabled":true,"_links":{"self":[{"href":"https:\/\/www.hydraulic-cylinders.net\/sk\/wp-json\/wp\/v2\/product\/17333","targetHints":{"allow":["GET"]}}],"collection":[{"href":"https:\/\/www.hydraulic-cylinders.net\/sk\/wp-json\/wp\/v2\/product"}],"about":[{"href":"https:\/\/www.hydraulic-cylinders.net\/sk\/wp-json\/wp\/v2\/types\/product"}],"replies":[{"embeddable":true,"href":"https:\/\/www.hydraulic-cylinders.net\/sk\/wp-json\/wp\/v2\/comments?post=17333"}],"wp:featuredmedia":[{"embeddable":true,"href":"https:\/\/www.hydraulic-cylinders.net\/sk\/wp-json\/wp\/v2\/media\/17335"}],"wp:attachment":[{"href":"https:\/\/www.hydraulic-cylinders.net\/sk\/wp-json\/wp\/v2\/media?parent=17333"}],"wp:term":[{"taxonomy":"product_brand","embeddable":true,"href":"https:\/\/www.hydraulic-cylinders.net\/sk\/wp-json\/wp\/v2\/product_brand?post=17333"},{"taxonomy":"product_cat","embeddable":true,"href":"https:\/\/www.hydraulic-cylinders.net\/sk\/wp-json\/wp\/v2\/product_cat?post=17333"},{"taxonomy":"product_tag","embeddable":true,"href":"https:\/\/www.hydraulic-cylinders.net\/sk\/wp-json\/wp\/v2\/product_tag?post=17333"}],"curies":[{"name":"pracovn\u00fd list","href":"https:\/\/api.w.org\/{rel}","templated":true}]}}