{"id":17336,"date":"2025-03-07T08:15:05","date_gmt":"2025-03-07T08:15:05","guid":{"rendered":"https:\/\/www.hydraulic-cylinders.net\/?post_type=product&#038;p=17336"},"modified":"2025-04-11T03:04:56","modified_gmt":"2025-04-11T03:04:56","slug":"unidirectional-scriber-cylinder-for-no-tillage-machines","status":"publish","type":"product","link":"https:\/\/www.hydraulic-cylinders.net\/sk\/produkt\/unidirectional-scriber-cylinder-for-no-tillage-machines\/","title":{"rendered":"Jednosmern\u00fd valec ryhova\u010da pre stroje bez obr\u00e1bania p\u00f4dy"},"content":{"rendered":"<h1 style=\"text-align: center;\"><strong>Jednosmern\u00fd valec ryhova\u010da pre stroje bez obr\u00e1bania p\u00f4dy<\/strong><\/h1>\n<h1 style=\"text-align: center;\"><strong><img loading=\"lazy\" decoding=\"async\" class=\"alignnone wp-image-17299\" src=\"https:\/\/www.hydraulic-cylinders.net\/wp-content\/uploads\/2025\/03\/unidirectional-scriber-cylinder-1.webp\" alt=\"\" width=\"500\" height=\"521\" srcset=\"https:\/\/www.hydraulic-cylinders.net\/wp-content\/uploads\/2025\/03\/unidirectional-scriber-cylinder-1.webp 500w, https:\/\/www.hydraulic-cylinders.net\/wp-content\/uploads\/2025\/03\/unidirectional-scriber-cylinder-1-480x500.webp 480w\" sizes=\"(min-width: 0px) and (max-width: 480px) 480px, (min-width: 481px) 500px, 100vw\" \/><br \/>\n<\/strong><\/h1>\n<p>Jednosmern\u00fd valec ryhova\u010da je z\u00e1kladn\u00fdm komponentom \u0161peci\u00e1lne navrhnut\u00fdm pre stroje na bezorebn\u00e9 obr\u00e1banie p\u00f4dy. Tento inovat\u00edvny n\u00e1stroj v\u00fdrazne zlep\u0161uje procesy pr\u00edpravy p\u00f4dy a sejby, \u010do umo\u017e\u0148uje po\u013enohospod\u00e1rom vytv\u00e1ra\u0165 optim\u00e1lne podmienky na sejbu s vy\u0161\u0161ou efektivitou. Minimaliz\u00e1ciou naru\u0161enia p\u00f4dy zohr\u00e1va jednosmern\u00fd valec ryhova\u010da k\u013e\u00fa\u010dov\u00fa \u00falohu pri zachovan\u00ed \u0161trukt\u00fary p\u00f4dy a \u00farovne vlhkosti, ktor\u00e9 s\u00fa nevyhnutn\u00e9 pre podporu zdrav\u00e9ho rastu plod\u00edn. Jeho pokro\u010dil\u00fd dizajn a funk\u010dnos\u0165 z neho robia cenn\u00fd pr\u00ednos v modern\u00fdch po\u013enohospod\u00e1rskych postupoch.<\/p>\n<p>Ako nevyhnutn\u00fd n\u00e1stroj pre bezorebn\u00e9 oper\u00e1cie zvy\u0161uje jednosmern\u00fd valec ryhova\u010da presnos\u0165 aj efektivitu obr\u00e1bania p\u00f4dy. Jeho robustn\u00e1 kon\u0161trukcia zais\u0165uje odolnos\u0165 a jednoduch\u00fd proces in\u0161tal\u00e1cie umo\u017e\u0148uje r\u00fdchlu integr\u00e1ciu do existuj\u00facich strojov. Zn\u00ed\u017een\u00edm naru\u0161enia p\u00f4dy podporuje udr\u017eate\u013en\u00e9 po\u013enohospod\u00e1rske postupy a pom\u00e1ha po\u013enohospod\u00e1rom dosiahnu\u0165 ide\u00e1lne podmienky na v\u00fdsadbu.<\/p>\n<p>Dodr\u017eiavanie spr\u00e1vnych pokynov na pou\u017e\u00edvanie a \u00fadr\u017ebu zais\u0165uje spo\u013eahliv\u00fd v\u00fdkon, \u010do v kone\u010dnom d\u00f4sledku vedie k lep\u0161\u00edm v\u00fdnosom plod\u00edn a \u00faspe\u0161n\u00fdm po\u013enohospod\u00e1rskym v\u00fdsledkom. Invest\u00edcia do jednosmern\u00e9ho valca ryhova\u010dky je m\u00fadrym rozhodnut\u00edm pre ka\u017ed\u00fa po\u013enohospod\u00e1rsku prev\u00e1dzku, ktorej cie\u013eom je zv\u00fd\u0161i\u0165 produktivitu a prev\u00e1dzkov\u00fa efekt\u00edvnos\u0165.<\/p>\n<h2><strong>Jednosmern\u00fd valec ryhova\u010da pre stroje bez obr\u00e1bania p\u00f4dy Parameter:<\/strong><\/h2>\n<h1 style=\"text-align: center;\"><strong><img loading=\"lazy\" decoding=\"async\" class=\"alignnone size-full wp-image-17283\" src=\"https:\/\/www.hydraulic-cylinders.net\/wp-content\/uploads\/2025\/03\/hydraulic-cylinders-for-no-tillage-machines-parameter-1.webp\" alt=\"\" width=\"2237\" height=\"1271\" srcset=\"https:\/\/www.hydraulic-cylinders.net\/wp-content\/uploads\/2025\/03\/hydraulic-cylinders-for-no-tillage-machines-parameter-1.webp 2237w, https:\/\/www.hydraulic-cylinders.net\/wp-content\/uploads\/2025\/03\/hydraulic-cylinders-for-no-tillage-machines-parameter-1-1280x727.webp 1280w, https:\/\/www.hydraulic-cylinders.net\/wp-content\/uploads\/2025\/03\/hydraulic-cylinders-for-no-tillage-machines-parameter-1-980x557.webp 980w, https:\/\/www.hydraulic-cylinders.net\/wp-content\/uploads\/2025\/03\/hydraulic-cylinders-for-no-tillage-machines-parameter-1-480x273.webp 480w\" sizes=\"(min-width: 0px) and (max-width: 480px) 480px, (min-width: 481px) and (max-width: 980px) 980px, (min-width: 981px) and (max-width: 1280px) 1280px, (min-width: 1281px) 2237px, 100vw\" \/><\/strong><\/h1>\n<h2><strong>Jednosmern\u00fd valec ryhova\u010dky pre stroje bez obr\u00e1bania p\u00f4dy Pou\u017eitie:<\/strong><\/h2>\n<p><img loading=\"lazy\" decoding=\"async\" class=\"alignnone size-full wp-image-17282\" src=\"https:\/\/www.hydraulic-cylinders.net\/wp-content\/uploads\/2025\/03\/hydraulic-cylinders-for-no-tillage-machines-application-1.webp\" alt=\"\" width=\"2273\" height=\"976\" srcset=\"https:\/\/www.hydraulic-cylinders.net\/wp-content\/uploads\/2025\/03\/hydraulic-cylinders-for-no-tillage-machines-application-1.webp 2273w, https:\/\/www.hydraulic-cylinders.net\/wp-content\/uploads\/2025\/03\/hydraulic-cylinders-for-no-tillage-machines-application-1-1280x550.webp 1280w, https:\/\/www.hydraulic-cylinders.net\/wp-content\/uploads\/2025\/03\/hydraulic-cylinders-for-no-tillage-machines-application-1-980x421.webp 980w, https:\/\/www.hydraulic-cylinders.net\/wp-content\/uploads\/2025\/03\/hydraulic-cylinders-for-no-tillage-machines-application-1-480x206.webp 480w\" sizes=\"(min-width: 0px) and (max-width: 480px) 480px, (min-width: 481px) and (max-width: 980px) 980px, (min-width: 981px) and (max-width: 1280px) 1280px, (min-width: 1281px) 2273px, 100vw\" \/><\/p>\n<h2><strong>K\u013e\u00fa\u010dov\u00e9 vlastnosti jednosmern\u00e9ho rycieho valca pre stroje bez obr\u00e1bania p\u00f4dy:<\/strong><\/h2>\n<h4><strong>Zjednodu\u0161en\u00e1 prev\u00e1dzka v jednom smere<\/strong><\/h4>\n<p>Jednosmern\u00e1 kon\u0161trukcia valca ryhova\u010dky umo\u017e\u0148uje efekt\u00edvny pohyb v jednom smere, v\u010faka \u010domu je obzvl\u00e1\u0161\u0165 \u00fa\u010dinn\u00e1 pri jednoduch\u00fdch \u00faloh\u00e1ch sejby a mana\u017ementu p\u00f4dy. T\u00e1to cielen\u00e1 prev\u00e1dzka zjednodu\u0161uje pou\u017e\u00edvate\u013esk\u00e9 prostredie a umo\u017e\u0148uje oper\u00e1torom s\u00fastredi\u0165 sa na dosiahnutie konzistentn\u00fdch a presn\u00fdch v\u00fdsledkov. Zn\u00ed\u017een\u00edm zlo\u017eitosti man\u00e9vrovania m\u00f4\u017eu po\u013enohospod\u00e1ri zv\u00fd\u0161i\u0165 produktivitu, udr\u017ea\u0165 stabiln\u00fd pracovn\u00fd postup a minimalizova\u0165 riziko prev\u00e1dzkov\u00fdch ch\u00fdb.<\/p>\n<h4><strong>Robustn\u00e1 a spo\u013eahliv\u00e1 kon\u0161trukcia<\/strong><\/h4>\n<p>Jednosmern\u00fd valec ryhovacej li\u0161ty je vyroben\u00fd z prvotriednych materi\u00e1lov a je navrhnut\u00fd tak, aby odolal n\u00e1ro\u010dn\u00fdm po\u013enohospod\u00e1rskym podmienkam. Jeho robustn\u00e1 kon\u0161trukcia odol\u00e1va opotrebovaniu a zais\u0165uje spo\u013eahliv\u00fd v\u00fdkon po\u010das celej po\u013enohospod\u00e1rskej sez\u00f3ny. T\u00e1to odolnos\u0165 sa premieta do men\u0161ieho po\u010dtu opr\u00e1v a v\u00fdmen, \u010do umo\u017e\u0148uje po\u013enohospod\u00e1rom u\u0161etri\u0165 \u010das aj peniaze a z\u00e1rove\u0148 si u\u017e\u00edva\u0165 spo\u013eahliv\u00fd n\u00e1stroj. Dlhotrvaj\u00faca kon\u0161trukcia vzbudzuje d\u00f4veru, preto\u017ee vie, \u017ee dok\u00e1\u017ee splni\u0165 ka\u017edodenn\u00e9 po\u017eiadavky po\u013enohospod\u00e1rskej prev\u00e1dzky.<\/p>\n<h4><strong>Zv\u00fd\u0161en\u00e1 presnos\u0165 a kontrola<\/strong><\/h4>\n<p>Jednosmern\u00fd valec ryhova\u010da, vybaven\u00fd pokro\u010dil\u00fdm hydraulick\u00fdm syst\u00e9mom, poskytuje v\u00fdnimo\u010dn\u00fa presnos\u0165 pri riaden\u00ed h\u013abky aj uhla. T\u00e1to schopnos\u0165 umo\u017e\u0148uje obsluhe vykon\u00e1va\u0165 presn\u00e9 nastavenia prisp\u00f4soben\u00e9 \u0161pecifick\u00fdm p\u00f4dnym podmienkam a potreb\u00e1m plod\u00edn. Tak\u00e1to presnos\u0165 je nevyhnutn\u00e1 pre optim\u00e1lne umiestnenie semien, \u010d\u00edm sa zabezpe\u010d\u00ed, \u017ee semen\u00e1 s\u00fa zasiate v ide\u00e1lnej h\u013abke pre efekt\u00edvne kl\u00ed\u010denie. Zlep\u0161en\u00e9 prevzdu\u0161nenie p\u00f4dy v\u010faka presn\u00e9mu nastaveniu \u010falej podporuje robustn\u00fd v\u00fdvoj plod\u00edn, \u010do vedie k zdrav\u0161\u00edm rastlin\u00e1m a vy\u0161\u0161\u00edm v\u00fdnosom.<\/p>\n<h4><strong>Bezprobl\u00e9mov\u00e1 in\u0161tal\u00e1cia<\/strong><\/h4>\n<p>Jednosmern\u00fd valec ryhova\u010da, navrhnut\u00fd s oh\u013eadom na pohodlie pou\u017e\u00edvate\u013ea, sa vyzna\u010duje jednoduch\u00fdm procesom in\u0161tal\u00e1cie. Po\u013enohospod\u00e1ri ho m\u00f4\u017eu bezprobl\u00e9movo integrova\u0165 do svojich existuj\u00facich strojov na bezorebn\u00e9 obr\u00e1banie s minim\u00e1lnym \u00fasil\u00edm alebo technick\u00fdmi znalos\u0165ami. Tento aspekt u\u017e\u00edvate\u013eskej pr\u00edvetivosti v\u00fdrazne skracuje prestoje, \u010do umo\u017e\u0148uje r\u00fdchle obnovenie po\u013enohospod\u00e1rskych oper\u00e1ci\u00ed bez ome\u0161kania. Minimaliz\u00e1ciou \u010dasu na nastavenie sa po\u013enohospod\u00e1ri m\u00f4\u017eu s\u00fastredi\u0165 na maximaliz\u00e1ciu produktivity a prisp\u00f4sobenie sa dynamick\u00fdm po\u017eiadavk\u00e1m svojich po\u013enohospod\u00e1rskych pl\u00e1nov.<\/p>\n<h4><strong>Minim\u00e1lne naru\u0161enie p\u00f4dy<\/strong><\/h4>\n<p>Inovat\u00edvny dizajn jednosmern\u00e9ho rycieho valca \u00fa\u010dinne minimalizuje naru\u0161enie p\u00f4dy po\u010das prev\u00e1dzky. Zachovan\u00edm z\u00e1kladnej \u0161trukt\u00fary p\u00f4dy a obsahu vlhkosti t\u00e1to funkcia podporuje lep\u0161\u00ed v\u00fdvoj kore\u0148ov, \u010do je k\u013e\u00fa\u010dov\u00e9 pre zdravie plod\u00edn. Zn\u00ed\u017een\u00e9 naru\u0161enie p\u00f4dy navy\u0161e pom\u00e1ha udr\u017eiava\u0165 prospe\u0161n\u00e9 mikroorganizmy v p\u00f4de, \u010d\u00edm sa zvy\u0161uje celkov\u00e1 \u00farodnos\u0165 p\u00f4dy. Tento premyslen\u00fd pr\u00edstup k hospod\u00e1reniu s p\u00f4dou podporuje udr\u017eate\u013en\u00e9 po\u013enohospod\u00e1rske postupy a zlep\u0161uje zdravie plod\u00edn, \u010do vedie k zv\u00fd\u0161en\u00fdm v\u00fdnosom a dlhodob\u00e9mu po\u013enohospod\u00e1rskemu \u00faspechu.<\/p>\n<p>Stru\u010dne povedan\u00e9, jednosmern\u00fd ryc\u00ed valec vynik\u00e1 svojou zjednodu\u0161enou prev\u00e1dzkou v jednom smere, robustnou kon\u0161trukciou, zv\u00fd\u0161enou presnos\u0165ou, jednoduchou in\u0161tal\u00e1ciou a minim\u00e1lnym naru\u0161en\u00edm p\u00f4dy. V\u010faka t\u00fdmto vlastnostiam je neocenite\u013en\u00fdm n\u00e1strojom pre modern\u00e9 po\u013enohospod\u00e1rske postupy, ktor\u00e9 umo\u017e\u0148uj\u00fa po\u013enohospod\u00e1rom dosiahnu\u0165 efekt\u00edvne a \u00fa\u010dinn\u00e9 hospod\u00e1renie s p\u00f4dou, \u010do v kone\u010dnom d\u00f4sledku vedie k zdrav\u0161\u00edm plodin\u00e1m a zv\u00fd\u0161enej produktivite.<\/p>\n<h2><strong>Jednosmern\u00fd valec ryhova\u010dky pre stroje bez obr\u00e1bania p\u00f4dy Pou\u017eite\u013en\u00fd model:<\/strong><\/h2>\n<h1 style=\"text-align: center;\"><strong><img loading=\"lazy\" decoding=\"async\" class=\"alignnone size-full wp-image-17284\" src=\"https:\/\/www.hydraulic-cylinders.net\/wp-content\/uploads\/2025\/03\/hydraulic-cylinders-for-no-tillage-machines-2.webp\" alt=\"\" width=\"2312\" height=\"600\" srcset=\"https:\/\/www.hydraulic-cylinders.net\/wp-content\/uploads\/2025\/03\/hydraulic-cylinders-for-no-tillage-machines-2.webp 2312w, https:\/\/www.hydraulic-cylinders.net\/wp-content\/uploads\/2025\/03\/hydraulic-cylinders-for-no-tillage-machines-2-1280x332.webp 1280w, https:\/\/www.hydraulic-cylinders.net\/wp-content\/uploads\/2025\/03\/hydraulic-cylinders-for-no-tillage-machines-2-980x254.webp 980w, https:\/\/www.hydraulic-cylinders.net\/wp-content\/uploads\/2025\/03\/hydraulic-cylinders-for-no-tillage-machines-2-480x125.webp 480w\" sizes=\"(min-width: 0px) and (max-width: 480px) 480px, (min-width: 481px) and (max-width: 980px) 980px, (min-width: 981px) and (max-width: 1280px) 1280px, (min-width: 1281px) 2312px, 100vw\" \/><\/strong><\/h1>\n<h2><strong>Ako jednosmern\u00fd valec ryhova\u010da zlep\u0161uje zdravie p\u00f4dy po\u010das v\u00fdsadby?<\/strong><\/h2>\n<p>Jednosmern\u00fd valec ryhova\u010da zlep\u0161uje zdravie p\u00f4dy po\u010das v\u00fdsadby prostredn\u00edctvom nieko\u013ek\u00fdch k\u013e\u00fa\u010dov\u00fdch mechanizmov:<\/p>\n<h4><strong>Zn\u00ed\u017een\u00e9 naru\u0161enie p\u00f4dy<\/strong>:<\/h4>\n<p>Jeho \u0161pecializovan\u00e1 kon\u0161trukcia minimalizuje naru\u0161enie \u0161trukt\u00fary p\u00f4dy a zachov\u00e1va prirodzen\u00e9 usporiadanie vrstiev p\u00f4dy. T\u00e1to ochrana zabra\u0148uje zhutneniu, \u010do umo\u017e\u0148uje kore\u0148om \u013eah\u0161ie prenikanie. Zachovan\u00edm integrity t\u00fdchto vrstiev valec zabezpe\u010duje, \u017ee v p\u00f4de zostan\u00fa zachovan\u00e9 z\u00e1kladn\u00e9 \u017eiviny a vlhkos\u0165, \u010d\u00edm sa vytv\u00e1ra priaznivej\u0161ie prostredie pre rast rastl\u00edn.<\/p>\n<h4><strong>Zadr\u017eiavanie vlhkosti<\/strong>:<\/h4>\n<p>By limiting soil disturbance, the Unidirectional Scriber Cylinder helps retain moisture levels crucial for seed germination and early plant development. This is particularly important in dry conditions, where moisture loss can hinder crop establishment. The ability to maintain moisture not only supports initial growth but also enhances the plant&#8217;s resilience against drought stress later in the growing season.<\/p>\n<h4><strong>Zv\u00fd\u0161en\u00e1 mikrobi\u00e1lna aktivita<\/strong>:<\/h4>\n<p>Dizajn valca umo\u017e\u0148uje prosperova\u0165 prospe\u0161n\u00fdm mikroorganizmom v p\u00f4de minimaliz\u00e1ciou naru\u0161enia ich biotopu. Zdrav\u00e9 mikrobi\u00e1lne popul\u00e1cie zohr\u00e1vaj\u00fa d\u00f4le\u017eit\u00fa \u00falohu pri rozklade organickej hmoty, kolobehu \u017eiv\u00edn a zlep\u0161ovan\u00ed \u00farodnosti p\u00f4dy. Podporou silnej mikrobi\u00e1lnej komunity prispieva jednosmern\u00fd valec s rydlom k lep\u0161ej dostupnosti \u017eiv\u00edn, \u010do podporuje silnej\u0161\u00ed a zdrav\u0161\u00ed rast plod\u00edn.<\/p>\n<h4><strong>Podporuje v\u00fdvoj kore\u0148ov<\/strong>:<\/h4>\n<p>By creating a stable soil environment, the Unidirectional Scriber Cylinder encourages better root growth and development. Deep and extensive root systems are essential for accessing water and nutrients, which are critical for plant health. Improved root development also enhances the plant&#8217;s ability to withstand environmental stresses, such as drought or nutrient deficiencies, leading to more robust crops.<\/p>\n<h4><strong>Prevzdu\u0161\u0148ovanie p\u00f4dy<\/strong>:<\/h4>\n<p>The cylinder&#8217;s precise adjustments facilitate optimal seed placement and improve soil aeration. Adequate aeration is crucial for root respiration and the overall health of the soil ecosystem. By promoting better air circulation within the soil, the Unidirectional Scriber Cylinder supports healthy root growth and enhances the activity of beneficial soil organisms, further contributing to a thriving agricultural ecosystem.<\/p>\n<p>Stru\u010dne povedan\u00e9, jednosmern\u00fd ryc\u00ed valec zohr\u00e1va d\u00f4le\u017eit\u00fa \u00falohu pri zlep\u0161ovan\u00ed zdravia p\u00f4dy po\u010das v\u00fdsadby t\u00fdm, \u017ee zni\u017euje naru\u0161enie p\u00f4dy, udr\u017eiava vlhkos\u0165, podporuje mikrobi\u00e1lnu aktivitu, podporuje rozvoj kore\u0148ov a zlep\u0161uje prevzdu\u0161nenie p\u00f4dy. Tieto kombinovan\u00e9 v\u00fdhody ved\u00fa k zdrav\u0161\u00edm p\u00f4dam, lep\u0161\u00edm v\u00fdnosom plod\u00edn a udr\u017eate\u013en\u00fdm po\u013enohospod\u00e1rskym postupom.<\/p>\n<h2><strong>Testovacie zariadenie:<\/strong><\/h2>\n<p><strong><img loading=\"lazy\" decoding=\"async\" class=\"alignnone size-full wp-image-17293\" src=\"https:\/\/www.hydraulic-cylinders.net\/wp-content\/uploads\/2025\/03\/test-equipment.webp-2.webp\" alt=\"\" width=\"1932\" height=\"1741\" srcset=\"https:\/\/www.hydraulic-cylinders.net\/wp-content\/uploads\/2025\/03\/test-equipment.webp-2.webp 1932w, https:\/\/www.hydraulic-cylinders.net\/wp-content\/uploads\/2025\/03\/test-equipment.webp-2-1280x1153.webp 1280w, https:\/\/www.hydraulic-cylinders.net\/wp-content\/uploads\/2025\/03\/test-equipment.webp-2-980x883.webp 980w, https:\/\/www.hydraulic-cylinders.net\/wp-content\/uploads\/2025\/03\/test-equipment.webp-2-480x433.webp 480w\" sizes=\"(min-width: 0px) and (max-width: 480px) 480px, (min-width: 481px) and (max-width: 980px) 980px, (min-width: 981px) and (max-width: 1280px) 1280px, (min-width: 1281px) 1932px, 100vw\" \/><\/strong><\/p>\n<ul>\n<li>1: Komora na testovanie so\u013enej hmly<\/li>\n<li>2: Chemick\u00e1 anal\u00fdza<\/li>\n<li>3: Stroj na sk\u00fa\u0161ku \u0165ahom<\/li>\n<li>4: Rockwellov tvrdomer<\/li>\n<li>5: Stroj na testovanie \u010distoty<\/li>\n<li>6: Tester tvrdosti TH110 s meran\u00edm odrazu<\/li>\n<li>7: Meradlo hr\u00fabky n\u00e1teru<\/li>\n<li>8: Sk\u00fa\u0161ka n\u00e1razom kyvadla<\/li>\n<\/ul>\n<p><img loading=\"lazy\" decoding=\"async\" class=\"alignnone size-full wp-image-17292\" src=\"https:\/\/www.hydraulic-cylinders.net\/wp-content\/uploads\/2025\/03\/test-equipment.webp-1.webp\" alt=\"\" width=\"1600\" height=\"1216\" srcset=\"https:\/\/www.hydraulic-cylinders.net\/wp-content\/uploads\/2025\/03\/test-equipment.webp-1.webp 1600w, https:\/\/www.hydraulic-cylinders.net\/wp-content\/uploads\/2025\/03\/test-equipment.webp-1-1280x973.webp 1280w, https:\/\/www.hydraulic-cylinders.net\/wp-content\/uploads\/2025\/03\/test-equipment.webp-1-980x745.webp 980w, https:\/\/www.hydraulic-cylinders.net\/wp-content\/uploads\/2025\/03\/test-equipment.webp-1-480x365.webp 480w\" sizes=\"(min-width: 0px) and (max-width: 480px) 480px, (min-width: 481px) and (max-width: 980px) 980px, (min-width: 981px) and (max-width: 1280px) 1280px, (min-width: 1281px) 1600px, 100vw\" \/><\/p>\n<p>Na\u0161a spolo\u010dnos\u0165 pova\u017euje kvalitu za z\u00e1klad n\u00e1\u0161ho \u00faspechu. Aby sme tento z\u00e1v\u00e4zok dodr\u017eali, investovali sme do najmodernej\u0161\u00edch dom\u00e1cich testovac\u00edch a laborat\u00f3rnych zariaden\u00ed, ktor\u00e9 podporuje t\u00edm vysoko kvalifikovan\u00fdch odborn\u00edkov v oblasti vedy a techniky.<\/p>\n<p>Udr\u017eiavame pr\u00edsny syst\u00e9m riadenia kvality, ktor\u00fd je v s\u00falade s priemyseln\u00fdmi normami a zabezpe\u010duje, aby ka\u017ed\u00e1 \u0161ar\u017ea nami vyroben\u00fdch produktov sp\u013a\u0148ala najvy\u0161\u0161ie krit\u00e9ri\u00e1 kvality. \u0160tandardiz\u00e1ciou na\u0161ich oper\u00e1ci\u00ed a neust\u00e1lym monitorovan\u00edm na\u0161ich procesov zabezpe\u010dujeme, aby na\u0161i z\u00e1kazn\u00edci dost\u00e1vali len to najlep\u0161ie.<\/p>\n<p>Toto neochvejn\u00e9 odhodlanie kvalite nielen zvy\u0161uje spo\u013eahlivos\u0165 na\u0161ich produktov, ale tie\u017e buduje d\u00f4veru a spokojnos\u0165 na\u0161ich klientov. Ver\u00edme, \u017ee uprednost\u0148ovan\u00edm excelentnosti v ka\u017edom aspekte na\u0161ej v\u00fdroby prispievame k \u00faspechu na\u0161ich partnerov a cel\u00e9ho odvetvia. Spolo\u010dne sa sna\u017e\u00edme o inov\u00e1cie a kvalitu, ktor\u00e9 pretrvaj\u00fa \u010das.<\/p>\n<h2><strong>V\u00fdrobn\u00e9 miesto hydraulick\u00fdch valcov:<\/strong><\/h2>\n<p>Na\u0161a spolo\u010dnos\u0165 je popredn\u00fdm v\u00fdrobcom \u0161pecializuj\u00facim sa na hydraulick\u00e9 valce, pri\u010dom sa opierame o vlastn\u00e9 nez\u00e1visl\u00e9 v\u00fdskumn\u00e9, v\u00fdvojov\u00e9 a kon\u0161truk\u010dn\u00e9 kapacity. V\u010faka najmodernej\u0161iemu zariadeniu, v ktorom sa nach\u00e1dza viac ako 170 v\u0161eobecn\u00fdch obr\u00e1bac\u00edch strojov, CNC strojov, obr\u00e1bac\u00edch centier, zv\u00e1rac\u00edch zariaden\u00ed a \u0161pecializovan\u00fdch testovac\u00edch a kontroln\u00fdch n\u00e1strojov, sme dobre vybaven\u00ed na splnenie r\u00f4znych priemyseln\u00fdch po\u017eiadaviek.<\/p>\n<p>V\u010faka rokom nahromaden\u00fdch technologick\u00fdch znalost\u00ed a zdokona\u013eovania procesov sme vybudovali vyspel\u00fd v\u00fdrobn\u00fd proces, ktor\u00fd bezprobl\u00e9movo integruje v\u00fdskum a v\u00fdvoj s v\u00fdrobou. T\u00e1to integr\u00e1cia sa stala na\u0161ou hlavnou konkuren\u010dnou v\u00fdhodou, ktor\u00e1 n\u00e1m umo\u017e\u0148uje navrhova\u0165 a vyr\u00e1ba\u0165 \u0161irok\u00fa \u0161k\u00e1lu hydraulick\u00fdch valcov prisp\u00f4soben\u00fdch \u0161pecifick\u00fdm po\u017eiadavk\u00e1m z\u00e1kazn\u00edkov.<\/p>\n<p>Na\u0161e produkty sa \u0161iroko pou\u017e\u00edvaj\u00fa v r\u00f4znych odvetviach vr\u00e1tane po\u013enohospod\u00e1rskych strojov, stavebn\u00fdch zariaden\u00ed, vozidiel, cestn\u00e9ho in\u017einierstva a \u0161pecializovan\u00fdch strojov. S hrdos\u0165ou podporujeme mnoh\u00fdch v\u00fdrobcov origin\u00e1lneho vybavenia (OEM), medzi ktor\u00fdmi s\u00fa okrem in\u00fdch spolo\u010dnosti Bonong Xingda, Bojin Hummer, Jilin Ruifeng, Debang Dawei, Shandong Yineng Heavy Industry, Tai'an Modern Heavy Industry a Shifeng Group.<\/p>\n<p><img loading=\"lazy\" decoding=\"async\" class=\"alignnone size-full wp-image-17290\" src=\"https:\/\/www.hydraulic-cylinders.net\/wp-content\/uploads\/2025\/03\/production-site-1.webp\" alt=\"\" width=\"1971\" height=\"2253\" srcset=\"https:\/\/www.hydraulic-cylinders.net\/wp-content\/uploads\/2025\/03\/production-site-1.webp 1971w, https:\/\/www.hydraulic-cylinders.net\/wp-content\/uploads\/2025\/03\/production-site-1-1280x1463.webp 1280w, https:\/\/www.hydraulic-cylinders.net\/wp-content\/uploads\/2025\/03\/production-site-1-980x1120.webp 980w, https:\/\/www.hydraulic-cylinders.net\/wp-content\/uploads\/2025\/03\/production-site-1-480x549.webp 480w\" sizes=\"(min-width: 0px) and (max-width: 480px) 480px, (min-width: 481px) and (max-width: 980px) 980px, (min-width: 981px) and (max-width: 1280px) 1280px, (min-width: 1281px) 1971px, 100vw\" \/><\/p>\n<p>Zameriavame sa na poskytovanie v\u00fdnimo\u010dn\u00fdch slu\u017eieb prostredn\u00edctvom silnej politiky kvality, ktor\u00e1 uprednost\u0148uje neust\u00e1le inov\u00e1cie vo v\u00fdskume a v\u00fdvoji, riaden\u00ed, kontrole kvality a z\u00e1kazn\u00edckom servise. N\u00e1\u0161 z\u00e1v\u00e4zok ku kvalite bol ocenen\u00fd certifik\u00e1ciou ISO\/TS16949, ktor\u00e1 zaru\u010duje, \u017ee nielen sp\u013a\u0148ame, ale neust\u00e1le prekon\u00e1vame o\u010dak\u00e1vania na\u0161ich klientov.<\/p>\n<p>S v\u00fdh\u013eadom do bud\u00facnosti budeme na\u010falej zdokona\u013eova\u0165 na\u0161e technol\u00f3gie a roz\u0161irova\u0165 na\u0161e mo\u017enosti s cie\u013eom poskytova\u0165 na\u0161im z\u00e1kazn\u00edkom produkty a slu\u017eby najvy\u0161\u0161ej kvality. Spolo\u010dne vytv\u00e1rame odkaz excelentnosti v odvetv\u00ed hydraulick\u00fdch valcov.<\/p>","protected":false},"excerpt":{"rendered":"<p>Unidirectional Scriber Cylinder For No Tillage Machines The Unidirectional Scriber Cylinder is an essential component specifically engineered for no-tillage machines. This innovative tool significantly improves soil preparation and planting processes, enabling farmers to create optimal planting conditions with greater efficiency. By minimizing soil disruption, the Unidirectional Scriber Cylinder plays a crucial role in preserving soil [&hellip;]<\/p>","protected":false},"featured_media":17311,"comment_status":"open","ping_status":"closed","template":"","meta":{"_et_pb_use_builder":"","_et_pb_old_content":"","_et_gb_content_width":""},"product_brand":[],"product_cat":[1530,1549,1376],"product_tag":[],"class_list":{"0":"post-17336","1":"product","2":"type-product","3":"status-publish","4":"has-post-thumbnail","6":"product_cat-no-tillage-machinery-hydraulic-cylinders","7":"product_cat-single-acting-hydraulic-cylinder","8":"product_cat-hydraulic-cylinder","10":"first","11":"instock","12":"shipping-taxable","13":"product-type-simple"},"amp_enabled":true,"_links":{"self":[{"href":"https:\/\/www.hydraulic-cylinders.net\/sk\/wp-json\/wp\/v2\/product\/17336","targetHints":{"allow":["GET"]}}],"collection":[{"href":"https:\/\/www.hydraulic-cylinders.net\/sk\/wp-json\/wp\/v2\/product"}],"about":[{"href":"https:\/\/www.hydraulic-cylinders.net\/sk\/wp-json\/wp\/v2\/types\/product"}],"replies":[{"embeddable":true,"href":"https:\/\/www.hydraulic-cylinders.net\/sk\/wp-json\/wp\/v2\/comments?post=17336"}],"wp:featuredmedia":[{"embeddable":true,"href":"https:\/\/www.hydraulic-cylinders.net\/sk\/wp-json\/wp\/v2\/media\/17311"}],"wp:attachment":[{"href":"https:\/\/www.hydraulic-cylinders.net\/sk\/wp-json\/wp\/v2\/media?parent=17336"}],"wp:term":[{"taxonomy":"product_brand","embeddable":true,"href":"https:\/\/www.hydraulic-cylinders.net\/sk\/wp-json\/wp\/v2\/product_brand?post=17336"},{"taxonomy":"product_cat","embeddable":true,"href":"https:\/\/www.hydraulic-cylinders.net\/sk\/wp-json\/wp\/v2\/product_cat?post=17336"},{"taxonomy":"product_tag","embeddable":true,"href":"https:\/\/www.hydraulic-cylinders.net\/sk\/wp-json\/wp\/v2\/product_tag?post=17336"}],"curies":[{"name":"pracovn\u00fd list","href":"https:\/\/api.w.org\/{rel}","templated":true}]}}