{"id":1735,"date":"2023-10-12T05:49:25","date_gmt":"2023-10-12T05:49:25","guid":{"rendered":"https:\/\/hydraulic-cylinders.net\/?post_type=product&#038;p=1735"},"modified":"2025-04-11T02:53:40","modified_gmt":"2025-04-11T02:53:40","slug":"cement-equipment-feeding-cylinder","status":"publish","type":"product","link":"https:\/\/www.hydraulic-cylinders.net\/sk\/produkt\/cement-equipment-feeding-cylinder\/","title":{"rendered":"Valec na pod\u00e1vanie cementov\u00fdch zariaden\u00ed"},"content":{"rendered":"<h1 style=\"text-align: center;\"><strong>Valec na pod\u00e1vanie cementov\u00fdch zariaden\u00ed<\/strong><\/h1>\n<p><img loading=\"lazy\" decoding=\"async\" class=\"aligncenter wp-image-1738\" src=\"https:\/\/hydraulic-cylinders.net\/wp-content\/uploads\/2023\/10\/feeding-cylinder-1-1-300x300.webp\" alt=\"\" width=\"400\" height=\"400\" \/><\/p>\n<p>D\u00e1vkovac\u00ed valec cementov\u00e9ho zariadenia je d\u00f4le\u017eitou s\u00fa\u010das\u0165ou v\u00fdroby cementu a je \u0161peci\u00e1lne navrhnut\u00fd na zv\u00fd\u0161enie efektivity a presnosti po\u010das procesu d\u00e1vkovania. Tento \u0161pecializovan\u00fd valec zohr\u00e1va k\u013e\u00fa\u010dov\u00fa \u00falohu v cement\u00e1r\u0148ach, preto\u017ee umo\u017e\u0148uje kontrolovan\u00e9 a presn\u00e9 d\u00e1vkovanie surov\u00edn do strojov na v\u00fdrobu cementu.<\/p>\n<p>Pod\u00e1vac\u00ed valec cementov\u00e9ho zariadenia je nevyhnutnou s\u00fa\u010das\u0165ou v\u00fdroby cementu, preto\u017ee zvy\u0161uje efektivitu a presnos\u0165 po\u010das procesu pod\u00e1vania. V\u010faka svojej robustnej kon\u0161trukcii, presn\u00e9mu ovl\u00e1daniu, nastavite\u013enej d\u013a\u017eke zdvihu a spo\u013eahliv\u00e9mu tesniacemu mechanizmu tento valec zais\u0165uje presn\u00fd a konzistentn\u00fd tok materi\u00e1lu, \u010d\u00edm prispieva k optimalizovan\u00fdm oper\u00e1ci\u00e1m v\u00fdroby cementu. Dodr\u017eiavan\u00edm odpor\u00fa\u010dan\u00fdch met\u00f3d pou\u017e\u00edvania a postupov \u00fadr\u017eby m\u00f4\u017eu oper\u00e1tori maximalizova\u0165 v\u00fdkon a \u017eivotnos\u0165 pod\u00e1vacieho valca cementov\u00e9ho zariadenia, \u010d\u00edm sa v kone\u010dnom d\u00f4sledku zlep\u0161\u00ed efektivita, produktivita a kvalita v\u00fdroby cementu.<\/p>\n<p>K\u013e\u00fa\u010dov\u00e9 vlastnosti pod\u00e1vacieho valca pre cementov\u00e9 zariadenia:<\/p>\n<ol>\n<li>Robustn\u00e1 kon\u0161trukcia:<\/li>\n<\/ol>\n<ul>\n<li>Pod\u00e1vac\u00ed valec cementov\u00e9ho zariadenia je vyroben\u00fd z vysoko kvalitn\u00fdch materi\u00e1lov, aby sa zabezpe\u010dila odolnos\u0165 a dlh\u00e1 \u017eivotnos\u0165 v n\u00e1ro\u010dn\u00fdch prostrediach cement\u00e1rn\u00ed.<\/li>\n<li>Dok\u00e1\u017ee odola\u0165 vysok\u00fdm z\u00e1\u0165a\u017eiam a n\u00e1rokom nepretr\u017eitej prev\u00e1dzky bez kompromisov vo v\u00fdkone.<\/li>\n<\/ul>\n<ol start=\"2\">\n<li>Presn\u00e9 ovl\u00e1danie:<\/li>\n<\/ol>\n<ul>\n<li>Tento valec je navrhnut\u00fd tak, aby poskytoval presn\u00fa kontrolu nad procesom pod\u00e1vania, \u010do umo\u017e\u0148uje presn\u00fd a konzistentn\u00fd tok materi\u00e1lu.<\/li>\n<li>Umo\u017e\u0148uje oper\u00e1torom udr\u017eiava\u0165 optim\u00e1lne r\u00fdchlosti pod\u00e1vania, \u010d\u00edm sa zlep\u0161uje efektivita a kvalita produktov.<\/li>\n<\/ul>\n<ol start=\"3\">\n<li>Nastavite\u013en\u00e1 d\u013a\u017eka zdvihu:<\/li>\n<\/ol>\n<ul>\n<li>Pod\u00e1vac\u00ed valec cementov\u00e9ho zariadenia pon\u00faka nastavite\u013en\u00fa d\u013a\u017eku zdvihu, \u010do umo\u017e\u0148uje flexibilitu v objeme materi\u00e1lu dod\u00e1van\u00e9ho po\u010das ka\u017ed\u00e9ho cyklu pod\u00e1vania.<\/li>\n<li>Oper\u00e1tori m\u00f4\u017eu jemne doladi\u0165 d\u013a\u017eku zdvihu na z\u00e1klade \u0161pecifick\u00fdch v\u00fdrobn\u00fdch po\u017eiadaviek a charakterist\u00edk materi\u00e1lu.<\/li>\n<\/ul>\n<ol start=\"4\">\n<li>Spo\u013eahliv\u00fd tesniaci mechanizmus:<\/li>\n<\/ol>\n<ul>\n<li>Valec m\u00e1 spo\u013eahliv\u00fd tesniaci mechanizmus, ktor\u00fd zabra\u0148uje \u00faniku a zais\u0165uje konzistentn\u00fd proces pod\u00e1vania.<\/li>\n<li>Minimalizuje plytvanie materi\u00e1lom a podporuje \u010dist\u00e9 a efekt\u00edvne v\u00fdrobn\u00e9 prostredie.<\/li>\n<\/ul>\n<h2><strong>Parameter pod\u00e1vacieho valca cementov\u00e9ho zariadenia:<\/strong><\/h2>\n<table border=\"1\" cellspacing=\"0\" cellpadding=\"0\">\n<tbody>\n<tr>\n<td>N\u00e1zov produktu<\/td>\n<td>Valec na pod\u00e1vanie cementov\u00fdch zariaden\u00ed<\/td>\n<\/tr>\n<tr>\n<td>Vlastnosti:<\/td>\n<td>Podporujte vratn\u00fd pohyb ro\u0161tov\u00e9ho l\u00f4\u017eka ro\u0161tov\u00e9ho chladi\u010da<\/td>\n<\/tr>\n<tr>\n<td>Priemer otvoru:<\/td>\n<td>80 mm\uff5e140 mm<\/td>\n<\/tr>\n<tr>\n<td>Priemer ty\u010de:<\/td>\n<td>45 mm\uff5e80 mm<br \/>\nZdvih: \u22641200 mm<\/td>\n<\/tr>\n<tr>\n<td>\u0164ahov\u00e1 sila:<\/td>\n<td>Max. 385 kN<br \/>\n(Priemer valca 140 mm\/tlak 25 MPa)<\/td>\n<\/tr>\n<tr>\n<td>Aplik\u00e1cie valcov na pod\u00e1vanie cementov\u00fdch zariaden\u00ed:<\/td>\n<td>Cementov\u00e9 zariadenia<\/td>\n<\/tr>\n<\/tbody>\n<\/table>\n<div><\/div>\n<div>\n<div class=\"txtboxL\">\n<div class=\"txtboxL\">\n<div class=\"txtboxL\">Vlastnosti:<\/div>\n<div class=\"txtboxR\">Podporujte vratn\u00fd pohyb ro\u0161tov\u00e9ho l\u00f4\u017eka ro\u0161tov\u00e9ho chladi\u010da<\/div>\n<div class=\"txtboxL\">\u0160pecifik\u00e1cia:<\/div>\n<div class=\"txtboxR\">Priemer otvoru: 80 mm\uff5e140 mm<br \/>\nPriemer ty\u010de: 45 mm\uff5e80 mm<br \/>\nZdvih: \u22641200 mm<\/div>\n<div class=\"txtboxL\">\u0164ahov\u00e1 sila:<\/div>\n<div class=\"txtboxR\">Max. 385 kN<br \/>\n(Priemer valca 140 mm\/tlak 25 MPa)<\/div>\n<\/div>\n<\/div>\n<\/div>\n<h2><strong>Cementov\u00e9 zariadenia <\/strong><strong>Tov\u00e1re\u0148 na v\u00fdrobu valcov:<\/strong><\/h2>\n<p><img loading=\"lazy\" decoding=\"async\" class=\"alignnone wp-image-1734 size-full\" src=\"https:\/\/hydraulic-cylinders.net\/wp-content\/uploads\/2023\/10\/cement-equipment-cylinder-1.webp\" alt=\"\" width=\"1418\" height=\"946\" srcset=\"https:\/\/hydraulic-cylinders.net\/wp-content\/uploads\/2023\/10\/cement-equipment-cylinder-1.webp 1418w, https:\/\/hydraulic-cylinders.net\/wp-content\/uploads\/2023\/10\/cement-equipment-cylinder-1-1280x854.webp 1280w, https:\/\/hydraulic-cylinders.net\/wp-content\/uploads\/2023\/10\/cement-equipment-cylinder-1-980x654.webp 980w, https:\/\/hydraulic-cylinders.net\/wp-content\/uploads\/2023\/10\/cement-equipment-cylinder-1-480x320.webp 480w\" sizes=\"(min-width: 0px) and (max-width: 480px) 480px, (min-width: 481px) and (max-width: 980px) 980px, (min-width: 981px) and (max-width: 1280px) 1280px, (min-width: 1281px) 1418px, 100vw\" \/><\/p>\n<h2><strong>Met\u00f3da pou\u017eitia valca na pod\u00e1vanie cementov\u00e9ho zariadenia<\/strong><strong>:<\/strong><\/h2>\n<ol>\n<li><strong>In\u0161tal\u00e1cia:<\/strong><\/li>\n<\/ol>\n<ul>\n<li>Dodr\u017eujte pokyny v\u00fdrobcu, aby ste bezpe\u010dne nain\u0161talovali pod\u00e1vac\u00ed valec cementov\u00e9ho zariadenia do stroja na v\u00fdrobu cementu.<\/li>\n<li>Zabezpe\u010dte spr\u00e1vne zarovnanie, upevnenie a integr\u00e1ciu s k\u0155mnym syst\u00e9mom.<\/li>\n<\/ul>\n<ol start=\"2\">\n<li><strong>\u00daprava:<\/strong><\/li>\n<\/ol>\n<ul>\n<li>Nastavte d\u013a\u017eku zdvihu valca pod\u013ea po\u017eadovan\u00e9ho objemu a r\u00fdchlosti pod\u00e1vania.<\/li>\n<li>Pre konkr\u00e9tne mechanizmy nastavenia a nastavenia si pozrite pokyny v\u00fdrobcu.<\/li>\n<\/ul>\n<ol start=\"3\">\n<li><strong>Nakladanie materi\u00e1lu:<\/strong><\/li>\n<\/ol>\n<ul>\n<li>Vlo\u017ete po\u017eadovan\u00e9 suroviny do pod\u00e1vacieho syst\u00e9mu a uistite sa, \u017ee s\u00fa spr\u00e1vne umiestnen\u00e9 pre plynul\u00e9 a nepreru\u0161ovan\u00e9 pod\u00e1vanie.<\/li>\n<li>Zabr\u00e1\u0148te pre\u0165a\u017eeniu syst\u00e9mu, preto\u017ee to m\u00f4\u017ee nepriaznivo ovplyvni\u0165 v\u00fdkon a \u00fa\u010dinnos\u0165 pod\u00e1vacieho valca cementov\u00e9ho zariadenia.<\/li>\n<\/ul>\n<ol start=\"4\">\n<li><strong>Aktiv\u00e1cia a ovl\u00e1danie:<\/strong><\/li>\n<\/ol>\n<ul>\n<li>Aktivujte syst\u00e9m pod\u00e1vania zapojen\u00edm pod\u00e1vacieho valca cementov\u00e9ho zariadenia, aby ste spustili tok materi\u00e1lu.<\/li>\n<li>Na regul\u00e1ciu procesu pod\u00e1vania pou\u017eite ovl\u00e1dac\u00ed panel alebo rozhranie a pod\u013ea potreby upravte d\u013a\u017eku zdvihu a r\u00fdchlos\u0165.<\/li>\n<\/ul>\n<h2><strong>Ako funguj\u00fa hydraulick\u00e9 valce?<\/strong><\/h2>\n<p>Hydraulick\u00e9 valce s\u00fa mechanick\u00e9 zariadenia, ktor\u00e9 vyu\u017e\u00edvaj\u00fa silu hydraulickej kvapaliny na generovanie sily a u\u013eah\u010denie line\u00e1rneho pohybu. Be\u017ene sa pou\u017e\u00edvaj\u00fa v r\u00f4znych aplik\u00e1ci\u00e1ch, od stavebn\u00fdch zariaden\u00ed a\u017e po priemyseln\u00e9 stroje. Tu je zjednodu\u0161en\u00e9 vysvetlenie fungovania hydraulick\u00fdch valcov:<\/p>\n<ol>\n<li><strong>Z\u00e1kladn\u00e9 komponenty:<\/strong>\n<ul>\n<li>Valec valca: Je to hlavn\u00e9 teleso hydraulick\u00e9ho valca, v ktorom je umiestnen\u00fd piest a \u010fal\u0161ie vn\u00fatorn\u00e9 komponenty.<\/li>\n<li>Piest: Valcov\u00fd komponent, ktor\u00fd rozde\u013euje valec na dve komory.<\/li>\n<li>Piestna ty\u010d: Je spojen\u00e1 s piestom, vy\u010dnieva z valca a pren\u00e1\u0161a generovan\u00fa silu.<\/li>\n<li>Tesnenia: Zabra\u0148uj\u00fa \u00faniku hydraulickej kvapaliny medzi piestom a valcom, \u010d\u00edm zabezpe\u010duj\u00fa efekt\u00edvnu prev\u00e1dzku.<\/li>\n<\/ul>\n<\/li>\n<li><strong>Hydraulick\u00fd syst\u00e9m:<\/strong>\n<ul>\n<li>Hydraulick\u00fd syst\u00e9m pozost\u00e1va z hydraulick\u00e9ho \u010derpadla, regula\u010dn\u00fdch ventilov a hydraulickej kvapaliny (zvy\u010dajne oleja).<\/li>\n<li>Hydraulick\u00e9 \u010derpadlo natlakuje kvapalinu a vytv\u00e1ra hydraulick\u00fa energiu, ktor\u00fa mo\u017eno vyu\u017ei\u0165 na generovanie sily.<\/li>\n<\/ul>\n<\/li>\n<li><strong>Dve komory:<\/strong>\n<ul>\n<li>Hydraulick\u00fd valec m\u00e1 dve komory: stranu ty\u010de (alebo tlakov\u00fa stranu) a opa\u010dn\u00fa stranu (alebo vratn\u00fa stranu).<\/li>\n<li>Strana ty\u010de je pripojen\u00e1 k hydraulick\u00e9mu \u010derpadlu, zatia\u013e \u010do opa\u010dn\u00e1 strana je pripojen\u00e1 k z\u00e1sobn\u00edku alebo sp\u00e4tn\u00e9mu potrubiu.<\/li>\n<\/ul>\n<\/li>\n<li><strong>Prev\u00e1dzka:<\/strong>\n<ul>\n<li>Ke\u010f sa hydraulick\u00e1 kvapalina \u010derp\u00e1 do komory na strane ty\u010de, vyv\u00edja tlak na piest, \u010do sp\u00f4sobuje jeho pohyb smerom von.<\/li>\n<li>Ke\u010f sa piest pohybuje, tla\u010d\u00ed na piestnu ty\u010d, \u010d\u00edm vytv\u00e1ra line\u00e1rnu silu.<\/li>\n<li>S\u00fa\u010dasne sa hydraulick\u00e1 kvapalina z opa\u010dnej komory vracia sp\u00e4\u0165 do z\u00e1sobn\u00edka alebo cez sp\u00e4tn\u00e9 potrubie.<\/li>\n<\/ul>\n<\/li>\n<li><strong>Smerov\u00e9 ovl\u00e1danie:<\/strong>\n<ul>\n<li>Smer pohybu hydraulick\u00e9ho valca je mo\u017en\u00e9 ovl\u00e1da\u0165 pomocou smerov\u00fdch regula\u010dn\u00fdch ventilov.<\/li>\n<li>Tieto ventily reguluj\u00fa prietok hydraulickej kvapaliny do pr\u00edslu\u0161nej komory a ur\u010duj\u00fa smer pohybu piestu.<\/li>\n<\/ul>\n<\/li>\n<li><strong>Ovl\u00e1danie sily a r\u00fdchlosti:<\/strong>\n<ul>\n<li>Sila generovan\u00e1 hydraulick\u00fdm valcom z\u00e1vis\u00ed od hydraulick\u00e9ho tlaku a \u00fa\u010dinnej plochy piestu.<\/li>\n<li>Nastaven\u00edm hydraulick\u00e9ho tlaku je mo\u017en\u00e9 regulova\u0165 v\u00fdstupn\u00fa silu.<\/li>\n<li>R\u00fdchlos\u0165 pohybu valca je mo\u017en\u00e9 regulova\u0165 nastaven\u00edm prietoku hydraulickej kvapaliny do valca alebo z neho.<\/li>\n<\/ul>\n<\/li>\n<li><strong>Aplik\u00e1cie:<\/strong>\n<ul>\n<li>Hydraulick\u00e9 valce sa pou\u017e\u00edvaj\u00fa v r\u00f4znych aplik\u00e1ci\u00e1ch, ktor\u00e9 vy\u017eaduj\u00fa line\u00e1rnu silu a pohyb, ako je zdv\u00edhanie, tla\u010denie, \u0165ahanie a oh\u00fdbanie.<\/li>\n<li>Be\u017ene sa nach\u00e1dzaj\u00fa v stavebn\u00fdch strojoch, strojoch na manipul\u00e1ciu s materi\u00e1lom, v\u00fdrobn\u00fdch syst\u00e9moch a automobilov\u00fdch aplik\u00e1ci\u00e1ch.<\/li>\n<\/ul>\n<\/li>\n<\/ol>\n<h2><strong>Schopnos\u0165 a kapacita tov\u00e1rne:<\/strong><\/h2>\n<h3>(1) Mont\u00e1\u017e<\/h3>\n<p>Disponujeme prvotriednou nez\u00e1vislou v\u00fdskumnou a v\u00fdvojovou mont\u00e1\u017enou platformou. Diel\u0148a na v\u00fdrobu hydraulick\u00fdch valcov m\u00e1 \u0161tyri poloautomatick\u00e9 mont\u00e1\u017ene linky zdv\u00edhac\u00edch valcov a jednu automatick\u00fa mont\u00e1\u017enu linku nakl\u00e1pac\u00edch valcov s projektovanou ro\u010dnou v\u00fdrobnou kapacitou 1 mili\u00f3n kusov. Diel\u0148a na v\u00fdrobu \u0161peci\u00e1lnych valcov je vybaven\u00e1 r\u00f4znymi \u0161pecifik\u00e1ciami poloautomatick\u00e9ho syst\u00e9mu \u010distenia a mont\u00e1\u017ee s projektovanou ro\u010dnou v\u00fdrobnou kapacitou 200 000 kusov a je vybaven\u00e1 zn\u00e1mym CNC obr\u00e1bac\u00edm zariaden\u00edm, obr\u00e1bac\u00edm centrom, \u0161peci\u00e1lnym zariaden\u00edm na vysoko presn\u00e9 spracovanie valcov, robotick\u00fdm zv\u00e1rac\u00edm strojom, automatick\u00fdm \u010distiacim strojom, automatick\u00fdm mont\u00e1\u017enym strojom valcov a automatickou lakovacou v\u00fdrobnou linkou. Existuj\u00face kritick\u00e9 zariadenia maj\u00fa viac ako 300 s\u00faprav (s\u00e1d). Optim\u00e1lne alokovanie a efekt\u00edvne vyu\u017e\u00edvanie zdrojov zariaden\u00ed zabezpe\u010duje po\u017eiadavky na presnos\u0165 v\u00fdrobkov a sp\u013a\u0148a po\u017eiadavky na vysok\u00fa kvalitu v\u00fdrobkov.<\/p>\n<p><img loading=\"lazy\" decoding=\"async\" class=\"alignnone wp-image-626\" src=\"https:\/\/hydraulic-cylinders.net\/wp-content\/uploads\/2023\/08\/hydraulic-cylinder-product-1-300x158.webp\" alt=\"\" width=\"495\" height=\"260\" srcset=\"https:\/\/hydraulic-cylinders.net\/wp-content\/uploads\/2023\/08\/hydraulic-cylinder-product-1-300x158.webp 495w, https:\/\/hydraulic-cylinders.net\/wp-content\/uploads\/2023\/08\/hydraulic-cylinder-product-1-480x252.webp 480w\" sizes=\"(min-width: 0px) and (max-width: 480px) 480px, (min-width: 481px) 495px, 100vw\" \/> <img loading=\"lazy\" decoding=\"async\" class=\"alignnone wp-image-627\" src=\"https:\/\/hydraulic-cylinders.net\/wp-content\/uploads\/2023\/08\/hydraulic-cylinder-product-2-300x189.webp\" alt=\"\" width=\"413\" height=\"260\" \/><\/p>\n<h3>(2) Obr\u00e1banie<\/h3>\n<p>Obr\u00e1bacia diel\u0148a je vybaven\u00e1 prisp\u00f4soben\u00fdm s\u00fastru\u017en\u00edckym centrom na \u0161ikm\u00e9 ko\u013eajnice, obr\u00e1bac\u00edm centrom, vysokor\u00fdchlostn\u00fdm honovac\u00edm strojom, zv\u00e1rac\u00edm robotom a \u010fal\u0161\u00edm s\u00favisiacim zariaden\u00edm, ktor\u00e9 dok\u00e1\u017ee spracova\u0165 valcov\u00e9 r\u00fary s maxim\u00e1lnym vn\u00fatorn\u00fdm priemerom 400 mm a maxim\u00e1lnou d\u013a\u017ekou 6 metrov.<\/p>\n<p><img loading=\"lazy\" decoding=\"async\" class=\"alignnone wp-image-628 size-large\" src=\"https:\/\/hydraulic-cylinders.net\/wp-content\/uploads\/2023\/08\/hydraulic-cylinder-product-3-1024x391.webp\" alt=\"\" width=\"1024\" height=\"391\" srcset=\"https:\/\/hydraulic-cylinders.net\/wp-content\/uploads\/2023\/08\/hydraulic-cylinder-product-3-980x374.webp 980w, https:\/\/hydraulic-cylinders.net\/wp-content\/uploads\/2023\/08\/hydraulic-cylinder-product-3-480x183.webp 480w\" sizes=\"(min-width: 0px) and (max-width: 480px) 480px, (min-width: 481px) and (max-width: 980px) 980px, (min-width: 981px) 1024px, 100vw\" \/><\/p>\n<h3>(3) Zv\u00e1ranie<\/h3>\n<p><img loading=\"lazy\" decoding=\"async\" class=\"alignnone wp-image-629 size-large\" src=\"https:\/\/hydraulic-cylinders.net\/wp-content\/uploads\/2023\/08\/hydraulic-cylinder-product-4-1024x510.webp\" alt=\"\" width=\"1024\" height=\"510\" srcset=\"https:\/\/hydraulic-cylinders.net\/wp-content\/uploads\/2023\/08\/hydraulic-cylinder-product-4-980x488.webp 980w, https:\/\/hydraulic-cylinders.net\/wp-content\/uploads\/2023\/08\/hydraulic-cylinder-product-4-480x239.webp 480w\" sizes=\"(min-width: 0px) and (max-width: 480px) 480px, (min-width: 481px) and (max-width: 980px) 980px, (min-width: 981px) 1024px, 100vw\" \/><\/p>\n<h3>(4) Ma\u013eovanie a natieranie<\/h3>\n<p>S mal\u00fdmi a stredne ve\u013ek\u00fdmi valcov\u00fdmi automatick\u00fdmi linkami na nan\u00e1\u0161anie farieb na vodnej b\u00e1ze, na dosiahnutie automatick\u00e9ho nakladania a vykladania robotmi a automatick\u00e9ho striekania, je projektovan\u00e1 kapacita 4000 kusov za smenu;<br \/>\nM\u00e1me tie\u017e poloautomatick\u00fa linku na v\u00fdrobu farieb pre ve\u013ek\u00e9 valce poh\u00e1\u0148an\u00e9 re\u0165azou s projektovanou kapacitou 60 kusov za smenu.<\/p>\n<p><img loading=\"lazy\" decoding=\"async\" class=\"alignnone wp-image-630\" src=\"https:\/\/hydraulic-cylinders.net\/wp-content\/uploads\/2023\/08\/hydraulic-cylinder-product-5-300x213.webp\" alt=\"\" width=\"366\" height=\"260\" \/> <img loading=\"lazy\" decoding=\"async\" class=\"alignnone wp-image-631\" src=\"https:\/\/hydraulic-cylinders.net\/wp-content\/uploads\/2023\/08\/hydraulic-cylinder-product-6-300x225.webp\" alt=\"\" width=\"347\" height=\"260\" \/><\/p>\n<h3>(5) Testovanie<\/h3>\n<p>Disponujeme prvotriednymi kontroln\u00fdmi zariadeniami a sk\u00fa\u0161obn\u00fdmi zariadeniami, ktor\u00e9 zabezpe\u010duj\u00fa, \u017ee v\u00fdkonnos\u0165 valca sp\u013a\u0148a po\u017eiadavky.<\/p>\n<p><img loading=\"lazy\" decoding=\"async\" class=\"alignnone wp-image-632\" src=\"https:\/\/hydraulic-cylinders.net\/wp-content\/uploads\/2023\/08\/hydraulic-cylinder-product-8-300x200.webp\" alt=\"\" width=\"389\" height=\"260\" \/><\/p>\n<p>&nbsp;<\/p>\n<p>&nbsp;<\/p>\n<p>Sme jedn\u00fdm z najlep\u0161\u00edch v\u00fdrobcov hydraulick\u00fdch valcov. Pon\u00fakame komplexn\u00e9 hydraulick\u00e9 valce. Poskytujeme aj zodpovedaj\u00face <a href=\"https:\/\/hzpt.com\/agricultural-pto-gearbox\/\" target=\"_blank\" rel=\"noopener\">po\u013enohospod\u00e1rske prevodovky<\/a>Na\u0161e produkty sme vyv\u00e1\u017eali klientom po celom svete a v\u010faka vynikaj\u00facej kvalite produktov a popredajn\u00e9mu servisu sme si z\u00edskali dobr\u00fa reput\u00e1ciu. V\u00edtame z\u00e1kazn\u00edkov doma aj v zahrani\u010d\u00ed, ktor\u00ed n\u00e1s kontaktuj\u00fa za \u00fa\u010delom rokovania o obchodn\u00fdch z\u00e1le\u017eitostiach, v\u00fdmeny inform\u00e1ci\u00ed a <a href=\"https:\/\/www.hydraulic-cylinders.net\/sk\/contact-us\/\">spolupracova\u0165 s nami<\/a>!<\/p>","protected":false},"excerpt":{"rendered":"<p>Cement Equipment Feeding Cylinder The cement equipment feeding cylinder is a vital component in cement production, specifically designed to enhance efficiency and precision during the feeding process. This specialized cylinder plays a crucial role in cement plants, enabling controlled and accurate feeding of raw materials into the cement manufacturing machinery. The cement equipment feeding cylinder [&hellip;]<\/p>","protected":false},"featured_media":1736,"comment_status":"open","ping_status":"closed","template":"","meta":{"_et_pb_use_builder":"","_et_pb_old_content":"","_et_gb_content_width":""},"product_brand":[],"product_cat":[1520,1549],"product_tag":[1380],"class_list":{"0":"post-1735","1":"product","2":"type-product","3":"status-publish","4":"has-post-thumbnail","6":"product_cat-concrete-equipment-hydraulic-cylinders","7":"product_cat-single-acting-hydraulic-cylinder","8":"product_tag-hydraulic-cylinder","10":"first","11":"instock","12":"shipping-taxable","13":"product-type-simple"},"amp_enabled":true,"_links":{"self":[{"href":"https:\/\/www.hydraulic-cylinders.net\/sk\/wp-json\/wp\/v2\/product\/1735","targetHints":{"allow":["GET"]}}],"collection":[{"href":"https:\/\/www.hydraulic-cylinders.net\/sk\/wp-json\/wp\/v2\/product"}],"about":[{"href":"https:\/\/www.hydraulic-cylinders.net\/sk\/wp-json\/wp\/v2\/types\/product"}],"replies":[{"embeddable":true,"href":"https:\/\/www.hydraulic-cylinders.net\/sk\/wp-json\/wp\/v2\/comments?post=1735"}],"wp:featuredmedia":[{"embeddable":true,"href":"https:\/\/www.hydraulic-cylinders.net\/sk\/wp-json\/wp\/v2\/media\/1736"}],"wp:attachment":[{"href":"https:\/\/www.hydraulic-cylinders.net\/sk\/wp-json\/wp\/v2\/media?parent=1735"}],"wp:term":[{"taxonomy":"product_brand","embeddable":true,"href":"https:\/\/www.hydraulic-cylinders.net\/sk\/wp-json\/wp\/v2\/product_brand?post=1735"},{"taxonomy":"product_cat","embeddable":true,"href":"https:\/\/www.hydraulic-cylinders.net\/sk\/wp-json\/wp\/v2\/product_cat?post=1735"},{"taxonomy":"product_tag","embeddable":true,"href":"https:\/\/www.hydraulic-cylinders.net\/sk\/wp-json\/wp\/v2\/product_tag?post=1735"}],"curies":[{"name":"pracovn\u00fd list","href":"https:\/\/api.w.org\/{rel}","templated":true}]}}