{"id":17554,"date":"2025-03-17T07:34:13","date_gmt":"2025-03-17T07:34:13","guid":{"rendered":"https:\/\/www.hydraulic-cylinders.net\/?post_type=product&#038;p=17554"},"modified":"2025-04-11T03:15:35","modified_gmt":"2025-04-11T03:15:35","slug":"side-shift-hydraulic-cylinders-for-small-forklift","status":"publish","type":"product","link":"https:\/\/www.hydraulic-cylinders.net\/sk\/produkt\/side-shift-hydraulic-cylinders-for-small-forklift\/","title":{"rendered":"Hydraulick\u00e9 valce s bo\u010dn\u00fdm posunom pre mal\u00fd vysokozdvi\u017en\u00fd voz\u00edk"},"content":{"rendered":"<h1 style=\"text-align: center;\"><strong>Hydraulick\u00e9 valce s bo\u010dn\u00fdm posunom pre mal\u00e9 vysokozdvi\u017en\u00e9 voz\u00edky<\/strong><\/h1>\n<p><img loading=\"lazy\" decoding=\"async\" class=\"aligncenter wp-image-17556\" src=\"https:\/\/www.hydraulic-cylinders.net\/wp-content\/uploads\/2025\/03\/side-shift-hydraulic-cylinders-for-small-toongae-forklift.webp\" alt=\"Hydraulick\u00fd valec bo\u010dn\u00e9ho posunu pre mal\u00e9 vysokozdvi\u017en\u00e9 voz\u00edky\" width=\"500\" height=\"500\" srcset=\"https:\/\/www.hydraulic-cylinders.net\/wp-content\/uploads\/2025\/03\/side-shift-hydraulic-cylinders-for-small-toongae-forklift.webp 500w, https:\/\/www.hydraulic-cylinders.net\/wp-content\/uploads\/2025\/03\/side-shift-hydraulic-cylinders-for-small-toongae-forklift-480x480.webp 480w\" sizes=\"(min-width: 0px) and (max-width: 480px) 480px, (min-width: 481px) 500px, 100vw\" \/><\/p>\n<p>Na\u0161e hydraulick\u00e9 valce s bo\u010dn\u00fdm posunom s\u00fa skon\u0161truovan\u00e9 tak, aby poskytovali presn\u00e9 bo\u010dn\u00e9 polohovanie n\u00e1kladu, v\u010faka \u010domu s\u00fa ide\u00e1lne pre mal\u00e9 vysokozdvi\u017en\u00e9 voz\u00edky pracuj\u00face v stiesnen\u00fdch priestoroch. V\u010faka robustnej kon\u0161trukcii a jednoduchej in\u0161tal\u00e1cii tieto valce zvy\u0161uj\u00fa efektivitu a bezpe\u010dnos\u0165 pri manipul\u00e1cii s materi\u00e1lom.<\/p>\n<p><span class=\"break-words bg-yellow-50\">Hydraulick\u00e9 valce s bo\u010dn\u00fdm posunom s\u00fa nevyhnutn\u00e9 pre zv\u00fd\u0161enie funk\u010dnosti a v\u00fdkonu mal\u00fdch vysokozdvi\u017en\u00fdch voz\u00edkov.<\/span>\u00a0<span class=\"break-words bg-yellow-50\">Tieto \u0161pecializovan\u00e9 diely u\u013eah\u010duj\u00fa horizont\u00e1lny pohyb bremien, \u010do umo\u017e\u0148uje obsluhe presne umiestni\u0165 tovar bez toho, aby musela meni\u0165 polohu samotn\u00e9ho vysokozdvi\u017en\u00e9ho voz\u00edka.<\/span>\u00a0<span class=\"break-words bg-yellow-50\">T\u00e1to schopnos\u0165 je obzvl\u00e1\u0161\u0165 v\u00fdhodn\u00e1 v stiesnen\u00fdch priestoroch, zjednodu\u0161uje \u00falohy manipul\u00e1cie s materi\u00e1lom a zvy\u0161uje celkov\u00fa efektivitu.<\/span><\/p>\n<p><span class=\"break-words bg-yellow-50\">Pre mal\u00e9 vysokozdvi\u017en\u00e9 voz\u00edky predstavuj\u00fa hydraulick\u00e9 valce s bo\u010dn\u00fdm posunom v\u00fdznamn\u00fd pokrok, ktor\u00fd v\u00fdrazne zvy\u0161uje \u00fa\u010dinnos\u0165 aj bezpe\u010dnos\u0165.<\/span>\u00a0<span class=\"break-words bg-yellow-50\">Ich schopnos\u0165 zabezpe\u010di\u0165 presn\u00e9 umiestnenie n\u00e1kladu a lep\u0161iu man\u00e9vrovate\u013enos\u0165 z nich rob\u00ed nevyhnutn\u00e9 vylep\u0161enie pre ak\u00fdko\u013evek syst\u00e9m vysokozdvi\u017en\u00e9ho voz\u00edka.<\/span>\u00a0<span class=\"break-words\">Dodr\u017eiavan\u00edm pravideln\u00fdch \u00fadr\u017eb\u00e1rskych postupov a spr\u00e1vnych prev\u00e1dzkov\u00fdch postupov m\u00f4\u017eu pou\u017e\u00edvatelia zabezpe\u010di\u0165, aby si tieto hydraulick\u00e9 s\u00fa\u010diastky udr\u017eiavali stabiln\u00fd a spo\u013eahliv\u00fd v\u00fdkon, \u010do vedie k vy\u0161\u0161ej produktivite a men\u0161iemu po\u010dtu preru\u0161en\u00ed.<\/span>\u00a0<span class=\"break-words\">Vo\u013eba hydraulick\u00fdch valcov s bo\u010dn\u00fdm posunom je strategick\u00fdm krokom k zlep\u0161eniu prev\u00e1dzky v\u00e1\u0161ho vysokozdvi\u017en\u00e9ho voz\u00edka.<\/span><\/p>\n<h2><strong>S\u00e9ria hydraulick\u00fdch valcov pre mal\u00e9 vysokozdvi\u017en\u00e9 voz\u00edky:\u00a0<\/strong><\/h2>\n<h2><img loading=\"lazy\" decoding=\"async\" class=\"aligncenter wp-image-17558 size-full\" src=\"https:\/\/www.hydraulic-cylinders.net\/wp-content\/uploads\/2025\/03\/forklift-hydraulic-cylinder-construction.webp\" alt=\"hydraulick\u00fd valec pre mal\u00fd vysokozdvi\u017en\u00fd voz\u00edk\" width=\"640\" height=\"358\" srcset=\"https:\/\/www.hydraulic-cylinders.net\/wp-content\/uploads\/2025\/03\/forklift-hydraulic-cylinder-construction.webp 640w, https:\/\/www.hydraulic-cylinders.net\/wp-content\/uploads\/2025\/03\/forklift-hydraulic-cylinder-construction-480x269.webp 480w\" sizes=\"(min-width: 0px) and (max-width: 480px) 480px, (min-width: 481px) 640px, 100vw\" \/><\/h2>\n<h2><strong>Hydraulick\u00e9 valce s bo\u010dn\u00fdm posunom pre mal\u00fd vysokozdvi\u017en\u00fd voz\u00edk <\/strong><strong>Technick\u00e9 \u0161pecifik\u00e1cie<\/strong><strong>:<\/strong><\/h2>\n<p><strong>Funkcia:<\/strong> Pou\u017e\u00edva sa na dosiahnutie celkov\u00e9ho pohybu vidlice do\u013eava a doprava<br \/>\n<strong>Priemer valca:<\/strong> 50 mm<br \/>\n<strong>Priemer ty\u010de:<\/strong> 25 mm<br \/>\n<strong>Cestovanie:<\/strong> 200 mm<br \/>\n<strong>Maxim\u00e1lny tlak MPa:<\/strong> 17,5 MPa<br \/>\n<strong>Maxim\u00e1lny \u0165ah kN:<\/strong> 34 kN<\/p>\n<h2><strong>K\u013e\u00fa\u010dov\u00e9 vlastnosti <\/strong><strong>Hydraulick\u00e9 valce s bo\u010dn\u00fdm posunom pre mal\u00fd vysokozdvi\u017en\u00fd voz\u00edk<\/strong><strong>:<\/strong><\/h2>\n<h3><strong>1. Presn\u00e9 ovl\u00e1danie<\/strong><\/h3>\n<p><strong>Roz\u0161\u00edren\u00fd obsah<\/strong>:<br \/>\nNa\u0161e hydraulick\u00e9 valce pre vysokozdvi\u017en\u00e9 voz\u00edky s\u00fa skon\u0161truovan\u00e9 tak, aby poskytovali <strong>presnos\u0165 s vysokou presnos\u0165ou<\/strong>\u00a0pri polohovan\u00ed n\u00e1kladu. \u010ci u\u017e pracujete v \u00fazkych uli\u010dk\u00e1ch skladu alebo na stiesnen\u00fdch stavenisk\u00e1ch, tieto valce umo\u017e\u0148uj\u00fa obsluhe\u00a0<strong>nastavi\u0165 z\u00e1\u0165a\u017e do str\u00e1n<\/strong>\u00a0bez nutnosti premiest\u0148ovania cel\u00e9ho vysokozdvi\u017en\u00e9ho voz\u00edka. T\u00e1to funkcia nielen \u0161etr\u00ed \u010das, ale tie\u017e minimalizuje riziko po\u0161kodenia produktu sp\u00f4soben\u00e9ho zbyto\u010dn\u00fdmi pohybmi. V\u010faka plynul\u00e9mu a responz\u00edvnemu ovl\u00e1daniu m\u00f4\u017eu oper\u00e1tori dosiahnu\u0165\u00a0<strong>presnos\u0165 na milimetrov\u00fa \u00farove\u0148<\/strong>, \u010d\u00edm sa zabezpe\u010d\u00ed, \u017ee ka\u017ed\u00fd n\u00e1klad bude umiestnen\u00fd presne tam, kde m\u00e1 by\u0165.<\/p>\n<h3><strong>2. Odoln\u00e1 kon\u0161trukcia<\/strong><\/h3>\n<p><strong>Roz\u0161\u00edren\u00fd obsah<\/strong>:<br \/>\nNa\u0161e hydraulick\u00e9 valce bo\u010dn\u00e9ho posuvu s\u00fa vyroben\u00e9 tak, aby odolali naj\u0165a\u017e\u0161\u00edm pracovn\u00fdm podmienkam,\u00a0<strong>vysoko kvalitn\u00e9 materi\u00e1ly<\/strong>, vr\u00e1tane vystu\u017eenej ocele a antikor\u00f3znych n\u00e1terov. Ka\u017ed\u00e1 f\u013ea\u0161a prech\u00e1dza pr\u00edsnym testovan\u00edm, aby sa zabezpe\u010dilo, \u017ee zvl\u00e1dne\u00a0<strong>\u0165a\u017ek\u00e9 bremen\u00e1<\/strong>\u00a0a\u00a0<strong>\u010dast\u00e9 pou\u017e\u00edvanie<\/strong>\u00a0bez kompromisov vo v\u00fdkone. Robustn\u00e1 kon\u0161trukcia zais\u0165uje\u00a0<strong>dlh\u00e1 \u017eivotnos\u0165<\/strong>, a to aj v n\u00e1ro\u010dn\u00fdch prostrediach, ako s\u00fa stavenisk\u00e1 alebo v\u00fdrobn\u00e9 zariadenia.<\/p>\n<h3><strong>3. Jednoduch\u00e1 in\u0161tal\u00e1cia<\/strong><\/h3>\n<p><strong>Roz\u0161\u00edren\u00fd obsah<\/strong>:<br \/>\nNa\u0161e hydraulick\u00e9 valce bo\u010dn\u00e9ho posunu s\u00fa navrhnut\u00e9 s oh\u013eadom na pohodlie pou\u017e\u00edvate\u013ea\u00a0<strong>plne kompatibiln\u00fd<\/strong> s mal\u00fdmi vysokozdvi\u017en\u00fdmi voz\u00edkmi. Proces in\u0161tal\u00e1cie je jednoduch\u00fd a vy\u017eaduje <strong>minim\u00e1lne n\u00e1stroje a prestoje<\/strong>Podrobn\u00e9 pokyny a predv\u0155tan\u00e9 mont\u00e1\u017ene body u\u013eah\u010duj\u00fa technikom r\u00fdchle nastavenie valcov, \u010d\u00edm sa zabezpe\u010d\u00ed, \u017ee v\u00e1\u0161 vysokozdvi\u017en\u00fd voz\u00edk bude op\u00e4\u0165 v prev\u00e1dzke v kr\u00e1tkom \u010dase. Na\u0161e hydraulick\u00e9 valce pre vysokozdvi\u017en\u00e9 voz\u00edky s\u00fa navy\u0161e navrhnut\u00e9 tak, aby sa bezprobl\u00e9movo integrovali s existuj\u00facimi hydraulick\u00fdmi syst\u00e9mami, \u010d\u00edm sa eliminuje potreba n\u00e1kladn\u00fdch \u00faprav.<\/p>\n<h3><strong>4. Bezpe\u010dnostn\u00e9 prvky<\/strong><\/h3>\n<p><strong>Roz\u0161\u00edren\u00fd obsah<\/strong>:<br \/>\nBezpe\u010dnos\u0165 je pri manipul\u00e1cii s materi\u00e1lom najvy\u0161\u0161ou prioritou a na\u0161e hydraulick\u00e9 valce bo\u010dn\u00e9ho posuvu s\u00fa navrhnut\u00e9 tak, aby zlep\u0161ili obe\u00a0<strong>bezpe\u010dnos\u0165 obsluhy<\/strong>\u00a0a\u00a0<strong>efektivita pracoviska<\/strong>V\u010faka umo\u017eneniu presn\u00e9ho bo\u010dn\u00e9ho pohybu tieto valce zni\u017euj\u00fa potrebu riskantn\u00fdch man\u00e9vrov v stiesnen\u00fdch priestoroch, \u010d\u00edm v\u00fdrazne zni\u017euj\u00fa riziko neh\u00f4d. Ergonomick\u00fd dizajn tie\u017e minimalizuje\u00a0<strong>\u00fanava oper\u00e1tora<\/strong>, \u010do umo\u017e\u0148uje dlh\u0161ie a produkt\u00edvnej\u0161ie zmeny. Okrem toho s\u00fa valce vybaven\u00e9\u00a0<strong>poistn\u00e9 ventily<\/strong>\u00a0aby sa predi\u0161lo pre\u0165a\u017eeniu a zabezpe\u010dila sa stabiln\u00e1 prev\u00e1dzka pri ve\u013ekom za\u0165a\u017een\u00ed.<\/p>\n<h3><strong>5. N\u00e1kladovo efekt\u00edvne<\/strong><\/h3>\n<p><strong>Roz\u0161\u00edren\u00fd obsah<\/strong>:<br \/>\nNa\u0161e hydraulick\u00e9 valce bo\u010dn\u00e9ho posunu s\u00fa navrhnut\u00e9 tak, aby\u00a0<strong>nen\u00e1ro\u010dn\u00e9 na \u00fadr\u017ebu<\/strong>\u00a0a\u00a0<strong>vysoko spo\u013eahliv\u00fd<\/strong>, \u010do v\u00e1m v priebehu \u010dasu pom\u00f4\u017ee u\u0161etri\u0165 na prev\u00e1dzkov\u00fdch n\u00e1kladoch. Pou\u017eitie pr\u00e9miov\u00fdch materi\u00e1lov a pokro\u010dil\u00fdch v\u00fdrobn\u00fdch techn\u00edk zabezpe\u010duje, \u017ee valce vy\u017eaduj\u00fa\u00a0<strong>minim\u00e1lna \u00fadr\u017eba<\/strong>, pri\u010dom ich odolnos\u0165 zni\u017euje frekvenciu v\u00fdmen. Okrem toho, zlep\u0161en\u00e1 \u00fa\u010dinnos\u0165 a presnos\u0165, ktor\u00fa poskytuj\u00fa, m\u00f4\u017ee vies\u0165 k\u00a0<strong>v\u00fdrazn\u00e9 \u00faspory n\u00e1kladov<\/strong>\u00a0v pr\u00e1ci a manipul\u00e1cii s materi\u00e1lom. Invest\u00edciou do na\u0161ich valcov si nekupujete len produkt \u2013 investujete do\u00a0<strong>dlhodob\u00e1 prev\u00e1dzkov\u00e1 efekt\u00edvnos\u0165<\/strong>.<\/p>\n<h2><strong>Hydraulick\u00e9 valce s bo\u010dn\u00fdm posunom pre mal\u00fd vysokozdvi\u017en\u00fd voz\u00edk <\/strong><strong>Pr\u00edpady pou\u017eitia:<\/strong><\/h2>\n<p><img loading=\"lazy\" decoding=\"async\" class=\"alignnone wp-image-17572 size-full\" src=\"https:\/\/www.hydraulic-cylinders.net\/wp-content\/uploads\/2025\/03\/Side-shift-cylinder-in-action-on-a-small-Toongae-forklift.webp\" alt=\"Bo\u010dn\u00fd posuvn\u00fd valec v akcii na malom vysokozdvi\u017enom voz\u00edku\" width=\"2320\" height=\"1340\" srcset=\"https:\/\/www.hydraulic-cylinders.net\/wp-content\/uploads\/2025\/03\/Side-shift-cylinder-in-action-on-a-small-Toongae-forklift.webp 2320w, https:\/\/www.hydraulic-cylinders.net\/wp-content\/uploads\/2025\/03\/Side-shift-cylinder-in-action-on-a-small-Toongae-forklift-1280x739.webp 1280w, https:\/\/www.hydraulic-cylinders.net\/wp-content\/uploads\/2025\/03\/Side-shift-cylinder-in-action-on-a-small-Toongae-forklift-980x566.webp 980w, https:\/\/www.hydraulic-cylinders.net\/wp-content\/uploads\/2025\/03\/Side-shift-cylinder-in-action-on-a-small-Toongae-forklift-480x277.webp 480w\" sizes=\"(min-width: 0px) and (max-width: 480px) 480px, (min-width: 481px) and (max-width: 980px) 980px, (min-width: 981px) and (max-width: 1280px) 1280px, (min-width: 1281px) 2320px, 100vw\" \/><\/p>\n<ul>\n<li><strong>Skladovanie<\/strong>Ide\u00e1lne pre \u00fazke uli\u010dky a skladovanie s vysokou hustotou.<\/li>\n<li><strong>Stavebn\u00edctvo<\/strong>Ide\u00e1lne na presn\u00e9 umiestnenie materi\u00e1lu na stavenisk\u00e1ch.<\/li>\n<li><strong>V\u00fdroba<\/strong>Zvy\u0161uje efektivitu prev\u00e1dzky mont\u00e1\u017enej linky.<\/li>\n<\/ul>\n<h3><strong>Ako funguj\u00fa hydraulick\u00e9 valce bo\u010dn\u00e9ho posunu?<\/strong><\/h3>\n<p>Hydraulick\u00e9 valce bo\u010dn\u00e9ho posunu funguj\u00fa pomocou <strong>hydraulick\u00fd tlak<\/strong>\u00a0na bo\u010dn\u00e9 pos\u00favanie voz\u00edka vysokozdvi\u017en\u00e9ho voz\u00edka. Ke\u010f obsluha aktivuje ovl\u00e1daciu p\u00e1ku, hydraulick\u00e1 kvapalina sa \u010derp\u00e1 do valca, tla\u010d\u00ed na piest a sp\u00f4sobuje posun voz\u00edka do\u013eava alebo doprava. Tento bo\u010dn\u00fd pohyb umo\u017e\u0148uje\u00a0<strong>presn\u00e9 polohovanie n\u00e1kladu<\/strong>\u00a0bez nutnosti premiest\u0148ovania cel\u00e9ho vysokozdvi\u017en\u00e9ho voz\u00edka. Syst\u00e9m je navrhnut\u00fd tak, aby\u00a0<strong>plynul\u00fd a responz\u00edvny<\/strong>, \u010d\u00edm sa zabezpe\u010d\u00ed minim\u00e1lne \u00fasilie obsluhy a z\u00e1rove\u0148 maximaliz\u00e1cia presnosti.<\/p>\n<p><strong>K\u013e\u00fa\u010dov\u00e9 komponenty<\/strong>:<\/p>\n<ul>\n<li><strong>Valec valca<\/strong>Sl\u00fa\u017ei na ulo\u017eenie piestu a hydraulickej kvapaliny.<\/li>\n<li><strong>Piestna ty\u010d<\/strong>: Pren\u00e1\u0161a silu na pohyb voz\u00edka.<\/li>\n<li><strong>Hydraulick\u00e9 tesnenia<\/strong>Zabr\u00e1\u0148te \u00faniku kvapaliny a zabezpe\u010dte efekt\u00edvnu prev\u00e1dzku.<\/li>\n<li><strong>Regula\u010dn\u00fd ventil<\/strong>Reguluje prietok hydraulickej kvapaliny pre presn\u00fd pohyb.<\/li>\n<\/ul>\n<h2><strong>V\u00fdrobn\u00e1 oblas\u0165 valcov pre vysokozdvi\u017en\u00e9 voz\u00edky:<\/strong><\/h2>\n<h2><img loading=\"lazy\" decoding=\"async\" class=\"alignnone size-full wp-image-16972\" src=\"https:\/\/www.hydraulic-cylinders.net\/wp-content\/uploads\/2025\/01\/hydraulic-cylinder-factory-1-scaled.webp\" alt=\"\" width=\"2016\" height=\"2560\" srcset=\"https:\/\/www.hydraulic-cylinders.net\/wp-content\/uploads\/2025\/01\/hydraulic-cylinder-factory-1-scaled.webp 2016w, https:\/\/www.hydraulic-cylinders.net\/wp-content\/uploads\/2025\/01\/hydraulic-cylinder-factory-1-1280x1625.webp 1280w, https:\/\/www.hydraulic-cylinders.net\/wp-content\/uploads\/2025\/01\/hydraulic-cylinder-factory-1-980x1244.webp 980w, https:\/\/www.hydraulic-cylinders.net\/wp-content\/uploads\/2025\/01\/hydraulic-cylinder-factory-1-480x610.webp 480w\" sizes=\"(min-width: 0px) and (max-width: 480px) 480px, (min-width: 481px) and (max-width: 980px) 980px, (min-width: 981px) and (max-width: 1280px) 1280px, (min-width: 1281px) 2016px, 100vw\" \/><\/h2>\n<p>Disponujeme prvotriednou nez\u00e1vislou v\u00fdskumnou a v\u00fdvojovou platformou pre mont\u00e1\u017e. Diel\u0148a na v\u00fdrobu valcov pre vysokozdvi\u017en\u00e9 voz\u00edky m\u00e1 \u0161tyri poloautomatick\u00e9 mont\u00e1\u017ene linky na zdv\u00edhacie valce a plne automatick\u00fa mont\u00e1\u017enu linku nakl\u00e1pac\u00edch valcov s projektovanou ro\u010dnou v\u00fdrobnou kapacitou mili\u00f3na kusov. Diel\u0148a na v\u00fdrobu \u0161peci\u00e1lnych valcov m\u00e1 poloautomatick\u00e9 \u010distiace a mont\u00e1\u017ene syst\u00e9my r\u00f4znych \u0161pecifik\u00e1ci\u00ed s projektovanou ro\u010dnou v\u00fdrobnou kapacitou 200 000 kusov. Je vybaven\u00e1 CNC obr\u00e1bac\u00edmi zariadeniami zn\u00e1mych zna\u010diek, obr\u00e1bac\u00edmi centrami, \u0161peci\u00e1lnymi zariadeniami na vysoko presn\u00e9 spracovanie valcov, robotick\u00fdmi zv\u00e1rac\u00edmi strojmi, automatick\u00fdmi \u010distiacimi strojmi, automatick\u00fdmi mont\u00e1\u017enymi strojmi na valce a automatick\u00fdmi linkami na v\u00fdrobu farieb. M\u00e1me v prev\u00e1dzke viac ako 300 s\u00e1d k\u013e\u00fa\u010dov\u00fdch zariaden\u00ed. Optimalizovan\u00e9 pride\u013eovanie a efekt\u00edvne vyu\u017e\u00edvanie zdrojov zariaden\u00ed zabezpe\u010duje presn\u00e9 po\u017eiadavky na v\u00fdrobky a sp\u013a\u0148a vysok\u00e9 \u0161tandardy kvality v\u00fdrobkov.<\/p>\n<p>Obr\u00e1bacia diel\u0148a je vybaven\u00e1 s\u00fastru\u017en\u00edckymi centrami s nakl\u00e1pac\u00edmi vodiacimi ko\u013eajnicami vyroben\u00fdmi na mieru, obr\u00e1bac\u00edmi centrami, vysokor\u00fdchlostn\u00fdmi honovac\u00edmi strojmi, zv\u00e1rac\u00edmi robotmi a \u010fal\u0161\u00edm relevantn\u00fdm zariaden\u00edm, ktor\u00e9 dok\u00e1\u017eu obr\u00e1ba\u0165 valcov\u00e9 r\u00fary s maxim\u00e1lnym vn\u00fatorn\u00fdm priemerom 400 mm a maxim\u00e1lnou d\u013a\u017ekou 6 metrov.<\/p>\n<h2><img loading=\"lazy\" decoding=\"async\" class=\"alignnone size-full wp-image-16973\" src=\"https:\/\/www.hydraulic-cylinders.net\/wp-content\/uploads\/2025\/01\/hydraulic-cylinder-factory-2-scaled.webp\" alt=\"\" width=\"2011\" height=\"2560\" srcset=\"https:\/\/www.hydraulic-cylinders.net\/wp-content\/uploads\/2025\/01\/hydraulic-cylinder-factory-2-scaled.webp 2011w, https:\/\/www.hydraulic-cylinders.net\/wp-content\/uploads\/2025\/01\/hydraulic-cylinder-factory-2-1280x1629.webp 1280w, https:\/\/www.hydraulic-cylinders.net\/wp-content\/uploads\/2025\/01\/hydraulic-cylinder-factory-2-980x1248.webp 980w, https:\/\/www.hydraulic-cylinders.net\/wp-content\/uploads\/2025\/01\/hydraulic-cylinder-factory-2-480x611.webp 480w\" sizes=\"(min-width: 0px) and (max-width: 480px) 480px, (min-width: 481px) and (max-width: 980px) 980px, (min-width: 981px) and (max-width: 1280px) 1280px, (min-width: 1281px) 2011px, 100vw\" \/><\/h2>\n<p>Disponujeme plne automatickou linkou na nan\u00e1\u0161anie farieb na vodnej b\u00e1ze pre mal\u00e9 a stredn\u00e9 valce, ktor\u00e1 realizuje automatick\u00e9 nakladanie a vykladanie a automatick\u00e9 striekacie roboty s projektovanou v\u00fdrobnou kapacitou 4000 miest za smenu. M\u00e1me \u010fal\u0161iu poloautomatick\u00fa lakovaciu linku pre ve\u013ek\u00e9 valce poh\u00e1\u0148an\u00fa re\u0165azou s projektovanou kapacitou 60 prepraviek za smenu.<\/p>\n<p>S cie\u013eom \u010falej zlep\u0161i\u0165 v\u00fdkonnos\u0165 na\u0161ich produktov a upevni\u0165 si ved\u00facu poz\u00edciu na\u0161ich hydraulick\u00fdch valcov v tomto odvetv\u00ed sme spolo\u010dne so spolo\u010dnos\u0165ou zjimee zalo\u017eili komplexn\u00e9 laborat\u00f3rium pre hydraulick\u00e9 valce, hydraulick\u00e9 ventily a hydraulick\u00e9 \u010derpadl\u00e1. Laborat\u00f3rium vyu\u017e\u00edva po\u010d\u00edta\u010dom podporovan\u00e9 testovanie s vyu\u017eit\u00edm elektrohydraulickej technol\u00f3gie, pri\u010dom testovacie podmienky s\u00fa prednastaven\u00e9 po\u010d\u00edta\u010dom, \u010do zlep\u0161uje presnos\u0165 testu a v\u0161estrannos\u0165 syst\u00e9mu, ako aj experiment\u00e1lne \u00fadaje.<\/p>\n<p>Automatick\u00fd zber sa realizuje pomocou senzorov a v\u00fdstupn\u00e9 \u00fadaje, ako napr\u00edklad vn\u00fatorn\u00fd \u00fanik a \u00fa\u010dinnos\u0165 za\u0165a\u017eenia valca alebo ventilu, s\u00fa priamo spracov\u00e1van\u00e9 po\u010d\u00edta\u010dom a prev\u00e1dzan\u00e9 na \u0161tandardn\u00e9 jednotky (ml\/min%). Z\u00e1rove\u0148 sa na zaistenie prev\u00e1dzkovej bezpe\u010dnosti hydraulick\u00e9ho syst\u00e9mu vykon\u00e1va funkcia monitorovania stavu k\u013e\u00fa\u010dov\u00fdch v\u00fdkonnostn\u00fdch parametrov, ako je \u201emonitorovanie teploty oleja, monitorovanie hladiny kvapaliny, monitorovanie filtra\u010dn\u00e9ho zariadenia\u201c at\u010f. Okrem in\u00e9ho, \u200b\u200bsk\u00fa\u0161obn\u00fd stojan hydraulick\u00fdch valcov dok\u00e1\u017ee testova\u0165 v\u00fdkon \u201eza\u0165a\u017eenia\u201c.<br \/>\n\u00fa\u010dinnos\u0165 \u201ea\u201c vn\u00fatorn\u00e1 netesnos\u0165\u201c nameran\u00fdmi hodnotami. Z\u00e1rove\u0148 je vybaven\u00fd merac\u00edm pr\u00edstrojom s mrie\u017ekov\u00fdm prav\u00edtkom, ktor\u00fd sp\u013a\u0148a po\u017eiadavky v\u0161etk\u00fdch testovan\u00fdch polo\u017eiek hydraulick\u00fdch valcov pod\u013ea n\u00e1rodnej normy.<\/p>\n<h3><strong>Sekcia \u010casto kladen\u00fdch ot\u00e1zok:<\/strong><\/h3>\n<p><strong>Ot\u00e1zka: S\u00fa tieto valce kompatibiln\u00e9 so v\u0161etk\u00fdmi modelmi vysokozdvi\u017en\u00fdch voz\u00edkov?<\/strong><br \/>\nA: \u00c1no, s\u00fa ur\u010den\u00e9 \u0161peci\u00e1lne pre mal\u00e9 vysokozdvi\u017en\u00e9 voz\u00edky. Skontrolujte, pros\u00edm, \u010d\u00edslo modelu, \u010di s\u00fa kompatibiln\u00e9.<\/p>\n<p><strong>Ot\u00e1zka: Ak\u00e1 je z\u00e1ru\u010dn\u00e1 doba?<\/strong><br \/>\nA: Na v\u0161etky hydraulick\u00e9 valce s bo\u010dn\u00fdm posunom poskytujeme 2-ro\u010dn\u00fa z\u00e1ruku.<\/p>\n<p><strong>Ot\u00e1zka: M\u00f4\u017eem si valec nain\u0161talova\u0165 s\u00e1m?<\/strong><br \/>\nA: \u00c1no, valce sa dod\u00e1vaj\u00fa s \u013eahko zrozumite\u013en\u00fdm n\u00e1vodom na in\u0161tal\u00e1ciu. Pre optim\u00e1lny v\u00fdkon sa v\u0161ak odpor\u00fa\u010da profesion\u00e1lna in\u0161tal\u00e1cia.<\/p>","protected":false},"excerpt":{"rendered":"<p>Side Shift Hydraulic Cylinders For Small Forklifts Our side shift hydraulic cylinders are engineered to provide precise lateral load positioning, making them ideal for small forklifts operating in confined spaces. With a robust design and easy installation, these cylinders enhance efficiency and safety in material handling tasks. Side shift hydraulic cylinders are indispensable for enhancing [&hellip;]<\/p>","protected":false},"featured_media":17557,"comment_status":"open","ping_status":"closed","template":"","meta":{"_et_pb_use_builder":"","_et_pb_old_content":"","_et_gb_content_width":""},"product_brand":[],"product_cat":[1484,1550],"product_tag":[],"class_list":{"0":"post-17554","1":"product","2":"type-product","3":"status-publish","4":"has-post-thumbnail","6":"product_cat-forklift-hydraulic-cylinders","7":"product_cat-double-acting-hydraulic-cylinder","9":"first","10":"instock","11":"shipping-taxable","12":"product-type-simple"},"amp_enabled":true,"_links":{"self":[{"href":"https:\/\/www.hydraulic-cylinders.net\/sk\/wp-json\/wp\/v2\/product\/17554","targetHints":{"allow":["GET"]}}],"collection":[{"href":"https:\/\/www.hydraulic-cylinders.net\/sk\/wp-json\/wp\/v2\/product"}],"about":[{"href":"https:\/\/www.hydraulic-cylinders.net\/sk\/wp-json\/wp\/v2\/types\/product"}],"replies":[{"embeddable":true,"href":"https:\/\/www.hydraulic-cylinders.net\/sk\/wp-json\/wp\/v2\/comments?post=17554"}],"wp:featuredmedia":[{"embeddable":true,"href":"https:\/\/www.hydraulic-cylinders.net\/sk\/wp-json\/wp\/v2\/media\/17557"}],"wp:attachment":[{"href":"https:\/\/www.hydraulic-cylinders.net\/sk\/wp-json\/wp\/v2\/media?parent=17554"}],"wp:term":[{"taxonomy":"product_brand","embeddable":true,"href":"https:\/\/www.hydraulic-cylinders.net\/sk\/wp-json\/wp\/v2\/product_brand?post=17554"},{"taxonomy":"product_cat","embeddable":true,"href":"https:\/\/www.hydraulic-cylinders.net\/sk\/wp-json\/wp\/v2\/product_cat?post=17554"},{"taxonomy":"product_tag","embeddable":true,"href":"https:\/\/www.hydraulic-cylinders.net\/sk\/wp-json\/wp\/v2\/product_tag?post=17554"}],"curies":[{"name":"pracovn\u00fd list","href":"https:\/\/api.w.org\/{rel}","templated":true}]}}