{"id":17585,"date":"2025-03-18T05:51:01","date_gmt":"2025-03-18T05:51:01","guid":{"rendered":"https:\/\/www.hydraulic-cylinders.net\/?post_type=product&#038;p=17585"},"modified":"2025-04-11T03:15:29","modified_gmt":"2025-04-11T03:15:29","slug":"tilt-hydraulic-cylinders-for-large-forklift","status":"publish","type":"product","link":"https:\/\/www.hydraulic-cylinders.net\/sk\/produkt\/tilt-hydraulic-cylinders-for-large-forklift\/","title":{"rendered":"Hydraulick\u00e9 valce na nakl\u00e1panie pre ve\u013ek\u00fd vysokozdvi\u017en\u00fd voz\u00edk"},"content":{"rendered":"<h1 style=\"text-align: center;\"><strong>Hydraulick\u00e9 valce na nakl\u00e1panie pre ve\u013ek\u00fd vysokozdvi\u017en\u00fd voz\u00edk<\/strong><\/h1>\n<p>Hydraulick\u00e9 valce nakl\u00e1pania s\u00fa z\u00e1kladn\u00fdmi komponentmi ve\u013ek\u00fdch vysokozdvi\u017en\u00fdch voz\u00edkov a s\u00fa navrhnut\u00e9 tak, aby zlep\u0161ili ich prev\u00e1dzkov\u00e9 schopnosti. Tieto valce umo\u017e\u0148uj\u00fa presn\u00e9 nakl\u00e1panie vidl\u00edc vysokozdvi\u017en\u00e9ho voz\u00edka, \u010do u\u013eah\u010duje bezpe\u010dn\u00e9 a efekt\u00edvne nakladanie a vykladanie materi\u00e1lov. V\u010faka svojej robustnej kon\u0161trukcii a pokro\u010dilej technol\u00f3gii hydraulick\u00e9 valce nakl\u00e1pania v\u00fdrazne zvy\u0161uj\u00fa produktivitu v skladoch a na stavenisk\u00e1ch.<\/p>\n<p>Hydraulick\u00e9 valce nakl\u00e1pania s\u00fa nevyhnutn\u00e9 pre zlep\u0161enie funk\u010dnosti ve\u013ek\u00fdch vysokozdvi\u017en\u00fdch voz\u00edkov. Ich schopnos\u0165 u\u013eah\u010dova\u0165 presn\u00e9 pohyby nielen zvy\u0161uje efektivitu, ale aj zais\u0165uje bezpe\u010dnos\u0165 pri manipul\u00e1cii s materi\u00e1lom. Pochopen\u00edm ich vlastnost\u00ed, sp\u00f4sobov pou\u017eitia a po\u017eiadaviek na \u00fadr\u017ebu m\u00f4\u017eu oper\u00e1tori maximalizova\u0165 v\u00fdhody t\u00fdchto z\u00e1kladn\u00fdch komponentov. Invest\u00edcia do vysokokvalitn\u00fdch hydraulick\u00fdch valcov nakl\u00e1pania zaru\u010duje lep\u0161\u00ed v\u00fdkon a spo\u013eahlivos\u0165 v akejko\u013evek n\u00e1ro\u010dnej aplik\u00e1cii.<\/p>\n<h1 style=\"text-align: center;\"><img loading=\"lazy\" decoding=\"async\" class=\"alignnone wp-image-17587\" src=\"https:\/\/www.hydraulic-cylinders.net\/wp-content\/uploads\/2025\/03\/Tilt-hydraulic-cylinders-for-large-forklift.webp\" alt=\"Hydraulick\u00e9 valce nakl\u00e1pania pre ve\u013ek\u00fd vysokozdvi\u017en\u00fd voz\u00edk\" width=\"500\" height=\"500\" srcset=\"https:\/\/www.hydraulic-cylinders.net\/wp-content\/uploads\/2025\/03\/Tilt-hydraulic-cylinders-for-large-forklift.webp 500w, https:\/\/www.hydraulic-cylinders.net\/wp-content\/uploads\/2025\/03\/Tilt-hydraulic-cylinders-for-large-forklift-480x480.webp 480w\" sizes=\"(min-width: 0px) and (max-width: 480px) 480px, (min-width: 481px) 500px, 100vw\" \/><\/h1>\n<p style=\"text-align: center;\"><strong>Hydraulick\u00e9 valce na nakl\u00e1panie pre ve\u013ek\u00fd vysokozdvi\u017en\u00fd voz\u00edk<\/strong><\/p>\n<h2><strong>Hydraulick\u00e9 valce na nakl\u00e1panie pre ve\u013ek\u00fd vysokozdvi\u017en\u00fd voz\u00edk <\/strong><strong>Technick\u00e9 \u0161pecifik\u00e1cie<\/strong><strong>:<\/strong><\/h2>\n<div class=\"Message_messageTextContainer__w64Sc\">\n<div>\n<div class=\"Markdown_markdownContainer__Tz3HQ\">\n<p><strong>Funkcia:<\/strong> Implementujte nakl\u00e1\u0148anie port\u00e1lov\u00e9ho vysokozdvi\u017en\u00e9ho voz\u00edka dopredu a dozadu<br \/>\n<strong>Priemer valca:<\/strong> 90 mm \u2013 220 mm<br \/>\n<strong>Priemer ty\u010de:<\/strong> 45 mm \u2013 100 mm<br \/>\n<strong>Cestovanie:<\/strong> 37 mm \u2013 363 mm<br \/>\n<strong>Maxim\u00e1lny tlak:<\/strong> 27 MPa<br \/>\n<strong>Maxim\u00e1lny \u0165ah:<\/strong> 1026 kN<\/p>\n<\/div>\n<\/div>\n<\/div>\n<h2><strong>S\u00e9ria hydraulick\u00fdch valcov pre ve\u013ek\u00e9 vysokozdvi\u017en\u00e9 voz\u00edky:\u00a0<\/strong><\/h2>\n<h2><img loading=\"lazy\" decoding=\"async\" class=\"alignnone size-full wp-image-17582\" src=\"https:\/\/www.hydraulic-cylinders.net\/wp-content\/uploads\/2025\/03\/large-forklift-hydraulic-cylinder-construction.webp\" alt=\"\" width=\"1100\" height=\"615\" srcset=\"https:\/\/www.hydraulic-cylinders.net\/wp-content\/uploads\/2025\/03\/large-forklift-hydraulic-cylinder-construction.webp 1100w, https:\/\/www.hydraulic-cylinders.net\/wp-content\/uploads\/2025\/03\/large-forklift-hydraulic-cylinder-construction-980x548.webp 980w, https:\/\/www.hydraulic-cylinders.net\/wp-content\/uploads\/2025\/03\/large-forklift-hydraulic-cylinder-construction-480x268.webp 480w\" sizes=\"(min-width: 0px) and (max-width: 480px) 480px, (min-width: 481px) and (max-width: 980px) 980px, (min-width: 981px) 1100px, 100vw\" \/><\/h2>\n<h2><strong>K\u013e\u00fa\u010dov\u00e9 vlastnosti hydraulick\u00fdch valcov nakl\u00e1\u0148ania pre ve\u013ek\u00e9 vysokozdvi\u017en\u00e9 voz\u00edky<\/strong><strong>:<\/strong><\/h2>\n<ul>\n<li><strong>Vysok\u00e1 nosnos\u0165:<\/strong> Hydraulick\u00e9 valce nakl\u00e1pania s\u00fa skon\u0161truovan\u00e9 tak, aby uniesli zna\u010dn\u00e9 hmotnosti, a preto s\u00fa nevyhnutn\u00e9 pre n\u00e1ro\u010dn\u00e9 aplik\u00e1cie. Ich robustn\u00e1 kon\u0161trukcia zais\u0165uje bezpe\u010dn\u00fa a efekt\u00edvnu prev\u00e1dzku aj pri zdv\u00edhan\u00ed \u0165a\u017ek\u00fdch bremien, \u010d\u00edm sa zni\u017euje riziko neh\u00f4d a zvy\u0161uje produktivita na pracovisku.<\/li>\n<li><strong>Odoln\u00e9 materi\u00e1ly:<\/strong> Tieto valce s\u00fa vyroben\u00e9 z vysokopevnostnej ocele a in\u00fdch odoln\u00fdch materi\u00e1lov, ktor\u00e9 poskytuj\u00fa v\u00fdnimo\u010dn\u00fa odolnos\u0165 vo\u010di opotrebovaniu. T\u00e1to odolnos\u0165 nielen predl\u017euje \u017eivotnos\u0165 valca, ale tie\u017e minimalizuje potrebu \u010dast\u00fdch v\u00fdmen, \u010d\u00edm sa z dlhodob\u00e9ho h\u013eadiska \u0161etr\u00ed \u010das a n\u00e1klady.<\/li>\n<li><strong>Kompaktn\u00fd dizajn:<\/strong> Zjednodu\u0161en\u00fd dizajn hydraulick\u00fdch valcov nakl\u00e1pania umo\u017e\u0148uje jednoduch\u00fa integr\u00e1ciu do existuj\u00facich syst\u00e9mov vysokozdvi\u017en\u00fdch voz\u00edkov. T\u00e1to kompaktnos\u0165 umo\u017e\u0148uje optimalizovan\u00e9 vyu\u017eitie priestoru bez straty v\u00fdkonu, \u010do u\u013eah\u010duje obsluhe man\u00e9vrovanie v stiesnen\u00fdch priestoroch.<\/li>\n<li><strong>Nastavite\u013en\u00fd uhol sklonu:<\/strong> Jednou z vynikaj\u00facich vlastnost\u00ed je mo\u017enos\u0165 obsluhy bez n\u00e1mahy nastavi\u0165 uhol sklonu. T\u00e1to flexibilita umo\u017e\u0148uje r\u00f4zne aplik\u00e1cie, od stohovania a\u017e po prepravu r\u00f4znych druhov materi\u00e1lov, \u010do zabezpe\u010duje, \u017ee vysokozdvi\u017en\u00fd voz\u00edk sa dok\u00e1\u017ee \u013eahko prisp\u00f4sobi\u0165 \u0161pecifick\u00fdm \u00faloh\u00e1m.<\/li>\n<li><strong>Utesnen\u00e9 komponenty:<\/strong> Utesnen\u00e1 kon\u0161trukcia t\u00fdchto valcov \u00fa\u010dinne chr\u00e1ni vn\u00fatorn\u00e9 komponenty pred ne\u010distotami a vlhkos\u0165ou. T\u00e1to vlastnos\u0165 je obzvl\u00e1\u0161\u0165 d\u00f4le\u017eit\u00e1 v n\u00e1ro\u010dn\u00fdch prostrediach, preto\u017ee zais\u0165uje spo\u013eahliv\u00fa prev\u00e1dzku a minimalizuje riziko por\u00fach, \u010do v kone\u010dnom d\u00f4sledku vedie k ni\u017e\u0161\u00edm n\u00e1kladom na \u00fadr\u017ebu a pred\u013a\u017eeniu prev\u00e1dzkyschopnosti.<\/li>\n<\/ul>\n<h2><strong>Pr\u00edpady pou\u017eitia hydraulick\u00fdch valcov na nakl\u00e1panie pre ve\u013ek\u00fd vysokozdvi\u017en\u00fd voz\u00edk:<\/strong><\/h2>\n<p>Hydraulick\u00e9 valce nakl\u00e1pania zohr\u00e1vaj\u00fa k\u013e\u00fa\u010dov\u00fa \u00falohu v r\u00f4znych odvetviach, preto\u017ee zvy\u0161uj\u00fa efektivitu a bezpe\u010dnos\u0165 manipul\u00e1cie s materi\u00e1lom. Tu s\u00fa niektor\u00e9 k\u013e\u00fa\u010dov\u00e9 aplik\u00e1cie:<\/p>\n<h4>1. <strong>Skladovanie a distrib\u00facia<\/strong><\/h4>\n<p>V skladoch umo\u017e\u0148uj\u00fa nakl\u00e1pacie hydraulick\u00e9 valce vysokozdvi\u017en\u00fdm voz\u00edkom jednoduch\u00e9 nastavenie uhla vidl\u00edc. T\u00e1to schopnos\u0165 je nevyhnutn\u00e1 pre stohovanie paliet, \u010do umo\u017e\u0148uje presn\u00e9 umiestnenie a vyzdvihnutie tovaru. Zvy\u0161uje vyu\u017eitie priestoru a zefekt\u00edv\u0148uje oper\u00e1cie po\u010das nakladania a vykladania.<\/p>\n<h4>2. <strong>Stavenisk\u00e1<\/strong><\/h4>\n<p>Na stavenisk\u00e1ch tieto valce u\u013eah\u010duj\u00fa pohyb \u0165a\u017ek\u00fdch materi\u00e1lov, ako s\u00fa bet\u00f3nov\u00e9 bloky a oce\u013eov\u00e9 nosn\u00edky. Mo\u017enos\u0165 nakl\u00e1\u0148ania vidl\u00edc pom\u00e1ha zabezpe\u010di\u0165 n\u00e1klady po\u010das prepravy a zais\u0165uje bezpe\u010dn\u00e9 doru\u010denie na konkr\u00e9tne miesta, \u010d\u00edm sa zni\u017euje riziko neh\u00f4d.<\/p>\n<h4>3. <strong>V\u00fdroba<\/strong><\/h4>\n<p>Vo v\u00fdrobnom prostred\u00ed pom\u00e1haj\u00fa nakl\u00e1pacie hydraulick\u00e9 valce pri mont\u00e1\u017ei a preprave dielov. Umo\u017e\u0148uj\u00fa pracovn\u00edkom presne umiest\u0148ova\u0165 komponenty, \u010do je nevyhnutn\u00e9 pre udr\u017eanie kontroly kvality a efekt\u00edvnosti po\u010das v\u00fdrobn\u00fdch procesov.<\/p>\n<h4>4. <strong>Po\u013enohospod\u00e1rstvo<\/strong><\/h4>\n<p>V po\u013enohospod\u00e1rstve sa hydraulick\u00e9 valce nakl\u00e1pania pou\u017e\u00edvaj\u00fa s vysokozdvi\u017en\u00fdmi voz\u00edkmi na manipul\u00e1ciu s bal\u00edkmi, prepravkami a in\u00fdmi po\u013enohospod\u00e1rskymi produktmi. Nastavite\u013en\u00fd uhol nakl\u00e1pania pom\u00e1ha farm\u00e1rom r\u00fdchlo a bezpe\u010dne naklada\u0165 a vyklada\u0165 materi\u00e1ly, \u010d\u00edm optimalizuje ich pracovn\u00fd postup po\u010das hlavnej sez\u00f3ny zberu \u00farody.<\/p>\n<h4>5. <strong>Recykl\u00e1cia a nakladanie s odpadom<\/strong><\/h4>\n<p>Tieto valce s\u00fa nevyhnutn\u00e9 v recykla\u010dn\u00fdch zariadeniach, kde pom\u00e1haj\u00fa premiest\u0148ova\u0165 a stohova\u0165 recyklovate\u013en\u00e9 materi\u00e1ly. Mo\u017enos\u0165 nakl\u00e1\u0148ania umo\u017e\u0148uje lep\u0161ie triedenie a zhut\u0148ovanie odpadu, \u010d\u00edm sa zlep\u0161uje prev\u00e1dzkov\u00e1 efektivita a riadenie priestoru.<\/p>\n<p>H\u013ead\u00e1te valce pre vysokozdvi\u017en\u00e9 voz\u00edky s vysokou nosnos\u0165ou? Pozrite si na\u0161e <a href=\"https:\/\/www.hydraulic-cylinders.net\/sk\/forklift-hydraulic-cylinder\/\">Vysokopevnostn\u00e9 hydraulick\u00e9 valce<\/a>.<\/p>\n<h2><strong>V\u00fdrobn\u00e1 oblas\u0165 valcov pre vysokozdvi\u017en\u00e9 voz\u00edky:<\/strong><\/h2>\n<h2><img loading=\"lazy\" decoding=\"async\" class=\"alignnone size-full wp-image-16972\" src=\"https:\/\/www.hydraulic-cylinders.net\/wp-content\/uploads\/2025\/01\/hydraulic-cylinder-factory-1-scaled.webp\" sizes=\"(min-width: 0px) and (max-width: 480px) 480px, (min-width: 481px) and (max-width: 980px) 980px, (min-width: 981px) and (max-width: 1280px) 1280px, (min-width: 1281px) 2016px, 100vw\" srcset=\"https:\/\/www.hydraulic-cylinders.net\/wp-content\/uploads\/2025\/01\/hydraulic-cylinder-factory-1-scaled.webp 2016w, https:\/\/www.hydraulic-cylinders.net\/wp-content\/uploads\/2025\/01\/hydraulic-cylinder-factory-1-1280x1625.webp 1280w, https:\/\/www.hydraulic-cylinders.net\/wp-content\/uploads\/2025\/01\/hydraulic-cylinder-factory-1-980x1244.webp 980w, https:\/\/www.hydraulic-cylinders.net\/wp-content\/uploads\/2025\/01\/hydraulic-cylinder-factory-1-480x610.webp 480w\" alt=\"\" width=\"2016\" height=\"2560\" \/><\/h2>\n<p>Disponujeme prvotriednou nez\u00e1vislou v\u00fdskumnou a v\u00fdvojovou platformou pre mont\u00e1\u017e. Diel\u0148a na v\u00fdrobu valcov pre vysokozdvi\u017en\u00e9 voz\u00edky m\u00e1 \u0161tyri poloautomatick\u00e9 mont\u00e1\u017ene linky na zdv\u00edhacie valce a plne automatick\u00fa mont\u00e1\u017enu linku nakl\u00e1pac\u00edch valcov s projektovanou ro\u010dnou v\u00fdrobnou kapacitou mili\u00f3na kusov. Diel\u0148a na v\u00fdrobu \u0161peci\u00e1lnych valcov m\u00e1 poloautomatick\u00e9 \u010distiace a mont\u00e1\u017ene syst\u00e9my r\u00f4znych \u0161pecifik\u00e1ci\u00ed s projektovanou ro\u010dnou v\u00fdrobnou kapacitou 200 000 kusov. Je vybaven\u00e1 CNC obr\u00e1bac\u00edmi zariadeniami zn\u00e1mych zna\u010diek, obr\u00e1bac\u00edmi centrami, \u0161peci\u00e1lnymi zariadeniami na vysoko presn\u00e9 spracovanie valcov, robotick\u00fdmi zv\u00e1rac\u00edmi strojmi, automatick\u00fdmi \u010distiacimi strojmi, automatick\u00fdmi mont\u00e1\u017enymi strojmi na valce a automatick\u00fdmi linkami na v\u00fdrobu farieb. M\u00e1me v prev\u00e1dzke viac ako 300 s\u00e1d k\u013e\u00fa\u010dov\u00fdch zariaden\u00ed. Optimalizovan\u00e9 pride\u013eovanie a efekt\u00edvne vyu\u017e\u00edvanie zdrojov zariaden\u00ed zabezpe\u010duje presn\u00e9 po\u017eiadavky na v\u00fdrobky a sp\u013a\u0148a vysok\u00e9 \u0161tandardy kvality v\u00fdrobkov.<\/p>\n<p>Obr\u00e1bacia diel\u0148a je vybaven\u00e1 s\u00fastru\u017en\u00edckymi centrami s nakl\u00e1pac\u00edmi vodiacimi ko\u013eajnicami vyroben\u00fdmi na mieru, obr\u00e1bac\u00edmi centrami, vysokor\u00fdchlostn\u00fdmi honovac\u00edmi strojmi, zv\u00e1rac\u00edmi robotmi a \u010fal\u0161\u00edm relevantn\u00fdm zariaden\u00edm, ktor\u00e9 dok\u00e1\u017eu obr\u00e1ba\u0165 valcov\u00e9 r\u00fary s maxim\u00e1lnym vn\u00fatorn\u00fdm priemerom 400 mm a maxim\u00e1lnou d\u013a\u017ekou 6 metrov.<\/p>\n<h2><img loading=\"lazy\" decoding=\"async\" class=\"alignnone size-full wp-image-16973\" src=\"https:\/\/www.hydraulic-cylinders.net\/wp-content\/uploads\/2025\/01\/hydraulic-cylinder-factory-2-scaled.webp\" sizes=\"(min-width: 0px) and (max-width: 480px) 480px, (min-width: 481px) and (max-width: 980px) 980px, (min-width: 981px) and (max-width: 1280px) 1280px, (min-width: 1281px) 2011px, 100vw\" srcset=\"https:\/\/www.hydraulic-cylinders.net\/wp-content\/uploads\/2025\/01\/hydraulic-cylinder-factory-2-scaled.webp 2011w, https:\/\/www.hydraulic-cylinders.net\/wp-content\/uploads\/2025\/01\/hydraulic-cylinder-factory-2-1280x1629.webp 1280w, https:\/\/www.hydraulic-cylinders.net\/wp-content\/uploads\/2025\/01\/hydraulic-cylinder-factory-2-980x1248.webp 980w, https:\/\/www.hydraulic-cylinders.net\/wp-content\/uploads\/2025\/01\/hydraulic-cylinder-factory-2-480x611.webp 480w\" alt=\"\" width=\"2011\" height=\"2560\" \/><\/h2>\n<p>Disponujeme plne automatickou linkou na nan\u00e1\u0161anie farieb na vodnej b\u00e1ze pre mal\u00e9 a stredn\u00e9 valce, ktor\u00e1 realizuje automatick\u00e9 nakladanie a vykladanie a automatick\u00e9 striekacie roboty s projektovanou v\u00fdrobnou kapacitou 4000 miest za smenu. M\u00e1me \u010fal\u0161iu poloautomatick\u00fa lakovaciu linku pre ve\u013ek\u00e9 valce poh\u00e1\u0148an\u00fa re\u0165azou s projektovanou kapacitou 60 prepraviek za smenu.<\/p>\n<p>S cie\u013eom \u010falej zlep\u0161i\u0165 v\u00fdkonnos\u0165 na\u0161ich produktov a upevni\u0165 si ved\u00facu poz\u00edciu na\u0161ich hydraulick\u00fdch valcov v tomto odvetv\u00ed sme spolo\u010dne so spolo\u010dnos\u0165ou zjimee zalo\u017eili komplexn\u00e9 laborat\u00f3rium pre hydraulick\u00e9 valce, hydraulick\u00e9 ventily a hydraulick\u00e9 \u010derpadl\u00e1. Laborat\u00f3rium vyu\u017e\u00edva po\u010d\u00edta\u010dom podporovan\u00e9 testovanie s vyu\u017eit\u00edm elektrohydraulickej technol\u00f3gie, pri\u010dom testovacie podmienky s\u00fa prednastaven\u00e9 po\u010d\u00edta\u010dom, \u010do zlep\u0161uje presnos\u0165 testu a v\u0161estrannos\u0165 syst\u00e9mu, ako aj experiment\u00e1lne \u00fadaje.<\/p>\n<p>Automatick\u00fd zber sa realizuje pomocou senzorov a v\u00fdstupn\u00e9 \u00fadaje, ako napr\u00edklad vn\u00fatorn\u00fd \u00fanik a \u00fa\u010dinnos\u0165 za\u0165a\u017eenia valca alebo ventilu, s\u00fa priamo spracov\u00e1van\u00e9 po\u010d\u00edta\u010dom a prev\u00e1dzan\u00e9 na \u0161tandardn\u00e9 jednotky (ml\/min%). Z\u00e1rove\u0148 sa na zaistenie prev\u00e1dzkovej bezpe\u010dnosti hydraulick\u00e9ho syst\u00e9mu vykon\u00e1va funkcia monitorovania stavu k\u013e\u00fa\u010dov\u00fdch v\u00fdkonnostn\u00fdch parametrov, ako je \u201emonitorovanie teploty oleja, monitorovanie hladiny kvapaliny, monitorovanie filtra\u010dn\u00e9ho zariadenia\u201c at\u010f. Okrem in\u00e9ho, \u200b\u200bsk\u00fa\u0161obn\u00fd stojan hydraulick\u00fdch valcov dok\u00e1\u017ee testova\u0165 v\u00fdkon \u201eza\u0165a\u017eenia\u201c.<br \/>\n\u00fa\u010dinnos\u0165 \u201ea\u201c vn\u00fatorn\u00e1 netesnos\u0165\u201c nameran\u00fdmi hodnotami. Z\u00e1rove\u0148 je vybaven\u00fd merac\u00edm pr\u00edstrojom s mrie\u017ekov\u00fdm prav\u00edtkom, ktor\u00fd sp\u013a\u0148a po\u017eiadavky v\u0161etk\u00fdch testovan\u00fdch polo\u017eiek hydraulick\u00fdch valcov pod\u013ea n\u00e1rodnej normy.<\/p>\n<p>&nbsp;<\/p>","protected":false},"excerpt":{"rendered":"<p>Tilt Hydraulic Cylinders For Large Forklift Tilt hydraulic cylinders are essential components in large forklifts, designed to enhance their operational capabilities. These cylinders allow for precise tilting of the forklift&#8217;s forks, facilitating safe and efficient loading and unloading of materials. With their robust construction and advanced technology, tilt hydraulic cylinders significantly improve productivity in warehouses [&hellip;]<\/p>","protected":false},"featured_media":17588,"comment_status":"open","ping_status":"closed","template":"","meta":{"_et_pb_use_builder":"","_et_pb_old_content":"","_et_gb_content_width":""},"product_brand":[],"product_cat":[1484,1550],"product_tag":[],"class_list":{"0":"post-17585","1":"product","2":"type-product","3":"status-publish","4":"has-post-thumbnail","6":"product_cat-forklift-hydraulic-cylinders","7":"product_cat-double-acting-hydraulic-cylinder","9":"first","10":"instock","11":"shipping-taxable","12":"product-type-simple"},"amp_enabled":true,"_links":{"self":[{"href":"https:\/\/www.hydraulic-cylinders.net\/sk\/wp-json\/wp\/v2\/product\/17585","targetHints":{"allow":["GET"]}}],"collection":[{"href":"https:\/\/www.hydraulic-cylinders.net\/sk\/wp-json\/wp\/v2\/product"}],"about":[{"href":"https:\/\/www.hydraulic-cylinders.net\/sk\/wp-json\/wp\/v2\/types\/product"}],"replies":[{"embeddable":true,"href":"https:\/\/www.hydraulic-cylinders.net\/sk\/wp-json\/wp\/v2\/comments?post=17585"}],"wp:featuredmedia":[{"embeddable":true,"href":"https:\/\/www.hydraulic-cylinders.net\/sk\/wp-json\/wp\/v2\/media\/17588"}],"wp:attachment":[{"href":"https:\/\/www.hydraulic-cylinders.net\/sk\/wp-json\/wp\/v2\/media?parent=17585"}],"wp:term":[{"taxonomy":"product_brand","embeddable":true,"href":"https:\/\/www.hydraulic-cylinders.net\/sk\/wp-json\/wp\/v2\/product_brand?post=17585"},{"taxonomy":"product_cat","embeddable":true,"href":"https:\/\/www.hydraulic-cylinders.net\/sk\/wp-json\/wp\/v2\/product_cat?post=17585"},{"taxonomy":"product_tag","embeddable":true,"href":"https:\/\/www.hydraulic-cylinders.net\/sk\/wp-json\/wp\/v2\/product_tag?post=17585"}],"curies":[{"name":"pracovn\u00fd list","href":"https:\/\/api.w.org\/{rel}","templated":true}]}}