{"id":17589,"date":"2025-03-18T06:09:41","date_gmt":"2025-03-18T06:09:41","guid":{"rendered":"https:\/\/www.hydraulic-cylinders.net\/?post_type=product&#038;p=17589"},"modified":"2025-04-11T01:44:55","modified_gmt":"2025-04-11T01:44:55","slug":"lift-hydraulic-cylinders-for-large-forklift","status":"publish","type":"product","link":"https:\/\/www.hydraulic-cylinders.net\/sk\/produkt\/lift-hydraulic-cylinders-for-large-forklift\/","title":{"rendered":"Zdv\u00edhacie hydraulick\u00e9 valce pre ve\u013ek\u00fd vysokozdvi\u017en\u00fd voz\u00edk"},"content":{"rendered":"<h1 style=\"text-align: center;\"><strong>Zdv\u00edhacie hydraulick\u00e9 valce pre ve\u013ek\u00fd vysokozdvi\u017en\u00fd voz\u00edk<\/strong><\/h1>\n<p>Zdv\u00edhacie hydraulick\u00e9 valce s\u00fa k\u013e\u00fa\u010dov\u00fdmi komponentmi ve\u013ek\u00fdch vysokozdvi\u017en\u00fdch voz\u00edkov, ktor\u00e9 im umo\u017e\u0148uj\u00fa vykon\u00e1va\u0165 z\u00e1kladn\u00e9 funkcie zdv\u00edhania a sp\u00fa\u0161\u0165ania. Tieto valce poskytuj\u00fa potrebn\u00fd v\u00fdkon na efekt\u00edvnu manipul\u00e1ciu s \u0165a\u017ek\u00fdmi bremenami a zabezpe\u010duj\u00fa plynul\u00fd chod v r\u00f4znych priemyseln\u00fdch prostrediach. V\u010faka robustnej kon\u0161trukcii a vysok\u00e9mu v\u00fdkonu zvy\u0161uj\u00fa zdv\u00edhacie hydraulick\u00e9 valce produktivitu a bezpe\u010dnos\u0165 pri manipul\u00e1cii s materi\u00e1lom.<\/p>\n<p>Invest\u00edcia do vysoko kvalitn\u00fdch zdv\u00edhac\u00edch hydraulick\u00fdch valcov pre ve\u013ek\u00e9 vysokozdvi\u017en\u00e9 voz\u00edky v\u00fdrazne zvy\u0161uje prev\u00e1dzkov\u00fa efektivitu a bezpe\u010dnos\u0165. Pochopen\u00edm ich vlastnost\u00ed, spr\u00e1vneho pou\u017e\u00edvania a po\u017eiadaviek na \u00fadr\u017ebu m\u00f4\u017eu oper\u00e1tori zabezpe\u010di\u0165, aby tieto valce poskytovali konzistentn\u00fd v\u00fdkon a dlh\u00fa \u017eivotnos\u0165. So spr\u00e1vnymi zdv\u00edhac\u00edmi hydraulick\u00fdmi valcami m\u00f4\u017eu firmy optimalizova\u0165 svoje procesy manipul\u00e1cie s materi\u00e1lom, \u010do vedie k zv\u00fd\u0161eniu produktivity a skr\u00e1teniu prestojov.<\/p>\n<h1 style=\"text-align: center;\"><img loading=\"lazy\" decoding=\"async\" class=\"alignnone wp-image-17590\" src=\"https:\/\/www.hydraulic-cylinders.net\/wp-content\/uploads\/2025\/03\/Lift-hydraulic-cylinders-for-large-forklift.jpg\" alt=\"\" width=\"500\" height=\"500\" srcset=\"https:\/\/www.hydraulic-cylinders.net\/wp-content\/uploads\/2025\/03\/Lift-hydraulic-cylinders-for-large-forklift.jpg 500w, https:\/\/www.hydraulic-cylinders.net\/wp-content\/uploads\/2025\/03\/Lift-hydraulic-cylinders-for-large-forklift-480x480.jpg 480w\" sizes=\"(min-width: 0px) and (max-width: 480px) 480px, (min-width: 481px) 500px, 100vw\" \/><\/h1>\n<p style=\"text-align: center;\"><strong>Zdv\u00edhacie hydraulick\u00e9 valce pre ve\u013ek\u00fd vysokozdvi\u017en\u00fd voz\u00edk<\/strong><\/p>\n<h2><strong>S\u00e9ria hydraulick\u00fdch valcov pre ve\u013ek\u00e9 vysokozdvi\u017en\u00e9 voz\u00edky:\u00a0<\/strong><\/h2>\n<h2><img loading=\"lazy\" decoding=\"async\" class=\"alignnone size-full wp-image-17582\" src=\"https:\/\/www.hydraulic-cylinders.net\/wp-content\/uploads\/2025\/03\/large-forklift-hydraulic-cylinder-construction.webp\" alt=\"\" width=\"1100\" height=\"615\" srcset=\"https:\/\/www.hydraulic-cylinders.net\/wp-content\/uploads\/2025\/03\/large-forklift-hydraulic-cylinder-construction.webp 1100w, https:\/\/www.hydraulic-cylinders.net\/wp-content\/uploads\/2025\/03\/large-forklift-hydraulic-cylinder-construction-980x548.webp 980w, https:\/\/www.hydraulic-cylinders.net\/wp-content\/uploads\/2025\/03\/large-forklift-hydraulic-cylinder-construction-480x268.webp 480w\" sizes=\"(min-width: 0px) and (max-width: 480px) 480px, (min-width: 481px) and (max-width: 980px) 980px, (min-width: 981px) 1100px, 100vw\" \/><\/h2>\n<h2><strong>Zdv\u00edhacie hydraulick\u00e9 valce pre ve\u013ek\u00fd vysokozdvi\u017en\u00fd voz\u00edk pre ve\u013ek\u00fd vysokozdvi\u017en\u00fd voz\u00edk <\/strong><strong>Technick\u00e9 \u0161pecifik\u00e1cie<\/strong><strong>:<\/strong><\/h2>\n<p><strong>Funkcia:<\/strong> Na dosiahnutie zdv\u00edhacieho a sp\u00fa\u0161\u0165acieho \u00fa\u010dinku port\u00e1lu<br \/>\n<strong>Priemer valca:<\/strong> 65 mm \u2013 190 mm<br \/>\n<strong>Priemer ty\u010de:<\/strong> 50 mm \u2013 160 mm<br \/>\n<strong>Cestovanie:<\/strong> 100 mm \u2013 3490 mm<br \/>\n<strong>Maxim\u00e1lny tlak:<\/strong> 21 MPa<br \/>\n<strong>Maxim\u00e1lny \u0165ah:<\/strong> 596 kN<\/p>\n<h2><strong>K\u013e\u00fa\u010dov\u00e9 vlastnosti zdv\u00edhac\u00edch hydraulick\u00fdch valcov pre ve\u013ek\u00fd vysokozdvi\u017en\u00fd voz\u00edk<\/strong><strong>:<\/strong><\/h2>\n<ul>\n<li><strong>Vysok\u00e1 nosnos\u0165<\/strong>Tieto zdv\u00edhacie hydraulick\u00e9 valce s\u00fa skon\u0161truovan\u00e9 tak, aby uniesli zna\u010dn\u00e9 hmotnosti, v\u010faka \u010domu s\u00fa ide\u00e1lne pre n\u00e1ro\u010dn\u00e9 aplik\u00e1cie. Ich robustn\u00e1 kon\u0161trukcia zais\u0165uje spo\u013eahliv\u00fa prev\u00e1dzku aj pri extr\u00e9mnom za\u0165a\u017een\u00ed, \u010do umo\u017e\u0148uje vysokozdvi\u017en\u00fdm voz\u00edkom s istotou manipulova\u0165 s ve\u013ek\u00fdmi paletami a materi\u00e1lmi. T\u00e1to schopnos\u0165 v\u00fdrazne zvy\u0161uje efektivitu pracoviska minimaliz\u00e1ciou rizika prev\u00e1dzkov\u00fdch por\u00fach po\u010das n\u00e1ro\u010dn\u00fdch \u00faloh.<\/li>\n<li><strong>Odoln\u00e1 kon\u0161trukcia<\/strong>Tieto hydraulick\u00e9 valce s\u00fa vyroben\u00e9 z prvotriednych materi\u00e1lov a s\u00fa skon\u0161truovan\u00e9 tak, aby odolali n\u00e1ro\u010dn\u00fdm pracovn\u00fdm podmienkam. Ich odolnos\u0165 vo\u010di opotrebovaniu, kor\u00f3zii a \u00fanave predl\u017euje \u017eivotnos\u0165 valca a zni\u017euje potrebu \u010dast\u00fdch v\u00fdmen. T\u00e1to odolnos\u0165 sa premieta do ni\u017e\u0161\u00edch n\u00e1kladov na \u00fadr\u017ebu a zv\u00fd\u0161enej prev\u00e1dzkyschopnosti, v\u010faka \u010domu s\u00fa inteligentnou invest\u00edciou pre ak\u00fako\u013evek priemyseln\u00fa prev\u00e1dzku.<\/li>\n<li><strong>V\u0161estrann\u00e9 ve\u013ekosti<\/strong>Tieto zdv\u00edhacie hydraulick\u00e9 valce, ktor\u00e9 s\u00fa k dispoz\u00edcii v \u0161irokej \u0161k\u00e1le priemerov a d\u013a\u017eok zdvihu, je mo\u017en\u00e9 prisp\u00f4sobi\u0165 \u0161pecifick\u00fdm potreb\u00e1m r\u00f4znych modelov a aplik\u00e1ci\u00ed vysokozdvi\u017en\u00fdch voz\u00edkov. T\u00e1to v\u0161estrannos\u0165 zabezpe\u010duje ich bezprobl\u00e9mov\u00fa integr\u00e1ciu do r\u00f4znych syst\u00e9mov, \u010do poskytuje flexibilitu pre podniky, ktor\u00e9 manipuluj\u00fa s r\u00f4znymi n\u00e1kladmi a materi\u00e1lmi.<\/li>\n<li><strong>Efekt\u00edvny v\u00fdkon<\/strong>Tieto hydraulick\u00e9 valce, navrhnut\u00e9 pre optim\u00e1lnu funk\u010dnos\u0165, umo\u017e\u0148uj\u00fa r\u00fdchle zdv\u00edhanie a sp\u00fa\u0161\u0165anie. T\u00e1to \u00fa\u010dinnos\u0165 minimalizuje \u010dasy cyklov, \u010do umo\u017e\u0148uje oper\u00e1torom vykon\u00e1va\u0165 \u00falohy r\u00fdchlej\u0161ie a efekt\u00edvnej\u0161ie. Vylep\u0161en\u00fd pracovn\u00fd postup nielen zvy\u0161uje produktivitu, ale aj celkov\u00fa prev\u00e1dzkov\u00fa efektivitu vysokozdvi\u017en\u00e9ho voz\u00edka, v\u010faka \u010domu je d\u00f4le\u017eit\u00fdm n\u00e1strojom pri manipul\u00e1cii s materi\u00e1lom.<\/li>\n<li><strong>Vysokotlakov\u00e9 hodnotenia<\/strong>Tieto valce s\u00fa schopn\u00e9 pracova\u0165 pri zv\u00fd\u0161enom tlaku a zais\u0165uj\u00fa efekt\u00edvny \u0165ah a stabilitu po\u010das zdv\u00edhac\u00edch oper\u00e1ci\u00ed. Ich vysok\u00e9 tlakov\u00e9 hodnoty umo\u017e\u0148uj\u00fa bezpe\u010dn\u00fa manipul\u00e1ciu s \u0165a\u017ek\u00fdmi bremenami bez kompromisov vo v\u00fdkone. T\u00e1to spo\u013eahlivos\u0165 je nevyhnutn\u00e1 pre dodr\u017eiavanie bezpe\u010dnostn\u00fdch \u0161tandardov na pracovisku a poskytuje obsluhe pokoj pri pr\u00e1ci s objemn\u00fdmi materi\u00e1lmi.<\/li>\n<\/ul>\n<h2><strong>Pr\u00edpady pou\u017eitia zdv\u00edhac\u00edch hydraulick\u00fdch valcov pre ve\u013ek\u00fd vysokozdvi\u017en\u00fd voz\u00edk:<\/strong><\/h2>\n<h3><strong>1. Skladovanie a distrib\u00facia<\/strong><\/h3>\n<p>V skladoch s\u00fa ve\u013ek\u00e9 vysokozdvi\u017en\u00e9 voz\u00edky vybaven\u00e9 zdv\u00edhac\u00edmi hydraulick\u00fdmi valcami nevyhnutn\u00e9 na stohovanie a vyberanie \u0165a\u017ek\u00fdch paliet. Tieto valce umo\u017e\u0148uj\u00fa r\u00fdchle zdv\u00edhanie a sp\u00fa\u0161\u0165anie, \u010do umo\u017e\u0148uje oper\u00e1torom efekt\u00edvne spravova\u0165 z\u00e1soby a optimalizova\u0165 skladovac\u00ed priestor. U\u013eah\u010duj\u00fa r\u00fdchle procesy nakladania a vykladania, \u010d\u00edm v\u00fdrazne zlep\u0161uj\u00fa celkov\u00fa produktivitu.<\/p>\n<h3><strong>2. Stavenisk\u00e1<\/strong><\/h3>\n<p>Na stavenisk\u00e1ch zohr\u00e1vaj\u00fa zdv\u00edhacie hydraulick\u00e9 valce k\u013e\u00fa\u010dov\u00fa \u00falohu pri premiest\u0148ovan\u00ed \u0165a\u017ek\u00fdch materi\u00e1lov, ako s\u00fa oce\u013eov\u00e9 nosn\u00edky, bet\u00f3nov\u00e9 bloky a zariadenia. Ich vysok\u00e1 nosnos\u0165 umo\u017e\u0148uje vysokozdvi\u017en\u00fdm voz\u00edkom bezpe\u010dne zdv\u00edha\u0165 zna\u010dn\u00e9 hmotnosti, \u010d\u00edm sa zabezpe\u010d\u00ed bezodkladn\u00e9 doru\u010denie materi\u00e1lov na spr\u00e1vne miesta. T\u00e1to schopnos\u0165 zlep\u0161uje pracovn\u00fd postup a podporuje v\u010dasn\u00e9 dokon\u010denie projektu.<\/p>\n<h3><strong>3. V\u00fdrobn\u00e9 zariadenia<\/strong><\/h3>\n<p>Vo v\u00fdrobnom prostred\u00ed pom\u00e1haj\u00fa ve\u013ek\u00e9 vysokozdvi\u017en\u00e9 voz\u00edky so zdv\u00edhac\u00edmi hydraulick\u00fdmi valcami prepravova\u0165 suroviny a hotov\u00e9 v\u00fdrobky medzi r\u00f4znymi oblas\u0165ami zariadenia. Tieto valce umo\u017e\u0148uj\u00fa presn\u00e9 polohovanie n\u00e1kladu, \u010do je nevyhnutn\u00e9 pre mont\u00e1\u017ene linky a procesy kontroly kvality. Ich efekt\u00edvny v\u00fdkon skracuje \u010dasy cyklov a zvy\u0161uje celkov\u00fa efektivitu v\u00fdroby.<\/p>\n<h3><strong>4. Recykl\u00e1cia a nakladanie s odpadom<\/strong><\/h3>\n<p>Zdv\u00edhacie hydraulick\u00e9 valce s\u00fa k\u013e\u00fa\u010dov\u00e9 v recykla\u010dn\u00fdch a odpadov\u00fdch oper\u00e1ci\u00e1ch, kde sa na manipul\u00e1ciu s \u0165a\u017ek\u00fdmi kontajnermi a n\u00e1dobami pou\u017e\u00edvaj\u00fa ve\u013ek\u00e9 vysokozdvi\u017en\u00e9 voz\u00edky. Tieto valce umo\u017e\u0148uj\u00fa oper\u00e1torom bezpe\u010dne zdv\u00edha\u0165 a manipulova\u0165 s objemn\u00fdm odpadom, \u010d\u00edm zefekt\u00edv\u0148uj\u00fa triedenie a spracovanie recyklovate\u013en\u00fdch materi\u00e1lov. T\u00e1to \u00fa\u010dinnos\u0165 prispieva k organizovanej\u0161iemu a efekt\u00edvnej\u0161iemu syst\u00e9mu odpadov\u00e9ho hospod\u00e1rstva.<\/p>\n<h3><strong>5. Po\u013enohospod\u00e1rstvo<\/strong><\/h3>\n<p>V po\u013enohospod\u00e1rstve sa na prepravu \u0165a\u017ek\u00fdch bremien, ako s\u00fa bal\u00edky sena, krmivo a zariadenia, pou\u017e\u00edvaj\u00fa ve\u013ek\u00e9 vysokozdvi\u017en\u00e9 voz\u00edky so zdv\u00edhac\u00edmi hydraulick\u00fdmi valcami. Schopnos\u0165 \u013eahko zdv\u00edha\u0165 a sp\u00fa\u0161\u0165a\u0165 tieto bremen\u00e1 umo\u017e\u0148uje po\u013enohospod\u00e1rom efekt\u00edvnej\u0161ie riadi\u0165 svoje oper\u00e1cie, \u010d\u00edm sa zabezpe\u010d\u00ed v\u010dasn\u00e9 dod\u00e1vky a efekt\u00edvne vyu\u017e\u00edvanie zdrojov.<\/p>\n<p>H\u013ead\u00e1te valce pre vysokozdvi\u017en\u00e9 voz\u00edky s vysokou nosnos\u0165ou? Pozrite si na\u0161e <a href=\"https:\/\/www.hydraulic-cylinders.net\/sk\/forklift-hydraulic-cylinder\/\">Vysokopevnostn\u00e9 hydraulick\u00e9 valce<\/a>.<\/p>\n<h2><strong>V\u00fdrobn\u00e1 oblas\u0165 valcov pre vysokozdvi\u017en\u00e9 voz\u00edky:<\/strong><\/h2>\n<h2><img loading=\"lazy\" decoding=\"async\" class=\"alignnone size-full wp-image-16972\" src=\"https:\/\/www.hydraulic-cylinders.net\/wp-content\/uploads\/2025\/01\/hydraulic-cylinder-factory-1-scaled.webp\" sizes=\"(min-width: 0px) and (max-width: 480px) 480px, (min-width: 481px) and (max-width: 980px) 980px, (min-width: 981px) and (max-width: 1280px) 1280px, (min-width: 1281px) 2016px, 100vw\" srcset=\"https:\/\/www.hydraulic-cylinders.net\/wp-content\/uploads\/2025\/01\/hydraulic-cylinder-factory-1-scaled.webp 2016w, https:\/\/www.hydraulic-cylinders.net\/wp-content\/uploads\/2025\/01\/hydraulic-cylinder-factory-1-1280x1625.webp 1280w, https:\/\/www.hydraulic-cylinders.net\/wp-content\/uploads\/2025\/01\/hydraulic-cylinder-factory-1-980x1244.webp 980w, https:\/\/www.hydraulic-cylinders.net\/wp-content\/uploads\/2025\/01\/hydraulic-cylinder-factory-1-480x610.webp 480w\" alt=\"\" width=\"2016\" height=\"2560\" \/><\/h2>\n<p>Disponujeme prvotriednou nez\u00e1vislou v\u00fdskumnou a v\u00fdvojovou platformou pre mont\u00e1\u017e. Diel\u0148a na v\u00fdrobu valcov pre vysokozdvi\u017en\u00e9 voz\u00edky m\u00e1 \u0161tyri poloautomatick\u00e9 mont\u00e1\u017ene linky na zdv\u00edhacie valce a plne automatick\u00fa mont\u00e1\u017enu linku nakl\u00e1pac\u00edch valcov s projektovanou ro\u010dnou v\u00fdrobnou kapacitou mili\u00f3na kusov. Diel\u0148a na v\u00fdrobu \u0161peci\u00e1lnych valcov m\u00e1 poloautomatick\u00e9 \u010distiace a mont\u00e1\u017ene syst\u00e9my r\u00f4znych \u0161pecifik\u00e1ci\u00ed s projektovanou ro\u010dnou v\u00fdrobnou kapacitou 200 000 kusov. Je vybaven\u00e1 CNC obr\u00e1bac\u00edmi zariadeniami zn\u00e1mych zna\u010diek, obr\u00e1bac\u00edmi centrami, \u0161peci\u00e1lnymi zariadeniami na vysoko presn\u00e9 spracovanie valcov, robotick\u00fdmi zv\u00e1rac\u00edmi strojmi, automatick\u00fdmi \u010distiacimi strojmi, automatick\u00fdmi mont\u00e1\u017enymi strojmi na valce a automatick\u00fdmi linkami na v\u00fdrobu farieb. M\u00e1me v prev\u00e1dzke viac ako 300 s\u00e1d k\u013e\u00fa\u010dov\u00fdch zariaden\u00ed. Optimalizovan\u00e9 pride\u013eovanie a efekt\u00edvne vyu\u017e\u00edvanie zdrojov zariaden\u00ed zabezpe\u010duje presn\u00e9 po\u017eiadavky na v\u00fdrobky a sp\u013a\u0148a vysok\u00e9 \u0161tandardy kvality v\u00fdrobkov.<\/p>\n<p>Obr\u00e1bacia diel\u0148a je vybaven\u00e1 s\u00fastru\u017en\u00edckymi centrami s nakl\u00e1pac\u00edmi vodiacimi ko\u013eajnicami vyroben\u00fdmi na mieru, obr\u00e1bac\u00edmi centrami, vysokor\u00fdchlostn\u00fdmi honovac\u00edmi strojmi, zv\u00e1rac\u00edmi robotmi a \u010fal\u0161\u00edm relevantn\u00fdm zariaden\u00edm, ktor\u00e9 dok\u00e1\u017eu obr\u00e1ba\u0165 valcov\u00e9 r\u00fary s maxim\u00e1lnym vn\u00fatorn\u00fdm priemerom 400 mm a maxim\u00e1lnou d\u013a\u017ekou 6 metrov.<\/p>\n<h2><img loading=\"lazy\" decoding=\"async\" class=\"alignnone size-full wp-image-16973\" src=\"https:\/\/www.hydraulic-cylinders.net\/wp-content\/uploads\/2025\/01\/hydraulic-cylinder-factory-2-scaled.webp\" sizes=\"(min-width: 0px) and (max-width: 480px) 480px, (min-width: 481px) and (max-width: 980px) 980px, (min-width: 981px) and (max-width: 1280px) 1280px, (min-width: 1281px) 2011px, 100vw\" srcset=\"https:\/\/www.hydraulic-cylinders.net\/wp-content\/uploads\/2025\/01\/hydraulic-cylinder-factory-2-scaled.webp 2011w, https:\/\/www.hydraulic-cylinders.net\/wp-content\/uploads\/2025\/01\/hydraulic-cylinder-factory-2-1280x1629.webp 1280w, https:\/\/www.hydraulic-cylinders.net\/wp-content\/uploads\/2025\/01\/hydraulic-cylinder-factory-2-980x1248.webp 980w, https:\/\/www.hydraulic-cylinders.net\/wp-content\/uploads\/2025\/01\/hydraulic-cylinder-factory-2-480x611.webp 480w\" alt=\"\" width=\"2011\" height=\"2560\" \/><\/h2>\n<p>Disponujeme plne automatickou linkou na nan\u00e1\u0161anie farieb na vodnej b\u00e1ze pre mal\u00e9 a stredn\u00e9 valce, ktor\u00e1 realizuje automatick\u00e9 nakladanie a vykladanie a automatick\u00e9 striekacie roboty s projektovanou v\u00fdrobnou kapacitou 4000 miest za smenu. M\u00e1me \u010fal\u0161iu poloautomatick\u00fa lakovaciu linku pre ve\u013ek\u00e9 valce poh\u00e1\u0148an\u00fa re\u0165azou s projektovanou kapacitou 60 prepraviek za smenu.<\/p>\n<p>S cie\u013eom \u010falej zlep\u0161i\u0165 v\u00fdkonnos\u0165 na\u0161ich produktov a upevni\u0165 si ved\u00facu poz\u00edciu na\u0161ich hydraulick\u00fdch valcov v tomto odvetv\u00ed sme spolo\u010dne so spolo\u010dnos\u0165ou zjimee zalo\u017eili komplexn\u00e9 laborat\u00f3rium pre hydraulick\u00e9 valce, hydraulick\u00e9 ventily a hydraulick\u00e9 \u010derpadl\u00e1. Laborat\u00f3rium vyu\u017e\u00edva po\u010d\u00edta\u010dom podporovan\u00e9 testovanie s vyu\u017eit\u00edm elektrohydraulickej technol\u00f3gie, pri\u010dom testovacie podmienky s\u00fa prednastaven\u00e9 po\u010d\u00edta\u010dom, \u010do zlep\u0161uje presnos\u0165 testu a v\u0161estrannos\u0165 syst\u00e9mu, ako aj experiment\u00e1lne \u00fadaje.<\/p>\n<p>Automatick\u00fd zber sa realizuje pomocou senzorov a v\u00fdstupn\u00e9 \u00fadaje, ako napr\u00edklad vn\u00fatorn\u00fd \u00fanik a \u00fa\u010dinnos\u0165 za\u0165a\u017eenia valca alebo ventilu, s\u00fa priamo spracov\u00e1van\u00e9 po\u010d\u00edta\u010dom a prev\u00e1dzan\u00e9 na \u0161tandardn\u00e9 jednotky (ml\/min%). Z\u00e1rove\u0148 sa na zaistenie prev\u00e1dzkovej bezpe\u010dnosti hydraulick\u00e9ho syst\u00e9mu vykon\u00e1va funkcia monitorovania stavu k\u013e\u00fa\u010dov\u00fdch v\u00fdkonnostn\u00fdch parametrov, ako je \u201emonitorovanie teploty oleja, monitorovanie hladiny kvapaliny, monitorovanie filtra\u010dn\u00e9ho zariadenia\u201c at\u010f. Okrem in\u00e9ho, \u200b\u200bsk\u00fa\u0161obn\u00fd stojan hydraulick\u00fdch valcov dok\u00e1\u017ee testova\u0165 v\u00fdkon \u201eza\u0165a\u017eenia\u201c.<br \/>\n\u00fa\u010dinnos\u0165 \u201ea\u201c vn\u00fatorn\u00e1 netesnos\u0165\u201c nameran\u00fdmi hodnotami. Z\u00e1rove\u0148 je vybaven\u00fd merac\u00edm pr\u00edstrojom s mrie\u017ekov\u00fdm prav\u00edtkom, ktor\u00fd sp\u013a\u0148a po\u017eiadavky v\u0161etk\u00fdch testovan\u00fdch polo\u017eiek hydraulick\u00fdch valcov pod\u013ea n\u00e1rodnej normy.<\/p>\n<p>&nbsp;<\/p>","protected":false},"excerpt":{"rendered":"<p>Lift Hydraulic Cylinders For Large Forklift Lift hydraulic cylinders are crucial components in large forklifts, enabling them to perform essential lifting and lowering functions. These cylinders provide the necessary power to handle heavy loads efficiently, ensuring smooth operations in various industrial settings. With robust design and high performance, lift hydraulic cylinders enhance productivity and safety [&hellip;]<\/p>","protected":false},"featured_media":17591,"comment_status":"open","ping_status":"closed","template":"","meta":{"_et_pb_use_builder":"","_et_pb_old_content":"","_et_gb_content_width":""},"product_brand":[],"product_cat":[1484,1549],"product_tag":[],"class_list":{"0":"post-17589","1":"product","2":"type-product","3":"status-publish","4":"has-post-thumbnail","6":"product_cat-forklift-hydraulic-cylinders","7":"product_cat-single-acting-hydraulic-cylinder","9":"first","10":"instock","11":"shipping-taxable","12":"product-type-simple"},"amp_enabled":true,"_links":{"self":[{"href":"https:\/\/www.hydraulic-cylinders.net\/sk\/wp-json\/wp\/v2\/product\/17589","targetHints":{"allow":["GET"]}}],"collection":[{"href":"https:\/\/www.hydraulic-cylinders.net\/sk\/wp-json\/wp\/v2\/product"}],"about":[{"href":"https:\/\/www.hydraulic-cylinders.net\/sk\/wp-json\/wp\/v2\/types\/product"}],"replies":[{"embeddable":true,"href":"https:\/\/www.hydraulic-cylinders.net\/sk\/wp-json\/wp\/v2\/comments?post=17589"}],"wp:featuredmedia":[{"embeddable":true,"href":"https:\/\/www.hydraulic-cylinders.net\/sk\/wp-json\/wp\/v2\/media\/17591"}],"wp:attachment":[{"href":"https:\/\/www.hydraulic-cylinders.net\/sk\/wp-json\/wp\/v2\/media?parent=17589"}],"wp:term":[{"taxonomy":"product_brand","embeddable":true,"href":"https:\/\/www.hydraulic-cylinders.net\/sk\/wp-json\/wp\/v2\/product_brand?post=17589"},{"taxonomy":"product_cat","embeddable":true,"href":"https:\/\/www.hydraulic-cylinders.net\/sk\/wp-json\/wp\/v2\/product_cat?post=17589"},{"taxonomy":"product_tag","embeddable":true,"href":"https:\/\/www.hydraulic-cylinders.net\/sk\/wp-json\/wp\/v2\/product_tag?post=17589"}],"curies":[{"name":"pracovn\u00fd list","href":"https:\/\/api.w.org\/{rel}","templated":true}]}}