{"id":17593,"date":"2025-03-18T06:19:55","date_gmt":"2025-03-18T06:19:55","guid":{"rendered":"https:\/\/www.hydraulic-cylinders.net\/?post_type=product&#038;p=17593"},"modified":"2025-04-11T03:15:26","modified_gmt":"2025-04-11T03:15:26","slug":"steering-hydraulic-cylinders-for-large-forklift","status":"publish","type":"product","link":"https:\/\/www.hydraulic-cylinders.net\/sk\/produkt\/steering-hydraulic-cylinders-for-large-forklift\/","title":{"rendered":"Hydraulick\u00e9 valce riadenia pre ve\u013ek\u00fd vysokozdvi\u017en\u00fd voz\u00edk"},"content":{"rendered":"<h1 style=\"text-align: center;\"><strong>Hydraulick\u00e9 valce riadenia pre ve\u013ek\u00fd vysokozdvi\u017en\u00fd voz\u00edk<\/strong><\/h1>\n<p>Hydraulick\u00e9 valce riadenia s\u00fa d\u00f4le\u017eit\u00fdmi komponentmi ve\u013ek\u00fdch vysokozdvi\u017en\u00fdch voz\u00edkov, ktor\u00e9 poskytuj\u00fa potrebn\u00fd v\u00fdkon a presnos\u0165 riadenia. Tieto valce umo\u017e\u0148uj\u00fa plynul\u00fa man\u00e9vrovate\u013enos\u0165, ktor\u00e1 je nevyhnutn\u00e1 pre pohyb v \u00fazkych priestoroch a vykon\u00e1vanie zlo\u017eit\u00fdch \u00faloh. Premenou hydraulick\u00e9ho tlaku na mechanick\u00fa silu zvy\u0161uj\u00fa hydraulick\u00e9 valce riadenia celkov\u00fa efektivitu a bezpe\u010dnos\u0165 prev\u00e1dzky vysokozdvi\u017en\u00e9ho voz\u00edka.<\/p>\n<p>Hydraulick\u00e9 valce riadenia s\u00fa nevyhnutn\u00e9 pre efekt\u00edvnu prev\u00e1dzku ve\u013ek\u00fdch vysokozdvi\u017en\u00fdch voz\u00edkov. Ich robustn\u00e1 kon\u0161trukcia, \u00fa\u010dinnos\u0165 a prisp\u00f4sobivos\u0165 z nich robia k\u013e\u00fa\u010dov\u00fa s\u00fa\u010das\u0165 v r\u00f4znych priemyseln\u00fdch aplik\u00e1ci\u00e1ch. Pochopen\u00edm ich vlastnost\u00ed, spr\u00e1vnych met\u00f3d pou\u017e\u00edvania a po\u017eiadaviek na \u00fadr\u017ebu m\u00f4\u017eu oper\u00e1tori maximalizova\u0165 v\u00fdkon a bezpe\u010dnos\u0165 svojich vysokozdvi\u017en\u00fdch voz\u00edkov, \u010d\u00edm sa v kone\u010dnom d\u00f4sledku zv\u00fd\u0161i produktivita na pracovisku. Invest\u00edcia do vysoko kvalitn\u00fdch hydraulick\u00fdch valcov riadenia zais\u0165uje spo\u013eahliv\u00e9 a presn\u00e9 ovl\u00e1danie riadenia, ktor\u00e9 je k\u013e\u00fa\u010dov\u00e9 pre navig\u00e1ciu v n\u00e1ro\u010dn\u00fdch prostrediach.<\/p>\n<h1 style=\"text-align: center;\"><img loading=\"lazy\" decoding=\"async\" class=\"alignnone wp-image-17590\" src=\"https:\/\/www.hydraulic-cylinders.net\/wp-content\/uploads\/2025\/03\/Lift-hydraulic-cylinders-for-large-forklift.jpg\" alt=\"\" width=\"500\" height=\"500\" srcset=\"https:\/\/www.hydraulic-cylinders.net\/wp-content\/uploads\/2025\/03\/Lift-hydraulic-cylinders-for-large-forklift.jpg 500w, https:\/\/www.hydraulic-cylinders.net\/wp-content\/uploads\/2025\/03\/Lift-hydraulic-cylinders-for-large-forklift-480x480.jpg 480w\" sizes=\"(min-width: 0px) and (max-width: 480px) 480px, (min-width: 481px) 500px, 100vw\" \/><\/h1>\n<p style=\"text-align: center;\"><strong>Hydraulick\u00e9 valce riadenia pre ve\u013ek\u00fd vysokozdvi\u017en\u00fd voz\u00edk<\/strong><\/p>\n<h2><strong>Hydraulick\u00e9 valce riadenia pre ve\u013ek\u00fd vysokozdvi\u017en\u00fd voz\u00edk <\/strong><strong>Technick\u00e9 \u0161pecifik\u00e1cie<\/strong><strong>:<\/strong><\/h2>\n<p><strong>Funkcia:<\/strong> Implementujte akciu riadenia n\u00e1pravy vysokozdvi\u017en\u00e9ho voz\u00edka a povo\u013ete riadenie pneumat\u00edk vysokozdvi\u017en\u00e9ho voz\u00edka<br \/>\n<strong>Priemer valca:<\/strong> 80 mm \u2013 160 mm<br \/>\n<strong>Priemer ty\u010de:<\/strong> 50 mm \u2013 110 mm<br \/>\n<strong>Cestovanie:<\/strong> 71 mm \u00d7 2 \u2013 235 mm \u00d7 2<br \/>\n<strong>Maxim\u00e1lny tlak:<\/strong> 18 MPa<br \/>\n<strong>Maxim\u00e1lny \u0165ah:<\/strong> 362 kN<\/p>\n<h2><strong>S\u00e9ria hydraulick\u00fdch valcov pre ve\u013ek\u00e9 vysokozdvi\u017en\u00e9 voz\u00edky:\u00a0<\/strong><\/h2>\n<h2><img loading=\"lazy\" decoding=\"async\" class=\"alignnone size-full wp-image-17582\" src=\"https:\/\/www.hydraulic-cylinders.net\/wp-content\/uploads\/2025\/03\/large-forklift-hydraulic-cylinder-construction.webp\" alt=\"\" width=\"1100\" height=\"615\" srcset=\"https:\/\/www.hydraulic-cylinders.net\/wp-content\/uploads\/2025\/03\/large-forklift-hydraulic-cylinder-construction.webp 1100w, https:\/\/www.hydraulic-cylinders.net\/wp-content\/uploads\/2025\/03\/large-forklift-hydraulic-cylinder-construction-980x548.webp 980w, https:\/\/www.hydraulic-cylinders.net\/wp-content\/uploads\/2025\/03\/large-forklift-hydraulic-cylinder-construction-480x268.webp 480w\" sizes=\"(min-width: 0px) and (max-width: 480px) 480px, (min-width: 481px) and (max-width: 980px) 980px, (min-width: 981px) 1100px, 100vw\" \/><\/h2>\n<h2><strong>K\u013e\u00fa\u010dov\u00e9 vlastnosti hydraulick\u00fdch valcov riadenia pre ve\u013ek\u00fd vysokozdvi\u017en\u00fd voz\u00edk<\/strong><strong>:<\/strong><\/h2>\n<ul>\n<li><strong>Robustn\u00e1 kon\u0161trukcia:<\/strong> Hydraulick\u00e9 valce riadenia s\u00fa vyroben\u00e9 z vysoko kvalitnej ocele a vystu\u017een\u00fdch materi\u00e1lov, \u010do zaru\u010duje, \u017ee vydr\u017eia n\u00e1ro\u010dn\u00e9 podmienky pri n\u00e1ro\u010dn\u00fdch aplik\u00e1ci\u00e1ch. T\u00e1to odolnos\u0165 sa premieta do dlhotrvaj\u00faceho v\u00fdkonu, zni\u017euje potrebu \u010dast\u00fdch v\u00fdmen a \u0161etr\u00ed n\u00e1klady na \u00fadr\u017ebu.<\/li>\n<li><strong>Vysok\u00e1 \u00fa\u010dinnos\u0165:<\/strong> Tieto valce s\u00fa navrhnut\u00e9 pre r\u00fdchle a responz\u00edvne riadenie. T\u00e1to kon\u0161trukcia zlep\u0161uje ovl\u00e1danie vysokozdvi\u017en\u00e9ho voz\u00edka obsluhou a u\u013eah\u010duje presn\u00e9 man\u00e9vre. \u010ci u\u017e sa pohybuj\u00fa v \u00fazkych priestoroch alebo vykon\u00e1vaj\u00fa ostr\u00e9 z\u00e1kruty, obsluha sa m\u00f4\u017ee spo\u013eahn\u00fa\u0165 na okam\u017eit\u00fa reakciu hydraulick\u00e9ho syst\u00e9mu, \u010d\u00edm sa zv\u00fd\u0161i celkov\u00e1 produktivita.<\/li>\n<li><strong>Kompaktn\u00fd dizajn:<\/strong> Kompaktn\u00e1 ve\u013ekos\u0165 hydraulick\u00fdch valcov riadenia umo\u017e\u0148uje jednoduch\u00fa in\u0161tal\u00e1ciu do r\u00f4znych modelov vysokozdvi\u017en\u00fdch voz\u00edkov. T\u00e1to funkcia maximalizuje priestorov\u00fa efektivitu v r\u00e1mci kon\u0161trukcie vysokozdvi\u017en\u00e9ho voz\u00edka, \u010do umo\u017e\u0148uje v\u00fdrobcom optimalizova\u0165 v\u00fdkon bez obetovania funk\u010dnosti. Obsluha profituje z optimalizovan\u00e9ho nastavenia, ktor\u00e9 zvy\u0161uje obratnos\u0165 v stiesnen\u00fdch prostrediach.<\/li>\n<li><strong>Zape\u010daten\u00e9 pre ochranu:<\/strong> Utesnen\u00e9 hydraulick\u00e9 syst\u00e9my t\u00fdchto valcov poskytuj\u00fa k\u013e\u00fa\u010dov\u00fa ochranu pred ne\u010distotami a vlhkos\u0165ou. Toto tesnenie pom\u00e1ha udr\u017eiava\u0165 integritu hydraulickej kvapaliny a zabezpe\u010duje konzistentn\u00fd v\u00fdkon aj v n\u00e1ro\u010dn\u00fdch podmienkach. Zabr\u00e1nen\u00edm vniknutiu ne\u010dist\u00f4t do syst\u00e9mu tieto valce zni\u017euj\u00fa opotrebovanie, \u010d\u00edm predl\u017euj\u00fa svoju prev\u00e1dzkov\u00fa \u017eivotnos\u0165.<\/li>\n<li><strong>V\u0161estrann\u00e1 kompatibilita:<\/strong> Hydraulick\u00e9 valce riadenia s\u00fa navrhnut\u00e9 tak, aby boli kompatibiln\u00e9 so \u0161irokou \u0161k\u00e1lou modelov vysokozdvi\u017en\u00fdch voz\u00edkov. T\u00e1to v\u0161estrannos\u0165 z nich rob\u00ed ide\u00e1lnu vo\u013ebu pre \u00fadr\u017ebu a moderniz\u00e1ciu vozov\u00e9ho parku, \u010do umo\u017e\u0148uje firm\u00e1m \u0161tandardizova\u0165 diely v r\u00f4znych strojoch. Obsluha m\u00f4\u017ee valce jednoducho vymeni\u0165 alebo modernizova\u0165 bez ob\u00e1v z probl\u00e9mov s kompatibilitou, \u010d\u00edm sa zefekt\u00edv\u0148uj\u00fa procesy \u00fadr\u017eby.<\/li>\n<\/ul>\n<h2><strong>Pr\u00edpady pou\u017eitia hydraulick\u00fdch valcov riadenia pre ve\u013ek\u00fd vysokozdvi\u017en\u00fd voz\u00edk:<\/strong><\/h2>\n<p>Hydraulick\u00e9 valce riadenia zohr\u00e1vaj\u00fa k\u013e\u00fa\u010dov\u00fa \u00falohu pri zvy\u0161ovan\u00ed funk\u010dnosti a efekt\u00edvnosti ve\u013ek\u00fdch vysokozdvi\u017en\u00fdch voz\u00edkov v r\u00f4znych odvetviach. Tu je nieko\u013eko k\u013e\u00fa\u010dov\u00fdch pr\u00edpadov pou\u017eitia:<\/p>\n<h4>1. <strong>Skladov\u00e9 oper\u00e1cie<\/strong><\/h4>\n<p>V skladoch sa ve\u013ek\u00e9 vysokozdvi\u017en\u00e9 voz\u00edky vybaven\u00e9 hydraulick\u00fdmi valcami riadenia pohybuj\u00fa v \u00fazkych uli\u010dk\u00e1ch a manipuluj\u00fa s \u0165a\u017ek\u00fdmi paletami. Presn\u00e9 riadenie umo\u017e\u0148uje oper\u00e1torom efekt\u00edvne stohova\u0165 a vybera\u0165 tovar, optimalizova\u0165 priestor a zlep\u0161ova\u0165 riadenie z\u00e1sob.<\/p>\n<h4>2. <strong>Stavenisk\u00e1<\/strong><\/h4>\n<p>Na stavenisk\u00e1ch tieto valce poskytuj\u00fa potrebn\u00fa kontrolu pri premiest\u0148ovan\u00ed \u0165a\u017ek\u00fdch materi\u00e1lov, ako s\u00fa oce\u013eov\u00e9 nosn\u00edky a bet\u00f3nov\u00e9 bloky. Obsluha m\u00f4\u017ee \u013eahko riadi\u0165 vysokozdvi\u017en\u00fd voz\u00edk v stiesnen\u00fdch priestoroch, \u010d\u00edm zabezpe\u010duje bezpe\u010dn\u00e9 a presn\u00e9 umiestnenie materi\u00e1lov, \u010do je k\u013e\u00fa\u010dov\u00e9 pre dodr\u017eanie \u010dasov\u00e9ho harmonogramu projektu.<\/p>\n<h4>3. <strong>V\u00fdrobn\u00e9 zariadenia<\/strong><\/h4>\n<p>Vo v\u00fdrobe u\u013eah\u010duj\u00fa hydraulick\u00e9 valce riadenia prepravu dielov a komponentov medzi r\u00f4znymi f\u00e1zami v\u00fdroby. R\u00fdchle a citliv\u00e9 riadenie umo\u017e\u0148uje oper\u00e1torom efekt\u00edvne pres\u00fava\u0165 polo\u017eky, \u010d\u00edm sa skracuj\u00fa prestoje a zlep\u0161uje pracovn\u00fd postup v celom zariaden\u00ed.<\/p>\n<h4>4. <strong>Po\u013enohospod\u00e1rske aplik\u00e1cie<\/strong><\/h4>\n<p>Ve\u013ek\u00e9 vysokozdvi\u017en\u00e9 voz\u00edky v po\u013enohospod\u00e1rstve vyu\u017e\u00edvaj\u00fa hydraulick\u00e9 valce riadenia na manipul\u00e1ciu s bal\u00edkmi, prepravkami a in\u00fdmi po\u013enohospod\u00e1rskymi produktmi. Zlep\u0161en\u00e1 man\u00e9vrovate\u013enos\u0165 umo\u017e\u0148uje po\u013enohospod\u00e1rom r\u00fdchlo naklada\u0165 a vyklada\u0165 materi\u00e1ly, \u010d\u00edm sa prev\u00e1dzka zefekt\u00edvni po\u010das sez\u00f3nnych \u0161pi\u010dk.<\/p>\n<h4>5. <strong>Recykl\u00e1cia a nakladanie s odpadom<\/strong><\/h4>\n<p>V recykla\u010dn\u00fdch zariadeniach pom\u00e1haj\u00fa hydraulick\u00e9 valce riadenia vysokozdvi\u017en\u00fdm voz\u00edkom prepravova\u0165 a stohova\u0165 recyklovate\u013en\u00e9 materi\u00e1ly. Ich schopnos\u0165 orientova\u0165 sa v preplnenom prostred\u00ed zabezpe\u010duje plynul\u00fd priebeh prev\u00e1dzky, \u010d\u00edm sa zlep\u0161uj\u00fa procesy triedenia a celkov\u00e1 efektivita.<\/p>\n<h3><span style=\"color: #666666; font-size: 14px;\">H\u013ead\u00e1te valce pre vysokozdvi\u017en\u00e9 voz\u00edky s vysokou nosnos\u0165ou? Pozrite si na\u0161e <\/span><a style=\"font-size: 14px;\" href=\"https:\/\/www.hydraulic-cylinders.net\/sk\/forklift-hydraulic-cylinder\/\">Vysokopevnostn\u00e9 hydraulick\u00e9 valce<\/a><span style=\"color: #666666; font-size: 14px;\">.<\/span><\/h3>\n<h2><strong>V\u00fdrobn\u00e1 oblas\u0165 valcov pre vysokozdvi\u017en\u00e9 voz\u00edky:<\/strong><\/h2>\n<h2><img loading=\"lazy\" decoding=\"async\" class=\"alignnone size-full wp-image-16972\" src=\"https:\/\/www.hydraulic-cylinders.net\/wp-content\/uploads\/2025\/01\/hydraulic-cylinder-factory-1-scaled.webp\" sizes=\"(min-width: 0px) and (max-width: 480px) 480px, (min-width: 481px) and (max-width: 980px) 980px, (min-width: 981px) and (max-width: 1280px) 1280px, (min-width: 1281px) 2016px, 100vw\" srcset=\"https:\/\/www.hydraulic-cylinders.net\/wp-content\/uploads\/2025\/01\/hydraulic-cylinder-factory-1-scaled.webp 2016w, https:\/\/www.hydraulic-cylinders.net\/wp-content\/uploads\/2025\/01\/hydraulic-cylinder-factory-1-1280x1625.webp 1280w, https:\/\/www.hydraulic-cylinders.net\/wp-content\/uploads\/2025\/01\/hydraulic-cylinder-factory-1-980x1244.webp 980w, https:\/\/www.hydraulic-cylinders.net\/wp-content\/uploads\/2025\/01\/hydraulic-cylinder-factory-1-480x610.webp 480w\" alt=\"\" width=\"2016\" height=\"2560\" \/><\/h2>\n<p>Disponujeme prvotriednou nez\u00e1vislou v\u00fdskumnou a v\u00fdvojovou platformou pre mont\u00e1\u017e. Diel\u0148a na v\u00fdrobu valcov pre vysokozdvi\u017en\u00e9 voz\u00edky m\u00e1 \u0161tyri poloautomatick\u00e9 mont\u00e1\u017ene linky na zdv\u00edhacie valce a plne automatick\u00fa mont\u00e1\u017enu linku nakl\u00e1pac\u00edch valcov s projektovanou ro\u010dnou v\u00fdrobnou kapacitou mili\u00f3na kusov. Diel\u0148a na v\u00fdrobu \u0161peci\u00e1lnych valcov m\u00e1 poloautomatick\u00e9 \u010distiace a mont\u00e1\u017ene syst\u00e9my r\u00f4znych \u0161pecifik\u00e1ci\u00ed s projektovanou ro\u010dnou v\u00fdrobnou kapacitou 200 000 kusov. Je vybaven\u00e1 CNC obr\u00e1bac\u00edmi zariadeniami zn\u00e1mych zna\u010diek, obr\u00e1bac\u00edmi centrami, \u0161peci\u00e1lnymi zariadeniami na vysoko presn\u00e9 spracovanie valcov, robotick\u00fdmi zv\u00e1rac\u00edmi strojmi, automatick\u00fdmi \u010distiacimi strojmi, automatick\u00fdmi mont\u00e1\u017enymi strojmi na valce a automatick\u00fdmi linkami na v\u00fdrobu farieb. M\u00e1me v prev\u00e1dzke viac ako 300 s\u00e1d k\u013e\u00fa\u010dov\u00fdch zariaden\u00ed. Optimalizovan\u00e9 pride\u013eovanie a efekt\u00edvne vyu\u017e\u00edvanie zdrojov zariaden\u00ed zabezpe\u010duje presn\u00e9 po\u017eiadavky na v\u00fdrobky a sp\u013a\u0148a vysok\u00e9 \u0161tandardy kvality v\u00fdrobkov.<\/p>\n<p>Obr\u00e1bacia diel\u0148a je vybaven\u00e1 s\u00fastru\u017en\u00edckymi centrami s nakl\u00e1pac\u00edmi vodiacimi ko\u013eajnicami vyroben\u00fdmi na mieru, obr\u00e1bac\u00edmi centrami, vysokor\u00fdchlostn\u00fdmi honovac\u00edmi strojmi, zv\u00e1rac\u00edmi robotmi a \u010fal\u0161\u00edm relevantn\u00fdm zariaden\u00edm, ktor\u00e9 dok\u00e1\u017eu obr\u00e1ba\u0165 valcov\u00e9 r\u00fary s maxim\u00e1lnym vn\u00fatorn\u00fdm priemerom 400 mm a maxim\u00e1lnou d\u013a\u017ekou 6 metrov.<\/p>\n<h2><img loading=\"lazy\" decoding=\"async\" class=\"alignnone size-full wp-image-16973\" src=\"https:\/\/www.hydraulic-cylinders.net\/wp-content\/uploads\/2025\/01\/hydraulic-cylinder-factory-2-scaled.webp\" sizes=\"(min-width: 0px) and (max-width: 480px) 480px, (min-width: 481px) and (max-width: 980px) 980px, (min-width: 981px) and (max-width: 1280px) 1280px, (min-width: 1281px) 2011px, 100vw\" srcset=\"https:\/\/www.hydraulic-cylinders.net\/wp-content\/uploads\/2025\/01\/hydraulic-cylinder-factory-2-scaled.webp 2011w, https:\/\/www.hydraulic-cylinders.net\/wp-content\/uploads\/2025\/01\/hydraulic-cylinder-factory-2-1280x1629.webp 1280w, https:\/\/www.hydraulic-cylinders.net\/wp-content\/uploads\/2025\/01\/hydraulic-cylinder-factory-2-980x1248.webp 980w, https:\/\/www.hydraulic-cylinders.net\/wp-content\/uploads\/2025\/01\/hydraulic-cylinder-factory-2-480x611.webp 480w\" alt=\"\" width=\"2011\" height=\"2560\" \/><\/h2>\n<p>Disponujeme plne automatickou linkou na nan\u00e1\u0161anie farieb na vodnej b\u00e1ze pre mal\u00e9 a stredn\u00e9 valce, ktor\u00e1 realizuje automatick\u00e9 nakladanie a vykladanie a automatick\u00e9 striekacie roboty s projektovanou v\u00fdrobnou kapacitou 4000 miest za smenu. M\u00e1me \u010fal\u0161iu poloautomatick\u00fa lakovaciu linku pre ve\u013ek\u00e9 valce poh\u00e1\u0148an\u00fa re\u0165azou s projektovanou kapacitou 60 prepraviek za smenu.<\/p>\n<p>S cie\u013eom \u010falej zlep\u0161i\u0165 v\u00fdkonnos\u0165 na\u0161ich produktov a upevni\u0165 si ved\u00facu poz\u00edciu na\u0161ich hydraulick\u00fdch valcov v tomto odvetv\u00ed sme spolo\u010dne so spolo\u010dnos\u0165ou zjimee zalo\u017eili komplexn\u00e9 laborat\u00f3rium pre hydraulick\u00e9 valce, hydraulick\u00e9 ventily a hydraulick\u00e9 \u010derpadl\u00e1. Laborat\u00f3rium vyu\u017e\u00edva po\u010d\u00edta\u010dom podporovan\u00e9 testovanie s vyu\u017eit\u00edm elektrohydraulickej technol\u00f3gie, pri\u010dom testovacie podmienky s\u00fa prednastaven\u00e9 po\u010d\u00edta\u010dom, \u010do zlep\u0161uje presnos\u0165 testu a v\u0161estrannos\u0165 syst\u00e9mu, ako aj experiment\u00e1lne \u00fadaje.<\/p>\n<p>Automatick\u00fd zber sa realizuje pomocou senzorov a v\u00fdstupn\u00e9 \u00fadaje, ako napr\u00edklad vn\u00fatorn\u00fd \u00fanik a \u00fa\u010dinnos\u0165 za\u0165a\u017eenia valca alebo ventilu, s\u00fa priamo spracov\u00e1van\u00e9 po\u010d\u00edta\u010dom a prev\u00e1dzan\u00e9 na \u0161tandardn\u00e9 jednotky (ml\/min%). Z\u00e1rove\u0148 sa na zaistenie prev\u00e1dzkovej bezpe\u010dnosti hydraulick\u00e9ho syst\u00e9mu vykon\u00e1va funkcia monitorovania stavu k\u013e\u00fa\u010dov\u00fdch v\u00fdkonnostn\u00fdch parametrov, ako je \u201emonitorovanie teploty oleja, monitorovanie hladiny kvapaliny, monitorovanie filtra\u010dn\u00e9ho zariadenia\u201c at\u010f. Okrem in\u00e9ho, \u200b\u200bsk\u00fa\u0161obn\u00fd stojan hydraulick\u00fdch valcov dok\u00e1\u017ee testova\u0165 v\u00fdkon \u201eza\u0165a\u017eenia\u201c.<br \/>\n\u00fa\u010dinnos\u0165 \u201ea\u201c vn\u00fatorn\u00e1 netesnos\u0165\u201c nameran\u00fdmi hodnotami. Z\u00e1rove\u0148 je vybaven\u00fd merac\u00edm pr\u00edstrojom s mrie\u017ekov\u00fdm prav\u00edtkom, ktor\u00fd sp\u013a\u0148a po\u017eiadavky v\u0161etk\u00fdch testovan\u00fdch polo\u017eiek hydraulick\u00fdch valcov pod\u013ea n\u00e1rodnej normy.<\/p>\n<p>&nbsp;<\/p>","protected":false},"excerpt":{"rendered":"<p>Steering Hydraulic Cylinders For Large Forklift Steering hydraulic cylinders are vital components in large forklifts, providing the necessary power and precision for steering control. These cylinders enable smooth maneuverability, essential for navigating tight spaces and performing complex tasks. By converting hydraulic pressure into mechanical force, steering hydraulic cylinders enhance the overall efficiency and safety of [&hellip;]<\/p>","protected":false},"featured_media":17595,"comment_status":"open","ping_status":"closed","template":"","meta":{"_et_pb_use_builder":"","_et_pb_old_content":"","_et_gb_content_width":""},"product_brand":[],"product_cat":[1484,1550],"product_tag":[],"class_list":{"0":"post-17593","1":"product","2":"type-product","3":"status-publish","4":"has-post-thumbnail","6":"product_cat-forklift-hydraulic-cylinders","7":"product_cat-double-acting-hydraulic-cylinder","9":"first","10":"instock","11":"shipping-taxable","12":"product-type-simple"},"amp_enabled":true,"_links":{"self":[{"href":"https:\/\/www.hydraulic-cylinders.net\/sk\/wp-json\/wp\/v2\/product\/17593","targetHints":{"allow":["GET"]}}],"collection":[{"href":"https:\/\/www.hydraulic-cylinders.net\/sk\/wp-json\/wp\/v2\/product"}],"about":[{"href":"https:\/\/www.hydraulic-cylinders.net\/sk\/wp-json\/wp\/v2\/types\/product"}],"replies":[{"embeddable":true,"href":"https:\/\/www.hydraulic-cylinders.net\/sk\/wp-json\/wp\/v2\/comments?post=17593"}],"wp:featuredmedia":[{"embeddable":true,"href":"https:\/\/www.hydraulic-cylinders.net\/sk\/wp-json\/wp\/v2\/media\/17595"}],"wp:attachment":[{"href":"https:\/\/www.hydraulic-cylinders.net\/sk\/wp-json\/wp\/v2\/media?parent=17593"}],"wp:term":[{"taxonomy":"product_brand","embeddable":true,"href":"https:\/\/www.hydraulic-cylinders.net\/sk\/wp-json\/wp\/v2\/product_brand?post=17593"},{"taxonomy":"product_cat","embeddable":true,"href":"https:\/\/www.hydraulic-cylinders.net\/sk\/wp-json\/wp\/v2\/product_cat?post=17593"},{"taxonomy":"product_tag","embeddable":true,"href":"https:\/\/www.hydraulic-cylinders.net\/sk\/wp-json\/wp\/v2\/product_tag?post=17593"}],"curies":[{"name":"pracovn\u00fd list","href":"https:\/\/api.w.org\/{rel}","templated":true}]}}