{"id":17596,"date":"2025-03-18T06:28:26","date_gmt":"2025-03-18T06:28:26","guid":{"rendered":"https:\/\/www.hydraulic-cylinders.net\/?post_type=product&#038;p=17596"},"modified":"2025-04-11T01:44:52","modified_gmt":"2025-04-11T01:44:52","slug":"lifting-hydraulic-cylinders-storage-handling-vehicles","status":"publish","type":"product","link":"https:\/\/www.hydraulic-cylinders.net\/sk\/produkt\/lifting-hydraulic-cylinders-storage-handling-vehicles\/","title":{"rendered":"Zdv\u00edhacie hydraulick\u00e9 valce pre skladovacie a manipula\u010dn\u00e9 vozidl\u00e1"},"content":{"rendered":"<h1 style=\"text-align: center;\"><strong>Zdv\u00edhacie hydraulick\u00e9 valce pre skladovacie a manipula\u010dn\u00e9 vozidl\u00e1<\/strong><\/h1>\n<p>Zdv\u00edhacie hydraulick\u00e9 valce s\u00fa z\u00e1kladn\u00fdmi komponentmi skladovac\u00edch a manipula\u010dn\u00fdch vozidiel, ktor\u00e9 umo\u017e\u0148uj\u00fa efekt\u00edvne zdv\u00edhanie a sp\u00fa\u0161\u0165anie \u0165a\u017ek\u00fdch bremien. Tieto valce premie\u0148aj\u00fa hydraulick\u00fd tlak na mechanick\u00fa silu a poskytuj\u00fa energiu potrebn\u00fa na vykon\u00e1vanie r\u00f4znych \u00faloh v skladoch, distribu\u010dn\u00fdch centr\u00e1ch a v\u00fdrobn\u00fdch zariadeniach. V\u010faka svojej spo\u013eahlivosti a \u00fa\u010dinnosti s\u00fa k\u013e\u00fa\u010dov\u00e9 pre optimaliz\u00e1ciu manipula\u010dn\u00fdch oper\u00e1ci\u00ed s materi\u00e1lom.<\/p>\n<p>Zdv\u00edhacie hydraulick\u00e9 valce s\u00fa nevyhnutn\u00e9 pre efekt\u00edvnu prev\u00e1dzku skladovac\u00edch a manipula\u010dn\u00fdch vozidiel. V\u010faka svojej robustnej kon\u0161trukcii, vysokej nosnosti a plynulej prev\u00e1dzke s\u00fa nevyhnutn\u00e9 v r\u00f4znych priemyseln\u00fdch aplik\u00e1ci\u00e1ch. Pochopen\u00edm ich vlastnost\u00ed, spr\u00e1vnych sp\u00f4sobov pou\u017e\u00edvania a po\u017eiadaviek na \u00fadr\u017ebu m\u00f4\u017eu oper\u00e1tori maximalizova\u0165 v\u00fdkon a bezpe\u010dnos\u0165 svojich zdv\u00edhac\u00edch zariaden\u00ed, \u010d\u00edm sa v kone\u010dnom d\u00f4sledku zv\u00fd\u0161i produktivita pri manipul\u00e1cii s materi\u00e1lom. Invest\u00edcia do vysoko kvalitn\u00fdch zdv\u00edhac\u00edch hydraulick\u00fdch valcov zais\u0165uje spo\u013eahliv\u00fa a efekt\u00edvnu prev\u00e1dzku, ktor\u00e1 je k\u013e\u00fa\u010dov\u00e1 pre \u00faspech v ka\u017edom podnikan\u00ed.<\/p>\n<h1 style=\"text-align: center;\"><img loading=\"lazy\" decoding=\"async\" class=\"alignnone wp-image-17598\" src=\"https:\/\/www.hydraulic-cylinders.net\/wp-content\/uploads\/2025\/03\/Lifting-hydraulic-cylinders-for-Storage-and-handling-vehicle.jpg\" alt=\"\" width=\"500\" height=\"500\" srcset=\"https:\/\/www.hydraulic-cylinders.net\/wp-content\/uploads\/2025\/03\/Lifting-hydraulic-cylinders-for-Storage-and-handling-vehicle.jpg 500w, https:\/\/www.hydraulic-cylinders.net\/wp-content\/uploads\/2025\/03\/Lifting-hydraulic-cylinders-for-Storage-and-handling-vehicle-480x480.jpg 480w\" sizes=\"(min-width: 0px) and (max-width: 480px) 480px, (min-width: 481px) 500px, 100vw\" \/><\/h1>\n<p style=\"text-align: center;\"><strong>Zdv\u00edhacie hydraulick\u00e9 valce pre skladovacie a manipula\u010dn\u00e9 vozidl\u00e1<\/strong><\/p>\n<h2><strong>Zdv\u00edhacie hydraulick\u00e9 valce pre skladovacie a manipula\u010dn\u00e9 vozidl\u00e1 <\/strong><strong>Technick\u00e9 \u0161pecifik\u00e1cie<\/strong><strong>:<\/strong><\/h2>\n<p><strong>Funkcia:<\/strong> Pou\u017e\u00edva sa na dosiahnutie celkov\u00e9ho pohybu vidlice do\u013eava a doprava<br \/>\n<strong>Priemer valca:<\/strong> 70 mm \u2013 120 mm<br \/>\n<strong>Priemer ty\u010de:<\/strong> 30 mm \u2013 60 mm<br \/>\n<strong>Cestovanie:<\/strong> 300 mm \u2013 1025 mm<br \/>\n<strong>Maxim\u00e1lny tlak:<\/strong> 21 MPa<br \/>\n<strong>Maxim\u00e1lny \u0165ah:<\/strong> 238 kN<\/p>\n<h2><strong>S\u00e9ria hydraulick\u00fdch valcov pre skladovacie a manipula\u010dn\u00e9 vozidl\u00e1:\u00a0<\/strong><\/h2>\n<h2><img loading=\"lazy\" decoding=\"async\" class=\"aligncenter wp-image-17600 size-full\" src=\"https:\/\/www.hydraulic-cylinders.net\/wp-content\/uploads\/2025\/03\/Storage-and-handling-vehicle-hydraulic-cylinders-construction.webp\" alt=\"\" width=\"640\" height=\"358\" srcset=\"https:\/\/www.hydraulic-cylinders.net\/wp-content\/uploads\/2025\/03\/Storage-and-handling-vehicle-hydraulic-cylinders-construction.webp 640w, https:\/\/www.hydraulic-cylinders.net\/wp-content\/uploads\/2025\/03\/Storage-and-handling-vehicle-hydraulic-cylinders-construction-480x269.webp 480w\" sizes=\"(min-width: 0px) and (max-width: 480px) 480px, (min-width: 481px) 640px, 100vw\" \/><\/h2>\n<h2><strong>K\u013e\u00fa\u010dov\u00e9 vlastnosti zdv\u00edhac\u00edch hydraulick\u00fdch valcov pre skladovacie a manipula\u010dn\u00e9 vozidl\u00e1<\/strong><strong>:<\/strong><\/h2>\n<ul>\n<li><strong>Vysok\u00e1 nosnos\u0165:<\/strong> Zdv\u00edhacie hydraulick\u00e9 valce s\u00fa skon\u0161truovan\u00e9 tak, aby uniesli zna\u010dn\u00e9 hmotnosti, \u010d\u00edm zabezpe\u010duj\u00fa bezpe\u010dn\u00fa a efekt\u00edvnu prev\u00e1dzku aj v t\u00fdch najn\u00e1ro\u010dnej\u0161\u00edch podmienkach. T\u00e1to schopnos\u0165 je nevyhnutn\u00e1 pre efekt\u00edvne premiest\u0148ovanie ve\u013ek\u00fdch paliet, kontajnerov a \u0165a\u017ek\u00fdch zariaden\u00ed, v\u010faka \u010domu s\u00fa nevyhnutn\u00e9 v skladoch a distribu\u010dn\u00fdch centr\u00e1ch. Poskytovan\u00edm spo\u013eahlivej zdv\u00edhacej sily tieto valce zvy\u0161uj\u00fa celkov\u00fa produktivitu a bezpe\u010dnos\u0165 pri pr\u00e1ci.<\/li>\n<li><strong>Odoln\u00e1 kon\u0161trukcia:<\/strong> Zdv\u00edhacie hydraulick\u00e9 valce s\u00fa vyroben\u00e9 z vysokopevnostn\u00fdch materi\u00e1lov a s\u00fa navrhnut\u00e9 tak, aby odolali n\u00e1ro\u010dn\u00e9mu pou\u017e\u00edvaniu a opotrebovaniu. Ich robustn\u00e1 kon\u0161trukcia nielen predl\u017euje ich \u017eivotnos\u0165, ale tie\u017e zni\u017euje potrebu \u010dast\u00fdch v\u00fdmen, v\u010faka \u010domu s\u00fa cenovo v\u00fdhodn\u00fdm rie\u0161en\u00edm pre podniky, ktor\u00e9 sa spoliehaj\u00fa na zdv\u00edhanie \u0165a\u017ek\u00fdch bremien. Invest\u00edcia do odoln\u00fdch valcov znamen\u00e1 menej prestojov a ni\u017e\u0161ie n\u00e1klady na \u00fadr\u017ebu, \u010do prispieva k efekt\u00edvnej\u0161ej prev\u00e1dzke.<\/li>\n<li><strong>Plynul\u00e1 prev\u00e1dzka:<\/strong> Hydraulick\u00fd syst\u00e9m v t\u00fdchto valcoch zais\u0165uje plynul\u00e9 a konzistentn\u00e9 zdv\u00edhanie, \u010d\u00edm v\u00fdrazne minimalizuje otrasy a vibr\u00e1cie po\u010das prev\u00e1dzky. T\u00e1to plynulos\u0165 zvy\u0161uje bezpe\u010dnos\u0165 t\u00fdm, \u017ee poskytuje lep\u0161iu stabilitu n\u00e1kladu a zni\u017euje riziko neh\u00f4d alebo po\u0161kodenia tovaru. Obsluha sa m\u00f4\u017ee spo\u013eahn\u00fa\u0165, \u017ee tieto valce bud\u00fa vykon\u00e1va\u0165 \u00falohy s presnos\u0165ou a zabezpe\u010dia, \u017ee s n\u00e1kladom sa bude manipulova\u0165 jemne a efekt\u00edvne.<\/li>\n<li><strong>Kompaktn\u00fd dizajn:<\/strong> Zdv\u00edhacie hydraulick\u00e9 valce sa vyzna\u010duj\u00fa kompaktn\u00fdm dizajnom, ktor\u00fd umo\u017e\u0148uje bezprobl\u00e9mov\u00fa integr\u00e1ciu do r\u00f4znych typov skladovac\u00edch a manipula\u010dn\u00fdch vozidiel. Tento priestorovo \u00fasporn\u00fd dizajn maximalizuje obratnos\u0165 vozidla a umo\u017e\u0148uje mu \u013eahk\u00fa navig\u00e1ciu v stiesnen\u00fdch priestoroch. Obsluha profituje z optimalizovan\u00e9ho nastavenia, ktor\u00e9 zvy\u0161uje celkov\u00fa efektivitu a umo\u017e\u0148uje r\u00fdchlej\u0161iu reakciu v dynamick\u00fdch prostrediach.<\/li>\n<li><strong>V\u0161estrann\u00e9 aplik\u00e1cie:<\/strong> Tieto hydraulick\u00e9 valce s\u00fa kompatibiln\u00e9 so \u0161irokou \u0161k\u00e1lou typov vozidiel vr\u00e1tane vysokozdvi\u017en\u00fdch voz\u00edkov, paletov\u00fdch voz\u00edkov a hydraulick\u00fdch zdvih\u00e1kov. V\u010faka tejto v\u0161estrannosti s\u00fa vhodn\u00e9 pre r\u00f4zne odvetvia, od logistiky a v\u00fdroby a\u017e po stavebn\u00edctvo a po\u013enohospod\u00e1rstvo. Ich schopnos\u0165 prisp\u00f4sobi\u0165 sa r\u00f4znym potreb\u00e1m zariaden\u00ed znamen\u00e1, \u017ee podniky m\u00f4\u017eu \u0161tandardizova\u0165 svoje komponenty, \u010d\u00edm sa zjednodu\u0161\u00ed \u00fadr\u017eba a zlep\u0161\u00ed prev\u00e1dzkov\u00e1 efektivita.<\/li>\n<\/ul>\n<h2><strong>Pr\u00edpady pou\u017eitia zdv\u00edhac\u00edch hydraulick\u00fdch valcov pre skladovacie a manipula\u010dn\u00e9 vozidl\u00e1<\/strong><strong>:<\/strong><\/h2>\n<p>Zdv\u00edhacie hydraulick\u00e9 valce s\u00fa neoddelite\u013enou s\u00fa\u010das\u0165ou efekt\u00edvnej prev\u00e1dzky skladovac\u00edch a manipula\u010dn\u00fdch vozidiel. Ich schopnos\u0165 plynulo a bezpe\u010dne zdv\u00edha\u0165 a sp\u00fa\u0161\u0165a\u0165 \u0165a\u017ek\u00e9 bremen\u00e1 ich rob\u00ed nevyhnutn\u00fdmi v r\u00f4znych priemyseln\u00fdch aplik\u00e1ci\u00e1ch. Tu je nieko\u013eko k\u013e\u00fa\u010dov\u00fdch pr\u00edpadov pou\u017eitia:<\/p>\n<h4>1. <strong>Skladov\u00e9 oper\u00e1cie<\/strong><\/h4>\n<p>V skladoch s\u00fa zdv\u00edhacie hydraulick\u00e9 valce k\u013e\u00fa\u010dov\u00e9 pre premiest\u0148ovanie a stohovanie paliet. Umo\u017e\u0148uj\u00fa vysokozdvi\u017en\u00fdm voz\u00edkom a paletov\u00fdm zdvih\u00e1kom zdv\u00edha\u0165 \u0165a\u017ek\u00e9 bremen\u00e1 do vysok\u00fdch pol\u00edc, \u010d\u00edm optimalizuj\u00fa vertik\u00e1lny skladovac\u00ed priestor a u\u013eah\u010duj\u00fa pr\u00edstup k z\u00e1sob\u00e1m.<\/p>\n<h4>2. <strong>Nakladanie a vykladanie<\/strong><\/h4>\n<p>Pri nakladan\u00ed alebo vykladan\u00ed n\u00e1kladn\u00fdch vozidiel tieto valce poskytuj\u00fa potrebn\u00fa silu na efekt\u00edvne zdv\u00edhanie a sp\u00fa\u0161\u0165anie n\u00e1kladu. T\u00e1to schopnos\u0165 skracuje \u010das str\u00e1ven\u00fd t\u00fdmito \u00falohami a minimalizuje riziko po\u0161kodenia tovaru.<\/p>\n<h4>3. <strong>V\u00fdrobn\u00e9 zariadenia<\/strong><\/h4>\n<p>Vo v\u00fdrobnom prostred\u00ed pom\u00e1haj\u00fa zdv\u00edhacie hydraulick\u00e9 valce pri preprave komponentov medzi r\u00f4znymi f\u00e1zami v\u00fdroby. Umo\u017e\u0148uj\u00fa presn\u00e9 polohovanie materi\u00e1lov, \u010d\u00edm zlep\u0161uj\u00fa pracovn\u00fd postup a produktivitu na mont\u00e1\u017enych link\u00e1ch.<\/p>\n<h4>4. <strong>Stavenisk\u00e1<\/strong><\/h4>\n<p>Na stavb\u00e1ch s\u00fa tieto valce nevyhnutn\u00e9 na zdv\u00edhanie \u0165a\u017ek\u00fdch materi\u00e1lov, ako s\u00fa nosn\u00edky, bet\u00f3nov\u00e9 bloky a zariadenia. Umo\u017e\u0148uj\u00fa presn\u00e9 umiestnenie bremien, \u010d\u00edm zvy\u0161uj\u00fa bezpe\u010dnos\u0165 a efektivitu po\u010das stavebn\u00fdch pr\u00e1c.<\/p>\n<h4>5. <strong>Automobilov\u00fd priemysel<\/strong><\/h4>\n<p>Zdv\u00edhacie hydraulick\u00e9 valce sa pou\u017e\u00edvaj\u00fa v automobilov\u00fdch mont\u00e1\u017enych link\u00e1ch na zdv\u00edhanie vozidiel alebo komponentov po\u010das v\u00fdroby a opr\u00e1v. V\u010faka svojej schopnosti zabezpe\u010di\u0165 stabiln\u00e9 zdv\u00edhanie s\u00fa ide\u00e1lne pre \u00falohy, ktor\u00e9 vy\u017eaduj\u00fa presnos\u0165.<\/p>\n<p>H\u013ead\u00e1te valce pre vysokozdvi\u017en\u00e9 voz\u00edky s vysokou nosnos\u0165ou? Pozrite si na\u0161e <a href=\"https:\/\/www.hydraulic-cylinders.net\/sk\/forklift-hydraulic-cylinder\/\">Vysokopevnostn\u00e9 hydraulick\u00e9 valce<\/a>.<\/p>\n<h2><strong>V\u00fdrobn\u00e1 oblas\u0165 valcov pre vysokozdvi\u017en\u00e9 voz\u00edky:<\/strong><\/h2>\n<h2><img loading=\"lazy\" decoding=\"async\" class=\"alignnone size-full wp-image-16972\" src=\"https:\/\/www.hydraulic-cylinders.net\/wp-content\/uploads\/2025\/01\/hydraulic-cylinder-factory-1-scaled.webp\" sizes=\"(min-width: 0px) and (max-width: 480px) 480px, (min-width: 481px) and (max-width: 980px) 980px, (min-width: 981px) and (max-width: 1280px) 1280px, (min-width: 1281px) 2016px, 100vw\" srcset=\"https:\/\/www.hydraulic-cylinders.net\/wp-content\/uploads\/2025\/01\/hydraulic-cylinder-factory-1-scaled.webp 2016w, https:\/\/www.hydraulic-cylinders.net\/wp-content\/uploads\/2025\/01\/hydraulic-cylinder-factory-1-1280x1625.webp 1280w, https:\/\/www.hydraulic-cylinders.net\/wp-content\/uploads\/2025\/01\/hydraulic-cylinder-factory-1-980x1244.webp 980w, https:\/\/www.hydraulic-cylinders.net\/wp-content\/uploads\/2025\/01\/hydraulic-cylinder-factory-1-480x610.webp 480w\" alt=\"\" width=\"2016\" height=\"2560\" \/><\/h2>\n<p>Disponujeme prvotriednou nez\u00e1vislou v\u00fdskumnou a v\u00fdvojovou platformou pre mont\u00e1\u017e. Diel\u0148a na v\u00fdrobu valcov pre vysokozdvi\u017en\u00e9 voz\u00edky m\u00e1 \u0161tyri poloautomatick\u00e9 mont\u00e1\u017ene linky na zdv\u00edhacie valce a plne automatick\u00fa mont\u00e1\u017enu linku nakl\u00e1pac\u00edch valcov s projektovanou ro\u010dnou v\u00fdrobnou kapacitou mili\u00f3na kusov. Diel\u0148a na v\u00fdrobu \u0161peci\u00e1lnych valcov m\u00e1 poloautomatick\u00e9 \u010distiace a mont\u00e1\u017ene syst\u00e9my r\u00f4znych \u0161pecifik\u00e1ci\u00ed s projektovanou ro\u010dnou v\u00fdrobnou kapacitou 200 000 kusov. Je vybaven\u00e1 CNC obr\u00e1bac\u00edmi zariadeniami zn\u00e1mych zna\u010diek, obr\u00e1bac\u00edmi centrami, \u0161peci\u00e1lnymi zariadeniami na vysoko presn\u00e9 spracovanie valcov, robotick\u00fdmi zv\u00e1rac\u00edmi strojmi, automatick\u00fdmi \u010distiacimi strojmi, automatick\u00fdmi mont\u00e1\u017enymi strojmi na valce a automatick\u00fdmi linkami na v\u00fdrobu farieb. M\u00e1me v prev\u00e1dzke viac ako 300 s\u00e1d k\u013e\u00fa\u010dov\u00fdch zariaden\u00ed. Optimalizovan\u00e9 pride\u013eovanie a efekt\u00edvne vyu\u017e\u00edvanie zdrojov zariaden\u00ed zabezpe\u010duje presn\u00e9 po\u017eiadavky na v\u00fdrobky a sp\u013a\u0148a vysok\u00e9 \u0161tandardy kvality v\u00fdrobkov.<\/p>\n<p>Obr\u00e1bacia diel\u0148a je vybaven\u00e1 s\u00fastru\u017en\u00edckymi centrami s nakl\u00e1pac\u00edmi vodiacimi ko\u013eajnicami vyroben\u00fdmi na mieru, obr\u00e1bac\u00edmi centrami, vysokor\u00fdchlostn\u00fdmi honovac\u00edmi strojmi, zv\u00e1rac\u00edmi robotmi a \u010fal\u0161\u00edm relevantn\u00fdm zariaden\u00edm, ktor\u00e9 dok\u00e1\u017eu obr\u00e1ba\u0165 valcov\u00e9 r\u00fary s maxim\u00e1lnym vn\u00fatorn\u00fdm priemerom 400 mm a maxim\u00e1lnou d\u013a\u017ekou 6 metrov.<\/p>\n<h2><img loading=\"lazy\" decoding=\"async\" class=\"alignnone size-full wp-image-16973\" src=\"https:\/\/www.hydraulic-cylinders.net\/wp-content\/uploads\/2025\/01\/hydraulic-cylinder-factory-2-scaled.webp\" sizes=\"(min-width: 0px) and (max-width: 480px) 480px, (min-width: 481px) and (max-width: 980px) 980px, (min-width: 981px) and (max-width: 1280px) 1280px, (min-width: 1281px) 2011px, 100vw\" srcset=\"https:\/\/www.hydraulic-cylinders.net\/wp-content\/uploads\/2025\/01\/hydraulic-cylinder-factory-2-scaled.webp 2011w, https:\/\/www.hydraulic-cylinders.net\/wp-content\/uploads\/2025\/01\/hydraulic-cylinder-factory-2-1280x1629.webp 1280w, https:\/\/www.hydraulic-cylinders.net\/wp-content\/uploads\/2025\/01\/hydraulic-cylinder-factory-2-980x1248.webp 980w, https:\/\/www.hydraulic-cylinders.net\/wp-content\/uploads\/2025\/01\/hydraulic-cylinder-factory-2-480x611.webp 480w\" alt=\"\" width=\"2011\" height=\"2560\" \/><\/h2>\n<p>Disponujeme plne automatickou linkou na nan\u00e1\u0161anie farieb na vodnej b\u00e1ze pre mal\u00e9 a stredn\u00e9 valce, ktor\u00e1 realizuje automatick\u00e9 nakladanie a vykladanie a automatick\u00e9 striekacie roboty s projektovanou v\u00fdrobnou kapacitou 4000 miest za smenu. M\u00e1me \u010fal\u0161iu poloautomatick\u00fa lakovaciu linku pre ve\u013ek\u00e9 valce poh\u00e1\u0148an\u00fa re\u0165azou s projektovanou kapacitou 60 prepraviek za smenu.<\/p>\n<p>S cie\u013eom \u010falej zlep\u0161i\u0165 v\u00fdkonnos\u0165 na\u0161ich produktov a upevni\u0165 si ved\u00facu poz\u00edciu na\u0161ich hydraulick\u00fdch valcov v tomto odvetv\u00ed sme spolo\u010dne so spolo\u010dnos\u0165ou zjimee zalo\u017eili komplexn\u00e9 laborat\u00f3rium pre hydraulick\u00e9 valce, hydraulick\u00e9 ventily a hydraulick\u00e9 \u010derpadl\u00e1. Laborat\u00f3rium vyu\u017e\u00edva po\u010d\u00edta\u010dom podporovan\u00e9 testovanie s vyu\u017eit\u00edm elektrohydraulickej technol\u00f3gie, pri\u010dom testovacie podmienky s\u00fa prednastaven\u00e9 po\u010d\u00edta\u010dom, \u010do zlep\u0161uje presnos\u0165 testu a v\u0161estrannos\u0165 syst\u00e9mu, ako aj experiment\u00e1lne \u00fadaje.<\/p>\n<p>Automatick\u00fd zber sa realizuje pomocou senzorov a v\u00fdstupn\u00e9 \u00fadaje, ako napr\u00edklad vn\u00fatorn\u00fd \u00fanik a \u00fa\u010dinnos\u0165 za\u0165a\u017eenia valca alebo ventilu, s\u00fa priamo spracov\u00e1van\u00e9 po\u010d\u00edta\u010dom a prev\u00e1dzan\u00e9 na \u0161tandardn\u00e9 jednotky (ml\/min%). Z\u00e1rove\u0148 sa na zaistenie prev\u00e1dzkovej bezpe\u010dnosti hydraulick\u00e9ho syst\u00e9mu vykon\u00e1va funkcia monitorovania stavu k\u013e\u00fa\u010dov\u00fdch v\u00fdkonnostn\u00fdch parametrov, ako je \u201emonitorovanie teploty oleja, monitorovanie hladiny kvapaliny, monitorovanie filtra\u010dn\u00e9ho zariadenia\u201c at\u010f. Okrem in\u00e9ho, \u200b\u200bsk\u00fa\u0161obn\u00fd stojan hydraulick\u00fdch valcov dok\u00e1\u017ee testova\u0165 v\u00fdkon \u201eza\u0165a\u017eenia\u201c.<br \/>\n\u00fa\u010dinnos\u0165 \u201ea\u201c vn\u00fatorn\u00e1 netesnos\u0165\u201c nameran\u00fdmi hodnotami. Z\u00e1rove\u0148 je vybaven\u00fd merac\u00edm pr\u00edstrojom s mrie\u017ekov\u00fdm prav\u00edtkom, ktor\u00fd sp\u013a\u0148a po\u017eiadavky v\u0161etk\u00fdch testovan\u00fdch polo\u017eiek hydraulick\u00fdch valcov pod\u013ea n\u00e1rodnej normy.<\/p>\n<p>&nbsp;<\/p>","protected":false},"excerpt":{"rendered":"<p>Lifting Hydraulic Cylinders for Storage and Handling Vehicles Lifting hydraulic cylinders are essential components in storage and handling vehicles, enabling efficient lifting and lowering of heavy loads. These cylinders convert hydraulic pressure into mechanical force, providing the power necessary to perform a variety of tasks in warehouses, distribution centers, and manufacturing facilities. Their reliability and [&hellip;]<\/p>","protected":false},"featured_media":17599,"comment_status":"open","ping_status":"closed","template":"","meta":{"_et_pb_use_builder":"","_et_pb_old_content":"","_et_gb_content_width":""},"product_brand":[],"product_cat":[1484,1549],"product_tag":[],"class_list":{"0":"post-17596","1":"product","2":"type-product","3":"status-publish","4":"has-post-thumbnail","6":"product_cat-forklift-hydraulic-cylinders","7":"product_cat-single-acting-hydraulic-cylinder","9":"first","10":"instock","11":"shipping-taxable","12":"product-type-simple"},"amp_enabled":true,"_links":{"self":[{"href":"https:\/\/www.hydraulic-cylinders.net\/sk\/wp-json\/wp\/v2\/product\/17596","targetHints":{"allow":["GET"]}}],"collection":[{"href":"https:\/\/www.hydraulic-cylinders.net\/sk\/wp-json\/wp\/v2\/product"}],"about":[{"href":"https:\/\/www.hydraulic-cylinders.net\/sk\/wp-json\/wp\/v2\/types\/product"}],"replies":[{"embeddable":true,"href":"https:\/\/www.hydraulic-cylinders.net\/sk\/wp-json\/wp\/v2\/comments?post=17596"}],"wp:featuredmedia":[{"embeddable":true,"href":"https:\/\/www.hydraulic-cylinders.net\/sk\/wp-json\/wp\/v2\/media\/17599"}],"wp:attachment":[{"href":"https:\/\/www.hydraulic-cylinders.net\/sk\/wp-json\/wp\/v2\/media?parent=17596"}],"wp:term":[{"taxonomy":"product_brand","embeddable":true,"href":"https:\/\/www.hydraulic-cylinders.net\/sk\/wp-json\/wp\/v2\/product_brand?post=17596"},{"taxonomy":"product_cat","embeddable":true,"href":"https:\/\/www.hydraulic-cylinders.net\/sk\/wp-json\/wp\/v2\/product_cat?post=17596"},{"taxonomy":"product_tag","embeddable":true,"href":"https:\/\/www.hydraulic-cylinders.net\/sk\/wp-json\/wp\/v2\/product_tag?post=17596"}],"curies":[{"name":"pracovn\u00fd list","href":"https:\/\/api.w.org\/{rel}","templated":true}]}}