{"id":17601,"date":"2025-03-18T06:41:02","date_gmt":"2025-03-18T06:41:02","guid":{"rendered":"https:\/\/www.hydraulic-cylinders.net\/?post_type=product&#038;p=17601"},"modified":"2025-04-11T01:44:49","modified_gmt":"2025-04-11T01:44:49","slug":"lifting-hydraulic-cylinders-of-pallet-stacker-truck","status":"publish","type":"product","link":"https:\/\/www.hydraulic-cylinders.net\/sk\/produkt\/lifting-hydraulic-cylinders-of-pallet-stacker-truck\/","title":{"rendered":"Zdv\u00edhacie hydraulick\u00e9 valce paletov\u00e9ho stohovacieho voz\u00edka"},"content":{"rendered":"<h1 style=\"text-align: center;\"><strong>Zdv\u00edhacie hydraulick\u00e9 valce paletov\u00e9ho stohovacieho voz\u00edka<\/strong><\/h1>\n<p>Zdv\u00edhacie hydraulick\u00e9 valce s\u00fa z\u00e1kladn\u00fdmi s\u00fa\u010das\u0165ami paletov\u00fdch stohovac\u00edch voz\u00edkov, ktor\u00e9 umo\u017e\u0148uj\u00fa efekt\u00edvne zdv\u00edhanie a sp\u00fa\u0161\u0165anie \u0165a\u017ek\u00fdch bremien. Tieto valce premie\u0148aj\u00fa hydraulick\u00fd tlak na mechanick\u00fa silu a poskytuj\u00fa tak energiu potrebn\u00fa na \u013eahk\u00fa manipul\u00e1ciu s paletami a in\u00fdmi materi\u00e1lmi. V\u010faka svojej spo\u013eahlivosti a robustnej kon\u0161trukcii s\u00fa k\u013e\u00fa\u010dov\u00e9 pre optimaliz\u00e1ciu skladov\u00fdch oper\u00e1ci\u00ed a zvy\u0161ovanie produktivity.<\/p>\n<p>Zdv\u00edhacie hydraulick\u00e9 valce s\u00fa nevyhnutn\u00e9 pre efekt\u00edvnu prev\u00e1dzku paletov\u00fdch voz\u00edkov. V\u010faka svojej vysokej nosnosti, odolnej kon\u0161trukcii a plynulej prev\u00e1dzke s\u00fa nevyhnutn\u00e9 v r\u00f4znych priemyseln\u00fdch aplik\u00e1ci\u00e1ch. Pochopen\u00edm ich vlastnost\u00ed, spr\u00e1vnych sp\u00f4sobov pou\u017e\u00edvania a po\u017eiadaviek na \u00fadr\u017ebu m\u00f4\u017eu oper\u00e1tori maximalizova\u0165 v\u00fdkon a bezpe\u010dnos\u0165 svojich zariaden\u00ed, \u010d\u00edm sa v kone\u010dnom d\u00f4sledku zv\u00fd\u0161i produktivita pri manipul\u00e1cii s materi\u00e1lom. Invest\u00edcia do vysoko kvalitn\u00fdch zdv\u00edhac\u00edch hydraulick\u00fdch valcov zais\u0165uje spo\u013eahliv\u00fa a efekt\u00edvnu prev\u00e1dzku, ktor\u00e1 je k\u013e\u00fa\u010dov\u00e1 pre \u00faspech v ka\u017edom podnikan\u00ed.<\/p>\n<h1 style=\"text-align: center;\"><img loading=\"lazy\" decoding=\"async\" class=\"alignnone wp-image-17603\" src=\"https:\/\/www.hydraulic-cylinders.net\/wp-content\/uploads\/2025\/03\/Lifting-hydraulic-cylinders-of-pallet-stacker-truck-scaled.webp\" alt=\"\" width=\"500\" height=\"500\" \/><\/h1>\n<p style=\"text-align: center;\"><strong>Zdv\u00edhacie hydraulick\u00e9 valce paletov\u00e9ho stohovacieho voz\u00edka<\/strong><\/p>\n<h2><strong>Zdv\u00edhacie hydraulick\u00e9 valce paletov\u00e9ho stohovacieho voz\u00edka\u00a0<\/strong><strong>Technick\u00e9 \u0161pecifik\u00e1cie<\/strong><strong>:<\/strong><\/h2>\n<p><strong>Funkcia:<\/strong> Na dosiahnutie zdv\u00edhacieho a sp\u00fa\u0161\u0165acieho \u00fa\u010dinku port\u00e1lu<br \/>\n<strong>Priemer valca:<\/strong> 45 mm \u2013 56 mm<br \/>\n<strong>Priemer ty\u010de:<\/strong> 35 mm \u2013 40 mm<br \/>\n<strong>Cestovanie:<\/strong> 500 mm \u2013 1950 mm<br \/>\n<strong>Maxim\u00e1lny tlak:<\/strong> 20 MPa<br \/>\n<strong>Maxim\u00e1lny \u0165ah:<\/strong> 493 kN<\/p>\n<h2><strong>S\u00e9ria hydraulick\u00fdch valcov pre paletov\u00e9 voz\u00edky:\u00a0<\/strong><\/h2>\n<h2><img loading=\"lazy\" decoding=\"async\" class=\"alignnone size-full wp-image-17605\" src=\"https:\/\/www.hydraulic-cylinders.net\/wp-content\/uploads\/2025\/03\/Hydraulic-cylinders-of-pallet-stacker-truck-construction.webp\" alt=\"Hydraulick\u00e9 valce kon\u0161trukcie paletov\u00fdch voz\u00edkov\" width=\"1100\" height=\"615\" srcset=\"https:\/\/www.hydraulic-cylinders.net\/wp-content\/uploads\/2025\/03\/Hydraulic-cylinders-of-pallet-stacker-truck-construction.webp 1100w, https:\/\/www.hydraulic-cylinders.net\/wp-content\/uploads\/2025\/03\/Hydraulic-cylinders-of-pallet-stacker-truck-construction-980x548.webp 980w, https:\/\/www.hydraulic-cylinders.net\/wp-content\/uploads\/2025\/03\/Hydraulic-cylinders-of-pallet-stacker-truck-construction-480x268.webp 480w\" sizes=\"(min-width: 0px) and (max-width: 480px) 480px, (min-width: 481px) and (max-width: 980px) 980px, (min-width: 981px) 1100px, 100vw\" \/><\/h2>\n<h2><strong>K\u013e\u00fa\u010dov\u00e9 vlastnosti zdv\u00edhac\u00edch hydraulick\u00fdch valcov paletov\u00e9ho stohovacieho voz\u00edka<\/strong><strong>:<\/strong><\/h2>\n<ul>\n<li><strong>Vysok\u00e1 nosnos\u0165:<\/strong> Zdv\u00edhacie hydraulick\u00e9 valce, navrhnut\u00e9 tak, aby uniesli zna\u010dn\u00e9 hmotnosti, zais\u0165uj\u00fa bezpe\u010dn\u00fa a efekt\u00edvnu prev\u00e1dzku aj pri \u0165a\u017ek\u00fdch n\u00e1kladoch. T\u00e1to schopnos\u0165 je nevyhnutn\u00e1 pre prevenciu pracovn\u00fdch \u00farazov a zlep\u0161enie efekt\u00edvnosti manipul\u00e1cie s materi\u00e1lom.<\/li>\n<li><strong>Odoln\u00e1 kon\u0161trukcia:<\/strong> Tieto valce s\u00fa vyroben\u00e9 z vysokopevnostn\u00fdch materi\u00e1lov, odol\u00e1vaj\u00fa opotrebovaniu a zais\u0165uj\u00fa dlhotrvaj\u00faci v\u00fdkon. Ich robustn\u00e1 kon\u0161trukcia minimalizuje riziko poruchy, v\u010faka \u010domu s\u00fa cenovo v\u00fdhodn\u00fdm rie\u0161en\u00edm pre podniky, ktor\u00e9 sa spoliehaj\u00fa na zdv\u00edhanie \u0165a\u017ek\u00fdch bremien.<\/li>\n<li><strong>Plynul\u00e1 prev\u00e1dzka:<\/strong> Hydraulick\u00fd syst\u00e9m zais\u0165uje plynul\u00e9 a konzistentn\u00e9 zdv\u00edhanie, \u010d\u00edm zni\u017euje otrasy a vibr\u00e1cie. T\u00e1to funkcia zvy\u0161uje bezpe\u010dnos\u0165 a zlep\u0161uje stabilitu n\u00e1kladu po\u010das prev\u00e1dzky, \u010do umo\u017e\u0148uje presn\u00fa manipul\u00e1ciu.<\/li>\n<li><strong>Kompaktn\u00fd dizajn:<\/strong> Zdv\u00edhacie hydraulick\u00e9 valce sa dod\u00e1vaj\u00fa v kompaktn\u00fdch rozmeroch, \u010do umo\u017e\u0148uje jednoduch\u00fa integr\u00e1ciu do r\u00f4znych modelov paletov\u00fdch voz\u00edkov. T\u00e1to kon\u0161trukcia maximalizuje priestorov\u00fa efektivitu a z\u00e1rove\u0148 zachov\u00e1va obratnos\u0165 a ovl\u00e1date\u013enos\u0165.<\/li>\n<li><strong>V\u0161estrann\u00e9 aplik\u00e1cie:<\/strong> Tieto hydraulick\u00e9 valce s\u00fa kompatibiln\u00e9 s viacer\u00fdmi typmi paletov\u00fdch voz\u00edkov a s\u00fa vhodn\u00e9 pre r\u00f4zne odvetvia vr\u00e1tane logistiky, v\u00fdroby a maloobchodu. T\u00e1to v\u0161estrannos\u0165 zvy\u0161uje ich vyu\u017eite\u013enos\u0165 v r\u00f4znych prev\u00e1dzkov\u00fdch potreb\u00e1ch.<\/li>\n<\/ul>\n<h2><strong>Pr\u00edpady pou\u017eitia pre zdv\u00edhanie hydraulick\u00fdch valcov paletov\u00fdch voz\u00edkov<\/strong><strong>:<\/strong><\/h2>\n<p>Zdv\u00edhacie hydraulick\u00e9 valce s\u00fa k\u013e\u00fa\u010dov\u00fdmi komponentmi paletov\u00fdch stohovac\u00edch voz\u00edkov, ktor\u00e9 im umo\u017e\u0148uj\u00fa vykon\u00e1va\u0165 r\u00f4zne z\u00e1kladn\u00e9 \u00falohy v oblasti manipul\u00e1cie s materi\u00e1lom a logistiky. Tu je nieko\u013eko k\u013e\u00fa\u010dov\u00fdch pr\u00edpadov pou\u017eitia:<\/p>\n<h4>1. <strong>Stohovanie a vyberanie tovaru v sklade<\/strong><\/h4>\n<p>Paletov\u00e9 stohovacie voz\u00edky vybaven\u00e9 zdv\u00edhac\u00edmi hydraulick\u00fdmi valcami efekt\u00edvne stohuj\u00fa a vyberaj\u00fa palety z vysok\u00fdch skladovac\u00edch reg\u00e1lov. Valce umo\u017e\u0148uj\u00fa plynul\u00e9 zdv\u00edhanie a sp\u00fa\u0161\u0165anie, optimalizuj\u00fa vertik\u00e1lny skladovac\u00ed priestor a u\u013eah\u010duj\u00fa r\u00fdchly pr\u00edstup k z\u00e1sob\u00e1m.<\/p>\n<h4>2. <strong>Nakladacie a vykladacie oper\u00e1cie<\/strong><\/h4>\n<p>Po\u010das nakladania a vykladania v distribu\u010dn\u00fdch centr\u00e1ch alebo maloobchodn\u00fdch predajniach umo\u017e\u0148uj\u00fa tieto hydraulick\u00e9 valce presn\u00e9 polohovanie paliet. T\u00e1to schopnos\u0165 zni\u017euje riziko po\u0161kodenia tovaru a minimalizuje \u010das potrebn\u00fd na tieto oper\u00e1cie.<\/p>\n<h4>3. <strong>Vychyst\u00e1vanie objedn\u00e1vok<\/strong><\/h4>\n<p>V prostrediach, kde je potrebn\u00e9 vychyst\u00e1vanie objedn\u00e1vok, paletov\u00e9 voz\u00edky so zdv\u00edhac\u00edmi hydraulick\u00fdmi valcami dok\u00e1\u017eu zdvihn\u00fa\u0165 vidlice do vhodnej v\u00fd\u0161ky pre pr\u00edstup ku konkr\u00e9tnym polo\u017ek\u00e1m. T\u00e1to funkcia zvy\u0161uje efektivitu a presnos\u0165 pri plnen\u00ed objedn\u00e1vok z\u00e1kazn\u00edkov.<\/p>\n<h4>4. <strong>Cross-docking<\/strong><\/h4>\n<p>V oper\u00e1ci\u00e1ch cross-dockingu, kde sa produkty pres\u00favaj\u00fa priamo z vstupnej do v\u00fdstupnej prepravy, zdv\u00edhacie hydraulick\u00e9 valce umo\u017e\u0148uj\u00fa r\u00fdchly a efekt\u00edvny pohyb paliet. To skracuje manipula\u010dn\u00e9 \u010dasy a zlep\u0161uje celkov\u00fa logistick\u00fa efektivitu.<\/p>\n<h4>5. <strong>Manipul\u00e1cia s materi\u00e1lom vo v\u00fdrobe<\/strong><\/h4>\n<p>Vo v\u00fdrobn\u00fdch zariadeniach paletov\u00e9 stohovacie voz\u00edky \u010dasto prepravuj\u00fa suroviny a hotov\u00e9 v\u00fdrobky. Zdv\u00edhacie hydraulick\u00e9 valce umo\u017e\u0148uj\u00fa voz\u00edkom bezpe\u010dne pres\u00fava\u0165 \u0165a\u017ek\u00e9 bremen\u00e1 medzi r\u00f4znymi v\u00fdrobn\u00fdmi oblas\u0165ami a zachova\u0165 tak plynul\u00fd pracovn\u00fd postup.<\/p>\n<p>H\u013ead\u00e1te valce pre vysokozdvi\u017en\u00e9 voz\u00edky s vysokou nosnos\u0165ou? Pozrite si na\u0161e <a href=\"https:\/\/www.hydraulic-cylinders.net\/sk\/forklift-hydraulic-cylinder\/\">Vysokopevnostn\u00e9 hydraulick\u00e9 valce<\/a>.<\/p>\n<h2><strong>V\u00fdrobn\u00e1 oblas\u0165 valcov pre vysokozdvi\u017en\u00e9 voz\u00edky:<\/strong><\/h2>\n<h2><img loading=\"lazy\" decoding=\"async\" class=\"alignnone size-full wp-image-16972\" src=\"https:\/\/www.hydraulic-cylinders.net\/wp-content\/uploads\/2025\/01\/hydraulic-cylinder-factory-1-scaled.webp\" sizes=\"(min-width: 0px) and (max-width: 480px) 480px, (min-width: 481px) and (max-width: 980px) 980px, (min-width: 981px) and (max-width: 1280px) 1280px, (min-width: 1281px) 2016px, 100vw\" srcset=\"https:\/\/www.hydraulic-cylinders.net\/wp-content\/uploads\/2025\/01\/hydraulic-cylinder-factory-1-scaled.webp 2016w, https:\/\/www.hydraulic-cylinders.net\/wp-content\/uploads\/2025\/01\/hydraulic-cylinder-factory-1-1280x1625.webp 1280w, https:\/\/www.hydraulic-cylinders.net\/wp-content\/uploads\/2025\/01\/hydraulic-cylinder-factory-1-980x1244.webp 980w, https:\/\/www.hydraulic-cylinders.net\/wp-content\/uploads\/2025\/01\/hydraulic-cylinder-factory-1-480x610.webp 480w\" alt=\"\" width=\"2016\" height=\"2560\" \/><\/h2>\n<p>Disponujeme prvotriednou nez\u00e1vislou v\u00fdskumnou a v\u00fdvojovou platformou pre mont\u00e1\u017e. Diel\u0148a na v\u00fdrobu valcov pre vysokozdvi\u017en\u00e9 voz\u00edky m\u00e1 \u0161tyri poloautomatick\u00e9 mont\u00e1\u017ene linky na zdv\u00edhacie valce a plne automatick\u00fa mont\u00e1\u017enu linku nakl\u00e1pac\u00edch valcov s projektovanou ro\u010dnou v\u00fdrobnou kapacitou mili\u00f3na kusov. Diel\u0148a na v\u00fdrobu \u0161peci\u00e1lnych valcov m\u00e1 poloautomatick\u00e9 \u010distiace a mont\u00e1\u017ene syst\u00e9my r\u00f4znych \u0161pecifik\u00e1ci\u00ed s projektovanou ro\u010dnou v\u00fdrobnou kapacitou 200 000 kusov. Je vybaven\u00e1 CNC obr\u00e1bac\u00edmi zariadeniami zn\u00e1mych zna\u010diek, obr\u00e1bac\u00edmi centrami, \u0161peci\u00e1lnymi zariadeniami na vysoko presn\u00e9 spracovanie valcov, robotick\u00fdmi zv\u00e1rac\u00edmi strojmi, automatick\u00fdmi \u010distiacimi strojmi, automatick\u00fdmi mont\u00e1\u017enymi strojmi na valce a automatick\u00fdmi linkami na v\u00fdrobu farieb. M\u00e1me v prev\u00e1dzke viac ako 300 s\u00e1d k\u013e\u00fa\u010dov\u00fdch zariaden\u00ed. Optimalizovan\u00e9 pride\u013eovanie a efekt\u00edvne vyu\u017e\u00edvanie zdrojov zariaden\u00ed zabezpe\u010duje presn\u00e9 po\u017eiadavky na v\u00fdrobky a sp\u013a\u0148a vysok\u00e9 \u0161tandardy kvality v\u00fdrobkov.<\/p>\n<p>Obr\u00e1bacia diel\u0148a je vybaven\u00e1 s\u00fastru\u017en\u00edckymi centrami s nakl\u00e1pac\u00edmi vodiacimi ko\u013eajnicami vyroben\u00fdmi na mieru, obr\u00e1bac\u00edmi centrami, vysokor\u00fdchlostn\u00fdmi honovac\u00edmi strojmi, zv\u00e1rac\u00edmi robotmi a \u010fal\u0161\u00edm relevantn\u00fdm zariaden\u00edm, ktor\u00e9 dok\u00e1\u017eu obr\u00e1ba\u0165 valcov\u00e9 r\u00fary s maxim\u00e1lnym vn\u00fatorn\u00fdm priemerom 400 mm a maxim\u00e1lnou d\u013a\u017ekou 6 metrov.<\/p>\n<h2><img loading=\"lazy\" decoding=\"async\" class=\"alignnone size-full wp-image-16973\" src=\"https:\/\/www.hydraulic-cylinders.net\/wp-content\/uploads\/2025\/01\/hydraulic-cylinder-factory-2-scaled.webp\" sizes=\"(min-width: 0px) and (max-width: 480px) 480px, (min-width: 481px) and (max-width: 980px) 980px, (min-width: 981px) and (max-width: 1280px) 1280px, (min-width: 1281px) 2011px, 100vw\" srcset=\"https:\/\/www.hydraulic-cylinders.net\/wp-content\/uploads\/2025\/01\/hydraulic-cylinder-factory-2-scaled.webp 2011w, https:\/\/www.hydraulic-cylinders.net\/wp-content\/uploads\/2025\/01\/hydraulic-cylinder-factory-2-1280x1629.webp 1280w, https:\/\/www.hydraulic-cylinders.net\/wp-content\/uploads\/2025\/01\/hydraulic-cylinder-factory-2-980x1248.webp 980w, https:\/\/www.hydraulic-cylinders.net\/wp-content\/uploads\/2025\/01\/hydraulic-cylinder-factory-2-480x611.webp 480w\" alt=\"\" width=\"2011\" height=\"2560\" \/><\/h2>\n<p>Disponujeme plne automatickou linkou na nan\u00e1\u0161anie farieb na vodnej b\u00e1ze pre mal\u00e9 a stredn\u00e9 valce, ktor\u00e1 realizuje automatick\u00e9 nakladanie a vykladanie a automatick\u00e9 striekacie roboty s projektovanou v\u00fdrobnou kapacitou 4000 miest za smenu. M\u00e1me \u010fal\u0161iu poloautomatick\u00fa lakovaciu linku pre ve\u013ek\u00e9 valce poh\u00e1\u0148an\u00fa re\u0165azou s projektovanou kapacitou 60 prepraviek za smenu.<\/p>\n<p>S cie\u013eom \u010falej zlep\u0161i\u0165 v\u00fdkonnos\u0165 na\u0161ich produktov a upevni\u0165 si ved\u00facu poz\u00edciu na\u0161ich hydraulick\u00fdch valcov v tomto odvetv\u00ed sme spolo\u010dne so spolo\u010dnos\u0165ou zjimee zalo\u017eili komplexn\u00e9 laborat\u00f3rium pre hydraulick\u00e9 valce, hydraulick\u00e9 ventily a hydraulick\u00e9 \u010derpadl\u00e1. Laborat\u00f3rium vyu\u017e\u00edva po\u010d\u00edta\u010dom podporovan\u00e9 testovanie s vyu\u017eit\u00edm elektrohydraulickej technol\u00f3gie, pri\u010dom testovacie podmienky s\u00fa prednastaven\u00e9 po\u010d\u00edta\u010dom, \u010do zlep\u0161uje presnos\u0165 testu a v\u0161estrannos\u0165 syst\u00e9mu, ako aj experiment\u00e1lne \u00fadaje.<\/p>\n<p>Automatick\u00fd zber sa realizuje pomocou senzorov a v\u00fdstupn\u00e9 \u00fadaje, ako napr\u00edklad vn\u00fatorn\u00fd \u00fanik a \u00fa\u010dinnos\u0165 za\u0165a\u017eenia valca alebo ventilu, s\u00fa priamo spracov\u00e1van\u00e9 po\u010d\u00edta\u010dom a prev\u00e1dzan\u00e9 na \u0161tandardn\u00e9 jednotky (ml\/min%). Z\u00e1rove\u0148 sa na zaistenie prev\u00e1dzkovej bezpe\u010dnosti hydraulick\u00e9ho syst\u00e9mu vykon\u00e1va funkcia monitorovania stavu k\u013e\u00fa\u010dov\u00fdch v\u00fdkonnostn\u00fdch parametrov, ako je \u201emonitorovanie teploty oleja, monitorovanie hladiny kvapaliny, monitorovanie filtra\u010dn\u00e9ho zariadenia\u201c at\u010f. Okrem in\u00e9ho, \u200b\u200bsk\u00fa\u0161obn\u00fd stojan hydraulick\u00fdch valcov dok\u00e1\u017ee testova\u0165 v\u00fdkon \u201eza\u0165a\u017eenia\u201c.<br \/>\n\u00fa\u010dinnos\u0165 \u201ea\u201c vn\u00fatorn\u00e1 netesnos\u0165\u201c nameran\u00fdmi hodnotami. Z\u00e1rove\u0148 je vybaven\u00fd merac\u00edm pr\u00edstrojom s mrie\u017ekov\u00fdm prav\u00edtkom, ktor\u00fd sp\u013a\u0148a po\u017eiadavky v\u0161etk\u00fdch testovan\u00fdch polo\u017eiek hydraulick\u00fdch valcov pod\u013ea n\u00e1rodnej normy.<\/p>\n<p>&nbsp;<\/p>","protected":false},"excerpt":{"rendered":"<p>Lifting Hydraulic Cylinders of Pallet Stacker Truck Lifting hydraulic cylinders are essential components of pallet stacker trucks, enabling efficient lifting and lowering of heavy loads. These cylinders convert hydraulic pressure into mechanical force, providing the power necessary to handle pallets and other materials with ease. Their reliability and robust design make them crucial for optimizing [&hellip;]<\/p>","protected":false},"featured_media":17604,"comment_status":"open","ping_status":"closed","template":"","meta":{"_et_pb_use_builder":"","_et_pb_old_content":"","_et_gb_content_width":""},"product_brand":[],"product_cat":[1484,1549,1376],"product_tag":[],"class_list":{"0":"post-17601","1":"product","2":"type-product","3":"status-publish","4":"has-post-thumbnail","6":"product_cat-forklift-hydraulic-cylinders","7":"product_cat-single-acting-hydraulic-cylinder","8":"product_cat-hydraulic-cylinder","10":"first","11":"instock","12":"shipping-taxable","13":"product-type-simple"},"amp_enabled":true,"_links":{"self":[{"href":"https:\/\/www.hydraulic-cylinders.net\/sk\/wp-json\/wp\/v2\/product\/17601","targetHints":{"allow":["GET"]}}],"collection":[{"href":"https:\/\/www.hydraulic-cylinders.net\/sk\/wp-json\/wp\/v2\/product"}],"about":[{"href":"https:\/\/www.hydraulic-cylinders.net\/sk\/wp-json\/wp\/v2\/types\/product"}],"replies":[{"embeddable":true,"href":"https:\/\/www.hydraulic-cylinders.net\/sk\/wp-json\/wp\/v2\/comments?post=17601"}],"wp:featuredmedia":[{"embeddable":true,"href":"https:\/\/www.hydraulic-cylinders.net\/sk\/wp-json\/wp\/v2\/media\/17604"}],"wp:attachment":[{"href":"https:\/\/www.hydraulic-cylinders.net\/sk\/wp-json\/wp\/v2\/media?parent=17601"}],"wp:term":[{"taxonomy":"product_brand","embeddable":true,"href":"https:\/\/www.hydraulic-cylinders.net\/sk\/wp-json\/wp\/v2\/product_brand?post=17601"},{"taxonomy":"product_cat","embeddable":true,"href":"https:\/\/www.hydraulic-cylinders.net\/sk\/wp-json\/wp\/v2\/product_cat?post=17601"},{"taxonomy":"product_tag","embeddable":true,"href":"https:\/\/www.hydraulic-cylinders.net\/sk\/wp-json\/wp\/v2\/product_tag?post=17601"}],"curies":[{"name":"pracovn\u00fd list","href":"https:\/\/api.w.org\/{rel}","templated":true}]}}