{"id":17606,"date":"2025-03-18T06:59:19","date_gmt":"2025-03-18T06:59:19","guid":{"rendered":"https:\/\/www.hydraulic-cylinders.net\/?post_type=product&#038;p=17606"},"modified":"2025-04-11T01:44:46","modified_gmt":"2025-04-11T01:44:46","slug":"lift-hydraulic-cylinders-for-forward-moving-forklift","status":"publish","type":"product","link":"https:\/\/www.hydraulic-cylinders.net\/sk\/produkt\/lift-hydraulic-cylinders-for-forward-moving-forklift\/","title":{"rendered":"Zdv\u00edhacie hydraulick\u00e9 valce pre vysokozdvi\u017en\u00fd voz\u00edk pohybuj\u00faci sa vpred"},"content":{"rendered":"<h1 style=\"text-align: center;\"><strong>Zdv\u00edhacie hydraulick\u00e9 valce pre vysokozdvi\u017en\u00fd voz\u00edk pohybuj\u00faci sa vpred<\/strong><\/h1>\n<p>Zdv\u00edhacie hydraulick\u00e9 valce s\u00fa z\u00e1kladn\u00fdmi s\u00fa\u010das\u0165ami vysokozdvi\u017en\u00fdch voz\u00edkov pohybuj\u00facich sa vpred a poskytuj\u00fa potrebn\u00fa zdv\u00edhaciu silu na efekt\u00edvnu manipul\u00e1ciu s \u0165a\u017ek\u00fdmi bremenami. Tieto valce premie\u0148aj\u00fa hydraulick\u00fd tlak na mechanick\u00fa silu, \u010do umo\u017e\u0148uje vysokozdvi\u017en\u00fdm voz\u00edkom presne zdv\u00edha\u0165 a sp\u00fa\u0161\u0165a\u0165 bremen\u00e1. V\u010faka svojej robustnej kon\u0161trukcii a spo\u013eahliv\u00e9mu v\u00fdkonu s\u00fa nevyhnutn\u00e9 v r\u00f4znych priemyseln\u00fdch aplik\u00e1ci\u00e1ch, \u010d\u00edm zvy\u0161uj\u00fa produktivitu a bezpe\u010dnos\u0165.<\/p>\n<p>Zdv\u00edhacie hydraulick\u00e9 valce s\u00fa nevyhnutn\u00e9 pre efekt\u00edvnu prev\u00e1dzku vysokozdvi\u017en\u00fdch voz\u00edkov pohybuj\u00facich sa vpred. V\u010faka svojej vysokej nosnosti, odolnej kon\u0161trukcii a plynulej prev\u00e1dzke s\u00fa nevyhnutn\u00e9 v r\u00f4znych priemyseln\u00fdch aplik\u00e1ci\u00e1ch. Pochopen\u00edm ich vlastnost\u00ed, spr\u00e1vnych sp\u00f4sobov pou\u017e\u00edvania a po\u017eiadaviek na \u00fadr\u017ebu m\u00f4\u017eu oper\u00e1tori maximalizova\u0165 v\u00fdkon a bezpe\u010dnos\u0165 svojich zariaden\u00ed, \u010d\u00edm sa v kone\u010dnom d\u00f4sledku zv\u00fd\u0161i produktivita pri manipul\u00e1cii s materi\u00e1lom. Invest\u00edcia do vysoko kvalitn\u00fdch zdv\u00edhac\u00edch hydraulick\u00fdch valcov zais\u0165uje spo\u013eahliv\u00fa a efekt\u00edvnu prev\u00e1dzku, ktor\u00e1 je k\u013e\u00fa\u010dov\u00e1 pre \u00faspech v ka\u017edom podnikan\u00ed.<\/p>\n<h1 style=\"text-align: center;\"><img loading=\"lazy\" decoding=\"async\" class=\"alignnone wp-image-17609\" src=\"https:\/\/www.hydraulic-cylinders.net\/wp-content\/uploads\/2025\/03\/Lift-hydraulic-cylinders-for-Forward-moving-forklift--scaled.webp\" alt=\"\" width=\"500\" height=\"500\" \/><\/h1>\n<p style=\"text-align: center;\"><strong>Zdv\u00edhacie hydraulick\u00e9 valce paletov\u00e9ho stohovacieho voz\u00edka<\/strong><\/p>\n<h2><strong>Zdv\u00edhacie hydraulick\u00e9 valce pre vysokozdvi\u017en\u00fd voz\u00edk pohybuj\u00faci sa vpred <\/strong><strong>Technick\u00e9 \u0161pecifik\u00e1cie<\/strong><strong>:<\/strong><\/h2>\n<p><strong>Funkcia:<\/strong> Na dosiahnutie zdv\u00edhacieho a sp\u00fa\u0161\u0165acieho \u00fa\u010dinku port\u00e1lu<br \/>\n<strong>Priemer valca:<\/strong> 45 mm \u2013 75 mm<br \/>\n<strong>Priemer ty\u010de:<\/strong> 45 mm \u2013 65 mm<br \/>\n<strong>Cestovanie:<\/strong> 500 mm \u2013 3980 mm<br \/>\n<strong>Maxim\u00e1lny tlak:<\/strong> 21 MPa<br \/>\n<strong>Maxim\u00e1lny \u0165ah:<\/strong> 93 kN<\/p>\n<h2><strong>S\u00e9ria valcov pre vysokozdvi\u017en\u00fd voz\u00edk s pohybom vpred:\u00a0<\/strong><\/h2>\n<h2><img loading=\"lazy\" decoding=\"async\" class=\"alignnone size-full wp-image-17611\" src=\"https:\/\/www.hydraulic-cylinders.net\/wp-content\/uploads\/2025\/03\/Forward-moving-forklift-hydraulic-cylinders-construction.webp\" alt=\"Kon\u0161trukcia hydraulick\u00fdch valcov vysokozdvi\u017en\u00e9ho voz\u00edka s pohybom vpred\" width=\"1100\" height=\"615\" srcset=\"https:\/\/www.hydraulic-cylinders.net\/wp-content\/uploads\/2025\/03\/Forward-moving-forklift-hydraulic-cylinders-construction.webp 1100w, https:\/\/www.hydraulic-cylinders.net\/wp-content\/uploads\/2025\/03\/Forward-moving-forklift-hydraulic-cylinders-construction-980x548.webp 980w, https:\/\/www.hydraulic-cylinders.net\/wp-content\/uploads\/2025\/03\/Forward-moving-forklift-hydraulic-cylinders-construction-480x268.webp 480w\" sizes=\"(min-width: 0px) and (max-width: 480px) 480px, (min-width: 481px) and (max-width: 980px) 980px, (min-width: 981px) 1100px, 100vw\" \/><\/h2>\n<h2><strong>K\u013e\u00fa\u010dov\u00e9 vlastnosti zdv\u00edhac\u00edch hydraulick\u00fdch valcov pre vysokozdvi\u017en\u00fd voz\u00edk pohybuj\u00faci sa vpred<\/strong><strong>:<\/strong><\/h2>\n<ul>\n<li><strong>Vysok\u00e1 nosnos\u0165:<\/strong> Zdv\u00edhacie hydraulick\u00e9 valce s\u00fa \u0161peci\u00e1lne navrhnut\u00e9 na manipul\u00e1ciu s ve\u013ek\u00fdmi hmotnos\u0165ami a poskytuj\u00fa potrebn\u00fa pevnos\u0165 na bezpe\u010dn\u00e9 zdv\u00edhanie \u0165a\u017ek\u00fdch bremien. T\u00e1to schopnos\u0165 je k\u013e\u00fa\u010dov\u00e1 pri predch\u00e1dzan\u00ed nehod\u00e1m, preto\u017ee zabezpe\u010duje, \u017ee vysokozdvi\u017en\u00fd voz\u00edk pracuje v r\u00e1mci svojich limitov nosnosti. Umo\u017enen\u00edm efekt\u00edvnej manipul\u00e1cie s materi\u00e1lom tieto valce zvy\u0161uj\u00fa produktivitu a skracuj\u00fa \u010das potrebn\u00fd na zdv\u00edhacie \u00falohy, \u010do umo\u017e\u0148uje oper\u00e1torom s\u00fastredi\u0165 sa na in\u00e9 d\u00f4le\u017eit\u00e9 \u010dinnosti.<\/li>\n<li><strong>Odoln\u00e1 kon\u0161trukcia:<\/strong> Zdv\u00edhacie hydraulick\u00e9 valce s\u00fa vyroben\u00e9 z vysokopevnostn\u00fdch materi\u00e1lov a odol\u00e1vaj\u00fa opotrebovaniu aj v t\u00fdch najn\u00e1ro\u010dnej\u0161\u00edch prostrediach. Ich robustn\u00e1 kon\u0161trukcia nielen zais\u0165uje dlhotrvaj\u00faci v\u00fdkon, ale tie\u017e v\u00fdrazne minimalizuje riziko mechanick\u00e9ho zlyhania. T\u00e1to odolnos\u0165 sa premieta do ni\u017e\u0161\u00edch n\u00e1kladov na \u00fadr\u017ebu a krat\u0161\u00edch prestojov, v\u010faka \u010domu s\u00fa tieto valce cenovo v\u00fdhodnou vo\u013ebou pre firmy, ktor\u00e9 h\u013eadaj\u00fa spo\u013eahliv\u00e9 zariadenia, ktor\u00e9 odol\u00e1vaj\u00fa n\u00e1ro\u010dn\u00fdm ka\u017edodenn\u00fdm po\u017eiadavk\u00e1m.<\/li>\n<li><strong>Plynul\u00e1 prev\u00e1dzka:<\/strong> Hydraulick\u00fd syst\u00e9m v t\u00fdchto valcoch zais\u0165uje konzistentn\u00e9 a plynul\u00e9 zdv\u00edhanie a sp\u00fa\u0161\u0165anie, \u010do je nevyhnutn\u00e9 pre udr\u017eanie stability n\u00e1kladu. Minimaliz\u00e1ciou otrasov a vibr\u00e1ci\u00ed po\u010das prev\u00e1dzky zvy\u0161uj\u00fa zdv\u00edhacie hydraulick\u00e9 valce bezpe\u010dnos\u0165 obsluhy aj okolit\u00e9ho person\u00e1lu. T\u00e1to plynul\u00e1 prev\u00e1dzka tie\u017e prispieva k lep\u0161ej kontrole pri manipul\u00e1cii s citliv\u00fdmi alebo krehk\u00fdmi materi\u00e1lmi, \u010d\u00edm sa zabezpe\u010duje ich bezpe\u010dn\u00e9 ulo\u017eenie po\u010das cel\u00e9ho procesu zdv\u00edhania.<\/li>\n<li><strong>Kompaktn\u00fd dizajn:<\/strong> Zdv\u00edhacie hydraulick\u00e9 valce sa dod\u00e1vaj\u00fa v r\u00f4znych ve\u013ekostiach, aby vyhovovali r\u00f4znym modelom vysokozdvi\u017en\u00fdch voz\u00edkov, \u010do umo\u017e\u0148uje bezprobl\u00e9mov\u00fa integr\u00e1ciu do existuj\u00facich zariaden\u00ed. T\u00e1to kompaktn\u00e1 kon\u0161trukcia neohrozuje man\u00e9vrovate\u013enos\u0165 vozidla a umo\u017e\u0148uje obsluhe \u013eahko sa pohybova\u0165 v stiesnen\u00fdch priestoroch. Prisp\u00f4sobivos\u0165 t\u00fdchto valcov zabezpe\u010duje, \u017ee ich mo\u017eno pou\u017ei\u0165 v r\u00f4znych aplik\u00e1ci\u00e1ch bez nutnosti v\u00fdrazn\u00fdch \u00faprav vysokozdvi\u017en\u00e9ho voz\u00edka.<\/li>\n<li><strong>V\u0161estrann\u00e9 aplik\u00e1cie:<\/strong> Tieto hydraulick\u00e9 valce s\u00fa vhodn\u00e9 pre \u0161irok\u00fa \u0161k\u00e1lu odvetv\u00ed vr\u00e1tane logistiky, v\u00fdroby a stavebn\u00edctva. V\u010faka svojej v\u0161estrannosti s\u00fa prisp\u00f4sobite\u013en\u00e9 r\u00f4znym prev\u00e1dzkov\u00fdm potreb\u00e1m, od stohovania a vyberania tovaru v skladoch a\u017e po zdv\u00edhanie \u0165a\u017ek\u00fdch bremien na stavb\u00e1ch. T\u00e1to \u0161irok\u00e1 pou\u017eite\u013enos\u0165 umo\u017e\u0148uje podnikom vyu\u017e\u00edva\u0165 zdv\u00edhacie hydraulick\u00e9 valce v r\u00f4znych prostrediach, optimalizova\u0165 procesy manipul\u00e1cie s materi\u00e1lom a zvy\u0161ova\u0165 celkov\u00fa efektivitu.<\/li>\n<\/ul>\n<h2><strong>Pr\u00edpady pou\u017eitia zdv\u00edhac\u00edch hydraulick\u00fdch valcov pre vysokozdvi\u017en\u00fd voz\u00edk pohybuj\u00faci sa vpred<\/strong><strong>:<\/strong><\/h2>\n<p>Hydraulick\u00e9 valce zdv\u00edhania zohr\u00e1vaj\u00fa k\u013e\u00fa\u010dov\u00fa \u00falohu pri zvy\u0161ovan\u00ed funk\u010dnosti a efekt\u00edvnosti vysokozdvi\u017en\u00fdch voz\u00edkov pohybuj\u00facich sa vpred. Tu je nieko\u013eko k\u013e\u00fa\u010dov\u00fdch pr\u00edpadov pou\u017eitia, ktor\u00e9 zd\u00f4raz\u0148uj\u00fa ich d\u00f4le\u017eitos\u0165 v r\u00f4znych odvetviach:<\/p>\n<h3>1. <strong>Skladov\u00e9 oper\u00e1cie<\/strong><\/h3>\n<p>V skladov\u00fdch prostrediach umo\u017e\u0148uj\u00fa zdv\u00edhacie hydraulick\u00e9 valce vysokozdvi\u017en\u00fdch voz\u00edkov stohova\u0165 a vybera\u0165 palety v r\u00f4znych v\u00fd\u0161kach. T\u00e1to schopnos\u0165 optimalizuje vertik\u00e1lny skladovac\u00ed priestor a umo\u017e\u0148uje r\u00fdchly pr\u00edstup k z\u00e1sob\u00e1m, zefekt\u00edv\u0148uje prev\u00e1dzku a zlep\u0161uje celkov\u00fa efektivitu.<\/p>\n<h3>2. <strong>Nakladanie a vykladanie<\/strong><\/h3>\n<p>Zdv\u00edhacie hydraulick\u00e9 valce u\u013eah\u010duj\u00fa nakladanie a vykladanie tovaru z n\u00e1kladn\u00fdch vozidiel a kontajnerov. V\u010faka tomu, \u017ee vysokozdvi\u017en\u00e9 voz\u00edky m\u00f4\u017eu plynulo zdv\u00edha\u0165 a sp\u00fa\u0161\u0165a\u0165 bremen\u00e1, minimalizuj\u00fa riziko po\u0161kodenia v\u00fdrobkov a skracuj\u00fa \u010das str\u00e1ven\u00fd t\u00fdmito \u00falohami, \u010d\u00edm zvy\u0161uj\u00fa celkov\u00fa produktivitu.<\/p>\n<h3>3. <strong>Vychyst\u00e1vanie objedn\u00e1vok<\/strong><\/h3>\n<p>V prostrediach, kde je vychyst\u00e1vanie objedn\u00e1vok nevyhnutn\u00e9, umo\u017e\u0148uj\u00fa hydraulick\u00e9 valce vysokozdvi\u017en\u00fdm voz\u00edkom presne sa umiestni\u0165 do po\u017eadovanej v\u00fd\u0161ky pre pr\u00edstup ku konkr\u00e9tnym polo\u017ek\u00e1m. T\u00e1to funkcia zlep\u0161uje presnos\u0165 pri plnen\u00ed objedn\u00e1vok a zvy\u0161uje celkov\u00fa prev\u00e1dzkov\u00fa efektivitu.<\/p>\n<h3>4. <strong>Cross-docking<\/strong><\/h3>\n<p>V oper\u00e1ci\u00e1ch cross-dockingu, kde sa produkty pres\u00favaj\u00fa priamo z vstupnej do v\u00fdstupnej prepravy, zdv\u00edhacie hydraulick\u00e9 valce pom\u00e1haj\u00fa r\u00fdchlo a efekt\u00edvne pres\u00fava\u0165 palety. To skracuje \u010das manipul\u00e1cie a zabezpe\u010duje plynul\u00fd tok tovaru v r\u00e1mci dod\u00e1vate\u013esk\u00e9ho re\u0165azca.<\/p>\n<h3>5. <strong>V\u00fdrobn\u00e9 zariadenia<\/strong><\/h3>\n<p>Vo v\u00fdrobnom prostred\u00ed pom\u00e1haj\u00fa zdv\u00edhacie hydraulick\u00e9 valce pri preprave surov\u00edn a hotov\u00fdch v\u00fdrobkov medzi r\u00f4znymi v\u00fdrobn\u00fdmi f\u00e1zami. Ich schopnos\u0165 bezpe\u010dne zdv\u00edha\u0165 \u0165a\u017ek\u00e9 predmety zvy\u0161uje pracovn\u00fd postup a produktivitu na mont\u00e1\u017enych link\u00e1ch.<\/p>\n<p>H\u013ead\u00e1te valce pre vysokozdvi\u017en\u00e9 voz\u00edky s vysokou nosnos\u0165ou? Pozrite si na\u0161e <a href=\"https:\/\/www.hydraulic-cylinders.net\/sk\/forklift-hydraulic-cylinder\/\">Vysokopevnostn\u00e9 hydraulick\u00e9 valce<\/a>.<\/p>\n<h2><strong>V\u00fdrobn\u00e1 oblas\u0165 valcov pre vysokozdvi\u017en\u00e9 voz\u00edky:<\/strong><\/h2>\n<h2><img loading=\"lazy\" decoding=\"async\" class=\"alignnone size-full wp-image-16972\" src=\"https:\/\/www.hydraulic-cylinders.net\/wp-content\/uploads\/2025\/01\/hydraulic-cylinder-factory-1-scaled.webp\" sizes=\"(min-width: 0px) and (max-width: 480px) 480px, (min-width: 481px) and (max-width: 980px) 980px, (min-width: 981px) and (max-width: 1280px) 1280px, (min-width: 1281px) 2016px, 100vw\" srcset=\"https:\/\/www.hydraulic-cylinders.net\/wp-content\/uploads\/2025\/01\/hydraulic-cylinder-factory-1-scaled.webp 2016w, https:\/\/www.hydraulic-cylinders.net\/wp-content\/uploads\/2025\/01\/hydraulic-cylinder-factory-1-1280x1625.webp 1280w, https:\/\/www.hydraulic-cylinders.net\/wp-content\/uploads\/2025\/01\/hydraulic-cylinder-factory-1-980x1244.webp 980w, https:\/\/www.hydraulic-cylinders.net\/wp-content\/uploads\/2025\/01\/hydraulic-cylinder-factory-1-480x610.webp 480w\" alt=\"\" width=\"2016\" height=\"2560\" \/><\/h2>\n<p>Disponujeme prvotriednou nez\u00e1vislou v\u00fdskumnou a v\u00fdvojovou platformou pre mont\u00e1\u017e. Diel\u0148a na v\u00fdrobu valcov pre vysokozdvi\u017en\u00e9 voz\u00edky m\u00e1 \u0161tyri poloautomatick\u00e9 mont\u00e1\u017ene linky na zdv\u00edhacie valce a plne automatick\u00fa mont\u00e1\u017enu linku nakl\u00e1pac\u00edch valcov s projektovanou ro\u010dnou v\u00fdrobnou kapacitou mili\u00f3na kusov. Diel\u0148a na v\u00fdrobu \u0161peci\u00e1lnych valcov m\u00e1 poloautomatick\u00e9 \u010distiace a mont\u00e1\u017ene syst\u00e9my r\u00f4znych \u0161pecifik\u00e1ci\u00ed s projektovanou ro\u010dnou v\u00fdrobnou kapacitou 200 000 kusov. Je vybaven\u00e1 CNC obr\u00e1bac\u00edmi zariadeniami zn\u00e1mych zna\u010diek, obr\u00e1bac\u00edmi centrami, \u0161peci\u00e1lnymi zariadeniami na vysoko presn\u00e9 spracovanie valcov, robotick\u00fdmi zv\u00e1rac\u00edmi strojmi, automatick\u00fdmi \u010distiacimi strojmi, automatick\u00fdmi mont\u00e1\u017enymi strojmi na valce a automatick\u00fdmi linkami na v\u00fdrobu farieb. M\u00e1me v prev\u00e1dzke viac ako 300 s\u00e1d k\u013e\u00fa\u010dov\u00fdch zariaden\u00ed. Optimalizovan\u00e9 pride\u013eovanie a efekt\u00edvne vyu\u017e\u00edvanie zdrojov zariaden\u00ed zabezpe\u010duje presn\u00e9 po\u017eiadavky na v\u00fdrobky a sp\u013a\u0148a vysok\u00e9 \u0161tandardy kvality v\u00fdrobkov.<\/p>\n<p>Obr\u00e1bacia diel\u0148a je vybaven\u00e1 s\u00fastru\u017en\u00edckymi centrami s nakl\u00e1pac\u00edmi vodiacimi ko\u013eajnicami vyroben\u00fdmi na mieru, obr\u00e1bac\u00edmi centrami, vysokor\u00fdchlostn\u00fdmi honovac\u00edmi strojmi, zv\u00e1rac\u00edmi robotmi a \u010fal\u0161\u00edm relevantn\u00fdm zariaden\u00edm, ktor\u00e9 dok\u00e1\u017eu obr\u00e1ba\u0165 valcov\u00e9 r\u00fary s maxim\u00e1lnym vn\u00fatorn\u00fdm priemerom 400 mm a maxim\u00e1lnou d\u013a\u017ekou 6 metrov.<\/p>\n<h2><img loading=\"lazy\" decoding=\"async\" class=\"alignnone size-full wp-image-16973\" src=\"https:\/\/www.hydraulic-cylinders.net\/wp-content\/uploads\/2025\/01\/hydraulic-cylinder-factory-2-scaled.webp\" sizes=\"(min-width: 0px) and (max-width: 480px) 480px, (min-width: 481px) and (max-width: 980px) 980px, (min-width: 981px) and (max-width: 1280px) 1280px, (min-width: 1281px) 2011px, 100vw\" srcset=\"https:\/\/www.hydraulic-cylinders.net\/wp-content\/uploads\/2025\/01\/hydraulic-cylinder-factory-2-scaled.webp 2011w, https:\/\/www.hydraulic-cylinders.net\/wp-content\/uploads\/2025\/01\/hydraulic-cylinder-factory-2-1280x1629.webp 1280w, https:\/\/www.hydraulic-cylinders.net\/wp-content\/uploads\/2025\/01\/hydraulic-cylinder-factory-2-980x1248.webp 980w, https:\/\/www.hydraulic-cylinders.net\/wp-content\/uploads\/2025\/01\/hydraulic-cylinder-factory-2-480x611.webp 480w\" alt=\"\" width=\"2011\" height=\"2560\" \/><\/h2>\n<p>Disponujeme plne automatickou linkou na nan\u00e1\u0161anie farieb na vodnej b\u00e1ze pre mal\u00e9 a stredn\u00e9 valce, ktor\u00e1 realizuje automatick\u00e9 nakladanie a vykladanie a automatick\u00e9 striekacie roboty s projektovanou v\u00fdrobnou kapacitou 4000 miest za smenu. M\u00e1me \u010fal\u0161iu poloautomatick\u00fa lakovaciu linku pre ve\u013ek\u00e9 valce poh\u00e1\u0148an\u00fa re\u0165azou s projektovanou kapacitou 60 prepraviek za smenu.<\/p>\n<p>S cie\u013eom \u010falej zlep\u0161i\u0165 v\u00fdkonnos\u0165 na\u0161ich produktov a upevni\u0165 si ved\u00facu poz\u00edciu na\u0161ich hydraulick\u00fdch valcov v tomto odvetv\u00ed sme spolo\u010dne so spolo\u010dnos\u0165ou zjimee zalo\u017eili komplexn\u00e9 laborat\u00f3rium pre hydraulick\u00e9 valce, hydraulick\u00e9 ventily a hydraulick\u00e9 \u010derpadl\u00e1. Laborat\u00f3rium vyu\u017e\u00edva po\u010d\u00edta\u010dom podporovan\u00e9 testovanie s vyu\u017eit\u00edm elektrohydraulickej technol\u00f3gie, pri\u010dom testovacie podmienky s\u00fa prednastaven\u00e9 po\u010d\u00edta\u010dom, \u010do zlep\u0161uje presnos\u0165 testu a v\u0161estrannos\u0165 syst\u00e9mu, ako aj experiment\u00e1lne \u00fadaje.<\/p>\n<p>Automatick\u00fd zber sa realizuje pomocou senzorov a v\u00fdstupn\u00e9 \u00fadaje, ako napr\u00edklad vn\u00fatorn\u00fd \u00fanik a \u00fa\u010dinnos\u0165 za\u0165a\u017eenia valca alebo ventilu, s\u00fa priamo spracov\u00e1van\u00e9 po\u010d\u00edta\u010dom a prev\u00e1dzan\u00e9 na \u0161tandardn\u00e9 jednotky (ml\/min%). Z\u00e1rove\u0148 sa na zaistenie prev\u00e1dzkovej bezpe\u010dnosti hydraulick\u00e9ho syst\u00e9mu vykon\u00e1va funkcia monitorovania stavu k\u013e\u00fa\u010dov\u00fdch v\u00fdkonnostn\u00fdch parametrov, ako je \u201emonitorovanie teploty oleja, monitorovanie hladiny kvapaliny, monitorovanie filtra\u010dn\u00e9ho zariadenia\u201c at\u010f. Okrem in\u00e9ho, \u200b\u200bsk\u00fa\u0161obn\u00fd stojan hydraulick\u00fdch valcov dok\u00e1\u017ee testova\u0165 v\u00fdkon \u201eza\u0165a\u017eenia\u201c.<br \/>\n\u00fa\u010dinnos\u0165 \u201ea\u201c vn\u00fatorn\u00e1 netesnos\u0165\u201c nameran\u00fdmi hodnotami. Z\u00e1rove\u0148 je vybaven\u00fd merac\u00edm pr\u00edstrojom s mrie\u017ekov\u00fdm prav\u00edtkom, ktor\u00fd sp\u013a\u0148a po\u017eiadavky v\u0161etk\u00fdch testovan\u00fdch polo\u017eiek hydraulick\u00fdch valcov pod\u013ea n\u00e1rodnej normy.<\/p>","protected":false},"excerpt":{"rendered":"<p>Lift Hydraulic Cylinders For Forward Moving Forklift Lift hydraulic cylinders are essential components of forward moving forklifts, providing the necessary lifting power to handle heavy loads efficiently. These cylinders convert hydraulic pressure into mechanical force, enabling forklifts to raise and lower loads with precision. Their robust design and reliable performance make them indispensable in various [&hellip;]<\/p>","protected":false},"featured_media":17610,"comment_status":"open","ping_status":"closed","template":"","meta":{"_et_pb_use_builder":"","_et_pb_old_content":"","_et_gb_content_width":""},"product_brand":[],"product_cat":[1484,1549],"product_tag":[],"class_list":{"0":"post-17606","1":"product","2":"type-product","3":"status-publish","4":"has-post-thumbnail","6":"product_cat-forklift-hydraulic-cylinders","7":"product_cat-single-acting-hydraulic-cylinder","9":"first","10":"instock","11":"shipping-taxable","12":"product-type-simple"},"amp_enabled":true,"_links":{"self":[{"href":"https:\/\/www.hydraulic-cylinders.net\/sk\/wp-json\/wp\/v2\/product\/17606","targetHints":{"allow":["GET"]}}],"collection":[{"href":"https:\/\/www.hydraulic-cylinders.net\/sk\/wp-json\/wp\/v2\/product"}],"about":[{"href":"https:\/\/www.hydraulic-cylinders.net\/sk\/wp-json\/wp\/v2\/types\/product"}],"replies":[{"embeddable":true,"href":"https:\/\/www.hydraulic-cylinders.net\/sk\/wp-json\/wp\/v2\/comments?post=17606"}],"wp:featuredmedia":[{"embeddable":true,"href":"https:\/\/www.hydraulic-cylinders.net\/sk\/wp-json\/wp\/v2\/media\/17610"}],"wp:attachment":[{"href":"https:\/\/www.hydraulic-cylinders.net\/sk\/wp-json\/wp\/v2\/media?parent=17606"}],"wp:term":[{"taxonomy":"product_brand","embeddable":true,"href":"https:\/\/www.hydraulic-cylinders.net\/sk\/wp-json\/wp\/v2\/product_brand?post=17606"},{"taxonomy":"product_cat","embeddable":true,"href":"https:\/\/www.hydraulic-cylinders.net\/sk\/wp-json\/wp\/v2\/product_cat?post=17606"},{"taxonomy":"product_tag","embeddable":true,"href":"https:\/\/www.hydraulic-cylinders.net\/sk\/wp-json\/wp\/v2\/product_tag?post=17606"}],"curies":[{"name":"pracovn\u00fd list","href":"https:\/\/api.w.org\/{rel}","templated":true}]}}