{"id":1761,"date":"2023-10-13T05:50:50","date_gmt":"2023-10-13T05:50:50","guid":{"rendered":"https:\/\/hydraulic-cylinders.net\/?post_type=product&#038;p=1761"},"modified":"2025-04-15T05:55:24","modified_gmt":"2025-04-15T05:55:24","slug":"cutter-suction-dredger-inverted-pile-cylinder","status":"publish","type":"product","link":"https:\/\/www.hydraulic-cylinders.net\/sk\/produkt\/cutter-suction-dredger-inverted-pile-cylinder\/","title":{"rendered":"Inverzn\u00fd pilotov\u00fd valec sacieho bagra s fr\u00e9zou"},"content":{"rendered":"<h1 style=\"text-align: center;\"><strong>Inverzn\u00fd pilotov\u00fd valec sacieho bagra s fr\u00e9zou<\/strong><\/h1>\n<p><img loading=\"lazy\" decoding=\"async\" class=\"aligncenter wp-image-1763\" src=\"https:\/\/hydraulic-cylinders.net\/wp-content\/uploads\/2023\/10\/cutter-suction-dredger-inverted-pile-cylinder-1-300x300.webp\" alt=\"\" width=\"400\" height=\"400\" \/><\/p>\n<p>Inverzn\u00fd valec pre sacie bagrovacie r\u00fdpadlo je prelomov\u00e9 hydraulick\u00e9 zariadenie, ktor\u00e9 transformuje projekty n\u00e1mornej v\u00fdstavby. V\u010faka svojmu inovat\u00edvnemu dizajnu a v\u00fdnimo\u010dn\u00e9mu v\u00fdkonu je tento valec k\u013e\u00fa\u010dov\u00fd pre modern\u00e9 bagrovacie oper\u00e1cie.<\/p>\n<p>Inverzn\u00fd valec na piloty pre sacie bagre sp\u00f4sobil revol\u00faciu v n\u00e1mornom stavite\u013estve t\u00fdm, \u017ee pon\u00faka v\u00fdnimo\u010dn\u00fd v\u00fdkon pri pilotov\u00fdch oper\u00e1ci\u00e1ch. Jeho obr\u00e1ten\u00e1 kon\u0161trukcia, vysok\u00e1 tlakov\u00e1 kapacita a odolnos\u0165 proti kor\u00f3zii z neho robia spo\u013eahliv\u00e9 a odoln\u00e9 hydraulick\u00e9 zariadenie. Dodr\u017eiavan\u00edm spr\u00e1vnych met\u00f3d pou\u017e\u00edvania a vykon\u00e1van\u00edm pravidelnej \u00fadr\u017eby m\u00f4\u017eu odborn\u00edci v oblasti n\u00e1mornej v\u00fdstavby maximalizova\u0165 efektivitu a presnos\u0165 svojich projektov. Vyu\u017eite silu inverzn\u00e9ho valca na piloty pre sacie bagre a za\u017eite rozdiel, ktor\u00fd m\u00f4\u017ee prinies\u0165 do va\u0161ich n\u00e1morn\u00fdch stavebn\u00fdch projektov.<\/p>\n<p>K\u013e\u00fa\u010dov\u00e9 vlastnosti valca s obr\u00e1ten\u00fdmi pilotmi sacieho bagru:<\/p>\n<ul>\n<li>Invertovan\u00fd dizajn: Invertovan\u00fd valec pre sacie bagre sa m\u00f4\u017ee pochv\u00e1li\u0165 jedine\u010dnou obr\u00e1tenou konfigur\u00e1ciou, pri\u010dom piestna ty\u010d vy\u010dnieva smerom nadol z valca. Tento dizajn umo\u017e\u0148uje efekt\u00edvne a presn\u00e9 pilotov\u00e9 oper\u00e1cie v morskom prostred\u00ed.<\/li>\n<li>Vysokotlakov\u00e1 kapacita: Tento valec je navrhnut\u00fd tak, aby odolal podmienkam vysok\u00e9ho tlaku, \u010d\u00edm zais\u0165uje spo\u013eahliv\u00fd a robustn\u00fd v\u00fdkon aj v n\u00e1ro\u010dn\u00fdch projektoch n\u00e1mornej v\u00fdstavby. Poskytuje v\u00fdkon a silu potrebn\u00fa na zat\u013akanie pil\u00f3t do morsk\u00e9ho dna s v\u00fdnimo\u010dnou presnos\u0165ou.<\/li>\n<li>Odolnos\u0165 proti kor\u00f3zii: Valec s obr\u00e1ten\u00fdmi pilotmi je vyroben\u00fd z vysoko kvalitn\u00fdch materi\u00e1lov a vykazuje vynikaj\u00facu odolnos\u0165 vo\u010di kor\u00f3zii, hrdzi a oderu. T\u00e1to vlastnos\u0165 zvy\u0161uje jeho odolnos\u0165, v\u010faka \u010domu je vhodn\u00fd na dlhodob\u00e9 pou\u017e\u00edvanie v n\u00e1ro\u010dn\u00fdch n\u00e1morn\u00fdch podmienkach.<\/li>\n<\/ul>\n<h2><strong>Parameter inverzn\u00e9ho pilotov\u00e9ho valca sacieho bagra fr\u00e9zy:<\/strong><\/h2>\n<table border=\"1\" cellspacing=\"0\" cellpadding=\"0\">\n<tbody>\n<tr>\n<td>N\u00e1zov produktu<\/td>\n<td>Inverzn\u00fd pilotov\u00fd valec sacieho bagra s fr\u00e9zou<\/td>\n<\/tr>\n<tr>\n<td>Vlastnosti:<\/td>\n<td>Zabezpe\u010dte tla\u010dn\u00fa a \u0165ahov\u00fa silu pre zas\u00favanie a rozkladanie oce\u013eovej pil\u00f3ty<\/td>\n<\/tr>\n<tr>\n<td>Priemer otvoru:<\/td>\n<td>Do 620 mm<\/td>\n<\/tr>\n<tr>\n<td>Priemer ty\u010de:<\/td>\n<td>Do 360 mm<br \/>\nZdvih do 5200 mm<\/td>\n<\/tr>\n<tr>\n<td>Tlak:<\/td>\n<td>a\u017e 32 MPa<\/td>\n<\/tr>\n<tr>\n<td>\u0164ahov\u00e1 sila:<\/td>\n<td>Maxim\u00e1lne 7500 kN<\/td>\n<\/tr>\n<tr>\n<td>\u0164ahov\u00e1 sila:<\/td>\n<td>Maxim\u00e1lne 5000 kN<\/td>\n<\/tr>\n<tr>\n<td>Aplik\u00e1cie:<\/td>\n<td>Sac\u00ed bagr Cutter<\/td>\n<\/tr>\n<\/tbody>\n<\/table>\n<div><\/div>\n<div>\n<div class=\"txtboxL\">Vlastnosti:<\/div>\n<div class=\"txtboxR\">Zabezpe\u010dte tla\u010dn\u00fa a \u0165ahov\u00fa silu pre zas\u00favanie a rozkladanie oce\u013eovej pil\u00f3ty<\/div>\n<div class=\"txtboxL\">\u0160pecifik\u00e1cia:<\/div>\n<div class=\"txtboxR\">Priemer otvoru: do 620 mm<br \/>\nPriemer ty\u010de: do 360 mm<br \/>\nZdvih a\u017e 5200 mm<\/div>\n<div class=\"txtboxL\">Tlak\uff1a<\/div>\n<div class=\"txtboxR\">do 32 MPa<\/div>\n<div class=\"txtboxL\">\u0164ahov\u00e1 sila:<\/div>\n<div class=\"txtboxR\">Maxim\u00e1lne 7500 kN<\/div>\n<div class=\"txtboxL\">\u0164ahov\u00e1 sila:<\/div>\n<div class=\"txtboxR\">Maxim\u00e1lne 5000 kN<\/div>\n<\/div>\n<h2><strong>Pou\u017eitie sac\u00edch valcov pre fr\u00e9zy a sacie valce n\u00e1dr\u017e\u00ed na bagre:<\/strong><\/h2>\n<p><img loading=\"lazy\" decoding=\"async\" class=\"alignnone wp-image-1757 size-full\" src=\"https:\/\/hydraulic-cylinders.net\/wp-content\/uploads\/2023\/10\/dredger-tank-cylinder-1.webp\" alt=\"\" width=\"600\" height=\"400\" srcset=\"https:\/\/hydraulic-cylinders.net\/wp-content\/uploads\/2023\/10\/dredger-tank-cylinder-1.webp 600w, https:\/\/hydraulic-cylinders.net\/wp-content\/uploads\/2023\/10\/dredger-tank-cylinder-1-480x320.webp 480w\" sizes=\"(min-width: 0px) and (max-width: 480px) 480px, (min-width: 481px) 600px, 100vw\" \/><\/p>\n<h2><strong>Met\u00f3da pou\u017eitia fr\u00e9zy sacieho bagru s obr\u00e1ten\u00fdm pilotov\u00fdm valcom<\/strong><strong>:<\/strong><\/h2>\n<ul>\n<li><strong>Pr\u00edprava:<\/strong> Pred pou\u017eit\u00edm obr\u00e1ten\u00e9ho valca sacieho bagru sa uistite, \u017ee s\u00fa dodr\u017ean\u00e9 v\u0161etky bezpe\u010dnostn\u00e9 opatrenia. Vykonajte vizu\u00e1lnu kontrolu, aby ste overili, \u010di s\u00fa valec a jeho komponenty v dobrom stave, bez zn\u00e1mok po\u0161kodenia alebo netesnost\u00ed.<\/li>\n<li><strong>Umiestnenie:<\/strong> Umiestnite valec na po\u017eadovan\u00e9 miesto pre pilotovanie. Uistite sa, \u017ee je bezpe\u010dne pripevnen\u00fd k bagru alebo in\u00e9mu zariadeniu, aby zabezpe\u010dil stabilitu a oporu po\u010das prev\u00e1dzky.<\/li>\n<li><strong>Pripojenie:<\/strong> Pripojte hydraulick\u00e9 hadice alebo armat\u00fary k pr\u00edslu\u0161n\u00fdm otvorom na valci a zdroji hydraulickej energie. Uistite sa, \u017ee spoje s\u00fa bezpe\u010dn\u00e9, bez \u00fanikov a spr\u00e1vne zarovnan\u00e9.<\/li>\n<li><strong>Nastavenie d\u013a\u017eky zdvihu:<\/strong> Nastavte d\u013a\u017eku zdvihu valca pod\u013ea po\u017eadovanej h\u013abky pilotovania. Toto sa zvy\u010dajne d\u00e1 vykona\u0165 pomocou dodan\u00fdch ovl\u00e1dac\u00edch prvkov alebo mechanizmov. Pre zabezpe\u010denie presn\u00e9ho nastavenia dodr\u017eiavajte pokyny v\u00fdrobcu.<\/li>\n<li><strong>Pil\u00f3tov\u00e1 oper\u00e1cia:<\/strong> Aktivujte hydraulick\u00fd zdroj energie na spustenie oper\u00e1cie zat\u013akania pil\u00f3t. Obr\u00e1ten\u00fd valec sacieho bagru s pil\u00f3tami vyvinie kontrolovan\u00fa silu na zatla\u010denie pil\u00f3t do morsk\u00e9ho dna. Proces pozorne sledujte a uistite sa, \u017ee sa dosiahne po\u017eadovan\u00e1 h\u013abka a presnos\u0165.<\/li>\n<\/ul>\n<h2><strong>Ako vymeni\u0165 tesnenia na hydraulickom valci?<\/strong><\/h2>\n<p>V\u00fdmena tesnen\u00ed na hydraulickom valci je be\u017en\u00e1 \u00faloha \u00fadr\u017eby, ktor\u00e1 pom\u00e1ha obnovi\u0165 jeho v\u00fdkon a predch\u00e1dza\u0165 \u00fanikom. Tu je podrobn\u00fd n\u00e1vod, ako vymeni\u0165 tesnenia na hydraulickom valci:<\/p>\n<ol>\n<li><strong>Bezpe\u010dnostn\u00e9 opatrenia:<\/strong>\n<ul>\n<li>Uistite sa, \u017ee hydraulick\u00fd syst\u00e9m je bez tlaku a valec je \u00faplne vysunut\u00fd.<\/li>\n<li>Dodr\u017eiavajte spr\u00e1vne postupy uzamknutia\/ozna\u010denia, aby ste predi\u0161li n\u00e1hodnej aktiv\u00e1cii syst\u00e9mu.<\/li>\n<\/ul>\n<\/li>\n<li><strong>Demont\u00e1\u017e valca:<\/strong>\n<ul>\n<li>Odpojte v\u0161etky hydraulick\u00e9 hadice alebo armat\u00fary pripojen\u00e9 k valcu.<\/li>\n<li>Odstr\u00e1\u0148te v\u0161etky poistn\u00e9 kol\u00edky alebo skrutky, ktor\u00e9 upev\u0148uj\u00fa valec k zariadeniu.<\/li>\n<li>Opatrne vysu\u0148te alebo vyberte valec z jeho mont\u00e1\u017enych konzol alebo spojov.<\/li>\n<\/ul>\n<\/li>\n<li><strong>Identifik\u00e1cia plomby:<\/strong>\n<ul>\n<li>Identifikujte typy a ve\u013ekosti tesnen\u00ed, ktor\u00e9 je potrebn\u00e9 vymeni\u0165. Tieto inform\u00e1cie mo\u017eno n\u00e1js\u0165 v dokument\u00e1cii k valcu alebo zmeran\u00edm star\u00fdch tesnen\u00ed.<\/li>\n<\/ul>\n<\/li>\n<li><strong>Demont\u00e1\u017e:<\/strong>\n<ul>\n<li>Polo\u017ete valec na \u010dist\u00fd pracovn\u00fd povrch.<\/li>\n<li>Odstr\u00e1\u0148te koncov\u00fd(-\u00e9) uz\u00e1ver(-y) valca pomocou vhodn\u00e9ho(-\u00fdch) n\u00e1radia, ako s\u00fa k\u013e\u00fa\u010de alebo sady obj\u00edmok.<\/li>\n<li>Opatrne vyberte piest, ty\u010d a star\u00e9 tesnenia z valca.<\/li>\n<li>Pri demont\u00e1\u017ei si v\u0161\u00edmajte poradie a orient\u00e1ciu komponentov.<\/li>\n<\/ul>\n<\/li>\n<li><strong>Odstr\u00e1nenie tesnenia:<\/strong>\n<ul>\n<li>Opatrne odstr\u00e1\u0148te star\u00e9 tesnenia z ich pr\u00edslu\u0161n\u00fdch dr\u00e1\u017eok pomocou n\u00e1strojov na odstr\u00e1nenie tesnen\u00ed alebo klie\u0161t\u00ed.<\/li>\n<li>Po\u010das tohto procesu d\u00e1vajte pozor, aby ste nepo\u0161kodili otvor valca alebo in\u00e9 povrchy.<\/li>\n<\/ul>\n<\/li>\n<li><strong>\u010cistenie a kontrola:<\/strong>\n<ul>\n<li>Vy\u010distite valec valca, piest, ty\u010d a \u010fal\u0161ie komponenty pomocou vhodn\u00e9ho \u010distiaceho rozp\u00fa\u0161\u0165adla, aby ste odstr\u00e1nili ne\u010distoty, \u00falomky a zvy\u0161ky hydraulickej kvapaliny.<\/li>\n<li>Skontrolujte v\u0161etky diely, \u010di nevykazuj\u00fa zn\u00e1mky po\u0161kodenia alebo opotrebenia, ako s\u00fa ryhy, jamky alebo praskliny.<\/li>\n<li>V pr\u00edpade potreby vyme\u0148te v\u0161etky po\u0161koden\u00e9 alebo opotrebovan\u00e9 komponenty.<\/li>\n<\/ul>\n<\/li>\n<li><strong>In\u0161tal\u00e1cia nov\u00e9ho tesnenia:<\/strong>\n<ul>\n<li>Pred in\u0161tal\u00e1ciou nama\u017ete nov\u00e9 tesnenia hydraulick\u00fdm olejom.<\/li>\n<li>Opatrne vlo\u017ete nov\u00e9 tesnenia do pr\u00edslu\u0161n\u00fdch dr\u00e1\u017eok a uistite sa, \u017ee s\u00fa spr\u00e1vne usaden\u00e9.<\/li>\n<li>Na rovnomern\u00e9 pritla\u010denie tesnen\u00ed na miesto pou\u017eite n\u00e1stroje na mont\u00e1\u017e tesnen\u00ed alebo vhodn\u00e9 improvizovan\u00e9 met\u00f3dy.<\/li>\n<li>Po\u010das in\u0161tal\u00e1cie d\u00e1vajte pozor, aby ste nepo\u0161kodili tesnenia.<\/li>\n<\/ul>\n<\/li>\n<li><strong>Op\u00e4tovn\u00e1 mont\u00e1\u017e:<\/strong>\n<ul>\n<li>Nain\u0161talujte piest, ty\u010d a tesnenia sp\u00e4\u0165 do valca, pri\u010dom dodr\u017ete spr\u00e1vne poradie a orient\u00e1ciu.<\/li>\n<li>Naneste tenk\u00fa vrstvu hydraulick\u00e9ho oleja na tesnenia a in\u00e9 kontaktn\u00e9 plochy.<\/li>\n<li>Opatrne nasa\u010fte koncov\u00fd(-\u00e9) uz\u00e1ver(-y) a bezpe\u010dne ich dotiahnite pod\u013ea \u0161pecifik\u00e1ci\u00ed v\u00fdrobcu.<\/li>\n<li>Uistite sa, \u017ee v\u0161etky z\u00e1vitov\u00e9 spoje s\u00fa spr\u00e1vne zarovnan\u00e9 a utiahnut\u00e9.<\/li>\n<\/ul>\n<\/li>\n<li><strong>Op\u00e4tovn\u00e1 in\u0161tal\u00e1cia valca:<\/strong>\n<ul>\n<li>Zasu\u0148te alebo vlo\u017ete znovu zostaven\u00fd valec sp\u00e4\u0165 do jeho mont\u00e1\u017enych konzol alebo spojov.<\/li>\n<li>Znovu nasa\u010fte v\u0161etky poistn\u00e9 kol\u00edky alebo skrutky, aby ste valec zaistili na mieste.<\/li>\n<li>Znovu pripojte hydraulick\u00e9 hadice alebo armat\u00fary k valcu a zabezpe\u010dte spr\u00e1vne zarovnanie a tesnos\u0165.<\/li>\n<\/ul>\n<\/li>\n<li><strong>Testovanie a kontrola:<\/strong>\n<ul>\n<li>Znovu natlakujte hydraulick\u00fd syst\u00e9m a skontrolujte, \u010di nedoch\u00e1dza k \u00fanikom alebo abnorm\u00e1lnej prev\u00e1dzke.<\/li>\n<li>Valec \u00faplne vysu\u0148te a zasu\u0148te, aby ste zabezpe\u010dili plynul\u00fd pohyb a spr\u00e1vnu funkciu.<\/li>\n<li>Skontrolujte valec a jeho pripojenia, \u010di nevykazuj\u00fa zn\u00e1mky \u00faniku alebo in\u00fdch probl\u00e9mov.<\/li>\n<\/ul>\n<\/li>\n<\/ol>\n<h2><strong>Schopnos\u0165 a kapacita tov\u00e1rne:<\/strong><\/h2>\n<h3>(1) Mont\u00e1\u017e<\/h3>\n<p>Disponujeme prvotriednou nez\u00e1vislou v\u00fdskumnou a v\u00fdvojovou mont\u00e1\u017enou platformou. Diel\u0148a na v\u00fdrobu hydraulick\u00fdch valcov m\u00e1 \u0161tyri poloautomatick\u00e9 mont\u00e1\u017ene linky zdv\u00edhac\u00edch valcov a jednu automatick\u00fa mont\u00e1\u017enu linku nakl\u00e1pac\u00edch valcov s projektovanou ro\u010dnou v\u00fdrobnou kapacitou 1 mili\u00f3n kusov. Diel\u0148a na v\u00fdrobu \u0161peci\u00e1lnych valcov je vybaven\u00e1 r\u00f4znymi \u0161pecifik\u00e1ciami poloautomatick\u00e9ho syst\u00e9mu \u010distenia a mont\u00e1\u017ee s projektovanou ro\u010dnou v\u00fdrobnou kapacitou 200 000 kusov a je vybaven\u00e1 zn\u00e1mym CNC obr\u00e1bac\u00edm zariaden\u00edm, obr\u00e1bac\u00edm centrom, \u0161peci\u00e1lnym zariaden\u00edm na vysoko presn\u00e9 spracovanie valcov, robotick\u00fdm zv\u00e1rac\u00edm strojom, automatick\u00fdm \u010distiacim strojom, automatick\u00fdm mont\u00e1\u017enym strojom valcov a automatickou lakovacou v\u00fdrobnou linkou. Existuj\u00face kritick\u00e9 zariadenia maj\u00fa viac ako 300 s\u00faprav (s\u00e1d). Optim\u00e1lne alokovanie a efekt\u00edvne vyu\u017e\u00edvanie zdrojov zariaden\u00ed zabezpe\u010duje po\u017eiadavky na presnos\u0165 v\u00fdrobkov a sp\u013a\u0148a po\u017eiadavky na vysok\u00fa kvalitu v\u00fdrobkov.<\/p>\n<p><img loading=\"lazy\" decoding=\"async\" class=\"alignnone wp-image-626\" src=\"https:\/\/hydraulic-cylinders.net\/wp-content\/uploads\/2023\/08\/hydraulic-cylinder-product-1-300x158.webp\" alt=\"\" width=\"495\" height=\"260\" srcset=\"https:\/\/hydraulic-cylinders.net\/wp-content\/uploads\/2023\/08\/hydraulic-cylinder-product-1-300x158.webp 495w, https:\/\/hydraulic-cylinders.net\/wp-content\/uploads\/2023\/08\/hydraulic-cylinder-product-1-480x252.webp 480w\" sizes=\"(min-width: 0px) and (max-width: 480px) 480px, (min-width: 481px) 495px, 100vw\" \/> <img loading=\"lazy\" decoding=\"async\" class=\"alignnone wp-image-627\" src=\"https:\/\/hydraulic-cylinders.net\/wp-content\/uploads\/2023\/08\/hydraulic-cylinder-product-2-300x189.webp\" alt=\"\" width=\"413\" height=\"260\" \/><\/p>\n<h3>(2) Obr\u00e1banie<\/h3>\n<p>Obr\u00e1bacia diel\u0148a je vybaven\u00e1 prisp\u00f4soben\u00fdm s\u00fastru\u017en\u00edckym centrom na \u0161ikm\u00e9 ko\u013eajnice, obr\u00e1bac\u00edm centrom, vysokor\u00fdchlostn\u00fdm honovac\u00edm strojom, zv\u00e1rac\u00edm robotom a \u010fal\u0161\u00edm s\u00favisiacim zariaden\u00edm, ktor\u00e9 dok\u00e1\u017ee spracova\u0165 valcov\u00e9 r\u00fary s maxim\u00e1lnym vn\u00fatorn\u00fdm priemerom 400 mm a maxim\u00e1lnou d\u013a\u017ekou 6 metrov.<\/p>\n<p><img loading=\"lazy\" decoding=\"async\" class=\"alignnone wp-image-628 size-large\" src=\"https:\/\/hydraulic-cylinders.net\/wp-content\/uploads\/2023\/08\/hydraulic-cylinder-product-3-1024x391.webp\" alt=\"\" width=\"1024\" height=\"391\" srcset=\"https:\/\/hydraulic-cylinders.net\/wp-content\/uploads\/2023\/08\/hydraulic-cylinder-product-3-980x374.webp 980w, https:\/\/hydraulic-cylinders.net\/wp-content\/uploads\/2023\/08\/hydraulic-cylinder-product-3-480x183.webp 480w\" sizes=\"(min-width: 0px) and (max-width: 480px) 480px, (min-width: 481px) and (max-width: 980px) 980px, (min-width: 981px) 1024px, 100vw\" \/><\/p>\n<h3>(3) Zv\u00e1ranie<\/h3>\n<p><img loading=\"lazy\" decoding=\"async\" class=\"alignnone wp-image-629 size-large\" src=\"https:\/\/hydraulic-cylinders.net\/wp-content\/uploads\/2023\/08\/hydraulic-cylinder-product-4-1024x510.webp\" alt=\"\" width=\"1024\" height=\"510\" srcset=\"https:\/\/hydraulic-cylinders.net\/wp-content\/uploads\/2023\/08\/hydraulic-cylinder-product-4-980x488.webp 980w, https:\/\/hydraulic-cylinders.net\/wp-content\/uploads\/2023\/08\/hydraulic-cylinder-product-4-480x239.webp 480w\" sizes=\"(min-width: 0px) and (max-width: 480px) 480px, (min-width: 481px) and (max-width: 980px) 980px, (min-width: 981px) 1024px, 100vw\" \/><\/p>\n<h3>(4) Ma\u013eovanie a natieranie<\/h3>\n<p>S mal\u00fdmi a stredne ve\u013ek\u00fdmi valcov\u00fdmi automatick\u00fdmi linkami na nan\u00e1\u0161anie farieb na vodnej b\u00e1ze, na dosiahnutie automatick\u00e9ho nakladania a vykladania robotmi a automatick\u00e9ho striekania, je projektovan\u00e1 kapacita 4000 kusov za smenu;<br \/>\nM\u00e1me tie\u017e poloautomatick\u00fa linku na v\u00fdrobu farieb pre ve\u013ek\u00e9 valce poh\u00e1\u0148an\u00e9 re\u0165azou s projektovanou kapacitou 60 kusov za smenu.<\/p>\n<p><img loading=\"lazy\" decoding=\"async\" class=\"alignnone wp-image-630\" src=\"https:\/\/hydraulic-cylinders.net\/wp-content\/uploads\/2023\/08\/hydraulic-cylinder-product-5-300x213.webp\" alt=\"\" width=\"366\" height=\"260\" \/> <img loading=\"lazy\" decoding=\"async\" class=\"alignnone wp-image-631\" src=\"https:\/\/hydraulic-cylinders.net\/wp-content\/uploads\/2023\/08\/hydraulic-cylinder-product-6-300x225.webp\" alt=\"\" width=\"347\" height=\"260\" \/><\/p>\n<h3>(5) Testovanie<\/h3>\n<p>Disponujeme prvotriednymi kontroln\u00fdmi zariadeniami a sk\u00fa\u0161obn\u00fdmi zariadeniami, ktor\u00e9 zabezpe\u010duj\u00fa, \u017ee v\u00fdkonnos\u0165 valca sp\u013a\u0148a po\u017eiadavky.<\/p>\n<p><img loading=\"lazy\" decoding=\"async\" class=\"alignnone wp-image-632\" src=\"https:\/\/hydraulic-cylinders.net\/wp-content\/uploads\/2023\/08\/hydraulic-cylinder-product-8-300x200.webp\" alt=\"\" width=\"389\" height=\"260\" \/><\/p>\n<p>&nbsp;<\/p>\n<p>&nbsp;<\/p>\n<p>Sme jedn\u00fdm z najlep\u0161\u00edch v\u00fdrobcov hydraulick\u00fdch valcov. Pon\u00fakame komplexn\u00e9 hydraulick\u00e9 valce. Poskytujeme aj zodpovedaj\u00face <a href=\"https:\/\/hzpt.com\/agricultural-pto-gearbox\/\" target=\"_blank\" rel=\"noopener\">po\u013enohospod\u00e1rske prevodovky<\/a>Na\u0161e produkty sme vyv\u00e1\u017eali klientom po celom svete a v\u010faka vynikaj\u00facej kvalite produktov a popredajn\u00e9mu servisu sme si z\u00edskali dobr\u00fa reput\u00e1ciu. V\u00edtame z\u00e1kazn\u00edkov doma aj v zahrani\u010d\u00ed, ktor\u00ed n\u00e1s kontaktuj\u00fa za \u00fa\u010delom rokovania o obchodn\u00fdch z\u00e1le\u017eitostiach, v\u00fdmeny inform\u00e1ci\u00ed a <a href=\"https:\/\/www.hydraulic-cylinders.net\/sk\/contact-us\/\">spolupracova\u0165 s nami<\/a>!<\/p>","protected":false},"excerpt":{"rendered":"<p>Cutter Suction Dredger Inverted Pile Cylinder The cutter suction dredger inverted pile cylinder is a groundbreaking hydraulic device transforming marine construction projects. With its innovative design and exceptional performance, this cylinder is crucial to modern dredging operations. The cutter suction dredger inverted pile cylinder has revolutionized marine construction by offering exceptional performance in piling operations. [&hellip;]<\/p>","protected":false},"featured_media":1764,"comment_status":"open","ping_status":"closed","template":"","meta":{"_et_pb_use_builder":"","_et_pb_old_content":"","_et_gb_content_width":""},"product_brand":[],"product_cat":[1535,1549,1552,1376],"product_tag":[1380],"class_list":{"0":"post-1761","1":"product","2":"type-product","3":"status-publish","4":"has-post-thumbnail","6":"product_cat-dredger-hydraulic-cylinders","7":"product_cat-single-acting-hydraulic-cylinder","8":"product_cat-stainless-steel-hydraulic-cylinder","9":"product_cat-hydraulic-cylinder","10":"product_tag-hydraulic-cylinder","12":"first","13":"instock","14":"shipping-taxable","15":"product-type-simple"},"amp_enabled":true,"_links":{"self":[{"href":"https:\/\/www.hydraulic-cylinders.net\/sk\/wp-json\/wp\/v2\/product\/1761","targetHints":{"allow":["GET"]}}],"collection":[{"href":"https:\/\/www.hydraulic-cylinders.net\/sk\/wp-json\/wp\/v2\/product"}],"about":[{"href":"https:\/\/www.hydraulic-cylinders.net\/sk\/wp-json\/wp\/v2\/types\/product"}],"replies":[{"embeddable":true,"href":"https:\/\/www.hydraulic-cylinders.net\/sk\/wp-json\/wp\/v2\/comments?post=1761"}],"wp:featuredmedia":[{"embeddable":true,"href":"https:\/\/www.hydraulic-cylinders.net\/sk\/wp-json\/wp\/v2\/media\/1764"}],"wp:attachment":[{"href":"https:\/\/www.hydraulic-cylinders.net\/sk\/wp-json\/wp\/v2\/media?parent=1761"}],"wp:term":[{"taxonomy":"product_brand","embeddable":true,"href":"https:\/\/www.hydraulic-cylinders.net\/sk\/wp-json\/wp\/v2\/product_brand?post=1761"},{"taxonomy":"product_cat","embeddable":true,"href":"https:\/\/www.hydraulic-cylinders.net\/sk\/wp-json\/wp\/v2\/product_cat?post=1761"},{"taxonomy":"product_tag","embeddable":true,"href":"https:\/\/www.hydraulic-cylinders.net\/sk\/wp-json\/wp\/v2\/product_tag?post=1761"}],"curies":[{"name":"pracovn\u00fd list","href":"https:\/\/api.w.org\/{rel}","templated":true}]}}