{"id":1762,"date":"2023-10-13T06:07:06","date_gmt":"2023-10-13T06:07:06","guid":{"rendered":"https:\/\/hydraulic-cylinders.net\/?post_type=product&#038;p=1762"},"modified":"2025-04-15T05:55:04","modified_gmt":"2025-04-15T05:55:04","slug":"trailing-suction-dredger-heave-compensation-cylinder","status":"publish","type":"product","link":"https:\/\/www.hydraulic-cylinders.net\/sk\/produkt\/trailing-suction-dredger-heave-compensation-cylinder\/","title":{"rendered":"Kompenza\u010dn\u00fd valec zdv\u00edhania vle\u010dn\u00e9ho sacieho bagra"},"content":{"rendered":"<h1 style=\"text-align: center;\"><strong> Kompenza\u010dn\u00fd valec zdv\u00edhania vle\u010dn\u00e9ho sacieho bagra<\/strong><\/h1>\n<p><img loading=\"lazy\" decoding=\"async\" class=\"aligncenter wp-image-1766\" src=\"https:\/\/hydraulic-cylinders.net\/wp-content\/uploads\/2023\/10\/trailing-suction-dredger-heave-compensation-cylinder-1-300x300.webp\" alt=\"\" width=\"400\" height=\"400\" \/><\/p>\n<p>Kompenza\u010dn\u00fd valec zdv\u00edhania \u0165ahan\u00e9ho sacieho bagra je \u0161pi\u010dkov\u00e9 hydraulick\u00e9 zariadenie, ktor\u00e9 sp\u00f4sobilo revol\u00faciu v \u00fa\u010dinnosti a \u00fa\u010dinnosti bagrovac\u00edch oper\u00e1ci\u00ed. Tento valec, navrhnut\u00fd tak, aby poskytoval presn\u00fa kompenz\u00e1ciu zdv\u00edhania, zais\u0165uje optim\u00e1lny bagrovac\u00ed v\u00fdkon aj v n\u00e1ro\u010dnom morskom prostred\u00ed.<\/p>\n<p>Kompenza\u010dn\u00fd valec \u0165ahu \u0165aha\u010da \u0165aha\u010da je prelomov\u00fd v oblasti n\u00e1morn\u00e9ho bagrovania. Jeho schopnos\u0165 vysokej kompenz\u00e1cie, robustn\u00e1 kon\u0161trukcia a vysoko presn\u00e9 ovl\u00e1danie prispievaj\u00fa k zv\u00fd\u0161enej \u00fa\u010dinnosti a presnosti pri bagrovac\u00edch oper\u00e1ci\u00e1ch. Dodr\u017eiavan\u00edm spr\u00e1vnych met\u00f3d pou\u017e\u00edvania a prijat\u00edm proakt\u00edvneho pr\u00edstupu k \u00fadr\u017ebe m\u00f4\u017eu n\u00e1morn\u00ed profesion\u00e1li maximalizova\u0165 v\u00fdkon a \u017eivotnos\u0165 tohto v\u00fdnimo\u010dn\u00e9ho hydraulick\u00e9ho zariadenia. Vyu\u017eite silu kompenza\u010dn\u00e9ho valca \u0165ahu \u0165aha\u010da \u0165aha\u010da a za\u017eite rozdiel, ktor\u00fd m\u00f4\u017ee prinies\u0165 do va\u0161ich bagrovac\u00edch aktiv\u00edt.<\/p>\n<p>K\u013e\u00fa\u010dov\u00e9 charakteristiky kompenza\u010dn\u00e9ho valca zdv\u00edhania vle\u010dn\u00e9ho sacieho bagra:<\/p>\n<ul>\n<li>Kompenz\u00e1cia zdv\u00edhania: Kompenza\u010dn\u00fd valec zdv\u00edhania vle\u010dn\u00e9ho sacieho bagru je \u0161peci\u00e1lne navrhnut\u00fd tak, aby p\u00f4sobil proti \u00fa\u010dinkom zdv\u00edhania plavidla po\u010das bagrovac\u00edch oper\u00e1ci\u00ed. \u00da\u010dinne kompenzuje vertik\u00e1lne pohyby, \u010do umo\u017e\u0148uje konzistentn\u00e9 a presn\u00e9 polohovanie sacieho potrubia.<\/li>\n<li>Robustn\u00e1 kon\u0161trukcia: T\u00e1to f\u013ea\u0161a, vyroben\u00e1 s oh\u013eadom na odolnos\u0165, je vyroben\u00e1 z vysoko kvalitn\u00fdch materi\u00e1lov, ktor\u00e9 pon\u00fakaj\u00fa v\u00fdnimo\u010dn\u00fa pevnos\u0165 a odolnos\u0165 vo\u010di kor\u00f3zii. Dok\u00e1\u017ee odola\u0165 drsn\u00fdm n\u00e1morn\u00fdm podmienkam, \u010d\u00edm zais\u0165uje dlhotrvaj\u00faci v\u00fdkon a spo\u013eahlivos\u0165.<\/li>\n<li>Vysoko presn\u00e9 ovl\u00e1danie: Pokro\u010dil\u00fd hydraulick\u00fd syst\u00e9m valca umo\u017e\u0148uje presn\u00e9 ovl\u00e1danie procesu kompenz\u00e1cie vztlaku. Umo\u017e\u0148uje citliv\u00e9 nastavenie, \u010d\u00edm sa zabezpe\u010d\u00ed, \u017ee sacie potrubie udr\u017eiava po\u017eadovan\u00fa h\u013abku a polohu pre efekt\u00edvne bagrovanie.<\/li>\n<\/ul>\n<h2><strong>Parameter valca kompenz\u00e1cie zdvihu vle\u010dn\u00e9ho sacieho bagra:<\/strong><\/h2>\n<table border=\"1\" cellspacing=\"0\" cellpadding=\"0\">\n<tbody>\n<tr>\n<td>N\u00e1zov produktu<\/td>\n<td>Kompenza\u010dn\u00fd valec zdv\u00edhania vle\u010dn\u00e9ho sacieho bagra<\/td>\n<\/tr>\n<tr>\n<td>Vlastnosti:<\/td>\n<td>Kompenzujte relat\u00edvny posun brzdnej hlavy a trupu po\u010das prev\u00e1dzky<\/td>\n<\/tr>\n<tr>\n<td>Priemer otvoru:<\/td>\n<td>Do 400 mm<\/td>\n<\/tr>\n<tr>\n<td>Priemer ty\u010de:<\/td>\n<td>A\u017e 360 mm<br \/>\nZdvih do 4000 mm<\/td>\n<\/tr>\n<tr>\n<td>Tlak:<\/td>\n<td>a\u017e 32 MPa<\/td>\n<\/tr>\n<tr>\n<td>\u0164ahov\u00e1 sila:<\/td>\n<td>Maxim\u00e1lne 1600 kN<\/td>\n<\/tr>\n<tr>\n<td>Aplik\u00e1cie:<\/td>\n<td>\u0164ahov\u00fd sac\u00ed bagr<\/td>\n<\/tr>\n<\/tbody>\n<\/table>\n<div><\/div>\n<div>\n<div class=\"txtboxL\">Vlastnosti:<\/div>\n<div class=\"txtboxR\">Zabezpe\u010dte tla\u010dn\u00fa a \u0165ahov\u00fa silu pre zas\u00favanie a rozkladanie oce\u013eovej pil\u00f3ty<\/div>\n<div class=\"txtboxL\">\u0160pecifik\u00e1cia:<\/div>\n<div class=\"txtboxR\">Priemer otvoru: do 620 mm<br \/>\nPriemer ty\u010de: do 360 mm<br \/>\nZdvih a\u017e 5200 mm<\/div>\n<div class=\"txtboxL\">Tlak\uff1a<\/div>\n<div class=\"txtboxR\">do 32 MPa<\/div>\n<div class=\"txtboxL\">\u0164ahov\u00e1 sila:<\/div>\n<div class=\"txtboxR\">Maxim\u00e1lne 7500 kN<\/div>\n<div class=\"txtboxL\">\u0164ahov\u00e1 sila:<\/div>\n<div class=\"txtboxR\">Maxim\u00e1lne 5000 kN<\/div>\n<\/div>\n<h2><strong>Pou\u017eitie sac\u00edch valcov pre fr\u00e9zy a sacie valce n\u00e1dr\u017e\u00ed na bagre:<\/strong><\/h2>\n<p><img loading=\"lazy\" decoding=\"async\" class=\"alignnone wp-image-1757 size-full\" src=\"https:\/\/hydraulic-cylinders.net\/wp-content\/uploads\/2023\/10\/dredger-tank-cylinder-1.webp\" alt=\"\" width=\"600\" height=\"400\" srcset=\"https:\/\/hydraulic-cylinders.net\/wp-content\/uploads\/2023\/10\/dredger-tank-cylinder-1.webp 600w, https:\/\/hydraulic-cylinders.net\/wp-content\/uploads\/2023\/10\/dredger-tank-cylinder-1-480x320.webp 480w\" sizes=\"(min-width: 0px) and (max-width: 480px) 480px, (min-width: 481px) 600px, 100vw\" \/><\/p>\n<h2><strong>Met\u00f3da pou\u017eitia kompenza\u010dn\u00e9ho valca \u0165ahania sacieho bagra<\/strong><strong>:<\/strong><\/h2>\n<ol>\n<li><strong>Pr\u00edprava: <\/strong>Pred pou\u017eit\u00edm kompenza\u010dn\u00e9ho valca zdv\u00edhania vle\u010dn\u00e9ho sacieho bagru vykonajte d\u00f4kladn\u00fa kontrolu, aby ste sa uistili, \u017ee v\u0161etky komponenty spr\u00e1vne funguj\u00fa. Skontrolujte, \u010di nie s\u00fa \u017eiadne zn\u00e1mky po\u0161kodenia, netesnost\u00ed alebo opotrebovan\u00fdch tesnen\u00ed.<\/li>\n<li><strong>In\u0161tal\u00e1cia:<\/strong> Valec bezpe\u010dne namontujte na bagr alebo s\u00favisiace zariadenie a zabezpe\u010dte jeho stabilitu po\u010das prev\u00e1dzky. Dodr\u017eiavajte pokyny v\u00fdrobcu pre spr\u00e1vnu in\u0161tal\u00e1ciu vr\u00e1tane zarovnania hydraulick\u00fdch pripojen\u00ed.<\/li>\n<li><strong>Integr\u00e1cia hydraulick\u00e9ho syst\u00e9mu:<\/strong> Pripojte valec k hydraulick\u00e9mu zdroju energie pomocou kompatibiln\u00fdch had\u00edc alebo spojok. Skontrolujte, \u010di s\u00fa pripojenia tesn\u00e9, bez \u00fanikov a spr\u00e1vne zarovnan\u00e9.<\/li>\n<li><strong>Kalibr\u00e1cia:<\/strong> Kalibrujte syst\u00e9m kompenz\u00e1cie vztlaku pod\u013ea \u0161pecifick\u00fdch po\u017eiadaviek bagrovania. M\u00f4\u017ee to zah\u0155\u0148a\u0165 nastavenie parametrov, ako je d\u013a\u017eka zdvihu, r\u00fdchlos\u0165 alebo tlak. Presn\u00e9 met\u00f3dy kalibr\u00e1cie n\u00e1jdete v pokynoch v\u00fdrobcu.<\/li>\n<li><strong>Prev\u00e1dzkov\u00e1 kontrola: <\/strong>Aktivujte hydraulick\u00fd zdroj energie, aby ste spustili proces kompenz\u00e1cie zdv\u00edhania. Valec kompenz\u00e1cie zdv\u00edhania vle\u010dn\u00e9ho sacieho bagru bude automaticky reagova\u0165 na zdv\u00edhanie plavidla a udr\u017eiava\u0165 po\u017eadovan\u00fa polohu sacieho potrubia pre efekt\u00edvne bagrovanie. Pre dosiahnutie optim\u00e1lnych v\u00fdsledkov pozorne sledujte prev\u00e1dzku.<\/li>\n<\/ol>\n<h2><strong>Ako funguje dvoj\u010dinn\u00fd hydraulick\u00fd valec?<\/strong><\/h2>\n<p>Dvoj\u010dinn\u00fd hydraulick\u00fd valec je typ hydraulick\u00e9ho aktu\u00e1tora, ktor\u00fd pracuje v oboch smeroch a poskytuje silu a pohyb pri vys\u00favacom aj zas\u00favacom zdvihu. Sklad\u00e1 sa z valcov\u00e9ho valca, piestu, piestnych ty\u010d\u00ed, tesnen\u00ed a otvorov pre hydraulick\u00fa kvapalinu.<\/p>\n<p>Tu je podrobn\u00fd popis fungovania dvoj\u010dinn\u00e9ho hydraulick\u00e9ho valca:<\/p>\n<ol>\n<li><strong>Pr\u00edjem tekut\u00edn:<\/strong> Hydraulick\u00fd valec je pripojen\u00fd k hydraulickej jednotke alebo \u010derpadlu, ktor\u00e9 dod\u00e1va hydraulick\u00fa kvapalinu pod tlakom. Kvapalina je zvy\u010dajne hydraulick\u00e1 kvapalina na b\u00e1ze oleja.<\/li>\n<li><strong>Pred\u013a\u017eenie zdvihu:<\/strong> Ke\u010f je hydraulick\u00e1 kvapalina priv\u00e1dzan\u00e1 do otvoru na konci piestnice valca, vstupuje do valca za piest. Tlak kvapaliny tla\u010d\u00ed piest a pripojen\u00fa piestnicu smerom von, \u010d\u00edm sa valec predl\u017euje.<\/li>\n<li><strong>Zdvih zasunutia:<\/strong> Na zasunutie valca sa do otvoru na konci uz\u00e1veru valca priv\u00e1dza hydraulick\u00e1 kvapalina. Kvapalina vstupuje do valca pred piestom, vyv\u00edja tlak a tla\u010d\u00ed piest a piestnu ty\u010d sp\u00e4\u0165 do valca.<\/li>\n<li><strong>Tesniaci mechanizmus:<\/strong> Hydraulick\u00fd valec je vybaven\u00fd tesneniami, ako s\u00fa tesnenia piestov a tesnenia ty\u010d\u00ed, ktor\u00e9 zabra\u0148uj\u00fa \u00faniku hydraulickej kvapaliny. Tieto tesnenia zabezpe\u010duj\u00fa, \u017ee kvapalina je udr\u017eiavan\u00e1 vo valci, udr\u017eiavaj\u00fa tlak a zabra\u0148uj\u00fa strate sily.<\/li>\n<li><strong>Regula\u010dn\u00e9 ventily:<\/strong> Riadiace ventily sa pou\u017e\u00edvaj\u00fa na riadenie smeru a prietoku hydraulickej kvapaliny. Tieto ventily smeruj\u00fa kvapalinu do pr\u00edslu\u0161n\u00e9ho otvoru valca, \u010do umo\u017e\u0148uje vys\u00favanie alebo zas\u00favanie na z\u00e1klade po\u017eadovan\u00e9ho pohybu.<\/li>\n<li><strong>Kon\u0161trukcia piestu a ty\u010de:<\/strong> Piest a piestna ty\u010d s\u00fa zvy\u010dajne od seba oddelen\u00e9, aby sa zabezpe\u010dilo, \u017ee tlakov\u00e1 kvapalina p\u00f4sob\u00ed naraz iba na jednu stranu piestu. T\u00e1to kon\u0161trukcia umo\u017e\u0148uje samostatn\u00e9 vys\u00favacie a zas\u00favacie zdvihy, \u010d\u00edm sa zabezpe\u010duje obojsmern\u00fd pohyb.<\/li>\n<li><strong>Aplik\u00e1cia za\u0165a\u017eenia:<\/strong> Piestna ty\u010d hydraulick\u00e9ho valca je pripevnen\u00e1 k z\u00e1\u0165a\u017ei alebo mechanizmu, ktor\u00fd vy\u017eaduje silu alebo pohyb. Ke\u010f hydraulick\u00e1 kvapalina vys\u00fava alebo zas\u00fava piest, generovan\u00e1 sila sa pren\u00e1\u0161a cez piestnu ty\u010d na z\u00e1\u0165a\u017e, \u010do jej umo\u017e\u0148uje pohybova\u0165 sa alebo vyv\u00edja\u0165 silu.<\/li>\n<li><strong>Zmiernenie tlaku:<\/strong> Na regul\u00e1ciu r\u00fdchlosti a sily hydraulick\u00e9ho valca sa v hydraulickom syst\u00e9me m\u00f4\u017eu pou\u017ei\u0165 pretlakov\u00e9 ventily alebo regula\u010dn\u00e9 ventily prietoku. Tieto ventily reguluj\u00fa tlak a prietok hydraulickej kvapaliny, \u010d\u00edm zabra\u0148uj\u00fa nadmern\u00e9mu hromadeniu tlaku a zabezpe\u010duj\u00fa bezpe\u010dn\u00fa prev\u00e1dzku.<\/li>\n<\/ol>\n<h2><strong>Schopnos\u0165 a kapacita tov\u00e1rne:<\/strong><\/h2>\n<h3>(1) Mont\u00e1\u017e<\/h3>\n<p>Disponujeme prvotriednou nez\u00e1vislou v\u00fdskumnou a v\u00fdvojovou mont\u00e1\u017enou platformou. Diel\u0148a na v\u00fdrobu hydraulick\u00fdch valcov m\u00e1 \u0161tyri poloautomatick\u00e9 mont\u00e1\u017ene linky zdv\u00edhac\u00edch valcov a jednu automatick\u00fa mont\u00e1\u017enu linku nakl\u00e1pac\u00edch valcov s projektovanou ro\u010dnou v\u00fdrobnou kapacitou 1 mili\u00f3n kusov. Diel\u0148a na v\u00fdrobu \u0161peci\u00e1lnych valcov je vybaven\u00e1 r\u00f4znymi \u0161pecifik\u00e1ciami poloautomatick\u00e9ho syst\u00e9mu \u010distenia a mont\u00e1\u017ee s projektovanou ro\u010dnou v\u00fdrobnou kapacitou 200 000 kusov a je vybaven\u00e1 zn\u00e1mym CNC obr\u00e1bac\u00edm zariaden\u00edm, obr\u00e1bac\u00edm centrom, \u0161peci\u00e1lnym zariaden\u00edm na vysoko presn\u00e9 spracovanie valcov, robotick\u00fdm zv\u00e1rac\u00edm strojom, automatick\u00fdm \u010distiacim strojom, automatick\u00fdm mont\u00e1\u017enym strojom valcov a automatickou lakovacou v\u00fdrobnou linkou. Existuj\u00face kritick\u00e9 zariadenia maj\u00fa viac ako 300 s\u00faprav (s\u00e1d). Optim\u00e1lne alokovanie a efekt\u00edvne vyu\u017e\u00edvanie zdrojov zariaden\u00ed zabezpe\u010duje po\u017eiadavky na presnos\u0165 v\u00fdrobkov a sp\u013a\u0148a po\u017eiadavky na vysok\u00fa kvalitu v\u00fdrobkov.<\/p>\n<p><img loading=\"lazy\" decoding=\"async\" class=\"alignnone wp-image-626\" src=\"https:\/\/hydraulic-cylinders.net\/wp-content\/uploads\/2023\/08\/hydraulic-cylinder-product-1-300x158.webp\" alt=\"\" width=\"495\" height=\"260\" srcset=\"https:\/\/hydraulic-cylinders.net\/wp-content\/uploads\/2023\/08\/hydraulic-cylinder-product-1-300x158.webp 495w, https:\/\/hydraulic-cylinders.net\/wp-content\/uploads\/2023\/08\/hydraulic-cylinder-product-1-480x252.webp 480w\" sizes=\"(min-width: 0px) and (max-width: 480px) 480px, (min-width: 481px) 495px, 100vw\" \/> <img loading=\"lazy\" decoding=\"async\" class=\"alignnone wp-image-627\" src=\"https:\/\/hydraulic-cylinders.net\/wp-content\/uploads\/2023\/08\/hydraulic-cylinder-product-2-300x189.webp\" alt=\"\" width=\"413\" height=\"260\" \/><\/p>\n<h3>(2) Obr\u00e1banie<\/h3>\n<p>Obr\u00e1bacia diel\u0148a je vybaven\u00e1 prisp\u00f4soben\u00fdm s\u00fastru\u017en\u00edckym centrom na \u0161ikm\u00e9 ko\u013eajnice, obr\u00e1bac\u00edm centrom, vysokor\u00fdchlostn\u00fdm honovac\u00edm strojom, zv\u00e1rac\u00edm robotom a \u010fal\u0161\u00edm s\u00favisiacim zariaden\u00edm, ktor\u00e9 dok\u00e1\u017ee spracova\u0165 valcov\u00e9 r\u00fary s maxim\u00e1lnym vn\u00fatorn\u00fdm priemerom 400 mm a maxim\u00e1lnou d\u013a\u017ekou 6 metrov.<\/p>\n<p><img loading=\"lazy\" decoding=\"async\" class=\"alignnone wp-image-628 size-large\" src=\"https:\/\/hydraulic-cylinders.net\/wp-content\/uploads\/2023\/08\/hydraulic-cylinder-product-3-1024x391.webp\" alt=\"\" width=\"1024\" height=\"391\" srcset=\"https:\/\/hydraulic-cylinders.net\/wp-content\/uploads\/2023\/08\/hydraulic-cylinder-product-3-980x374.webp 980w, https:\/\/hydraulic-cylinders.net\/wp-content\/uploads\/2023\/08\/hydraulic-cylinder-product-3-480x183.webp 480w\" sizes=\"(min-width: 0px) and (max-width: 480px) 480px, (min-width: 481px) and (max-width: 980px) 980px, (min-width: 981px) 1024px, 100vw\" \/><\/p>\n<h3>(3) Zv\u00e1ranie<\/h3>\n<p><img loading=\"lazy\" decoding=\"async\" class=\"alignnone wp-image-629 size-large\" src=\"https:\/\/hydraulic-cylinders.net\/wp-content\/uploads\/2023\/08\/hydraulic-cylinder-product-4-1024x510.webp\" alt=\"\" width=\"1024\" height=\"510\" srcset=\"https:\/\/hydraulic-cylinders.net\/wp-content\/uploads\/2023\/08\/hydraulic-cylinder-product-4-980x488.webp 980w, https:\/\/hydraulic-cylinders.net\/wp-content\/uploads\/2023\/08\/hydraulic-cylinder-product-4-480x239.webp 480w\" sizes=\"(min-width: 0px) and (max-width: 480px) 480px, (min-width: 481px) and (max-width: 980px) 980px, (min-width: 981px) 1024px, 100vw\" \/><\/p>\n<h3>(4) Ma\u013eovanie a natieranie<\/h3>\n<p>S mal\u00fdmi a stredne ve\u013ek\u00fdmi valcov\u00fdmi automatick\u00fdmi linkami na nan\u00e1\u0161anie farieb na vodnej b\u00e1ze, na dosiahnutie automatick\u00e9ho nakladania a vykladania robotmi a automatick\u00e9ho striekania, je projektovan\u00e1 kapacita 4000 kusov za smenu;<br \/>\nM\u00e1me tie\u017e poloautomatick\u00fa linku na v\u00fdrobu farieb pre ve\u013ek\u00e9 valce poh\u00e1\u0148an\u00e9 re\u0165azou s projektovanou kapacitou 60 kusov za smenu.<\/p>\n<p><img loading=\"lazy\" decoding=\"async\" class=\"alignnone wp-image-630\" src=\"https:\/\/hydraulic-cylinders.net\/wp-content\/uploads\/2023\/08\/hydraulic-cylinder-product-5-300x213.webp\" alt=\"\" width=\"366\" height=\"260\" \/> <img loading=\"lazy\" decoding=\"async\" class=\"alignnone wp-image-631\" src=\"https:\/\/hydraulic-cylinders.net\/wp-content\/uploads\/2023\/08\/hydraulic-cylinder-product-6-300x225.webp\" alt=\"\" width=\"347\" height=\"260\" \/><\/p>\n<h3>(5) Testovanie<\/h3>\n<p>Disponujeme prvotriednymi kontroln\u00fdmi zariadeniami a sk\u00fa\u0161obn\u00fdmi zariadeniami, ktor\u00e9 zabezpe\u010duj\u00fa, \u017ee v\u00fdkonnos\u0165 valca sp\u013a\u0148a po\u017eiadavky.<\/p>\n<p><img loading=\"lazy\" decoding=\"async\" class=\"alignnone wp-image-632\" src=\"https:\/\/hydraulic-cylinders.net\/wp-content\/uploads\/2023\/08\/hydraulic-cylinder-product-8-300x200.webp\" alt=\"\" width=\"389\" height=\"260\" \/><\/p>\n<p>&nbsp;<\/p>\n<p>&nbsp;<\/p>\n<p>Sme jedn\u00fdm z najlep\u0161\u00edch v\u00fdrobcov hydraulick\u00fdch valcov. Pon\u00fakame komplexn\u00e9 hydraulick\u00e9 valce. Poskytujeme aj zodpovedaj\u00face <a href=\"https:\/\/hzpt.com\/agricultural-pto-gearbox\/\" target=\"_blank\" rel=\"noopener\">po\u013enohospod\u00e1rske prevodovky<\/a>Na\u0161e produkty sme vyv\u00e1\u017eali klientom po celom svete a v\u010faka vynikaj\u00facej kvalite produktov a popredajn\u00e9mu servisu sme si z\u00edskali dobr\u00fa reput\u00e1ciu. V\u00edtame z\u00e1kazn\u00edkov doma aj v zahrani\u010d\u00ed, ktor\u00ed n\u00e1s kontaktuj\u00fa za \u00fa\u010delom rokovania o obchodn\u00fdch z\u00e1le\u017eitostiach, v\u00fdmeny inform\u00e1ci\u00ed a <a href=\"https:\/\/www.hydraulic-cylinders.net\/sk\/contact-us\/\">spolupracova\u0165 s nami<\/a>!<\/p>","protected":false},"excerpt":{"rendered":"<p>Trailing Suction Dredger Heave Compensation Cylinder The trailing suction dredger heave compensation cylinder is a cutting-edge hydraulic device that has revolutionized the efficiency and effectiveness of dredging operations. Designed to provide precise heave compensation, this cylinder ensures optimal dredging performance even in challenging marine environments. The trailing suction dredger heave compensation cylinder is a game-changer [&hellip;]<\/p>","protected":false},"featured_media":1767,"comment_status":"open","ping_status":"closed","template":"","meta":{"_et_pb_use_builder":"","_et_pb_old_content":"","_et_gb_content_width":""},"product_brand":[],"product_cat":[1550,1535,1552,1376],"product_tag":[1380],"class_list":{"0":"post-1762","1":"product","2":"type-product","3":"status-publish","4":"has-post-thumbnail","6":"product_cat-double-acting-hydraulic-cylinder","7":"product_cat-dredger-hydraulic-cylinders","8":"product_cat-stainless-steel-hydraulic-cylinder","9":"product_cat-hydraulic-cylinder","10":"product_tag-hydraulic-cylinder","12":"first","13":"instock","14":"shipping-taxable","15":"product-type-simple"},"amp_enabled":true,"_links":{"self":[{"href":"https:\/\/www.hydraulic-cylinders.net\/sk\/wp-json\/wp\/v2\/product\/1762","targetHints":{"allow":["GET"]}}],"collection":[{"href":"https:\/\/www.hydraulic-cylinders.net\/sk\/wp-json\/wp\/v2\/product"}],"about":[{"href":"https:\/\/www.hydraulic-cylinders.net\/sk\/wp-json\/wp\/v2\/types\/product"}],"replies":[{"embeddable":true,"href":"https:\/\/www.hydraulic-cylinders.net\/sk\/wp-json\/wp\/v2\/comments?post=1762"}],"wp:featuredmedia":[{"embeddable":true,"href":"https:\/\/www.hydraulic-cylinders.net\/sk\/wp-json\/wp\/v2\/media\/1767"}],"wp:attachment":[{"href":"https:\/\/www.hydraulic-cylinders.net\/sk\/wp-json\/wp\/v2\/media?parent=1762"}],"wp:term":[{"taxonomy":"product_brand","embeddable":true,"href":"https:\/\/www.hydraulic-cylinders.net\/sk\/wp-json\/wp\/v2\/product_brand?post=1762"},{"taxonomy":"product_cat","embeddable":true,"href":"https:\/\/www.hydraulic-cylinders.net\/sk\/wp-json\/wp\/v2\/product_cat?post=1762"},{"taxonomy":"product_tag","embeddable":true,"href":"https:\/\/www.hydraulic-cylinders.net\/sk\/wp-json\/wp\/v2\/product_tag?post=1762"}],"curies":[{"name":"pracovn\u00fd list","href":"https:\/\/api.w.org\/{rel}","templated":true}]}}