{"id":1772,"date":"2023-10-13T06:29:47","date_gmt":"2023-10-13T06:29:47","guid":{"rendered":"https:\/\/hydraulic-cylinders.net\/?post_type=product&#038;p=1772"},"modified":"2025-04-15T05:54:57","modified_gmt":"2025-04-15T05:54:57","slug":"trailing-suction-dredger-mud-door-cylinder","status":"publish","type":"product","link":"https:\/\/www.hydraulic-cylinders.net\/sk\/produkt\/trailing-suction-dredger-mud-door-cylinder\/","title":{"rendered":"Valec bahenn\u00fdch dver\u00ed vle\u010dn\u00e9ho sacieho bagra"},"content":{"rendered":"<h1 style=\"text-align: center;\"><strong>Valec bahenn\u00fdch dver\u00ed vle\u010dn\u00e9ho sacieho bagra<\/strong><\/h1>\n<h1 style=\"text-align: center;\"><strong><img loading=\"lazy\" decoding=\"async\" class=\"alignnone wp-image-1774\" src=\"https:\/\/hydraulic-cylinders.net\/wp-content\/uploads\/2023\/10\/trailing-suction-dredger-mud-door-cylinder-1-1-300x300.webp\" alt=\"\" width=\"400\" height=\"400\" \/><\/strong><\/h1>\n<p>Valec kalov\u00fdch dvierok vle\u010dn\u00e9ho sacieho bagru je d\u00f4le\u017eit\u00fd hydraulick\u00fd komponent ur\u010den\u00fd na zlep\u0161enie \u00fa\u010dinnosti a efekt\u00edvnosti bagrovac\u00edch oper\u00e1ci\u00ed. Tento valec zohr\u00e1va k\u013e\u00fa\u010dov\u00fa \u00falohu pri riaden\u00ed otv\u00e1rania a zatv\u00e1rania kalov\u00fdch dvierok, \u010d\u00edm sa zabezpe\u010duje bezprobl\u00e9mov\u00e9 nas\u00e1vanie a vyp\u00fa\u0161\u0165anie sedimentov.<\/p>\n<p>Hydraulick\u00fd valec s kalov\u00fdmi dvierkami pre \u0165ahan\u00e9 sacie bagre je k\u013e\u00fa\u010dov\u00fdm komponentom pri optimaliz\u00e1cii efekt\u00edvnosti a produktivity bagrovac\u00edch oper\u00e1ci\u00ed. V\u010faka svojej robustnej kon\u0161trukcii, presn\u00e9mu ovl\u00e1daniu a bezpe\u010dn\u00e9mu uzavretiu zais\u0165uje tento hydraulick\u00fd valec bezprobl\u00e9mov\u00e9 nas\u00e1vanie a vyp\u00fa\u0161\u0165anie sedimentov, \u010d\u00edm zvy\u0161uje celkov\u00fa \u00fa\u010dinnos\u0165 bagrovania. Dodr\u017eiavan\u00edm spr\u00e1vnych met\u00f3d pou\u017e\u00edvania a pravideln\u00fdch postupov \u00fadr\u017eby m\u00f4\u017eu odborn\u00edci na bagrovanie maximalizova\u0165 v\u00fdkon a \u017eivotnos\u0165 tohto v\u00fdnimo\u010dn\u00e9ho produktu. Vyu\u017eite silu valca s kalov\u00fdmi dvierkami pre \u0165ahan\u00e9 sacie bagre a za\u017eite rozdiel, ktor\u00fd m\u00f4\u017ee prinies\u0165 do va\u0161ich bagrovac\u00edch aktiv\u00edt.<\/p>\n<p>K\u013e\u00fa\u010dov\u00e9 vlastnosti valca bahenn\u00fdch dver\u00ed vle\u010dn\u00e9ho sacieho bagra:<\/p>\n<ol>\n<li>Robustn\u00e1 kon\u0161trukcia:<\/li>\n<\/ol>\n<ul>\n<li>Valec bahenn\u00fdch dver\u00ed je vyroben\u00fd z vysoko kvalitn\u00fdch materi\u00e1lov, \u010do zaru\u010duje odolnos\u0165 a dlh\u00fa \u017eivotnos\u0165 aj v n\u00e1ro\u010dn\u00fdch bagrovac\u00edch podmienkach.<br \/>\nJe navrhnut\u00fd tak, aby odolal vysok\u00e9mu tlaku, drsn\u00e9mu prostrediu a neust\u00e1lemu pou\u017e\u00edvaniu, pri\u010dom si zachov\u00e1va konzistentn\u00fd v\u00fdkon po\u010das bagrovac\u00edch oper\u00e1ci\u00ed.<\/li>\n<\/ul>\n<ol start=\"2\">\n<li>Plynul\u00e1 prev\u00e1dzka:<\/li>\n<\/ol>\n<ul>\n<li>Tento valec pon\u00faka plynul\u00fd a presn\u00fd chod, \u010do umo\u017e\u0148uje efekt\u00edvne ovl\u00e1danie a nastavenie mechanizmov otv\u00e1rania a zatv\u00e1rania blatov\u00fdch dver\u00ed.<\/li>\n<li>Zais\u0165uje spo\u013eahliv\u00e9 a presn\u00e9 umiestnenie bahenn\u00fdch dvierok, \u010do u\u013eah\u010duje optim\u00e1lny v\u00fdkon bagrovania.<\/li>\n<\/ul>\n<ol start=\"3\">\n<li>V\u00fdkonn\u00e9 ovl\u00e1danie:<\/li>\n<\/ol>\n<ul>\n<li>Valec bahenn\u00fdch dver\u00ed poskytuje v\u00fdkonn\u00e9 ovl\u00e1dacie schopnosti, ktor\u00e9 umo\u017e\u0148uj\u00fa jednoduch\u00e9 otv\u00e1ranie a zatv\u00e1ranie bahenn\u00fdch dver\u00ed.<\/li>\n<li>Poskytuje potrebn\u00fa silu na manipul\u00e1ciu s ve\u013ek\u00fdmi objemami vybagrovan\u00e9ho materi\u00e1lu, \u010d\u00edm zabezpe\u010duje \u00fa\u010dinn\u00e9 zadr\u017eiavanie a vyp\u00fa\u0161\u0165anie po\u010das bagrovac\u00edch oper\u00e1ci\u00ed.<\/li>\n<\/ul>\n<ol start=\"4\">\n<li>Prisp\u00f4sobite\u013en\u00e9 parametre:<\/li>\n<\/ol>\n<ul>\n<li>Tento valec umo\u017e\u0148uje prisp\u00f4sobite\u013en\u00e9 nastavenie r\u00f4znych parametrov, ako je r\u00fdchlos\u0165 otv\u00e1rania a zatv\u00e1rania, d\u013a\u017eka zdvihu a prev\u00e1dzkov\u00fd tlak.<\/li>\n<li>Oper\u00e1tori si m\u00f4\u017eu prisp\u00f4sobi\u0165 nastavenia valca tak, aby zodpovedali \u0161pecifick\u00fdm po\u017eiadavk\u00e1m na bagrovanie, \u010d\u00edm sa optimalizuje \u00fa\u010dinnos\u0165 a efekt\u00edvnos\u0165 celkovej oper\u00e1cie.<\/li>\n<\/ul>\n<h2><strong>Parameter valca bahenn\u00fdch dver\u00ed vle\u010dn\u00e9ho sacieho bagra:<\/strong><\/h2>\n<table border=\"1\" cellspacing=\"0\" cellpadding=\"0\">\n<tbody>\n<tr>\n<td>N\u00e1zov produktu<\/td>\n<td>Valec bahenn\u00fdch dver\u00ed vle\u010dn\u00e9ho sacieho bagra<\/td>\n<\/tr>\n<tr>\n<td>Vlastnosti:<\/td>\n<td>\u0164ahov\u00e1 sila na otv\u00e1ranie a zatv\u00e1ranie blatov\u00fdch dver\u00ed a pod\u013ea potreby m\u00f4\u017ee by\u0165 vybaven\u00e1 sn\u00edma\u010dom posunu<\/td>\n<\/tr>\n<tr>\n<td>Priemer otvoru:<\/td>\n<td>400 mm<\/td>\n<\/tr>\n<tr>\n<td>Priemer ty\u010de:<\/td>\n<td>200 mm<br \/>\nZdvih: 1400 mm<\/td>\n<\/tr>\n<tr>\n<td>Tlak:<\/td>\n<td>a\u017e 32 MPa<\/td>\n<\/tr>\n<tr>\n<td>\u0164ahov\u00e1 sila:<\/td>\n<td>Maxim\u00e1lne 2355 kN<\/td>\n<\/tr>\n<tr>\n<td>Aplik\u00e1cie:<\/td>\n<td>\u0164ahov\u00fd sac\u00ed bagr<\/td>\n<\/tr>\n<\/tbody>\n<\/table>\n<div><\/div>\n<div>\n<div class=\"txtboxL\">\n<div class=\"txtboxL\">\n<div class=\"txtboxL\">Vlastnosti:<\/div>\n<div class=\"txtboxR\">\u0164ahov\u00e1 sila na otv\u00e1ranie a zatv\u00e1ranie blatov\u00fdch dver\u00ed a pod\u013ea potreby m\u00f4\u017ee by\u0165 vybaven\u00e1 sn\u00edma\u010dom posunu<\/div>\n<div class=\"txtboxL\">\u0160pecifik\u00e1cia:<\/div>\n<div class=\"txtboxR\">Priemer otvoru: 400 mm<br \/>\nPriemer ty\u010de: 200 mm<br \/>\nZdvih: 1400 mm<\/div>\n<div class=\"txtboxL\">Tlak\uff1a<\/div>\n<div class=\"txtboxR\">a\u017e 32 MPa<\/div>\n<div class=\"txtboxL\">\u0164ahov\u00e1 sila:<\/div>\n<div class=\"txtboxR\">Maxim\u00e1lne 2355 kN<\/div>\n<\/div>\n<\/div>\n<\/div>\n<h2><strong>Pou\u017eitie sac\u00edch valcov pre fr\u00e9zy a sacie valce n\u00e1dr\u017e\u00ed na bagre:<\/strong><\/h2>\n<p><img loading=\"lazy\" decoding=\"async\" class=\"alignnone wp-image-1757 size-full\" src=\"https:\/\/hydraulic-cylinders.net\/wp-content\/uploads\/2023\/10\/dredger-tank-cylinder-1.webp\" alt=\"\" width=\"600\" height=\"400\" srcset=\"https:\/\/hydraulic-cylinders.net\/wp-content\/uploads\/2023\/10\/dredger-tank-cylinder-1.webp 600w, https:\/\/hydraulic-cylinders.net\/wp-content\/uploads\/2023\/10\/dredger-tank-cylinder-1-480x320.webp 480w\" sizes=\"(min-width: 0px) and (max-width: 480px) 480px, (min-width: 481px) 600px, 100vw\" \/><\/p>\n<h2><strong>Met\u00f3da pou\u017eitia valca bahenn\u00fdch dver\u00ed vle\u010dn\u00e9ho sacieho bagra<\/strong><strong>:<\/strong><\/h2>\n<ol>\n<li><strong>In\u0161tal\u00e1cia:<\/strong><\/li>\n<\/ol>\n<ul>\n<li>Dodr\u017eujte pokyny v\u00fdrobcu, aby ste bezpe\u010dne nain\u0161talovali valec kalov\u00e9 dvierka na \u0165ahan\u00fd sac\u00ed bagr.<\/li>\n<li>Zabezpe\u010dte spr\u00e1vne zarovnanie a upevnenie k blatn\u00edkov\u00fdm dver\u00e1m a s\u00favisiacim komponentom, aby ste zabezpe\u010dili plynul\u00fd a spo\u013eahliv\u00fd chod.<\/li>\n<\/ul>\n<ol start=\"2\">\n<li><strong>Ovl\u00e1danie a nastavenie:<\/strong><\/li>\n<\/ol>\n<ul>\n<li>Na ovl\u00e1danie a nastavenie valca bahenn\u00fdch dver\u00ed pou\u017eite riadiaci syst\u00e9m bagra.<\/li>\n<li>Ovl\u00e1dajte otv\u00e1ranie a zatv\u00e1ranie kalov\u00e9 dvierka pomocou ur\u010den\u00fdch ovl\u00e1dac\u00edch prvkov, \u010do umo\u017e\u0148uje presn\u00fa kontrolu nad vypr\u00e1zd\u0148ovan\u00edm vybagrovan\u00e9ho materi\u00e1lu.<\/li>\n<\/ul>\n<ol start=\"3\">\n<li><strong>Bagrovacie oper\u00e1cie:<\/strong><\/li>\n<\/ol>\n<ul>\n<li>Po\u010das bagrovac\u00edch pr\u00e1c aktivujte valec kalov\u00e9 dvierka na otvorenie alebo zatvorenie kalov\u00e9 dvierka pod\u013ea potreby.<\/li>\n<li>Upravte parametre valca, ako je r\u00fdchlos\u0165 a d\u013a\u017eka zdvihu, aby ste optimalizovali proces bagrovania a zabezpe\u010dili efekt\u00edvne zadr\u017eiavanie a vyp\u00fa\u0161\u0165anie materi\u00e1lu.<\/li>\n<\/ul>\n<h2><strong>Ako ovl\u00e1da\u0165 r\u00fdchlos\u0165 hydraulick\u00e9ho valca?<\/strong><\/h2>\n<p>Hydraulick\u00fd valec je mechanick\u00fd aktu\u00e1tor, ktor\u00fd premie\u0148a hydraulick\u00fd tlak na line\u00e1rnu silu a pohyb. Sklad\u00e1 sa z valcov\u00e9ho valca, piestu, piestnej ty\u010de, tesnen\u00ed a otvorov pre hydraulick\u00fa kvapalinu. Tu je rozpis fungovania hydraulick\u00e9ho valca:<\/p>\n<ol>\n<li><strong>Dod\u00e1vka hydraulickej kvapaliny:<\/strong> Hydraulick\u00fd valec je pripojen\u00fd k hydraulickej jednotke alebo \u010derpadlu, ktor\u00e9 dod\u00e1va tlakov\u00fa hydraulick\u00fa kvapalinu. Kvapalina je zvy\u010dajne hydraulick\u00e1 kvapalina na b\u00e1ze oleja.<\/li>\n<li><strong>\u0160trukt\u00fara valca:<\/strong> Valec m\u00e1 dut\u00fd valcov\u00fd valec s piestom umiestnen\u00fdm vo vn\u00fatri. Piest rozde\u013euje valec na dve komory: komoru na konci ty\u010de a komoru na konci uz\u00e1veru.<\/li>\n<li><strong>Aplik\u00e1cia tlaku:<\/strong> Hydraulick\u00e1 kvapalina je priv\u00e1dzan\u00e1 do jednej z kom\u00f4r valca, bu\u010f do komory na konci ty\u010de alebo do komory na konci uz\u00e1veru, v z\u00e1vislosti od po\u017eadovan\u00e9ho smeru pohybu.<\/li>\n<li><strong>Rozdiel tlaku:<\/strong> Tlakov\u00e1 hydraulick\u00e1 kvapalina p\u00f4sob\u00ed na povrch piesta a vytv\u00e1ra silu, ktor\u00e1 poh\u00e1\u0148a piest v ur\u010denom smere. Rozdiel tlaku medzi oboma komorami sp\u00f4sobuje pohyb piesta.<\/li>\n<li><strong>Line\u00e1rny pohyb:<\/strong> Ke\u010f hydraulick\u00e1 kvapalina tla\u010d\u00ed na piest, piestna ty\u010d pripojen\u00e1 k piestu sa line\u00e1rne vys\u00fava alebo zas\u00fava v z\u00e1vislosti od smeru pr\u00fadenia kvapaliny. Tento line\u00e1rny pohyb pren\u00e1\u0161a silu na z\u00e1\u0165a\u017e alebo mechanizmus spojen\u00fd s piestnou ty\u010dou.<\/li>\n<li><strong>Tesniaci mechanizmus:<\/strong> Hydraulick\u00fd valec je vybaven\u00fd tesneniami, ako s\u00fa tesnenia piestov a tesnenia ty\u010d\u00ed, aby sa zabr\u00e1nilo \u00faniku hydraulickej kvapaliny. Tieto tesnenia udr\u017eiavaj\u00fa tlak vo valci a zabezpe\u010duj\u00fa plynul\u00fd chod t\u00fdm, \u017ee zabra\u0148uj\u00fa \u00faniku kvapaliny.<\/li>\n<li><strong>Regula\u010dn\u00e9 ventily:<\/strong> Riadiace ventily sa pou\u017e\u00edvaj\u00fa na riadenie smeru a prietoku hydraulickej kvapaliny. Tieto ventily smeruj\u00fa tok hydraulickej kvapaliny do pr\u00edslu\u0161nej komory valca, \u010d\u00edm umo\u017e\u0148uj\u00fa vys\u00favanie alebo zas\u00favanie piestu.<\/li>\n<li><strong>Zmiernenie tlaku:<\/strong> Na regul\u00e1ciu r\u00fdchlosti a sily hydraulick\u00e9ho valca m\u00f4\u017eu by\u0165 do hydraulick\u00e9ho syst\u00e9mu zabudovan\u00e9 pretlakov\u00e9 ventily alebo regula\u010dn\u00e9 ventily prietoku. Tieto ventily reguluj\u00fa tlak a prietok hydraulickej kvapaliny, \u010d\u00edm zabra\u0148uj\u00fa nadmern\u00e9mu hromadeniu tlaku a zabezpe\u010duj\u00fa bezpe\u010dn\u00fa prev\u00e1dzku.<\/li>\n<li><strong>Aplik\u00e1cia za\u0165a\u017eenia:<\/strong> Piestna ty\u010d hydraulick\u00e9ho valca je spojen\u00e1 so z\u00e1\u0165a\u017eou alebo mechanizmom, ktor\u00fd vy\u017eaduje silu alebo pohyb. Ke\u010f sa piest vys\u00fava alebo zas\u00fava, generovan\u00e1 sila sa pren\u00e1\u0161a cez piestnu ty\u010d na z\u00e1\u0165a\u017e, \u010do jej umo\u017e\u0148uje pohybova\u0165 sa alebo vyv\u00edja\u0165 silu.<\/li>\n<\/ol>\n<h2><strong>Schopnos\u0165 a kapacita tov\u00e1rne:<\/strong><\/h2>\n<h3>(1) Mont\u00e1\u017e<\/h3>\n<p>Disponujeme prvotriednou nez\u00e1vislou v\u00fdskumnou a v\u00fdvojovou mont\u00e1\u017enou platformou. Diel\u0148a na v\u00fdrobu hydraulick\u00fdch valcov m\u00e1 \u0161tyri poloautomatick\u00e9 mont\u00e1\u017ene linky zdv\u00edhac\u00edch valcov a jednu automatick\u00fa mont\u00e1\u017enu linku nakl\u00e1pac\u00edch valcov s projektovanou ro\u010dnou v\u00fdrobnou kapacitou 1 mili\u00f3n kusov. Diel\u0148a na v\u00fdrobu \u0161peci\u00e1lnych valcov je vybaven\u00e1 r\u00f4znymi \u0161pecifik\u00e1ciami poloautomatick\u00e9ho syst\u00e9mu \u010distenia a mont\u00e1\u017ee s projektovanou ro\u010dnou v\u00fdrobnou kapacitou 200 000 kusov a je vybaven\u00e1 zn\u00e1mym CNC obr\u00e1bac\u00edm zariaden\u00edm, obr\u00e1bac\u00edm centrom, \u0161peci\u00e1lnym zariaden\u00edm na vysoko presn\u00e9 spracovanie valcov, robotick\u00fdm zv\u00e1rac\u00edm strojom, automatick\u00fdm \u010distiacim strojom, automatick\u00fdm mont\u00e1\u017enym strojom valcov a automatickou lakovacou v\u00fdrobnou linkou. Existuj\u00face kritick\u00e9 zariadenia maj\u00fa viac ako 300 s\u00faprav (s\u00e1d). Optim\u00e1lne alokovanie a efekt\u00edvne vyu\u017e\u00edvanie zdrojov zariaden\u00ed zabezpe\u010duje po\u017eiadavky na presnos\u0165 v\u00fdrobkov a sp\u013a\u0148a po\u017eiadavky na vysok\u00fa kvalitu v\u00fdrobkov.<\/p>\n<p><img loading=\"lazy\" decoding=\"async\" class=\"alignnone wp-image-626\" src=\"https:\/\/hydraulic-cylinders.net\/wp-content\/uploads\/2023\/08\/hydraulic-cylinder-product-1-300x158.webp\" alt=\"\" width=\"495\" height=\"260\" srcset=\"https:\/\/hydraulic-cylinders.net\/wp-content\/uploads\/2023\/08\/hydraulic-cylinder-product-1-300x158.webp 495w, https:\/\/hydraulic-cylinders.net\/wp-content\/uploads\/2023\/08\/hydraulic-cylinder-product-1-480x252.webp 480w\" sizes=\"(min-width: 0px) and (max-width: 480px) 480px, (min-width: 481px) 495px, 100vw\" \/> <img loading=\"lazy\" decoding=\"async\" class=\"alignnone wp-image-627\" src=\"https:\/\/hydraulic-cylinders.net\/wp-content\/uploads\/2023\/08\/hydraulic-cylinder-product-2-300x189.webp\" alt=\"\" width=\"413\" height=\"260\" \/><\/p>\n<h3>(2) Obr\u00e1banie<\/h3>\n<p>Obr\u00e1bacia diel\u0148a je vybaven\u00e1 prisp\u00f4soben\u00fdm s\u00fastru\u017en\u00edckym centrom na \u0161ikm\u00e9 ko\u013eajnice, obr\u00e1bac\u00edm centrom, vysokor\u00fdchlostn\u00fdm honovac\u00edm strojom, zv\u00e1rac\u00edm robotom a \u010fal\u0161\u00edm s\u00favisiacim zariaden\u00edm, ktor\u00e9 dok\u00e1\u017ee spracova\u0165 valcov\u00e9 r\u00fary s maxim\u00e1lnym vn\u00fatorn\u00fdm priemerom 400 mm a maxim\u00e1lnou d\u013a\u017ekou 6 metrov.<\/p>\n<p><img loading=\"lazy\" decoding=\"async\" class=\"alignnone wp-image-628 size-large\" src=\"https:\/\/hydraulic-cylinders.net\/wp-content\/uploads\/2023\/08\/hydraulic-cylinder-product-3-1024x391.webp\" alt=\"\" width=\"1024\" height=\"391\" srcset=\"https:\/\/hydraulic-cylinders.net\/wp-content\/uploads\/2023\/08\/hydraulic-cylinder-product-3-980x374.webp 980w, https:\/\/hydraulic-cylinders.net\/wp-content\/uploads\/2023\/08\/hydraulic-cylinder-product-3-480x183.webp 480w\" sizes=\"(min-width: 0px) and (max-width: 480px) 480px, (min-width: 481px) and (max-width: 980px) 980px, (min-width: 981px) 1024px, 100vw\" \/><\/p>\n<h3>(3) Zv\u00e1ranie<\/h3>\n<p><img loading=\"lazy\" decoding=\"async\" class=\"alignnone wp-image-629 size-large\" src=\"https:\/\/hydraulic-cylinders.net\/wp-content\/uploads\/2023\/08\/hydraulic-cylinder-product-4-1024x510.webp\" alt=\"\" width=\"1024\" height=\"510\" srcset=\"https:\/\/hydraulic-cylinders.net\/wp-content\/uploads\/2023\/08\/hydraulic-cylinder-product-4-980x488.webp 980w, https:\/\/hydraulic-cylinders.net\/wp-content\/uploads\/2023\/08\/hydraulic-cylinder-product-4-480x239.webp 480w\" sizes=\"(min-width: 0px) and (max-width: 480px) 480px, (min-width: 481px) and (max-width: 980px) 980px, (min-width: 981px) 1024px, 100vw\" \/><\/p>\n<h3>(4) Ma\u013eovanie a natieranie<\/h3>\n<p>S mal\u00fdmi a stredne ve\u013ek\u00fdmi valcov\u00fdmi automatick\u00fdmi linkami na nan\u00e1\u0161anie farieb na vodnej b\u00e1ze, na dosiahnutie automatick\u00e9ho nakladania a vykladania robotmi a automatick\u00e9ho striekania, je projektovan\u00e1 kapacita 4000 kusov za smenu;<br \/>\nM\u00e1me tie\u017e poloautomatick\u00fa linku na v\u00fdrobu farieb pre ve\u013ek\u00e9 valce poh\u00e1\u0148an\u00e9 re\u0165azou s projektovanou kapacitou 60 kusov za smenu.<\/p>\n<p><img loading=\"lazy\" decoding=\"async\" class=\"alignnone wp-image-630\" src=\"https:\/\/hydraulic-cylinders.net\/wp-content\/uploads\/2023\/08\/hydraulic-cylinder-product-5-300x213.webp\" alt=\"\" width=\"366\" height=\"260\" \/> <img loading=\"lazy\" decoding=\"async\" class=\"alignnone wp-image-631\" src=\"https:\/\/hydraulic-cylinders.net\/wp-content\/uploads\/2023\/08\/hydraulic-cylinder-product-6-300x225.webp\" alt=\"\" width=\"347\" height=\"260\" \/><\/p>\n<h3>(5) Testovanie<\/h3>\n<p>Disponujeme prvotriednymi kontroln\u00fdmi zariadeniami a sk\u00fa\u0161obn\u00fdmi zariadeniami, ktor\u00e9 zabezpe\u010duj\u00fa, \u017ee v\u00fdkonnos\u0165 valca sp\u013a\u0148a po\u017eiadavky.<\/p>\n<p><img loading=\"lazy\" decoding=\"async\" class=\"alignnone wp-image-632\" src=\"https:\/\/hydraulic-cylinders.net\/wp-content\/uploads\/2023\/08\/hydraulic-cylinder-product-8-300x200.webp\" alt=\"\" width=\"389\" height=\"260\" \/><\/p>\n<p>&nbsp;<\/p>\n<p>&nbsp;<\/p>\n<p>Sme jedn\u00fdm z najlep\u0161\u00edch v\u00fdrobcov hydraulick\u00fdch valcov. Pon\u00fakame komplexn\u00e9 hydraulick\u00e9 valce. Poskytujeme aj zodpovedaj\u00face <a href=\"https:\/\/hzpt.com\/agricultural-pto-gearbox\/\" target=\"_blank\" rel=\"noopener\">po\u013enohospod\u00e1rske prevodovky<\/a>Na\u0161e produkty sme vyv\u00e1\u017eali klientom po celom svete a v\u010faka vynikaj\u00facej kvalite produktov a popredajn\u00e9mu servisu sme si z\u00edskali dobr\u00fa reput\u00e1ciu. V\u00edtame z\u00e1kazn\u00edkov doma aj v zahrani\u010d\u00ed, ktor\u00ed n\u00e1s kontaktuj\u00fa za \u00fa\u010delom rokovania o obchodn\u00fdch z\u00e1le\u017eitostiach, v\u00fdmeny inform\u00e1ci\u00ed a <a href=\"https:\/\/www.hydraulic-cylinders.net\/sk\/contact-us\/\">spolupracova\u0165 s nami<\/a>!<\/p>","protected":false},"excerpt":{"rendered":"<p>Trailing Suction Dredger Mud Door Cylinder The trailing suction dredger mud door cylinder is a vital hydraulic component designed to improve the efficiency and effectiveness of dredging operations. This cylinder plays a crucial role in controlling the opening and closing of the mud doors, ensuring seamless sediment intake and discharge. The trailing suction dredger mud [&hellip;]<\/p>","protected":false},"featured_media":1773,"comment_status":"open","ping_status":"closed","template":"","meta":{"_et_pb_use_builder":"","_et_pb_old_content":"","_et_gb_content_width":""},"product_brand":[],"product_cat":[1550,1535,1552,1376],"product_tag":[1380],"class_list":{"0":"post-1772","1":"product","2":"type-product","3":"status-publish","4":"has-post-thumbnail","6":"product_cat-double-acting-hydraulic-cylinder","7":"product_cat-dredger-hydraulic-cylinders","8":"product_cat-stainless-steel-hydraulic-cylinder","9":"product_cat-hydraulic-cylinder","10":"product_tag-hydraulic-cylinder","12":"first","13":"instock","14":"shipping-taxable","15":"product-type-simple"},"amp_enabled":true,"_links":{"self":[{"href":"https:\/\/www.hydraulic-cylinders.net\/sk\/wp-json\/wp\/v2\/product\/1772","targetHints":{"allow":["GET"]}}],"collection":[{"href":"https:\/\/www.hydraulic-cylinders.net\/sk\/wp-json\/wp\/v2\/product"}],"about":[{"href":"https:\/\/www.hydraulic-cylinders.net\/sk\/wp-json\/wp\/v2\/types\/product"}],"replies":[{"embeddable":true,"href":"https:\/\/www.hydraulic-cylinders.net\/sk\/wp-json\/wp\/v2\/comments?post=1772"}],"wp:featuredmedia":[{"embeddable":true,"href":"https:\/\/www.hydraulic-cylinders.net\/sk\/wp-json\/wp\/v2\/media\/1773"}],"wp:attachment":[{"href":"https:\/\/www.hydraulic-cylinders.net\/sk\/wp-json\/wp\/v2\/media?parent=1772"}],"wp:term":[{"taxonomy":"product_brand","embeddable":true,"href":"https:\/\/www.hydraulic-cylinders.net\/sk\/wp-json\/wp\/v2\/product_brand?post=1772"},{"taxonomy":"product_cat","embeddable":true,"href":"https:\/\/www.hydraulic-cylinders.net\/sk\/wp-json\/wp\/v2\/product_cat?post=1772"},{"taxonomy":"product_tag","embeddable":true,"href":"https:\/\/www.hydraulic-cylinders.net\/sk\/wp-json\/wp\/v2\/product_tag?post=1772"}],"curies":[{"name":"pracovn\u00fd list","href":"https:\/\/api.w.org\/{rel}","templated":true}]}}